{"id":50560,"date":"2023-10-26T10:23:21","date_gmt":"2023-10-26T07:23:21","guid":{"rendered":"https:\/\/www.miil.ee\/?post_type=product&#038;p=50560"},"modified":"2024-12-10T16:50:03","modified_gmt":"2024-12-10T14:50:03","slug":"containex-standard-toimisto-ja-tyomaakontti-miiu0201","status":"publish","type":"product","link":"https:\/\/miil.dev.almic.ee\/fi\/toode\/containex-standard-toimisto-ja-tyomaakontti-miiu0201\/","title":{"rendered":"Containex Standard toimisto- ja ty\u00f6maakontti MIIU0201"},"content":{"rendered":"<h1>Toimisto- ja ty\u00f6maakontti panoraamaikkunoilla<\/h1>\n<p>Toimisto- ja ty\u00f6maakontti panoraamaikkunoilla:<\/p>\n<ul>\n<li>Kaksi vakioikkunaa<\/li>\n<li>5 panoraamaikkunaa<\/li>\n<li>Yksi ovi<\/li>\n<li>Kaksi valoa<\/li>\n<li>Vakiokorkeus<\/li>\n<\/ul>\n<p><strong>Erittely<\/strong><br \/>\n&#8211; Ulkokorkeus 2591mm<br \/>\n&#8211; Sis\u00e4korkeus 2340 mm<br \/>\nRungon v\u00e4ri RAL7035 vaaleanharmaa<br \/>\nPaneelin v\u00e4ri RAL7035 vaaleanharmaa<\/p>\n<p><strong>Eristeen\u00e4<\/strong><br \/>\n&#8211; Sein\u00e4eristevilla 60mm<br \/>\n&#8211; Katon eristys mineraalivilla 100mm<br \/>\n&#8211; Lattiaeristysmineraalivilla 100mm<\/p>\n<p><strong>Paneelit<\/strong><br \/>\n2 ikkunapaneelia,<br \/>\nIkkuna voidaan avata kokonaan tai avata tuuletusasentoon.<br \/>\nKorkeus maasta 870mm + turvaverhot.<br \/>\n5 panoraamaikkunaa.<\/p>\n<p><strong>1 etuovi<\/strong><br \/>\navautuu ulosp\u00e4in.<br \/>\nOven leveys: 875 mm.<br \/>\nOven aukon leveys: 811 mm.<br \/>\nOven avautumiskorkeus: 2065 mm.<\/p>\n<p><strong>lis\u00e4vaihtoehtoja<\/strong><br \/>\n3&#215;2 pistoketta.<br \/>\n1kpl valokytkin.<br \/>\nS\u00e4hk\u00f6paneeli.<br \/>\nl\u00e4mp\u00f6patteri<\/p>\n<h2>Toimisto- ja ty\u00f6maakontti panoraamaikkunoilla<\/h2>\n<p>Toimistom\u00f6kki panoraamaikkunoilla varustettu hytti sopii esimerkiksi tuotteiden mainostilaksi.<br \/>\nT\u00e4m\u00e4ntyyppinen toimistom\u00f6kki on helppo kuljettaa, eik\u00e4 se vaadi asennusta.<br \/>\nVoidaan k\u00e4ytt\u00e4\u00e4 esimerkiksi messuilla ja n\u00e4yttelyiss\u00e4.<br \/>\nIsoilla ikkunoilla varustettu hytti on l\u00f6yt\u00e4nyt k\u00e4ytt\u00f6\u00e4 my\u00f6s varaston sis\u00e4tiloissa, kun tarvitaan hyv\u00e4\u00e4 yleiskuvaa ty\u00f6tilasta.<br \/>\nVoimme yhdist\u00e4\u00e4 toimistom\u00f6kit yhteen isompien huoneiden luomiseksi.<br \/>\nT\u00e4m\u00e4 hytti voidaan asentaa rahtikontin p\u00e4\u00e4lle tai toiseen saman valmistajan toimistohyttiin.<\/p>\n<h2>Toimistom\u00f6kki panoraamaikkunoilla &#8211; Panoraamaikkunoilla varustettu hytti vai turvaverhoilla varustettu versio?<\/h2>\n<p>Isoilla ikkunoilla varustettu hytti ei ole ihanteellinen ratkaisu, jos hytti\u00e4 k\u00e4ytet\u00e4\u00e4n m\u00f6kkin\u00e4 tai ruokailutilana.<br \/>\nT\u00e4ll\u00f6in voidaan asentaa jopa kolme isoa ikkunaa, koska muuten aurinko l\u00e4mmitt\u00e4\u00e4 huoneen liikaa.<br \/>\nJoka tapauksessa l\u00f6yd\u00e4mme asiakkaalle juuri oikean ratkaisun ja voimme aikaisemman kokemuksen perusteella antaa suosituksia tarpeitasi vastaavan toimistokontti kokoamisesta.<\/p>\n<h2>Kuljetus ja nosto?<\/h2>\n<p>Sopivan kontin valinnan j\u00e4lkeen voimme hoitaa pakkaamisen ja kuljetuksen.<br \/>\nK\u00e4yt\u00e4mme kuljetukseen\u00a0<a href=\"https:\/\/www.miil.ee\/fi\/palvelut\/nosturi\/\">nosturia<\/a>\u00a0tai\u00a0<a href=\"https:\/\/www.miil.ee\/fi\/palvelut\/sideloader\/\">sideloader<\/a><br \/>\nmonimutkaisempi kuljetus on mahdollista\u00a0<a href=\"https:\/\/www.miil.ee\/fi\/palvelut\/ram-kippauslaite\/\">RAM per\u00e4vaunulla<\/a>.<br \/>\nKun olet ostanut sen, s\u00e4ilyt\u00e4mme konttisi terminaalissamme maksutta jopa kuusi kuukautta.<br \/>\nAina on mahdollista sopia pidemm\u00e4st\u00e4kin ajanjaksosta.<br \/>\nEsimerkiksi jos paikka ei ole viel\u00e4 valmis tai k\u00e4ytett\u00e4viss\u00e4 kontin toimittamiseksi.<br \/>\nT\u00e4ll\u00f6in kontin hinta ei muutu ja voit olla varma, ett\u00e4 saat valitun kontin sovittuna aikana.<\/p>\n<ul>\n<li>Parhaan hinnan takuu \u2013 teemme aina parhaan tarjouksen kontista.<\/li>\n<\/ul>\n<p>Seuraa meit\u00e4\u00a0<a href=\"https:\/\/www.facebook.com\/konteinerveod\/\">Facebook<\/a>\u00a0tai\u00a0<a href=\"https:\/\/www.instagram.com\/ou_miil\/\">Instagram<\/a><\/p>\n","protected":false},"excerpt":{"rendered":"<p>Toimisto- ja ty\u00f6maakontti panoraamaikkunoilla Toimisto- ja ty\u00f6maakontti panoraamaikkunoilla: Kaksi vakioikkunaa 5 panoraamaikkunaa Yksi ovi Kaksi valoa Vakiokorkeus Erittely &#8211; Ulkokorkeus 2591mm &#8211; Sis\u00e4korkeus 2340 mm Rungon v\u00e4ri RAL7035 vaaleanharmaa Paneelin v\u00e4ri RAL7035 vaaleanharmaa Eristeen\u00e4 &#8211; Sein\u00e4eristevilla 60mm &#8211; Katon eristys mineraalivilla 100mm &#8211; Lattiaeristysmineraalivilla 100mm Paneelit 2 ikkunapaneelia, Ikkuna voidaan avata kokonaan tai avata tuuletusasentoon&#8230;.<\/p>\n","protected":false},"featured_media":50600,"comment_status":"closed","ping_status":"closed","template":"","meta":{"_acf_changed":false},"product_cat":[343,407],"product_tag":[],"class_list":{"0":"post-50560","1":"product","2":"type-product","3":"status-publish","4":"has-post-thumbnail","6":"product_cat-eristekontit","7":"product_cat-uudet-toimistokontit","9":"first","10":"instock","11":"sale","12":"shipping-taxable","13":"purchasable","14":"product-type-simple"},"acf":[],"yoast_head":"<!-- This site is optimized with the Yoast SEO Premium plugin v23.9 (Yoast SEO v27.5) - https:\/\/yoast.com\/product\/yoast-seo-premium-wordpress\/ -->\n<title>Toimisto- ja ty\u00f6maakontti panoraamaikkunoilla - Miil O\u00dc<\/title>\n<meta name=\"description\" content=\"Toimistom\u00f6kki panoraamaikkunoilla | Minitalot ja -m\u00f6kit | M\u00f6kkien vuokraus ja myynti | Kuljetus ja korjaukset | S\u00e4hk\u00f6ty\u00f6t ja eristys\" \/>\n<meta name=\"robots\" content=\"index, follow, max-snippet:-1, max-image-preview:large, max-video-preview:-1\" \/>\n<link rel=\"canonical\" href=\"https:\/\/miil.dev.almic.ee\/fi\/toode\/containex-standard-toimisto-ja-tyomaakontti-miiu0201\/\" \/>\n<meta property=\"og:locale\" content=\"fi_FI\" \/>\n<meta property=\"og:type\" content=\"article\" \/>\n<meta property=\"og:title\" content=\"Containex Standard toimisto- ja ty\u00f6maakontti MIIU0201\" \/>\n<meta property=\"og:description\" content=\"Toimistom\u00f6kki panoraamaikkunoilla | Minitalot ja -m\u00f6kit | M\u00f6kkien vuokraus ja myynti | Kuljetus ja korjaukset | S\u00e4hk\u00f6ty\u00f6t ja eristys\" \/>\n<meta property=\"og:url\" content=\"https:\/\/miil.dev.almic.ee\/fi\/toode\/containex-standard-toimisto-ja-tyomaakontti-miiu0201\/\" \/>\n<meta property=\"og:site_name\" content=\"Miil O\u00dc\" \/>\n<meta property=\"article:publisher\" content=\"https:\/\/www.facebook.com\/konteinerveod\/\" \/>\n<meta property=\"article:modified_time\" content=\"2024-12-10T14:50:03+00:00\" \/>\n<meta property=\"og:image\" content=\"https:\/\/miil.dev.almic.ee\/wp-content\/uploads\/2023\/10\/Containex-eesti-esindus-soojak-akendega-panoraam-aknad-scaled.jpg\" \/>\n\t<meta property=\"og:image:width\" content=\"1900\" \/>\n\t<meta property=\"og:image:height\" content=\"1425\" \/>\n\t<meta property=\"og:image:type\" content=\"image\/jpeg\" \/>\n<meta name=\"twitter:card\" content=\"summary_large_image\" \/>\n<meta name=\"twitter:label1\" content=\"Hinta\" \/>\n\t<meta name=\"twitter:data1\" content=\"9490,00&nbsp;&euro;\" \/>\n\t<meta name=\"twitter:label2\" content=\"Saatavuus\" \/>\n\t<meta name=\"twitter:data2\" content=\"Varastossa\" \/>\n<script type=\"application\/ld+json\" class=\"yoast-schema-graph\">{\"@context\":\"https:\\\/\\\/schema.org\",\"@graph\":[{\"@type\":\"WebPage\",\"@id\":\"https:\\\/\\\/miil.dev.almic.ee\\\/fi\\\/toode\\\/containex-standard-toimisto-ja-tyomaakontti-miiu0201\\\/\",\"url\":\"https:\\\/\\\/miil.dev.almic.ee\\\/fi\\\/toode\\\/containex-standard-toimisto-ja-tyomaakontti-miiu0201\\\/\",\"name\":\"Toimisto- ja ty\u00f6maakontti panoraamaikkunoilla - Miil O\u00dc\",\"isPartOf\":{\"@id\":\"https:\\\/\\\/miil.dev.almic.ee\\\/#website\"},\"primaryImageOfPage\":{\"@id\":\"https:\\\/\\\/miil.dev.almic.ee\\\/fi\\\/toode\\\/containex-standard-toimisto-ja-tyomaakontti-miiu0201\\\/#primaryimage\"},\"image\":{\"@id\":\"https:\\\/\\\/miil.dev.almic.ee\\\/fi\\\/toode\\\/containex-standard-toimisto-ja-tyomaakontti-miiu0201\\\/#primaryimage\"},\"thumbnailUrl\":\"https:\\\/\\\/miil.dev.almic.ee\\\/wp-content\\\/uploads\\\/2023\\\/10\\\/Containex-eesti-esindus-soojak-akendega-panoraam-aknad-scaled.jpg\",\"datePublished\":\"2023-10-26T07:23:21+00:00\",\"dateModified\":\"2024-12-10T14:50:03+00:00\",\"description\":\"Toimistom\u00f6kki panoraamaikkunoilla | Minitalot ja -m\u00f6kit | M\u00f6kkien vuokraus ja myynti | Kuljetus ja korjaukset | S\u00e4hk\u00f6ty\u00f6t ja eristys\",\"breadcrumb\":{\"@id\":\"https:\\\/\\\/miil.dev.almic.ee\\\/fi\\\/toode\\\/containex-standard-toimisto-ja-tyomaakontti-miiu0201\\\/#breadcrumb\"},\"inLanguage\":\"fi\",\"potentialAction\":[{\"@type\":\"ReadAction\",\"target\":[\"https:\\\/\\\/miil.dev.almic.ee\\\/fi\\\/toode\\\/containex-standard-toimisto-ja-tyomaakontti-miiu0201\\\/\"]}]},{\"@type\":\"ImageObject\",\"inLanguage\":\"fi\",\"@id\":\"https:\\\/\\\/miil.dev.almic.ee\\\/fi\\\/toode\\\/containex-standard-toimisto-ja-tyomaakontti-miiu0201\\\/#primaryimage\",\"url\":\"https:\\\/\\\/miil.dev.almic.ee\\\/wp-content\\\/uploads\\\/2023\\\/10\\\/Containex-eesti-esindus-soojak-akendega-panoraam-aknad-scaled.jpg\",\"contentUrl\":\"https:\\\/\\\/miil.dev.almic.ee\\\/wp-content\\\/uploads\\\/2023\\\/10\\\/Containex-eesti-esindus-soojak-akendega-panoraam-aknad-scaled.jpg\",\"width\":1900,\"height\":1425,\"caption\":\"Panoraam akendega soojak\"},{\"@type\":\"BreadcrumbList\",\"@id\":\"https:\\\/\\\/miil.dev.almic.ee\\\/fi\\\/toode\\\/containex-standard-toimisto-ja-tyomaakontti-miiu0201\\\/#breadcrumb\",\"itemListElement\":[{\"@type\":\"ListItem\",\"position\":1,\"name\":\"Home\",\"item\":\"https:\\\/\\\/miil.dev.almic.ee\\\/fi\\\/\"},{\"@type\":\"ListItem\",\"position\":2,\"name\":\"Kauppa\",\"item\":\"https:\\\/\\\/miil.dev.almic.ee\\\/fi\\\/kauppa\\\/\"},{\"@type\":\"ListItem\",\"position\":3,\"name\":\"Containex Standard toimisto- ja ty\u00f6maakontti MIIU0201\"}]},{\"@type\":\"WebSite\",\"@id\":\"https:\\\/\\\/miil.dev.almic.ee\\\/#website\",\"url\":\"https:\\\/\\\/miil.dev.almic.ee\\\/\",\"name\":\"Miil O\u00dc\",\"description\":\"Konteinerveod\",\"publisher\":{\"@id\":\"https:\\\/\\\/miil.dev.almic.ee\\\/#organization\"},\"potentialAction\":[{\"@type\":\"SearchAction\",\"target\":{\"@type\":\"EntryPoint\",\"urlTemplate\":\"https:\\\/\\\/miil.dev.almic.ee\\\/?s={search_term_string}\"},\"query-input\":{\"@type\":\"PropertyValueSpecification\",\"valueRequired\":true,\"valueName\":\"search_term_string\"}}],\"inLanguage\":\"fi\"},{\"@type\":\"Organization\",\"@id\":\"https:\\\/\\\/miil.dev.almic.ee\\\/#organization\",\"name\":\"Miil O\u00dc\",\"url\":\"https:\\\/\\\/miil.dev.almic.ee\\\/\",\"logo\":{\"@type\":\"ImageObject\",\"inLanguage\":\"fi\",\"@id\":\"https:\\\/\\\/miil.dev.almic.ee\\\/#\\\/schema\\\/logo\\\/image\\\/\",\"url\":\"https:\\\/\\\/www.miil.ee\\\/wp-content\\\/uploads\\\/2022\\\/02\\\/Miil-logo.svg\",\"contentUrl\":\"https:\\\/\\\/www.miil.ee\\\/wp-content\\\/uploads\\\/2022\\\/02\\\/Miil-logo.svg\",\"width\":\"1024\",\"height\":\"1024\",\"caption\":\"Miil O\u00dc\"},\"image\":{\"@id\":\"https:\\\/\\\/miil.dev.almic.ee\\\/#\\\/schema\\\/logo\\\/image\\\/\"},\"sameAs\":[\"https:\\\/\\\/www.facebook.com\\\/konteinerveod\\\/\",\"https:\\\/\\\/www.instagram.com\\\/ou_miil\\\/\"]}]}<\/script>\n<meta property=\"product:price:amount\" content=\"9490.00\" \/>\n<meta property=\"product:price:currency\" content=\"EUR\" \/>\n<meta property=\"og:availability\" content=\"instock\" \/>\n<meta property=\"product:availability\" content=\"instock\" \/>\n<meta property=\"product:retailer_item_id\" content=\"MIIU1550\" \/>\n<meta property=\"product:condition\" content=\"new\" \/>\n<!-- \/ Yoast SEO Premium plugin. -->","yoast_head_json":{"title":"Toimisto- ja ty\u00f6maakontti panoraamaikkunoilla - Miil O\u00dc","description":"Toimistom\u00f6kki panoraamaikkunoilla | Minitalot ja -m\u00f6kit | M\u00f6kkien vuokraus ja myynti | Kuljetus ja korjaukset | S\u00e4hk\u00f6ty\u00f6t ja eristys","robots":{"index":"index","follow":"follow","max-snippet":"max-snippet:-1","max-image-preview":"max-image-preview:large","max-video-preview":"max-video-preview:-1"},"canonical":"https:\/\/miil.dev.almic.ee\/fi\/toode\/containex-standard-toimisto-ja-tyomaakontti-miiu0201\/","og_locale":"fi_FI","og_type":"article","og_title":"Containex Standard toimisto- ja ty\u00f6maakontti MIIU0201","og_description":"Toimistom\u00f6kki panoraamaikkunoilla | Minitalot ja -m\u00f6kit | M\u00f6kkien vuokraus ja myynti | Kuljetus ja korjaukset | S\u00e4hk\u00f6ty\u00f6t ja eristys","og_url":"https:\/\/miil.dev.almic.ee\/fi\/toode\/containex-standard-toimisto-ja-tyomaakontti-miiu0201\/","og_site_name":"Miil O\u00dc","article_publisher":"https:\/\/www.facebook.com\/konteinerveod\/","article_modified_time":"2024-12-10T14:50:03+00:00","og_image":[{"width":1900,"height":1425,"url":"https:\/\/miil.dev.almic.ee\/wp-content\/uploads\/2023\/10\/Containex-eesti-esindus-soojak-akendega-panoraam-aknad-scaled.jpg","type":"image\/jpeg"}],"twitter_card":"summary_large_image","twitter_misc":{"Hinta":"9490,00&nbsp;&euro;","Saatavuus":"Varastossa"},"schema":{"@context":"https:\/\/schema.org","@graph":[{"@type":"WebPage","@id":"https:\/\/miil.dev.almic.ee\/fi\/toode\/containex-standard-toimisto-ja-tyomaakontti-miiu0201\/","url":"https:\/\/miil.dev.almic.ee\/fi\/toode\/containex-standard-toimisto-ja-tyomaakontti-miiu0201\/","name":"Toimisto- ja ty\u00f6maakontti panoraamaikkunoilla - Miil O\u00dc","isPartOf":{"@id":"https:\/\/miil.dev.almic.ee\/#website"},"primaryImageOfPage":{"@id":"https:\/\/miil.dev.almic.ee\/fi\/toode\/containex-standard-toimisto-ja-tyomaakontti-miiu0201\/#primaryimage"},"image":{"@id":"https:\/\/miil.dev.almic.ee\/fi\/toode\/containex-standard-toimisto-ja-tyomaakontti-miiu0201\/#primaryimage"},"thumbnailUrl":"https:\/\/miil.dev.almic.ee\/wp-content\/uploads\/2023\/10\/Containex-eesti-esindus-soojak-akendega-panoraam-aknad-scaled.jpg","datePublished":"2023-10-26T07:23:21+00:00","dateModified":"2024-12-10T14:50:03+00:00","description":"Toimistom\u00f6kki panoraamaikkunoilla | Minitalot ja -m\u00f6kit | M\u00f6kkien vuokraus ja myynti | Kuljetus ja korjaukset | S\u00e4hk\u00f6ty\u00f6t ja eristys","breadcrumb":{"@id":"https:\/\/miil.dev.almic.ee\/fi\/toode\/containex-standard-toimisto-ja-tyomaakontti-miiu0201\/#breadcrumb"},"inLanguage":"fi","potentialAction":[{"@type":"ReadAction","target":["https:\/\/miil.dev.almic.ee\/fi\/toode\/containex-standard-toimisto-ja-tyomaakontti-miiu0201\/"]}]},{"@type":"ImageObject","inLanguage":"fi","@id":"https:\/\/miil.dev.almic.ee\/fi\/toode\/containex-standard-toimisto-ja-tyomaakontti-miiu0201\/#primaryimage","url":"https:\/\/miil.dev.almic.ee\/wp-content\/uploads\/2023\/10\/Containex-eesti-esindus-soojak-akendega-panoraam-aknad-scaled.jpg","contentUrl":"https:\/\/miil.dev.almic.ee\/wp-content\/uploads\/2023\/10\/Containex-eesti-esindus-soojak-akendega-panoraam-aknad-scaled.jpg","width":1900,"height":1425,"caption":"Panoraam akendega soojak"},{"@type":"BreadcrumbList","@id":"https:\/\/miil.dev.almic.ee\/fi\/toode\/containex-standard-toimisto-ja-tyomaakontti-miiu0201\/#breadcrumb","itemListElement":[{"@type":"ListItem","position":1,"name":"Home","item":"https:\/\/miil.dev.almic.ee\/fi\/"},{"@type":"ListItem","position":2,"name":"Kauppa","item":"https:\/\/miil.dev.almic.ee\/fi\/kauppa\/"},{"@type":"ListItem","position":3,"name":"Containex Standard toimisto- ja ty\u00f6maakontti MIIU0201"}]},{"@type":"WebSite","@id":"https:\/\/miil.dev.almic.ee\/#website","url":"https:\/\/miil.dev.almic.ee\/","name":"Miil O\u00dc","description":"Konteinerveod","publisher":{"@id":"https:\/\/miil.dev.almic.ee\/#organization"},"potentialAction":[{"@type":"SearchAction","target":{"@type":"EntryPoint","urlTemplate":"https:\/\/miil.dev.almic.ee\/?s={search_term_string}"},"query-input":{"@type":"PropertyValueSpecification","valueRequired":true,"valueName":"search_term_string"}}],"inLanguage":"fi"},{"@type":"Organization","@id":"https:\/\/miil.dev.almic.ee\/#organization","name":"Miil O\u00dc","url":"https:\/\/miil.dev.almic.ee\/","logo":{"@type":"ImageObject","inLanguage":"fi","@id":"https:\/\/miil.dev.almic.ee\/#\/schema\/logo\/image\/","url":"https:\/\/www.miil.ee\/wp-content\/uploads\/2022\/02\/Miil-logo.svg","contentUrl":"https:\/\/www.miil.ee\/wp-content\/uploads\/2022\/02\/Miil-logo.svg","width":"1024","height":"1024","caption":"Miil O\u00dc"},"image":{"@id":"https:\/\/miil.dev.almic.ee\/#\/schema\/logo\/image\/"},"sameAs":["https:\/\/www.facebook.com\/konteinerveod\/","https:\/\/www.instagram.com\/ou_miil\/"]}]},"product_price_amount":"9490.00","product_price_currency":"EUR","og_availability":"instock","product_availability":"instock","product_retailer_item_id":"MIIU1550","product_condition":"new"},"_links":{"self":[{"href":"https:\/\/miil.dev.almic.ee\/fi\/wp-json\/wp\/v2\/product\/50560","targetHints":{"allow":["GET"]}}],"collection":[{"href":"https:\/\/miil.dev.almic.ee\/fi\/wp-json\/wp\/v2\/product"}],"about":[{"href":"https:\/\/miil.dev.almic.ee\/fi\/wp-json\/wp\/v2\/types\/product"}],"replies":[{"embeddable":true,"href":"https:\/\/miil.dev.almic.ee\/fi\/wp-json\/wp\/v2\/comments?post=50560"}],"wp:featuredmedia":[{"embeddable":true,"href":"https:\/\/miil.dev.almic.ee\/fi\/wp-json\/wp\/v2\/media\/50600"}],"wp:attachment":[{"href":"https:\/\/miil.dev.almic.ee\/fi\/wp-json\/wp\/v2\/media?parent=50560"}],"wp:term":[{"taxonomy":"product_cat","embeddable":true,"href":"https:\/\/miil.dev.almic.ee\/fi\/wp-json\/wp\/v2\/product_cat?post=50560"},{"taxonomy":"product_tag","embeddable":true,"href":"https:\/\/miil.dev.almic.ee\/fi\/wp-json\/wp\/v2\/product_tag?post=50560"}],"curies":[{"name":"wp","href":"https:\/\/api.w.org\/{rel}","templated":true}]}}