{"id":50513,"date":"2023-10-26T10:05:41","date_gmt":"2023-10-26T07:05:41","guid":{"rendered":"https:\/\/www.miil.ee\/?post_type=product&#038;p=50513"},"modified":"2024-11-11T16:01:30","modified_gmt":"2024-11-11T14:01:30","slug":"toimistokaappi-puuvuorilla-maalattu-halutulla-varilla","status":"publish","type":"product","link":"https:\/\/miil.dev.almic.ee\/fi\/toode\/toimistokaappi-puuvuorilla-maalattu-halutulla-varilla\/","title":{"rendered":"Containex toimisto- ja ty\u00f6maakontti MIIU0304 rullaovella"},"content":{"rendered":"<h1>Containex toimisto- ja ty\u00f6maakontti MIIU0304 rullaovella<\/h1>\n<p>Toimistokaappi puuvuorilla maalattu halutulla v\u00e4rill\u00e4 &#8211; Puupintainen m\u00f6kki sopii esimerkiksi uuden omakotitalon pihalle.<br \/>\nIhanteellinen lis\u00e4tila harrastuksiin tai kotitoimiston erottamiseen kotoa.<br \/>\nPuulaudoituun hyttiin on mahdollista valita eri v\u00e4reist\u00e4.<br \/>\nK\u00e4yt\u00e4mme vain korkealaatuisia CE-merkittyj\u00e4 moduuleja, jotka t\u00e4ytt\u00e4v\u00e4t eurooppalaiset kehyksen vaatimukset.<br \/>\nRakennamme verhoukset ja muut tarvikkeet vahingoittamatta ohjaamoa.<\/p>\n<ul>\n<li>Yksi ovi<\/li>\n<li>S\u00e4hk\u00f6moottorilla varustettu rullaovi<\/li>\n<li>Yksi ikkuna (tarvittaessa)<\/li>\n<li>Yksi valo<\/li>\n<li>Vakiokorkeus<\/li>\n<li>Puisella laudalla<\/li>\n<li>Ilmastointilaite<\/li>\n<\/ul>\n<p><strong>Erittely<\/strong><br \/>\n&#8211; Ulkokorkeus 2591mm<br \/>\n&#8211; Sis\u00e4korkeus 2340 mm<br \/>\nRungon v\u00e4ri RAL9002 Valkoinen<br \/>\nPaneelin v\u00e4ri RAL7035 Vaaleanharmaa<br \/>\nLauta tummanharmaa RAL7024, nosto tummanharmaa RAL7024<\/p>\n<p><strong>Eristys<\/strong><br \/>\n&#8211; Sein\u00e4eristys PU-vaahtoa 45mm<br \/>\n&#8211; Katon eristys mineraalivilla 100mm<br \/>\n&#8211; Lattiaeristysvilla 100mm<\/p>\n<p>S\u00e4hk\u00f6liit\u00e4nt\u00e4<br \/>\n230V\/32A\/3-napainen<\/p>\n<p><strong>Paneelit<\/strong><br \/>\n*1 ikkunapaneeli (tarvittaessa)<br \/>\nIkkuna voidaan avata kokonaan tai avata tuuletusasentoon.<br \/>\nKorkeus maasta 870 mm<\/p>\n<p><strong>1 etuovi<\/strong><br \/>\navautuu ulosp\u00e4in.<br \/>\nOven leveys: 875 mm<br \/>\nOven aukon leveys: 811 mm<br \/>\nOven avautumiskorkeus: 2065 mm<\/p>\n<p>1 S\u00e4hk\u00f6paneeli<br \/>\n2 kpl pistokkeita<br \/>\n1kpl valokytkin<br \/>\n1x s\u00e4hk\u00f6paneeli<\/p>\n<h2>Toimistokaappi puuvuorilla maalattu halutulla v\u00e4rill\u00e4 &#8211; Puupintainen m\u00f6kki kotiin tai toimistoon?<\/h2>\n<p>Puus\u00e4lem\u00e4inen m\u00f6kki sopii niin yksityisille pihoille kuin liiketiloihin.<br \/>\nM\u00f6kkej\u00e4 on aikaisemmin voinut k\u00e4ytt\u00e4\u00e4 lis\u00e4huoneena omakotitalon pihalla tai huoltohuoneena kerrostalon l\u00e4heisyydess\u00e4.<br \/>\nToimistom\u00f6kkej\u00e4 on k\u00e4ytetty my\u00f6s nykyaikaisten liikerakennusten edess\u00e4, koska liiketiloihin kuuluu usein pys\u00e4k\u00f6intialue, jonne on j\u00e4rkev\u00e4n vuokranantajan tapauksessa sallittua asentaa edustava minitalo\/moduulitalo<\/p>\n<p>K\u00e4yt\u00e4mme kuljetukseen <a href=\"https:\/\/www.miil.ee\/fi\/palvelut\/nosturi\/\">nosturia<\/a> tai <a href=\"https:\/\/www.miil.ee\/fi\/palvelut\/sideloader\/\">sideloader<\/a><br \/>\nmonimutkaisempi kuljetus on mahdollista <a href=\"https:\/\/www.miil.ee\/fi\/palvelut\/ram-kippauslaite\/\">RAM per\u00e4vaunulla<\/a>.<\/p>\n<p>Seuraa meit\u00e4 <a href=\"https:\/\/www.facebook.com\/konteinerveod\/\">Facebook<\/a> tai <a href=\"https:\/\/www.instagram.com\/ou_miil\/\">Instagram<\/a><\/p>\n","protected":false},"excerpt":{"rendered":"<p>Containex toimisto- ja ty\u00f6maakontti MIIU0304 rullaovella Toimistokaappi puuvuorilla maalattu halutulla v\u00e4rill\u00e4 &#8211; Puupintainen m\u00f6kki sopii esimerkiksi uuden omakotitalon pihalle. Ihanteellinen lis\u00e4tila harrastuksiin tai kotitoimiston erottamiseen kotoa. Puulaudoituun hyttiin on mahdollista valita eri v\u00e4reist\u00e4. K\u00e4yt\u00e4mme vain korkealaatuisia CE-merkittyj\u00e4 moduuleja, jotka t\u00e4ytt\u00e4v\u00e4t eurooppalaiset kehyksen vaatimukset. Rakennamme verhoukset ja muut tarvikkeet vahingoittamatta ohjaamoa. Yksi ovi S\u00e4hk\u00f6moottorilla varustettu rullaovi&#8230;<\/p>\n","protected":false},"featured_media":50554,"comment_status":"closed","ping_status":"closed","template":"","meta":{"_acf_changed":false},"product_cat":[343,407],"product_tag":[],"class_list":{"0":"post-50513","1":"product","2":"type-product","3":"status-publish","4":"has-post-thumbnail","6":"product_cat-eristekontit","7":"product_cat-uudet-toimistokontit","9":"first","10":"instock","11":"shipping-taxable","12":"purchasable","13":"product-type-simple"},"acf":[],"yoast_head":"<!-- This site is optimized with the Yoast SEO Premium plugin v23.9 (Yoast SEO v27.5) - https:\/\/yoast.com\/product\/yoast-seo-premium-wordpress\/ -->\n<title>Toimistokaappi puuvuorilla maalattu halutulla v\u00e4rill\u00e4 - Miil O\u00dc<\/title>\n<meta name=\"description\" content=\"Toimistokaappi puuvuorilla maalattu halutulla v\u00e4rill\u00e4 | Minitalot ja -m\u00f6kit | M\u00f6kkien vuokraus ja myynti | Kuljetus ja korjaukset | S\u00e4hk\u00f6ty\u00f6t ja l\u00e4mmitys\" \/>\n<meta name=\"robots\" content=\"index, follow, max-snippet:-1, max-image-preview:large, max-video-preview:-1\" \/>\n<link rel=\"canonical\" href=\"https:\/\/miil.dev.almic.ee\/fi\/toode\/toimistokaappi-puuvuorilla-maalattu-halutulla-varilla\/\" \/>\n<meta property=\"og:locale\" content=\"fi_FI\" \/>\n<meta property=\"og:type\" content=\"article\" \/>\n<meta property=\"og:title\" content=\"Containex toimisto- ja ty\u00f6maakontti MIIU0304 rullaovella\" \/>\n<meta property=\"og:description\" content=\"Toimistokaappi puuvuorilla maalattu halutulla v\u00e4rill\u00e4 | Minitalot ja -m\u00f6kit | M\u00f6kkien vuokraus ja myynti | Kuljetus ja korjaukset | S\u00e4hk\u00f6ty\u00f6t ja l\u00e4mmitys\" \/>\n<meta property=\"og:url\" content=\"https:\/\/miil.dev.almic.ee\/fi\/toode\/toimistokaappi-puuvuorilla-maalattu-halutulla-varilla\/\" \/>\n<meta property=\"og:site_name\" content=\"Miil O\u00dc\" \/>\n<meta property=\"article:publisher\" content=\"https:\/\/www.facebook.com\/konteinerveod\/\" \/>\n<meta property=\"article:modified_time\" content=\"2024-11-11T14:01:30+00:00\" \/>\n<meta property=\"og:image\" content=\"https:\/\/miil.dev.almic.ee\/wp-content\/uploads\/2023\/10\/Soojak-tostuksega-laudis-lisaruum-hoone-ajutine-hoone-aiamaja-moodulmaja-moodul-hoone-containex-miil-merekonteiner-lisaladu-scaled.jpg\" \/>\n\t<meta property=\"og:image:width\" content=\"1900\" \/>\n\t<meta property=\"og:image:height\" content=\"1425\" \/>\n\t<meta property=\"og:image:type\" content=\"image\/jpeg\" \/>\n<meta name=\"twitter:card\" content=\"summary_large_image\" \/>\n<meta name=\"twitter:label1\" content=\"Hinta\" \/>\n\t<meta name=\"twitter:data1\" content=\"12980,00&nbsp;&euro;\" \/>\n\t<meta name=\"twitter:label2\" content=\"Saatavuus\" \/>\n\t<meta name=\"twitter:data2\" content=\"Varastossa\" \/>\n<script type=\"application\/ld+json\" class=\"yoast-schema-graph\">{\"@context\":\"https:\\\/\\\/schema.org\",\"@graph\":[{\"@type\":\"WebPage\",\"@id\":\"https:\\\/\\\/miil.dev.almic.ee\\\/fi\\\/toode\\\/toimistokaappi-puuvuorilla-maalattu-halutulla-varilla\\\/\",\"url\":\"https:\\\/\\\/miil.dev.almic.ee\\\/fi\\\/toode\\\/toimistokaappi-puuvuorilla-maalattu-halutulla-varilla\\\/\",\"name\":\"Toimistokaappi puuvuorilla maalattu halutulla v\u00e4rill\u00e4 - Miil O\u00dc\",\"isPartOf\":{\"@id\":\"https:\\\/\\\/miil.dev.almic.ee\\\/#website\"},\"primaryImageOfPage\":{\"@id\":\"https:\\\/\\\/miil.dev.almic.ee\\\/fi\\\/toode\\\/toimistokaappi-puuvuorilla-maalattu-halutulla-varilla\\\/#primaryimage\"},\"image\":{\"@id\":\"https:\\\/\\\/miil.dev.almic.ee\\\/fi\\\/toode\\\/toimistokaappi-puuvuorilla-maalattu-halutulla-varilla\\\/#primaryimage\"},\"thumbnailUrl\":\"https:\\\/\\\/miil.dev.almic.ee\\\/wp-content\\\/uploads\\\/2023\\\/10\\\/Soojak-tostuksega-laudis-lisaruum-hoone-ajutine-hoone-aiamaja-moodulmaja-moodul-hoone-containex-miil-merekonteiner-lisaladu-scaled.jpg\",\"datePublished\":\"2023-10-26T07:05:41+00:00\",\"dateModified\":\"2024-11-11T14:01:30+00:00\",\"description\":\"Toimistokaappi puuvuorilla maalattu halutulla v\u00e4rill\u00e4 | Minitalot ja -m\u00f6kit | M\u00f6kkien vuokraus ja myynti | Kuljetus ja korjaukset | S\u00e4hk\u00f6ty\u00f6t ja l\u00e4mmitys\",\"breadcrumb\":{\"@id\":\"https:\\\/\\\/miil.dev.almic.ee\\\/fi\\\/toode\\\/toimistokaappi-puuvuorilla-maalattu-halutulla-varilla\\\/#breadcrumb\"},\"inLanguage\":\"fi\",\"potentialAction\":[{\"@type\":\"ReadAction\",\"target\":[\"https:\\\/\\\/miil.dev.almic.ee\\\/fi\\\/toode\\\/toimistokaappi-puuvuorilla-maalattu-halutulla-varilla\\\/\"]}]},{\"@type\":\"ImageObject\",\"inLanguage\":\"fi\",\"@id\":\"https:\\\/\\\/miil.dev.almic.ee\\\/fi\\\/toode\\\/toimistokaappi-puuvuorilla-maalattu-halutulla-varilla\\\/#primaryimage\",\"url\":\"https:\\\/\\\/miil.dev.almic.ee\\\/wp-content\\\/uploads\\\/2023\\\/10\\\/Soojak-tostuksega-laudis-lisaruum-hoone-ajutine-hoone-aiamaja-moodulmaja-moodul-hoone-containex-miil-merekonteiner-lisaladu-scaled.jpg\",\"contentUrl\":\"https:\\\/\\\/miil.dev.almic.ee\\\/wp-content\\\/uploads\\\/2023\\\/10\\\/Soojak-tostuksega-laudis-lisaruum-hoone-ajutine-hoone-aiamaja-moodulmaja-moodul-hoone-containex-miil-merekonteiner-lisaladu-scaled.jpg\",\"width\":1900,\"height\":1425,\"caption\":\"Puitlaudisega soojak\"},{\"@type\":\"BreadcrumbList\",\"@id\":\"https:\\\/\\\/miil.dev.almic.ee\\\/fi\\\/toode\\\/toimistokaappi-puuvuorilla-maalattu-halutulla-varilla\\\/#breadcrumb\",\"itemListElement\":[{\"@type\":\"ListItem\",\"position\":1,\"name\":\"Home\",\"item\":\"https:\\\/\\\/miil.dev.almic.ee\\\/fi\\\/\"},{\"@type\":\"ListItem\",\"position\":2,\"name\":\"Kauppa\",\"item\":\"https:\\\/\\\/miil.dev.almic.ee\\\/fi\\\/kauppa\\\/\"},{\"@type\":\"ListItem\",\"position\":3,\"name\":\"Containex toimisto- ja ty\u00f6maakontti MIIU0304 rullaovella\"}]},{\"@type\":\"WebSite\",\"@id\":\"https:\\\/\\\/miil.dev.almic.ee\\\/#website\",\"url\":\"https:\\\/\\\/miil.dev.almic.ee\\\/\",\"name\":\"Miil O\u00dc\",\"description\":\"Konteinerveod\",\"publisher\":{\"@id\":\"https:\\\/\\\/miil.dev.almic.ee\\\/#organization\"},\"potentialAction\":[{\"@type\":\"SearchAction\",\"target\":{\"@type\":\"EntryPoint\",\"urlTemplate\":\"https:\\\/\\\/miil.dev.almic.ee\\\/?s={search_term_string}\"},\"query-input\":{\"@type\":\"PropertyValueSpecification\",\"valueRequired\":true,\"valueName\":\"search_term_string\"}}],\"inLanguage\":\"fi\"},{\"@type\":\"Organization\",\"@id\":\"https:\\\/\\\/miil.dev.almic.ee\\\/#organization\",\"name\":\"Miil O\u00dc\",\"url\":\"https:\\\/\\\/miil.dev.almic.ee\\\/\",\"logo\":{\"@type\":\"ImageObject\",\"inLanguage\":\"fi\",\"@id\":\"https:\\\/\\\/miil.dev.almic.ee\\\/#\\\/schema\\\/logo\\\/image\\\/\",\"url\":\"https:\\\/\\\/www.miil.ee\\\/wp-content\\\/uploads\\\/2022\\\/02\\\/Miil-logo.svg\",\"contentUrl\":\"https:\\\/\\\/www.miil.ee\\\/wp-content\\\/uploads\\\/2022\\\/02\\\/Miil-logo.svg\",\"width\":\"1024\",\"height\":\"1024\",\"caption\":\"Miil O\u00dc\"},\"image\":{\"@id\":\"https:\\\/\\\/miil.dev.almic.ee\\\/#\\\/schema\\\/logo\\\/image\\\/\"},\"sameAs\":[\"https:\\\/\\\/www.facebook.com\\\/konteinerveod\\\/\",\"https:\\\/\\\/www.instagram.com\\\/ou_miil\\\/\"]}]}<\/script>\n<meta property=\"product:price:amount\" content=\"12980.00\" \/>\n<meta property=\"product:price:currency\" content=\"EUR\" \/>\n<meta property=\"og:availability\" content=\"instock\" \/>\n<meta property=\"product:availability\" content=\"instock\" \/>\n<meta property=\"product:retailer_item_id\" content=\"MIIU2150\" \/>\n<meta property=\"product:condition\" content=\"new\" \/>\n<!-- \/ Yoast SEO Premium plugin. -->","yoast_head_json":{"title":"Toimistokaappi puuvuorilla maalattu halutulla v\u00e4rill\u00e4 - Miil O\u00dc","description":"Toimistokaappi puuvuorilla maalattu halutulla v\u00e4rill\u00e4 | Minitalot ja -m\u00f6kit | M\u00f6kkien vuokraus ja myynti | Kuljetus ja korjaukset | S\u00e4hk\u00f6ty\u00f6t ja l\u00e4mmitys","robots":{"index":"index","follow":"follow","max-snippet":"max-snippet:-1","max-image-preview":"max-image-preview:large","max-video-preview":"max-video-preview:-1"},"canonical":"https:\/\/miil.dev.almic.ee\/fi\/toode\/toimistokaappi-puuvuorilla-maalattu-halutulla-varilla\/","og_locale":"fi_FI","og_type":"article","og_title":"Containex toimisto- ja ty\u00f6maakontti MIIU0304 rullaovella","og_description":"Toimistokaappi puuvuorilla maalattu halutulla v\u00e4rill\u00e4 | Minitalot ja -m\u00f6kit | M\u00f6kkien vuokraus ja myynti | Kuljetus ja korjaukset | S\u00e4hk\u00f6ty\u00f6t ja l\u00e4mmitys","og_url":"https:\/\/miil.dev.almic.ee\/fi\/toode\/toimistokaappi-puuvuorilla-maalattu-halutulla-varilla\/","og_site_name":"Miil O\u00dc","article_publisher":"https:\/\/www.facebook.com\/konteinerveod\/","article_modified_time":"2024-11-11T14:01:30+00:00","og_image":[{"width":1900,"height":1425,"url":"https:\/\/miil.dev.almic.ee\/wp-content\/uploads\/2023\/10\/Soojak-tostuksega-laudis-lisaruum-hoone-ajutine-hoone-aiamaja-moodulmaja-moodul-hoone-containex-miil-merekonteiner-lisaladu-scaled.jpg","type":"image\/jpeg"}],"twitter_card":"summary_large_image","twitter_misc":{"Hinta":"12980,00&nbsp;&euro;","Saatavuus":"Varastossa"},"schema":{"@context":"https:\/\/schema.org","@graph":[{"@type":"WebPage","@id":"https:\/\/miil.dev.almic.ee\/fi\/toode\/toimistokaappi-puuvuorilla-maalattu-halutulla-varilla\/","url":"https:\/\/miil.dev.almic.ee\/fi\/toode\/toimistokaappi-puuvuorilla-maalattu-halutulla-varilla\/","name":"Toimistokaappi puuvuorilla maalattu halutulla v\u00e4rill\u00e4 - Miil O\u00dc","isPartOf":{"@id":"https:\/\/miil.dev.almic.ee\/#website"},"primaryImageOfPage":{"@id":"https:\/\/miil.dev.almic.ee\/fi\/toode\/toimistokaappi-puuvuorilla-maalattu-halutulla-varilla\/#primaryimage"},"image":{"@id":"https:\/\/miil.dev.almic.ee\/fi\/toode\/toimistokaappi-puuvuorilla-maalattu-halutulla-varilla\/#primaryimage"},"thumbnailUrl":"https:\/\/miil.dev.almic.ee\/wp-content\/uploads\/2023\/10\/Soojak-tostuksega-laudis-lisaruum-hoone-ajutine-hoone-aiamaja-moodulmaja-moodul-hoone-containex-miil-merekonteiner-lisaladu-scaled.jpg","datePublished":"2023-10-26T07:05:41+00:00","dateModified":"2024-11-11T14:01:30+00:00","description":"Toimistokaappi puuvuorilla maalattu halutulla v\u00e4rill\u00e4 | Minitalot ja -m\u00f6kit | M\u00f6kkien vuokraus ja myynti | Kuljetus ja korjaukset | S\u00e4hk\u00f6ty\u00f6t ja l\u00e4mmitys","breadcrumb":{"@id":"https:\/\/miil.dev.almic.ee\/fi\/toode\/toimistokaappi-puuvuorilla-maalattu-halutulla-varilla\/#breadcrumb"},"inLanguage":"fi","potentialAction":[{"@type":"ReadAction","target":["https:\/\/miil.dev.almic.ee\/fi\/toode\/toimistokaappi-puuvuorilla-maalattu-halutulla-varilla\/"]}]},{"@type":"ImageObject","inLanguage":"fi","@id":"https:\/\/miil.dev.almic.ee\/fi\/toode\/toimistokaappi-puuvuorilla-maalattu-halutulla-varilla\/#primaryimage","url":"https:\/\/miil.dev.almic.ee\/wp-content\/uploads\/2023\/10\/Soojak-tostuksega-laudis-lisaruum-hoone-ajutine-hoone-aiamaja-moodulmaja-moodul-hoone-containex-miil-merekonteiner-lisaladu-scaled.jpg","contentUrl":"https:\/\/miil.dev.almic.ee\/wp-content\/uploads\/2023\/10\/Soojak-tostuksega-laudis-lisaruum-hoone-ajutine-hoone-aiamaja-moodulmaja-moodul-hoone-containex-miil-merekonteiner-lisaladu-scaled.jpg","width":1900,"height":1425,"caption":"Puitlaudisega soojak"},{"@type":"BreadcrumbList","@id":"https:\/\/miil.dev.almic.ee\/fi\/toode\/toimistokaappi-puuvuorilla-maalattu-halutulla-varilla\/#breadcrumb","itemListElement":[{"@type":"ListItem","position":1,"name":"Home","item":"https:\/\/miil.dev.almic.ee\/fi\/"},{"@type":"ListItem","position":2,"name":"Kauppa","item":"https:\/\/miil.dev.almic.ee\/fi\/kauppa\/"},{"@type":"ListItem","position":3,"name":"Containex toimisto- ja ty\u00f6maakontti MIIU0304 rullaovella"}]},{"@type":"WebSite","@id":"https:\/\/miil.dev.almic.ee\/#website","url":"https:\/\/miil.dev.almic.ee\/","name":"Miil O\u00dc","description":"Konteinerveod","publisher":{"@id":"https:\/\/miil.dev.almic.ee\/#organization"},"potentialAction":[{"@type":"SearchAction","target":{"@type":"EntryPoint","urlTemplate":"https:\/\/miil.dev.almic.ee\/?s={search_term_string}"},"query-input":{"@type":"PropertyValueSpecification","valueRequired":true,"valueName":"search_term_string"}}],"inLanguage":"fi"},{"@type":"Organization","@id":"https:\/\/miil.dev.almic.ee\/#organization","name":"Miil O\u00dc","url":"https:\/\/miil.dev.almic.ee\/","logo":{"@type":"ImageObject","inLanguage":"fi","@id":"https:\/\/miil.dev.almic.ee\/#\/schema\/logo\/image\/","url":"https:\/\/www.miil.ee\/wp-content\/uploads\/2022\/02\/Miil-logo.svg","contentUrl":"https:\/\/www.miil.ee\/wp-content\/uploads\/2022\/02\/Miil-logo.svg","width":"1024","height":"1024","caption":"Miil O\u00dc"},"image":{"@id":"https:\/\/miil.dev.almic.ee\/#\/schema\/logo\/image\/"},"sameAs":["https:\/\/www.facebook.com\/konteinerveod\/","https:\/\/www.instagram.com\/ou_miil\/"]}]},"product_price_amount":"12980.00","product_price_currency":"EUR","og_availability":"instock","product_availability":"instock","product_retailer_item_id":"MIIU2150","product_condition":"new"},"_links":{"self":[{"href":"https:\/\/miil.dev.almic.ee\/fi\/wp-json\/wp\/v2\/product\/50513","targetHints":{"allow":["GET"]}}],"collection":[{"href":"https:\/\/miil.dev.almic.ee\/fi\/wp-json\/wp\/v2\/product"}],"about":[{"href":"https:\/\/miil.dev.almic.ee\/fi\/wp-json\/wp\/v2\/types\/product"}],"replies":[{"embeddable":true,"href":"https:\/\/miil.dev.almic.ee\/fi\/wp-json\/wp\/v2\/comments?post=50513"}],"wp:featuredmedia":[{"embeddable":true,"href":"https:\/\/miil.dev.almic.ee\/fi\/wp-json\/wp\/v2\/media\/50554"}],"wp:attachment":[{"href":"https:\/\/miil.dev.almic.ee\/fi\/wp-json\/wp\/v2\/media?parent=50513"}],"wp:term":[{"taxonomy":"product_cat","embeddable":true,"href":"https:\/\/miil.dev.almic.ee\/fi\/wp-json\/wp\/v2\/product_cat?post=50513"},{"taxonomy":"product_tag","embeddable":true,"href":"https:\/\/miil.dev.almic.ee\/fi\/wp-json\/wp\/v2\/product_tag?post=50513"}],"curies":[{"name":"wp","href":"https:\/\/api.w.org\/{rel}","templated":true}]}}