{"id":49173,"date":"2023-09-29T18:23:26","date_gmt":"2023-09-29T15:23:27","guid":{"rendered":"https:\/\/www.miil.ee\/?post_type=product&#038;p=49173"},"modified":"2024-12-02T14:48:31","modified_gmt":"2024-12-02T12:48:31","slug":"containex-standard-toimisto-ja-tyomaakontti-containex-standard-premium-miiu1002","status":"publish","type":"product","link":"https:\/\/miil.dev.almic.ee\/fi\/toode\/containex-standard-toimisto-ja-tyomaakontti-containex-standard-premium-miiu1002\/","title":{"rendered":"Containex Standard Premium toimisto- ja ty\u00f6maakontti &#8211; MIIU1002"},"content":{"rendered":"<h1>M\u00f6kkien myynti ja vuokraus<\/h1>\n<p>m\u00f6kkien myynti ja vuokraus Virossa suoraan edustajalta.<br \/>\nContainex Standard Premium on uusi tuote, jossa on tummanharmaa RAL7016 antrasiittiviimeistely.<br \/>\nSe, mik\u00e4 erottaa t\u00e4m\u00e4n Office-m\u00f6kin tavallisesta Containex Standardista, on sein\u00e4materiaali ja ulkov\u00e4ri.<br \/>\nOhjaamon sein\u00e4t on eristetty 60mm PU-vaahdolla, joka vastaa l\u00e4mm\u00f6nkestoltaan 100mm villaa.<br \/>\nToimiston pohja ja katto on eristetty 100mm mineraalivillalla.<br \/>\nKaikissa myymiss\u00e4mme Office-m\u00f6keiss\u00e4 on CE-merkint\u00e4, mik\u00e4 tarkoittaa, ett\u00e4 kiuas t\u00e4ytt\u00e4\u00e4 eurooppalaiset laatuvaatimukset, on valmistettu laadukkaasta ja turvallinen k\u00e4ytt\u00e4\u00e4.<\/p>\n<p>Containex ja ModulX Office -m\u00f6kki on helposti yhdistett\u00e4viss\u00e4 suuremmiksi huoneiksi.<br \/>\nToimistom\u00f6kkej\u00e4 k\u00e4ytet\u00e4\u00e4n laajalti esimerkiksi p\u00e4iv\u00e4kotien, rakennusty\u00f6maiden, m\u00f6kkien, liiketilojen, tilap\u00e4isten koulutilojen tai sairaaloiden rakentamisessa.<\/p>\n<p>Vuodesta 2023 alkaen harjoitamme myynnin lis\u00e4ksi my\u00f6s vuokrausta.<br \/>\nVuokrahintatarjouksen tekemiseksi meid\u00e4n on tiedett\u00e4v\u00e4 m\u00f6kin sijainti vuokra-aikana, jakson pituus, henkil\u00f6n tai rekisteritunnus luottotarkistuksia varten ja m\u00f6kin k\u00e4ytt\u00f6tarkoitus.<\/p>\n<h2>M\u00f6kkien myynti ja vuokraus &#8211; Tekninen kuvaus:<\/h2>\n<p><strong>Containex Standard Premium -eristys:<\/strong><\/p>\n<ul>\n<li>Sein\u00e4t 60mm PU-vaahtoa<\/li>\n<li>Katto 100mm mineraalivilla<\/li>\n<li>Lattia 100mm mineraalivilla<\/li>\n<\/ul>\n<p><strong>Containex Standard Premiumin mitat:<\/strong><\/p>\n<ul>\n<li>Ulkomitat 2,435 L x 6,055 P x 2,591 K.<\/li>\n<li>Sis\u00e4mitat 2,24 L x 5,86 P x 2,34 K.<\/li>\n<li>Paino: CA 2000 KG<\/li>\n<\/ul>\n<p><strong>Ulkopuolen v\u00e4ri ja tarvikkeet:<\/strong><\/p>\n<ul>\n<li>Ulkon v\u00e4ri antrasiitin tummanharmaa RAL7016.<\/li>\n<li>Sinkity pelti ulkoviimeistelyyn.<\/li>\n<li>Kaksi ikkunaa.<\/li>\n<li>Turvaverhot.<\/li>\n<li>Yksi metalliovi.<\/li>\n<li>Kattovalssattu sinkkilevy.<\/li>\n<li>Sis\u00e4sein\u00e4t lastulevy\u00e4.<\/li>\n<li>Kaksi LED-valoa.<\/li>\n<li>J\u00e4\u00e4hdytin.<\/li>\n<li>Pistorasiat molempien ikkunoiden alla + erillisess\u00e4 paneelissa.<\/li>\n<li>Ulkoinen s\u00e4hk\u00f6 32A pistoke katon reunassa, on mahdollista jatkaa ulkoisen virran k\u00e4ytt\u00f6\u00e4 tai kytke\u00e4 toinen Office-m\u00f6kki.<\/li>\n<\/ul>\n<p>Toimistom\u00f6kki koostuu moduuleista, pidemm\u00e4ll\u00e4 puolella on viisi moduulia ja lyhyemm\u00e4ll\u00e4 sivulla kaksi moduulia.<br \/>\nIkkunoiden ja ovien sijainti on vapaasti valittavissa, kuvassa on valmis n\u00e4yte.<br \/>\nT\u00e4m\u00e4ntyyppinen toimistom\u00f6kki on aina mallina paikan p\u00e4\u00e4ll\u00e4, ja jos ikkunoiden ja ovien sijainnilla ei ole merkityst\u00e4, se voidaan ostaa samana p\u00e4iv\u00e4n\u00e4.<br \/>\nKokoamme uuden Office-m\u00f6kin yleens\u00e4 muutaman p\u00e4iv\u00e4n sis\u00e4ll\u00e4 laskun maksamisesta.<\/p>\n<p>K\u00e4yt\u00e4mme kuljetukseen <a href=\"https:\/\/www.miil.ee\/fi\/palvelut\/nosturi\/\">nosturia<\/a> tai <a href=\"https:\/\/www.miil.ee\/fi\/palvelut\/sideloader\/\">sideloader<\/a><br \/>\nmonimutkaisempi kuljetus on mahdollista <a href=\"https:\/\/www.miil.ee\/fi\/palvelut\/ram-kippauslaite\/\">RAM per\u00e4vaunulla<\/a>.<\/p>\n<p>Seuraa meit\u00e4 <a href=\"https:\/\/www.facebook.com\/konteinerveod\/\">Facebook<\/a> tai <a href=\"https:\/\/www.instagram.com\/ou_miil\/\">Instagram<\/a><\/p>\n","protected":false},"excerpt":{"rendered":"<p>M\u00f6kkien myynti ja vuokraus m\u00f6kkien myynti ja vuokraus Virossa suoraan edustajalta. Containex Standard Premium on uusi tuote, jossa on tummanharmaa RAL7016 antrasiittiviimeistely. Se, mik\u00e4 erottaa t\u00e4m\u00e4n Office-m\u00f6kin tavallisesta Containex Standardista, on sein\u00e4materiaali ja ulkov\u00e4ri. Ohjaamon sein\u00e4t on eristetty 60mm PU-vaahdolla, joka vastaa l\u00e4mm\u00f6nkestoltaan 100mm villaa. Toimiston pohja ja katto on eristetty 100mm mineraalivillalla. Kaikissa myymiss\u00e4mme&#8230;<\/p>\n","protected":false},"featured_media":80691,"comment_status":"closed","ping_status":"closed","template":"","meta":{"_acf_changed":false},"product_cat":[343,407],"product_tag":[],"class_list":{"0":"post-49173","1":"product","2":"type-product","3":"status-publish","4":"has-post-thumbnail","6":"product_cat-eristekontit","7":"product_cat-uudet-toimistokontit","9":"first","10":"instock","11":"shipping-taxable","12":"purchasable","13":"product-type-simple"},"acf":[],"yoast_head":"<!-- This site is optimized with the Yoast SEO Premium plugin v23.9 (Yoast SEO v27.5) - https:\/\/yoast.com\/product\/yoast-seo-premium-wordpress\/ -->\n<title>m\u00f6kkien myynti ja vuokraus - Miil O\u00dc<\/title>\n<meta name=\"description\" content=\"m\u00f6kkien myynti ja vuokraus | Minitalot ja -m\u00f6kit | M\u00f6kkien vuokraus ja myynti | Kuljetus ja korjaukset | S\u00e4hk\u00f6ty\u00f6t ja eristys\" \/>\n<meta name=\"robots\" content=\"index, follow, max-snippet:-1, max-image-preview:large, max-video-preview:-1\" \/>\n<link rel=\"canonical\" href=\"https:\/\/miil.dev.almic.ee\/fi\/toode\/containex-standard-toimisto-ja-tyomaakontti-containex-standard-premium-miiu1002\/\" \/>\n<meta property=\"og:locale\" content=\"fi_FI\" \/>\n<meta property=\"og:type\" content=\"article\" \/>\n<meta property=\"og:title\" content=\"Containex Standard Premium toimisto- ja ty\u00f6maakontti - MIIU1002\" \/>\n<meta property=\"og:description\" content=\"m\u00f6kkien myynti ja vuokraus | Minitalot ja -m\u00f6kit | M\u00f6kkien vuokraus ja myynti | Kuljetus ja korjaukset | S\u00e4hk\u00f6ty\u00f6t ja eristys\" \/>\n<meta property=\"og:url\" content=\"https:\/\/miil.dev.almic.ee\/fi\/toode\/containex-standard-toimisto-ja-tyomaakontti-containex-standard-premium-miiu1002\/\" \/>\n<meta property=\"og:site_name\" content=\"Miil O\u00dc\" \/>\n<meta property=\"article:publisher\" content=\"https:\/\/www.facebook.com\/konteinerveod\/\" \/>\n<meta property=\"article:modified_time\" content=\"2024-12-02T12:48:31+00:00\" \/>\n<meta property=\"og:image\" content=\"https:\/\/miil.dev.almic.ee\/wp-content\/uploads\/2022\/09\/1-scaled.jpg\" \/>\n\t<meta property=\"og:image:width\" content=\"1900\" \/>\n\t<meta property=\"og:image:height\" content=\"1425\" \/>\n\t<meta property=\"og:image:type\" content=\"image\/jpeg\" \/>\n<meta name=\"twitter:card\" content=\"summary_large_image\" \/>\n<meta name=\"twitter:label1\" content=\"Hinta\" \/>\n\t<meta name=\"twitter:data1\" content=\"6490,00&nbsp;&euro;\" \/>\n\t<meta name=\"twitter:label2\" content=\"Saatavuus\" \/>\n\t<meta name=\"twitter:data2\" content=\"Varastossa\" \/>\n<script type=\"application\/ld+json\" class=\"yoast-schema-graph\">{\"@context\":\"https:\\\/\\\/schema.org\",\"@graph\":[{\"@type\":\"WebPage\",\"@id\":\"https:\\\/\\\/miil.dev.almic.ee\\\/fi\\\/toode\\\/containex-standard-toimisto-ja-tyomaakontti-containex-standard-premium-miiu1002\\\/\",\"url\":\"https:\\\/\\\/miil.dev.almic.ee\\\/fi\\\/toode\\\/containex-standard-toimisto-ja-tyomaakontti-containex-standard-premium-miiu1002\\\/\",\"name\":\"m\u00f6kkien myynti ja vuokraus - Miil O\u00dc\",\"isPartOf\":{\"@id\":\"https:\\\/\\\/miil.dev.almic.ee\\\/#website\"},\"primaryImageOfPage\":{\"@id\":\"https:\\\/\\\/miil.dev.almic.ee\\\/fi\\\/toode\\\/containex-standard-toimisto-ja-tyomaakontti-containex-standard-premium-miiu1002\\\/#primaryimage\"},\"image\":{\"@id\":\"https:\\\/\\\/miil.dev.almic.ee\\\/fi\\\/toode\\\/containex-standard-toimisto-ja-tyomaakontti-containex-standard-premium-miiu1002\\\/#primaryimage\"},\"thumbnailUrl\":\"https:\\\/\\\/miil.dev.almic.ee\\\/wp-content\\\/uploads\\\/2022\\\/09\\\/1-scaled.jpg\",\"datePublished\":\"2023-09-29T15:23:27+00:00\",\"dateModified\":\"2024-12-02T12:48:31+00:00\",\"description\":\"m\u00f6kkien myynti ja vuokraus | Minitalot ja -m\u00f6kit | M\u00f6kkien vuokraus ja myynti | Kuljetus ja korjaukset | S\u00e4hk\u00f6ty\u00f6t ja eristys\",\"breadcrumb\":{\"@id\":\"https:\\\/\\\/miil.dev.almic.ee\\\/fi\\\/toode\\\/containex-standard-toimisto-ja-tyomaakontti-containex-standard-premium-miiu1002\\\/#breadcrumb\"},\"inLanguage\":\"fi\",\"potentialAction\":[{\"@type\":\"ReadAction\",\"target\":[\"https:\\\/\\\/miil.dev.almic.ee\\\/fi\\\/toode\\\/containex-standard-toimisto-ja-tyomaakontti-containex-standard-premium-miiu1002\\\/\"]}]},{\"@type\":\"ImageObject\",\"inLanguage\":\"fi\",\"@id\":\"https:\\\/\\\/miil.dev.almic.ee\\\/fi\\\/toode\\\/containex-standard-toimisto-ja-tyomaakontti-containex-standard-premium-miiu1002\\\/#primaryimage\",\"url\":\"https:\\\/\\\/miil.dev.almic.ee\\\/wp-content\\\/uploads\\\/2022\\\/09\\\/1-scaled.jpg\",\"contentUrl\":\"https:\\\/\\\/miil.dev.almic.ee\\\/wp-content\\\/uploads\\\/2022\\\/09\\\/1-scaled.jpg\",\"width\":1900,\"height\":1425,\"caption\":\"Soojakute m\u00fc\u00fck ja rent\"},{\"@type\":\"BreadcrumbList\",\"@id\":\"https:\\\/\\\/miil.dev.almic.ee\\\/fi\\\/toode\\\/containex-standard-toimisto-ja-tyomaakontti-containex-standard-premium-miiu1002\\\/#breadcrumb\",\"itemListElement\":[{\"@type\":\"ListItem\",\"position\":1,\"name\":\"Home\",\"item\":\"https:\\\/\\\/miil.dev.almic.ee\\\/fi\\\/\"},{\"@type\":\"ListItem\",\"position\":2,\"name\":\"Kauppa\",\"item\":\"https:\\\/\\\/miil.dev.almic.ee\\\/fi\\\/kauppa\\\/\"},{\"@type\":\"ListItem\",\"position\":3,\"name\":\"Containex Standard Premium toimisto- ja ty\u00f6maakontti &#8211; MIIU1002\"}]},{\"@type\":\"WebSite\",\"@id\":\"https:\\\/\\\/miil.dev.almic.ee\\\/#website\",\"url\":\"https:\\\/\\\/miil.dev.almic.ee\\\/\",\"name\":\"Miil O\u00dc\",\"description\":\"Konteinerveod\",\"publisher\":{\"@id\":\"https:\\\/\\\/miil.dev.almic.ee\\\/#organization\"},\"potentialAction\":[{\"@type\":\"SearchAction\",\"target\":{\"@type\":\"EntryPoint\",\"urlTemplate\":\"https:\\\/\\\/miil.dev.almic.ee\\\/?s={search_term_string}\"},\"query-input\":{\"@type\":\"PropertyValueSpecification\",\"valueRequired\":true,\"valueName\":\"search_term_string\"}}],\"inLanguage\":\"fi\"},{\"@type\":\"Organization\",\"@id\":\"https:\\\/\\\/miil.dev.almic.ee\\\/#organization\",\"name\":\"Miil O\u00dc\",\"url\":\"https:\\\/\\\/miil.dev.almic.ee\\\/\",\"logo\":{\"@type\":\"ImageObject\",\"inLanguage\":\"fi\",\"@id\":\"https:\\\/\\\/miil.dev.almic.ee\\\/#\\\/schema\\\/logo\\\/image\\\/\",\"url\":\"https:\\\/\\\/www.miil.ee\\\/wp-content\\\/uploads\\\/2022\\\/02\\\/Miil-logo.svg\",\"contentUrl\":\"https:\\\/\\\/www.miil.ee\\\/wp-content\\\/uploads\\\/2022\\\/02\\\/Miil-logo.svg\",\"width\":\"1024\",\"height\":\"1024\",\"caption\":\"Miil O\u00dc\"},\"image\":{\"@id\":\"https:\\\/\\\/miil.dev.almic.ee\\\/#\\\/schema\\\/logo\\\/image\\\/\"},\"sameAs\":[\"https:\\\/\\\/www.facebook.com\\\/konteinerveod\\\/\",\"https:\\\/\\\/www.instagram.com\\\/ou_miil\\\/\"]}]}<\/script>\n<meta property=\"product:price:amount\" content=\"6490.00\" \/>\n<meta property=\"product:price:currency\" content=\"EUR\" \/>\n<meta property=\"og:availability\" content=\"instock\" \/>\n<meta property=\"product:availability\" content=\"instock\" \/>\n<meta property=\"product:retailer_item_id\" content=\"MIIU1000\" \/>\n<meta property=\"product:condition\" content=\"new\" \/>\n<!-- \/ Yoast SEO Premium plugin. -->","yoast_head_json":{"title":"m\u00f6kkien myynti ja vuokraus - Miil O\u00dc","description":"m\u00f6kkien myynti ja vuokraus | Minitalot ja -m\u00f6kit | M\u00f6kkien vuokraus ja myynti | Kuljetus ja korjaukset | S\u00e4hk\u00f6ty\u00f6t ja eristys","robots":{"index":"index","follow":"follow","max-snippet":"max-snippet:-1","max-image-preview":"max-image-preview:large","max-video-preview":"max-video-preview:-1"},"canonical":"https:\/\/miil.dev.almic.ee\/fi\/toode\/containex-standard-toimisto-ja-tyomaakontti-containex-standard-premium-miiu1002\/","og_locale":"fi_FI","og_type":"article","og_title":"Containex Standard Premium toimisto- ja ty\u00f6maakontti - MIIU1002","og_description":"m\u00f6kkien myynti ja vuokraus | Minitalot ja -m\u00f6kit | M\u00f6kkien vuokraus ja myynti | Kuljetus ja korjaukset | S\u00e4hk\u00f6ty\u00f6t ja eristys","og_url":"https:\/\/miil.dev.almic.ee\/fi\/toode\/containex-standard-toimisto-ja-tyomaakontti-containex-standard-premium-miiu1002\/","og_site_name":"Miil O\u00dc","article_publisher":"https:\/\/www.facebook.com\/konteinerveod\/","article_modified_time":"2024-12-02T12:48:31+00:00","og_image":[{"width":1900,"height":1425,"url":"https:\/\/miil.dev.almic.ee\/wp-content\/uploads\/2022\/09\/1-scaled.jpg","type":"image\/jpeg"}],"twitter_card":"summary_large_image","twitter_misc":{"Hinta":"6490,00&nbsp;&euro;","Saatavuus":"Varastossa"},"schema":{"@context":"https:\/\/schema.org","@graph":[{"@type":"WebPage","@id":"https:\/\/miil.dev.almic.ee\/fi\/toode\/containex-standard-toimisto-ja-tyomaakontti-containex-standard-premium-miiu1002\/","url":"https:\/\/miil.dev.almic.ee\/fi\/toode\/containex-standard-toimisto-ja-tyomaakontti-containex-standard-premium-miiu1002\/","name":"m\u00f6kkien myynti ja vuokraus - Miil O\u00dc","isPartOf":{"@id":"https:\/\/miil.dev.almic.ee\/#website"},"primaryImageOfPage":{"@id":"https:\/\/miil.dev.almic.ee\/fi\/toode\/containex-standard-toimisto-ja-tyomaakontti-containex-standard-premium-miiu1002\/#primaryimage"},"image":{"@id":"https:\/\/miil.dev.almic.ee\/fi\/toode\/containex-standard-toimisto-ja-tyomaakontti-containex-standard-premium-miiu1002\/#primaryimage"},"thumbnailUrl":"https:\/\/miil.dev.almic.ee\/wp-content\/uploads\/2022\/09\/1-scaled.jpg","datePublished":"2023-09-29T15:23:27+00:00","dateModified":"2024-12-02T12:48:31+00:00","description":"m\u00f6kkien myynti ja vuokraus | Minitalot ja -m\u00f6kit | M\u00f6kkien vuokraus ja myynti | Kuljetus ja korjaukset | S\u00e4hk\u00f6ty\u00f6t ja eristys","breadcrumb":{"@id":"https:\/\/miil.dev.almic.ee\/fi\/toode\/containex-standard-toimisto-ja-tyomaakontti-containex-standard-premium-miiu1002\/#breadcrumb"},"inLanguage":"fi","potentialAction":[{"@type":"ReadAction","target":["https:\/\/miil.dev.almic.ee\/fi\/toode\/containex-standard-toimisto-ja-tyomaakontti-containex-standard-premium-miiu1002\/"]}]},{"@type":"ImageObject","inLanguage":"fi","@id":"https:\/\/miil.dev.almic.ee\/fi\/toode\/containex-standard-toimisto-ja-tyomaakontti-containex-standard-premium-miiu1002\/#primaryimage","url":"https:\/\/miil.dev.almic.ee\/wp-content\/uploads\/2022\/09\/1-scaled.jpg","contentUrl":"https:\/\/miil.dev.almic.ee\/wp-content\/uploads\/2022\/09\/1-scaled.jpg","width":1900,"height":1425,"caption":"Soojakute m\u00fc\u00fck ja rent"},{"@type":"BreadcrumbList","@id":"https:\/\/miil.dev.almic.ee\/fi\/toode\/containex-standard-toimisto-ja-tyomaakontti-containex-standard-premium-miiu1002\/#breadcrumb","itemListElement":[{"@type":"ListItem","position":1,"name":"Home","item":"https:\/\/miil.dev.almic.ee\/fi\/"},{"@type":"ListItem","position":2,"name":"Kauppa","item":"https:\/\/miil.dev.almic.ee\/fi\/kauppa\/"},{"@type":"ListItem","position":3,"name":"Containex Standard Premium toimisto- ja ty\u00f6maakontti &#8211; MIIU1002"}]},{"@type":"WebSite","@id":"https:\/\/miil.dev.almic.ee\/#website","url":"https:\/\/miil.dev.almic.ee\/","name":"Miil O\u00dc","description":"Konteinerveod","publisher":{"@id":"https:\/\/miil.dev.almic.ee\/#organization"},"potentialAction":[{"@type":"SearchAction","target":{"@type":"EntryPoint","urlTemplate":"https:\/\/miil.dev.almic.ee\/?s={search_term_string}"},"query-input":{"@type":"PropertyValueSpecification","valueRequired":true,"valueName":"search_term_string"}}],"inLanguage":"fi"},{"@type":"Organization","@id":"https:\/\/miil.dev.almic.ee\/#organization","name":"Miil O\u00dc","url":"https:\/\/miil.dev.almic.ee\/","logo":{"@type":"ImageObject","inLanguage":"fi","@id":"https:\/\/miil.dev.almic.ee\/#\/schema\/logo\/image\/","url":"https:\/\/www.miil.ee\/wp-content\/uploads\/2022\/02\/Miil-logo.svg","contentUrl":"https:\/\/www.miil.ee\/wp-content\/uploads\/2022\/02\/Miil-logo.svg","width":"1024","height":"1024","caption":"Miil O\u00dc"},"image":{"@id":"https:\/\/miil.dev.almic.ee\/#\/schema\/logo\/image\/"},"sameAs":["https:\/\/www.facebook.com\/konteinerveod\/","https:\/\/www.instagram.com\/ou_miil\/"]}]},"product_price_amount":"6490.00","product_price_currency":"EUR","og_availability":"instock","product_availability":"instock","product_retailer_item_id":"MIIU1000","product_condition":"new"},"_links":{"self":[{"href":"https:\/\/miil.dev.almic.ee\/fi\/wp-json\/wp\/v2\/product\/49173","targetHints":{"allow":["GET"]}}],"collection":[{"href":"https:\/\/miil.dev.almic.ee\/fi\/wp-json\/wp\/v2\/product"}],"about":[{"href":"https:\/\/miil.dev.almic.ee\/fi\/wp-json\/wp\/v2\/types\/product"}],"replies":[{"embeddable":true,"href":"https:\/\/miil.dev.almic.ee\/fi\/wp-json\/wp\/v2\/comments?post=49173"}],"wp:featuredmedia":[{"embeddable":true,"href":"https:\/\/miil.dev.almic.ee\/fi\/wp-json\/wp\/v2\/media\/80691"}],"wp:attachment":[{"href":"https:\/\/miil.dev.almic.ee\/fi\/wp-json\/wp\/v2\/media?parent=49173"}],"wp:term":[{"taxonomy":"product_cat","embeddable":true,"href":"https:\/\/miil.dev.almic.ee\/fi\/wp-json\/wp\/v2\/product_cat?post=49173"},{"taxonomy":"product_tag","embeddable":true,"href":"https:\/\/miil.dev.almic.ee\/fi\/wp-json\/wp\/v2\/product_tag?post=49173"}],"curies":[{"name":"wp","href":"https:\/\/api.w.org\/{rel}","templated":true}]}}