{"id":47738,"date":"2023-09-13T14:51:42","date_gmt":"2023-09-13T11:51:42","guid":{"rendered":"https:\/\/www.miil.ee\/?post_type=product&#038;p=47738"},"modified":"2025-03-06T17:29:58","modified_gmt":"2025-03-06T15:29:58","slug":"40hc-merikonttimainonta-miiu1237654","status":"publish","type":"product","link":"https:\/\/miil.dev.almic.ee\/fi\/toode\/40hc-merikonttimainonta-miiu1237654\/","title":{"rendered":"40HC Merikonttimainonta MIIU1237654"},"content":{"rendered":"<h1>Merikonttimainonta<\/h1>\n<ul>\n<li>Merikonttimainonta on nopea ja edullinen tapa tehd\u00e4 yrityksest\u00e4si n\u00e4kyv\u00e4mpi.<\/li>\n<li>Tavanomaisen merikonttien muuntamisen lis\u00e4ksi tarjoamme my\u00f6s mahdollisuuden maalata, liimata tai peitt\u00e4\u00e4 mainoksilla sinulle sopivan kontin.<\/li>\n<li>Merikonttien mainonta on mahdollisuus ostaa tai vuokrata meilt\u00e4 kontteja.<\/li>\n<\/ul>\n<h2>Merikonttimainonta omalla esimerkill\u00e4mme<\/h2>\n<p>Vaikka olemme valmistaneet mainosastioita monille isommille ja pienemmille yrityksille, annamme itsellemme esimerkin muotoilluilla konteilla.<br \/>\nKonttimme perustuvat suurimpiin saatavilla oleviin 45HCPW merikontteihin keskim\u00e4\u00e4r\u00e4ist\u00e4 paremmassa kunnossa.<br \/>\nN\u00e4m\u00e4 kontit ovat 13,5 metri\u00e4 pitki\u00e4, 2,9 metri\u00e4 korkeita ja 2,5 metri\u00e4 leveit\u00e4, ja ne on asennettu p\u00e4itt\u00e4in erityisill\u00e4 merikonttikiinnikkeill\u00e4.<\/p>\n<p>Merikonttimainonta &#8211; Ei ole hyv\u00e4 k\u00e4ytt\u00e4\u00e4 mainontaan halvimpia ja vinoja astioita, koska se vaikeuttaa kaikkia muita t\u00f6it\u00e4.<br \/>\nAivan kuten talo alkaa perustuksesta, mainonta alkaa kontista.<br \/>\nMit\u00e4 suorempi s\u00e4ili\u00f6 on, sit\u00e4 helpompi se on maalata, liimata tai k\u00e4sitell\u00e4.<\/p>\n<p>Kuvassa olevien astioiden mainostamiseen on k\u00e4ytetty alumiinikomposiittimateriaalia, koska se on tarraa kest\u00e4v\u00e4mp\u00e4\u00e4. N\u00e4kyv\u00e4mpi ja luettavampi my\u00f6s eri n\u00e4k\u00f6kulmista.<br \/>\nTarrasta voi tulla vaikea lukea 45 asteen kulmassa, koska s\u00e4ili\u00f6n sein\u00e4levy on profiili.<\/p>\n<p>Mainoss\u00e4ili\u00f6n koko riippuu tietyn asiakkaan tarpeista, asennuksen sijainnista, budjetista ja monista muista asioista.<\/p>\n<h2>Mihin se voidaan asentaa?<\/h2>\n<p>Mainokset voidaan asentaa minne tahansa, yleens\u00e4 mainosbudjetti menee ennen asennusmahdollisuuksia.<br \/>\nOlemme nostaneet kontin vanhankaupungin teatterirakennuksen p\u00e4\u00e4lle tai vieneet pienille saarille sek\u00e4 saaneet ne huoneisiin, joissa on kontin kokoinen ovi.<\/p>\n<p>Saadaksesi tarkan hinnan, voit l\u00e4hett\u00e4\u00e4 meille visiosi tai tavoitteesi esittelev\u00e4n tarinan osoitteeseen <a href=\"mailto:info@miil.ee\">info@miil.ee<\/a> ja teemme sinulle parhaan mahdollisen tarjouksen mainontaan!<\/p>\n<p>Seuraa meit\u00e4\u00a0<a href=\"https:\/\/www.facebook.com\/konteinerveod\/\">Facebook<\/a>\u00a0tai\u00a0<a href=\"https:\/\/www.instagram.com\/ou_miil\/\">Instagram<\/a><\/p>\n","protected":false},"excerpt":{"rendered":"<p>Merikonttimainonta on nopea ja edullinen tapa lis\u00e4t\u00e4 yrityksesi n\u00e4kyvyytt\u00e4, tarjoten mahdollisuuden ostaa tai vuokrata kontteja, jotka voidaan r\u00e4\u00e4t\u00e4l\u00f6id\u00e4 mainoksia varten. Mainoksen koko ja asennuspaikka m\u00e4\u00e4r\u00e4ytyv\u00e4t asiakkaan tarpeiden, budjetin ja muiden tekij\u00f6iden mukaan.<\/p>\n","protected":false},"featured_media":47748,"comment_status":"closed","ping_status":"closed","template":"","meta":{"_acf_changed":false},"product_cat":[355,479,331,383,347],"product_tag":[],"class_list":{"0":"post-47738","1":"product","2":"type-product","3":"status-publish","4":"has-post-thumbnail","6":"product_cat-uudet-kontit","7":"product_cat-40-12-metria-fi","8":"product_cat-kaytetyt-kontit","9":"product_cat-40-12-metria","10":"product_cat-tekniikka","12":"first","13":"instock","14":"sale","15":"shipping-taxable","16":"purchasable","17":"product-type-simple"},"acf":[],"yoast_head":"<!-- This site is optimized with the Yoast SEO Premium plugin v23.9 (Yoast SEO v27.5) - https:\/\/yoast.com\/product\/yoast-seo-premium-wordpress\/ -->\n<title>Merikonttimainonta - Miil O\u00dc<\/title>\n<meta name=\"description\" content=\"Merikonttimainonta | Containex myynti | Kontti Myynti | Merikontti myynti | Sideloader transport | The Best In Finland \u2b50\ufe0f \u2b50\ufe0f \u2b50\ufe0f \u2b50\ufe0f \u2b50\ufe0f\" \/>\n<meta name=\"robots\" content=\"index, follow, max-snippet:-1, max-image-preview:large, max-video-preview:-1\" \/>\n<link rel=\"canonical\" href=\"https:\/\/miil.dev.almic.ee\/fi\/toode\/40hc-merikonttimainonta-miiu1237654\/\" \/>\n<meta property=\"og:locale\" content=\"fi_FI\" \/>\n<meta property=\"og:type\" content=\"article\" \/>\n<meta property=\"og:title\" content=\"40HC Merikonttimainonta MIIU1237654\" \/>\n<meta property=\"og:description\" content=\"Merikonttimainonta | Containex myynti | Kontti Myynti | Merikontti myynti | Sideloader transport | The Best In Finland \u2b50\ufe0f \u2b50\ufe0f \u2b50\ufe0f \u2b50\ufe0f \u2b50\ufe0f\" \/>\n<meta property=\"og:url\" content=\"https:\/\/miil.dev.almic.ee\/fi\/toode\/40hc-merikonttimainonta-miiu1237654\/\" \/>\n<meta property=\"og:site_name\" content=\"Miil O\u00dc\" \/>\n<meta property=\"article:publisher\" content=\"https:\/\/www.facebook.com\/konteinerveod\/\" \/>\n<meta property=\"article:modified_time\" content=\"2025-03-06T15:29:58+00:00\" \/>\n<meta property=\"og:image\" content=\"https:\/\/miil.dev.almic.ee\/wp-content\/uploads\/2023\/09\/reklaam-konteiner-merekonteiner-konteiner-reklaam-varvimine-paigaldus-saaremaa-hiiumaa-3-scaled.jpg\" \/>\n\t<meta property=\"og:image:width\" content=\"1900\" \/>\n\t<meta property=\"og:image:height\" content=\"1425\" \/>\n\t<meta property=\"og:image:type\" content=\"image\/jpeg\" \/>\n<meta name=\"twitter:card\" content=\"summary_large_image\" \/>\n<meta name=\"twitter:label1\" content=\"Hinta\" \/>\n\t<meta name=\"twitter:data1\" content=\"6000,00&nbsp;&euro;\" \/>\n\t<meta name=\"twitter:label2\" content=\"Saatavuus\" \/>\n\t<meta name=\"twitter:data2\" content=\"Varastossa\" \/>\n<script type=\"application\/ld+json\" class=\"yoast-schema-graph\">{\"@context\":\"https:\\\/\\\/schema.org\",\"@graph\":[{\"@type\":\"WebPage\",\"@id\":\"https:\\\/\\\/miil.dev.almic.ee\\\/fi\\\/toode\\\/40hc-merikonttimainonta-miiu1237654\\\/\",\"url\":\"https:\\\/\\\/miil.dev.almic.ee\\\/fi\\\/toode\\\/40hc-merikonttimainonta-miiu1237654\\\/\",\"name\":\"Merikonttimainonta - Miil O\u00dc\",\"isPartOf\":{\"@id\":\"https:\\\/\\\/miil.dev.almic.ee\\\/#website\"},\"primaryImageOfPage\":{\"@id\":\"https:\\\/\\\/miil.dev.almic.ee\\\/fi\\\/toode\\\/40hc-merikonttimainonta-miiu1237654\\\/#primaryimage\"},\"image\":{\"@id\":\"https:\\\/\\\/miil.dev.almic.ee\\\/fi\\\/toode\\\/40hc-merikonttimainonta-miiu1237654\\\/#primaryimage\"},\"thumbnailUrl\":\"https:\\\/\\\/miil.dev.almic.ee\\\/wp-content\\\/uploads\\\/2023\\\/09\\\/reklaam-konteiner-merekonteiner-konteiner-reklaam-varvimine-paigaldus-saaremaa-hiiumaa-3-scaled.jpg\",\"datePublished\":\"2023-09-13T11:51:42+00:00\",\"dateModified\":\"2025-03-06T15:29:58+00:00\",\"description\":\"Merikonttimainonta | Containex myynti | Kontti Myynti | Merikontti myynti | Sideloader transport | The Best In Finland \u2b50\ufe0f \u2b50\ufe0f \u2b50\ufe0f \u2b50\ufe0f \u2b50\ufe0f\",\"breadcrumb\":{\"@id\":\"https:\\\/\\\/miil.dev.almic.ee\\\/fi\\\/toode\\\/40hc-merikonttimainonta-miiu1237654\\\/#breadcrumb\"},\"inLanguage\":\"fi\",\"potentialAction\":[{\"@type\":\"ReadAction\",\"target\":[\"https:\\\/\\\/miil.dev.almic.ee\\\/fi\\\/toode\\\/40hc-merikonttimainonta-miiu1237654\\\/\"]}]},{\"@type\":\"ImageObject\",\"inLanguage\":\"fi\",\"@id\":\"https:\\\/\\\/miil.dev.almic.ee\\\/fi\\\/toode\\\/40hc-merikonttimainonta-miiu1237654\\\/#primaryimage\",\"url\":\"https:\\\/\\\/miil.dev.almic.ee\\\/wp-content\\\/uploads\\\/2023\\\/09\\\/reklaam-konteiner-merekonteiner-konteiner-reklaam-varvimine-paigaldus-saaremaa-hiiumaa-3-scaled.jpg\",\"contentUrl\":\"https:\\\/\\\/miil.dev.almic.ee\\\/wp-content\\\/uploads\\\/2023\\\/09\\\/reklaam-konteiner-merekonteiner-konteiner-reklaam-varvimine-paigaldus-saaremaa-hiiumaa-3-scaled.jpg\",\"width\":1900,\"height\":1425},{\"@type\":\"BreadcrumbList\",\"@id\":\"https:\\\/\\\/miil.dev.almic.ee\\\/fi\\\/toode\\\/40hc-merikonttimainonta-miiu1237654\\\/#breadcrumb\",\"itemListElement\":[{\"@type\":\"ListItem\",\"position\":1,\"name\":\"Home\",\"item\":\"https:\\\/\\\/miil.dev.almic.ee\\\/fi\\\/\"},{\"@type\":\"ListItem\",\"position\":2,\"name\":\"Kauppa\",\"item\":\"https:\\\/\\\/miil.dev.almic.ee\\\/fi\\\/kauppa\\\/\"},{\"@type\":\"ListItem\",\"position\":3,\"name\":\"40HC Merikonttimainonta MIIU1237654\"}]},{\"@type\":\"WebSite\",\"@id\":\"https:\\\/\\\/miil.dev.almic.ee\\\/#website\",\"url\":\"https:\\\/\\\/miil.dev.almic.ee\\\/\",\"name\":\"Miil O\u00dc\",\"description\":\"Konteinerveod\",\"publisher\":{\"@id\":\"https:\\\/\\\/miil.dev.almic.ee\\\/#organization\"},\"potentialAction\":[{\"@type\":\"SearchAction\",\"target\":{\"@type\":\"EntryPoint\",\"urlTemplate\":\"https:\\\/\\\/miil.dev.almic.ee\\\/?s={search_term_string}\"},\"query-input\":{\"@type\":\"PropertyValueSpecification\",\"valueRequired\":true,\"valueName\":\"search_term_string\"}}],\"inLanguage\":\"fi\"},{\"@type\":\"Organization\",\"@id\":\"https:\\\/\\\/miil.dev.almic.ee\\\/#organization\",\"name\":\"Miil O\u00dc\",\"url\":\"https:\\\/\\\/miil.dev.almic.ee\\\/\",\"logo\":{\"@type\":\"ImageObject\",\"inLanguage\":\"fi\",\"@id\":\"https:\\\/\\\/miil.dev.almic.ee\\\/#\\\/schema\\\/logo\\\/image\\\/\",\"url\":\"https:\\\/\\\/www.miil.ee\\\/wp-content\\\/uploads\\\/2022\\\/02\\\/Miil-logo.svg\",\"contentUrl\":\"https:\\\/\\\/www.miil.ee\\\/wp-content\\\/uploads\\\/2022\\\/02\\\/Miil-logo.svg\",\"width\":\"1024\",\"height\":\"1024\",\"caption\":\"Miil O\u00dc\"},\"image\":{\"@id\":\"https:\\\/\\\/miil.dev.almic.ee\\\/#\\\/schema\\\/logo\\\/image\\\/\"},\"sameAs\":[\"https:\\\/\\\/www.facebook.com\\\/konteinerveod\\\/\",\"https:\\\/\\\/www.instagram.com\\\/ou_miil\\\/\"]}]}<\/script>\n<meta property=\"product:price:amount\" content=\"6000.00\" \/>\n<meta property=\"product:price:currency\" content=\"EUR\" \/>\n<meta property=\"og:availability\" content=\"instock\" \/>\n<meta property=\"product:availability\" content=\"instock\" \/>\n<meta property=\"product:condition\" content=\"new\" \/>\n<!-- \/ Yoast SEO Premium plugin. -->","yoast_head_json":{"title":"Merikonttimainonta - Miil O\u00dc","description":"Merikonttimainonta | Containex myynti | Kontti Myynti | Merikontti myynti | Sideloader transport | The Best In Finland \u2b50\ufe0f \u2b50\ufe0f \u2b50\ufe0f \u2b50\ufe0f \u2b50\ufe0f","robots":{"index":"index","follow":"follow","max-snippet":"max-snippet:-1","max-image-preview":"max-image-preview:large","max-video-preview":"max-video-preview:-1"},"canonical":"https:\/\/miil.dev.almic.ee\/fi\/toode\/40hc-merikonttimainonta-miiu1237654\/","og_locale":"fi_FI","og_type":"article","og_title":"40HC Merikonttimainonta MIIU1237654","og_description":"Merikonttimainonta | Containex myynti | Kontti Myynti | Merikontti myynti | Sideloader transport | The Best In Finland \u2b50\ufe0f \u2b50\ufe0f \u2b50\ufe0f \u2b50\ufe0f \u2b50\ufe0f","og_url":"https:\/\/miil.dev.almic.ee\/fi\/toode\/40hc-merikonttimainonta-miiu1237654\/","og_site_name":"Miil O\u00dc","article_publisher":"https:\/\/www.facebook.com\/konteinerveod\/","article_modified_time":"2025-03-06T15:29:58+00:00","og_image":[{"width":1900,"height":1425,"url":"https:\/\/miil.dev.almic.ee\/wp-content\/uploads\/2023\/09\/reklaam-konteiner-merekonteiner-konteiner-reklaam-varvimine-paigaldus-saaremaa-hiiumaa-3-scaled.jpg","type":"image\/jpeg"}],"twitter_card":"summary_large_image","twitter_misc":{"Hinta":"6000,00&nbsp;&euro;","Saatavuus":"Varastossa"},"schema":{"@context":"https:\/\/schema.org","@graph":[{"@type":"WebPage","@id":"https:\/\/miil.dev.almic.ee\/fi\/toode\/40hc-merikonttimainonta-miiu1237654\/","url":"https:\/\/miil.dev.almic.ee\/fi\/toode\/40hc-merikonttimainonta-miiu1237654\/","name":"Merikonttimainonta - Miil O\u00dc","isPartOf":{"@id":"https:\/\/miil.dev.almic.ee\/#website"},"primaryImageOfPage":{"@id":"https:\/\/miil.dev.almic.ee\/fi\/toode\/40hc-merikonttimainonta-miiu1237654\/#primaryimage"},"image":{"@id":"https:\/\/miil.dev.almic.ee\/fi\/toode\/40hc-merikonttimainonta-miiu1237654\/#primaryimage"},"thumbnailUrl":"https:\/\/miil.dev.almic.ee\/wp-content\/uploads\/2023\/09\/reklaam-konteiner-merekonteiner-konteiner-reklaam-varvimine-paigaldus-saaremaa-hiiumaa-3-scaled.jpg","datePublished":"2023-09-13T11:51:42+00:00","dateModified":"2025-03-06T15:29:58+00:00","description":"Merikonttimainonta | Containex myynti | Kontti Myynti | Merikontti myynti | Sideloader transport | The Best In Finland \u2b50\ufe0f \u2b50\ufe0f \u2b50\ufe0f \u2b50\ufe0f \u2b50\ufe0f","breadcrumb":{"@id":"https:\/\/miil.dev.almic.ee\/fi\/toode\/40hc-merikonttimainonta-miiu1237654\/#breadcrumb"},"inLanguage":"fi","potentialAction":[{"@type":"ReadAction","target":["https:\/\/miil.dev.almic.ee\/fi\/toode\/40hc-merikonttimainonta-miiu1237654\/"]}]},{"@type":"ImageObject","inLanguage":"fi","@id":"https:\/\/miil.dev.almic.ee\/fi\/toode\/40hc-merikonttimainonta-miiu1237654\/#primaryimage","url":"https:\/\/miil.dev.almic.ee\/wp-content\/uploads\/2023\/09\/reklaam-konteiner-merekonteiner-konteiner-reklaam-varvimine-paigaldus-saaremaa-hiiumaa-3-scaled.jpg","contentUrl":"https:\/\/miil.dev.almic.ee\/wp-content\/uploads\/2023\/09\/reklaam-konteiner-merekonteiner-konteiner-reklaam-varvimine-paigaldus-saaremaa-hiiumaa-3-scaled.jpg","width":1900,"height":1425},{"@type":"BreadcrumbList","@id":"https:\/\/miil.dev.almic.ee\/fi\/toode\/40hc-merikonttimainonta-miiu1237654\/#breadcrumb","itemListElement":[{"@type":"ListItem","position":1,"name":"Home","item":"https:\/\/miil.dev.almic.ee\/fi\/"},{"@type":"ListItem","position":2,"name":"Kauppa","item":"https:\/\/miil.dev.almic.ee\/fi\/kauppa\/"},{"@type":"ListItem","position":3,"name":"40HC Merikonttimainonta MIIU1237654"}]},{"@type":"WebSite","@id":"https:\/\/miil.dev.almic.ee\/#website","url":"https:\/\/miil.dev.almic.ee\/","name":"Miil O\u00dc","description":"Konteinerveod","publisher":{"@id":"https:\/\/miil.dev.almic.ee\/#organization"},"potentialAction":[{"@type":"SearchAction","target":{"@type":"EntryPoint","urlTemplate":"https:\/\/miil.dev.almic.ee\/?s={search_term_string}"},"query-input":{"@type":"PropertyValueSpecification","valueRequired":true,"valueName":"search_term_string"}}],"inLanguage":"fi"},{"@type":"Organization","@id":"https:\/\/miil.dev.almic.ee\/#organization","name":"Miil O\u00dc","url":"https:\/\/miil.dev.almic.ee\/","logo":{"@type":"ImageObject","inLanguage":"fi","@id":"https:\/\/miil.dev.almic.ee\/#\/schema\/logo\/image\/","url":"https:\/\/www.miil.ee\/wp-content\/uploads\/2022\/02\/Miil-logo.svg","contentUrl":"https:\/\/www.miil.ee\/wp-content\/uploads\/2022\/02\/Miil-logo.svg","width":"1024","height":"1024","caption":"Miil O\u00dc"},"image":{"@id":"https:\/\/miil.dev.almic.ee\/#\/schema\/logo\/image\/"},"sameAs":["https:\/\/www.facebook.com\/konteinerveod\/","https:\/\/www.instagram.com\/ou_miil\/"]}]},"product_price_amount":"6000.00","product_price_currency":"EUR","og_availability":"instock","product_availability":"instock","product_condition":"new"},"_links":{"self":[{"href":"https:\/\/miil.dev.almic.ee\/fi\/wp-json\/wp\/v2\/product\/47738","targetHints":{"allow":["GET"]}}],"collection":[{"href":"https:\/\/miil.dev.almic.ee\/fi\/wp-json\/wp\/v2\/product"}],"about":[{"href":"https:\/\/miil.dev.almic.ee\/fi\/wp-json\/wp\/v2\/types\/product"}],"replies":[{"embeddable":true,"href":"https:\/\/miil.dev.almic.ee\/fi\/wp-json\/wp\/v2\/comments?post=47738"}],"wp:featuredmedia":[{"embeddable":true,"href":"https:\/\/miil.dev.almic.ee\/fi\/wp-json\/wp\/v2\/media\/47748"}],"wp:attachment":[{"href":"https:\/\/miil.dev.almic.ee\/fi\/wp-json\/wp\/v2\/media?parent=47738"}],"wp:term":[{"taxonomy":"product_cat","embeddable":true,"href":"https:\/\/miil.dev.almic.ee\/fi\/wp-json\/wp\/v2\/product_cat?post=47738"},{"taxonomy":"product_tag","embeddable":true,"href":"https:\/\/miil.dev.almic.ee\/fi\/wp-json\/wp\/v2\/product_tag?post=47738"}],"curies":[{"name":"wp","href":"https:\/\/api.w.org\/{rel}","templated":true}]}}