{"id":42998,"date":"2023-07-12T11:53:07","date_gmt":"2023-07-12T08:53:07","guid":{"rendered":"https:\/\/www.miil.ee\/?post_type=product&#038;p=42998"},"modified":"2024-11-06T14:41:21","modified_gmt":"2024-11-06T12:41:21","slug":"modulx-toimisto-ja-tyomaakontti-miiu0355","status":"publish","type":"product","link":"https:\/\/miil.dev.almic.ee\/fi\/toode\/modulx-toimisto-ja-tyomaakontti-miiu0355\/","title":{"rendered":"ModulX toimisto- ja ty\u00f6maakontti MIIU0355"},"content":{"rendered":"<h1>Toimisto- ja ty\u00f6maakontti Modulx eristetty wc korkealla katolla<\/h1>\n<p>Toimisto- ja ty\u00f6maakontti Modulx eristetty wc on uusi ja edustava asiantuntijoidemme rakentama eristeinen ulkok\u00e4ym\u00e4l\u00e4.<br \/>\nVoimme rakentaa ohjaamoon mielenkiintoisen saniteettiratkaisun asiakkaan toiveiden ja tarpeiden mukaan.<br \/>\nMiil O\u00dc edustaa Containex- ja ModulX-moduulihyttej\u00e4, joissa on CE-merkit.<br \/>\nCE-merkinn\u00e4t ovat laatumerkki, joka varmistaa, ett\u00e4 hytit ovat turvallisia k\u00e4ytt\u00e4\u00e4, rakennettu standardien mukaan ja ett\u00e4 niiden laatu on valvottu.<\/p>\n<h2>Toimisto- ja ty\u00f6maakontti Modulx vai toimistotila tilalle?<\/h2>\n<p>M\u00f6keill\u00e4 on eritt\u00e4in laaja k\u00e4ytt\u00f6alue ja niit\u00e4 voidaan k\u00e4ytt\u00e4\u00e4 m\u00f6keist\u00e4 saniteettimoduuleihin.<br \/>\nKylpytynnyriin voidaan lis\u00e4t\u00e4 wc, pesutila, erillinen miesten ja naisten osasto tai jotain muuta.<br \/>\nKylpytynnyreit\u00e4 ilman saniteettiosaa k\u00e4ytet\u00e4\u00e4n esimerkiksi toimistona, m\u00f6kiss\u00e4, korjaamossa tai ravintolassa.<br \/>\nKaikki moduulit voidaan liitt\u00e4\u00e4 yhteen suuremmiksi huoneiksi.<\/p>\n<p>Asiantuntijamme ovat my\u00f6s rakentaneet monimutkaisia \u200b\u200bratkaisuja, jotka koostuvat kymmenist\u00e4 moduulihyteist\u00e4.<br \/>\nModulX-ohjaamoita on saatavilla eri v\u00e4reiss\u00e4, ikkunoiden ja ovien sijainti on vapaasti valittavissa ja ne rakennetaan pulttikehykselle.<\/p>\n<h2>Modulx eristetty wc &#8211; Laatu<\/h2>\n<p>Modulxin laatu on ensiluokkaista, se on merkki, joka on ollut markkinoilla yli 40 vuotta ja laadusta ei tehd\u00e4 kompromisseja.<br \/>\nS\u00e4\u00e4neristys alkaa katosta. Se on valmistettu yksiosaisesta valssatusta sinkkilevyst\u00e4.<br \/>\nHyttien yhdist\u00e4miseen k\u00e4ytet\u00e4\u00e4n erityist\u00e4 liit\u00e4nt\u00e4sarjaa.<br \/>\nModuulit voidaan kuljettaa asiakkaan et\u00e4alueille kahden eriss\u00e4.<br \/>\nT\u00e4m\u00e4 pit\u00e4\u00e4 toimitushinnan alhaisena.<\/p>\n<h2>Teknologiamme on modernia ja kuljettajamme ovat korkeasti koulutettuja.<\/h2>\n<p>*Merikonttien myynti<br \/>\n* Merikontin vuokraus<br \/>\n* Merikonttien talteenotto<br \/>\n* Merikonttien korjaus<br \/>\n* Merikonttien varastointi<br \/>\n* L\u00e4mmitysakkujen myynti<br \/>\n* l\u00e4mmittimien vuokra<br \/>\n* Pienitalojen myynti<br \/>\n* Vuokraa minitaloja<br \/>\n* Kuljetus<br \/>\n* Varastopalvelu<\/p>\n<ul>\n<li>Parhaan hinnan takuu \u2013 teemme aina parhaan tarjouksen kontista.<\/li>\n<\/ul>\n<p>Seuraa meit\u00e4<span>\u00a0<\/span><a href=\"https:\/\/www.facebook.com\/konteinerveod\/\">Facebook<\/a><span>\u00a0<\/span>tai<span>\u00a0<\/span><a href=\"https:\/\/www.instagram.com\/ou_miil\/\">Instagram<\/a><\/p>\n","protected":false},"excerpt":{"rendered":"<p>Toimisto- ja ty\u00f6maakontti Modulx eristetty wc korkealla katolla Toimisto- ja ty\u00f6maakontti Modulx eristetty wc on uusi ja edustava asiantuntijoidemme rakentama eristeinen ulkok\u00e4ym\u00e4l\u00e4. Voimme rakentaa ohjaamoon mielenkiintoisen saniteettiratkaisun asiakkaan toiveiden ja tarpeiden mukaan. Miil O\u00dc edustaa Containex- ja ModulX-moduulihyttej\u00e4, joissa on CE-merkit. CE-merkinn\u00e4t ovat laatumerkki, joka varmistaa, ett\u00e4 hytit ovat turvallisia k\u00e4ytt\u00e4\u00e4, rakennettu standardien mukaan ja&#8230;<\/p>\n","protected":false},"featured_media":43153,"comment_status":"closed","ping_status":"closed","template":"","meta":{"_acf_changed":false},"product_cat":[343,407],"product_tag":[],"class_list":{"0":"post-42998","1":"product","2":"type-product","3":"status-publish","4":"has-post-thumbnail","6":"product_cat-eristekontit","7":"product_cat-uudet-toimistokontit","9":"first","10":"instock","11":"shipping-taxable","12":"purchasable","13":"product-type-simple"},"acf":[],"yoast_head":"<!-- This site is optimized with the Yoast SEO Premium plugin v23.9 (Yoast SEO v27.5) - https:\/\/yoast.com\/product\/yoast-seo-premium-wordpress\/ -->\n<title>Modulx eristetty wc - Miil O\u00dc<\/title>\n<meta name=\"description\" content=\"Modulx eristetty wc | Minitalot ja -m\u00f6kit | M\u00f6kkien vuokraus ja myynti | Kuljetus ja korjaukset | S\u00e4hk\u00f6ty\u00f6t ja l\u00e4mmitys | Best in Finland \u2b50\ufe0f\u2b50\ufe0f\u2b50\ufe0f\u2b50\ufe0f\u2b50\ufe0f\" \/>\n<meta name=\"robots\" content=\"index, follow, max-snippet:-1, max-image-preview:large, max-video-preview:-1\" \/>\n<link rel=\"canonical\" href=\"https:\/\/miil.dev.almic.ee\/fi\/toode\/modulx-toimisto-ja-tyomaakontti-miiu0355\/\" \/>\n<meta property=\"og:locale\" content=\"fi_FI\" \/>\n<meta property=\"og:type\" content=\"article\" \/>\n<meta property=\"og:title\" content=\"ModulX toimisto- ja ty\u00f6maakontti MIIU0355\" \/>\n<meta property=\"og:description\" content=\"Modulx eristetty wc | Minitalot ja -m\u00f6kit | M\u00f6kkien vuokraus ja myynti | Kuljetus ja korjaukset | S\u00e4hk\u00f6ty\u00f6t ja l\u00e4mmitys | Best in Finland \u2b50\ufe0f\u2b50\ufe0f\u2b50\ufe0f\u2b50\ufe0f\u2b50\ufe0f\" \/>\n<meta property=\"og:url\" content=\"https:\/\/miil.dev.almic.ee\/fi\/toode\/modulx-toimisto-ja-tyomaakontti-miiu0355\/\" \/>\n<meta property=\"og:site_name\" content=\"Miil O\u00dc\" \/>\n<meta property=\"article:publisher\" content=\"https:\/\/www.facebook.com\/konteinerveod\/\" \/>\n<meta property=\"article:modified_time\" content=\"2024-11-06T12:41:21+00:00\" \/>\n<meta property=\"og:image\" content=\"https:\/\/miil.dev.almic.ee\/wp-content\/uploads\/2023\/07\/soojak-valikaimla-hoone-meeste-naiste-inva-kaimla-scaled.jpg\" \/>\n\t<meta property=\"og:image:width\" content=\"1900\" \/>\n\t<meta property=\"og:image:height\" content=\"1425\" \/>\n\t<meta property=\"og:image:type\" content=\"image\/jpeg\" \/>\n<meta name=\"twitter:card\" content=\"summary_large_image\" \/>\n<meta name=\"twitter:label1\" content=\"Hinta\" \/>\n\t<meta name=\"twitter:data1\" content=\"14990,00&nbsp;&euro;\" \/>\n\t<meta name=\"twitter:label2\" content=\"Saatavuus\" \/>\n\t<meta name=\"twitter:data2\" content=\"Varastossa\" \/>\n<script type=\"application\/ld+json\" class=\"yoast-schema-graph\">{\"@context\":\"https:\\\/\\\/schema.org\",\"@graph\":[{\"@type\":\"WebPage\",\"@id\":\"https:\\\/\\\/miil.dev.almic.ee\\\/fi\\\/toode\\\/modulx-toimisto-ja-tyomaakontti-miiu0355\\\/\",\"url\":\"https:\\\/\\\/miil.dev.almic.ee\\\/fi\\\/toode\\\/modulx-toimisto-ja-tyomaakontti-miiu0355\\\/\",\"name\":\"Modulx eristetty wc - Miil O\u00dc\",\"isPartOf\":{\"@id\":\"https:\\\/\\\/miil.dev.almic.ee\\\/#website\"},\"primaryImageOfPage\":{\"@id\":\"https:\\\/\\\/miil.dev.almic.ee\\\/fi\\\/toode\\\/modulx-toimisto-ja-tyomaakontti-miiu0355\\\/#primaryimage\"},\"image\":{\"@id\":\"https:\\\/\\\/miil.dev.almic.ee\\\/fi\\\/toode\\\/modulx-toimisto-ja-tyomaakontti-miiu0355\\\/#primaryimage\"},\"thumbnailUrl\":\"https:\\\/\\\/miil.dev.almic.ee\\\/wp-content\\\/uploads\\\/2023\\\/07\\\/soojak-valikaimla-hoone-meeste-naiste-inva-kaimla-scaled.jpg\",\"datePublished\":\"2023-07-12T08:53:07+00:00\",\"dateModified\":\"2024-11-06T12:41:21+00:00\",\"description\":\"Modulx eristetty wc | Minitalot ja -m\u00f6kit | M\u00f6kkien vuokraus ja myynti | Kuljetus ja korjaukset | S\u00e4hk\u00f6ty\u00f6t ja l\u00e4mmitys | Best in Finland \u2b50\ufe0f\u2b50\ufe0f\u2b50\ufe0f\u2b50\ufe0f\u2b50\ufe0f\",\"breadcrumb\":{\"@id\":\"https:\\\/\\\/miil.dev.almic.ee\\\/fi\\\/toode\\\/modulx-toimisto-ja-tyomaakontti-miiu0355\\\/#breadcrumb\"},\"inLanguage\":\"fi\",\"potentialAction\":[{\"@type\":\"ReadAction\",\"target\":[\"https:\\\/\\\/miil.dev.almic.ee\\\/fi\\\/toode\\\/modulx-toimisto-ja-tyomaakontti-miiu0355\\\/\"]}]},{\"@type\":\"ImageObject\",\"inLanguage\":\"fi\",\"@id\":\"https:\\\/\\\/miil.dev.almic.ee\\\/fi\\\/toode\\\/modulx-toimisto-ja-tyomaakontti-miiu0355\\\/#primaryimage\",\"url\":\"https:\\\/\\\/miil.dev.almic.ee\\\/wp-content\\\/uploads\\\/2023\\\/07\\\/soojak-valikaimla-hoone-meeste-naiste-inva-kaimla-scaled.jpg\",\"contentUrl\":\"https:\\\/\\\/miil.dev.almic.ee\\\/wp-content\\\/uploads\\\/2023\\\/07\\\/soojak-valikaimla-hoone-meeste-naiste-inva-kaimla-scaled.jpg\",\"width\":1900,\"height\":1425},{\"@type\":\"BreadcrumbList\",\"@id\":\"https:\\\/\\\/miil.dev.almic.ee\\\/fi\\\/toode\\\/modulx-toimisto-ja-tyomaakontti-miiu0355\\\/#breadcrumb\",\"itemListElement\":[{\"@type\":\"ListItem\",\"position\":1,\"name\":\"Home\",\"item\":\"https:\\\/\\\/miil.dev.almic.ee\\\/fi\\\/\"},{\"@type\":\"ListItem\",\"position\":2,\"name\":\"Kauppa\",\"item\":\"https:\\\/\\\/miil.dev.almic.ee\\\/fi\\\/kauppa\\\/\"},{\"@type\":\"ListItem\",\"position\":3,\"name\":\"ModulX toimisto- ja ty\u00f6maakontti MIIU0355\"}]},{\"@type\":\"WebSite\",\"@id\":\"https:\\\/\\\/miil.dev.almic.ee\\\/#website\",\"url\":\"https:\\\/\\\/miil.dev.almic.ee\\\/\",\"name\":\"Miil O\u00dc\",\"description\":\"Konteinerveod\",\"publisher\":{\"@id\":\"https:\\\/\\\/miil.dev.almic.ee\\\/#organization\"},\"potentialAction\":[{\"@type\":\"SearchAction\",\"target\":{\"@type\":\"EntryPoint\",\"urlTemplate\":\"https:\\\/\\\/miil.dev.almic.ee\\\/?s={search_term_string}\"},\"query-input\":{\"@type\":\"PropertyValueSpecification\",\"valueRequired\":true,\"valueName\":\"search_term_string\"}}],\"inLanguage\":\"fi\"},{\"@type\":\"Organization\",\"@id\":\"https:\\\/\\\/miil.dev.almic.ee\\\/#organization\",\"name\":\"Miil O\u00dc\",\"url\":\"https:\\\/\\\/miil.dev.almic.ee\\\/\",\"logo\":{\"@type\":\"ImageObject\",\"inLanguage\":\"fi\",\"@id\":\"https:\\\/\\\/miil.dev.almic.ee\\\/#\\\/schema\\\/logo\\\/image\\\/\",\"url\":\"https:\\\/\\\/www.miil.ee\\\/wp-content\\\/uploads\\\/2022\\\/02\\\/Miil-logo.svg\",\"contentUrl\":\"https:\\\/\\\/www.miil.ee\\\/wp-content\\\/uploads\\\/2022\\\/02\\\/Miil-logo.svg\",\"width\":\"1024\",\"height\":\"1024\",\"caption\":\"Miil O\u00dc\"},\"image\":{\"@id\":\"https:\\\/\\\/miil.dev.almic.ee\\\/#\\\/schema\\\/logo\\\/image\\\/\"},\"sameAs\":[\"https:\\\/\\\/www.facebook.com\\\/konteinerveod\\\/\",\"https:\\\/\\\/www.instagram.com\\\/ou_miil\\\/\"]}]}<\/script>\n<meta property=\"product:price:amount\" content=\"14990.00\" \/>\n<meta property=\"product:price:currency\" content=\"EUR\" \/>\n<meta property=\"og:availability\" content=\"instock\" \/>\n<meta property=\"product:availability\" content=\"instock\" \/>\n<meta property=\"product:condition\" content=\"new\" \/>\n<!-- \/ Yoast SEO Premium plugin. -->","yoast_head_json":{"title":"Modulx eristetty wc - Miil O\u00dc","description":"Modulx eristetty wc | Minitalot ja -m\u00f6kit | M\u00f6kkien vuokraus ja myynti | Kuljetus ja korjaukset | S\u00e4hk\u00f6ty\u00f6t ja l\u00e4mmitys | Best in Finland \u2b50\ufe0f\u2b50\ufe0f\u2b50\ufe0f\u2b50\ufe0f\u2b50\ufe0f","robots":{"index":"index","follow":"follow","max-snippet":"max-snippet:-1","max-image-preview":"max-image-preview:large","max-video-preview":"max-video-preview:-1"},"canonical":"https:\/\/miil.dev.almic.ee\/fi\/toode\/modulx-toimisto-ja-tyomaakontti-miiu0355\/","og_locale":"fi_FI","og_type":"article","og_title":"ModulX toimisto- ja ty\u00f6maakontti MIIU0355","og_description":"Modulx eristetty wc | Minitalot ja -m\u00f6kit | M\u00f6kkien vuokraus ja myynti | Kuljetus ja korjaukset | S\u00e4hk\u00f6ty\u00f6t ja l\u00e4mmitys | Best in Finland \u2b50\ufe0f\u2b50\ufe0f\u2b50\ufe0f\u2b50\ufe0f\u2b50\ufe0f","og_url":"https:\/\/miil.dev.almic.ee\/fi\/toode\/modulx-toimisto-ja-tyomaakontti-miiu0355\/","og_site_name":"Miil O\u00dc","article_publisher":"https:\/\/www.facebook.com\/konteinerveod\/","article_modified_time":"2024-11-06T12:41:21+00:00","og_image":[{"width":1900,"height":1425,"url":"https:\/\/miil.dev.almic.ee\/wp-content\/uploads\/2023\/07\/soojak-valikaimla-hoone-meeste-naiste-inva-kaimla-scaled.jpg","type":"image\/jpeg"}],"twitter_card":"summary_large_image","twitter_misc":{"Hinta":"14990,00&nbsp;&euro;","Saatavuus":"Varastossa"},"schema":{"@context":"https:\/\/schema.org","@graph":[{"@type":"WebPage","@id":"https:\/\/miil.dev.almic.ee\/fi\/toode\/modulx-toimisto-ja-tyomaakontti-miiu0355\/","url":"https:\/\/miil.dev.almic.ee\/fi\/toode\/modulx-toimisto-ja-tyomaakontti-miiu0355\/","name":"Modulx eristetty wc - Miil O\u00dc","isPartOf":{"@id":"https:\/\/miil.dev.almic.ee\/#website"},"primaryImageOfPage":{"@id":"https:\/\/miil.dev.almic.ee\/fi\/toode\/modulx-toimisto-ja-tyomaakontti-miiu0355\/#primaryimage"},"image":{"@id":"https:\/\/miil.dev.almic.ee\/fi\/toode\/modulx-toimisto-ja-tyomaakontti-miiu0355\/#primaryimage"},"thumbnailUrl":"https:\/\/miil.dev.almic.ee\/wp-content\/uploads\/2023\/07\/soojak-valikaimla-hoone-meeste-naiste-inva-kaimla-scaled.jpg","datePublished":"2023-07-12T08:53:07+00:00","dateModified":"2024-11-06T12:41:21+00:00","description":"Modulx eristetty wc | Minitalot ja -m\u00f6kit | M\u00f6kkien vuokraus ja myynti | Kuljetus ja korjaukset | S\u00e4hk\u00f6ty\u00f6t ja l\u00e4mmitys | Best in Finland \u2b50\ufe0f\u2b50\ufe0f\u2b50\ufe0f\u2b50\ufe0f\u2b50\ufe0f","breadcrumb":{"@id":"https:\/\/miil.dev.almic.ee\/fi\/toode\/modulx-toimisto-ja-tyomaakontti-miiu0355\/#breadcrumb"},"inLanguage":"fi","potentialAction":[{"@type":"ReadAction","target":["https:\/\/miil.dev.almic.ee\/fi\/toode\/modulx-toimisto-ja-tyomaakontti-miiu0355\/"]}]},{"@type":"ImageObject","inLanguage":"fi","@id":"https:\/\/miil.dev.almic.ee\/fi\/toode\/modulx-toimisto-ja-tyomaakontti-miiu0355\/#primaryimage","url":"https:\/\/miil.dev.almic.ee\/wp-content\/uploads\/2023\/07\/soojak-valikaimla-hoone-meeste-naiste-inva-kaimla-scaled.jpg","contentUrl":"https:\/\/miil.dev.almic.ee\/wp-content\/uploads\/2023\/07\/soojak-valikaimla-hoone-meeste-naiste-inva-kaimla-scaled.jpg","width":1900,"height":1425},{"@type":"BreadcrumbList","@id":"https:\/\/miil.dev.almic.ee\/fi\/toode\/modulx-toimisto-ja-tyomaakontti-miiu0355\/#breadcrumb","itemListElement":[{"@type":"ListItem","position":1,"name":"Home","item":"https:\/\/miil.dev.almic.ee\/fi\/"},{"@type":"ListItem","position":2,"name":"Kauppa","item":"https:\/\/miil.dev.almic.ee\/fi\/kauppa\/"},{"@type":"ListItem","position":3,"name":"ModulX toimisto- ja ty\u00f6maakontti MIIU0355"}]},{"@type":"WebSite","@id":"https:\/\/miil.dev.almic.ee\/#website","url":"https:\/\/miil.dev.almic.ee\/","name":"Miil O\u00dc","description":"Konteinerveod","publisher":{"@id":"https:\/\/miil.dev.almic.ee\/#organization"},"potentialAction":[{"@type":"SearchAction","target":{"@type":"EntryPoint","urlTemplate":"https:\/\/miil.dev.almic.ee\/?s={search_term_string}"},"query-input":{"@type":"PropertyValueSpecification","valueRequired":true,"valueName":"search_term_string"}}],"inLanguage":"fi"},{"@type":"Organization","@id":"https:\/\/miil.dev.almic.ee\/#organization","name":"Miil O\u00dc","url":"https:\/\/miil.dev.almic.ee\/","logo":{"@type":"ImageObject","inLanguage":"fi","@id":"https:\/\/miil.dev.almic.ee\/#\/schema\/logo\/image\/","url":"https:\/\/www.miil.ee\/wp-content\/uploads\/2022\/02\/Miil-logo.svg","contentUrl":"https:\/\/www.miil.ee\/wp-content\/uploads\/2022\/02\/Miil-logo.svg","width":"1024","height":"1024","caption":"Miil O\u00dc"},"image":{"@id":"https:\/\/miil.dev.almic.ee\/#\/schema\/logo\/image\/"},"sameAs":["https:\/\/www.facebook.com\/konteinerveod\/","https:\/\/www.instagram.com\/ou_miil\/"]}]},"product_price_amount":"14990.00","product_price_currency":"EUR","og_availability":"instock","product_availability":"instock","product_condition":"new"},"_links":{"self":[{"href":"https:\/\/miil.dev.almic.ee\/fi\/wp-json\/wp\/v2\/product\/42998","targetHints":{"allow":["GET"]}}],"collection":[{"href":"https:\/\/miil.dev.almic.ee\/fi\/wp-json\/wp\/v2\/product"}],"about":[{"href":"https:\/\/miil.dev.almic.ee\/fi\/wp-json\/wp\/v2\/types\/product"}],"replies":[{"embeddable":true,"href":"https:\/\/miil.dev.almic.ee\/fi\/wp-json\/wp\/v2\/comments?post=42998"}],"wp:featuredmedia":[{"embeddable":true,"href":"https:\/\/miil.dev.almic.ee\/fi\/wp-json\/wp\/v2\/media\/43153"}],"wp:attachment":[{"href":"https:\/\/miil.dev.almic.ee\/fi\/wp-json\/wp\/v2\/media?parent=42998"}],"wp:term":[{"taxonomy":"product_cat","embeddable":true,"href":"https:\/\/miil.dev.almic.ee\/fi\/wp-json\/wp\/v2\/product_cat?post=42998"},{"taxonomy":"product_tag","embeddable":true,"href":"https:\/\/miil.dev.almic.ee\/fi\/wp-json\/wp\/v2\/product_tag?post=42998"}],"curies":[{"name":"wp","href":"https:\/\/api.w.org\/{rel}","templated":true}]}}