{"id":42172,"date":"2023-07-05T13:42:55","date_gmt":"2023-07-05T10:42:56","guid":{"rendered":"https:\/\/www.miil.ee\/?post_type=product&#038;p=42172"},"modified":"2024-11-06T15:05:05","modified_gmt":"2024-11-06T13:05:05","slug":"modulx-toimisto-ja-tyomaakontti-modulaarinen-talo-miiu0345","status":"publish","type":"product","link":"https:\/\/miil.dev.almic.ee\/fi\/toode\/modulx-toimisto-ja-tyomaakontti-modulaarinen-talo-miiu0345\/","title":{"rendered":"ModulX toimisto- ja ty\u00f6maakontti modulaarinen talo- MIIU0345"},"content":{"rendered":"<h1>Modulaarinen talo<\/h1>\n<p>Minitalo &#8211; moduulitalo asiakkaan toiveiden mukaan.<br \/>\nKuvan talo on rakennettu asiakkaan pyynn\u00f6st\u00e4 ja asennettu Fibo-paloille.<br \/>\nTalossa on saniteettitila, varasto, toimisto-osa, huoltohalli ja erikoistoiveet huomioiva s\u00e4hk\u00f6j\u00e4rjestelm\u00e4.<\/p>\n<p>Rakennamme erilaisia \u200b\u200bhuoneita, t\u00e4ydenn\u00e4mme ja asennamme tarvittaessa toisen kerroksen.<br \/>\nT\u00e4llaista rakennusta voidaan my\u00f6hemmin laajentaa, jolloin koko rakentamista ei tarvitse tehd\u00e4 kerralla.<br \/>\nPatterien lis\u00e4ksi asennamme rakennukseen my\u00f6s AC-pumpun pit\u00e4m\u00e4\u00e4n l\u00e4mp\u00f6tila k\u00e4ytt\u00e4j\u00e4yst\u00e4v\u00e4llisen\u00e4 kes\u00e4ll\u00e4.<\/p>\n<p>T\u00e4llainen minitalo koostuu moduuleista, yhden moduulin mitat ovat 6 metri\u00e4 pitk\u00e4, 2,44 metri\u00e4 leve\u00e4 ja 2,8 metri\u00e4 korkea.<br \/>\nSis\u00e4korkeus on 2,5 metri\u00e4, mik\u00e4 luo tarpeeksi tilaa mihin tahansa tarkoitukseen.<\/p>\n<h2>Minitalo toimistoksi?<\/h2>\n<p>Minitalo ei ole vain kes\u00e4m\u00f6kki, vaan se sopii my\u00f6s toimisto-, majoitus- tai tuotantotilaan.<br \/>\nModuuleita voidaan k\u00e4ytt\u00e4\u00e4 my\u00f6s korkeaa puhtautta vaativaan toimintaan, koska pinnat ovat helposti puhdistettavia ja kosteutta kest\u00e4vi\u00e4.<br \/>\nModulaarisen talon pidempi sivu koostuu viidest\u00e4 paneelista ja lyhyempi sivu kahdesta.<br \/>\nIkkunat, ovet ja s\u00e4hk\u00f6pistokkeet on jo tehtaalla asennettu paneelin sis\u00e4\u00e4n.<br \/>\nPaneelin asentoa voidaan muuttaa yhdess\u00e4 ikkunan ja s\u00e4hk\u00f6pistorasian kanssa.<br \/>\nYhden pakettimoduulin kokoaminen asiakkaan toiveiden mukaan kest\u00e4\u00e4 kolme tuntia, asennamme jopa nelj\u00e4 moduulia alusta loppuun yhdess\u00e4 p\u00e4iv\u00e4ss\u00e4.<\/p>\n<p>T\u00e4llainen rakennus ei tarvitse perustusta tai rakentajaa!<br \/>\nViel\u00e4 v\u00e4hemm\u00e4n on tarvetta k\u00e4yd\u00e4 rautakaupassa, tarvittaessa rakennamme my\u00f6s pohjan asiakkaalle.<\/p>\n<h2>Taloratkaisu nopeasti ja edullisesti.<\/h2>\n<p>T\u00e4llainen moduulitalo on ehdottomasti markkinoiden edullisin laadukas ratkaisu.<br \/>\nJokaisella moduulilla on CE-merkint\u00e4, mik\u00e4 tarkoittaa, ett\u00e4 laatuvaatimukset on tarkastettu ja ne t\u00e4ytt\u00e4v\u00e4t EU:n vaatimukset.<br \/>\nLis\u00e4ksi CE-merkint\u00e4 takaa tuotteen turvallisuuden, esimerkiksi s\u00e4hk\u00f6j\u00e4rjestelm\u00e4 on suunniteltu EU:n vaatimusten mukaisesti.<br \/>\nPultattu runko antaa rungolle eritt\u00e4in pitk\u00e4kestoisen lujuuden, ja sinkitty tai maalattu valssattu katto on olennaisesti ikuinen.<br \/>\nMinitalo alkaa rungosta, emmek\u00e4 ole tehneet kompromisseja laadusta.<\/p>\n<p>Kokoamme rakennuksen omaan terminaaliimme Valtsi 1, Lagedi ja toimitamme valmiin ratkaisun, jonka yhdist\u00e4mme yhdeksi kokonaisuudeksi paikan p\u00e4\u00e4ll\u00e4.<br \/>\nMeill\u00e4 on paikan p\u00e4\u00e4ll\u00e4 erilaisia \u200b\u200bvalmiita ratkaisuja, joihin voit tutustua ma-pe 8-18<\/p>\n<p>K\u00e4yt\u00e4mme kuljetukseen <a href=\"https:\/\/www.miil.ee\/fi\/palvelut\/nosturi\/\">nosturia<\/a> tai <a href=\"https:\/\/www.miil.ee\/fi\/palvelut\/sideloader\/\">sideloader<\/a><br \/>\nmonimutkaisempi kuljetus on mahdollista <a href=\"https:\/\/www.miil.ee\/fi\/palvelut\/ram-kippauslaite\/\">RAM per\u00e4vaunulla<\/a>.<\/p>\n<p>Seuraa meit\u00e4 <a href=\"https:\/\/www.facebook.com\/konteinerveod\/\">Facebook<\/a> tai <a href=\"https:\/\/www.instagram.com\/ou_miil\/\">Instagram<\/a><\/p>\n","protected":false},"excerpt":{"rendered":"<p>Modulaarinen talo Minitalo &#8211; moduulitalo asiakkaan toiveiden mukaan. Kuvan talo on rakennettu asiakkaan pyynn\u00f6st\u00e4 ja asennettu Fibo-paloille. Talossa on saniteettitila, varasto, toimisto-osa, huoltohalli ja erikoistoiveet huomioiva s\u00e4hk\u00f6j\u00e4rjestelm\u00e4. Rakennamme erilaisia \u200b\u200bhuoneita, t\u00e4ydenn\u00e4mme ja asennamme tarvittaessa toisen kerroksen. T\u00e4llaista rakennusta voidaan my\u00f6hemmin laajentaa, jolloin koko rakentamista ei tarvitse tehd\u00e4 kerralla. Patterien lis\u00e4ksi asennamme rakennukseen my\u00f6s AC-pumpun pit\u00e4m\u00e4\u00e4n&#8230;<\/p>\n","protected":false},"featured_media":42252,"comment_status":"closed","ping_status":"closed","template":"","meta":{"_acf_changed":false},"product_cat":[343,407],"product_tag":[],"class_list":{"0":"post-42172","1":"product","2":"type-product","3":"status-publish","4":"has-post-thumbnail","6":"product_cat-eristekontit","7":"product_cat-uudet-toimistokontit","9":"first","10":"instock","11":"shipping-taxable","12":"purchasable","13":"product-type-simple"},"acf":[],"yoast_head":"<!-- This site is optimized with the Yoast SEO Premium plugin v23.9 (Yoast SEO v27.5) - https:\/\/yoast.com\/product\/yoast-seo-premium-wordpress\/ -->\n<title>ModulX toimisto- ja ty\u00f6maakontti modulaarinen talo- MIIU0345 - Miil O\u00dc<\/title>\n<meta name=\"description\" content=\"modulaarinen talo | Mittatilausty\u00f6n\u00e4 tehdyt kannettavat hytit | Minitalot ja -m\u00f6kit | M\u00f6kkien vuokraus ja myynti | Kuljetus ja korjaukset |\" \/>\n<meta name=\"robots\" content=\"index, follow, max-snippet:-1, max-image-preview:large, max-video-preview:-1\" \/>\n<link rel=\"canonical\" href=\"https:\/\/miil.dev.almic.ee\/fi\/toode\/modulx-toimisto-ja-tyomaakontti-modulaarinen-talo-miiu0345\/\" \/>\n<meta property=\"og:locale\" content=\"fi_FI\" \/>\n<meta property=\"og:type\" content=\"article\" \/>\n<meta property=\"og:title\" content=\"ModulX toimisto- ja ty\u00f6maakontti modulaarinen talo- MIIU0345\" \/>\n<meta property=\"og:description\" content=\"modulaarinen talo | Mittatilausty\u00f6n\u00e4 tehdyt kannettavat hytit | Minitalot ja -m\u00f6kit | M\u00f6kkien vuokraus ja myynti | Kuljetus ja korjaukset |\" \/>\n<meta property=\"og:url\" content=\"https:\/\/miil.dev.almic.ee\/fi\/toode\/modulx-toimisto-ja-tyomaakontti-modulaarinen-talo-miiu0345\/\" \/>\n<meta property=\"og:site_name\" content=\"Miil O\u00dc\" \/>\n<meta property=\"article:publisher\" content=\"https:\/\/www.facebook.com\/konteinerveod\/\" \/>\n<meta property=\"article:modified_time\" content=\"2024-11-06T13:05:05+00:00\" \/>\n<meta property=\"og:image\" content=\"https:\/\/miil.dev.almic.ee\/wp-content\/uploads\/2023\/07\/30-scaled.jpg\" \/>\n\t<meta property=\"og:image:width\" content=\"1900\" \/>\n\t<meta property=\"og:image:height\" content=\"1425\" \/>\n\t<meta property=\"og:image:type\" content=\"image\/jpeg\" \/>\n<meta name=\"twitter:card\" content=\"summary_large_image\" \/>\n<meta name=\"twitter:label1\" content=\"Hinta\" \/>\n\t<meta name=\"twitter:data1\" content=\"69000,00&nbsp;&euro;\" \/>\n\t<meta name=\"twitter:label2\" content=\"Saatavuus\" \/>\n\t<meta name=\"twitter:data2\" content=\"Varastossa\" \/>\n<script type=\"application\/ld+json\" class=\"yoast-schema-graph\">{\"@context\":\"https:\\\/\\\/schema.org\",\"@graph\":[{\"@type\":\"WebPage\",\"@id\":\"https:\\\/\\\/miil.dev.almic.ee\\\/fi\\\/toode\\\/modulx-toimisto-ja-tyomaakontti-modulaarinen-talo-miiu0345\\\/\",\"url\":\"https:\\\/\\\/miil.dev.almic.ee\\\/fi\\\/toode\\\/modulx-toimisto-ja-tyomaakontti-modulaarinen-talo-miiu0345\\\/\",\"name\":\"ModulX toimisto- ja ty\u00f6maakontti modulaarinen talo- MIIU0345 - Miil O\u00dc\",\"isPartOf\":{\"@id\":\"https:\\\/\\\/miil.dev.almic.ee\\\/#website\"},\"primaryImageOfPage\":{\"@id\":\"https:\\\/\\\/miil.dev.almic.ee\\\/fi\\\/toode\\\/modulx-toimisto-ja-tyomaakontti-modulaarinen-talo-miiu0345\\\/#primaryimage\"},\"image\":{\"@id\":\"https:\\\/\\\/miil.dev.almic.ee\\\/fi\\\/toode\\\/modulx-toimisto-ja-tyomaakontti-modulaarinen-talo-miiu0345\\\/#primaryimage\"},\"thumbnailUrl\":\"https:\\\/\\\/miil.dev.almic.ee\\\/wp-content\\\/uploads\\\/2023\\\/07\\\/30-scaled.jpg\",\"datePublished\":\"2023-07-05T10:42:56+00:00\",\"dateModified\":\"2024-11-06T13:05:05+00:00\",\"description\":\"modulaarinen talo | Mittatilausty\u00f6n\u00e4 tehdyt kannettavat hytit | Minitalot ja -m\u00f6kit | M\u00f6kkien vuokraus ja myynti | Kuljetus ja korjaukset |\",\"breadcrumb\":{\"@id\":\"https:\\\/\\\/miil.dev.almic.ee\\\/fi\\\/toode\\\/modulx-toimisto-ja-tyomaakontti-modulaarinen-talo-miiu0345\\\/#breadcrumb\"},\"inLanguage\":\"fi\",\"potentialAction\":[{\"@type\":\"ReadAction\",\"target\":[\"https:\\\/\\\/miil.dev.almic.ee\\\/fi\\\/toode\\\/modulx-toimisto-ja-tyomaakontti-modulaarinen-talo-miiu0345\\\/\"]}]},{\"@type\":\"ImageObject\",\"inLanguage\":\"fi\",\"@id\":\"https:\\\/\\\/miil.dev.almic.ee\\\/fi\\\/toode\\\/modulx-toimisto-ja-tyomaakontti-modulaarinen-talo-miiu0345\\\/#primaryimage\",\"url\":\"https:\\\/\\\/miil.dev.almic.ee\\\/wp-content\\\/uploads\\\/2023\\\/07\\\/30-scaled.jpg\",\"contentUrl\":\"https:\\\/\\\/miil.dev.almic.ee\\\/wp-content\\\/uploads\\\/2023\\\/07\\\/30-scaled.jpg\",\"width\":1900,\"height\":1425,\"caption\":\"Minimaja\"},{\"@type\":\"BreadcrumbList\",\"@id\":\"https:\\\/\\\/miil.dev.almic.ee\\\/fi\\\/toode\\\/modulx-toimisto-ja-tyomaakontti-modulaarinen-talo-miiu0345\\\/#breadcrumb\",\"itemListElement\":[{\"@type\":\"ListItem\",\"position\":1,\"name\":\"Home\",\"item\":\"https:\\\/\\\/miil.dev.almic.ee\\\/fi\\\/\"},{\"@type\":\"ListItem\",\"position\":2,\"name\":\"Kauppa\",\"item\":\"https:\\\/\\\/miil.dev.almic.ee\\\/fi\\\/kauppa\\\/\"},{\"@type\":\"ListItem\",\"position\":3,\"name\":\"ModulX toimisto- ja ty\u00f6maakontti modulaarinen talo- MIIU0345\"}]},{\"@type\":\"WebSite\",\"@id\":\"https:\\\/\\\/miil.dev.almic.ee\\\/#website\",\"url\":\"https:\\\/\\\/miil.dev.almic.ee\\\/\",\"name\":\"Miil O\u00dc\",\"description\":\"Konteinerveod\",\"publisher\":{\"@id\":\"https:\\\/\\\/miil.dev.almic.ee\\\/#organization\"},\"potentialAction\":[{\"@type\":\"SearchAction\",\"target\":{\"@type\":\"EntryPoint\",\"urlTemplate\":\"https:\\\/\\\/miil.dev.almic.ee\\\/?s={search_term_string}\"},\"query-input\":{\"@type\":\"PropertyValueSpecification\",\"valueRequired\":true,\"valueName\":\"search_term_string\"}}],\"inLanguage\":\"fi\"},{\"@type\":\"Organization\",\"@id\":\"https:\\\/\\\/miil.dev.almic.ee\\\/#organization\",\"name\":\"Miil O\u00dc\",\"url\":\"https:\\\/\\\/miil.dev.almic.ee\\\/\",\"logo\":{\"@type\":\"ImageObject\",\"inLanguage\":\"fi\",\"@id\":\"https:\\\/\\\/miil.dev.almic.ee\\\/#\\\/schema\\\/logo\\\/image\\\/\",\"url\":\"https:\\\/\\\/www.miil.ee\\\/wp-content\\\/uploads\\\/2022\\\/02\\\/Miil-logo.svg\",\"contentUrl\":\"https:\\\/\\\/www.miil.ee\\\/wp-content\\\/uploads\\\/2022\\\/02\\\/Miil-logo.svg\",\"width\":\"1024\",\"height\":\"1024\",\"caption\":\"Miil O\u00dc\"},\"image\":{\"@id\":\"https:\\\/\\\/miil.dev.almic.ee\\\/#\\\/schema\\\/logo\\\/image\\\/\"},\"sameAs\":[\"https:\\\/\\\/www.facebook.com\\\/konteinerveod\\\/\",\"https:\\\/\\\/www.instagram.com\\\/ou_miil\\\/\"]}]}<\/script>\n<meta property=\"product:price:amount\" content=\"69000.00\" \/>\n<meta property=\"product:price:currency\" content=\"EUR\" \/>\n<meta property=\"og:availability\" content=\"instock\" \/>\n<meta property=\"product:availability\" content=\"instock\" \/>\n<meta property=\"product:condition\" content=\"new\" \/>\n<!-- \/ Yoast SEO Premium plugin. -->","yoast_head_json":{"title":"ModulX toimisto- ja ty\u00f6maakontti modulaarinen talo- MIIU0345 - Miil O\u00dc","description":"modulaarinen talo | Mittatilausty\u00f6n\u00e4 tehdyt kannettavat hytit | Minitalot ja -m\u00f6kit | M\u00f6kkien vuokraus ja myynti | Kuljetus ja korjaukset |","robots":{"index":"index","follow":"follow","max-snippet":"max-snippet:-1","max-image-preview":"max-image-preview:large","max-video-preview":"max-video-preview:-1"},"canonical":"https:\/\/miil.dev.almic.ee\/fi\/toode\/modulx-toimisto-ja-tyomaakontti-modulaarinen-talo-miiu0345\/","og_locale":"fi_FI","og_type":"article","og_title":"ModulX toimisto- ja ty\u00f6maakontti modulaarinen talo- MIIU0345","og_description":"modulaarinen talo | Mittatilausty\u00f6n\u00e4 tehdyt kannettavat hytit | Minitalot ja -m\u00f6kit | M\u00f6kkien vuokraus ja myynti | Kuljetus ja korjaukset |","og_url":"https:\/\/miil.dev.almic.ee\/fi\/toode\/modulx-toimisto-ja-tyomaakontti-modulaarinen-talo-miiu0345\/","og_site_name":"Miil O\u00dc","article_publisher":"https:\/\/www.facebook.com\/konteinerveod\/","article_modified_time":"2024-11-06T13:05:05+00:00","og_image":[{"width":1900,"height":1425,"url":"https:\/\/miil.dev.almic.ee\/wp-content\/uploads\/2023\/07\/30-scaled.jpg","type":"image\/jpeg"}],"twitter_card":"summary_large_image","twitter_misc":{"Hinta":"69000,00&nbsp;&euro;","Saatavuus":"Varastossa"},"schema":{"@context":"https:\/\/schema.org","@graph":[{"@type":"WebPage","@id":"https:\/\/miil.dev.almic.ee\/fi\/toode\/modulx-toimisto-ja-tyomaakontti-modulaarinen-talo-miiu0345\/","url":"https:\/\/miil.dev.almic.ee\/fi\/toode\/modulx-toimisto-ja-tyomaakontti-modulaarinen-talo-miiu0345\/","name":"ModulX toimisto- ja ty\u00f6maakontti modulaarinen talo- MIIU0345 - Miil O\u00dc","isPartOf":{"@id":"https:\/\/miil.dev.almic.ee\/#website"},"primaryImageOfPage":{"@id":"https:\/\/miil.dev.almic.ee\/fi\/toode\/modulx-toimisto-ja-tyomaakontti-modulaarinen-talo-miiu0345\/#primaryimage"},"image":{"@id":"https:\/\/miil.dev.almic.ee\/fi\/toode\/modulx-toimisto-ja-tyomaakontti-modulaarinen-talo-miiu0345\/#primaryimage"},"thumbnailUrl":"https:\/\/miil.dev.almic.ee\/wp-content\/uploads\/2023\/07\/30-scaled.jpg","datePublished":"2023-07-05T10:42:56+00:00","dateModified":"2024-11-06T13:05:05+00:00","description":"modulaarinen talo | Mittatilausty\u00f6n\u00e4 tehdyt kannettavat hytit | Minitalot ja -m\u00f6kit | M\u00f6kkien vuokraus ja myynti | Kuljetus ja korjaukset |","breadcrumb":{"@id":"https:\/\/miil.dev.almic.ee\/fi\/toode\/modulx-toimisto-ja-tyomaakontti-modulaarinen-talo-miiu0345\/#breadcrumb"},"inLanguage":"fi","potentialAction":[{"@type":"ReadAction","target":["https:\/\/miil.dev.almic.ee\/fi\/toode\/modulx-toimisto-ja-tyomaakontti-modulaarinen-talo-miiu0345\/"]}]},{"@type":"ImageObject","inLanguage":"fi","@id":"https:\/\/miil.dev.almic.ee\/fi\/toode\/modulx-toimisto-ja-tyomaakontti-modulaarinen-talo-miiu0345\/#primaryimage","url":"https:\/\/miil.dev.almic.ee\/wp-content\/uploads\/2023\/07\/30-scaled.jpg","contentUrl":"https:\/\/miil.dev.almic.ee\/wp-content\/uploads\/2023\/07\/30-scaled.jpg","width":1900,"height":1425,"caption":"Minimaja"},{"@type":"BreadcrumbList","@id":"https:\/\/miil.dev.almic.ee\/fi\/toode\/modulx-toimisto-ja-tyomaakontti-modulaarinen-talo-miiu0345\/#breadcrumb","itemListElement":[{"@type":"ListItem","position":1,"name":"Home","item":"https:\/\/miil.dev.almic.ee\/fi\/"},{"@type":"ListItem","position":2,"name":"Kauppa","item":"https:\/\/miil.dev.almic.ee\/fi\/kauppa\/"},{"@type":"ListItem","position":3,"name":"ModulX toimisto- ja ty\u00f6maakontti modulaarinen talo- MIIU0345"}]},{"@type":"WebSite","@id":"https:\/\/miil.dev.almic.ee\/#website","url":"https:\/\/miil.dev.almic.ee\/","name":"Miil O\u00dc","description":"Konteinerveod","publisher":{"@id":"https:\/\/miil.dev.almic.ee\/#organization"},"potentialAction":[{"@type":"SearchAction","target":{"@type":"EntryPoint","urlTemplate":"https:\/\/miil.dev.almic.ee\/?s={search_term_string}"},"query-input":{"@type":"PropertyValueSpecification","valueRequired":true,"valueName":"search_term_string"}}],"inLanguage":"fi"},{"@type":"Organization","@id":"https:\/\/miil.dev.almic.ee\/#organization","name":"Miil O\u00dc","url":"https:\/\/miil.dev.almic.ee\/","logo":{"@type":"ImageObject","inLanguage":"fi","@id":"https:\/\/miil.dev.almic.ee\/#\/schema\/logo\/image\/","url":"https:\/\/www.miil.ee\/wp-content\/uploads\/2022\/02\/Miil-logo.svg","contentUrl":"https:\/\/www.miil.ee\/wp-content\/uploads\/2022\/02\/Miil-logo.svg","width":"1024","height":"1024","caption":"Miil O\u00dc"},"image":{"@id":"https:\/\/miil.dev.almic.ee\/#\/schema\/logo\/image\/"},"sameAs":["https:\/\/www.facebook.com\/konteinerveod\/","https:\/\/www.instagram.com\/ou_miil\/"]}]},"product_price_amount":"69000.00","product_price_currency":"EUR","og_availability":"instock","product_availability":"instock","product_condition":"new"},"_links":{"self":[{"href":"https:\/\/miil.dev.almic.ee\/fi\/wp-json\/wp\/v2\/product\/42172","targetHints":{"allow":["GET"]}}],"collection":[{"href":"https:\/\/miil.dev.almic.ee\/fi\/wp-json\/wp\/v2\/product"}],"about":[{"href":"https:\/\/miil.dev.almic.ee\/fi\/wp-json\/wp\/v2\/types\/product"}],"replies":[{"embeddable":true,"href":"https:\/\/miil.dev.almic.ee\/fi\/wp-json\/wp\/v2\/comments?post=42172"}],"wp:featuredmedia":[{"embeddable":true,"href":"https:\/\/miil.dev.almic.ee\/fi\/wp-json\/wp\/v2\/media\/42252"}],"wp:attachment":[{"href":"https:\/\/miil.dev.almic.ee\/fi\/wp-json\/wp\/v2\/media?parent=42172"}],"wp:term":[{"taxonomy":"product_cat","embeddable":true,"href":"https:\/\/miil.dev.almic.ee\/fi\/wp-json\/wp\/v2\/product_cat?post=42172"},{"taxonomy":"product_tag","embeddable":true,"href":"https:\/\/miil.dev.almic.ee\/fi\/wp-json\/wp\/v2\/product_tag?post=42172"}],"curies":[{"name":"wp","href":"https:\/\/api.w.org\/{rel}","templated":true}]}}