{"id":37346,"date":"2023-06-08T00:08:07","date_gmt":"2023-06-07T21:08:07","guid":{"rendered":"https:\/\/www.miil.ee\/?post_type=product&#038;p=37346"},"modified":"2025-01-31T09:44:39","modified_gmt":"2025-01-31T07:44:39","slug":"modulx-toimistomokki-korkea","status":"publish","type":"product","link":"https:\/\/miil.dev.almic.ee\/fi\/toode\/modulx-toimistomokki-korkea\/","title":{"rendered":"ModulX toimisto- ja ty\u00f6maakontti &#8211; MIIU0777 &#8211; TARTU"},"content":{"rendered":"<h1>ModulX toimistom\u00f6kki &#8211; korkea<\/h1>\n<p>ModulX-toimistom\u00f6kki on 6 metri\u00e4 pitk\u00e4, 2,44 metri\u00e4 leve\u00e4 ja 2,8 metri\u00e4 korkea.<br \/>\nT\u00e4llainen toimistom\u00f6kki soveltuu myyntikioskiksi, vartioasemaksi, m\u00f6kiksi, liiketilaksi tai v\u00e4liaikaiseksi apurakennukseksi.<br \/>\nLattian kantavuus on 200kg\/m2 ja sit\u00e4 voidaan lis\u00e4t\u00e4.<br \/>\nModulX-toimistom\u00f6kit ovat aina korkealaatuisia ja CE-merkitty, t\u00e4m\u00e4 merkki osoittaa, ett\u00e4 toimistom\u00f6kki on turvallinen k\u00e4ytt\u00e4\u00e4 ja t\u00e4ytt\u00e4\u00e4 EU:n vaatimukset.<br \/>\nKiinte\u00e4 runko on pultattu yhteen, mik\u00e4 antaa suuren edun hitsattuihin kehyksiin verrattuna.<br \/>\nKatto on valssattu ja tinattu tai maalattu pelti.<br \/>\nLattia on eristetty 60mm mineraalivillalla, katto on eristetty 100mm mineraalivillalla ja sein\u00e4t 60mm villalla.<br \/>\nKiuas on tummanharmaa RAL7016, my\u00f6s muita v\u00e4rej\u00e4 voi tilata.<\/p>\n<ul>\n<li>Kaksi avattavaa ikkunaa<\/li>\n<li>Turvaverhot.<\/li>\n<li>Yksi ovi.<\/li>\n<li>Kaksi valoa.<\/li>\n<li>Korkea versio 2,8 m ulkokorkeus.<\/li>\n<li>Pistorasiat ikkunoiden alla ja yhdess\u00e4 lis\u00e4paneelissa.<\/li>\n<li>S\u00e4hk\u00f6paneeli.<\/li>\n<li>Valokytkin.<\/li>\n<li>l\u00e4mmityspatteri<\/li>\n<\/ul>\n<p><strong>Eristys<\/strong><br \/>\n\u2013 Sein\u00e4eristys 60mm villaa<br \/>\n\u2013 Katon eristysmineraalivilla 100mm.<br \/>\n\u2013 Lattiaeristys 60mm villaa.<\/p>\n<p><strong>S\u00e4hk\u00f6liit\u00e4nt\u00e4<\/strong><br \/>\n230V\/32A\/<\/p>\n<p><strong>S\u00e4hk\u00f6inen;<\/strong><br \/>\nS\u00e4hk\u00f6paneeli.<br \/>\n5 kpl pistokkeita.<br \/>\n1kpl valokytkin.<\/p>\n<p><strong>Lis\u00e4varusteet:<\/strong><br \/>\nIlmal\u00e4mp\u00f6pumppu 4,7kw \u2013 990.- + alv<br \/>\nPuupinta &#8211; 2990.- + alv<br \/>\nLis\u00e4\u00e4 ikkuna \u2013 590.- + alv<br \/>\nRullaovi &#8211; 1950.- + alv<\/p>\n<h2>M\u00f6kki ja minitalo<\/h2>\n<p>M\u00f6kki ei ole en\u00e4\u00e4 vain tilap\u00e4inen rakennus ty\u00f6maalla, vaan modernit, laadukkaat pulttiliitokset sopivat m\u00f6kille tai liiketiloihin.<br \/>\nValmis minitalo ei tarvitse perustusta tai rakentajaa &#8211; tilaa ja nauti!<br \/>\nAsennus kest\u00e4\u00e4 alle 30 minuuttia ja talo voi myyd\u00e4 valmiin ratkaisun, eli se voidaan toimittaa samana p\u00e4iv\u00e4n\u00e4.<br \/>\nJos haluat valita ikkunan tai oven sijainnin, se kest\u00e4\u00e4 jopa viikon.<br \/>\nLis\u00e4ty\u00f6t, kuten kattoty\u00f6t ja suuret ikkunat, kest\u00e4v\u00e4t noin nelj\u00e4 viikkoa.<\/p>\n<h2><strong>ModulX korkea toimistom\u00f6kki &#8211; ostaa vai vuokrata?<\/strong><\/h2>\n<p>Myynnin lis\u00e4ksi vuokraamme toimistom\u00f6kkej\u00e4.<br \/>\nT\u00e4m\u00e4 ratkaisu on ihanteellinen, jos toimistom\u00f6kki tarvitaan lyhytaikaiseen rakentamiseen tai miksei sesonkim\u00f6kkiksi, toimistoksi tai myyntipisteeksi.<br \/>\nToimistotilojen vuokraus on taattu ja l\u00f6yd\u00e4mme jokaiselle asiakkaalle sopivan ratkaisun.<br \/>\nMeilt\u00e4 voit my\u00f6s vuokrata panoraamaikkunoita, puutaloja tai tavallisia l\u00e4mpimi\u00e4 taloja ja minitaloja.<br \/>\nToimitamme ohjaamon ja asennamme sen asiakkaan toiveiden mukaan.<br \/>\nTarjoamme laajan valikoiman yhteisty\u00f6mahdollisuuksia esimerkiksi sesongin ulkopuoliseen varastointiin eri kaupungeissa sek\u00e4 osta nyt maksa my\u00f6hemmin yhteisty\u00f6ss\u00e4 Inbank.ee:n kanssa.<br \/>\nJos tarvitset yksi-, kaksi- tai monikerroksisen ratkaisun, olet oikeassa paikassa!<br \/>\nMik\u00e4\u00e4n projekti ei ole meille liian iso tai pieni, kysy rohkeasti, niin etsit\u00e4\u00e4n yhdess\u00e4 paras ratkaisu.<\/p>\n<p>K\u00e4yt\u00e4mme kuljetukseen <a href=\"https:\/\/www.miil.ee\/fi\/palvelut\/nosturi\/\">nosturia<\/a> tai <a href=\"https:\/\/www.miil.ee\/fi\/palvelut\/sideloader\/\">sideloader<\/a><br \/>\nmonimutkaisempi kuljetus on mahdollista <a href=\"https:\/\/www.miil.ee\/fi\/palvelut\/ram-kippauslaite\/\">RAM per\u00e4vaunulla<\/a>.<\/p>\n<p>Seuraa meit\u00e4 <a href=\"https:\/\/www.facebook.com\/konteinerveod\/\">Facebook<\/a> tai <a href=\"https:\/\/www.instagram.com\/ou_miil\/\">Instagram<\/a><\/p>\n","protected":false},"excerpt":{"rendered":"<ol>\n<li>ModulX-toimistom\u00f6kki on 6 metri\u00e4 pitk\u00e4, 2,44 metri\u00e4 leve\u00e4 ja 2,8 metri\u00e4 korkea, ja se soveltuu muun muassa myyntikioskiksi, vartioasemaksi tai liiketilaksi.<\/li>\n<li>Toimistom\u00f6kki on korkealaatuinen, CE-merkitty ja sen runko on pultattu yhteen, mik\u00e4 tuo etuja hitsattuihin kehyksiin verrattuna.<\/li>\n<li>ModulX-toimistom\u00f6kkej\u00e4 voi ostaa tai vuokrata, ja tarjoamme erilaisia lis\u00e4varusteita sek\u00e4 r\u00e4\u00e4t\u00e4l\u00f6ityj\u00e4 ratkaisuja asiakkaille.<\/li>\n<\/ol>\n","protected":false},"featured_media":37366,"comment_status":"closed","ping_status":"closed","template":"","meta":{"_acf_changed":false},"product_cat":[343,407],"product_tag":[],"class_list":{"0":"post-37346","1":"product","2":"type-product","3":"status-publish","4":"has-post-thumbnail","6":"product_cat-eristekontit","7":"product_cat-uudet-toimistokontit","9":"first","10":"instock","11":"shipping-taxable","12":"purchasable","13":"product-type-simple"},"acf":[],"yoast_head":"<!-- This site is optimized with the Yoast SEO Premium plugin v23.9 (Yoast SEO v27.5) - https:\/\/yoast.com\/product\/yoast-seo-premium-wordpress\/ -->\n<title>ModulX toimistom\u00f6kki - korkea - Miil O\u00dc<\/title>\n<meta name=\"description\" content=\"ModulX toimistom\u00f6kki - korkea | Mittatilausty\u00f6n\u00e4 tehdyt kannettavat hytit | Minitalot ja -m\u00f6kit | M\u00f6kkien vuokraus ja myynti | Kuljetus ja korjaukset |\" \/>\n<meta name=\"robots\" content=\"index, follow, max-snippet:-1, max-image-preview:large, max-video-preview:-1\" \/>\n<link rel=\"canonical\" href=\"https:\/\/miil.dev.almic.ee\/fi\/toode\/modulx-toimistomokki-korkea\/\" \/>\n<meta property=\"og:locale\" content=\"fi_FI\" \/>\n<meta property=\"og:type\" content=\"article\" \/>\n<meta property=\"og:title\" content=\"ModulX toimisto- ja ty\u00f6maakontti - MIIU0777 - TARTU\" \/>\n<meta property=\"og:description\" content=\"ModulX toimistom\u00f6kki - korkea | Mittatilausty\u00f6n\u00e4 tehdyt kannettavat hytit | Minitalot ja -m\u00f6kit | M\u00f6kkien vuokraus ja myynti | Kuljetus ja korjaukset |\" \/>\n<meta property=\"og:url\" content=\"https:\/\/miil.dev.almic.ee\/fi\/toode\/modulx-toimistomokki-korkea\/\" \/>\n<meta property=\"og:site_name\" content=\"Miil O\u00dc\" \/>\n<meta property=\"article:publisher\" content=\"https:\/\/www.facebook.com\/konteinerveod\/\" \/>\n<meta property=\"article:modified_time\" content=\"2025-01-31T07:44:39+00:00\" \/>\n<meta property=\"og:image\" content=\"https:\/\/miil.dev.almic.ee\/wp-content\/uploads\/2023\/06\/merekonteiner-soojak-muua-4-scaled.jpg\" \/>\n\t<meta property=\"og:image:width\" content=\"1900\" \/>\n\t<meta property=\"og:image:height\" content=\"1425\" \/>\n\t<meta property=\"og:image:type\" content=\"image\/jpeg\" \/>\n<meta name=\"twitter:card\" content=\"summary_large_image\" \/>\n<meta name=\"twitter:label1\" content=\"Hinta\" \/>\n\t<meta name=\"twitter:data1\" content=\"6990,00&nbsp;&euro;\" \/>\n\t<meta name=\"twitter:label2\" content=\"Saatavuus\" \/>\n\t<meta name=\"twitter:data2\" content=\"Varastossa\" \/>\n<script type=\"application\/ld+json\" class=\"yoast-schema-graph\">{\"@context\":\"https:\\\/\\\/schema.org\",\"@graph\":[{\"@type\":\"WebPage\",\"@id\":\"https:\\\/\\\/miil.dev.almic.ee\\\/fi\\\/toode\\\/modulx-toimistomokki-korkea\\\/\",\"url\":\"https:\\\/\\\/miil.dev.almic.ee\\\/fi\\\/toode\\\/modulx-toimistomokki-korkea\\\/\",\"name\":\"ModulX toimistom\u00f6kki - korkea - Miil O\u00dc\",\"isPartOf\":{\"@id\":\"https:\\\/\\\/miil.dev.almic.ee\\\/#website\"},\"primaryImageOfPage\":{\"@id\":\"https:\\\/\\\/miil.dev.almic.ee\\\/fi\\\/toode\\\/modulx-toimistomokki-korkea\\\/#primaryimage\"},\"image\":{\"@id\":\"https:\\\/\\\/miil.dev.almic.ee\\\/fi\\\/toode\\\/modulx-toimistomokki-korkea\\\/#primaryimage\"},\"thumbnailUrl\":\"https:\\\/\\\/miil.dev.almic.ee\\\/wp-content\\\/uploads\\\/2023\\\/06\\\/merekonteiner-soojak-muua-4-scaled.jpg\",\"datePublished\":\"2023-06-07T21:08:07+00:00\",\"dateModified\":\"2025-01-31T07:44:39+00:00\",\"description\":\"ModulX toimistom\u00f6kki - korkea | Mittatilausty\u00f6n\u00e4 tehdyt kannettavat hytit | Minitalot ja -m\u00f6kit | M\u00f6kkien vuokraus ja myynti | Kuljetus ja korjaukset |\",\"breadcrumb\":{\"@id\":\"https:\\\/\\\/miil.dev.almic.ee\\\/fi\\\/toode\\\/modulx-toimistomokki-korkea\\\/#breadcrumb\"},\"inLanguage\":\"fi\",\"potentialAction\":[{\"@type\":\"ReadAction\",\"target\":[\"https:\\\/\\\/miil.dev.almic.ee\\\/fi\\\/toode\\\/modulx-toimistomokki-korkea\\\/\"]}]},{\"@type\":\"ImageObject\",\"inLanguage\":\"fi\",\"@id\":\"https:\\\/\\\/miil.dev.almic.ee\\\/fi\\\/toode\\\/modulx-toimistomokki-korkea\\\/#primaryimage\",\"url\":\"https:\\\/\\\/miil.dev.almic.ee\\\/wp-content\\\/uploads\\\/2023\\\/06\\\/merekonteiner-soojak-muua-4-scaled.jpg\",\"contentUrl\":\"https:\\\/\\\/miil.dev.almic.ee\\\/wp-content\\\/uploads\\\/2023\\\/06\\\/merekonteiner-soojak-muua-4-scaled.jpg\",\"width\":1900,\"height\":1425,\"caption\":\"ModulX soojaku m\u00fc\u00fck\"},{\"@type\":\"BreadcrumbList\",\"@id\":\"https:\\\/\\\/miil.dev.almic.ee\\\/fi\\\/toode\\\/modulx-toimistomokki-korkea\\\/#breadcrumb\",\"itemListElement\":[{\"@type\":\"ListItem\",\"position\":1,\"name\":\"Home\",\"item\":\"https:\\\/\\\/miil.dev.almic.ee\\\/fi\\\/\"},{\"@type\":\"ListItem\",\"position\":2,\"name\":\"Kauppa\",\"item\":\"https:\\\/\\\/miil.dev.almic.ee\\\/fi\\\/kauppa\\\/\"},{\"@type\":\"ListItem\",\"position\":3,\"name\":\"ModulX toimisto- ja ty\u00f6maakontti &#8211; MIIU0777 &#8211; TARTU\"}]},{\"@type\":\"WebSite\",\"@id\":\"https:\\\/\\\/miil.dev.almic.ee\\\/#website\",\"url\":\"https:\\\/\\\/miil.dev.almic.ee\\\/\",\"name\":\"Miil O\u00dc\",\"description\":\"Konteinerveod\",\"publisher\":{\"@id\":\"https:\\\/\\\/miil.dev.almic.ee\\\/#organization\"},\"potentialAction\":[{\"@type\":\"SearchAction\",\"target\":{\"@type\":\"EntryPoint\",\"urlTemplate\":\"https:\\\/\\\/miil.dev.almic.ee\\\/?s={search_term_string}\"},\"query-input\":{\"@type\":\"PropertyValueSpecification\",\"valueRequired\":true,\"valueName\":\"search_term_string\"}}],\"inLanguage\":\"fi\"},{\"@type\":\"Organization\",\"@id\":\"https:\\\/\\\/miil.dev.almic.ee\\\/#organization\",\"name\":\"Miil O\u00dc\",\"url\":\"https:\\\/\\\/miil.dev.almic.ee\\\/\",\"logo\":{\"@type\":\"ImageObject\",\"inLanguage\":\"fi\",\"@id\":\"https:\\\/\\\/miil.dev.almic.ee\\\/#\\\/schema\\\/logo\\\/image\\\/\",\"url\":\"https:\\\/\\\/www.miil.ee\\\/wp-content\\\/uploads\\\/2022\\\/02\\\/Miil-logo.svg\",\"contentUrl\":\"https:\\\/\\\/www.miil.ee\\\/wp-content\\\/uploads\\\/2022\\\/02\\\/Miil-logo.svg\",\"width\":\"1024\",\"height\":\"1024\",\"caption\":\"Miil O\u00dc\"},\"image\":{\"@id\":\"https:\\\/\\\/miil.dev.almic.ee\\\/#\\\/schema\\\/logo\\\/image\\\/\"},\"sameAs\":[\"https:\\\/\\\/www.facebook.com\\\/konteinerveod\\\/\",\"https:\\\/\\\/www.instagram.com\\\/ou_miil\\\/\"]}]}<\/script>\n<meta property=\"product:price:amount\" content=\"6990.00\" \/>\n<meta property=\"product:price:currency\" content=\"EUR\" \/>\n<meta property=\"og:availability\" content=\"instock\" \/>\n<meta property=\"product:availability\" content=\"instock\" \/>\n<meta property=\"product:retailer_item_id\" content=\"MIIU0850\" \/>\n<meta property=\"product:condition\" content=\"new\" \/>\n<!-- \/ Yoast SEO Premium plugin. -->","yoast_head_json":{"title":"ModulX toimistom\u00f6kki - korkea - Miil O\u00dc","description":"ModulX toimistom\u00f6kki - korkea | Mittatilausty\u00f6n\u00e4 tehdyt kannettavat hytit | Minitalot ja -m\u00f6kit | M\u00f6kkien vuokraus ja myynti | Kuljetus ja korjaukset |","robots":{"index":"index","follow":"follow","max-snippet":"max-snippet:-1","max-image-preview":"max-image-preview:large","max-video-preview":"max-video-preview:-1"},"canonical":"https:\/\/miil.dev.almic.ee\/fi\/toode\/modulx-toimistomokki-korkea\/","og_locale":"fi_FI","og_type":"article","og_title":"ModulX toimisto- ja ty\u00f6maakontti - MIIU0777 - TARTU","og_description":"ModulX toimistom\u00f6kki - korkea | Mittatilausty\u00f6n\u00e4 tehdyt kannettavat hytit | Minitalot ja -m\u00f6kit | M\u00f6kkien vuokraus ja myynti | Kuljetus ja korjaukset |","og_url":"https:\/\/miil.dev.almic.ee\/fi\/toode\/modulx-toimistomokki-korkea\/","og_site_name":"Miil O\u00dc","article_publisher":"https:\/\/www.facebook.com\/konteinerveod\/","article_modified_time":"2025-01-31T07:44:39+00:00","og_image":[{"width":1900,"height":1425,"url":"https:\/\/miil.dev.almic.ee\/wp-content\/uploads\/2023\/06\/merekonteiner-soojak-muua-4-scaled.jpg","type":"image\/jpeg"}],"twitter_card":"summary_large_image","twitter_misc":{"Hinta":"6990,00&nbsp;&euro;","Saatavuus":"Varastossa"},"schema":{"@context":"https:\/\/schema.org","@graph":[{"@type":"WebPage","@id":"https:\/\/miil.dev.almic.ee\/fi\/toode\/modulx-toimistomokki-korkea\/","url":"https:\/\/miil.dev.almic.ee\/fi\/toode\/modulx-toimistomokki-korkea\/","name":"ModulX toimistom\u00f6kki - korkea - Miil O\u00dc","isPartOf":{"@id":"https:\/\/miil.dev.almic.ee\/#website"},"primaryImageOfPage":{"@id":"https:\/\/miil.dev.almic.ee\/fi\/toode\/modulx-toimistomokki-korkea\/#primaryimage"},"image":{"@id":"https:\/\/miil.dev.almic.ee\/fi\/toode\/modulx-toimistomokki-korkea\/#primaryimage"},"thumbnailUrl":"https:\/\/miil.dev.almic.ee\/wp-content\/uploads\/2023\/06\/merekonteiner-soojak-muua-4-scaled.jpg","datePublished":"2023-06-07T21:08:07+00:00","dateModified":"2025-01-31T07:44:39+00:00","description":"ModulX toimistom\u00f6kki - korkea | Mittatilausty\u00f6n\u00e4 tehdyt kannettavat hytit | Minitalot ja -m\u00f6kit | M\u00f6kkien vuokraus ja myynti | Kuljetus ja korjaukset |","breadcrumb":{"@id":"https:\/\/miil.dev.almic.ee\/fi\/toode\/modulx-toimistomokki-korkea\/#breadcrumb"},"inLanguage":"fi","potentialAction":[{"@type":"ReadAction","target":["https:\/\/miil.dev.almic.ee\/fi\/toode\/modulx-toimistomokki-korkea\/"]}]},{"@type":"ImageObject","inLanguage":"fi","@id":"https:\/\/miil.dev.almic.ee\/fi\/toode\/modulx-toimistomokki-korkea\/#primaryimage","url":"https:\/\/miil.dev.almic.ee\/wp-content\/uploads\/2023\/06\/merekonteiner-soojak-muua-4-scaled.jpg","contentUrl":"https:\/\/miil.dev.almic.ee\/wp-content\/uploads\/2023\/06\/merekonteiner-soojak-muua-4-scaled.jpg","width":1900,"height":1425,"caption":"ModulX soojaku m\u00fc\u00fck"},{"@type":"BreadcrumbList","@id":"https:\/\/miil.dev.almic.ee\/fi\/toode\/modulx-toimistomokki-korkea\/#breadcrumb","itemListElement":[{"@type":"ListItem","position":1,"name":"Home","item":"https:\/\/miil.dev.almic.ee\/fi\/"},{"@type":"ListItem","position":2,"name":"Kauppa","item":"https:\/\/miil.dev.almic.ee\/fi\/kauppa\/"},{"@type":"ListItem","position":3,"name":"ModulX toimisto- ja ty\u00f6maakontti &#8211; MIIU0777 &#8211; TARTU"}]},{"@type":"WebSite","@id":"https:\/\/miil.dev.almic.ee\/#website","url":"https:\/\/miil.dev.almic.ee\/","name":"Miil O\u00dc","description":"Konteinerveod","publisher":{"@id":"https:\/\/miil.dev.almic.ee\/#organization"},"potentialAction":[{"@type":"SearchAction","target":{"@type":"EntryPoint","urlTemplate":"https:\/\/miil.dev.almic.ee\/?s={search_term_string}"},"query-input":{"@type":"PropertyValueSpecification","valueRequired":true,"valueName":"search_term_string"}}],"inLanguage":"fi"},{"@type":"Organization","@id":"https:\/\/miil.dev.almic.ee\/#organization","name":"Miil O\u00dc","url":"https:\/\/miil.dev.almic.ee\/","logo":{"@type":"ImageObject","inLanguage":"fi","@id":"https:\/\/miil.dev.almic.ee\/#\/schema\/logo\/image\/","url":"https:\/\/www.miil.ee\/wp-content\/uploads\/2022\/02\/Miil-logo.svg","contentUrl":"https:\/\/www.miil.ee\/wp-content\/uploads\/2022\/02\/Miil-logo.svg","width":"1024","height":"1024","caption":"Miil O\u00dc"},"image":{"@id":"https:\/\/miil.dev.almic.ee\/#\/schema\/logo\/image\/"},"sameAs":["https:\/\/www.facebook.com\/konteinerveod\/","https:\/\/www.instagram.com\/ou_miil\/"]}]},"product_price_amount":"6990.00","product_price_currency":"EUR","og_availability":"instock","product_availability":"instock","product_retailer_item_id":"MIIU0850","product_condition":"new"},"_links":{"self":[{"href":"https:\/\/miil.dev.almic.ee\/fi\/wp-json\/wp\/v2\/product\/37346","targetHints":{"allow":["GET"]}}],"collection":[{"href":"https:\/\/miil.dev.almic.ee\/fi\/wp-json\/wp\/v2\/product"}],"about":[{"href":"https:\/\/miil.dev.almic.ee\/fi\/wp-json\/wp\/v2\/types\/product"}],"replies":[{"embeddable":true,"href":"https:\/\/miil.dev.almic.ee\/fi\/wp-json\/wp\/v2\/comments?post=37346"}],"wp:featuredmedia":[{"embeddable":true,"href":"https:\/\/miil.dev.almic.ee\/fi\/wp-json\/wp\/v2\/media\/37366"}],"wp:attachment":[{"href":"https:\/\/miil.dev.almic.ee\/fi\/wp-json\/wp\/v2\/media?parent=37346"}],"wp:term":[{"taxonomy":"product_cat","embeddable":true,"href":"https:\/\/miil.dev.almic.ee\/fi\/wp-json\/wp\/v2\/product_cat?post=37346"},{"taxonomy":"product_tag","embeddable":true,"href":"https:\/\/miil.dev.almic.ee\/fi\/wp-json\/wp\/v2\/product_tag?post=37346"}],"curies":[{"name":"wp","href":"https:\/\/api.w.org\/{rel}","templated":true}]}}