{"id":33920,"date":"2023-05-03T21:57:15","date_gmt":"2023-05-03T18:57:15","guid":{"rendered":"https:\/\/www.miil.ee\/?post_type=product&#038;p=33920"},"modified":"2025-02-07T12:14:55","modified_gmt":"2025-02-07T10:14:55","slug":"konttisauna","status":"publish","type":"product","link":"https:\/\/miil.dev.almic.ee\/fi\/toode\/konttisauna\/","title":{"rendered":"10DC kontti sauna MIIU1001"},"content":{"rendered":"<h1>Konttisauna<\/h1>\n<p>10DC Konttisauna &#8211; Kontti, jonka sis\u00e4ll\u00e4 on laadukas eristetty sauna.<\/p>\n<p>T\u00e4m\u00e4 innovatiivinen sauna on ammattitaidolla muotoiltu kuljetuskonttiin, jossa moderni muotoilu yhdistyy k\u00e4yt\u00e4nn\u00f6llisyyteen. Tukeva ter\u00e4srunko varmistaa kest\u00e4vyyden, kun taas sisustus on harkiten suunniteltu mukavuutta ajatellen. Laadukkaalla puupaneloinnilla, tehokkaalla eristyksell\u00e4 ja kunnollisella kiukaanilla t\u00e4m\u00e4 sauna tarjoaa t\u00e4ydellisen tasapainon tyyli\u00e4 ja toimivuutta. Se on kompakti, kannettava retriitti, joka tuo ainutlaatuista ilmett\u00e4 mihin tahansa tilaan yhdist\u00e4m\u00e4ll\u00e4 perinteisen saunan vieh\u00e4tyksen uusitun kuljetuskontin monipuolisuuteen.<\/p>\n<p>Saunamme rungoksi on k\u00e4ytetty uutta 10DC varastokonttia, jossa ei ole aikaisemmin kuljetettu tavaraa.<\/p>\n<p>Tietyn kontin v\u00e4rikoodi on RAL7016, mutta meill\u00e4 on paikan p\u00e4\u00e4ll\u00e4 laaja valikoima v\u00e4ris\u00e4ili\u00f6it\u00e4. Valmistamme asiakkaan toivoman v\u00e4risen astian ja vaativaan makuun sopivan s\u00e4vyn saunan.<\/p>\n<p>Konttisaunan selv\u00e4 etu on, ett\u00e4 sit\u00e4 voidaan kuljettaa \u00e4\u00e4rett\u00f6m\u00e4n monta kertaa eik\u00e4 se tarvitse perustusta.<br \/>\nKaudella m\u00f6kille ja talveksi kotiin.<br \/>\nRakentamamme sauna kest\u00e4\u00e4 nostoa, kuljetusta ja intensiivist\u00e4 k\u00e4ytt\u00f6\u00e4.<\/p>\n<p><strong>Osta nyt, maksa my\u00f6hemmin<\/strong><span>\u00a0-vaihtoehto saatavilla:<\/span><br \/>\n<span>Yksityisasiakkaille kumppanimme\u00a0<\/span><a href=\"https:\/\/inbank.ee\/laen\/vaikelaen\">Inbank.ee<\/a><span>\u00a0kautta viitekoodilla \u201dKONTEINER\u201d.<\/span><br \/>\n<span>Yritysasiakkaille yhteisty\u00f6kumppanimme\u00a0<\/span><a href=\"https:\/\/tenor.my.canva.site\/tenor-miil\">Tenor.ee<\/a><span>\u00a0kautta.<\/span><\/p>\n<h2>10DC Konttisauna &#8211; rakenna ilman perustusta!<\/h2>\n<p>Kuten jo mainittiin, tarjoamamme sauna ei tarvitse perustaa eik\u00e4 rakentajaa.<br \/>\nYhdist\u00e4 vain kontti jatkojohdolla ja pesunurkkaus puutarhaletkulla.<\/p>\n<h2>Kuljetus ja nosto?<\/h2>\n<p>Sopivan kontin valinnan j\u00e4lkeen voimme hoitaa pakkaamisen ja kuljetuksen.<br \/>\nK\u00e4yt\u00e4mme kuljetukseen<span>\u00a0<\/span><a href=\"https:\/\/www.miil.ee\/fi\/palvelut\/nosturi\/\">nosturia<\/a><span>\u00a0<\/span>tai<span>\u00a0<\/span><a href=\"https:\/\/www.miil.ee\/fi\/palvelut\/sideloader\/\">sideloader<\/a><br \/>\nmonimutkaisempi kuljetus on mahdollista<span>\u00a0<\/span><a href=\"https:\/\/www.miil.ee\/fi\/palvelut\/ram-kippauslaite\/\">RAM per\u00e4vaunulla<\/a>.<br \/>\nKun olet ostanut sen, s\u00e4ilyt\u00e4mme konttisi terminaalissamme maksutta jopa kuusi kuukautta.<br \/>\nAina on mahdollista sopia pidemm\u00e4st\u00e4kin ajanjaksosta.<br \/>\nEsimerkiksi jos paikka ei ole viel\u00e4 valmis tai k\u00e4ytett\u00e4viss\u00e4 kontin toimittamiseksi.<br \/>\nT\u00e4ll\u00f6in kontin hinta ei muutu ja voit olla varma, ett\u00e4 saat valitun kontin sovittuna aikana.<\/p>\n<h2>Teknologiamme on modernia ja kuljettajamme ovat korkeasti koulutettuja.<\/h2>\n<p>*Merikonttien myynti<br \/>\n* Merikontin vuokraus<br \/>\n* Merikonttien talteenotto<br \/>\n* Merikonttien korjaus<br \/>\n* Merikonttien varastointi<br \/>\n* L\u00e4mmitysakkujen myynti<br \/>\n* l\u00e4mmittimien vuokra<br \/>\n* Pienitalojen myynti<br \/>\n* Vuokraa minitaloja<br \/>\n* Kuljetus<br \/>\n* Varastopalvelu<\/p>\n<ul>\n<li>Parhaan hinnan takuu \u2013 teemme aina parhaan tarjouksen kontista.<\/li>\n<\/ul>\n<p>Seuraa meit\u00e4<span>\u00a0<\/span><a href=\"https:\/\/www.facebook.com\/konteinerveod\/\">Facebook<\/a><span>\u00a0<\/span>tai<span>\u00a0<\/span><a href=\"https:\/\/www.instagram.com\/ou_miil\/\">Instagram<\/a><\/p>\n","protected":false},"excerpt":{"rendered":"<p>container sauna is a good sauna!<\/p>\n","protected":false},"featured_media":33925,"comment_status":"closed","ping_status":"closed","template":"","meta":{"_acf_changed":false},"product_cat":[355,447,343,407],"product_tag":[],"class_list":{"0":"post-33920","1":"product","2":"type-product","3":"status-publish","4":"has-post-thumbnail","6":"product_cat-uudet-kontit","7":"product_cat-10-metria-merikontit","8":"product_cat-eristekontit","9":"product_cat-uudet-toimistokontit","11":"first","12":"instock","13":"shipping-taxable","14":"purchasable","15":"product-type-simple"},"acf":[],"yoast_head":"<!-- This site is optimized with the Yoast SEO Premium plugin v23.9 (Yoast SEO v27.5) - https:\/\/yoast.com\/product\/yoast-seo-premium-wordpress\/ -->\n<title>Konttisauna - Miil O\u00dc - The Best in Finland!<\/title>\n<meta name=\"description\" content=\"Konttisauna | Uusi kontti sauna myynti MIIU1001 10DC | Containex myynti | Kontti Myynti | Merikontti myynti | Sideloader transport | The Best In Finland\" \/>\n<meta name=\"robots\" content=\"index, follow, max-snippet:-1, max-image-preview:large, max-video-preview:-1\" \/>\n<link rel=\"canonical\" href=\"https:\/\/miil.dev.almic.ee\/fi\/toode\/konttisauna\/\" \/>\n<meta property=\"og:locale\" content=\"fi_FI\" \/>\n<meta property=\"og:type\" content=\"article\" \/>\n<meta property=\"og:title\" content=\"10DC kontti sauna MIIU1001\" \/>\n<meta property=\"og:description\" content=\"Konttisauna | Uusi kontti sauna myynti MIIU1001 10DC | Containex myynti | Kontti Myynti | Merikontti myynti | Sideloader transport | The Best In Finland\" \/>\n<meta property=\"og:url\" content=\"https:\/\/miil.dev.almic.ee\/fi\/toode\/konttisauna\/\" \/>\n<meta property=\"og:site_name\" content=\"Miil O\u00dc\" \/>\n<meta property=\"article:publisher\" content=\"https:\/\/www.facebook.com\/konteinerveod\/\" \/>\n<meta property=\"article:modified_time\" content=\"2025-02-07T10:14:55+00:00\" \/>\n<meta property=\"og:image\" content=\"https:\/\/miil.dev.almic.ee\/wp-content\/uploads\/2023\/05\/18.jpg\" \/>\n\t<meta property=\"og:image:width\" content=\"1200\" \/>\n\t<meta property=\"og:image:height\" content=\"1600\" \/>\n\t<meta property=\"og:image:type\" content=\"image\/jpeg\" \/>\n<meta name=\"twitter:card\" content=\"summary_large_image\" \/>\n<meta name=\"twitter:label1\" content=\"Hinta\" \/>\n\t<meta name=\"twitter:data1\" content=\"12950,00&nbsp;&euro;\" \/>\n\t<meta name=\"twitter:label2\" content=\"Saatavuus\" \/>\n\t<meta name=\"twitter:data2\" content=\"Varastossa\" \/>\n<script type=\"application\/ld+json\" class=\"yoast-schema-graph\">{\"@context\":\"https:\\\/\\\/schema.org\",\"@graph\":[{\"@type\":\"WebPage\",\"@id\":\"https:\\\/\\\/miil.dev.almic.ee\\\/fi\\\/toode\\\/konttisauna\\\/\",\"url\":\"https:\\\/\\\/miil.dev.almic.ee\\\/fi\\\/toode\\\/konttisauna\\\/\",\"name\":\"Konttisauna - Miil O\u00dc - The Best in Finland!\",\"isPartOf\":{\"@id\":\"https:\\\/\\\/miil.dev.almic.ee\\\/#website\"},\"primaryImageOfPage\":{\"@id\":\"https:\\\/\\\/miil.dev.almic.ee\\\/fi\\\/toode\\\/konttisauna\\\/#primaryimage\"},\"image\":{\"@id\":\"https:\\\/\\\/miil.dev.almic.ee\\\/fi\\\/toode\\\/konttisauna\\\/#primaryimage\"},\"thumbnailUrl\":\"https:\\\/\\\/miil.dev.almic.ee\\\/wp-content\\\/uploads\\\/2023\\\/05\\\/18.jpg\",\"datePublished\":\"2023-05-03T18:57:15+00:00\",\"dateModified\":\"2025-02-07T10:14:55+00:00\",\"description\":\"Konttisauna | Uusi kontti sauna myynti MIIU1001 10DC | Containex myynti | Kontti Myynti | Merikontti myynti | Sideloader transport | The Best In Finland\",\"breadcrumb\":{\"@id\":\"https:\\\/\\\/miil.dev.almic.ee\\\/fi\\\/toode\\\/konttisauna\\\/#breadcrumb\"},\"inLanguage\":\"fi\",\"potentialAction\":[{\"@type\":\"ReadAction\",\"target\":[\"https:\\\/\\\/miil.dev.almic.ee\\\/fi\\\/toode\\\/konttisauna\\\/\"]}]},{\"@type\":\"ImageObject\",\"inLanguage\":\"fi\",\"@id\":\"https:\\\/\\\/miil.dev.almic.ee\\\/fi\\\/toode\\\/konttisauna\\\/#primaryimage\",\"url\":\"https:\\\/\\\/miil.dev.almic.ee\\\/wp-content\\\/uploads\\\/2023\\\/05\\\/18.jpg\",\"contentUrl\":\"https:\\\/\\\/miil.dev.almic.ee\\\/wp-content\\\/uploads\\\/2023\\\/05\\\/18.jpg\",\"width\":1200,\"height\":1600,\"caption\":\"Konteiner saun\"},{\"@type\":\"BreadcrumbList\",\"@id\":\"https:\\\/\\\/miil.dev.almic.ee\\\/fi\\\/toode\\\/konttisauna\\\/#breadcrumb\",\"itemListElement\":[{\"@type\":\"ListItem\",\"position\":1,\"name\":\"Home\",\"item\":\"https:\\\/\\\/miil.dev.almic.ee\\\/fi\\\/\"},{\"@type\":\"ListItem\",\"position\":2,\"name\":\"Kauppa\",\"item\":\"https:\\\/\\\/miil.dev.almic.ee\\\/fi\\\/kauppa\\\/\"},{\"@type\":\"ListItem\",\"position\":3,\"name\":\"10DC kontti sauna MIIU1001\"}]},{\"@type\":\"WebSite\",\"@id\":\"https:\\\/\\\/miil.dev.almic.ee\\\/#website\",\"url\":\"https:\\\/\\\/miil.dev.almic.ee\\\/\",\"name\":\"Miil O\u00dc\",\"description\":\"Konteinerveod\",\"publisher\":{\"@id\":\"https:\\\/\\\/miil.dev.almic.ee\\\/#organization\"},\"potentialAction\":[{\"@type\":\"SearchAction\",\"target\":{\"@type\":\"EntryPoint\",\"urlTemplate\":\"https:\\\/\\\/miil.dev.almic.ee\\\/?s={search_term_string}\"},\"query-input\":{\"@type\":\"PropertyValueSpecification\",\"valueRequired\":true,\"valueName\":\"search_term_string\"}}],\"inLanguage\":\"fi\"},{\"@type\":\"Organization\",\"@id\":\"https:\\\/\\\/miil.dev.almic.ee\\\/#organization\",\"name\":\"Miil O\u00dc\",\"url\":\"https:\\\/\\\/miil.dev.almic.ee\\\/\",\"logo\":{\"@type\":\"ImageObject\",\"inLanguage\":\"fi\",\"@id\":\"https:\\\/\\\/miil.dev.almic.ee\\\/#\\\/schema\\\/logo\\\/image\\\/\",\"url\":\"https:\\\/\\\/www.miil.ee\\\/wp-content\\\/uploads\\\/2022\\\/02\\\/Miil-logo.svg\",\"contentUrl\":\"https:\\\/\\\/www.miil.ee\\\/wp-content\\\/uploads\\\/2022\\\/02\\\/Miil-logo.svg\",\"width\":\"1024\",\"height\":\"1024\",\"caption\":\"Miil O\u00dc\"},\"image\":{\"@id\":\"https:\\\/\\\/miil.dev.almic.ee\\\/#\\\/schema\\\/logo\\\/image\\\/\"},\"sameAs\":[\"https:\\\/\\\/www.facebook.com\\\/konteinerveod\\\/\",\"https:\\\/\\\/www.instagram.com\\\/ou_miil\\\/\"]}]}<\/script>\n<meta property=\"product:price:amount\" content=\"12950.00\" \/>\n<meta property=\"product:price:currency\" content=\"EUR\" \/>\n<meta property=\"og:availability\" content=\"instock\" \/>\n<meta property=\"product:availability\" content=\"instock\" \/>\n<meta property=\"product:retailer_item_id\" content=\"MIIU1850\" \/>\n<meta property=\"product:condition\" content=\"new\" \/>\n<!-- \/ Yoast SEO Premium plugin. -->","yoast_head_json":{"title":"Konttisauna - Miil O\u00dc - The Best in Finland!","description":"Konttisauna | Uusi kontti sauna myynti MIIU1001 10DC | Containex myynti | Kontti Myynti | Merikontti myynti | Sideloader transport | The Best In Finland","robots":{"index":"index","follow":"follow","max-snippet":"max-snippet:-1","max-image-preview":"max-image-preview:large","max-video-preview":"max-video-preview:-1"},"canonical":"https:\/\/miil.dev.almic.ee\/fi\/toode\/konttisauna\/","og_locale":"fi_FI","og_type":"article","og_title":"10DC kontti sauna MIIU1001","og_description":"Konttisauna | Uusi kontti sauna myynti MIIU1001 10DC | Containex myynti | Kontti Myynti | Merikontti myynti | Sideloader transport | The Best In Finland","og_url":"https:\/\/miil.dev.almic.ee\/fi\/toode\/konttisauna\/","og_site_name":"Miil O\u00dc","article_publisher":"https:\/\/www.facebook.com\/konteinerveod\/","article_modified_time":"2025-02-07T10:14:55+00:00","og_image":[{"width":1200,"height":1600,"url":"https:\/\/miil.dev.almic.ee\/wp-content\/uploads\/2023\/05\/18.jpg","type":"image\/jpeg"}],"twitter_card":"summary_large_image","twitter_misc":{"Hinta":"12950,00&nbsp;&euro;","Saatavuus":"Varastossa"},"schema":{"@context":"https:\/\/schema.org","@graph":[{"@type":"WebPage","@id":"https:\/\/miil.dev.almic.ee\/fi\/toode\/konttisauna\/","url":"https:\/\/miil.dev.almic.ee\/fi\/toode\/konttisauna\/","name":"Konttisauna - Miil O\u00dc - The Best in Finland!","isPartOf":{"@id":"https:\/\/miil.dev.almic.ee\/#website"},"primaryImageOfPage":{"@id":"https:\/\/miil.dev.almic.ee\/fi\/toode\/konttisauna\/#primaryimage"},"image":{"@id":"https:\/\/miil.dev.almic.ee\/fi\/toode\/konttisauna\/#primaryimage"},"thumbnailUrl":"https:\/\/miil.dev.almic.ee\/wp-content\/uploads\/2023\/05\/18.jpg","datePublished":"2023-05-03T18:57:15+00:00","dateModified":"2025-02-07T10:14:55+00:00","description":"Konttisauna | Uusi kontti sauna myynti MIIU1001 10DC | Containex myynti | Kontti Myynti | Merikontti myynti | Sideloader transport | The Best In Finland","breadcrumb":{"@id":"https:\/\/miil.dev.almic.ee\/fi\/toode\/konttisauna\/#breadcrumb"},"inLanguage":"fi","potentialAction":[{"@type":"ReadAction","target":["https:\/\/miil.dev.almic.ee\/fi\/toode\/konttisauna\/"]}]},{"@type":"ImageObject","inLanguage":"fi","@id":"https:\/\/miil.dev.almic.ee\/fi\/toode\/konttisauna\/#primaryimage","url":"https:\/\/miil.dev.almic.ee\/wp-content\/uploads\/2023\/05\/18.jpg","contentUrl":"https:\/\/miil.dev.almic.ee\/wp-content\/uploads\/2023\/05\/18.jpg","width":1200,"height":1600,"caption":"Konteiner saun"},{"@type":"BreadcrumbList","@id":"https:\/\/miil.dev.almic.ee\/fi\/toode\/konttisauna\/#breadcrumb","itemListElement":[{"@type":"ListItem","position":1,"name":"Home","item":"https:\/\/miil.dev.almic.ee\/fi\/"},{"@type":"ListItem","position":2,"name":"Kauppa","item":"https:\/\/miil.dev.almic.ee\/fi\/kauppa\/"},{"@type":"ListItem","position":3,"name":"10DC kontti sauna MIIU1001"}]},{"@type":"WebSite","@id":"https:\/\/miil.dev.almic.ee\/#website","url":"https:\/\/miil.dev.almic.ee\/","name":"Miil O\u00dc","description":"Konteinerveod","publisher":{"@id":"https:\/\/miil.dev.almic.ee\/#organization"},"potentialAction":[{"@type":"SearchAction","target":{"@type":"EntryPoint","urlTemplate":"https:\/\/miil.dev.almic.ee\/?s={search_term_string}"},"query-input":{"@type":"PropertyValueSpecification","valueRequired":true,"valueName":"search_term_string"}}],"inLanguage":"fi"},{"@type":"Organization","@id":"https:\/\/miil.dev.almic.ee\/#organization","name":"Miil O\u00dc","url":"https:\/\/miil.dev.almic.ee\/","logo":{"@type":"ImageObject","inLanguage":"fi","@id":"https:\/\/miil.dev.almic.ee\/#\/schema\/logo\/image\/","url":"https:\/\/www.miil.ee\/wp-content\/uploads\/2022\/02\/Miil-logo.svg","contentUrl":"https:\/\/www.miil.ee\/wp-content\/uploads\/2022\/02\/Miil-logo.svg","width":"1024","height":"1024","caption":"Miil O\u00dc"},"image":{"@id":"https:\/\/miil.dev.almic.ee\/#\/schema\/logo\/image\/"},"sameAs":["https:\/\/www.facebook.com\/konteinerveod\/","https:\/\/www.instagram.com\/ou_miil\/"]}]},"product_price_amount":"12950.00","product_price_currency":"EUR","og_availability":"instock","product_availability":"instock","product_retailer_item_id":"MIIU1850","product_condition":"new"},"_links":{"self":[{"href":"https:\/\/miil.dev.almic.ee\/fi\/wp-json\/wp\/v2\/product\/33920","targetHints":{"allow":["GET"]}}],"collection":[{"href":"https:\/\/miil.dev.almic.ee\/fi\/wp-json\/wp\/v2\/product"}],"about":[{"href":"https:\/\/miil.dev.almic.ee\/fi\/wp-json\/wp\/v2\/types\/product"}],"replies":[{"embeddable":true,"href":"https:\/\/miil.dev.almic.ee\/fi\/wp-json\/wp\/v2\/comments?post=33920"}],"wp:featuredmedia":[{"embeddable":true,"href":"https:\/\/miil.dev.almic.ee\/fi\/wp-json\/wp\/v2\/media\/33925"}],"wp:attachment":[{"href":"https:\/\/miil.dev.almic.ee\/fi\/wp-json\/wp\/v2\/media?parent=33920"}],"wp:term":[{"taxonomy":"product_cat","embeddable":true,"href":"https:\/\/miil.dev.almic.ee\/fi\/wp-json\/wp\/v2\/product_cat?post=33920"},{"taxonomy":"product_tag","embeddable":true,"href":"https:\/\/miil.dev.almic.ee\/fi\/wp-json\/wp\/v2\/product_tag?post=33920"}],"curies":[{"name":"wp","href":"https:\/\/api.w.org\/{rel}","templated":true}]}}