{"id":31180,"date":"2023-04-05T18:22:05","date_gmt":"2023-04-05T15:22:06","guid":{"rendered":"https:\/\/www.miil.ee\/?post_type=product&#038;p=31180"},"modified":"2025-02-27T14:35:14","modified_gmt":"2025-02-27T12:35:14","slug":"20dc-kylmakontit-miiu6635157","status":"publish","type":"product","link":"https:\/\/miil.dev.almic.ee\/fi\/toode\/20dc-kylmakontit-miiu6635157\/","title":{"rendered":"20DC kylm\u00e4 kontti MIIU6635157"},"content":{"rendered":"<h1>Kylm\u00e4kontit &#8211; laaja valikoima edullisilla hinnoilla<\/h1>\n<p>20DC kylm\u00e4 kontti MIIU6635157 &#8211; Varastossamme on laaja valikoima 20HC ja 40HC kylm\u00e4kontteja.<br \/>\nUusi kylm\u00e4kontti koneineen, ilman ovea 9900.- +alv.<br \/>\nUusi j\u00e4\u00e4kaappimoottori 7900.- +alv (kokonaan, runkoineen).<br \/>\nRakennamme tarpeisiisi sopivan ratkaisun, saatavilla on erilaisia \u200b\u200bkylm\u00e4varasto-ovia, nostoja ja eristysvaihtoehtoja.<\/p>\n<h2>20DC kylm\u00e4 kontti MIIU6635157 &#8211; vuokraus<\/h2>\n<p>Vuokraamme erikokoisia merikonttij\u00e4\u00e4kaappeja.<br \/>\nJ\u00e4\u00e4kaapit pakasteovilla, j\u00e4\u00e4kaapit normaaliovilla, kylm\u00e4kontit ja paljon muuta ovat heti varastossa.<br \/>\nSaatavilla 10ft, 20ft, 40ft kontit eri varusteilla.<\/p>\n<h2>Miten kontin hinta lasketaan?<\/h2>\n<p>Merikontin hinta riippuu monesta asiasta, mutta myyntihinta liittyy yleens\u00e4 kontin kuntoon.<br \/>\nHintaan vaikuttavat my\u00f6s kontin hankintahinta, kontin saapumistapa terminaaliin, kontin sijainti terminaalissa ja onko kontista loppuneet lis\u00e4kulut, kuten v\u00e4lisiivous, sis\u00e4siivous tai remontti. . Jotta voimme palvella asiakkaitamme paremmin, myyntipisteemme sijaitsevat eri puolilla Viroa. P\u00e4\u00e4kaupungin ulkopuolella olevan kontin hinta riippuu my\u00f6s siit\u00e4, miten se kuljetetaan terminaalien v\u00e4lill\u00e4.<\/p>\n<h2>20DC kylm\u00e4 kontti MIIU6635157 &#8211; Kuljetus ja nosto?<\/h2>\n<p>Sopivan kontin valinnan j\u00e4lkeen voimme hoitaa pakkaamisen ja kuljetuksen.<br \/>\nK\u00e4yt\u00e4mme kuljetukseen<span>\u00a0<\/span><a href=\"https:\/\/www.miil.ee\/fi\/palvelut\/nosturi\/\">nosturia<\/a><span>\u00a0<\/span>tai<span>\u00a0<\/span><a href=\"https:\/\/www.miil.ee\/fi\/palvelut\/sideloader\/\">sideloader<\/a><br \/>\nmonimutkaisempi kuljetus on mahdollista<span>\u00a0<\/span><a href=\"https:\/\/www.miil.ee\/fi\/palvelut\/ram-kippauslaite\/\">RAM per\u00e4vaunulla<\/a>.<br \/>\nKun olet ostanut sen, s\u00e4ilyt\u00e4mme konttisi terminaalissamme maksutta jopa kuusi kuukautta.<br \/>\nAina on mahdollista sopia pidemm\u00e4st\u00e4kin ajanjaksosta.<br \/>\nEsimerkiksi jos paikka ei ole viel\u00e4 valmis tai k\u00e4ytett\u00e4viss\u00e4 kontin toimittamiseksi.<br \/>\nT\u00e4ll\u00f6in kontin hinta ei muutu ja voit olla varma, ett\u00e4 saat valitun kontin sovittuna aikana.<\/p>\n<h2>Teknologiamme on modernia ja kuljettajamme ovat korkeasti koulutettuja.<\/h2>\n<ul>\n<li>Merikonttien myynti<\/li>\n<li>Merikontin vuokraus<\/li>\n<li>Merikonttien talteenotto<\/li>\n<li>Merikonttien korjaus<\/li>\n<li>Merikonttien varastointi<\/li>\n<li>L\u00e4mmitysakkujen myynti<\/li>\n<li>l\u00e4mmittimien vuokra<\/li>\n<li>Pienitalojen myynti<\/li>\n<li>Vuokraa minitaloja<\/li>\n<li>Kuljetus<\/li>\n<li>Varastopalvelu<\/li>\n<li>Parhaan hinnan takuu \u2013 teemme aina parhaan tarjouksen kontista.<\/li>\n<\/ul>\n<p>Seuraa meit\u00e4<span>\u00a0<\/span><a href=\"https:\/\/www.facebook.com\/konteinerveod\/\">Facebook<\/a><span>\u00a0<\/span>tai<span>\u00a0<\/span><a href=\"https:\/\/www.instagram.com\/ou_miil\/\">Instagram<\/a><\/p>\n","protected":false},"excerpt":{"rendered":"<p>Tarjoamme laajan valikoiman 20DC kylm\u00e4kontteja myyntiin ja vuokralle edullisin hinnoin, sek\u00e4 r\u00e4\u00e4t\u00e4l\u00f6ityj\u00e4 ratkaisuja asiakkaiden tarpeisiin. Palvelumme sis\u00e4lt\u00e4v\u00e4t kuljetuksen, varastoinnin ja joustavat vuokrausmahdollisuudet, aina parhaalla hinnalla.<\/p>\n","protected":false},"featured_media":31185,"comment_status":"closed","ping_status":"closed","template":"","meta":{"_acf_changed":false},"product_cat":[331,363,1047],"product_tag":[905],"class_list":{"0":"post-31180","1":"product","2":"type-product","3":"status-publish","4":"has-post-thumbnail","6":"product_cat-kaytetyt-kontit","7":"product_cat-20-6-metria","8":"product_cat-kylmakontti","9":"product_tag-v-fi","11":"first","12":"instock","13":"sale","14":"shipping-taxable","15":"purchasable","16":"product-type-simple"},"acf":[],"yoast_head":"<!-- This site is optimized with the Yoast SEO Premium plugin v23.9 (Yoast SEO v27.5) - https:\/\/yoast.com\/product\/yoast-seo-premium-wordpress\/ -->\n<title>20DC kylm\u00e4 kontti MIIU6635157 - Miil O\u00dc<\/title>\n<meta name=\"description\" content=\"20DC kylm\u00e4 kontti MIIU6635157 | merikontti | merikontit myyt\u00e4v\u00e4n\u00e4 | kontteja vuokrattavana | J\u00e4\u00e4kaappikontit - vuokraus | \u2744\ufe0f\u2744\ufe0f\u2744\ufe0f\u2744\ufe0f\u2744\ufe0f\" \/>\n<meta name=\"robots\" content=\"index, follow, max-snippet:-1, max-image-preview:large, max-video-preview:-1\" \/>\n<link rel=\"canonical\" href=\"https:\/\/miil.dev.almic.ee\/fi\/toode\/20dc-kylmakontit-miiu6635157\/\" \/>\n<meta property=\"og:locale\" content=\"fi_FI\" \/>\n<meta property=\"og:type\" content=\"article\" \/>\n<meta property=\"og:title\" content=\"20DC kylm\u00e4 kontti MIIU6635157\" \/>\n<meta property=\"og:description\" content=\"20DC kylm\u00e4 kontti MIIU6635157 | merikontti | merikontit myyt\u00e4v\u00e4n\u00e4 | kontteja vuokrattavana | J\u00e4\u00e4kaappikontit - vuokraus | \u2744\ufe0f\u2744\ufe0f\u2744\ufe0f\u2744\ufe0f\u2744\ufe0f\" \/>\n<meta property=\"og:url\" content=\"https:\/\/miil.dev.almic.ee\/fi\/toode\/20dc-kylmakontit-miiu6635157\/\" \/>\n<meta property=\"og:site_name\" content=\"Miil O\u00dc\" \/>\n<meta property=\"article:publisher\" content=\"https:\/\/www.facebook.com\/konteinerveod\/\" \/>\n<meta property=\"article:modified_time\" content=\"2025-02-27T12:35:14+00:00\" \/>\n<meta property=\"og:image\" content=\"https:\/\/miil.dev.almic.ee\/wp-content\/uploads\/2023\/04\/20REF-container-sale-2-scaled.jpg\" \/>\n\t<meta property=\"og:image:width\" content=\"1900\" \/>\n\t<meta property=\"og:image:height\" content=\"1425\" \/>\n\t<meta property=\"og:image:type\" content=\"image\/jpeg\" \/>\n<meta name=\"twitter:card\" content=\"summary_large_image\" \/>\n<meta name=\"twitter:label1\" content=\"Hinta\" \/>\n\t<meta name=\"twitter:data1\" content=\"10490,00&nbsp;&euro;\" \/>\n\t<meta name=\"twitter:label2\" content=\"Saatavuus\" \/>\n\t<meta name=\"twitter:data2\" content=\"Varastossa\" \/>\n<script type=\"application\/ld+json\" class=\"yoast-schema-graph\">{\"@context\":\"https:\\\/\\\/schema.org\",\"@graph\":[{\"@type\":\"WebPage\",\"@id\":\"https:\\\/\\\/miil.dev.almic.ee\\\/fi\\\/toode\\\/20dc-kylmakontit-miiu6635157\\\/\",\"url\":\"https:\\\/\\\/miil.dev.almic.ee\\\/fi\\\/toode\\\/20dc-kylmakontit-miiu6635157\\\/\",\"name\":\"20DC kylm\u00e4 kontti MIIU6635157 - Miil O\u00dc\",\"isPartOf\":{\"@id\":\"https:\\\/\\\/miil.dev.almic.ee\\\/#website\"},\"primaryImageOfPage\":{\"@id\":\"https:\\\/\\\/miil.dev.almic.ee\\\/fi\\\/toode\\\/20dc-kylmakontit-miiu6635157\\\/#primaryimage\"},\"image\":{\"@id\":\"https:\\\/\\\/miil.dev.almic.ee\\\/fi\\\/toode\\\/20dc-kylmakontit-miiu6635157\\\/#primaryimage\"},\"thumbnailUrl\":\"https:\\\/\\\/miil.dev.almic.ee\\\/wp-content\\\/uploads\\\/2023\\\/04\\\/20REF-container-sale-2-scaled.jpg\",\"datePublished\":\"2023-04-05T15:22:06+00:00\",\"dateModified\":\"2025-02-27T12:35:14+00:00\",\"description\":\"20DC kylm\u00e4 kontti MIIU6635157 | merikontti | merikontit myyt\u00e4v\u00e4n\u00e4 | kontteja vuokrattavana | J\u00e4\u00e4kaappikontit - vuokraus | \u2744\ufe0f\u2744\ufe0f\u2744\ufe0f\u2744\ufe0f\u2744\ufe0f\",\"breadcrumb\":{\"@id\":\"https:\\\/\\\/miil.dev.almic.ee\\\/fi\\\/toode\\\/20dc-kylmakontit-miiu6635157\\\/#breadcrumb\"},\"inLanguage\":\"fi\",\"potentialAction\":[{\"@type\":\"ReadAction\",\"target\":[\"https:\\\/\\\/miil.dev.almic.ee\\\/fi\\\/toode\\\/20dc-kylmakontit-miiu6635157\\\/\"]}]},{\"@type\":\"ImageObject\",\"inLanguage\":\"fi\",\"@id\":\"https:\\\/\\\/miil.dev.almic.ee\\\/fi\\\/toode\\\/20dc-kylmakontit-miiu6635157\\\/#primaryimage\",\"url\":\"https:\\\/\\\/miil.dev.almic.ee\\\/wp-content\\\/uploads\\\/2023\\\/04\\\/20REF-container-sale-2-scaled.jpg\",\"contentUrl\":\"https:\\\/\\\/miil.dev.almic.ee\\\/wp-content\\\/uploads\\\/2023\\\/04\\\/20REF-container-sale-2-scaled.jpg\",\"width\":1900,\"height\":1425},{\"@type\":\"BreadcrumbList\",\"@id\":\"https:\\\/\\\/miil.dev.almic.ee\\\/fi\\\/toode\\\/20dc-kylmakontit-miiu6635157\\\/#breadcrumb\",\"itemListElement\":[{\"@type\":\"ListItem\",\"position\":1,\"name\":\"Home\",\"item\":\"https:\\\/\\\/miil.dev.almic.ee\\\/fi\\\/\"},{\"@type\":\"ListItem\",\"position\":2,\"name\":\"Kauppa\",\"item\":\"https:\\\/\\\/miil.dev.almic.ee\\\/fi\\\/kauppa\\\/\"},{\"@type\":\"ListItem\",\"position\":3,\"name\":\"20DC kylm\u00e4 kontti MIIU6635157\"}]},{\"@type\":\"WebSite\",\"@id\":\"https:\\\/\\\/miil.dev.almic.ee\\\/#website\",\"url\":\"https:\\\/\\\/miil.dev.almic.ee\\\/\",\"name\":\"Miil O\u00dc\",\"description\":\"Konteinerveod\",\"publisher\":{\"@id\":\"https:\\\/\\\/miil.dev.almic.ee\\\/#organization\"},\"potentialAction\":[{\"@type\":\"SearchAction\",\"target\":{\"@type\":\"EntryPoint\",\"urlTemplate\":\"https:\\\/\\\/miil.dev.almic.ee\\\/?s={search_term_string}\"},\"query-input\":{\"@type\":\"PropertyValueSpecification\",\"valueRequired\":true,\"valueName\":\"search_term_string\"}}],\"inLanguage\":\"fi\"},{\"@type\":\"Organization\",\"@id\":\"https:\\\/\\\/miil.dev.almic.ee\\\/#organization\",\"name\":\"Miil O\u00dc\",\"url\":\"https:\\\/\\\/miil.dev.almic.ee\\\/\",\"logo\":{\"@type\":\"ImageObject\",\"inLanguage\":\"fi\",\"@id\":\"https:\\\/\\\/miil.dev.almic.ee\\\/#\\\/schema\\\/logo\\\/image\\\/\",\"url\":\"https:\\\/\\\/www.miil.ee\\\/wp-content\\\/uploads\\\/2022\\\/02\\\/Miil-logo.svg\",\"contentUrl\":\"https:\\\/\\\/www.miil.ee\\\/wp-content\\\/uploads\\\/2022\\\/02\\\/Miil-logo.svg\",\"width\":\"1024\",\"height\":\"1024\",\"caption\":\"Miil O\u00dc\"},\"image\":{\"@id\":\"https:\\\/\\\/miil.dev.almic.ee\\\/#\\\/schema\\\/logo\\\/image\\\/\"},\"sameAs\":[\"https:\\\/\\\/www.facebook.com\\\/konteinerveod\\\/\",\"https:\\\/\\\/www.instagram.com\\\/ou_miil\\\/\"]}]}<\/script>\n<meta property=\"product:price:amount\" content=\"10490.00\" \/>\n<meta property=\"product:price:currency\" content=\"EUR\" \/>\n<meta property=\"og:availability\" content=\"instock\" \/>\n<meta property=\"product:availability\" content=\"instock\" \/>\n<meta property=\"product:retailer_item_id\" content=\"MIIU6635157\" \/>\n<meta property=\"product:condition\" content=\"new\" \/>\n<!-- \/ Yoast SEO Premium plugin. -->","yoast_head_json":{"title":"20DC kylm\u00e4 kontti MIIU6635157 - Miil O\u00dc","description":"20DC kylm\u00e4 kontti MIIU6635157 | merikontti | merikontit myyt\u00e4v\u00e4n\u00e4 | kontteja vuokrattavana | J\u00e4\u00e4kaappikontit - vuokraus | \u2744\ufe0f\u2744\ufe0f\u2744\ufe0f\u2744\ufe0f\u2744\ufe0f","robots":{"index":"index","follow":"follow","max-snippet":"max-snippet:-1","max-image-preview":"max-image-preview:large","max-video-preview":"max-video-preview:-1"},"canonical":"https:\/\/miil.dev.almic.ee\/fi\/toode\/20dc-kylmakontit-miiu6635157\/","og_locale":"fi_FI","og_type":"article","og_title":"20DC kylm\u00e4 kontti MIIU6635157","og_description":"20DC kylm\u00e4 kontti MIIU6635157 | merikontti | merikontit myyt\u00e4v\u00e4n\u00e4 | kontteja vuokrattavana | J\u00e4\u00e4kaappikontit - vuokraus | \u2744\ufe0f\u2744\ufe0f\u2744\ufe0f\u2744\ufe0f\u2744\ufe0f","og_url":"https:\/\/miil.dev.almic.ee\/fi\/toode\/20dc-kylmakontit-miiu6635157\/","og_site_name":"Miil O\u00dc","article_publisher":"https:\/\/www.facebook.com\/konteinerveod\/","article_modified_time":"2025-02-27T12:35:14+00:00","og_image":[{"width":1900,"height":1425,"url":"https:\/\/miil.dev.almic.ee\/wp-content\/uploads\/2023\/04\/20REF-container-sale-2-scaled.jpg","type":"image\/jpeg"}],"twitter_card":"summary_large_image","twitter_misc":{"Hinta":"10490,00&nbsp;&euro;","Saatavuus":"Varastossa"},"schema":{"@context":"https:\/\/schema.org","@graph":[{"@type":"WebPage","@id":"https:\/\/miil.dev.almic.ee\/fi\/toode\/20dc-kylmakontit-miiu6635157\/","url":"https:\/\/miil.dev.almic.ee\/fi\/toode\/20dc-kylmakontit-miiu6635157\/","name":"20DC kylm\u00e4 kontti MIIU6635157 - Miil O\u00dc","isPartOf":{"@id":"https:\/\/miil.dev.almic.ee\/#website"},"primaryImageOfPage":{"@id":"https:\/\/miil.dev.almic.ee\/fi\/toode\/20dc-kylmakontit-miiu6635157\/#primaryimage"},"image":{"@id":"https:\/\/miil.dev.almic.ee\/fi\/toode\/20dc-kylmakontit-miiu6635157\/#primaryimage"},"thumbnailUrl":"https:\/\/miil.dev.almic.ee\/wp-content\/uploads\/2023\/04\/20REF-container-sale-2-scaled.jpg","datePublished":"2023-04-05T15:22:06+00:00","dateModified":"2025-02-27T12:35:14+00:00","description":"20DC kylm\u00e4 kontti MIIU6635157 | merikontti | merikontit myyt\u00e4v\u00e4n\u00e4 | kontteja vuokrattavana | J\u00e4\u00e4kaappikontit - vuokraus | \u2744\ufe0f\u2744\ufe0f\u2744\ufe0f\u2744\ufe0f\u2744\ufe0f","breadcrumb":{"@id":"https:\/\/miil.dev.almic.ee\/fi\/toode\/20dc-kylmakontit-miiu6635157\/#breadcrumb"},"inLanguage":"fi","potentialAction":[{"@type":"ReadAction","target":["https:\/\/miil.dev.almic.ee\/fi\/toode\/20dc-kylmakontit-miiu6635157\/"]}]},{"@type":"ImageObject","inLanguage":"fi","@id":"https:\/\/miil.dev.almic.ee\/fi\/toode\/20dc-kylmakontit-miiu6635157\/#primaryimage","url":"https:\/\/miil.dev.almic.ee\/wp-content\/uploads\/2023\/04\/20REF-container-sale-2-scaled.jpg","contentUrl":"https:\/\/miil.dev.almic.ee\/wp-content\/uploads\/2023\/04\/20REF-container-sale-2-scaled.jpg","width":1900,"height":1425},{"@type":"BreadcrumbList","@id":"https:\/\/miil.dev.almic.ee\/fi\/toode\/20dc-kylmakontit-miiu6635157\/#breadcrumb","itemListElement":[{"@type":"ListItem","position":1,"name":"Home","item":"https:\/\/miil.dev.almic.ee\/fi\/"},{"@type":"ListItem","position":2,"name":"Kauppa","item":"https:\/\/miil.dev.almic.ee\/fi\/kauppa\/"},{"@type":"ListItem","position":3,"name":"20DC kylm\u00e4 kontti MIIU6635157"}]},{"@type":"WebSite","@id":"https:\/\/miil.dev.almic.ee\/#website","url":"https:\/\/miil.dev.almic.ee\/","name":"Miil O\u00dc","description":"Konteinerveod","publisher":{"@id":"https:\/\/miil.dev.almic.ee\/#organization"},"potentialAction":[{"@type":"SearchAction","target":{"@type":"EntryPoint","urlTemplate":"https:\/\/miil.dev.almic.ee\/?s={search_term_string}"},"query-input":{"@type":"PropertyValueSpecification","valueRequired":true,"valueName":"search_term_string"}}],"inLanguage":"fi"},{"@type":"Organization","@id":"https:\/\/miil.dev.almic.ee\/#organization","name":"Miil O\u00dc","url":"https:\/\/miil.dev.almic.ee\/","logo":{"@type":"ImageObject","inLanguage":"fi","@id":"https:\/\/miil.dev.almic.ee\/#\/schema\/logo\/image\/","url":"https:\/\/www.miil.ee\/wp-content\/uploads\/2022\/02\/Miil-logo.svg","contentUrl":"https:\/\/www.miil.ee\/wp-content\/uploads\/2022\/02\/Miil-logo.svg","width":"1024","height":"1024","caption":"Miil O\u00dc"},"image":{"@id":"https:\/\/miil.dev.almic.ee\/#\/schema\/logo\/image\/"},"sameAs":["https:\/\/www.facebook.com\/konteinerveod\/","https:\/\/www.instagram.com\/ou_miil\/"]}]},"product_price_amount":"10490.00","product_price_currency":"EUR","og_availability":"instock","product_availability":"instock","product_retailer_item_id":"MIIU6635157","product_condition":"new"},"_links":{"self":[{"href":"https:\/\/miil.dev.almic.ee\/fi\/wp-json\/wp\/v2\/product\/31180","targetHints":{"allow":["GET"]}}],"collection":[{"href":"https:\/\/miil.dev.almic.ee\/fi\/wp-json\/wp\/v2\/product"}],"about":[{"href":"https:\/\/miil.dev.almic.ee\/fi\/wp-json\/wp\/v2\/types\/product"}],"replies":[{"embeddable":true,"href":"https:\/\/miil.dev.almic.ee\/fi\/wp-json\/wp\/v2\/comments?post=31180"}],"wp:featuredmedia":[{"embeddable":true,"href":"https:\/\/miil.dev.almic.ee\/fi\/wp-json\/wp\/v2\/media\/31185"}],"wp:attachment":[{"href":"https:\/\/miil.dev.almic.ee\/fi\/wp-json\/wp\/v2\/media?parent=31180"}],"wp:term":[{"taxonomy":"product_cat","embeddable":true,"href":"https:\/\/miil.dev.almic.ee\/fi\/wp-json\/wp\/v2\/product_cat?post=31180"},{"taxonomy":"product_tag","embeddable":true,"href":"https:\/\/miil.dev.almic.ee\/fi\/wp-json\/wp\/v2\/product_tag?post=31180"}],"curies":[{"name":"wp","href":"https:\/\/api.w.org\/{rel}","templated":true}]}}