{"id":28974,"date":"2023-03-10T23:00:26","date_gmt":"2023-03-10T21:00:27","guid":{"rendered":"https:\/\/www.miil.ee\/?post_type=product&#038;p=28974"},"modified":"2025-02-27T14:39:34","modified_gmt":"2025-02-27T12:39:34","slug":"20ref-carrier-kylma-kontti-miiu8614343","status":"publish","type":"product","link":"https:\/\/miil.dev.almic.ee\/fi\/toode\/20ref-carrier-kylma-kontti-miiu8614343\/","title":{"rendered":"20REF Carrier kylm\u00e4kontti MIIU8614343"},"content":{"rendered":"<h1>kylm\u00e4kontti<\/h1>\n<p>20REF Carrier kylm\u00e4kontti &#8211; Rullaovella varustettu kylm\u00e4s\u00e4ili\u00f6 sopii tavaroille, jotka eiv\u00e4t vaadi pakastusta.<br \/>\n0 &#8211; +25c<br \/>\nPakastimena sit\u00e4 voidaan k\u00e4ytt\u00e4\u00e4 lyhyen aikaa, koska j\u00e4\u00e4kaapissa on voimakas -25 &#8211; +25 -laite.<br \/>\nPitk\u00e4aikaisessa j\u00e4\u00e4tymisess\u00e4 on rullaoven kiskojen j\u00e4\u00e4tymisvaara ja siit\u00e4 tulee pakastimen rajoitus.<br \/>\nIhanteellinen marjoille, juomille tai muille j\u00e4\u00e4hdytyst\u00e4 tarvitseville tuotteille. Suuri rullaovi takaa nopean ja helpon p\u00e4\u00e4syn.<br \/>\nOvi on eristetty 60 mm PU-vaahdolla.<\/p>\n<p>Mahdollisuus asentaa elektroninen avaus kaukos\u00e4\u00e4timest\u00e4.<br \/>\nKylm\u00e4kontti on valmistettu vuonna 2019.<\/p>\n<h2>20REF Carrier kylm\u00e4kontti &#8211; vuokraus<\/h2>\n<p>Vuokraamme erikokoisia merikonttij\u00e4\u00e4kaappeja.<br \/>\nJ\u00e4\u00e4kaapit pakasteovilla, j\u00e4\u00e4kaapit normaaliovilla, kylm\u00e4kontit ja paljon muuta ovat heti varastossa.<br \/>\nSaatavilla 10ft, 20ft, 40ft kontit eri varusteilla.<\/p>\n<h2>Miten kontin hinta lasketaan?<\/h2>\n<p>Merikontin hinta riippuu monesta asiasta, mutta myyntihinta liittyy yleens\u00e4 kontin kuntoon.<br \/>\nHintaan vaikuttavat my\u00f6s kontin hankintahinta, kontin saapumistapa terminaaliin, kontin sijainti terminaalissa ja onko kontista loppuneet lis\u00e4kulut, kuten v\u00e4lisiivous, sis\u00e4siivous tai remontti. . Jotta voimme palvella asiakkaitamme paremmin, myyntipisteemme sijaitsevat eri puolilla Viroa. P\u00e4\u00e4kaupungin ulkopuolella olevan kontin hinta riippuu my\u00f6s siit\u00e4, miten se kuljetetaan terminaalien v\u00e4lill\u00e4.<\/p>\n<h2>20REF Carrier kylm\u00e4kontti &#8211; Kuljetus ja nosto?<\/h2>\n<p>Sopivan kontin valinnan j\u00e4lkeen voimme hoitaa pakkaamisen ja kuljetuksen.<br \/>\nK\u00e4yt\u00e4mme kuljetukseen<span>\u00a0<\/span><a href=\"https:\/\/www.miil.ee\/fi\/palvelut\/nosturi\/\">nosturia<\/a><span>\u00a0<\/span>tai<span>\u00a0<\/span><a href=\"https:\/\/www.miil.ee\/fi\/palvelut\/sideloader\/\">sideloader<\/a><br \/>\nmonimutkaisempi kuljetus on mahdollista<span>\u00a0<\/span><a href=\"https:\/\/www.miil.ee\/fi\/palvelut\/ram-kippauslaite\/\">RAM per\u00e4vaunulla<\/a>.<br \/>\nKun olet ostanut sen, s\u00e4ilyt\u00e4mme konttisi terminaalissamme maksutta jopa kuusi kuukautta.<br \/>\nAina on mahdollista sopia pidemm\u00e4st\u00e4kin ajanjaksosta.<br \/>\nEsimerkiksi jos paikka ei ole viel\u00e4 valmis tai k\u00e4ytett\u00e4viss\u00e4 kontin toimittamiseksi.<br \/>\nT\u00e4ll\u00f6in kontin hinta ei muutu ja voit olla varma, ett\u00e4 saat valitun kontin sovittuna aikana.<\/p>\n<h2>Teknologiamme on modernia ja kuljettajamme ovat korkeasti koulutettuja.<\/h2>\n<ul>\n<li>Merikonttien myynti<\/li>\n<li>Merikontin vuokraus<\/li>\n<li>Merikonttien talteenotto<\/li>\n<li>Merikonttien korjaus<\/li>\n<li>Merikonttien varastointi<\/li>\n<li>L\u00e4mmitysakkujen myynti<\/li>\n<li>l\u00e4mmittimien vuokra<\/li>\n<li>Pienitalojen myynti<\/li>\n<li>Vuokraa minitaloja<\/li>\n<li>Kuljetus<\/li>\n<li>Varastopalvelu<\/li>\n<\/ul>\n<p>Parhaan hinnan takuu \u2013 teemme aina parhaan tarjouksen kontista.<\/p>\n<p>Seuraa meit\u00e4<span>\u00a0<\/span><a href=\"https:\/\/www.facebook.com\/konteinerveod\/\">Facebook<\/a><span>\u00a0<\/span>tai<span>\u00a0<\/span><a href=\"https:\/\/www.instagram.com\/ou_miil\/\">Instagram<\/a><\/p>\n","protected":false},"excerpt":{"rendered":"<p>We offer 20REF Carrier refrigerated containers for sale and rent, ideal for cooling goods like berries and drinks, with a temperature range of 0 to +25\u00b0C. Our services include transport, storage, flexible payment options, and a best price guarantee.<\/p>\n","protected":false},"featured_media":29014,"comment_status":"closed","ping_status":"closed","template":"","meta":{"_acf_changed":false},"product_cat":[355,471],"product_tag":[],"class_list":{"0":"post-28974","1":"product","2":"type-product","3":"status-publish","4":"has-post-thumbnail","6":"product_cat-uudet-kontit","7":"product_cat-20-ref-kylmio","9":"first","10":"instock","11":"sale","12":"shipping-taxable","13":"purchasable","14":"product-type-simple"},"acf":[],"yoast_head":"<!-- This site is optimized with the Yoast SEO Premium plugin v23.9 (Yoast SEO v27.5) - https:\/\/yoast.com\/product\/yoast-seo-premium-wordpress\/ -->\n<title>20REF Carrier kylm\u00e4kontti - Miil O\u00dc<\/title>\n<meta name=\"description\" content=\"20REF Carrier kylm\u00e4kontti, merikontti, varastokontti, kylm\u00e4kontti trukilla, 20REF kontti, merikonttien myynti ja vuokraus merikonttien osto ja myynti.\" \/>\n<meta name=\"robots\" content=\"index, follow, max-snippet:-1, max-image-preview:large, max-video-preview:-1\" \/>\n<link rel=\"canonical\" href=\"https:\/\/miil.dev.almic.ee\/fi\/toode\/20ref-carrier-kylma-kontti-miiu8614343\/\" \/>\n<meta property=\"og:locale\" content=\"fi_FI\" \/>\n<meta property=\"og:type\" content=\"article\" \/>\n<meta property=\"og:title\" content=\"20REF Carrier kylm\u00e4kontti MIIU8614343\" \/>\n<meta property=\"og:description\" content=\"20REF Carrier kylm\u00e4kontti, merikontti, varastokontti, kylm\u00e4kontti trukilla, 20REF kontti, merikonttien myynti ja vuokraus merikonttien osto ja myynti.\" \/>\n<meta property=\"og:url\" content=\"https:\/\/miil.dev.almic.ee\/fi\/toode\/20ref-carrier-kylma-kontti-miiu8614343\/\" \/>\n<meta property=\"og:site_name\" content=\"Miil O\u00dc\" \/>\n<meta property=\"article:publisher\" content=\"https:\/\/www.facebook.com\/konteinerveod\/\" \/>\n<meta property=\"article:modified_time\" content=\"2025-02-27T12:39:34+00:00\" \/>\n<meta property=\"og:image\" content=\"https:\/\/miil.dev.almic.ee\/wp-content\/uploads\/2023\/03\/kulmik-konteiner-scaled.jpg\" \/>\n\t<meta property=\"og:image:width\" content=\"1900\" \/>\n\t<meta property=\"og:image:height\" content=\"1425\" \/>\n\t<meta property=\"og:image:type\" content=\"image\/jpeg\" \/>\n<meta name=\"twitter:card\" content=\"summary_large_image\" \/>\n<meta name=\"twitter:label1\" content=\"Hinta\" \/>\n\t<meta name=\"twitter:data1\" content=\"12200,00&nbsp;&euro;\" \/>\n\t<meta name=\"twitter:label2\" content=\"Saatavuus\" \/>\n\t<meta name=\"twitter:data2\" content=\"Varastossa\" \/>\n<script type=\"application\/ld+json\" class=\"yoast-schema-graph\">{\"@context\":\"https:\\\/\\\/schema.org\",\"@graph\":[{\"@type\":\"WebPage\",\"@id\":\"https:\\\/\\\/miil.dev.almic.ee\\\/fi\\\/toode\\\/20ref-carrier-kylma-kontti-miiu8614343\\\/\",\"url\":\"https:\\\/\\\/miil.dev.almic.ee\\\/fi\\\/toode\\\/20ref-carrier-kylma-kontti-miiu8614343\\\/\",\"name\":\"20REF Carrier kylm\u00e4kontti - Miil O\u00dc\",\"isPartOf\":{\"@id\":\"https:\\\/\\\/miil.dev.almic.ee\\\/#website\"},\"primaryImageOfPage\":{\"@id\":\"https:\\\/\\\/miil.dev.almic.ee\\\/fi\\\/toode\\\/20ref-carrier-kylma-kontti-miiu8614343\\\/#primaryimage\"},\"image\":{\"@id\":\"https:\\\/\\\/miil.dev.almic.ee\\\/fi\\\/toode\\\/20ref-carrier-kylma-kontti-miiu8614343\\\/#primaryimage\"},\"thumbnailUrl\":\"https:\\\/\\\/miil.dev.almic.ee\\\/wp-content\\\/uploads\\\/2023\\\/03\\\/kulmik-konteiner-scaled.jpg\",\"datePublished\":\"2023-03-10T21:00:27+00:00\",\"dateModified\":\"2025-02-27T12:39:34+00:00\",\"description\":\"20REF Carrier kylm\u00e4kontti, merikontti, varastokontti, kylm\u00e4kontti trukilla, 20REF kontti, merikonttien myynti ja vuokraus merikonttien osto ja myynti.\",\"breadcrumb\":{\"@id\":\"https:\\\/\\\/miil.dev.almic.ee\\\/fi\\\/toode\\\/20ref-carrier-kylma-kontti-miiu8614343\\\/#breadcrumb\"},\"inLanguage\":\"fi\",\"potentialAction\":[{\"@type\":\"ReadAction\",\"target\":[\"https:\\\/\\\/miil.dev.almic.ee\\\/fi\\\/toode\\\/20ref-carrier-kylma-kontti-miiu8614343\\\/\"]}]},{\"@type\":\"ImageObject\",\"inLanguage\":\"fi\",\"@id\":\"https:\\\/\\\/miil.dev.almic.ee\\\/fi\\\/toode\\\/20ref-carrier-kylma-kontti-miiu8614343\\\/#primaryimage\",\"url\":\"https:\\\/\\\/miil.dev.almic.ee\\\/wp-content\\\/uploads\\\/2023\\\/03\\\/kulmik-konteiner-scaled.jpg\",\"contentUrl\":\"https:\\\/\\\/miil.dev.almic.ee\\\/wp-content\\\/uploads\\\/2023\\\/03\\\/kulmik-konteiner-scaled.jpg\",\"width\":1900,\"height\":1425,\"caption\":\"k\u00fclmik konteiner\"},{\"@type\":\"BreadcrumbList\",\"@id\":\"https:\\\/\\\/miil.dev.almic.ee\\\/fi\\\/toode\\\/20ref-carrier-kylma-kontti-miiu8614343\\\/#breadcrumb\",\"itemListElement\":[{\"@type\":\"ListItem\",\"position\":1,\"name\":\"Home\",\"item\":\"https:\\\/\\\/miil.dev.almic.ee\\\/fi\\\/\"},{\"@type\":\"ListItem\",\"position\":2,\"name\":\"Kauppa\",\"item\":\"https:\\\/\\\/miil.dev.almic.ee\\\/fi\\\/kauppa\\\/\"},{\"@type\":\"ListItem\",\"position\":3,\"name\":\"20REF Carrier kylm\u00e4kontti MIIU8614343\"}]},{\"@type\":\"WebSite\",\"@id\":\"https:\\\/\\\/miil.dev.almic.ee\\\/#website\",\"url\":\"https:\\\/\\\/miil.dev.almic.ee\\\/\",\"name\":\"Miil O\u00dc\",\"description\":\"Konteinerveod\",\"publisher\":{\"@id\":\"https:\\\/\\\/miil.dev.almic.ee\\\/#organization\"},\"potentialAction\":[{\"@type\":\"SearchAction\",\"target\":{\"@type\":\"EntryPoint\",\"urlTemplate\":\"https:\\\/\\\/miil.dev.almic.ee\\\/?s={search_term_string}\"},\"query-input\":{\"@type\":\"PropertyValueSpecification\",\"valueRequired\":true,\"valueName\":\"search_term_string\"}}],\"inLanguage\":\"fi\"},{\"@type\":\"Organization\",\"@id\":\"https:\\\/\\\/miil.dev.almic.ee\\\/#organization\",\"name\":\"Miil O\u00dc\",\"url\":\"https:\\\/\\\/miil.dev.almic.ee\\\/\",\"logo\":{\"@type\":\"ImageObject\",\"inLanguage\":\"fi\",\"@id\":\"https:\\\/\\\/miil.dev.almic.ee\\\/#\\\/schema\\\/logo\\\/image\\\/\",\"url\":\"https:\\\/\\\/www.miil.ee\\\/wp-content\\\/uploads\\\/2022\\\/02\\\/Miil-logo.svg\",\"contentUrl\":\"https:\\\/\\\/www.miil.ee\\\/wp-content\\\/uploads\\\/2022\\\/02\\\/Miil-logo.svg\",\"width\":\"1024\",\"height\":\"1024\",\"caption\":\"Miil O\u00dc\"},\"image\":{\"@id\":\"https:\\\/\\\/miil.dev.almic.ee\\\/#\\\/schema\\\/logo\\\/image\\\/\"},\"sameAs\":[\"https:\\\/\\\/www.facebook.com\\\/konteinerveod\\\/\",\"https:\\\/\\\/www.instagram.com\\\/ou_miil\\\/\"]}]}<\/script>\n<meta property=\"product:price:amount\" content=\"12200.00\" \/>\n<meta property=\"product:price:currency\" content=\"EUR\" \/>\n<meta property=\"og:availability\" content=\"instock\" \/>\n<meta property=\"product:availability\" content=\"instock\" \/>\n<meta property=\"product:retailer_item_id\" content=\"MIIU8614343\" \/>\n<meta property=\"product:condition\" content=\"new\" \/>\n<!-- \/ Yoast SEO Premium plugin. -->","yoast_head_json":{"title":"20REF Carrier kylm\u00e4kontti - Miil O\u00dc","description":"20REF Carrier kylm\u00e4kontti, merikontti, varastokontti, kylm\u00e4kontti trukilla, 20REF kontti, merikonttien myynti ja vuokraus merikonttien osto ja myynti.","robots":{"index":"index","follow":"follow","max-snippet":"max-snippet:-1","max-image-preview":"max-image-preview:large","max-video-preview":"max-video-preview:-1"},"canonical":"https:\/\/miil.dev.almic.ee\/fi\/toode\/20ref-carrier-kylma-kontti-miiu8614343\/","og_locale":"fi_FI","og_type":"article","og_title":"20REF Carrier kylm\u00e4kontti MIIU8614343","og_description":"20REF Carrier kylm\u00e4kontti, merikontti, varastokontti, kylm\u00e4kontti trukilla, 20REF kontti, merikonttien myynti ja vuokraus merikonttien osto ja myynti.","og_url":"https:\/\/miil.dev.almic.ee\/fi\/toode\/20ref-carrier-kylma-kontti-miiu8614343\/","og_site_name":"Miil O\u00dc","article_publisher":"https:\/\/www.facebook.com\/konteinerveod\/","article_modified_time":"2025-02-27T12:39:34+00:00","og_image":[{"width":1900,"height":1425,"url":"https:\/\/miil.dev.almic.ee\/wp-content\/uploads\/2023\/03\/kulmik-konteiner-scaled.jpg","type":"image\/jpeg"}],"twitter_card":"summary_large_image","twitter_misc":{"Hinta":"12200,00&nbsp;&euro;","Saatavuus":"Varastossa"},"schema":{"@context":"https:\/\/schema.org","@graph":[{"@type":"WebPage","@id":"https:\/\/miil.dev.almic.ee\/fi\/toode\/20ref-carrier-kylma-kontti-miiu8614343\/","url":"https:\/\/miil.dev.almic.ee\/fi\/toode\/20ref-carrier-kylma-kontti-miiu8614343\/","name":"20REF Carrier kylm\u00e4kontti - Miil O\u00dc","isPartOf":{"@id":"https:\/\/miil.dev.almic.ee\/#website"},"primaryImageOfPage":{"@id":"https:\/\/miil.dev.almic.ee\/fi\/toode\/20ref-carrier-kylma-kontti-miiu8614343\/#primaryimage"},"image":{"@id":"https:\/\/miil.dev.almic.ee\/fi\/toode\/20ref-carrier-kylma-kontti-miiu8614343\/#primaryimage"},"thumbnailUrl":"https:\/\/miil.dev.almic.ee\/wp-content\/uploads\/2023\/03\/kulmik-konteiner-scaled.jpg","datePublished":"2023-03-10T21:00:27+00:00","dateModified":"2025-02-27T12:39:34+00:00","description":"20REF Carrier kylm\u00e4kontti, merikontti, varastokontti, kylm\u00e4kontti trukilla, 20REF kontti, merikonttien myynti ja vuokraus merikonttien osto ja myynti.","breadcrumb":{"@id":"https:\/\/miil.dev.almic.ee\/fi\/toode\/20ref-carrier-kylma-kontti-miiu8614343\/#breadcrumb"},"inLanguage":"fi","potentialAction":[{"@type":"ReadAction","target":["https:\/\/miil.dev.almic.ee\/fi\/toode\/20ref-carrier-kylma-kontti-miiu8614343\/"]}]},{"@type":"ImageObject","inLanguage":"fi","@id":"https:\/\/miil.dev.almic.ee\/fi\/toode\/20ref-carrier-kylma-kontti-miiu8614343\/#primaryimage","url":"https:\/\/miil.dev.almic.ee\/wp-content\/uploads\/2023\/03\/kulmik-konteiner-scaled.jpg","contentUrl":"https:\/\/miil.dev.almic.ee\/wp-content\/uploads\/2023\/03\/kulmik-konteiner-scaled.jpg","width":1900,"height":1425,"caption":"k\u00fclmik konteiner"},{"@type":"BreadcrumbList","@id":"https:\/\/miil.dev.almic.ee\/fi\/toode\/20ref-carrier-kylma-kontti-miiu8614343\/#breadcrumb","itemListElement":[{"@type":"ListItem","position":1,"name":"Home","item":"https:\/\/miil.dev.almic.ee\/fi\/"},{"@type":"ListItem","position":2,"name":"Kauppa","item":"https:\/\/miil.dev.almic.ee\/fi\/kauppa\/"},{"@type":"ListItem","position":3,"name":"20REF Carrier kylm\u00e4kontti MIIU8614343"}]},{"@type":"WebSite","@id":"https:\/\/miil.dev.almic.ee\/#website","url":"https:\/\/miil.dev.almic.ee\/","name":"Miil O\u00dc","description":"Konteinerveod","publisher":{"@id":"https:\/\/miil.dev.almic.ee\/#organization"},"potentialAction":[{"@type":"SearchAction","target":{"@type":"EntryPoint","urlTemplate":"https:\/\/miil.dev.almic.ee\/?s={search_term_string}"},"query-input":{"@type":"PropertyValueSpecification","valueRequired":true,"valueName":"search_term_string"}}],"inLanguage":"fi"},{"@type":"Organization","@id":"https:\/\/miil.dev.almic.ee\/#organization","name":"Miil O\u00dc","url":"https:\/\/miil.dev.almic.ee\/","logo":{"@type":"ImageObject","inLanguage":"fi","@id":"https:\/\/miil.dev.almic.ee\/#\/schema\/logo\/image\/","url":"https:\/\/www.miil.ee\/wp-content\/uploads\/2022\/02\/Miil-logo.svg","contentUrl":"https:\/\/www.miil.ee\/wp-content\/uploads\/2022\/02\/Miil-logo.svg","width":"1024","height":"1024","caption":"Miil O\u00dc"},"image":{"@id":"https:\/\/miil.dev.almic.ee\/#\/schema\/logo\/image\/"},"sameAs":["https:\/\/www.facebook.com\/konteinerveod\/","https:\/\/www.instagram.com\/ou_miil\/"]}]},"product_price_amount":"12200.00","product_price_currency":"EUR","og_availability":"instock","product_availability":"instock","product_retailer_item_id":"MIIU8614343","product_condition":"new"},"_links":{"self":[{"href":"https:\/\/miil.dev.almic.ee\/fi\/wp-json\/wp\/v2\/product\/28974","targetHints":{"allow":["GET"]}}],"collection":[{"href":"https:\/\/miil.dev.almic.ee\/fi\/wp-json\/wp\/v2\/product"}],"about":[{"href":"https:\/\/miil.dev.almic.ee\/fi\/wp-json\/wp\/v2\/types\/product"}],"replies":[{"embeddable":true,"href":"https:\/\/miil.dev.almic.ee\/fi\/wp-json\/wp\/v2\/comments?post=28974"}],"wp:featuredmedia":[{"embeddable":true,"href":"https:\/\/miil.dev.almic.ee\/fi\/wp-json\/wp\/v2\/media\/29014"}],"wp:attachment":[{"href":"https:\/\/miil.dev.almic.ee\/fi\/wp-json\/wp\/v2\/media?parent=28974"}],"wp:term":[{"taxonomy":"product_cat","embeddable":true,"href":"https:\/\/miil.dev.almic.ee\/fi\/wp-json\/wp\/v2\/product_cat?post=28974"},{"taxonomy":"product_tag","embeddable":true,"href":"https:\/\/miil.dev.almic.ee\/fi\/wp-json\/wp\/v2\/product_tag?post=28974"}],"curies":[{"name":"wp","href":"https:\/\/api.w.org\/{rel}","templated":true}]}}