{"id":28363,"date":"2023-03-03T21:58:45","date_gmt":"2023-03-03T19:58:46","guid":{"rendered":"https:\/\/www.miil.ee\/?post_type=product&#038;p=28363"},"modified":"2025-02-14T10:30:55","modified_gmt":"2025-02-14T08:30:55","slug":"puutarhakontti","status":"publish","type":"product","link":"https:\/\/miil.dev.almic.ee\/fi\/toode\/puutarhakontti\/","title":{"rendered":"Vuokrakontit 4m"},"content":{"rendered":"<h1>Puutarhakontti.<\/h1>\n<p>Puutarhakontti on lukittava. Ty\u00f6kalus\u00e4ili\u00f6 on ihanteellinen pihatarvikkeiden, ruohonleikkurien ja ty\u00f6kalujen s\u00e4ilytt\u00e4miseen puutarhan nurkassa. Siihen mahtuu helposti polttopuita, talvirenkaita ja muuta tarpeellista.<br \/>\nTy\u00f6kaluvajan lis\u00e4n\u00e4 ty\u00f6kalus\u00e4ili\u00f6\u00f6n on mahdollista sijoittaa vahvat tavalliset tai rengastelineet, metallikaapit ja my\u00f6s ty\u00f6p\u00f6yt\u00e4 ty\u00f6kaluineen.<br \/>\nKatso lis\u00e4\u00e4 vaihtoehtoja <a href=\"https:\/\/www.miil.ee\/fi\/merekonteinerid\/lisavarusteet\/\">t\u00e4\u00e4lt\u00e4<\/a>!<\/p>\n<h2>Py\u00f6r\u00e4n pys\u00e4k\u00f6intialue<\/h2>\n<p>Puutarhakontti on hyv\u00e4 vaihtoehto kerrostalolle polkupy\u00f6r\u00e4parkkiksi tai lis\u00e4varastoksi.<br \/>\nEri osuuskunnat ovat tilannut meilt\u00e4 ratkaisuja oman varastotilan luomiseksi jokaiseen asuntoon.<\/p>\n<p>Laatu ratkaisee!<\/p>\n<ul>\n<li>Massiivipuulattia 35mm<\/li>\n<li>Katossa kondensaatiotiivis pinnoite.<\/li>\n<li>Lukittava ulkopuolelta riippulukolla.<\/li>\n<li>Galvanoitu runko<\/li>\n<li>Rungon kulmat 2mm<\/li>\n<li>Sein\u00e4n paksuus 0,75 mm<\/li>\n<li>Eri pituuksia.<\/li>\n<\/ul>\n<p>Paino 5 metri\u00e4 n. 830 kg<\/p>\n<p>Pituus\/syvyys 4000mm, leveys 2200mm, korkeus 2200mm \u2013 11 M2<\/p>\n<h2>Puutarhakontin vuokraus tai osto?<\/h2>\n<p>Edullisen hinnan vuoksi kannattaa harkita kontin ostamista vuokraamisen sijaan.<br \/>\nS\u00e4ili\u00f6 kest\u00e4\u00e4 vuosia.<br \/>\nKaikki myym\u00e4mme s\u00e4ili\u00f6t ovat edustavia, puhtaita ja laadukkaita.<\/p>\n<p>Joka tapauksessa l\u00f6yd\u00e4mme asiakkaalle oikean ratkaisun ja aiemman kokemuksen perusteella voimme antaa suosituksia tarpeitasi vastaavan kasvihuoneen kokoamisesta.<\/p>\n<h2>Puutarhakontti ja sen kuljetus<\/h2>\n<p>Meill\u00e4 on tarvittavat laitteet kontin lukoista oikeisiin nostolaitteisiin.<br \/>\nVastaamme my\u00f6s t\u00e4ss\u00e4 tapauksessa itse kuljetuksen aikana aiheutuneista vahingoista.<br \/>\nKaikki yhdest\u00e4 paikasta, kasvihuonevuokraus hyvill\u00e4 ehdoilla ja laadukkaasti.<\/p>\n<p><span>K\u00e4yt\u00e4mme kuljetukseen\u00a0<\/span><a href=\"https:\/\/www.miil.ee\/fi\/palvelut\/nosturi\/\">nosturia<\/a><span>\u00a0tai\u00a0<\/span><a href=\"https:\/\/www.miil.ee\/fi\/palvelut\/sideloader\/\">sideloader<\/a><br \/>\n<span>monimutkaisempi kuljetus on mahdollista\u00a0<\/span><a href=\"https:\/\/www.miil.ee\/fi\/palvelut\/ram-kippauslaite\/\">RAM per\u00e4vaunulla<\/a><span>.<\/span><\/p>\n<p>Markkinoiden paras hinta ja laadukkain ty\u00f6kalus\u00e4ili\u00f6.<\/p>\n<p><span>Seuraa meit\u00e4\u00a0<\/span><a href=\"https:\/\/www.facebook.com\/konteinerveod\/\">Facebook<\/a><span>\u00a0tai\u00a0<\/span><a href=\"https:\/\/www.instagram.com\/ou_miil\/\">Instagram<\/a><\/p>\n","protected":false},"excerpt":{"rendered":"<p>Puutarhakontti. Puutarhakontti on lukittava. Ty\u00f6kalus\u00e4ili\u00f6 on ihanteellinen pihatarvikkeiden, ruohonleikkurien ja ty\u00f6kalujen s\u00e4ilytt\u00e4miseen puutarhan nurkassa. Siihen mahtuu helposti polttopuita, talvirenkaita ja muuta tarpeellista. Ty\u00f6kaluvajan lis\u00e4n\u00e4 ty\u00f6kalus\u00e4ili\u00f6\u00f6n on mahdollista sijoittaa vahvat tavalliset tai rengastelineet, metallikaapit ja my\u00f6s ty\u00f6p\u00f6yt\u00e4 ty\u00f6kaluineen. Katso lis\u00e4\u00e4 vaihtoehtoja t\u00e4\u00e4lt\u00e4! Py\u00f6r\u00e4n pys\u00e4k\u00f6intialue Puutarhakontti on hyv\u00e4 vaihtoehto kerrostalolle polkupy\u00f6r\u00e4parkkiksi tai lis\u00e4varastoksi. Eri osuuskunnat ovat tilannut&#8230;<\/p>\n","protected":false},"featured_media":82006,"comment_status":"closed","ping_status":"closed","template":"","meta":{"_acf_changed":false},"product_cat":[351],"product_tag":[],"class_list":{"0":"post-28363","1":"product","2":"type-product","3":"status-publish","4":"has-post-thumbnail","6":"product_cat-peltikontit","8":"first","9":"instock","10":"sale","11":"shipping-taxable","12":"purchasable","13":"product-type-simple"},"acf":[],"yoast_head":"<!-- This site is optimized with the Yoast SEO Premium plugin v23.9 (Yoast SEO v27.5) - https:\/\/yoast.com\/product\/yoast-seo-premium-wordpress\/ -->\n<title>Puutarhakontti - Miil O\u00dc<\/title>\n<meta name=\"description\" content=\"Puutarhakontti | Merikonttien myynti | kylpytynnyrien myynti | merikonttien vuokraus | varastokonttien myynti | kuljetus | merikonttien muuntaminen |\" \/>\n<meta name=\"robots\" content=\"index, follow, max-snippet:-1, max-image-preview:large, max-video-preview:-1\" \/>\n<link rel=\"canonical\" href=\"https:\/\/miil.dev.almic.ee\/fi\/toode\/puutarhakontti\/\" \/>\n<meta property=\"og:locale\" content=\"fi_FI\" \/>\n<meta property=\"og:type\" content=\"article\" \/>\n<meta property=\"og:title\" content=\"Vuokrakontit 4m\" \/>\n<meta property=\"og:description\" content=\"Puutarhakontti | Merikonttien myynti | kylpytynnyrien myynti | merikonttien vuokraus | varastokonttien myynti | kuljetus | merikonttien muuntaminen |\" \/>\n<meta property=\"og:url\" content=\"https:\/\/miil.dev.almic.ee\/fi\/toode\/puutarhakontti\/\" \/>\n<meta property=\"og:site_name\" content=\"Miil O\u00dc\" \/>\n<meta property=\"article:publisher\" content=\"https:\/\/www.facebook.com\/konteinerveod\/\" \/>\n<meta property=\"article:modified_time\" content=\"2025-02-14T08:30:55+00:00\" \/>\n<meta property=\"og:image\" content=\"https:\/\/miil.dev.almic.ee\/wp-content\/uploads\/2023\/03\/5m-tooriistakonteiner-tumehall-soojakud.ee-1.jpg\" \/>\n\t<meta property=\"og:image:width\" content=\"772\" \/>\n\t<meta property=\"og:image:height\" content=\"604\" \/>\n\t<meta property=\"og:image:type\" content=\"image\/jpeg\" \/>\n<meta name=\"twitter:card\" content=\"summary_large_image\" \/>\n<meta name=\"twitter:label1\" content=\"Hinta\" \/>\n\t<meta name=\"twitter:data1\" content=\"1950,00&nbsp;&euro;\" \/>\n\t<meta name=\"twitter:label2\" content=\"Saatavuus\" \/>\n\t<meta name=\"twitter:data2\" content=\"Varastossa\" \/>\n<script type=\"application\/ld+json\" class=\"yoast-schema-graph\">{\"@context\":\"https:\\\/\\\/schema.org\",\"@graph\":[{\"@type\":\"WebPage\",\"@id\":\"https:\\\/\\\/miil.dev.almic.ee\\\/fi\\\/toode\\\/puutarhakontti\\\/\",\"url\":\"https:\\\/\\\/miil.dev.almic.ee\\\/fi\\\/toode\\\/puutarhakontti\\\/\",\"name\":\"Puutarhakontti - Miil O\u00dc\",\"isPartOf\":{\"@id\":\"https:\\\/\\\/miil.dev.almic.ee\\\/#website\"},\"primaryImageOfPage\":{\"@id\":\"https:\\\/\\\/miil.dev.almic.ee\\\/fi\\\/toode\\\/puutarhakontti\\\/#primaryimage\"},\"image\":{\"@id\":\"https:\\\/\\\/miil.dev.almic.ee\\\/fi\\\/toode\\\/puutarhakontti\\\/#primaryimage\"},\"thumbnailUrl\":\"https:\\\/\\\/miil.dev.almic.ee\\\/wp-content\\\/uploads\\\/2023\\\/03\\\/5m-tooriistakonteiner-tumehall-soojakud.ee-1.jpg\",\"datePublished\":\"2023-03-03T19:58:46+00:00\",\"dateModified\":\"2025-02-14T08:30:55+00:00\",\"description\":\"Puutarhakontti | Merikonttien myynti | kylpytynnyrien myynti | merikonttien vuokraus | varastokonttien myynti | kuljetus | merikonttien muuntaminen |\",\"breadcrumb\":{\"@id\":\"https:\\\/\\\/miil.dev.almic.ee\\\/fi\\\/toode\\\/puutarhakontti\\\/#breadcrumb\"},\"inLanguage\":\"fi\",\"potentialAction\":[{\"@type\":\"ReadAction\",\"target\":[\"https:\\\/\\\/miil.dev.almic.ee\\\/fi\\\/toode\\\/puutarhakontti\\\/\"]}]},{\"@type\":\"ImageObject\",\"inLanguage\":\"fi\",\"@id\":\"https:\\\/\\\/miil.dev.almic.ee\\\/fi\\\/toode\\\/puutarhakontti\\\/#primaryimage\",\"url\":\"https:\\\/\\\/miil.dev.almic.ee\\\/wp-content\\\/uploads\\\/2023\\\/03\\\/5m-tooriistakonteiner-tumehall-soojakud.ee-1.jpg\",\"contentUrl\":\"https:\\\/\\\/miil.dev.almic.ee\\\/wp-content\\\/uploads\\\/2023\\\/03\\\/5m-tooriistakonteiner-tumehall-soojakud.ee-1.jpg\",\"width\":772,\"height\":604,\"caption\":\"Aiakonteiner\"},{\"@type\":\"BreadcrumbList\",\"@id\":\"https:\\\/\\\/miil.dev.almic.ee\\\/fi\\\/toode\\\/puutarhakontti\\\/#breadcrumb\",\"itemListElement\":[{\"@type\":\"ListItem\",\"position\":1,\"name\":\"Home\",\"item\":\"https:\\\/\\\/miil.dev.almic.ee\\\/fi\\\/\"},{\"@type\":\"ListItem\",\"position\":2,\"name\":\"Kauppa\",\"item\":\"https:\\\/\\\/miil.dev.almic.ee\\\/fi\\\/kauppa\\\/\"},{\"@type\":\"ListItem\",\"position\":3,\"name\":\"Vuokrakontit 4m\"}]},{\"@type\":\"WebSite\",\"@id\":\"https:\\\/\\\/miil.dev.almic.ee\\\/#website\",\"url\":\"https:\\\/\\\/miil.dev.almic.ee\\\/\",\"name\":\"Miil O\u00dc\",\"description\":\"Konteinerveod\",\"publisher\":{\"@id\":\"https:\\\/\\\/miil.dev.almic.ee\\\/#organization\"},\"potentialAction\":[{\"@type\":\"SearchAction\",\"target\":{\"@type\":\"EntryPoint\",\"urlTemplate\":\"https:\\\/\\\/miil.dev.almic.ee\\\/?s={search_term_string}\"},\"query-input\":{\"@type\":\"PropertyValueSpecification\",\"valueRequired\":true,\"valueName\":\"search_term_string\"}}],\"inLanguage\":\"fi\"},{\"@type\":\"Organization\",\"@id\":\"https:\\\/\\\/miil.dev.almic.ee\\\/#organization\",\"name\":\"Miil O\u00dc\",\"url\":\"https:\\\/\\\/miil.dev.almic.ee\\\/\",\"logo\":{\"@type\":\"ImageObject\",\"inLanguage\":\"fi\",\"@id\":\"https:\\\/\\\/miil.dev.almic.ee\\\/#\\\/schema\\\/logo\\\/image\\\/\",\"url\":\"https:\\\/\\\/www.miil.ee\\\/wp-content\\\/uploads\\\/2022\\\/02\\\/Miil-logo.svg\",\"contentUrl\":\"https:\\\/\\\/www.miil.ee\\\/wp-content\\\/uploads\\\/2022\\\/02\\\/Miil-logo.svg\",\"width\":\"1024\",\"height\":\"1024\",\"caption\":\"Miil O\u00dc\"},\"image\":{\"@id\":\"https:\\\/\\\/miil.dev.almic.ee\\\/#\\\/schema\\\/logo\\\/image\\\/\"},\"sameAs\":[\"https:\\\/\\\/www.facebook.com\\\/konteinerveod\\\/\",\"https:\\\/\\\/www.instagram.com\\\/ou_miil\\\/\"]}]}<\/script>\n<meta property=\"product:price:amount\" content=\"1950.00\" \/>\n<meta property=\"product:price:currency\" content=\"EUR\" \/>\n<meta property=\"og:availability\" content=\"instock\" \/>\n<meta property=\"product:availability\" content=\"instock\" \/>\n<meta property=\"product:condition\" content=\"new\" \/>\n<!-- \/ Yoast SEO Premium plugin. -->","yoast_head_json":{"title":"Puutarhakontti - Miil O\u00dc","description":"Puutarhakontti | Merikonttien myynti | kylpytynnyrien myynti | merikonttien vuokraus | varastokonttien myynti | kuljetus | merikonttien muuntaminen |","robots":{"index":"index","follow":"follow","max-snippet":"max-snippet:-1","max-image-preview":"max-image-preview:large","max-video-preview":"max-video-preview:-1"},"canonical":"https:\/\/miil.dev.almic.ee\/fi\/toode\/puutarhakontti\/","og_locale":"fi_FI","og_type":"article","og_title":"Vuokrakontit 4m","og_description":"Puutarhakontti | Merikonttien myynti | kylpytynnyrien myynti | merikonttien vuokraus | varastokonttien myynti | kuljetus | merikonttien muuntaminen |","og_url":"https:\/\/miil.dev.almic.ee\/fi\/toode\/puutarhakontti\/","og_site_name":"Miil O\u00dc","article_publisher":"https:\/\/www.facebook.com\/konteinerveod\/","article_modified_time":"2025-02-14T08:30:55+00:00","og_image":[{"width":772,"height":604,"url":"https:\/\/miil.dev.almic.ee\/wp-content\/uploads\/2023\/03\/5m-tooriistakonteiner-tumehall-soojakud.ee-1.jpg","type":"image\/jpeg"}],"twitter_card":"summary_large_image","twitter_misc":{"Hinta":"1950,00&nbsp;&euro;","Saatavuus":"Varastossa"},"schema":{"@context":"https:\/\/schema.org","@graph":[{"@type":"WebPage","@id":"https:\/\/miil.dev.almic.ee\/fi\/toode\/puutarhakontti\/","url":"https:\/\/miil.dev.almic.ee\/fi\/toode\/puutarhakontti\/","name":"Puutarhakontti - Miil O\u00dc","isPartOf":{"@id":"https:\/\/miil.dev.almic.ee\/#website"},"primaryImageOfPage":{"@id":"https:\/\/miil.dev.almic.ee\/fi\/toode\/puutarhakontti\/#primaryimage"},"image":{"@id":"https:\/\/miil.dev.almic.ee\/fi\/toode\/puutarhakontti\/#primaryimage"},"thumbnailUrl":"https:\/\/miil.dev.almic.ee\/wp-content\/uploads\/2023\/03\/5m-tooriistakonteiner-tumehall-soojakud.ee-1.jpg","datePublished":"2023-03-03T19:58:46+00:00","dateModified":"2025-02-14T08:30:55+00:00","description":"Puutarhakontti | Merikonttien myynti | kylpytynnyrien myynti | merikonttien vuokraus | varastokonttien myynti | kuljetus | merikonttien muuntaminen |","breadcrumb":{"@id":"https:\/\/miil.dev.almic.ee\/fi\/toode\/puutarhakontti\/#breadcrumb"},"inLanguage":"fi","potentialAction":[{"@type":"ReadAction","target":["https:\/\/miil.dev.almic.ee\/fi\/toode\/puutarhakontti\/"]}]},{"@type":"ImageObject","inLanguage":"fi","@id":"https:\/\/miil.dev.almic.ee\/fi\/toode\/puutarhakontti\/#primaryimage","url":"https:\/\/miil.dev.almic.ee\/wp-content\/uploads\/2023\/03\/5m-tooriistakonteiner-tumehall-soojakud.ee-1.jpg","contentUrl":"https:\/\/miil.dev.almic.ee\/wp-content\/uploads\/2023\/03\/5m-tooriistakonteiner-tumehall-soojakud.ee-1.jpg","width":772,"height":604,"caption":"Aiakonteiner"},{"@type":"BreadcrumbList","@id":"https:\/\/miil.dev.almic.ee\/fi\/toode\/puutarhakontti\/#breadcrumb","itemListElement":[{"@type":"ListItem","position":1,"name":"Home","item":"https:\/\/miil.dev.almic.ee\/fi\/"},{"@type":"ListItem","position":2,"name":"Kauppa","item":"https:\/\/miil.dev.almic.ee\/fi\/kauppa\/"},{"@type":"ListItem","position":3,"name":"Vuokrakontit 4m"}]},{"@type":"WebSite","@id":"https:\/\/miil.dev.almic.ee\/#website","url":"https:\/\/miil.dev.almic.ee\/","name":"Miil O\u00dc","description":"Konteinerveod","publisher":{"@id":"https:\/\/miil.dev.almic.ee\/#organization"},"potentialAction":[{"@type":"SearchAction","target":{"@type":"EntryPoint","urlTemplate":"https:\/\/miil.dev.almic.ee\/?s={search_term_string}"},"query-input":{"@type":"PropertyValueSpecification","valueRequired":true,"valueName":"search_term_string"}}],"inLanguage":"fi"},{"@type":"Organization","@id":"https:\/\/miil.dev.almic.ee\/#organization","name":"Miil O\u00dc","url":"https:\/\/miil.dev.almic.ee\/","logo":{"@type":"ImageObject","inLanguage":"fi","@id":"https:\/\/miil.dev.almic.ee\/#\/schema\/logo\/image\/","url":"https:\/\/www.miil.ee\/wp-content\/uploads\/2022\/02\/Miil-logo.svg","contentUrl":"https:\/\/www.miil.ee\/wp-content\/uploads\/2022\/02\/Miil-logo.svg","width":"1024","height":"1024","caption":"Miil O\u00dc"},"image":{"@id":"https:\/\/miil.dev.almic.ee\/#\/schema\/logo\/image\/"},"sameAs":["https:\/\/www.facebook.com\/konteinerveod\/","https:\/\/www.instagram.com\/ou_miil\/"]}]},"product_price_amount":"1950.00","product_price_currency":"EUR","og_availability":"instock","product_availability":"instock","product_condition":"new"},"_links":{"self":[{"href":"https:\/\/miil.dev.almic.ee\/fi\/wp-json\/wp\/v2\/product\/28363","targetHints":{"allow":["GET"]}}],"collection":[{"href":"https:\/\/miil.dev.almic.ee\/fi\/wp-json\/wp\/v2\/product"}],"about":[{"href":"https:\/\/miil.dev.almic.ee\/fi\/wp-json\/wp\/v2\/types\/product"}],"replies":[{"embeddable":true,"href":"https:\/\/miil.dev.almic.ee\/fi\/wp-json\/wp\/v2\/comments?post=28363"}],"wp:featuredmedia":[{"embeddable":true,"href":"https:\/\/miil.dev.almic.ee\/fi\/wp-json\/wp\/v2\/media\/82006"}],"wp:attachment":[{"href":"https:\/\/miil.dev.almic.ee\/fi\/wp-json\/wp\/v2\/media?parent=28363"}],"wp:term":[{"taxonomy":"product_cat","embeddable":true,"href":"https:\/\/miil.dev.almic.ee\/fi\/wp-json\/wp\/v2\/product_cat?post=28363"},{"taxonomy":"product_tag","embeddable":true,"href":"https:\/\/miil.dev.almic.ee\/fi\/wp-json\/wp\/v2\/product_tag?post=28363"}],"curies":[{"name":"wp","href":"https:\/\/api.w.org\/{rel}","templated":true}]}}