{"id":28358,"date":"2023-03-03T21:57:48","date_gmt":"2023-03-03T19:57:49","guid":{"rendered":"https:\/\/www.miil.ee\/?post_type=product&#038;p=28358"},"modified":"2024-10-30T12:23:21","modified_gmt":"2024-10-30T10:23:21","slug":"vuokrakontit-3m","status":"publish","type":"product","link":"https:\/\/miil.dev.almic.ee\/fi\/toode\/vuokrakontit-3m\/","title":{"rendered":"Vuokrakontit 3m tumman harmaa"},"content":{"rendered":"<h1>Ty\u00f6kalus\u00e4ili\u00f6 3m tumman harmaa.<\/h1>\n<p>Lukittava ty\u00f6kalus\u00e4ili\u00f6 3m tumman harmaa on ihanteellinen pihatarvikkeiden, ruohonleikkurien ja ty\u00f6kalujen s\u00e4ilytt\u00e4miseen puutarhan nurkassa. Sopii hyvin polttopuille, talvirenkaille ja muulle v\u00e4ltt\u00e4m\u00e4tt\u00f6m\u00e4lle.<br \/>\nLis\u00e4ksi ty\u00f6kaluvajaan on mahdollista sijoittaa vahvat vakio- tai rengashyllyt, metallikaapit ja my\u00f6s ty\u00f6p\u00f6yt\u00e4 ty\u00f6kaluineen.<br \/>\nKatso lis\u00e4\u00e4 lis\u00e4vaihtoehdoista <a href=\"https:\/\/www.miil.ee\/fi\/merekonteinerid\/lisavarusteet\/\">t\u00e4\u00e4lt\u00e4!<\/a><\/p>\n<h2>Py\u00f6r\u00e4ille parkkipaikka.<\/h2>\n<p>Ty\u00f6kalus\u00e4ili\u00f6 on hyv\u00e4 vaihtoehto kerrostalon viereiselle py\u00f6r\u00e4parkkipaikalle.<\/p>\n<p>Laatu ratkaisee!<br \/>\n* T\u00e4yspuulattia 35mm<br \/>\n*Katon kondenssitiivistyspinnoite.<br \/>\n* Lukittava ulkopuolelta riippulukolla.<br \/>\n* Galvanoitu runko<br \/>\n*Rungon kulmat 2mm<br \/>\n*Sein\u00e4n paksuus 0,75mm<\/p>\n<p>* Eri pituuksia.<br \/>\n*Paino 5 metrin kohdalla n. 500 kg<\/p>\n<p>Pituus\/syvyys 3000mm, leveys 2200mm, korkeus 2200mm &#8211; 6,6 M2<\/p>\n<h2>Mik\u00e4 on uuden kontin hinta?<\/h2>\n<p>Merikontin hinta riippuu monesta asiasta.<br \/>\nKunto on ehdottomasti t\u00e4rke\u00e4, alennetuissa astioissa voi olla enemm\u00e4n kosmeettisia puutteita.<br \/>\nHintaan vaikuttaa kunnon lis\u00e4ksi my\u00f6s uuden kontin v\u00e4ri, esimerkiksi sininen on konttien vakiov\u00e4ri ja on sen vuoksi halvempi.<br \/>\nHintaan vaikuttavat edell\u00e4 mainitun lis\u00e4ksi my\u00f6s ostohinta, kontin saapumistapa terminaaliin, kontin sijainti terminaalissa ja onko kontti vaatinut lis\u00e4kustannuksia, kuten ulkopesua tai sis\u00e4puhdistusta. Jotta voimme palvella asiakkaitamme paremmin, myyntipisteemme sijaitsevat kaikissa suurimmissa kaupungeissa.<br \/>\nP\u00e4\u00e4kaupungin ulkopuolella kontin hinta puolestaan \u200b\u200briippuu siit\u00e4, kuinka kontti liikkuu kahden terminaalin v\u00e4lill\u00e4 ja mit\u00e4 lis\u00e4kustannuksia t\u00e4st\u00e4 on aiheutunut.<\/p>\n<h2>Vuokraa tai osta Eristekontit?<\/h2>\n<p>Edullisen hinnan vuoksi kannattaa harkita m\u00f6kin ostamista vuokraamisen sijaan.<br \/>\nM\u00f6kit kest\u00e4v\u00e4t vuosia, ja CE-merkityill\u00e4 l\u00e4mmittimill\u00e4 on vankka j\u00e4lkimarkkina.<br \/>\nKaikki vuokraamamme m\u00f6kit ovat edustavia, siistej\u00e4 ja laadukkaita.<br \/>\nEmme vuokraa m\u00f6kkej\u00e4, jos asiakas ei t\u00e4yt\u00e4 luottovaatimuksia tai k\u00e4ytt\u00f6tarkoitus ei sovellu.<br \/>\nEmme esimerkiksi vuokraa m\u00f6kkej\u00e4 el\u00e4imille, tupakointitiloihin tai likaisten tavaroiden varastointiin, vaan t\u00e4llaisissa toiveissa voimme myyd\u00e4 m\u00f6kkej\u00e4 hyvill\u00e4 ehdoilla.<br \/>\nJoka tapauksessa l\u00f6yd\u00e4mme asiakkaalle juuri oikean ratkaisun ja aiemman kokemuksen perusteella voimme antaa suosituksia tarpeitasi vastaavan ohjaamon kokoamisesta.<\/p>\n<h2>Eristekontitin kuljetus<\/h2>\n<p>Vuokrauksen yhteydess\u00e4 kaikki m\u00f6kit siirret\u00e4\u00e4n vain kuljetuksellamme.<br \/>\nMeill\u00e4 on tarvittavat laitteet kontin lukoista oikeisiin nostov\u00e4lineisiin asti.<br \/>\nSiin\u00e4 tapauksessa voimme ottaa t\u00e4yden vastuun kuljetuksen aikana aiheutuneista vahingoista.<br \/>\nKaikki yhdest\u00e4 paikasta, m\u00f6kkien vuokraus hyvill\u00e4 ehdoilla ja laadukkaasti.<\/p>\n<p>K\u00e4yt\u00e4mme kuljetukseen\u00a0<a href=\"https:\/\/www.miil.ee\/fi\/palvelut\/nosturi\/\">nosturia<\/a>\u00a0tai\u00a0<a href=\"https:\/\/www.miil.ee\/fi\/palvelut\/sideloader\/\">sideloader<\/a><br \/>\nmonimutkaisempi kuljetus on mahdollista\u00a0<a href=\"https:\/\/www.miil.ee\/fi\/palvelut\/ram-kippauslaite\/\">RAM per\u00e4vaunulla<\/a>.<\/p>\n<p>Markkinoiden paras hinta ja laadukkain kontti.<\/p>\n<p>*Parhaan hinnan takuu \u2013 teemme aina parhaan tarjouksen kontista.<\/p>\n<p>Seuraa meit\u00e4\u00a0<a href=\"https:\/\/www.facebook.com\/konteinerveod\/\">Facebook<\/a>\u00a0tai\u00a0<a href=\"https:\/\/www.instagram.com\/ou_miil\/\">Instagram<\/a><\/p>\n","protected":false},"excerpt":{"rendered":"<p>Ty\u00f6kalus\u00e4ili\u00f6 3m tumman harmaa. Lukittava ty\u00f6kalus\u00e4ili\u00f6 3m tumman harmaa on ihanteellinen pihatarvikkeiden, ruohonleikkurien ja ty\u00f6kalujen s\u00e4ilytt\u00e4miseen puutarhan nurkassa. Sopii hyvin polttopuille, talvirenkaille ja muulle v\u00e4ltt\u00e4m\u00e4tt\u00f6m\u00e4lle. Lis\u00e4ksi ty\u00f6kaluvajaan on mahdollista sijoittaa vahvat vakio- tai rengashyllyt, metallikaapit ja my\u00f6s ty\u00f6p\u00f6yt\u00e4 ty\u00f6kaluineen. Katso lis\u00e4\u00e4 lis\u00e4vaihtoehdoista t\u00e4\u00e4lt\u00e4! Py\u00f6r\u00e4ille parkkipaikka. Ty\u00f6kalus\u00e4ili\u00f6 on hyv\u00e4 vaihtoehto kerrostalon viereiselle py\u00f6r\u00e4parkkipaikalle. Laatu ratkaisee! *&#8230;<\/p>\n","protected":false},"featured_media":29378,"comment_status":"closed","ping_status":"closed","template":"","meta":{"_acf_changed":false},"product_cat":[351],"product_tag":[],"class_list":{"0":"post-28358","1":"product","2":"type-product","3":"status-publish","4":"has-post-thumbnail","6":"product_cat-peltikontit","8":"first","9":"instock","10":"sale","11":"shipping-taxable","12":"purchasable","13":"product-type-simple"},"acf":[],"yoast_head":"<!-- This site is optimized with the Yoast SEO Premium plugin v23.9 (Yoast SEO v27.5) - https:\/\/yoast.com\/product\/yoast-seo-premium-wordpress\/ -->\n<title>Vuokrakontit 3m tumman harmaa - Miil O\u00dc<\/title>\n<meta name=\"description\" content=\"Ty\u00f6kalus\u00e4ili\u00f6 3m tumman harmaa | Ty\u00f6kaluvaja | Puutarhavaja | Varastointi | Konttien myynti | L\u00e4mmittimien myynti | Konttien kuljetus |\" \/>\n<meta name=\"robots\" content=\"index, follow, max-snippet:-1, max-image-preview:large, max-video-preview:-1\" \/>\n<link rel=\"canonical\" href=\"https:\/\/miil.dev.almic.ee\/fi\/toode\/vuokrakontit-3m\/\" \/>\n<meta property=\"og:locale\" content=\"fi_FI\" \/>\n<meta property=\"og:type\" content=\"article\" \/>\n<meta property=\"og:title\" content=\"Vuokrakontit 3m tumman harmaa\" \/>\n<meta property=\"og:description\" content=\"Ty\u00f6kalus\u00e4ili\u00f6 3m tumman harmaa | Ty\u00f6kaluvaja | Puutarhavaja | Varastointi | Konttien myynti | L\u00e4mmittimien myynti | Konttien kuljetus |\" \/>\n<meta property=\"og:url\" content=\"https:\/\/miil.dev.almic.ee\/fi\/toode\/vuokrakontit-3m\/\" \/>\n<meta property=\"og:site_name\" content=\"Miil O\u00dc\" \/>\n<meta property=\"article:publisher\" content=\"https:\/\/www.facebook.com\/konteinerveod\/\" \/>\n<meta property=\"article:modified_time\" content=\"2024-10-30T10:23:21+00:00\" \/>\n<meta property=\"og:image\" content=\"https:\/\/miil.dev.almic.ee\/wp-content\/uploads\/2023\/03\/Hall-tooriistakonteiner-RAL7016-laokonteiner-2-scaled.jpg\" \/>\n\t<meta property=\"og:image:width\" content=\"1900\" \/>\n\t<meta property=\"og:image:height\" content=\"1425\" \/>\n\t<meta property=\"og:image:type\" content=\"image\/jpeg\" \/>\n<meta name=\"twitter:card\" content=\"summary_large_image\" \/>\n<meta name=\"twitter:label1\" content=\"Hinta\" \/>\n\t<meta name=\"twitter:data1\" content=\"1750,00&nbsp;&euro;\" \/>\n\t<meta name=\"twitter:label2\" content=\"Saatavuus\" \/>\n\t<meta name=\"twitter:data2\" content=\"Varastossa\" \/>\n<script type=\"application\/ld+json\" class=\"yoast-schema-graph\">{\"@context\":\"https:\\\/\\\/schema.org\",\"@graph\":[{\"@type\":\"WebPage\",\"@id\":\"https:\\\/\\\/miil.dev.almic.ee\\\/fi\\\/toode\\\/vuokrakontit-3m\\\/\",\"url\":\"https:\\\/\\\/miil.dev.almic.ee\\\/fi\\\/toode\\\/vuokrakontit-3m\\\/\",\"name\":\"Vuokrakontit 3m tumman harmaa - Miil O\u00dc\",\"isPartOf\":{\"@id\":\"https:\\\/\\\/miil.dev.almic.ee\\\/#website\"},\"primaryImageOfPage\":{\"@id\":\"https:\\\/\\\/miil.dev.almic.ee\\\/fi\\\/toode\\\/vuokrakontit-3m\\\/#primaryimage\"},\"image\":{\"@id\":\"https:\\\/\\\/miil.dev.almic.ee\\\/fi\\\/toode\\\/vuokrakontit-3m\\\/#primaryimage\"},\"thumbnailUrl\":\"https:\\\/\\\/miil.dev.almic.ee\\\/wp-content\\\/uploads\\\/2023\\\/03\\\/Hall-tooriistakonteiner-RAL7016-laokonteiner-2-scaled.jpg\",\"datePublished\":\"2023-03-03T19:57:49+00:00\",\"dateModified\":\"2024-10-30T10:23:21+00:00\",\"description\":\"Ty\u00f6kalus\u00e4ili\u00f6 3m tumman harmaa | Ty\u00f6kaluvaja | Puutarhavaja | Varastointi | Konttien myynti | L\u00e4mmittimien myynti | Konttien kuljetus |\",\"breadcrumb\":{\"@id\":\"https:\\\/\\\/miil.dev.almic.ee\\\/fi\\\/toode\\\/vuokrakontit-3m\\\/#breadcrumb\"},\"inLanguage\":\"fi\",\"potentialAction\":[{\"@type\":\"ReadAction\",\"target\":[\"https:\\\/\\\/miil.dev.almic.ee\\\/fi\\\/toode\\\/vuokrakontit-3m\\\/\"]}]},{\"@type\":\"ImageObject\",\"inLanguage\":\"fi\",\"@id\":\"https:\\\/\\\/miil.dev.almic.ee\\\/fi\\\/toode\\\/vuokrakontit-3m\\\/#primaryimage\",\"url\":\"https:\\\/\\\/miil.dev.almic.ee\\\/wp-content\\\/uploads\\\/2023\\\/03\\\/Hall-tooriistakonteiner-RAL7016-laokonteiner-2-scaled.jpg\",\"contentUrl\":\"https:\\\/\\\/miil.dev.almic.ee\\\/wp-content\\\/uploads\\\/2023\\\/03\\\/Hall-tooriistakonteiner-RAL7016-laokonteiner-2-scaled.jpg\",\"width\":1900,\"height\":1425,\"caption\":\"Hall t\u00f6\u00f6riistakonteiner\"},{\"@type\":\"BreadcrumbList\",\"@id\":\"https:\\\/\\\/miil.dev.almic.ee\\\/fi\\\/toode\\\/vuokrakontit-3m\\\/#breadcrumb\",\"itemListElement\":[{\"@type\":\"ListItem\",\"position\":1,\"name\":\"Home\",\"item\":\"https:\\\/\\\/miil.dev.almic.ee\\\/fi\\\/\"},{\"@type\":\"ListItem\",\"position\":2,\"name\":\"Kauppa\",\"item\":\"https:\\\/\\\/miil.dev.almic.ee\\\/fi\\\/kauppa\\\/\"},{\"@type\":\"ListItem\",\"position\":3,\"name\":\"Vuokrakontit 3m tumman harmaa\"}]},{\"@type\":\"WebSite\",\"@id\":\"https:\\\/\\\/miil.dev.almic.ee\\\/#website\",\"url\":\"https:\\\/\\\/miil.dev.almic.ee\\\/\",\"name\":\"Miil O\u00dc\",\"description\":\"Konteinerveod\",\"publisher\":{\"@id\":\"https:\\\/\\\/miil.dev.almic.ee\\\/#organization\"},\"potentialAction\":[{\"@type\":\"SearchAction\",\"target\":{\"@type\":\"EntryPoint\",\"urlTemplate\":\"https:\\\/\\\/miil.dev.almic.ee\\\/?s={search_term_string}\"},\"query-input\":{\"@type\":\"PropertyValueSpecification\",\"valueRequired\":true,\"valueName\":\"search_term_string\"}}],\"inLanguage\":\"fi\"},{\"@type\":\"Organization\",\"@id\":\"https:\\\/\\\/miil.dev.almic.ee\\\/#organization\",\"name\":\"Miil O\u00dc\",\"url\":\"https:\\\/\\\/miil.dev.almic.ee\\\/\",\"logo\":{\"@type\":\"ImageObject\",\"inLanguage\":\"fi\",\"@id\":\"https:\\\/\\\/miil.dev.almic.ee\\\/#\\\/schema\\\/logo\\\/image\\\/\",\"url\":\"https:\\\/\\\/www.miil.ee\\\/wp-content\\\/uploads\\\/2022\\\/02\\\/Miil-logo.svg\",\"contentUrl\":\"https:\\\/\\\/www.miil.ee\\\/wp-content\\\/uploads\\\/2022\\\/02\\\/Miil-logo.svg\",\"width\":\"1024\",\"height\":\"1024\",\"caption\":\"Miil O\u00dc\"},\"image\":{\"@id\":\"https:\\\/\\\/miil.dev.almic.ee\\\/#\\\/schema\\\/logo\\\/image\\\/\"},\"sameAs\":[\"https:\\\/\\\/www.facebook.com\\\/konteinerveod\\\/\",\"https:\\\/\\\/www.instagram.com\\\/ou_miil\\\/\"]}]}<\/script>\n<meta property=\"product:price:amount\" content=\"1750.00\" \/>\n<meta property=\"product:price:currency\" content=\"EUR\" \/>\n<meta property=\"og:availability\" content=\"instock\" \/>\n<meta property=\"product:availability\" content=\"instock\" \/>\n<meta property=\"product:condition\" content=\"new\" \/>\n<!-- \/ Yoast SEO Premium plugin. -->","yoast_head_json":{"title":"Vuokrakontit 3m tumman harmaa - Miil O\u00dc","description":"Ty\u00f6kalus\u00e4ili\u00f6 3m tumman harmaa | Ty\u00f6kaluvaja | Puutarhavaja | Varastointi | Konttien myynti | L\u00e4mmittimien myynti | Konttien kuljetus |","robots":{"index":"index","follow":"follow","max-snippet":"max-snippet:-1","max-image-preview":"max-image-preview:large","max-video-preview":"max-video-preview:-1"},"canonical":"https:\/\/miil.dev.almic.ee\/fi\/toode\/vuokrakontit-3m\/","og_locale":"fi_FI","og_type":"article","og_title":"Vuokrakontit 3m tumman harmaa","og_description":"Ty\u00f6kalus\u00e4ili\u00f6 3m tumman harmaa | Ty\u00f6kaluvaja | Puutarhavaja | Varastointi | Konttien myynti | L\u00e4mmittimien myynti | Konttien kuljetus |","og_url":"https:\/\/miil.dev.almic.ee\/fi\/toode\/vuokrakontit-3m\/","og_site_name":"Miil O\u00dc","article_publisher":"https:\/\/www.facebook.com\/konteinerveod\/","article_modified_time":"2024-10-30T10:23:21+00:00","og_image":[{"width":1900,"height":1425,"url":"https:\/\/miil.dev.almic.ee\/wp-content\/uploads\/2023\/03\/Hall-tooriistakonteiner-RAL7016-laokonteiner-2-scaled.jpg","type":"image\/jpeg"}],"twitter_card":"summary_large_image","twitter_misc":{"Hinta":"1750,00&nbsp;&euro;","Saatavuus":"Varastossa"},"schema":{"@context":"https:\/\/schema.org","@graph":[{"@type":"WebPage","@id":"https:\/\/miil.dev.almic.ee\/fi\/toode\/vuokrakontit-3m\/","url":"https:\/\/miil.dev.almic.ee\/fi\/toode\/vuokrakontit-3m\/","name":"Vuokrakontit 3m tumman harmaa - Miil O\u00dc","isPartOf":{"@id":"https:\/\/miil.dev.almic.ee\/#website"},"primaryImageOfPage":{"@id":"https:\/\/miil.dev.almic.ee\/fi\/toode\/vuokrakontit-3m\/#primaryimage"},"image":{"@id":"https:\/\/miil.dev.almic.ee\/fi\/toode\/vuokrakontit-3m\/#primaryimage"},"thumbnailUrl":"https:\/\/miil.dev.almic.ee\/wp-content\/uploads\/2023\/03\/Hall-tooriistakonteiner-RAL7016-laokonteiner-2-scaled.jpg","datePublished":"2023-03-03T19:57:49+00:00","dateModified":"2024-10-30T10:23:21+00:00","description":"Ty\u00f6kalus\u00e4ili\u00f6 3m tumman harmaa | Ty\u00f6kaluvaja | Puutarhavaja | Varastointi | Konttien myynti | L\u00e4mmittimien myynti | Konttien kuljetus |","breadcrumb":{"@id":"https:\/\/miil.dev.almic.ee\/fi\/toode\/vuokrakontit-3m\/#breadcrumb"},"inLanguage":"fi","potentialAction":[{"@type":"ReadAction","target":["https:\/\/miil.dev.almic.ee\/fi\/toode\/vuokrakontit-3m\/"]}]},{"@type":"ImageObject","inLanguage":"fi","@id":"https:\/\/miil.dev.almic.ee\/fi\/toode\/vuokrakontit-3m\/#primaryimage","url":"https:\/\/miil.dev.almic.ee\/wp-content\/uploads\/2023\/03\/Hall-tooriistakonteiner-RAL7016-laokonteiner-2-scaled.jpg","contentUrl":"https:\/\/miil.dev.almic.ee\/wp-content\/uploads\/2023\/03\/Hall-tooriistakonteiner-RAL7016-laokonteiner-2-scaled.jpg","width":1900,"height":1425,"caption":"Hall t\u00f6\u00f6riistakonteiner"},{"@type":"BreadcrumbList","@id":"https:\/\/miil.dev.almic.ee\/fi\/toode\/vuokrakontit-3m\/#breadcrumb","itemListElement":[{"@type":"ListItem","position":1,"name":"Home","item":"https:\/\/miil.dev.almic.ee\/fi\/"},{"@type":"ListItem","position":2,"name":"Kauppa","item":"https:\/\/miil.dev.almic.ee\/fi\/kauppa\/"},{"@type":"ListItem","position":3,"name":"Vuokrakontit 3m tumman harmaa"}]},{"@type":"WebSite","@id":"https:\/\/miil.dev.almic.ee\/#website","url":"https:\/\/miil.dev.almic.ee\/","name":"Miil O\u00dc","description":"Konteinerveod","publisher":{"@id":"https:\/\/miil.dev.almic.ee\/#organization"},"potentialAction":[{"@type":"SearchAction","target":{"@type":"EntryPoint","urlTemplate":"https:\/\/miil.dev.almic.ee\/?s={search_term_string}"},"query-input":{"@type":"PropertyValueSpecification","valueRequired":true,"valueName":"search_term_string"}}],"inLanguage":"fi"},{"@type":"Organization","@id":"https:\/\/miil.dev.almic.ee\/#organization","name":"Miil O\u00dc","url":"https:\/\/miil.dev.almic.ee\/","logo":{"@type":"ImageObject","inLanguage":"fi","@id":"https:\/\/miil.dev.almic.ee\/#\/schema\/logo\/image\/","url":"https:\/\/www.miil.ee\/wp-content\/uploads\/2022\/02\/Miil-logo.svg","contentUrl":"https:\/\/www.miil.ee\/wp-content\/uploads\/2022\/02\/Miil-logo.svg","width":"1024","height":"1024","caption":"Miil O\u00dc"},"image":{"@id":"https:\/\/miil.dev.almic.ee\/#\/schema\/logo\/image\/"},"sameAs":["https:\/\/www.facebook.com\/konteinerveod\/","https:\/\/www.instagram.com\/ou_miil\/"]}]},"product_price_amount":"1750.00","product_price_currency":"EUR","og_availability":"instock","product_availability":"instock","product_condition":"new"},"_links":{"self":[{"href":"https:\/\/miil.dev.almic.ee\/fi\/wp-json\/wp\/v2\/product\/28358","targetHints":{"allow":["GET"]}}],"collection":[{"href":"https:\/\/miil.dev.almic.ee\/fi\/wp-json\/wp\/v2\/product"}],"about":[{"href":"https:\/\/miil.dev.almic.ee\/fi\/wp-json\/wp\/v2\/types\/product"}],"replies":[{"embeddable":true,"href":"https:\/\/miil.dev.almic.ee\/fi\/wp-json\/wp\/v2\/comments?post=28358"}],"wp:featuredmedia":[{"embeddable":true,"href":"https:\/\/miil.dev.almic.ee\/fi\/wp-json\/wp\/v2\/media\/29378"}],"wp:attachment":[{"href":"https:\/\/miil.dev.almic.ee\/fi\/wp-json\/wp\/v2\/media?parent=28358"}],"wp:term":[{"taxonomy":"product_cat","embeddable":true,"href":"https:\/\/miil.dev.almic.ee\/fi\/wp-json\/wp\/v2\/product_cat?post=28358"},{"taxonomy":"product_tag","embeddable":true,"href":"https:\/\/miil.dev.almic.ee\/fi\/wp-json\/wp\/v2\/product_tag?post=28358"}],"curies":[{"name":"wp","href":"https:\/\/api.w.org\/{rel}","templated":true}]}}