{"id":28328,"date":"2023-03-03T21:30:19","date_gmt":"2023-03-03T19:30:20","guid":{"rendered":"https:\/\/www.miil.ee\/?post_type=product&#038;p=28328"},"modified":"2025-02-14T09:34:05","modified_gmt":"2025-02-14T07:34:05","slug":"tyokalusailio-1-5m-tummanharmaa","status":"publish","type":"product","link":"https:\/\/miil.dev.almic.ee\/fi\/toode\/tyokalusailio-1-5m-tummanharmaa\/","title":{"rendered":"Vuokrakontit  1,5m"},"content":{"rendered":"<h1>Ty\u00f6kalus\u00e4ili\u00f6 &#8211; tummanharmaa.<\/h1>\n<p>Lukittava ty\u00f6kalus\u00e4ili\u00f6 1.5m tummanharmaa on ihanteellinen pihatarvikkeiden, ruohonleikkurien ja ty\u00f6kalujen s\u00e4ilytt\u00e4miseen puutarhan nurkassa. Siihen mahtuu helposti polttopuita, talvirenkaita ja muuta tarpeellista.<br \/>\nTy\u00f6kaluvaja tummanharmaa voidaan sijoittaa lis\u00e4ksi vahvoilla tavallisilla tai rengashyllyill\u00e4, metallikaapeilla ja my\u00f6s ty\u00f6penkill\u00e4 ty\u00f6kaluineen ty\u00f6kalus\u00e4ili\u00f6\u00f6n.<br \/>\nKatso lis\u00e4\u00e4 vaihtoehtoja <a href=\"https:\/\/www.miil.ee\/fi\/merekonteinerid\/lisavarusteet\/\">t\u00e4\u00e4lt\u00e4<\/a>!<\/p>\n<h2>Py\u00f6r\u00e4n pys\u00e4k\u00f6intialue<\/h2>\n<p>Ty\u00f6kalus\u00e4ili\u00f6 tummanharmaa on hyv\u00e4 vaihtoehto kerrostalolle py\u00f6r\u00e4parkkipaikaksi.<br \/>\nLaatu ratkaisee!<\/p>\n<ul>\n<li>T\u00e4yspuulattia 35mm<\/li>\n<li>Katossa kondensaatiotiivis pinnoite.<\/li>\n<li>Lukittava ulkopuolelta riippulukolla.<\/li>\n<li>Galvanoitu runko<\/li>\n<li>Rungon kulmat 2mm<\/li>\n<li>Sein\u00e4n paksuus 0,75 mm<\/li>\n<li>Eri pituuksia.<\/li>\n<li>Paino 1,5 metri\u00e4 n. 250kg<\/li>\n<\/ul>\n<p>Pituus\/syvyys 1500mm, leveys 2200mm, korkeus 2200mm<\/p>\n<p>Markkinoiden paras hinta ja laadukkain ty\u00f6kalus\u00e4ili\u00f6.<\/p>\n<h2>Ty\u00f6kalus\u00e4ili\u00f6 1.5m tummanharmaa &#8211; kuljetus<\/h2>\n<p>Vuokrattaessa eristetty\u00e4 toimistom\u00f6kki\u00e4 kaikki m\u00f6kit siirret\u00e4\u00e4n vain omalla kulkuneuvollamme.<br \/>\nMeill\u00e4 on tarvittavat laitteet kontin lukoista oikeisiin nostov\u00e4lineisiin asti.<br \/>\nVastaamme my\u00f6s t\u00e4ss\u00e4 tapauksessa itse kuljetuksen aikana aiheutuneista vahingoista.<br \/>\nKaikki yhdest\u00e4 paikasta, l\u00e4mp\u00f6laatikon vuokraus hyvill\u00e4 ehdoilla ja laadukkaasti.<\/p>\n<p><span>K\u00e4yt\u00e4mme kuljetukseen\u00a0<\/span><a href=\"https:\/\/www.miil.ee\/fi\/palvelut\/nosturi\/\">nosturia<\/a><span>\u00a0tai\u00a0<\/span><a href=\"https:\/\/www.miil.ee\/fi\/palvelut\/sideloader\/\">sideloader<\/a><br \/>\n<span>monimutkaisempi kuljetus on mahdollista\u00a0<\/span><a href=\"https:\/\/www.miil.ee\/fi\/palvelut\/ram-kippauslaite\/\">RAM per\u00e4vaunulla<\/a><span>.<\/span><\/p>\n<p>Markkinoiden paras hinta ja laadukkain ty\u00f6kalus\u00e4ili\u00f6.<\/p>\n<p><span>Seuraa meit\u00e4\u00a0<\/span><a href=\"https:\/\/www.facebook.com\/konteinerveod\/\">Facebook<\/a><span>\u00a0tai\u00a0<\/span><a href=\"https:\/\/www.instagram.com\/ou_miil\/\">Instagram<\/a><\/p>\n","protected":false},"excerpt":{"rendered":"<p>Ty\u00f6kalus\u00e4ili\u00f6 &#8211; tummanharmaa. Lukittava ty\u00f6kalus\u00e4ili\u00f6 1.5m tummanharmaa on ihanteellinen pihatarvikkeiden, ruohonleikkurien ja ty\u00f6kalujen s\u00e4ilytt\u00e4miseen puutarhan nurkassa. Siihen mahtuu helposti polttopuita, talvirenkaita ja muuta tarpeellista. Ty\u00f6kaluvaja tummanharmaa voidaan sijoittaa lis\u00e4ksi vahvoilla tavallisilla tai rengashyllyill\u00e4, metallikaapeilla ja my\u00f6s ty\u00f6penkill\u00e4 ty\u00f6kaluineen ty\u00f6kalus\u00e4ili\u00f6\u00f6n. Katso lis\u00e4\u00e4 vaihtoehtoja t\u00e4\u00e4lt\u00e4! Py\u00f6r\u00e4n pys\u00e4k\u00f6intialue Ty\u00f6kalus\u00e4ili\u00f6 tummanharmaa on hyv\u00e4 vaihtoehto kerrostalolle py\u00f6r\u00e4parkkipaikaksi. Laatu ratkaisee! T\u00e4yspuulattia&#8230;<\/p>\n","protected":false},"featured_media":29333,"comment_status":"closed","ping_status":"closed","template":"","meta":{"_acf_changed":false},"product_cat":[351],"product_tag":[],"class_list":{"0":"post-28328","1":"product","2":"type-product","3":"status-publish","4":"has-post-thumbnail","6":"product_cat-peltikontit","8":"first","9":"instock","10":"sale","11":"shipping-taxable","12":"purchasable","13":"product-type-simple"},"acf":[],"yoast_head":"<!-- This site is optimized with the Yoast SEO Premium plugin v23.9 (Yoast SEO v27.5) - https:\/\/yoast.com\/product\/yoast-seo-premium-wordpress\/ -->\n<title>Ty\u00f6kalus\u00e4ili\u00f6 1.5m tummanharmaa - Miil O\u00dc<\/title>\n<meta name=\"description\" content=\"ty\u00f6kalus\u00e4ili\u00f6 1.5m tummanharmaa | Bicycle parking | garden shed | wooden shed | storage | tin shed | Storage | Tool shed | Miil.ee \u2b50\ufe0f\u2b50\ufe0f\u2b50\ufe0f\u2b50\ufe0f\u2b50\" \/>\n<meta name=\"robots\" content=\"index, follow, max-snippet:-1, max-image-preview:large, max-video-preview:-1\" \/>\n<link rel=\"canonical\" href=\"https:\/\/miil.dev.almic.ee\/fi\/toode\/tyokalusailio-1-5m-tummanharmaa\/\" \/>\n<meta property=\"og:locale\" content=\"fi_FI\" \/>\n<meta property=\"og:type\" content=\"article\" \/>\n<meta property=\"og:title\" content=\"Vuokrakontit 1,5m\" \/>\n<meta property=\"og:description\" content=\"ty\u00f6kalus\u00e4ili\u00f6 1.5m tummanharmaa | Bicycle parking | garden shed | wooden shed | storage | tin shed | Storage | Tool shed | Miil.ee \u2b50\ufe0f\u2b50\ufe0f\u2b50\ufe0f\u2b50\ufe0f\u2b50\" \/>\n<meta property=\"og:url\" content=\"https:\/\/miil.dev.almic.ee\/fi\/toode\/tyokalusailio-1-5m-tummanharmaa\/\" \/>\n<meta property=\"og:site_name\" content=\"Miil O\u00dc\" \/>\n<meta property=\"article:publisher\" content=\"https:\/\/www.facebook.com\/konteinerveod\/\" \/>\n<meta property=\"article:modified_time\" content=\"2025-02-14T07:34:05+00:00\" \/>\n<meta property=\"og:image\" content=\"https:\/\/miil.dev.almic.ee\/wp-content\/uploads\/2023\/03\/Hall-tooriistakonteiner-15m-RAL7016-laokonteiner-2-scaled.jpg\" \/>\n\t<meta property=\"og:image:width\" content=\"1900\" \/>\n\t<meta property=\"og:image:height\" content=\"1425\" \/>\n\t<meta property=\"og:image:type\" content=\"image\/jpeg\" \/>\n<meta name=\"twitter:card\" content=\"summary_large_image\" \/>\n<meta name=\"twitter:label1\" content=\"Hinta\" \/>\n\t<meta name=\"twitter:data1\" content=\"1250,00&nbsp;&euro;\" \/>\n\t<meta name=\"twitter:label2\" content=\"Saatavuus\" \/>\n\t<meta name=\"twitter:data2\" content=\"Varastossa\" \/>\n<script type=\"application\/ld+json\" class=\"yoast-schema-graph\">{\"@context\":\"https:\\\/\\\/schema.org\",\"@graph\":[{\"@type\":\"WebPage\",\"@id\":\"https:\\\/\\\/miil.dev.almic.ee\\\/fi\\\/toode\\\/tyokalusailio-1-5m-tummanharmaa\\\/\",\"url\":\"https:\\\/\\\/miil.dev.almic.ee\\\/fi\\\/toode\\\/tyokalusailio-1-5m-tummanharmaa\\\/\",\"name\":\"Ty\u00f6kalus\u00e4ili\u00f6 1.5m tummanharmaa - Miil O\u00dc\",\"isPartOf\":{\"@id\":\"https:\\\/\\\/miil.dev.almic.ee\\\/#website\"},\"primaryImageOfPage\":{\"@id\":\"https:\\\/\\\/miil.dev.almic.ee\\\/fi\\\/toode\\\/tyokalusailio-1-5m-tummanharmaa\\\/#primaryimage\"},\"image\":{\"@id\":\"https:\\\/\\\/miil.dev.almic.ee\\\/fi\\\/toode\\\/tyokalusailio-1-5m-tummanharmaa\\\/#primaryimage\"},\"thumbnailUrl\":\"https:\\\/\\\/miil.dev.almic.ee\\\/wp-content\\\/uploads\\\/2023\\\/03\\\/Hall-tooriistakonteiner-15m-RAL7016-laokonteiner-2-scaled.jpg\",\"datePublished\":\"2023-03-03T19:30:20+00:00\",\"dateModified\":\"2025-02-14T07:34:05+00:00\",\"description\":\"ty\u00f6kalus\u00e4ili\u00f6 1.5m tummanharmaa | Bicycle parking | garden shed | wooden shed | storage | tin shed | Storage | Tool shed | Miil.ee \u2b50\ufe0f\u2b50\ufe0f\u2b50\ufe0f\u2b50\ufe0f\u2b50\",\"breadcrumb\":{\"@id\":\"https:\\\/\\\/miil.dev.almic.ee\\\/fi\\\/toode\\\/tyokalusailio-1-5m-tummanharmaa\\\/#breadcrumb\"},\"inLanguage\":\"fi\",\"potentialAction\":[{\"@type\":\"ReadAction\",\"target\":[\"https:\\\/\\\/miil.dev.almic.ee\\\/fi\\\/toode\\\/tyokalusailio-1-5m-tummanharmaa\\\/\"]}]},{\"@type\":\"ImageObject\",\"inLanguage\":\"fi\",\"@id\":\"https:\\\/\\\/miil.dev.almic.ee\\\/fi\\\/toode\\\/tyokalusailio-1-5m-tummanharmaa\\\/#primaryimage\",\"url\":\"https:\\\/\\\/miil.dev.almic.ee\\\/wp-content\\\/uploads\\\/2023\\\/03\\\/Hall-tooriistakonteiner-15m-RAL7016-laokonteiner-2-scaled.jpg\",\"contentUrl\":\"https:\\\/\\\/miil.dev.almic.ee\\\/wp-content\\\/uploads\\\/2023\\\/03\\\/Hall-tooriistakonteiner-15m-RAL7016-laokonteiner-2-scaled.jpg\",\"width\":1900,\"height\":1425},{\"@type\":\"BreadcrumbList\",\"@id\":\"https:\\\/\\\/miil.dev.almic.ee\\\/fi\\\/toode\\\/tyokalusailio-1-5m-tummanharmaa\\\/#breadcrumb\",\"itemListElement\":[{\"@type\":\"ListItem\",\"position\":1,\"name\":\"Home\",\"item\":\"https:\\\/\\\/miil.dev.almic.ee\\\/fi\\\/\"},{\"@type\":\"ListItem\",\"position\":2,\"name\":\"Kauppa\",\"item\":\"https:\\\/\\\/miil.dev.almic.ee\\\/fi\\\/kauppa\\\/\"},{\"@type\":\"ListItem\",\"position\":3,\"name\":\"Vuokrakontit 1,5m\"}]},{\"@type\":\"WebSite\",\"@id\":\"https:\\\/\\\/miil.dev.almic.ee\\\/#website\",\"url\":\"https:\\\/\\\/miil.dev.almic.ee\\\/\",\"name\":\"Miil O\u00dc\",\"description\":\"Konteinerveod\",\"publisher\":{\"@id\":\"https:\\\/\\\/miil.dev.almic.ee\\\/#organization\"},\"potentialAction\":[{\"@type\":\"SearchAction\",\"target\":{\"@type\":\"EntryPoint\",\"urlTemplate\":\"https:\\\/\\\/miil.dev.almic.ee\\\/?s={search_term_string}\"},\"query-input\":{\"@type\":\"PropertyValueSpecification\",\"valueRequired\":true,\"valueName\":\"search_term_string\"}}],\"inLanguage\":\"fi\"},{\"@type\":\"Organization\",\"@id\":\"https:\\\/\\\/miil.dev.almic.ee\\\/#organization\",\"name\":\"Miil O\u00dc\",\"url\":\"https:\\\/\\\/miil.dev.almic.ee\\\/\",\"logo\":{\"@type\":\"ImageObject\",\"inLanguage\":\"fi\",\"@id\":\"https:\\\/\\\/miil.dev.almic.ee\\\/#\\\/schema\\\/logo\\\/image\\\/\",\"url\":\"https:\\\/\\\/www.miil.ee\\\/wp-content\\\/uploads\\\/2022\\\/02\\\/Miil-logo.svg\",\"contentUrl\":\"https:\\\/\\\/www.miil.ee\\\/wp-content\\\/uploads\\\/2022\\\/02\\\/Miil-logo.svg\",\"width\":\"1024\",\"height\":\"1024\",\"caption\":\"Miil O\u00dc\"},\"image\":{\"@id\":\"https:\\\/\\\/miil.dev.almic.ee\\\/#\\\/schema\\\/logo\\\/image\\\/\"},\"sameAs\":[\"https:\\\/\\\/www.facebook.com\\\/konteinerveod\\\/\",\"https:\\\/\\\/www.instagram.com\\\/ou_miil\\\/\"]}]}<\/script>\n<meta property=\"product:price:amount\" content=\"1250.00\" \/>\n<meta property=\"product:price:currency\" content=\"EUR\" \/>\n<meta property=\"og:availability\" content=\"instock\" \/>\n<meta property=\"product:availability\" content=\"instock\" \/>\n<meta property=\"product:condition\" content=\"new\" \/>\n<!-- \/ Yoast SEO Premium plugin. -->","yoast_head_json":{"title":"Ty\u00f6kalus\u00e4ili\u00f6 1.5m tummanharmaa - Miil O\u00dc","description":"ty\u00f6kalus\u00e4ili\u00f6 1.5m tummanharmaa | Bicycle parking | garden shed | wooden shed | storage | tin shed | Storage | Tool shed | Miil.ee \u2b50\ufe0f\u2b50\ufe0f\u2b50\ufe0f\u2b50\ufe0f\u2b50","robots":{"index":"index","follow":"follow","max-snippet":"max-snippet:-1","max-image-preview":"max-image-preview:large","max-video-preview":"max-video-preview:-1"},"canonical":"https:\/\/miil.dev.almic.ee\/fi\/toode\/tyokalusailio-1-5m-tummanharmaa\/","og_locale":"fi_FI","og_type":"article","og_title":"Vuokrakontit 1,5m","og_description":"ty\u00f6kalus\u00e4ili\u00f6 1.5m tummanharmaa | Bicycle parking | garden shed | wooden shed | storage | tin shed | Storage | Tool shed | Miil.ee \u2b50\ufe0f\u2b50\ufe0f\u2b50\ufe0f\u2b50\ufe0f\u2b50","og_url":"https:\/\/miil.dev.almic.ee\/fi\/toode\/tyokalusailio-1-5m-tummanharmaa\/","og_site_name":"Miil O\u00dc","article_publisher":"https:\/\/www.facebook.com\/konteinerveod\/","article_modified_time":"2025-02-14T07:34:05+00:00","og_image":[{"width":1900,"height":1425,"url":"https:\/\/miil.dev.almic.ee\/wp-content\/uploads\/2023\/03\/Hall-tooriistakonteiner-15m-RAL7016-laokonteiner-2-scaled.jpg","type":"image\/jpeg"}],"twitter_card":"summary_large_image","twitter_misc":{"Hinta":"1250,00&nbsp;&euro;","Saatavuus":"Varastossa"},"schema":{"@context":"https:\/\/schema.org","@graph":[{"@type":"WebPage","@id":"https:\/\/miil.dev.almic.ee\/fi\/toode\/tyokalusailio-1-5m-tummanharmaa\/","url":"https:\/\/miil.dev.almic.ee\/fi\/toode\/tyokalusailio-1-5m-tummanharmaa\/","name":"Ty\u00f6kalus\u00e4ili\u00f6 1.5m tummanharmaa - Miil O\u00dc","isPartOf":{"@id":"https:\/\/miil.dev.almic.ee\/#website"},"primaryImageOfPage":{"@id":"https:\/\/miil.dev.almic.ee\/fi\/toode\/tyokalusailio-1-5m-tummanharmaa\/#primaryimage"},"image":{"@id":"https:\/\/miil.dev.almic.ee\/fi\/toode\/tyokalusailio-1-5m-tummanharmaa\/#primaryimage"},"thumbnailUrl":"https:\/\/miil.dev.almic.ee\/wp-content\/uploads\/2023\/03\/Hall-tooriistakonteiner-15m-RAL7016-laokonteiner-2-scaled.jpg","datePublished":"2023-03-03T19:30:20+00:00","dateModified":"2025-02-14T07:34:05+00:00","description":"ty\u00f6kalus\u00e4ili\u00f6 1.5m tummanharmaa | Bicycle parking | garden shed | wooden shed | storage | tin shed | Storage | Tool shed | Miil.ee \u2b50\ufe0f\u2b50\ufe0f\u2b50\ufe0f\u2b50\ufe0f\u2b50","breadcrumb":{"@id":"https:\/\/miil.dev.almic.ee\/fi\/toode\/tyokalusailio-1-5m-tummanharmaa\/#breadcrumb"},"inLanguage":"fi","potentialAction":[{"@type":"ReadAction","target":["https:\/\/miil.dev.almic.ee\/fi\/toode\/tyokalusailio-1-5m-tummanharmaa\/"]}]},{"@type":"ImageObject","inLanguage":"fi","@id":"https:\/\/miil.dev.almic.ee\/fi\/toode\/tyokalusailio-1-5m-tummanharmaa\/#primaryimage","url":"https:\/\/miil.dev.almic.ee\/wp-content\/uploads\/2023\/03\/Hall-tooriistakonteiner-15m-RAL7016-laokonteiner-2-scaled.jpg","contentUrl":"https:\/\/miil.dev.almic.ee\/wp-content\/uploads\/2023\/03\/Hall-tooriistakonteiner-15m-RAL7016-laokonteiner-2-scaled.jpg","width":1900,"height":1425},{"@type":"BreadcrumbList","@id":"https:\/\/miil.dev.almic.ee\/fi\/toode\/tyokalusailio-1-5m-tummanharmaa\/#breadcrumb","itemListElement":[{"@type":"ListItem","position":1,"name":"Home","item":"https:\/\/miil.dev.almic.ee\/fi\/"},{"@type":"ListItem","position":2,"name":"Kauppa","item":"https:\/\/miil.dev.almic.ee\/fi\/kauppa\/"},{"@type":"ListItem","position":3,"name":"Vuokrakontit 1,5m"}]},{"@type":"WebSite","@id":"https:\/\/miil.dev.almic.ee\/#website","url":"https:\/\/miil.dev.almic.ee\/","name":"Miil O\u00dc","description":"Konteinerveod","publisher":{"@id":"https:\/\/miil.dev.almic.ee\/#organization"},"potentialAction":[{"@type":"SearchAction","target":{"@type":"EntryPoint","urlTemplate":"https:\/\/miil.dev.almic.ee\/?s={search_term_string}"},"query-input":{"@type":"PropertyValueSpecification","valueRequired":true,"valueName":"search_term_string"}}],"inLanguage":"fi"},{"@type":"Organization","@id":"https:\/\/miil.dev.almic.ee\/#organization","name":"Miil O\u00dc","url":"https:\/\/miil.dev.almic.ee\/","logo":{"@type":"ImageObject","inLanguage":"fi","@id":"https:\/\/miil.dev.almic.ee\/#\/schema\/logo\/image\/","url":"https:\/\/www.miil.ee\/wp-content\/uploads\/2022\/02\/Miil-logo.svg","contentUrl":"https:\/\/www.miil.ee\/wp-content\/uploads\/2022\/02\/Miil-logo.svg","width":"1024","height":"1024","caption":"Miil O\u00dc"},"image":{"@id":"https:\/\/miil.dev.almic.ee\/#\/schema\/logo\/image\/"},"sameAs":["https:\/\/www.facebook.com\/konteinerveod\/","https:\/\/www.instagram.com\/ou_miil\/"]}]},"product_price_amount":"1250.00","product_price_currency":"EUR","og_availability":"instock","product_availability":"instock","product_condition":"new"},"_links":{"self":[{"href":"https:\/\/miil.dev.almic.ee\/fi\/wp-json\/wp\/v2\/product\/28328","targetHints":{"allow":["GET"]}}],"collection":[{"href":"https:\/\/miil.dev.almic.ee\/fi\/wp-json\/wp\/v2\/product"}],"about":[{"href":"https:\/\/miil.dev.almic.ee\/fi\/wp-json\/wp\/v2\/types\/product"}],"replies":[{"embeddable":true,"href":"https:\/\/miil.dev.almic.ee\/fi\/wp-json\/wp\/v2\/comments?post=28328"}],"wp:featuredmedia":[{"embeddable":true,"href":"https:\/\/miil.dev.almic.ee\/fi\/wp-json\/wp\/v2\/media\/29333"}],"wp:attachment":[{"href":"https:\/\/miil.dev.almic.ee\/fi\/wp-json\/wp\/v2\/media?parent=28328"}],"wp:term":[{"taxonomy":"product_cat","embeddable":true,"href":"https:\/\/miil.dev.almic.ee\/fi\/wp-json\/wp\/v2\/product_cat?post=28328"},{"taxonomy":"product_tag","embeddable":true,"href":"https:\/\/miil.dev.almic.ee\/fi\/wp-json\/wp\/v2\/product_tag?post=28328"}],"curies":[{"name":"wp","href":"https:\/\/api.w.org\/{rel}","templated":true}]}}