{"id":26151,"date":"2023-01-05T16:57:37","date_gmt":"2023-01-05T14:57:37","guid":{"rendered":"https:\/\/www.miil.ee\/?post_type=product&#038;p=26151"},"modified":"2024-11-11T15:05:19","modified_gmt":"2024-11-11T13:05:19","slug":"containex-toimisto-ja-tyomaakontti-miiu00301","status":"publish","type":"product","link":"https:\/\/miil.dev.almic.ee\/fi\/toode\/containex-toimisto-ja-tyomaakontti-miiu00301\/","title":{"rendered":"Containex toimisto- ja ty\u00f6maakontti MIIU0301"},"content":{"rendered":"<h1>Toimisto- ja ty\u00f6maakontti muutos<\/h1>\n<p>m\u00f6kin muutos ja viimeistely maalaismaiseksi ulkorakennukseksi.<br \/>\nYhden hytin vakiokoko on 6 metri\u00e4 pitk\u00e4, 2,44 metri\u00e4 leve\u00e4 ja 2,6 metri\u00e4 korkea.<br \/>\nhyttej\u00e4 voidaan yhdist\u00e4\u00e4 suuremmiksi huoneiksi.<\/p>\n<p>Toimisto- ja ty\u00f6maakontti muutos &#8211; Puisen vuorauksen lis\u00e4ksi voimme asentaa my\u00f6s ilmal\u00e4mp\u00f6pumpun, toisen kerroksen, portaat, terassimoduulin m\u00f6kin katolle tai sen eteen maahan.<\/p>\n<p>m\u00f6kki on nopein ja edullisin rakennus esimerkiksi m\u00f6kki, rakentajaa tai perustusta ei tarvita.<br \/>\nRakennuslupaa ei yleens\u00e4 vaadita, mutta se riippuu paikasta, kunnasta ja viranomaisten toiveista.<\/p>\n<p>m\u00f6kin viimeistely puulla on yleistym\u00e4ss\u00e4 ja puulevyn s\u00e4vy voidaan sovittaa yhteen olemassa olevan talon tai rakennuksen kanssa.<br \/>\nTarvittaessa asennamme my\u00f6s lis\u00e4valaistuksen ulos tai kalustehuoneeseen.<\/p>\n<h2>Ohjaamon kuljetus ja asennus<\/h2>\n<p>ohjaamon muutosty\u00f6t, kuljetus ja asennus ovat meille jokap\u00e4iv\u00e4ist\u00e4 toimintaa. Kova pinta, kuten asfaltti, kivimurska tai betoni, ei tarvitse muuta kuin muutaman kiven. asennuksen aikana ohjaamo voi j\u00e4\u00e4d\u00e4 n. 15-25 cm maasta. hytti on usein eristetty pohjasta villalla, alla pelti.<br \/>\nKaikki m\u00f6kit ovat jyrsij\u00e4suojattuja ja niiss\u00e4 on Ce-merkit.<\/p>\n<p>CE-merkinn\u00e4t ja vaatimustenmukaisuus ovat matkustamon t\u00e4rkein osa!<br \/>\nCE-merkki takaa, ett\u00e4 ohjaamo t\u00e4ytt\u00e4\u00e4 eurooppalaiset vaatimukset ja on turvallinen k\u00e4ytt\u00e4\u00e4. Kotimaassa, Ukrainassa tai Valko-Ven\u00e4j\u00e4ll\u00e4 rakennetussa m\u00f6kiss\u00e4 ei ole n\u00e4it\u00e4 merkkej\u00e4, eik\u00e4 kukaan takaa, ettei m\u00f6kki aiheuta vahinkoja rakennusvirheiden vuoksi.<\/p>\n<h2>Toimisto- ja ty\u00f6maakontti muutos &#8211; Ohjaamon muutos vai tehdasversio?<\/h2>\n<p>Riippumatta siit\u00e4, tilaatko meilt\u00e4 hytin lis\u00e4varusteineen vai tehdasversion, molemmissa tapauksissa kyseess\u00e4 on k\u00e4ytt\u00f6valmis ratkaisu.<\/p>\n<p>Alla on joitain hintoja lis\u00e4tarvikkeista:<br \/>\nAC pumppu 4.7kw \u2013 990.- + alv<br \/>\nPuupinta &#8211; 2990.- + alv<br \/>\nLis\u00e4ikkuna \u2013 590.- + alv<br \/>\nRullaovi \u2013 1950.- + alv<\/p>\n<p>K\u00e4yt\u00e4mme kuljetukseen <a href=\"https:\/\/www.miil.ee\/fi\/palvelut\/nosturi\/\">nosturia<\/a> tai <a href=\"https:\/\/www.miil.ee\/fi\/palvelut\/sideloader\/\">sideloader<\/a><br \/>\nmonimutkaisempi kuljetus on mahdollista <a href=\"https:\/\/www.miil.ee\/fi\/palvelut\/ram-kippauslaite\/\">RAM per\u00e4vaunulla<\/a>.<\/p>\n<p>Seuraa meit\u00e4 <a href=\"https:\/\/www.facebook.com\/konteinerveod\/\">Facebook<\/a> tai <a href=\"https:\/\/www.instagram.com\/ou_miil\/\">Instagram<\/a><\/p>\n","protected":false},"excerpt":{"rendered":"<p>Toimisto- ja ty\u00f6maakontti muutos m\u00f6kin muutos ja viimeistely maalaismaiseksi ulkorakennukseksi. Yhden hytin vakiokoko on 6 metri\u00e4 pitk\u00e4, 2,44 metri\u00e4 leve\u00e4 ja 2,6 metri\u00e4 korkea. hyttej\u00e4 voidaan yhdist\u00e4\u00e4 suuremmiksi huoneiksi. Toimisto- ja ty\u00f6maakontti muutos &#8211; Puisen vuorauksen lis\u00e4ksi voimme asentaa my\u00f6s ilmal\u00e4mp\u00f6pumpun, toisen kerroksen, portaat, terassimoduulin m\u00f6kin katolle tai sen eteen maahan. m\u00f6kki on nopein ja&#8230;<\/p>\n","protected":false},"featured_media":42074,"comment_status":"closed","ping_status":"closed","template":"","meta":{"_acf_changed":false},"product_cat":[343,407],"product_tag":[],"class_list":{"0":"post-26151","1":"product","2":"type-product","3":"status-publish","4":"has-post-thumbnail","6":"product_cat-eristekontit","7":"product_cat-uudet-toimistokontit","9":"first","10":"instock","11":"shipping-taxable","12":"purchasable","13":"product-type-simple"},"acf":[],"yoast_head":"<!-- This site is optimized with the Yoast SEO Premium plugin v23.9 (Yoast SEO v27.5) - https:\/\/yoast.com\/product\/yoast-seo-premium-wordpress\/ -->\n<title>toimisto- ja ty\u00f6maakontti muutos - Miil O\u00dc<\/title>\n<meta name=\"description\" content=\"toimisto- ja ty\u00f6maakontti muutos | Minitalot ja -m\u00f6kit | M\u00f6kkien vuokraus ja myynti | Kuljetus ja korjaukset | S\u00e4hk\u00f6ty\u00f6t ja l\u00e4mmitys\" \/>\n<meta name=\"robots\" content=\"index, follow, max-snippet:-1, max-image-preview:large, max-video-preview:-1\" \/>\n<link rel=\"canonical\" href=\"https:\/\/miil.dev.almic.ee\/fi\/toode\/containex-toimisto-ja-tyomaakontti-miiu00301\/\" \/>\n<meta property=\"og:locale\" content=\"fi_FI\" \/>\n<meta property=\"og:type\" content=\"article\" \/>\n<meta property=\"og:title\" content=\"Containex toimisto- ja ty\u00f6maakontti MIIU0301\" \/>\n<meta property=\"og:description\" content=\"toimisto- ja ty\u00f6maakontti muutos | Minitalot ja -m\u00f6kit | M\u00f6kkien vuokraus ja myynti | Kuljetus ja korjaukset | S\u00e4hk\u00f6ty\u00f6t ja l\u00e4mmitys\" \/>\n<meta property=\"og:url\" content=\"https:\/\/miil.dev.almic.ee\/fi\/toode\/containex-toimisto-ja-tyomaakontti-miiu00301\/\" \/>\n<meta property=\"og:site_name\" content=\"Miil O\u00dc\" \/>\n<meta property=\"article:publisher\" content=\"https:\/\/www.facebook.com\/konteinerveod\/\" \/>\n<meta property=\"article:modified_time\" content=\"2024-11-11T13:05:19+00:00\" \/>\n<meta property=\"og:image\" content=\"https:\/\/miil.dev.almic.ee\/wp-content\/uploads\/2023\/01\/Voodrilauaga-soojak-5-scaled.jpg\" \/>\n\t<meta property=\"og:image:width\" content=\"1900\" \/>\n\t<meta property=\"og:image:height\" content=\"1425\" \/>\n\t<meta property=\"og:image:type\" content=\"image\/jpeg\" \/>\n<meta name=\"twitter:card\" content=\"summary_large_image\" \/>\n<meta name=\"twitter:label1\" content=\"Hinta\" \/>\n\t<meta name=\"twitter:data1\" content=\"7950,00&nbsp;&euro;\" \/>\n\t<meta name=\"twitter:label2\" content=\"Saatavuus\" \/>\n\t<meta name=\"twitter:data2\" content=\"Varastossa\" \/>\n<script type=\"application\/ld+json\" class=\"yoast-schema-graph\">{\"@context\":\"https:\\\/\\\/schema.org\",\"@graph\":[{\"@type\":\"WebPage\",\"@id\":\"https:\\\/\\\/miil.dev.almic.ee\\\/fi\\\/toode\\\/containex-toimisto-ja-tyomaakontti-miiu00301\\\/\",\"url\":\"https:\\\/\\\/miil.dev.almic.ee\\\/fi\\\/toode\\\/containex-toimisto-ja-tyomaakontti-miiu00301\\\/\",\"name\":\"toimisto- ja ty\u00f6maakontti muutos - Miil O\u00dc\",\"isPartOf\":{\"@id\":\"https:\\\/\\\/miil.dev.almic.ee\\\/#website\"},\"primaryImageOfPage\":{\"@id\":\"https:\\\/\\\/miil.dev.almic.ee\\\/fi\\\/toode\\\/containex-toimisto-ja-tyomaakontti-miiu00301\\\/#primaryimage\"},\"image\":{\"@id\":\"https:\\\/\\\/miil.dev.almic.ee\\\/fi\\\/toode\\\/containex-toimisto-ja-tyomaakontti-miiu00301\\\/#primaryimage\"},\"thumbnailUrl\":\"https:\\\/\\\/miil.dev.almic.ee\\\/wp-content\\\/uploads\\\/2023\\\/01\\\/Voodrilauaga-soojak-5-scaled.jpg\",\"datePublished\":\"2023-01-05T14:57:37+00:00\",\"dateModified\":\"2024-11-11T13:05:19+00:00\",\"description\":\"toimisto- ja ty\u00f6maakontti muutos | Minitalot ja -m\u00f6kit | M\u00f6kkien vuokraus ja myynti | Kuljetus ja korjaukset | S\u00e4hk\u00f6ty\u00f6t ja l\u00e4mmitys\",\"breadcrumb\":{\"@id\":\"https:\\\/\\\/miil.dev.almic.ee\\\/fi\\\/toode\\\/containex-toimisto-ja-tyomaakontti-miiu00301\\\/#breadcrumb\"},\"inLanguage\":\"fi\",\"potentialAction\":[{\"@type\":\"ReadAction\",\"target\":[\"https:\\\/\\\/miil.dev.almic.ee\\\/fi\\\/toode\\\/containex-toimisto-ja-tyomaakontti-miiu00301\\\/\"]}]},{\"@type\":\"ImageObject\",\"inLanguage\":\"fi\",\"@id\":\"https:\\\/\\\/miil.dev.almic.ee\\\/fi\\\/toode\\\/containex-toimisto-ja-tyomaakontti-miiu00301\\\/#primaryimage\",\"url\":\"https:\\\/\\\/miil.dev.almic.ee\\\/wp-content\\\/uploads\\\/2023\\\/01\\\/Voodrilauaga-soojak-5-scaled.jpg\",\"contentUrl\":\"https:\\\/\\\/miil.dev.almic.ee\\\/wp-content\\\/uploads\\\/2023\\\/01\\\/Voodrilauaga-soojak-5-scaled.jpg\",\"width\":1900,\"height\":1425,\"caption\":\"Soojakute \u00fcmberehitus\"},{\"@type\":\"BreadcrumbList\",\"@id\":\"https:\\\/\\\/miil.dev.almic.ee\\\/fi\\\/toode\\\/containex-toimisto-ja-tyomaakontti-miiu00301\\\/#breadcrumb\",\"itemListElement\":[{\"@type\":\"ListItem\",\"position\":1,\"name\":\"Home\",\"item\":\"https:\\\/\\\/miil.dev.almic.ee\\\/fi\\\/\"},{\"@type\":\"ListItem\",\"position\":2,\"name\":\"Kauppa\",\"item\":\"https:\\\/\\\/miil.dev.almic.ee\\\/fi\\\/kauppa\\\/\"},{\"@type\":\"ListItem\",\"position\":3,\"name\":\"Containex toimisto- ja ty\u00f6maakontti MIIU0301\"}]},{\"@type\":\"WebSite\",\"@id\":\"https:\\\/\\\/miil.dev.almic.ee\\\/#website\",\"url\":\"https:\\\/\\\/miil.dev.almic.ee\\\/\",\"name\":\"Miil O\u00dc\",\"description\":\"Konteinerveod\",\"publisher\":{\"@id\":\"https:\\\/\\\/miil.dev.almic.ee\\\/#organization\"},\"potentialAction\":[{\"@type\":\"SearchAction\",\"target\":{\"@type\":\"EntryPoint\",\"urlTemplate\":\"https:\\\/\\\/miil.dev.almic.ee\\\/?s={search_term_string}\"},\"query-input\":{\"@type\":\"PropertyValueSpecification\",\"valueRequired\":true,\"valueName\":\"search_term_string\"}}],\"inLanguage\":\"fi\"},{\"@type\":\"Organization\",\"@id\":\"https:\\\/\\\/miil.dev.almic.ee\\\/#organization\",\"name\":\"Miil O\u00dc\",\"url\":\"https:\\\/\\\/miil.dev.almic.ee\\\/\",\"logo\":{\"@type\":\"ImageObject\",\"inLanguage\":\"fi\",\"@id\":\"https:\\\/\\\/miil.dev.almic.ee\\\/#\\\/schema\\\/logo\\\/image\\\/\",\"url\":\"https:\\\/\\\/www.miil.ee\\\/wp-content\\\/uploads\\\/2022\\\/02\\\/Miil-logo.svg\",\"contentUrl\":\"https:\\\/\\\/www.miil.ee\\\/wp-content\\\/uploads\\\/2022\\\/02\\\/Miil-logo.svg\",\"width\":\"1024\",\"height\":\"1024\",\"caption\":\"Miil O\u00dc\"},\"image\":{\"@id\":\"https:\\\/\\\/miil.dev.almic.ee\\\/#\\\/schema\\\/logo\\\/image\\\/\"},\"sameAs\":[\"https:\\\/\\\/www.facebook.com\\\/konteinerveod\\\/\",\"https:\\\/\\\/www.instagram.com\\\/ou_miil\\\/\"]}]}<\/script>\n<meta property=\"product:price:amount\" content=\"7950.00\" \/>\n<meta property=\"product:price:currency\" content=\"EUR\" \/>\n<meta property=\"og:availability\" content=\"instock\" \/>\n<meta property=\"product:availability\" content=\"instock\" \/>\n<meta property=\"product:retailer_item_id\" content=\"MIIU1150\" \/>\n<meta property=\"product:condition\" content=\"new\" \/>\n<!-- \/ Yoast SEO Premium plugin. -->","yoast_head_json":{"title":"toimisto- ja ty\u00f6maakontti muutos - Miil O\u00dc","description":"toimisto- ja ty\u00f6maakontti muutos | Minitalot ja -m\u00f6kit | M\u00f6kkien vuokraus ja myynti | Kuljetus ja korjaukset | S\u00e4hk\u00f6ty\u00f6t ja l\u00e4mmitys","robots":{"index":"index","follow":"follow","max-snippet":"max-snippet:-1","max-image-preview":"max-image-preview:large","max-video-preview":"max-video-preview:-1"},"canonical":"https:\/\/miil.dev.almic.ee\/fi\/toode\/containex-toimisto-ja-tyomaakontti-miiu00301\/","og_locale":"fi_FI","og_type":"article","og_title":"Containex toimisto- ja ty\u00f6maakontti MIIU0301","og_description":"toimisto- ja ty\u00f6maakontti muutos | Minitalot ja -m\u00f6kit | M\u00f6kkien vuokraus ja myynti | Kuljetus ja korjaukset | S\u00e4hk\u00f6ty\u00f6t ja l\u00e4mmitys","og_url":"https:\/\/miil.dev.almic.ee\/fi\/toode\/containex-toimisto-ja-tyomaakontti-miiu00301\/","og_site_name":"Miil O\u00dc","article_publisher":"https:\/\/www.facebook.com\/konteinerveod\/","article_modified_time":"2024-11-11T13:05:19+00:00","og_image":[{"width":1900,"height":1425,"url":"https:\/\/miil.dev.almic.ee\/wp-content\/uploads\/2023\/01\/Voodrilauaga-soojak-5-scaled.jpg","type":"image\/jpeg"}],"twitter_card":"summary_large_image","twitter_misc":{"Hinta":"7950,00&nbsp;&euro;","Saatavuus":"Varastossa"},"schema":{"@context":"https:\/\/schema.org","@graph":[{"@type":"WebPage","@id":"https:\/\/miil.dev.almic.ee\/fi\/toode\/containex-toimisto-ja-tyomaakontti-miiu00301\/","url":"https:\/\/miil.dev.almic.ee\/fi\/toode\/containex-toimisto-ja-tyomaakontti-miiu00301\/","name":"toimisto- ja ty\u00f6maakontti muutos - Miil O\u00dc","isPartOf":{"@id":"https:\/\/miil.dev.almic.ee\/#website"},"primaryImageOfPage":{"@id":"https:\/\/miil.dev.almic.ee\/fi\/toode\/containex-toimisto-ja-tyomaakontti-miiu00301\/#primaryimage"},"image":{"@id":"https:\/\/miil.dev.almic.ee\/fi\/toode\/containex-toimisto-ja-tyomaakontti-miiu00301\/#primaryimage"},"thumbnailUrl":"https:\/\/miil.dev.almic.ee\/wp-content\/uploads\/2023\/01\/Voodrilauaga-soojak-5-scaled.jpg","datePublished":"2023-01-05T14:57:37+00:00","dateModified":"2024-11-11T13:05:19+00:00","description":"toimisto- ja ty\u00f6maakontti muutos | Minitalot ja -m\u00f6kit | M\u00f6kkien vuokraus ja myynti | Kuljetus ja korjaukset | S\u00e4hk\u00f6ty\u00f6t ja l\u00e4mmitys","breadcrumb":{"@id":"https:\/\/miil.dev.almic.ee\/fi\/toode\/containex-toimisto-ja-tyomaakontti-miiu00301\/#breadcrumb"},"inLanguage":"fi","potentialAction":[{"@type":"ReadAction","target":["https:\/\/miil.dev.almic.ee\/fi\/toode\/containex-toimisto-ja-tyomaakontti-miiu00301\/"]}]},{"@type":"ImageObject","inLanguage":"fi","@id":"https:\/\/miil.dev.almic.ee\/fi\/toode\/containex-toimisto-ja-tyomaakontti-miiu00301\/#primaryimage","url":"https:\/\/miil.dev.almic.ee\/wp-content\/uploads\/2023\/01\/Voodrilauaga-soojak-5-scaled.jpg","contentUrl":"https:\/\/miil.dev.almic.ee\/wp-content\/uploads\/2023\/01\/Voodrilauaga-soojak-5-scaled.jpg","width":1900,"height":1425,"caption":"Soojakute \u00fcmberehitus"},{"@type":"BreadcrumbList","@id":"https:\/\/miil.dev.almic.ee\/fi\/toode\/containex-toimisto-ja-tyomaakontti-miiu00301\/#breadcrumb","itemListElement":[{"@type":"ListItem","position":1,"name":"Home","item":"https:\/\/miil.dev.almic.ee\/fi\/"},{"@type":"ListItem","position":2,"name":"Kauppa","item":"https:\/\/miil.dev.almic.ee\/fi\/kauppa\/"},{"@type":"ListItem","position":3,"name":"Containex toimisto- ja ty\u00f6maakontti MIIU0301"}]},{"@type":"WebSite","@id":"https:\/\/miil.dev.almic.ee\/#website","url":"https:\/\/miil.dev.almic.ee\/","name":"Miil O\u00dc","description":"Konteinerveod","publisher":{"@id":"https:\/\/miil.dev.almic.ee\/#organization"},"potentialAction":[{"@type":"SearchAction","target":{"@type":"EntryPoint","urlTemplate":"https:\/\/miil.dev.almic.ee\/?s={search_term_string}"},"query-input":{"@type":"PropertyValueSpecification","valueRequired":true,"valueName":"search_term_string"}}],"inLanguage":"fi"},{"@type":"Organization","@id":"https:\/\/miil.dev.almic.ee\/#organization","name":"Miil O\u00dc","url":"https:\/\/miil.dev.almic.ee\/","logo":{"@type":"ImageObject","inLanguage":"fi","@id":"https:\/\/miil.dev.almic.ee\/#\/schema\/logo\/image\/","url":"https:\/\/www.miil.ee\/wp-content\/uploads\/2022\/02\/Miil-logo.svg","contentUrl":"https:\/\/www.miil.ee\/wp-content\/uploads\/2022\/02\/Miil-logo.svg","width":"1024","height":"1024","caption":"Miil O\u00dc"},"image":{"@id":"https:\/\/miil.dev.almic.ee\/#\/schema\/logo\/image\/"},"sameAs":["https:\/\/www.facebook.com\/konteinerveod\/","https:\/\/www.instagram.com\/ou_miil\/"]}]},"product_price_amount":"7950.00","product_price_currency":"EUR","og_availability":"instock","product_availability":"instock","product_retailer_item_id":"MIIU1150","product_condition":"new"},"_links":{"self":[{"href":"https:\/\/miil.dev.almic.ee\/fi\/wp-json\/wp\/v2\/product\/26151","targetHints":{"allow":["GET"]}}],"collection":[{"href":"https:\/\/miil.dev.almic.ee\/fi\/wp-json\/wp\/v2\/product"}],"about":[{"href":"https:\/\/miil.dev.almic.ee\/fi\/wp-json\/wp\/v2\/types\/product"}],"replies":[{"embeddable":true,"href":"https:\/\/miil.dev.almic.ee\/fi\/wp-json\/wp\/v2\/comments?post=26151"}],"wp:featuredmedia":[{"embeddable":true,"href":"https:\/\/miil.dev.almic.ee\/fi\/wp-json\/wp\/v2\/media\/42074"}],"wp:attachment":[{"href":"https:\/\/miil.dev.almic.ee\/fi\/wp-json\/wp\/v2\/media?parent=26151"}],"wp:term":[{"taxonomy":"product_cat","embeddable":true,"href":"https:\/\/miil.dev.almic.ee\/fi\/wp-json\/wp\/v2\/product_cat?post=26151"},{"taxonomy":"product_tag","embeddable":true,"href":"https:\/\/miil.dev.almic.ee\/fi\/wp-json\/wp\/v2\/product_tag?post=26151"}],"curies":[{"name":"wp","href":"https:\/\/api.w.org\/{rel}","templated":true}]}}