{"id":18074,"date":"2022-09-28T11:21:23","date_gmt":"2022-09-28T08:21:24","guid":{"rendered":"https:\/\/www.miil.ee\/?post_type=product&#038;p=18074"},"modified":"2024-12-10T16:57:20","modified_gmt":"2024-12-10T14:57:20","slug":"modulx-toimisto-ja-tyomaakontti-double-miiu0172","status":"publish","type":"product","link":"https:\/\/miil.dev.almic.ee\/fi\/toode\/modulx-toimisto-ja-tyomaakontti-double-miiu0172\/","title":{"rendered":"ModulX toimisto- ja ty\u00f6maakontti Double &#8211; MIIU0172"},"content":{"rendered":"<h1>Toimisto m\u00f6kit<\/h1>\n<h2>M\u00f6kkej\u00e4 ja minitaloja.<\/h2>\n<p>ModulX toimisto- ja ty\u00f6maakontti MIIU0224 &#8211; M\u00f6kkej\u00e4 voidaan k\u00e4ytt\u00e4\u00e4 m\u00f6kkin\u00e4, liiketilana tai varastotilana.<br \/>\nErilaisia \u200b\u200bratkaisuja asiakkaan tarpeiden mukaan. Toimistokontti oven ja ikkunan asennot ovat valittavissa.<br \/>\nLis\u00e4ksi tarjoamme ulkoviimeistelyn limi\u00f6laudoilla, rullaovien asennuksen, kuljetuksen ja paljon muuta.<\/p>\n<h2>M\u00f6kit vai kontit?<\/h2>\n<p>Kaikki kontit valmistetaan Aasiassa.<br \/>\nUudet kontit siirtyv\u00e4t terminaaliimme yksisuuntaisella lastilla v\u00e4ltt\u00e4\u00e4kseen kuljetuskustannuksia, jotka muuten lis\u00e4isiv\u00e4t kontin hintaan.<\/p>\n<ul>\n<li>Kuvat vastaavat mainostettua pakkausta.<\/li>\n<li>S\u00e4ili\u00f6ss\u00e4 voi olla pieni\u00e4 kosmeettisia vikoja kuljetuksen aikana.<\/li>\n<li>Merikontissa on yhteens\u00e4 nelj\u00e4 lenkki\u00e4 ja siihen voidaan asentaa 3+ lukkoa.<\/li>\n<li>Lukkosuojus sijaitsee kahden oven keskell\u00e4.<\/li>\n<li>Lis\u00e4tuuletus sivuilla.<\/li>\n<li>Osta nyt maksa my\u00f6hemmin -vaihtoehto yhteisty\u00f6ss\u00e4 Inbank.ee:n kanssa alennuskoodilla &#8221;KONTEINER&#8221;.<\/li>\n<li>Merikontin vuokraus on mahdollista sopimuksen mukaan.Parhaan hinnan takuu!<\/li>\n<\/ul>\n<p>Teemme aina parhaan tarjouksen vastaavasta astiasta tai eristekontti.<\/p>\n<h2>ModulX toimisto- ja ty\u00f6maakontti MIIU0224 &#8211; M\u00f6kki ja minitalo<\/h2>\n<p>Eristetty hytti ei ole en\u00e4\u00e4 vain tilap\u00e4inen rakennus ty\u00f6maalla, modernit laadukkaat pulttiliit\u00e4nn\u00e4t sopivat mainiosti kes\u00e4m\u00f6kille tai liiketilaan.<br \/>\nValmis minitalo ei tarvitse perustusta tai rakentajaa \u2013 tilaa ja nauti?<br \/>\nAsennus kest\u00e4\u00e4 alle 30 minuuttia ja talo voi myyd\u00e4 valmiin ratkaisun, mik\u00e4 tarkoittaa, ett\u00e4 se voidaan toimittaa samana p\u00e4iv\u00e4n\u00e4.<br \/>\nJos haluat valita ikkunan tai oven sijainnin, se vie hieman enemm\u00e4n aikaa.<br \/>\nLis\u00e4ksi voimme asentaa puuverhoilun, isot ikkunat, nostimen tai vaihtovirtapumpun.<br \/>\nRullaovinen ohjaamo on avattavissa k\u00e4sin, lis\u00e4maksusta voimme asentaa moottorin ohjauksen kaukos\u00e4\u00e4timell\u00e4, koodilla tai sovelluksella.<\/p>\n<h2>ModulX toimisto- ja ty\u00f6maakontti MIIU0224 ostaa tai vuokrata?<\/h2>\n<p>Myynnin lis\u00e4ksi vuokraamme my\u00f6s m\u00f6kkej\u00e4.<br \/>\nModulX toimisto- ja ty\u00f6maakontti MIIU0224 on ihanteellinen vaihtoehto, jos tarvitset m\u00f6kin lyhytaikaiseen rakennusk\u00e4ytt\u00f6\u00f6n tai miksei kausim\u00f6kiksi, toimistoksi tai myyntipisteeksi.<br \/>\nM\u00f6kkien vuokraus on taattu ja l\u00f6yd\u00e4mme jokaiselle asiakkaalle sopivan ratkaisun.<br \/>\nMeilt\u00e4 voit my\u00f6s vuokrata panoraamaikkunoita, puutaloja tai tavallisia l\u00e4mpimi\u00e4 taloja ja minitaloja.<br \/>\nToimitamme toimistokontti ja asennamme sen asiakkaan toiveiden mukaan.<br \/>\nTarjoamme laajan valikoiman yhteisty\u00f6mahdollisuuksia esimerkiksi sesongin ulkopuoliseen varastointiin eri kaupungeissa. Osta nyt, maksa my\u00f6hemmin Inbank.ee:n kautta alennuskoodilla &#8221;Konteiner&#8221;.<br \/>\nJos tarvitset yksi-, kaksi- tai monikerroksisen ratkaisun, olet tullut oikeaan paikkaan!<br \/>\nMik\u00e4\u00e4n projekti ei ole meille liian iso tai pieni, kysy rohkeasti, niin l\u00f6yd\u00e4mme yhdess\u00e4 parhaan ratkaisun.<\/p>\n<p>K\u00e4yt\u00e4mme kuljetukseen\u00a0<a href=\"https:\/\/www.miil.ee\/fi\/palvelut\/nosturi\/\">nosturia<\/a>\u00a0tai\u00a0<a href=\"https:\/\/www.miil.ee\/fi\/palvelut\/sideloader\/\">sideloader<\/a><br \/>\nmonimutkaisempi kuljetus on mahdollista\u00a0<a href=\"https:\/\/www.miil.ee\/fi\/palvelut\/ram-kippauslaite\/\">RAM per\u00e4vaunulla<\/a>.<\/p>\n<p>Seuraa meit\u00e4\u00a0<a href=\"https:\/\/www.facebook.com\/konteinerveod\/\">Facebook<\/a>\u00a0tai\u00a0<a href=\"https:\/\/www.instagram.com\/ou_miil\/\">Instagram<\/a> tai tule katsomaan Valtsi 1, Lagedi omin silmin<\/p>\n","protected":false},"excerpt":{"rendered":"<p>Toimisto m\u00f6kit M\u00f6kkej\u00e4 ja minitaloja. ModulX toimisto- ja ty\u00f6maakontti MIIU0224 &#8211; M\u00f6kkej\u00e4 voidaan k\u00e4ytt\u00e4\u00e4 m\u00f6kkin\u00e4, liiketilana tai varastotilana. Erilaisia \u200b\u200bratkaisuja asiakkaan tarpeiden mukaan. Toimistokontti oven ja ikkunan asennot ovat valittavissa. Lis\u00e4ksi tarjoamme ulkoviimeistelyn limi\u00f6laudoilla, rullaovien asennuksen, kuljetuksen ja paljon muuta. M\u00f6kit vai kontit? Kaikki kontit valmistetaan Aasiassa. Uudet kontit siirtyv\u00e4t terminaaliimme yksisuuntaisella lastilla v\u00e4ltt\u00e4\u00e4kseen kuljetuskustannuksia,&#8230;<\/p>\n","protected":false},"featured_media":18079,"comment_status":"closed","ping_status":"closed","template":"","meta":{"_acf_changed":false},"product_cat":[343,407],"product_tag":[],"class_list":{"0":"post-18074","1":"product","2":"type-product","3":"status-publish","4":"has-post-thumbnail","6":"product_cat-eristekontit","7":"product_cat-uudet-toimistokontit","9":"first","10":"instock","11":"shipping-taxable","12":"purchasable","13":"product-type-simple"},"acf":[],"yoast_head":"<!-- This site is optimized with the Yoast SEO Premium plugin v23.9 (Yoast SEO v27.5) - https:\/\/yoast.com\/product\/yoast-seo-premium-wordpress\/ -->\n<title>ModulX toimisto- ja ty\u00f6maakontti MIIU0224 - Miil O\u00dc<\/title>\n<meta name=\"description\" content=\"ModulX toimisto- ja ty\u00f6maakontti MIIU0224 | Minitalot ja -m\u00f6kit | M\u00f6kkien vuokraus ja myynti | Kuljetus ja korjaukset | S\u00e4hk\u00f6ty\u00f6t ja l\u00e4mmitys\" \/>\n<meta name=\"robots\" content=\"index, follow, max-snippet:-1, max-image-preview:large, max-video-preview:-1\" \/>\n<link rel=\"canonical\" href=\"https:\/\/miil.dev.almic.ee\/fi\/toode\/modulx-toimisto-ja-tyomaakontti-double-miiu0172\/\" \/>\n<meta property=\"og:locale\" content=\"fi_FI\" \/>\n<meta property=\"og:type\" content=\"article\" \/>\n<meta property=\"og:title\" content=\"ModulX toimisto- ja ty\u00f6maakontti Double - MIIU0172\" \/>\n<meta property=\"og:description\" content=\"ModulX toimisto- ja ty\u00f6maakontti MIIU0224 | Minitalot ja -m\u00f6kit | M\u00f6kkien vuokraus ja myynti | Kuljetus ja korjaukset | S\u00e4hk\u00f6ty\u00f6t ja l\u00e4mmitys\" \/>\n<meta property=\"og:url\" content=\"https:\/\/miil.dev.almic.ee\/fi\/toode\/modulx-toimisto-ja-tyomaakontti-double-miiu0172\/\" \/>\n<meta property=\"og:site_name\" content=\"Miil O\u00dc\" \/>\n<meta property=\"article:publisher\" content=\"https:\/\/www.facebook.com\/konteinerveod\/\" \/>\n<meta property=\"article:modified_time\" content=\"2024-12-10T14:57:20+00:00\" \/>\n<meta property=\"og:image\" content=\"https:\/\/miil.dev.almic.ee\/wp-content\/uploads\/2022\/09\/soojak-hall.jpg\" \/>\n\t<meta property=\"og:image:width\" content=\"1728\" \/>\n\t<meta property=\"og:image:height\" content=\"1296\" \/>\n\t<meta property=\"og:image:type\" content=\"image\/jpeg\" \/>\n<meta name=\"twitter:card\" content=\"summary_large_image\" \/>\n<meta name=\"twitter:label1\" content=\"Hinta\" \/>\n\t<meta name=\"twitter:data1\" content=\"14950,00&nbsp;&euro;\" \/>\n\t<meta name=\"twitter:label2\" content=\"Saatavuus\" \/>\n\t<meta name=\"twitter:data2\" content=\"Varastossa\" \/>\n<script type=\"application\/ld+json\" class=\"yoast-schema-graph\">{\"@context\":\"https:\\\/\\\/schema.org\",\"@graph\":[{\"@type\":\"WebPage\",\"@id\":\"https:\\\/\\\/miil.dev.almic.ee\\\/fi\\\/toode\\\/modulx-toimisto-ja-tyomaakontti-double-miiu0172\\\/\",\"url\":\"https:\\\/\\\/miil.dev.almic.ee\\\/fi\\\/toode\\\/modulx-toimisto-ja-tyomaakontti-double-miiu0172\\\/\",\"name\":\"ModulX toimisto- ja ty\u00f6maakontti MIIU0224 - Miil O\u00dc\",\"isPartOf\":{\"@id\":\"https:\\\/\\\/miil.dev.almic.ee\\\/#website\"},\"primaryImageOfPage\":{\"@id\":\"https:\\\/\\\/miil.dev.almic.ee\\\/fi\\\/toode\\\/modulx-toimisto-ja-tyomaakontti-double-miiu0172\\\/#primaryimage\"},\"image\":{\"@id\":\"https:\\\/\\\/miil.dev.almic.ee\\\/fi\\\/toode\\\/modulx-toimisto-ja-tyomaakontti-double-miiu0172\\\/#primaryimage\"},\"thumbnailUrl\":\"https:\\\/\\\/miil.dev.almic.ee\\\/wp-content\\\/uploads\\\/2022\\\/09\\\/soojak-hall.jpg\",\"datePublished\":\"2022-09-28T08:21:24+00:00\",\"dateModified\":\"2024-12-10T14:57:20+00:00\",\"description\":\"ModulX toimisto- ja ty\u00f6maakontti MIIU0224 | Minitalot ja -m\u00f6kit | M\u00f6kkien vuokraus ja myynti | Kuljetus ja korjaukset | S\u00e4hk\u00f6ty\u00f6t ja l\u00e4mmitys\",\"breadcrumb\":{\"@id\":\"https:\\\/\\\/miil.dev.almic.ee\\\/fi\\\/toode\\\/modulx-toimisto-ja-tyomaakontti-double-miiu0172\\\/#breadcrumb\"},\"inLanguage\":\"fi\",\"potentialAction\":[{\"@type\":\"ReadAction\",\"target\":[\"https:\\\/\\\/miil.dev.almic.ee\\\/fi\\\/toode\\\/modulx-toimisto-ja-tyomaakontti-double-miiu0172\\\/\"]}]},{\"@type\":\"ImageObject\",\"inLanguage\":\"fi\",\"@id\":\"https:\\\/\\\/miil.dev.almic.ee\\\/fi\\\/toode\\\/modulx-toimisto-ja-tyomaakontti-double-miiu0172\\\/#primaryimage\",\"url\":\"https:\\\/\\\/miil.dev.almic.ee\\\/wp-content\\\/uploads\\\/2022\\\/09\\\/soojak-hall.jpg\",\"contentUrl\":\"https:\\\/\\\/miil.dev.almic.ee\\\/wp-content\\\/uploads\\\/2022\\\/09\\\/soojak-hall.jpg\",\"width\":1728,\"height\":1296,\"caption\":\"Soojakud Containex\"},{\"@type\":\"BreadcrumbList\",\"@id\":\"https:\\\/\\\/miil.dev.almic.ee\\\/fi\\\/toode\\\/modulx-toimisto-ja-tyomaakontti-double-miiu0172\\\/#breadcrumb\",\"itemListElement\":[{\"@type\":\"ListItem\",\"position\":1,\"name\":\"Home\",\"item\":\"https:\\\/\\\/miil.dev.almic.ee\\\/fi\\\/\"},{\"@type\":\"ListItem\",\"position\":2,\"name\":\"Kauppa\",\"item\":\"https:\\\/\\\/miil.dev.almic.ee\\\/fi\\\/kauppa\\\/\"},{\"@type\":\"ListItem\",\"position\":3,\"name\":\"ModulX toimisto- ja ty\u00f6maakontti Double &#8211; MIIU0172\"}]},{\"@type\":\"WebSite\",\"@id\":\"https:\\\/\\\/miil.dev.almic.ee\\\/#website\",\"url\":\"https:\\\/\\\/miil.dev.almic.ee\\\/\",\"name\":\"Miil O\u00dc\",\"description\":\"Konteinerveod\",\"publisher\":{\"@id\":\"https:\\\/\\\/miil.dev.almic.ee\\\/#organization\"},\"potentialAction\":[{\"@type\":\"SearchAction\",\"target\":{\"@type\":\"EntryPoint\",\"urlTemplate\":\"https:\\\/\\\/miil.dev.almic.ee\\\/?s={search_term_string}\"},\"query-input\":{\"@type\":\"PropertyValueSpecification\",\"valueRequired\":true,\"valueName\":\"search_term_string\"}}],\"inLanguage\":\"fi\"},{\"@type\":\"Organization\",\"@id\":\"https:\\\/\\\/miil.dev.almic.ee\\\/#organization\",\"name\":\"Miil O\u00dc\",\"url\":\"https:\\\/\\\/miil.dev.almic.ee\\\/\",\"logo\":{\"@type\":\"ImageObject\",\"inLanguage\":\"fi\",\"@id\":\"https:\\\/\\\/miil.dev.almic.ee\\\/#\\\/schema\\\/logo\\\/image\\\/\",\"url\":\"https:\\\/\\\/www.miil.ee\\\/wp-content\\\/uploads\\\/2022\\\/02\\\/Miil-logo.svg\",\"contentUrl\":\"https:\\\/\\\/www.miil.ee\\\/wp-content\\\/uploads\\\/2022\\\/02\\\/Miil-logo.svg\",\"width\":\"1024\",\"height\":\"1024\",\"caption\":\"Miil O\u00dc\"},\"image\":{\"@id\":\"https:\\\/\\\/miil.dev.almic.ee\\\/#\\\/schema\\\/logo\\\/image\\\/\"},\"sameAs\":[\"https:\\\/\\\/www.facebook.com\\\/konteinerveod\\\/\",\"https:\\\/\\\/www.instagram.com\\\/ou_miil\\\/\"]}]}<\/script>\n<meta property=\"product:price:amount\" content=\"14950.00\" \/>\n<meta property=\"product:price:currency\" content=\"EUR\" \/>\n<meta property=\"og:availability\" content=\"instock\" \/>\n<meta property=\"product:availability\" content=\"instock\" \/>\n<meta property=\"product:retailer_item_id\" content=\"MIIU2250\" \/>\n<meta property=\"product:condition\" content=\"new\" \/>\n<!-- \/ Yoast SEO Premium plugin. -->","yoast_head_json":{"title":"ModulX toimisto- ja ty\u00f6maakontti MIIU0224 - Miil O\u00dc","description":"ModulX toimisto- ja ty\u00f6maakontti MIIU0224 | Minitalot ja -m\u00f6kit | M\u00f6kkien vuokraus ja myynti | Kuljetus ja korjaukset | S\u00e4hk\u00f6ty\u00f6t ja l\u00e4mmitys","robots":{"index":"index","follow":"follow","max-snippet":"max-snippet:-1","max-image-preview":"max-image-preview:large","max-video-preview":"max-video-preview:-1"},"canonical":"https:\/\/miil.dev.almic.ee\/fi\/toode\/modulx-toimisto-ja-tyomaakontti-double-miiu0172\/","og_locale":"fi_FI","og_type":"article","og_title":"ModulX toimisto- ja ty\u00f6maakontti Double - MIIU0172","og_description":"ModulX toimisto- ja ty\u00f6maakontti MIIU0224 | Minitalot ja -m\u00f6kit | M\u00f6kkien vuokraus ja myynti | Kuljetus ja korjaukset | S\u00e4hk\u00f6ty\u00f6t ja l\u00e4mmitys","og_url":"https:\/\/miil.dev.almic.ee\/fi\/toode\/modulx-toimisto-ja-tyomaakontti-double-miiu0172\/","og_site_name":"Miil O\u00dc","article_publisher":"https:\/\/www.facebook.com\/konteinerveod\/","article_modified_time":"2024-12-10T14:57:20+00:00","og_image":[{"width":1728,"height":1296,"url":"https:\/\/miil.dev.almic.ee\/wp-content\/uploads\/2022\/09\/soojak-hall.jpg","type":"image\/jpeg"}],"twitter_card":"summary_large_image","twitter_misc":{"Hinta":"14950,00&nbsp;&euro;","Saatavuus":"Varastossa"},"schema":{"@context":"https:\/\/schema.org","@graph":[{"@type":"WebPage","@id":"https:\/\/miil.dev.almic.ee\/fi\/toode\/modulx-toimisto-ja-tyomaakontti-double-miiu0172\/","url":"https:\/\/miil.dev.almic.ee\/fi\/toode\/modulx-toimisto-ja-tyomaakontti-double-miiu0172\/","name":"ModulX toimisto- ja ty\u00f6maakontti MIIU0224 - Miil O\u00dc","isPartOf":{"@id":"https:\/\/miil.dev.almic.ee\/#website"},"primaryImageOfPage":{"@id":"https:\/\/miil.dev.almic.ee\/fi\/toode\/modulx-toimisto-ja-tyomaakontti-double-miiu0172\/#primaryimage"},"image":{"@id":"https:\/\/miil.dev.almic.ee\/fi\/toode\/modulx-toimisto-ja-tyomaakontti-double-miiu0172\/#primaryimage"},"thumbnailUrl":"https:\/\/miil.dev.almic.ee\/wp-content\/uploads\/2022\/09\/soojak-hall.jpg","datePublished":"2022-09-28T08:21:24+00:00","dateModified":"2024-12-10T14:57:20+00:00","description":"ModulX toimisto- ja ty\u00f6maakontti MIIU0224 | Minitalot ja -m\u00f6kit | M\u00f6kkien vuokraus ja myynti | Kuljetus ja korjaukset | S\u00e4hk\u00f6ty\u00f6t ja l\u00e4mmitys","breadcrumb":{"@id":"https:\/\/miil.dev.almic.ee\/fi\/toode\/modulx-toimisto-ja-tyomaakontti-double-miiu0172\/#breadcrumb"},"inLanguage":"fi","potentialAction":[{"@type":"ReadAction","target":["https:\/\/miil.dev.almic.ee\/fi\/toode\/modulx-toimisto-ja-tyomaakontti-double-miiu0172\/"]}]},{"@type":"ImageObject","inLanguage":"fi","@id":"https:\/\/miil.dev.almic.ee\/fi\/toode\/modulx-toimisto-ja-tyomaakontti-double-miiu0172\/#primaryimage","url":"https:\/\/miil.dev.almic.ee\/wp-content\/uploads\/2022\/09\/soojak-hall.jpg","contentUrl":"https:\/\/miil.dev.almic.ee\/wp-content\/uploads\/2022\/09\/soojak-hall.jpg","width":1728,"height":1296,"caption":"Soojakud Containex"},{"@type":"BreadcrumbList","@id":"https:\/\/miil.dev.almic.ee\/fi\/toode\/modulx-toimisto-ja-tyomaakontti-double-miiu0172\/#breadcrumb","itemListElement":[{"@type":"ListItem","position":1,"name":"Home","item":"https:\/\/miil.dev.almic.ee\/fi\/"},{"@type":"ListItem","position":2,"name":"Kauppa","item":"https:\/\/miil.dev.almic.ee\/fi\/kauppa\/"},{"@type":"ListItem","position":3,"name":"ModulX toimisto- ja ty\u00f6maakontti Double &#8211; MIIU0172"}]},{"@type":"WebSite","@id":"https:\/\/miil.dev.almic.ee\/#website","url":"https:\/\/miil.dev.almic.ee\/","name":"Miil O\u00dc","description":"Konteinerveod","publisher":{"@id":"https:\/\/miil.dev.almic.ee\/#organization"},"potentialAction":[{"@type":"SearchAction","target":{"@type":"EntryPoint","urlTemplate":"https:\/\/miil.dev.almic.ee\/?s={search_term_string}"},"query-input":{"@type":"PropertyValueSpecification","valueRequired":true,"valueName":"search_term_string"}}],"inLanguage":"fi"},{"@type":"Organization","@id":"https:\/\/miil.dev.almic.ee\/#organization","name":"Miil O\u00dc","url":"https:\/\/miil.dev.almic.ee\/","logo":{"@type":"ImageObject","inLanguage":"fi","@id":"https:\/\/miil.dev.almic.ee\/#\/schema\/logo\/image\/","url":"https:\/\/www.miil.ee\/wp-content\/uploads\/2022\/02\/Miil-logo.svg","contentUrl":"https:\/\/www.miil.ee\/wp-content\/uploads\/2022\/02\/Miil-logo.svg","width":"1024","height":"1024","caption":"Miil O\u00dc"},"image":{"@id":"https:\/\/miil.dev.almic.ee\/#\/schema\/logo\/image\/"},"sameAs":["https:\/\/www.facebook.com\/konteinerveod\/","https:\/\/www.instagram.com\/ou_miil\/"]}]},"product_price_amount":"14950.00","product_price_currency":"EUR","og_availability":"instock","product_availability":"instock","product_retailer_item_id":"MIIU2250","product_condition":"new"},"_links":{"self":[{"href":"https:\/\/miil.dev.almic.ee\/fi\/wp-json\/wp\/v2\/product\/18074","targetHints":{"allow":["GET"]}}],"collection":[{"href":"https:\/\/miil.dev.almic.ee\/fi\/wp-json\/wp\/v2\/product"}],"about":[{"href":"https:\/\/miil.dev.almic.ee\/fi\/wp-json\/wp\/v2\/types\/product"}],"replies":[{"embeddable":true,"href":"https:\/\/miil.dev.almic.ee\/fi\/wp-json\/wp\/v2\/comments?post=18074"}],"wp:featuredmedia":[{"embeddable":true,"href":"https:\/\/miil.dev.almic.ee\/fi\/wp-json\/wp\/v2\/media\/18079"}],"wp:attachment":[{"href":"https:\/\/miil.dev.almic.ee\/fi\/wp-json\/wp\/v2\/media?parent=18074"}],"wp:term":[{"taxonomy":"product_cat","embeddable":true,"href":"https:\/\/miil.dev.almic.ee\/fi\/wp-json\/wp\/v2\/product_cat?post=18074"},{"taxonomy":"product_tag","embeddable":true,"href":"https:\/\/miil.dev.almic.ee\/fi\/wp-json\/wp\/v2\/product_tag?post=18074"}],"curies":[{"name":"wp","href":"https:\/\/api.w.org\/{rel}","templated":true}]}}