{"id":16951,"date":"2022-09-05T09:53:43","date_gmt":"2022-09-05T06:53:44","guid":{"rendered":"https:\/\/www.miil.ee\/?post_type=product&#038;p=16951"},"modified":"2024-12-10T16:57:57","modified_gmt":"2024-12-10T14:57:57","slug":"containex-standard-toimisto-ja-tyomaakontti-miiu0194","status":"publish","type":"product","link":"https:\/\/miil.dev.almic.ee\/fi\/toode\/containex-standard-toimisto-ja-tyomaakontti-miiu0194\/","title":{"rendered":"Containex Standard toimisto- ja ty\u00f6maakontti MIIU0194"},"content":{"rendered":"<h1>Myyd\u00e4\u00e4n Containex-toimistom\u00f6kki<\/h1>\n<p>Containex Standard toimisto- ja ty\u00f6maakontti MIIU0194 &#8211; Containex Standard on 6 metri\u00e4 pitk\u00e4, 2,44 metri\u00e4 leve\u00e4 ja 2,6 metri\u00e4 korkea.<br \/>\nLattian kantavuus on 200kg\/m2 ja sit\u00e4 on mahdollista lis\u00e4t\u00e4.<br \/>\nContainex Standard -toimistom\u00f6kit ovat korkealaatuisia ja CE-merkitty.<\/p>\n<p>Edustamme Containex- ja ModulX-br\u00e4ndej\u00e4 Virossa.<\/p>\n<p>Kiinte\u00e4 runko varmistetaan pulttiliitoksella, mik\u00e4 antaa suuren edun hitsattuihin runkoon verrattuna.<br \/>\nKatto on valssattu ja tinattu tai maalattu pelti.<br \/>\nLattia on eristetty 100mm mineraalivillalla, katto on eristetty 100mm mineraalivillalla ja sein\u00e4t 60mm PU-vaahtoa tai 60mm villaa.<br \/>\nToimistom\u00f6kki on vaaleanharmaa Ral7035, kiuas voidaan tilata my\u00f6s RAL7016 v\u00e4risen\u00e4<\/p>\n<p>Kaksi avattavaa ikkunaa.<br \/>\nTurvaverhot.<br \/>\nYksi ovi.<br \/>\nKaksi valoa.<br \/>\nKorkea versio 2,8 m ulkokorkeus.<br \/>\nPistorasiat ikkunoiden alla ja yhdess\u00e4 lis\u00e4paneelissa.<br \/>\nS\u00e4hk\u00f6paneeli.<br \/>\nValokytkin.<\/p>\n<p><strong>L\u00e4mmitys<\/strong><br \/>\n\u2013 Sein\u00e4eristys 60mm villaa tai 60mm PU-vaahtoa.<br \/>\n\u2013 Katon eristysmineraalivilla 100mm.<br \/>\n\u2013 Lattiaeristys 100mm villaa.<\/p>\n<p><strong>S\u00e4hk\u00f6liit\u00e4nt\u00e4<\/strong><br \/>\n230V\/32A\/<\/p>\n<p><strong>S\u00e4hk\u00f6;<\/strong><br \/>\nS\u00e4hk\u00f6paneeli.<br \/>\n5 kpl pistokkeita.<br \/>\n1kpl valokytkin.<\/p>\n<p><strong>Lis\u00e4varusteet:<\/strong><\/p>\n<ul>\n<li>Ilmal\u00e4mp\u00f6pumppu 4,7kw \u2013 990.- + alv<\/li>\n<li>Puupinta &#8211; 2990.- + alv<\/li>\n<li>Lis\u00e4\u00e4 ikkuna \u2013 590.- + alv<\/li>\n<li>Rullaovi &#8211; 1950.- + alv<\/li>\n<\/ul>\n<h2>Containex Standard toimisto- ja ty\u00f6maakontti MIIU0194 &#8211; M\u00f6kki ja minitalo<\/h2>\n<p>Toimistom\u00f6kki ei ole en\u00e4\u00e4 vain tilap\u00e4inen rakennus ty\u00f6maalla, modernit laadukkaat pulttiliit\u00e4nn\u00e4t sopivat mainiosti kes\u00e4m\u00f6kille tai liiketilaan.<br \/>\nContainex Standard -toimistom\u00f6kit voidaan liitt\u00e4\u00e4 yhteen suuremmiksi huoneiksi. Lis\u00e4ksi meill\u00e4 on porrasmoduuleita useiden kompleksien muodostamiseksi. Vuodesta 2024 alkaen tarjoamme my\u00f6s modulaarisia korkealaatuisia terassimoduuleja.<br \/>\nValmis minitalo ei vaadi perustusta tai rakentajaa, toimitamme ja asennamme.<br \/>\nAsennus kest\u00e4\u00e4 noin 30 minuuttia per moduuli ja voimme myyd\u00e4 valmiin ratkaisun, mik\u00e4 tarkoittaa, ett\u00e4 se voidaan toimittaa samana p\u00e4iv\u00e4n\u00e4.<br \/>\nJos haluat valita ikkunan tai oven sijainnin, se vie enint\u00e4\u00e4n viikon.<br \/>\nLis\u00e4ty\u00f6t, kuten kattoty\u00f6t ja suuret ikkunat, viev\u00e4t noin nelj\u00e4 viikkoa.<\/p>\n<h2>Containex-toimistom\u00f6kki myyd\u00e4\u00e4n vai vuokrataan?<\/h2>\n<p>Myynnin lis\u00e4ksi vuokraamme toimistom\u00f6kkej\u00e4.<br \/>\nT\u00e4m\u00e4 ratkaisu on ihanteellinen, jos l\u00e4mp\u00f6pumppua tarvitaan lyhytaikaiseen rakentamiseen tai miksei kausik\u00e4ytt\u00f6\u00f6n, toimistoon tai myyntipisteeseen.<br \/>\nL\u00e4mmittimien vuokra on taattu ja l\u00f6yd\u00e4mme jokaiselle asiakkaalle sopivan ratkaisun.<br \/>\nMeilt\u00e4 voit my\u00f6s vuokrata panoraamaikkunoita, puutaloja tai tavallisia l\u00e4mpimi\u00e4 taloja ja minitaloja.<br \/>\nToimitamme toimistokontti ja asennamme sen asiakkaan toiveiden mukaan.<br \/>\nTarjoamme laajan valikoiman yhteisty\u00f6mahdollisuuksia esimerkiksi sesongin ulkopuoliseen varastointiin eri kaupungeissa ja osamaksuihin Inbank.ee:n kautta.<br \/>\nJos tarvitset yksi-, kaksi- tai monikerroksisen ratkaisun, olet oikeassa paikassa!<br \/>\nMik\u00e4\u00e4n projekti ei ole meille liian iso tai pieni, kysy rohkeasti, niin l\u00f6yd\u00e4mme yhdess\u00e4 parhaan ratkaisun.<\/p>\n<p>&nbsp;<\/p>\n<p>K\u00e4yt\u00e4mme kuljetukseen <a href=\"https:\/\/www.miil.ee\/fi\/palvelut\/nosturi\/\">nosturia<\/a> tai <a href=\"https:\/\/www.miil.ee\/fi\/palvelut\/sideloader\/\">sideloader<\/a><br \/>\nmonimutkaisempi kuljetus on mahdollista <a href=\"https:\/\/www.miil.ee\/fi\/palvelut\/ram-kippauslaite\/\">RAM per\u00e4vaunulla<\/a>.<\/p>\n<p>Seuraa meit\u00e4 <a href=\"https:\/\/www.facebook.com\/konteinerveod\/\">Facebook<\/a> tai <a href=\"https:\/\/www.instagram.com\/ou_miil\/\">Instagram<\/a><\/p>\n","protected":false},"excerpt":{"rendered":"<p>Myyd\u00e4\u00e4n Containex-toimistom\u00f6kki Containex Standard toimisto- ja ty\u00f6maakontti MIIU0194 &#8211; Containex Standard on 6 metri\u00e4 pitk\u00e4, 2,44 metri\u00e4 leve\u00e4 ja 2,6 metri\u00e4 korkea. Lattian kantavuus on 200kg\/m2 ja sit\u00e4 on mahdollista lis\u00e4t\u00e4. Containex Standard -toimistom\u00f6kit ovat korkealaatuisia ja CE-merkitty. Edustamme Containex- ja ModulX-br\u00e4ndej\u00e4 Virossa. Kiinte\u00e4 runko varmistetaan pulttiliitoksella, mik\u00e4 antaa suuren edun hitsattuihin runkoon verrattuna. Katto&#8230;<\/p>\n","protected":false},"featured_media":17031,"comment_status":"closed","ping_status":"closed","template":"","meta":{"_acf_changed":false},"product_cat":[343,407],"product_tag":[],"class_list":{"0":"post-16951","1":"product","2":"type-product","3":"status-publish","4":"has-post-thumbnail","6":"product_cat-eristekontit","7":"product_cat-uudet-toimistokontit","9":"first","10":"instock","11":"shipping-taxable","12":"purchasable","13":"product-type-simple"},"acf":[],"yoast_head":"<!-- This site is optimized with the Yoast SEO Premium plugin v23.9 (Yoast SEO v27.5) - https:\/\/yoast.com\/product\/yoast-seo-premium-wordpress\/ -->\n<title>Containex Standard toimisto- ja ty\u00f6maakontti MIIU0194 - Miil O\u00dc<\/title>\n<meta name=\"description\" content=\"Mittatilausty\u00f6n\u00e4 tehdyt kannettavat hytit | Minitalot ja -m\u00f6kit | M\u00f6kkien vuokraus ja myynti | Kuljetus ja korjaukset | S\u00e4hk\u00f6ty\u00f6t ja l\u00e4mmitys\" \/>\n<meta name=\"robots\" content=\"index, follow, max-snippet:-1, max-image-preview:large, max-video-preview:-1\" \/>\n<link rel=\"canonical\" href=\"https:\/\/miil.dev.almic.ee\/fi\/toode\/containex-standard-toimisto-ja-tyomaakontti-miiu0194\/\" \/>\n<meta property=\"og:locale\" content=\"fi_FI\" \/>\n<meta property=\"og:type\" content=\"article\" \/>\n<meta property=\"og:title\" content=\"Containex Standard toimisto- ja ty\u00f6maakontti MIIU0194\" \/>\n<meta property=\"og:description\" content=\"Mittatilausty\u00f6n\u00e4 tehdyt kannettavat hytit | Minitalot ja -m\u00f6kit | M\u00f6kkien vuokraus ja myynti | Kuljetus ja korjaukset | S\u00e4hk\u00f6ty\u00f6t ja l\u00e4mmitys\" \/>\n<meta property=\"og:url\" content=\"https:\/\/miil.dev.almic.ee\/fi\/toode\/containex-standard-toimisto-ja-tyomaakontti-miiu0194\/\" \/>\n<meta property=\"og:site_name\" content=\"Miil O\u00dc\" \/>\n<meta property=\"article:publisher\" content=\"https:\/\/www.facebook.com\/konteinerveod\/\" \/>\n<meta property=\"article:modified_time\" content=\"2024-12-10T14:57:57+00:00\" \/>\n<meta property=\"og:image\" content=\"https:\/\/miil.dev.almic.ee\/wp-content\/uploads\/2022\/09\/Soojakute-muuk-2-1.jpg\" \/>\n\t<meta property=\"og:image:width\" content=\"1728\" \/>\n\t<meta property=\"og:image:height\" content=\"1296\" \/>\n\t<meta property=\"og:image:type\" content=\"image\/jpeg\" \/>\n<meta name=\"twitter:card\" content=\"summary_large_image\" \/>\n<meta name=\"twitter:label1\" content=\"Hinta\" \/>\n\t<meta name=\"twitter:data1\" content=\"6490,00&nbsp;&euro;\" \/>\n\t<meta name=\"twitter:label2\" content=\"Saatavuus\" \/>\n\t<meta name=\"twitter:data2\" content=\"Varastossa\" \/>\n<script type=\"application\/ld+json\" class=\"yoast-schema-graph\">{\"@context\":\"https:\\\/\\\/schema.org\",\"@graph\":[{\"@type\":\"WebPage\",\"@id\":\"https:\\\/\\\/miil.dev.almic.ee\\\/fi\\\/toode\\\/containex-standard-toimisto-ja-tyomaakontti-miiu0194\\\/\",\"url\":\"https:\\\/\\\/miil.dev.almic.ee\\\/fi\\\/toode\\\/containex-standard-toimisto-ja-tyomaakontti-miiu0194\\\/\",\"name\":\"Containex Standard toimisto- ja ty\u00f6maakontti MIIU0194 - Miil O\u00dc\",\"isPartOf\":{\"@id\":\"https:\\\/\\\/miil.dev.almic.ee\\\/#website\"},\"primaryImageOfPage\":{\"@id\":\"https:\\\/\\\/miil.dev.almic.ee\\\/fi\\\/toode\\\/containex-standard-toimisto-ja-tyomaakontti-miiu0194\\\/#primaryimage\"},\"image\":{\"@id\":\"https:\\\/\\\/miil.dev.almic.ee\\\/fi\\\/toode\\\/containex-standard-toimisto-ja-tyomaakontti-miiu0194\\\/#primaryimage\"},\"thumbnailUrl\":\"https:\\\/\\\/miil.dev.almic.ee\\\/wp-content\\\/uploads\\\/2022\\\/09\\\/Soojakute-muuk-2-1.jpg\",\"datePublished\":\"2022-09-05T06:53:44+00:00\",\"dateModified\":\"2024-12-10T14:57:57+00:00\",\"description\":\"Mittatilausty\u00f6n\u00e4 tehdyt kannettavat hytit | Minitalot ja -m\u00f6kit | M\u00f6kkien vuokraus ja myynti | Kuljetus ja korjaukset | S\u00e4hk\u00f6ty\u00f6t ja l\u00e4mmitys\",\"breadcrumb\":{\"@id\":\"https:\\\/\\\/miil.dev.almic.ee\\\/fi\\\/toode\\\/containex-standard-toimisto-ja-tyomaakontti-miiu0194\\\/#breadcrumb\"},\"inLanguage\":\"fi\",\"potentialAction\":[{\"@type\":\"ReadAction\",\"target\":[\"https:\\\/\\\/miil.dev.almic.ee\\\/fi\\\/toode\\\/containex-standard-toimisto-ja-tyomaakontti-miiu0194\\\/\"]}]},{\"@type\":\"ImageObject\",\"inLanguage\":\"fi\",\"@id\":\"https:\\\/\\\/miil.dev.almic.ee\\\/fi\\\/toode\\\/containex-standard-toimisto-ja-tyomaakontti-miiu0194\\\/#primaryimage\",\"url\":\"https:\\\/\\\/miil.dev.almic.ee\\\/wp-content\\\/uploads\\\/2022\\\/09\\\/Soojakute-muuk-2-1.jpg\",\"contentUrl\":\"https:\\\/\\\/miil.dev.almic.ee\\\/wp-content\\\/uploads\\\/2022\\\/09\\\/Soojakute-muuk-2-1.jpg\",\"width\":1728,\"height\":1296,\"caption\":\"Containex soojakute m\u00fc\u00fck\"},{\"@type\":\"BreadcrumbList\",\"@id\":\"https:\\\/\\\/miil.dev.almic.ee\\\/fi\\\/toode\\\/containex-standard-toimisto-ja-tyomaakontti-miiu0194\\\/#breadcrumb\",\"itemListElement\":[{\"@type\":\"ListItem\",\"position\":1,\"name\":\"Home\",\"item\":\"https:\\\/\\\/miil.dev.almic.ee\\\/fi\\\/\"},{\"@type\":\"ListItem\",\"position\":2,\"name\":\"Kauppa\",\"item\":\"https:\\\/\\\/miil.dev.almic.ee\\\/fi\\\/kauppa\\\/\"},{\"@type\":\"ListItem\",\"position\":3,\"name\":\"Containex Standard toimisto- ja ty\u00f6maakontti MIIU0194\"}]},{\"@type\":\"WebSite\",\"@id\":\"https:\\\/\\\/miil.dev.almic.ee\\\/#website\",\"url\":\"https:\\\/\\\/miil.dev.almic.ee\\\/\",\"name\":\"Miil O\u00dc\",\"description\":\"Konteinerveod\",\"publisher\":{\"@id\":\"https:\\\/\\\/miil.dev.almic.ee\\\/#organization\"},\"potentialAction\":[{\"@type\":\"SearchAction\",\"target\":{\"@type\":\"EntryPoint\",\"urlTemplate\":\"https:\\\/\\\/miil.dev.almic.ee\\\/?s={search_term_string}\"},\"query-input\":{\"@type\":\"PropertyValueSpecification\",\"valueRequired\":true,\"valueName\":\"search_term_string\"}}],\"inLanguage\":\"fi\"},{\"@type\":\"Organization\",\"@id\":\"https:\\\/\\\/miil.dev.almic.ee\\\/#organization\",\"name\":\"Miil O\u00dc\",\"url\":\"https:\\\/\\\/miil.dev.almic.ee\\\/\",\"logo\":{\"@type\":\"ImageObject\",\"inLanguage\":\"fi\",\"@id\":\"https:\\\/\\\/miil.dev.almic.ee\\\/#\\\/schema\\\/logo\\\/image\\\/\",\"url\":\"https:\\\/\\\/www.miil.ee\\\/wp-content\\\/uploads\\\/2022\\\/02\\\/Miil-logo.svg\",\"contentUrl\":\"https:\\\/\\\/www.miil.ee\\\/wp-content\\\/uploads\\\/2022\\\/02\\\/Miil-logo.svg\",\"width\":\"1024\",\"height\":\"1024\",\"caption\":\"Miil O\u00dc\"},\"image\":{\"@id\":\"https:\\\/\\\/miil.dev.almic.ee\\\/#\\\/schema\\\/logo\\\/image\\\/\"},\"sameAs\":[\"https:\\\/\\\/www.facebook.com\\\/konteinerveod\\\/\",\"https:\\\/\\\/www.instagram.com\\\/ou_miil\\\/\"]}]}<\/script>\n<meta property=\"product:price:amount\" content=\"6490.00\" \/>\n<meta property=\"product:price:currency\" content=\"EUR\" \/>\n<meta property=\"og:availability\" content=\"instock\" \/>\n<meta property=\"product:availability\" content=\"instock\" \/>\n<meta property=\"product:retailer_item_id\" content=\"MIIU0550\" \/>\n<meta property=\"product:condition\" content=\"new\" \/>\n<!-- \/ Yoast SEO Premium plugin. -->","yoast_head_json":{"title":"Containex Standard toimisto- ja ty\u00f6maakontti MIIU0194 - Miil O\u00dc","description":"Mittatilausty\u00f6n\u00e4 tehdyt kannettavat hytit | Minitalot ja -m\u00f6kit | M\u00f6kkien vuokraus ja myynti | Kuljetus ja korjaukset | S\u00e4hk\u00f6ty\u00f6t ja l\u00e4mmitys","robots":{"index":"index","follow":"follow","max-snippet":"max-snippet:-1","max-image-preview":"max-image-preview:large","max-video-preview":"max-video-preview:-1"},"canonical":"https:\/\/miil.dev.almic.ee\/fi\/toode\/containex-standard-toimisto-ja-tyomaakontti-miiu0194\/","og_locale":"fi_FI","og_type":"article","og_title":"Containex Standard toimisto- ja ty\u00f6maakontti MIIU0194","og_description":"Mittatilausty\u00f6n\u00e4 tehdyt kannettavat hytit | Minitalot ja -m\u00f6kit | M\u00f6kkien vuokraus ja myynti | Kuljetus ja korjaukset | S\u00e4hk\u00f6ty\u00f6t ja l\u00e4mmitys","og_url":"https:\/\/miil.dev.almic.ee\/fi\/toode\/containex-standard-toimisto-ja-tyomaakontti-miiu0194\/","og_site_name":"Miil O\u00dc","article_publisher":"https:\/\/www.facebook.com\/konteinerveod\/","article_modified_time":"2024-12-10T14:57:57+00:00","og_image":[{"width":1728,"height":1296,"url":"https:\/\/miil.dev.almic.ee\/wp-content\/uploads\/2022\/09\/Soojakute-muuk-2-1.jpg","type":"image\/jpeg"}],"twitter_card":"summary_large_image","twitter_misc":{"Hinta":"6490,00&nbsp;&euro;","Saatavuus":"Varastossa"},"schema":{"@context":"https:\/\/schema.org","@graph":[{"@type":"WebPage","@id":"https:\/\/miil.dev.almic.ee\/fi\/toode\/containex-standard-toimisto-ja-tyomaakontti-miiu0194\/","url":"https:\/\/miil.dev.almic.ee\/fi\/toode\/containex-standard-toimisto-ja-tyomaakontti-miiu0194\/","name":"Containex Standard toimisto- ja ty\u00f6maakontti MIIU0194 - Miil O\u00dc","isPartOf":{"@id":"https:\/\/miil.dev.almic.ee\/#website"},"primaryImageOfPage":{"@id":"https:\/\/miil.dev.almic.ee\/fi\/toode\/containex-standard-toimisto-ja-tyomaakontti-miiu0194\/#primaryimage"},"image":{"@id":"https:\/\/miil.dev.almic.ee\/fi\/toode\/containex-standard-toimisto-ja-tyomaakontti-miiu0194\/#primaryimage"},"thumbnailUrl":"https:\/\/miil.dev.almic.ee\/wp-content\/uploads\/2022\/09\/Soojakute-muuk-2-1.jpg","datePublished":"2022-09-05T06:53:44+00:00","dateModified":"2024-12-10T14:57:57+00:00","description":"Mittatilausty\u00f6n\u00e4 tehdyt kannettavat hytit | Minitalot ja -m\u00f6kit | M\u00f6kkien vuokraus ja myynti | Kuljetus ja korjaukset | S\u00e4hk\u00f6ty\u00f6t ja l\u00e4mmitys","breadcrumb":{"@id":"https:\/\/miil.dev.almic.ee\/fi\/toode\/containex-standard-toimisto-ja-tyomaakontti-miiu0194\/#breadcrumb"},"inLanguage":"fi","potentialAction":[{"@type":"ReadAction","target":["https:\/\/miil.dev.almic.ee\/fi\/toode\/containex-standard-toimisto-ja-tyomaakontti-miiu0194\/"]}]},{"@type":"ImageObject","inLanguage":"fi","@id":"https:\/\/miil.dev.almic.ee\/fi\/toode\/containex-standard-toimisto-ja-tyomaakontti-miiu0194\/#primaryimage","url":"https:\/\/miil.dev.almic.ee\/wp-content\/uploads\/2022\/09\/Soojakute-muuk-2-1.jpg","contentUrl":"https:\/\/miil.dev.almic.ee\/wp-content\/uploads\/2022\/09\/Soojakute-muuk-2-1.jpg","width":1728,"height":1296,"caption":"Containex soojakute m\u00fc\u00fck"},{"@type":"BreadcrumbList","@id":"https:\/\/miil.dev.almic.ee\/fi\/toode\/containex-standard-toimisto-ja-tyomaakontti-miiu0194\/#breadcrumb","itemListElement":[{"@type":"ListItem","position":1,"name":"Home","item":"https:\/\/miil.dev.almic.ee\/fi\/"},{"@type":"ListItem","position":2,"name":"Kauppa","item":"https:\/\/miil.dev.almic.ee\/fi\/kauppa\/"},{"@type":"ListItem","position":3,"name":"Containex Standard toimisto- ja ty\u00f6maakontti MIIU0194"}]},{"@type":"WebSite","@id":"https:\/\/miil.dev.almic.ee\/#website","url":"https:\/\/miil.dev.almic.ee\/","name":"Miil O\u00dc","description":"Konteinerveod","publisher":{"@id":"https:\/\/miil.dev.almic.ee\/#organization"},"potentialAction":[{"@type":"SearchAction","target":{"@type":"EntryPoint","urlTemplate":"https:\/\/miil.dev.almic.ee\/?s={search_term_string}"},"query-input":{"@type":"PropertyValueSpecification","valueRequired":true,"valueName":"search_term_string"}}],"inLanguage":"fi"},{"@type":"Organization","@id":"https:\/\/miil.dev.almic.ee\/#organization","name":"Miil O\u00dc","url":"https:\/\/miil.dev.almic.ee\/","logo":{"@type":"ImageObject","inLanguage":"fi","@id":"https:\/\/miil.dev.almic.ee\/#\/schema\/logo\/image\/","url":"https:\/\/www.miil.ee\/wp-content\/uploads\/2022\/02\/Miil-logo.svg","contentUrl":"https:\/\/www.miil.ee\/wp-content\/uploads\/2022\/02\/Miil-logo.svg","width":"1024","height":"1024","caption":"Miil O\u00dc"},"image":{"@id":"https:\/\/miil.dev.almic.ee\/#\/schema\/logo\/image\/"},"sameAs":["https:\/\/www.facebook.com\/konteinerveod\/","https:\/\/www.instagram.com\/ou_miil\/"]}]},"product_price_amount":"6490.00","product_price_currency":"EUR","og_availability":"instock","product_availability":"instock","product_retailer_item_id":"MIIU0550","product_condition":"new"},"_links":{"self":[{"href":"https:\/\/miil.dev.almic.ee\/fi\/wp-json\/wp\/v2\/product\/16951","targetHints":{"allow":["GET"]}}],"collection":[{"href":"https:\/\/miil.dev.almic.ee\/fi\/wp-json\/wp\/v2\/product"}],"about":[{"href":"https:\/\/miil.dev.almic.ee\/fi\/wp-json\/wp\/v2\/types\/product"}],"replies":[{"embeddable":true,"href":"https:\/\/miil.dev.almic.ee\/fi\/wp-json\/wp\/v2\/comments?post=16951"}],"wp:featuredmedia":[{"embeddable":true,"href":"https:\/\/miil.dev.almic.ee\/fi\/wp-json\/wp\/v2\/media\/17031"}],"wp:attachment":[{"href":"https:\/\/miil.dev.almic.ee\/fi\/wp-json\/wp\/v2\/media?parent=16951"}],"wp:term":[{"taxonomy":"product_cat","embeddable":true,"href":"https:\/\/miil.dev.almic.ee\/fi\/wp-json\/wp\/v2\/product_cat?post=16951"},{"taxonomy":"product_tag","embeddable":true,"href":"https:\/\/miil.dev.almic.ee\/fi\/wp-json\/wp\/v2\/product_tag?post=16951"}],"curies":[{"name":"wp","href":"https:\/\/api.w.org\/{rel}","templated":true}]}}