{"id":15711,"date":"2022-05-18T14:15:56","date_gmt":"2022-05-18T11:15:56","guid":{"rendered":"https:\/\/www.miil.ee\/toode\/plaadi-mootmed-600x1170mm-korgus-2080-ja-kannab-200kg-komplektis-uks-sektsioon-4-plaati\/"},"modified":"2024-11-12T12:46:59","modified_gmt":"2024-11-12T10:46:59","slug":"merikonttihylly-einos","status":"publish","type":"product","link":"https:\/\/miil.dev.almic.ee\/fi\/toode\/merikonttihylly-einos\/","title":{"rendered":"Merikonttitelineet &#8221;Einos&#8221;"},"content":{"rendered":"<h1>Merikonttihylly &#8221;Einos&#8221;<\/h1>\n<p>Laudan mitat 600X1170mm, korkeus 2200 ja kantavuus 200kg.<br \/>\n5 osaa mahtuu 6 metrin merikonttiin.<br \/>\n6 metrin merikonttiin voidaan asentaa jopa 10 osaa hyllyst\u00e4.<br \/>\nMerikontin lattiapinta-ala on n. 14m2, konttihylly lis\u00e4\u00e4 13,4m2.<\/p>\n<h2>Merikonttihylly &#8221;Einos&#8221; &#8211; Tehokas ratkaisu merikonttien s\u00e4ilytykseen<\/h2>\n<p>S\u00e4ilyt\u00e4 tavarasi merikonteissa j\u00e4rjestyksess\u00e4 ja tilaa s\u00e4\u00e4st\u00e4v\u00e4sti merikonttihyllyll\u00e4mme &#8221;Einos&#8221;. T\u00e4m\u00e4 korkealaatuinen hylly on suunniteltu erityisesti muuttamaan merikonttien sis\u00e4tilat toimivaksi ja k\u00e4yt\u00e4nn\u00f6lliseksi s\u00e4ilytystilaksi.<\/p>\n<p>Sarja sis\u00e4lt\u00e4\u00e4 yhden osan, joka koostuu nelj\u00e4st\u00e4 lautasesta. Kunkin levyn mitat ovat 600 x 1170 mm ja hyllyn korkeus 2200 mm. Hylly kantaa jopa 200 kg:n kuorman, mik\u00e4 varmistaa tavaroidesi turvallisen s\u00e4ilytyksen. Lis\u00e4ksi hylly voidaan asentaa kuuden metrin merikonttiin, johon mahtuu jopa 10 hyllyosaa.<\/p>\n<p>T\u00e4m\u00e4 hylly on kest\u00e4v\u00e4 ja vakaa, mik\u00e4 takaa pitk\u00e4n k\u00e4ytt\u00f6i\u00e4n. T\u00e4ll\u00e4 voit maksimoida merikontin lattiatilan, joka on noin 14 m2. Hylly lis\u00e4\u00e4 siihen viel\u00e4 13,4 m2 tilaa, joten voit helposti j\u00e4rjest\u00e4\u00e4 ja erottaa erikokoisia tavaroita.<\/p>\n<p>Tavaroiden tilaaminen ja s\u00e4ilytt\u00e4minen ei ole koskaan ollut helpompaa. Vieraile verkkosivuillamme MIIL.ee, etsi Merikonttihylly &#8221;Einos&#8221; kategoriasta &#8221;Lis\u00e4varusteet&#8221; ja tilaa se jo t\u00e4n\u00e4\u00e4n. Hinta on vain 190,00 \u20ac + alv, joten se on edullinen sijoitus tehokkaaseen varastointiin autotalliin, ty\u00f6pajaan tai liiketilaan.<\/p>\n<p>MIIL.ee -tiimimme on sitoutunut tyytyv\u00e4isyyteen. Tarjoamme luotettavia merikontteja ja laadukkaita tarvikkeita tarpeisiisi. Jos sinulla on kysytt\u00e4v\u00e4\u00e4 tai tarvitset lis\u00e4tietoja Merikonttihyllyst\u00e4 &#8221;Einos&#8221; tai muista tuotteista, ota rohkeasti yhteytt\u00e4. Olemme valmiita auttamaan sinua ja tarjoamaan ammattitaitoista neuvontaa.<\/p>\n<p>Tilaa Merikonttihylly &#8221;Einos&#8221; MIIL.ee:n sivuilta jo t\u00e4n\u00e4\u00e4n ja tee merikonttien varastoinnista tehokkaampaa ja j\u00e4rjestyksess\u00e4. Tutustu laajaan tuotevalikoimaamme ja l\u00f6yd\u00e4 parhaat ratkaisut s\u00e4ilytystarpeisiisi!<\/p>\n<p>Katso muut hyllyt ja tarvikkeet <a href=\"https:\/\/www.miil.ee\/fi\/merekonteinerid\/lisavarusteet\/\">t\u00e4\u00e4lt\u00e4!<\/a><\/p>\n<p>Seuraa meit\u00e4\u00a0<a href=\"https:\/\/www.facebook.com\/konteinerveod\/\">Facebook<\/a>\u00a0tai\u00a0<a href=\"https:\/\/www.instagram.com\/ou_miil\/\">Instagram<\/a><\/p>\n","protected":false},"excerpt":{"rendered":"<p>Merikonttitelineet &#8221;Einos&#8221;<br \/>\nPlaadi m\u00f5\u00f5tmed 600X1170mm, k\u00f5rgus 2080 ja kannab 200kg.<\/p>\n","protected":false},"featured_media":2119,"comment_status":"closed","ping_status":"closed","template":"","meta":{"_acf_changed":false},"product_cat":[335],"product_tag":[],"class_list":{"0":"post-15711","1":"product","2":"type-product","3":"status-publish","4":"has-post-thumbnail","6":"product_cat-lisavarusteet","8":"first","9":"instock","10":"shipping-taxable","11":"purchasable","12":"product-type-simple"},"acf":[],"yoast_head":"<!-- This site is optimized with the Yoast SEO Premium plugin v23.9 (Yoast SEO v27.5) - https:\/\/yoast.com\/product\/yoast-seo-premium-wordpress\/ -->\n<title>Merikonttitelineet &quot;Einos&quot; - Miil O\u00dc<\/title>\n<meta name=\"description\" content=\"Merikonttihylly | M\u00f6kkien myynti | m\u00f6kkien vuokraus | Merikonttien myynti | Merikonttien vuokraus | Best in Finland \u2b50\ufe0f\u2b50\ufe0f\u2b50\ufe0f\u2b50\ufe0f\u2b50\" \/>\n<meta name=\"robots\" content=\"index, follow, max-snippet:-1, max-image-preview:large, max-video-preview:-1\" \/>\n<link rel=\"canonical\" href=\"https:\/\/miil.dev.almic.ee\/fi\/toode\/merikonttihylly-einos\/\" \/>\n<meta property=\"og:locale\" content=\"fi_FI\" \/>\n<meta property=\"og:type\" content=\"article\" \/>\n<meta property=\"og:title\" content=\"Merikonttitelineet &quot;Einos&quot;\" \/>\n<meta property=\"og:description\" content=\"Merikonttihylly | M\u00f6kkien myynti | m\u00f6kkien vuokraus | Merikonttien myynti | Merikonttien vuokraus | Best in Finland \u2b50\ufe0f\u2b50\ufe0f\u2b50\ufe0f\u2b50\ufe0f\u2b50\" \/>\n<meta property=\"og:url\" content=\"https:\/\/miil.dev.almic.ee\/fi\/toode\/merikonttihylly-einos\/\" \/>\n<meta property=\"og:site_name\" content=\"Miil O\u00dc\" \/>\n<meta property=\"article:publisher\" content=\"https:\/\/www.facebook.com\/konteinerveod\/\" \/>\n<meta property=\"article:modified_time\" content=\"2024-11-12T10:46:59+00:00\" \/>\n<meta property=\"og:image\" content=\"https:\/\/miil.dev.almic.ee\/wp-content\/uploads\/2022\/05\/seest-4.jpg\" \/>\n\t<meta property=\"og:image:width\" content=\"960\" \/>\n\t<meta property=\"og:image:height\" content=\"720\" \/>\n\t<meta property=\"og:image:type\" content=\"image\/jpeg\" \/>\n<meta name=\"twitter:card\" content=\"summary_large_image\" \/>\n<meta name=\"twitter:label1\" content=\"Hinta\" \/>\n\t<meta name=\"twitter:data1\" content=\"190,00&nbsp;&euro;\" \/>\n\t<meta name=\"twitter:label2\" content=\"Saatavuus\" \/>\n\t<meta name=\"twitter:data2\" content=\"Varastossa\" \/>\n<script type=\"application\/ld+json\" class=\"yoast-schema-graph\">{\"@context\":\"https:\\\/\\\/schema.org\",\"@graph\":[{\"@type\":\"WebPage\",\"@id\":\"https:\\\/\\\/miil.dev.almic.ee\\\/fi\\\/toode\\\/merikonttihylly-einos\\\/\",\"url\":\"https:\\\/\\\/miil.dev.almic.ee\\\/fi\\\/toode\\\/merikonttihylly-einos\\\/\",\"name\":\"Merikonttitelineet \\\"Einos\\\" - Miil O\u00dc\",\"isPartOf\":{\"@id\":\"https:\\\/\\\/miil.dev.almic.ee\\\/#website\"},\"primaryImageOfPage\":{\"@id\":\"https:\\\/\\\/miil.dev.almic.ee\\\/fi\\\/toode\\\/merikonttihylly-einos\\\/#primaryimage\"},\"image\":{\"@id\":\"https:\\\/\\\/miil.dev.almic.ee\\\/fi\\\/toode\\\/merikonttihylly-einos\\\/#primaryimage\"},\"thumbnailUrl\":\"https:\\\/\\\/miil.dev.almic.ee\\\/wp-content\\\/uploads\\\/2022\\\/05\\\/seest-4.jpg\",\"datePublished\":\"2022-05-18T11:15:56+00:00\",\"dateModified\":\"2024-11-12T10:46:59+00:00\",\"description\":\"Merikonttihylly | M\u00f6kkien myynti | m\u00f6kkien vuokraus | Merikonttien myynti | Merikonttien vuokraus | Best in Finland \u2b50\ufe0f\u2b50\ufe0f\u2b50\ufe0f\u2b50\ufe0f\u2b50\",\"breadcrumb\":{\"@id\":\"https:\\\/\\\/miil.dev.almic.ee\\\/fi\\\/toode\\\/merikonttihylly-einos\\\/#breadcrumb\"},\"inLanguage\":\"fi\",\"potentialAction\":[{\"@type\":\"ReadAction\",\"target\":[\"https:\\\/\\\/miil.dev.almic.ee\\\/fi\\\/toode\\\/merikonttihylly-einos\\\/\"]}]},{\"@type\":\"ImageObject\",\"inLanguage\":\"fi\",\"@id\":\"https:\\\/\\\/miil.dev.almic.ee\\\/fi\\\/toode\\\/merikonttihylly-einos\\\/#primaryimage\",\"url\":\"https:\\\/\\\/miil.dev.almic.ee\\\/wp-content\\\/uploads\\\/2022\\\/05\\\/seest-4.jpg\",\"contentUrl\":\"https:\\\/\\\/miil.dev.almic.ee\\\/wp-content\\\/uploads\\\/2022\\\/05\\\/seest-4.jpg\",\"width\":960,\"height\":720},{\"@type\":\"BreadcrumbList\",\"@id\":\"https:\\\/\\\/miil.dev.almic.ee\\\/fi\\\/toode\\\/merikonttihylly-einos\\\/#breadcrumb\",\"itemListElement\":[{\"@type\":\"ListItem\",\"position\":1,\"name\":\"Home\",\"item\":\"https:\\\/\\\/miil.dev.almic.ee\\\/fi\\\/\"},{\"@type\":\"ListItem\",\"position\":2,\"name\":\"Kauppa\",\"item\":\"https:\\\/\\\/miil.dev.almic.ee\\\/fi\\\/kauppa\\\/\"},{\"@type\":\"ListItem\",\"position\":3,\"name\":\"Merikonttitelineet &#8221;Einos&#8221;\"}]},{\"@type\":\"WebSite\",\"@id\":\"https:\\\/\\\/miil.dev.almic.ee\\\/#website\",\"url\":\"https:\\\/\\\/miil.dev.almic.ee\\\/\",\"name\":\"Miil O\u00dc\",\"description\":\"Konteinerveod\",\"publisher\":{\"@id\":\"https:\\\/\\\/miil.dev.almic.ee\\\/#organization\"},\"potentialAction\":[{\"@type\":\"SearchAction\",\"target\":{\"@type\":\"EntryPoint\",\"urlTemplate\":\"https:\\\/\\\/miil.dev.almic.ee\\\/?s={search_term_string}\"},\"query-input\":{\"@type\":\"PropertyValueSpecification\",\"valueRequired\":true,\"valueName\":\"search_term_string\"}}],\"inLanguage\":\"fi\"},{\"@type\":\"Organization\",\"@id\":\"https:\\\/\\\/miil.dev.almic.ee\\\/#organization\",\"name\":\"Miil O\u00dc\",\"url\":\"https:\\\/\\\/miil.dev.almic.ee\\\/\",\"logo\":{\"@type\":\"ImageObject\",\"inLanguage\":\"fi\",\"@id\":\"https:\\\/\\\/miil.dev.almic.ee\\\/#\\\/schema\\\/logo\\\/image\\\/\",\"url\":\"https:\\\/\\\/www.miil.ee\\\/wp-content\\\/uploads\\\/2022\\\/02\\\/Miil-logo.svg\",\"contentUrl\":\"https:\\\/\\\/www.miil.ee\\\/wp-content\\\/uploads\\\/2022\\\/02\\\/Miil-logo.svg\",\"width\":\"1024\",\"height\":\"1024\",\"caption\":\"Miil O\u00dc\"},\"image\":{\"@id\":\"https:\\\/\\\/miil.dev.almic.ee\\\/#\\\/schema\\\/logo\\\/image\\\/\"},\"sameAs\":[\"https:\\\/\\\/www.facebook.com\\\/konteinerveod\\\/\",\"https:\\\/\\\/www.instagram.com\\\/ou_miil\\\/\"]}]}<\/script>\n<meta property=\"product:price:amount\" content=\"190.00\" \/>\n<meta property=\"product:price:currency\" content=\"EUR\" \/>\n<meta property=\"og:availability\" content=\"instock\" \/>\n<meta property=\"product:availability\" content=\"instock\" \/>\n<meta property=\"product:retailer_item_id\" content=\"1568112553753\" \/>\n<meta property=\"product:condition\" content=\"new\" \/>\n<!-- \/ Yoast SEO Premium plugin. -->","yoast_head_json":{"title":"Merikonttitelineet \"Einos\" - Miil O\u00dc","description":"Merikonttihylly | M\u00f6kkien myynti | m\u00f6kkien vuokraus | Merikonttien myynti | Merikonttien vuokraus | Best in Finland \u2b50\ufe0f\u2b50\ufe0f\u2b50\ufe0f\u2b50\ufe0f\u2b50","robots":{"index":"index","follow":"follow","max-snippet":"max-snippet:-1","max-image-preview":"max-image-preview:large","max-video-preview":"max-video-preview:-1"},"canonical":"https:\/\/miil.dev.almic.ee\/fi\/toode\/merikonttihylly-einos\/","og_locale":"fi_FI","og_type":"article","og_title":"Merikonttitelineet \"Einos\"","og_description":"Merikonttihylly | M\u00f6kkien myynti | m\u00f6kkien vuokraus | Merikonttien myynti | Merikonttien vuokraus | Best in Finland \u2b50\ufe0f\u2b50\ufe0f\u2b50\ufe0f\u2b50\ufe0f\u2b50","og_url":"https:\/\/miil.dev.almic.ee\/fi\/toode\/merikonttihylly-einos\/","og_site_name":"Miil O\u00dc","article_publisher":"https:\/\/www.facebook.com\/konteinerveod\/","article_modified_time":"2024-11-12T10:46:59+00:00","og_image":[{"width":960,"height":720,"url":"https:\/\/miil.dev.almic.ee\/wp-content\/uploads\/2022\/05\/seest-4.jpg","type":"image\/jpeg"}],"twitter_card":"summary_large_image","twitter_misc":{"Hinta":"190,00&nbsp;&euro;","Saatavuus":"Varastossa"},"schema":{"@context":"https:\/\/schema.org","@graph":[{"@type":"WebPage","@id":"https:\/\/miil.dev.almic.ee\/fi\/toode\/merikonttihylly-einos\/","url":"https:\/\/miil.dev.almic.ee\/fi\/toode\/merikonttihylly-einos\/","name":"Merikonttitelineet \"Einos\" - Miil O\u00dc","isPartOf":{"@id":"https:\/\/miil.dev.almic.ee\/#website"},"primaryImageOfPage":{"@id":"https:\/\/miil.dev.almic.ee\/fi\/toode\/merikonttihylly-einos\/#primaryimage"},"image":{"@id":"https:\/\/miil.dev.almic.ee\/fi\/toode\/merikonttihylly-einos\/#primaryimage"},"thumbnailUrl":"https:\/\/miil.dev.almic.ee\/wp-content\/uploads\/2022\/05\/seest-4.jpg","datePublished":"2022-05-18T11:15:56+00:00","dateModified":"2024-11-12T10:46:59+00:00","description":"Merikonttihylly | M\u00f6kkien myynti | m\u00f6kkien vuokraus | Merikonttien myynti | Merikonttien vuokraus | Best in Finland \u2b50\ufe0f\u2b50\ufe0f\u2b50\ufe0f\u2b50\ufe0f\u2b50","breadcrumb":{"@id":"https:\/\/miil.dev.almic.ee\/fi\/toode\/merikonttihylly-einos\/#breadcrumb"},"inLanguage":"fi","potentialAction":[{"@type":"ReadAction","target":["https:\/\/miil.dev.almic.ee\/fi\/toode\/merikonttihylly-einos\/"]}]},{"@type":"ImageObject","inLanguage":"fi","@id":"https:\/\/miil.dev.almic.ee\/fi\/toode\/merikonttihylly-einos\/#primaryimage","url":"https:\/\/miil.dev.almic.ee\/wp-content\/uploads\/2022\/05\/seest-4.jpg","contentUrl":"https:\/\/miil.dev.almic.ee\/wp-content\/uploads\/2022\/05\/seest-4.jpg","width":960,"height":720},{"@type":"BreadcrumbList","@id":"https:\/\/miil.dev.almic.ee\/fi\/toode\/merikonttihylly-einos\/#breadcrumb","itemListElement":[{"@type":"ListItem","position":1,"name":"Home","item":"https:\/\/miil.dev.almic.ee\/fi\/"},{"@type":"ListItem","position":2,"name":"Kauppa","item":"https:\/\/miil.dev.almic.ee\/fi\/kauppa\/"},{"@type":"ListItem","position":3,"name":"Merikonttitelineet &#8221;Einos&#8221;"}]},{"@type":"WebSite","@id":"https:\/\/miil.dev.almic.ee\/#website","url":"https:\/\/miil.dev.almic.ee\/","name":"Miil O\u00dc","description":"Konteinerveod","publisher":{"@id":"https:\/\/miil.dev.almic.ee\/#organization"},"potentialAction":[{"@type":"SearchAction","target":{"@type":"EntryPoint","urlTemplate":"https:\/\/miil.dev.almic.ee\/?s={search_term_string}"},"query-input":{"@type":"PropertyValueSpecification","valueRequired":true,"valueName":"search_term_string"}}],"inLanguage":"fi"},{"@type":"Organization","@id":"https:\/\/miil.dev.almic.ee\/#organization","name":"Miil O\u00dc","url":"https:\/\/miil.dev.almic.ee\/","logo":{"@type":"ImageObject","inLanguage":"fi","@id":"https:\/\/miil.dev.almic.ee\/#\/schema\/logo\/image\/","url":"https:\/\/www.miil.ee\/wp-content\/uploads\/2022\/02\/Miil-logo.svg","contentUrl":"https:\/\/www.miil.ee\/wp-content\/uploads\/2022\/02\/Miil-logo.svg","width":"1024","height":"1024","caption":"Miil O\u00dc"},"image":{"@id":"https:\/\/miil.dev.almic.ee\/#\/schema\/logo\/image\/"},"sameAs":["https:\/\/www.facebook.com\/konteinerveod\/","https:\/\/www.instagram.com\/ou_miil\/"]}]},"product_price_amount":"190.00","product_price_currency":"EUR","og_availability":"instock","product_availability":"instock","product_retailer_item_id":"1568112553753","product_condition":"new"},"_links":{"self":[{"href":"https:\/\/miil.dev.almic.ee\/fi\/wp-json\/wp\/v2\/product\/15711","targetHints":{"allow":["GET"]}}],"collection":[{"href":"https:\/\/miil.dev.almic.ee\/fi\/wp-json\/wp\/v2\/product"}],"about":[{"href":"https:\/\/miil.dev.almic.ee\/fi\/wp-json\/wp\/v2\/types\/product"}],"replies":[{"embeddable":true,"href":"https:\/\/miil.dev.almic.ee\/fi\/wp-json\/wp\/v2\/comments?post=15711"}],"wp:featuredmedia":[{"embeddable":true,"href":"https:\/\/miil.dev.almic.ee\/fi\/wp-json\/wp\/v2\/media\/2119"}],"wp:attachment":[{"href":"https:\/\/miil.dev.almic.ee\/fi\/wp-json\/wp\/v2\/media?parent=15711"}],"wp:term":[{"taxonomy":"product_cat","embeddable":true,"href":"https:\/\/miil.dev.almic.ee\/fi\/wp-json\/wp\/v2\/product_cat?post=15711"},{"taxonomy":"product_tag","embeddable":true,"href":"https:\/\/miil.dev.almic.ee\/fi\/wp-json\/wp\/v2\/product_tag?post=15711"}],"curies":[{"name":"wp","href":"https:\/\/api.w.org\/{rel}","templated":true}]}}