{"id":15699,"date":"2022-05-18T14:15:58","date_gmt":"2022-05-18T11:15:58","guid":{"rendered":"https:\/\/www.miil.ee\/toode\/uus-piirdeaed-3500mm-lai-x-2000mm-korge-koos-aluse-ja-klambriga\/"},"modified":"2024-11-05T12:31:21","modified_gmt":"2024-11-05T10:31:21","slug":"valiaikainen-aita-rakennusaita","status":"publish","type":"product","link":"https:\/\/miil.dev.almic.ee\/fi\/toode\/valiaikainen-aita-rakennusaita\/","title":{"rendered":"V\u00e4liaikainen aita \/ rakennusaita"},"content":{"rendered":"<h1>Aita<\/h1>\n<p>Aita joka kest\u00e4\u00e4!<br \/>\nAitasarja sis\u00e4lt\u00e4\u00e4 aitapaneelin, alustan ja puristimen.<\/p>\n<p>Taivutetut yl\u00e4kulmat, mik\u00e4 varmistaa, ett\u00e4 aita ei katkea hitsauksesta.<br \/>\nAlakulmat vahvistettu.<br \/>\nPylv\u00e4iden ja lankojen paksuus kuvista mitattuna.<\/p>\n<p>*Emme k\u00e4yt\u00e4 myydess\u00e4mme py\u00f6ristettyj\u00e4 lankakokoja.<\/p>\n<h2>Laadukas tuote vaativalle asiakkaalle<\/h2>\n<p>Voit olla varma, ett\u00e4 rakennusprojektiasi ymp\u00e4r\u00f6idess\u00e4\u00e4n t\u00e4m\u00e4n aidan ulkon\u00e4k\u00f6 on edustava, kohtelias ja pitk\u00e4ik\u00e4inen.<br \/>\nAmmattitaitoinen yritys pit\u00e4\u00e4 esineens\u00e4 aina hyv\u00e4ss\u00e4 kunnossa ja me voimme auttaa t\u00e4ss\u00e4.<br \/>\nAitojen lis\u00e4ksi voimme toimittaa my\u00f6s kontin, jossa on yrityksen logot, maalattuna asiakkaan haluamiin v\u00e4reihin tai l\u00e4mpim\u00e4mp\u00e4\u00e4n toimistoon.<br \/>\nYrityksemme t\u00e4ytt\u00e4\u00e4 ISO-laatuvaatimukset ja tavarat ovat aina oikeudenmukaisia.<\/p>\n<p>T\u00e4llaista aitaa voidaan k\u00e4ytt\u00e4\u00e4 my\u00f6s liikkuvana koiran h\u00e4kin\u00e4 lis\u00e4\u00e4m\u00e4ll\u00e4 siihen banneri tai portti mainostarkoituksiin.<\/p>\n<h2>Aita ja sen kuljetus.<\/h2>\n<p>Sopivan kohteen valinnan j\u00e4lkeen voimme my\u00f6s tehd\u00e4 tarjouksen kuljetuksesta.<br \/>\nK\u00e4yt\u00e4mme yleens\u00e4 kuljetukseen nosturia tai sivukuormaajaa.<br \/>\nRatkaisemme vaikeammat paikat auton per\u00e4vaunun avulla.<br \/>\nVoit s\u00e4ilytt\u00e4\u00e4 ostamasi tavarat terminaalissamme maksutta jopa kuuden kuukauden ajan.<br \/>\nAina on mahdollista sopia pidemm\u00e4st\u00e4kin ajanjaksosta.<br \/>\nT\u00e4st\u00e4 on hy\u00f6ty\u00e4 esimerkiksi, jos sijainti ei ole viel\u00e4 valmis tai k\u00e4ytett\u00e4viss\u00e4.<br \/>\nT\u00e4ll\u00f6in tuotteen hinta ei muutu ja voit olla varma, ett\u00e4 saat valitut tuotteet sovittuna aikana.<\/p>\n<p>Aita parasta laatua<br \/>\nRajat<br \/>\nToimisto m\u00f6kki<br \/>\nS\u00e4ili\u00f6t<br \/>\nKuljetus<br \/>\nPortaat<br \/>\nTerassit<\/p>\n<p>L\u00f6yd\u00e4t laajan valikoiman tavaroita rakentamiseen ja kotipihalle, meilt\u00e4 l\u00f6ytyy kaikki ilmoitetut tuotteet tai ne voidaan toimittaa lyhyell\u00e4 toimitusajalla. Kaikki tuotteet voidaan siirt\u00e4\u00e4 nopeasti ja helposti. Esimerkiksi konttia ostettaessa voimme lis\u00e4t\u00e4 hyllyt, puutarhapaneelit, pienemm\u00e4n kontin tai jotain muuta ja toimittaa kaiken settin\u00e4. Osa\u00fching Miilill\u00e4 on my\u00f6s oikeat laitteet ja laadukas ty\u00f6voima.<\/p>\n<p>Katso muut hyllyt ja tarvikkeet <a href=\"https:\/\/www.miil.ee\/fi\/merekonteinerid\/lisavarusteet\/\">t\u00e4\u00e4lt\u00e4!<\/a><\/p>\n<p>Seuraa meit\u00e4\u00a0<a href=\"https:\/\/www.facebook.com\/konteinerveod\/\">Facebook<\/a>\u00a0tai\u00a0<a href=\"https:\/\/www.instagram.com\/ou_miil\/\">Instagram<\/a><\/p>\n","protected":false},"excerpt":{"rendered":"<p>V\u00e4liaikainen aita \/ rakennusaita<br \/>\n3500mm lai x 2000mm<\/p>\n","protected":false},"featured_media":104812,"comment_status":"closed","ping_status":"closed","template":"","meta":{"_acf_changed":false},"product_cat":[335],"product_tag":[],"class_list":{"0":"post-15699","1":"product","2":"type-product","3":"status-publish","4":"has-post-thumbnail","6":"product_cat-lisavarusteet","8":"first","9":"instock","10":"shipping-taxable","11":"purchasable","12":"product-type-simple"},"acf":[],"yoast_head":"<!-- This site is optimized with the Yoast SEO Premium plugin v23.9 (Yoast SEO v27.5) - https:\/\/yoast.com\/product\/yoast-seo-premium-wordpress\/ -->\n<title>V\u00e4liaikainen aita \/ rakennusaita - Miil O\u00dc<\/title>\n<meta name=\"description\" content=\"V\u00e4liaikainen aita \/ rakennusaita | Vuokrakontti | m\u00f6kkien vuokraus | Merikonttien myynti | Merikonttien vuokraus | Best in Finland \u2b50\ufe0f\u2b50\ufe0f\u2b50\ufe0f\u2b50\ufe0f\u2b50\" \/>\n<meta name=\"robots\" content=\"index, follow, max-snippet:-1, max-image-preview:large, max-video-preview:-1\" \/>\n<link rel=\"canonical\" href=\"https:\/\/miil.dev.almic.ee\/fi\/toode\/valiaikainen-aita-rakennusaita\/\" \/>\n<meta property=\"og:locale\" content=\"fi_FI\" \/>\n<meta property=\"og:type\" content=\"article\" \/>\n<meta property=\"og:title\" content=\"V\u00e4liaikainen aita \/ rakennusaita\" \/>\n<meta property=\"og:description\" content=\"V\u00e4liaikainen aita \/ rakennusaita | Vuokrakontti | m\u00f6kkien vuokraus | Merikonttien myynti | Merikonttien vuokraus | Best in Finland \u2b50\ufe0f\u2b50\ufe0f\u2b50\ufe0f\u2b50\ufe0f\u2b50\" \/>\n<meta property=\"og:url\" content=\"https:\/\/miil.dev.almic.ee\/fi\/toode\/valiaikainen-aita-rakennusaita\/\" \/>\n<meta property=\"og:site_name\" content=\"Miil O\u00dc\" \/>\n<meta property=\"article:publisher\" content=\"https:\/\/www.facebook.com\/konteinerveod\/\" \/>\n<meta property=\"article:modified_time\" content=\"2024-11-05T10:31:21+00:00\" \/>\n<meta property=\"og:image\" content=\"https:\/\/miil.dev.almic.ee\/wp-content\/uploads\/2022\/05\/aed-a3-scaled.jpg\" \/>\n\t<meta property=\"og:image:width\" content=\"1900\" \/>\n\t<meta property=\"og:image:height\" content=\"1425\" \/>\n\t<meta property=\"og:image:type\" content=\"image\/jpeg\" \/>\n<meta name=\"twitter:card\" content=\"summary_large_image\" \/>\n<meta name=\"twitter:label1\" content=\"Hinta\" \/>\n\t<meta name=\"twitter:data1\" content=\"49,00&nbsp;&euro;\" \/>\n\t<meta name=\"twitter:label2\" content=\"Saatavuus\" \/>\n\t<meta name=\"twitter:data2\" content=\"Varastossa\" \/>\n<script type=\"application\/ld+json\" class=\"yoast-schema-graph\">{\"@context\":\"https:\\\/\\\/schema.org\",\"@graph\":[{\"@type\":\"WebPage\",\"@id\":\"https:\\\/\\\/miil.dev.almic.ee\\\/fi\\\/toode\\\/valiaikainen-aita-rakennusaita\\\/\",\"url\":\"https:\\\/\\\/miil.dev.almic.ee\\\/fi\\\/toode\\\/valiaikainen-aita-rakennusaita\\\/\",\"name\":\"V\u00e4liaikainen aita \\\/ rakennusaita - Miil O\u00dc\",\"isPartOf\":{\"@id\":\"https:\\\/\\\/miil.dev.almic.ee\\\/#website\"},\"primaryImageOfPage\":{\"@id\":\"https:\\\/\\\/miil.dev.almic.ee\\\/fi\\\/toode\\\/valiaikainen-aita-rakennusaita\\\/#primaryimage\"},\"image\":{\"@id\":\"https:\\\/\\\/miil.dev.almic.ee\\\/fi\\\/toode\\\/valiaikainen-aita-rakennusaita\\\/#primaryimage\"},\"thumbnailUrl\":\"https:\\\/\\\/miil.dev.almic.ee\\\/wp-content\\\/uploads\\\/2022\\\/05\\\/aed-a3-scaled.jpg\",\"datePublished\":\"2022-05-18T11:15:58+00:00\",\"dateModified\":\"2024-11-05T10:31:21+00:00\",\"description\":\"V\u00e4liaikainen aita \\\/ rakennusaita | Vuokrakontti | m\u00f6kkien vuokraus | Merikonttien myynti | Merikonttien vuokraus | Best in Finland \u2b50\ufe0f\u2b50\ufe0f\u2b50\ufe0f\u2b50\ufe0f\u2b50\",\"breadcrumb\":{\"@id\":\"https:\\\/\\\/miil.dev.almic.ee\\\/fi\\\/toode\\\/valiaikainen-aita-rakennusaita\\\/#breadcrumb\"},\"inLanguage\":\"fi\",\"potentialAction\":[{\"@type\":\"ReadAction\",\"target\":[\"https:\\\/\\\/miil.dev.almic.ee\\\/fi\\\/toode\\\/valiaikainen-aita-rakennusaita\\\/\"]}]},{\"@type\":\"ImageObject\",\"inLanguage\":\"fi\",\"@id\":\"https:\\\/\\\/miil.dev.almic.ee\\\/fi\\\/toode\\\/valiaikainen-aita-rakennusaita\\\/#primaryimage\",\"url\":\"https:\\\/\\\/miil.dev.almic.ee\\\/wp-content\\\/uploads\\\/2022\\\/05\\\/aed-a3-scaled.jpg\",\"contentUrl\":\"https:\\\/\\\/miil.dev.almic.ee\\\/wp-content\\\/uploads\\\/2022\\\/05\\\/aed-a3-scaled.jpg\",\"width\":1900,\"height\":1425},{\"@type\":\"BreadcrumbList\",\"@id\":\"https:\\\/\\\/miil.dev.almic.ee\\\/fi\\\/toode\\\/valiaikainen-aita-rakennusaita\\\/#breadcrumb\",\"itemListElement\":[{\"@type\":\"ListItem\",\"position\":1,\"name\":\"Home\",\"item\":\"https:\\\/\\\/miil.dev.almic.ee\\\/fi\\\/\"},{\"@type\":\"ListItem\",\"position\":2,\"name\":\"Kauppa\",\"item\":\"https:\\\/\\\/miil.dev.almic.ee\\\/fi\\\/kauppa\\\/\"},{\"@type\":\"ListItem\",\"position\":3,\"name\":\"V\u00e4liaikainen aita \\\/ rakennusaita\"}]},{\"@type\":\"WebSite\",\"@id\":\"https:\\\/\\\/miil.dev.almic.ee\\\/#website\",\"url\":\"https:\\\/\\\/miil.dev.almic.ee\\\/\",\"name\":\"Miil O\u00dc\",\"description\":\"Konteinerveod\",\"publisher\":{\"@id\":\"https:\\\/\\\/miil.dev.almic.ee\\\/#organization\"},\"potentialAction\":[{\"@type\":\"SearchAction\",\"target\":{\"@type\":\"EntryPoint\",\"urlTemplate\":\"https:\\\/\\\/miil.dev.almic.ee\\\/?s={search_term_string}\"},\"query-input\":{\"@type\":\"PropertyValueSpecification\",\"valueRequired\":true,\"valueName\":\"search_term_string\"}}],\"inLanguage\":\"fi\"},{\"@type\":\"Organization\",\"@id\":\"https:\\\/\\\/miil.dev.almic.ee\\\/#organization\",\"name\":\"Miil O\u00dc\",\"url\":\"https:\\\/\\\/miil.dev.almic.ee\\\/\",\"logo\":{\"@type\":\"ImageObject\",\"inLanguage\":\"fi\",\"@id\":\"https:\\\/\\\/miil.dev.almic.ee\\\/#\\\/schema\\\/logo\\\/image\\\/\",\"url\":\"https:\\\/\\\/www.miil.ee\\\/wp-content\\\/uploads\\\/2022\\\/02\\\/Miil-logo.svg\",\"contentUrl\":\"https:\\\/\\\/www.miil.ee\\\/wp-content\\\/uploads\\\/2022\\\/02\\\/Miil-logo.svg\",\"width\":\"1024\",\"height\":\"1024\",\"caption\":\"Miil O\u00dc\"},\"image\":{\"@id\":\"https:\\\/\\\/miil.dev.almic.ee\\\/#\\\/schema\\\/logo\\\/image\\\/\"},\"sameAs\":[\"https:\\\/\\\/www.facebook.com\\\/konteinerveod\\\/\",\"https:\\\/\\\/www.instagram.com\\\/ou_miil\\\/\"]}]}<\/script>\n<meta property=\"product:price:amount\" content=\"49.00\" \/>\n<meta property=\"product:price:currency\" content=\"EUR\" \/>\n<meta property=\"og:availability\" content=\"instock\" \/>\n<meta property=\"product:availability\" content=\"instock\" \/>\n<meta property=\"product:condition\" content=\"new\" \/>\n<!-- \/ Yoast SEO Premium plugin. -->","yoast_head_json":{"title":"V\u00e4liaikainen aita \/ rakennusaita - Miil O\u00dc","description":"V\u00e4liaikainen aita \/ rakennusaita | Vuokrakontti | m\u00f6kkien vuokraus | Merikonttien myynti | Merikonttien vuokraus | Best in Finland \u2b50\ufe0f\u2b50\ufe0f\u2b50\ufe0f\u2b50\ufe0f\u2b50","robots":{"index":"index","follow":"follow","max-snippet":"max-snippet:-1","max-image-preview":"max-image-preview:large","max-video-preview":"max-video-preview:-1"},"canonical":"https:\/\/miil.dev.almic.ee\/fi\/toode\/valiaikainen-aita-rakennusaita\/","og_locale":"fi_FI","og_type":"article","og_title":"V\u00e4liaikainen aita \/ rakennusaita","og_description":"V\u00e4liaikainen aita \/ rakennusaita | Vuokrakontti | m\u00f6kkien vuokraus | Merikonttien myynti | Merikonttien vuokraus | Best in Finland \u2b50\ufe0f\u2b50\ufe0f\u2b50\ufe0f\u2b50\ufe0f\u2b50","og_url":"https:\/\/miil.dev.almic.ee\/fi\/toode\/valiaikainen-aita-rakennusaita\/","og_site_name":"Miil O\u00dc","article_publisher":"https:\/\/www.facebook.com\/konteinerveod\/","article_modified_time":"2024-11-05T10:31:21+00:00","og_image":[{"width":1900,"height":1425,"url":"https:\/\/miil.dev.almic.ee\/wp-content\/uploads\/2022\/05\/aed-a3-scaled.jpg","type":"image\/jpeg"}],"twitter_card":"summary_large_image","twitter_misc":{"Hinta":"49,00&nbsp;&euro;","Saatavuus":"Varastossa"},"schema":{"@context":"https:\/\/schema.org","@graph":[{"@type":"WebPage","@id":"https:\/\/miil.dev.almic.ee\/fi\/toode\/valiaikainen-aita-rakennusaita\/","url":"https:\/\/miil.dev.almic.ee\/fi\/toode\/valiaikainen-aita-rakennusaita\/","name":"V\u00e4liaikainen aita \/ rakennusaita - Miil O\u00dc","isPartOf":{"@id":"https:\/\/miil.dev.almic.ee\/#website"},"primaryImageOfPage":{"@id":"https:\/\/miil.dev.almic.ee\/fi\/toode\/valiaikainen-aita-rakennusaita\/#primaryimage"},"image":{"@id":"https:\/\/miil.dev.almic.ee\/fi\/toode\/valiaikainen-aita-rakennusaita\/#primaryimage"},"thumbnailUrl":"https:\/\/miil.dev.almic.ee\/wp-content\/uploads\/2022\/05\/aed-a3-scaled.jpg","datePublished":"2022-05-18T11:15:58+00:00","dateModified":"2024-11-05T10:31:21+00:00","description":"V\u00e4liaikainen aita \/ rakennusaita | Vuokrakontti | m\u00f6kkien vuokraus | Merikonttien myynti | Merikonttien vuokraus | Best in Finland \u2b50\ufe0f\u2b50\ufe0f\u2b50\ufe0f\u2b50\ufe0f\u2b50","breadcrumb":{"@id":"https:\/\/miil.dev.almic.ee\/fi\/toode\/valiaikainen-aita-rakennusaita\/#breadcrumb"},"inLanguage":"fi","potentialAction":[{"@type":"ReadAction","target":["https:\/\/miil.dev.almic.ee\/fi\/toode\/valiaikainen-aita-rakennusaita\/"]}]},{"@type":"ImageObject","inLanguage":"fi","@id":"https:\/\/miil.dev.almic.ee\/fi\/toode\/valiaikainen-aita-rakennusaita\/#primaryimage","url":"https:\/\/miil.dev.almic.ee\/wp-content\/uploads\/2022\/05\/aed-a3-scaled.jpg","contentUrl":"https:\/\/miil.dev.almic.ee\/wp-content\/uploads\/2022\/05\/aed-a3-scaled.jpg","width":1900,"height":1425},{"@type":"BreadcrumbList","@id":"https:\/\/miil.dev.almic.ee\/fi\/toode\/valiaikainen-aita-rakennusaita\/#breadcrumb","itemListElement":[{"@type":"ListItem","position":1,"name":"Home","item":"https:\/\/miil.dev.almic.ee\/fi\/"},{"@type":"ListItem","position":2,"name":"Kauppa","item":"https:\/\/miil.dev.almic.ee\/fi\/kauppa\/"},{"@type":"ListItem","position":3,"name":"V\u00e4liaikainen aita \/ rakennusaita"}]},{"@type":"WebSite","@id":"https:\/\/miil.dev.almic.ee\/#website","url":"https:\/\/miil.dev.almic.ee\/","name":"Miil O\u00dc","description":"Konteinerveod","publisher":{"@id":"https:\/\/miil.dev.almic.ee\/#organization"},"potentialAction":[{"@type":"SearchAction","target":{"@type":"EntryPoint","urlTemplate":"https:\/\/miil.dev.almic.ee\/?s={search_term_string}"},"query-input":{"@type":"PropertyValueSpecification","valueRequired":true,"valueName":"search_term_string"}}],"inLanguage":"fi"},{"@type":"Organization","@id":"https:\/\/miil.dev.almic.ee\/#organization","name":"Miil O\u00dc","url":"https:\/\/miil.dev.almic.ee\/","logo":{"@type":"ImageObject","inLanguage":"fi","@id":"https:\/\/miil.dev.almic.ee\/#\/schema\/logo\/image\/","url":"https:\/\/www.miil.ee\/wp-content\/uploads\/2022\/02\/Miil-logo.svg","contentUrl":"https:\/\/www.miil.ee\/wp-content\/uploads\/2022\/02\/Miil-logo.svg","width":"1024","height":"1024","caption":"Miil O\u00dc"},"image":{"@id":"https:\/\/miil.dev.almic.ee\/#\/schema\/logo\/image\/"},"sameAs":["https:\/\/www.facebook.com\/konteinerveod\/","https:\/\/www.instagram.com\/ou_miil\/"]}]},"product_price_amount":"49.00","product_price_currency":"EUR","og_availability":"instock","product_availability":"instock","product_condition":"new"},"_links":{"self":[{"href":"https:\/\/miil.dev.almic.ee\/fi\/wp-json\/wp\/v2\/product\/15699","targetHints":{"allow":["GET"]}}],"collection":[{"href":"https:\/\/miil.dev.almic.ee\/fi\/wp-json\/wp\/v2\/product"}],"about":[{"href":"https:\/\/miil.dev.almic.ee\/fi\/wp-json\/wp\/v2\/types\/product"}],"replies":[{"embeddable":true,"href":"https:\/\/miil.dev.almic.ee\/fi\/wp-json\/wp\/v2\/comments?post=15699"}],"wp:featuredmedia":[{"embeddable":true,"href":"https:\/\/miil.dev.almic.ee\/fi\/wp-json\/wp\/v2\/media\/104812"}],"wp:attachment":[{"href":"https:\/\/miil.dev.almic.ee\/fi\/wp-json\/wp\/v2\/media?parent=15699"}],"wp:term":[{"taxonomy":"product_cat","embeddable":true,"href":"https:\/\/miil.dev.almic.ee\/fi\/wp-json\/wp\/v2\/product_cat?post=15699"},{"taxonomy":"product_tag","embeddable":true,"href":"https:\/\/miil.dev.almic.ee\/fi\/wp-json\/wp\/v2\/product_tag?post=15699"}],"curies":[{"name":"wp","href":"https:\/\/api.w.org\/{rel}","templated":true}]}}