{"id":15683,"date":"2022-05-18T14:16:05","date_gmt":"2022-05-18T11:16:05","guid":{"rendered":"https:\/\/www.miil.ee\/toode\/rehviriiul-500-sugav-x1800-lai-x2100-korge-1910-valimine-laius-3-tasapinnaga\/"},"modified":"2024-11-12T12:47:34","modified_gmt":"2024-11-12T10:47:34","slug":"rengasteline","status":"publish","type":"product","link":"https:\/\/miil.dev.almic.ee\/fi\/toode\/rengasteline\/","title":{"rendered":"Rengasteline"},"content":{"rendered":"<h1>3 tasoinen rengasteline &#8211; ihanteellinen ratkaisu renkaiden s\u00e4ilytykseen<\/h1>\n<p>Rengasteline 3 tasolla! S\u00e4ilyt\u00e4 renkaasi siististi ja tilaa s\u00e4\u00e4st\u00e4v\u00e4sti korkealaatuisen 3-tasoisen rengastelineen avulla. T\u00e4m\u00e4 k\u00e4yt\u00e4nn\u00f6llinen teline on suunniteltu erityisesti renkaiden turvalliseen ja s\u00e4\u00e4nn\u00f6lliseen varastointiin, mik\u00e4 varmistaa niiden pitk\u00e4ik\u00e4isyyden ja suojan.<\/p>\n<p>Rengastelineess\u00e4mme on kolme tasoa, joiden avulla voit helposti j\u00e4rjest\u00e4\u00e4 ja erottaa erikokoisia renkaita. Hylly on valmistettu kest\u00e4v\u00e4st\u00e4 materiaalista, mik\u00e4 varmistaa sen vakauden ja kest\u00e4vyyden p\u00e4ivitt\u00e4iseen k\u00e4ytt\u00f6\u00f6n. Sen syvyys on 500 mm, leveys 1800 mm ja korkeus 2100 mm (ulkoleveys 1910 mm), joten se tarjoaa runsaasti tilaa useiden renkaiden asentamiseen mukavasti.<\/p>\n<p>Tilaaminen on helppoa ja k\u00e4tev\u00e4\u00e4. Vieraile verkkosivuillamme MIIL.ee ja valitse 3-tasoinen rengasteline kategoriasta &#8221;Lis\u00e4varusteet&#8221;. Hinta on vain 220,00 \u20ac + alv, mik\u00e4 tekee siit\u00e4 loistavan sijoituksen renkaiden varastointiin autotallissa, ty\u00f6pajassa tai liiketilassa.<\/p>\n<p>Asiakkaidemme tyytyv\u00e4isyys on meille etusijalla. Rengastelineen laatu, kest\u00e4vyys ja toimivuus ovat saaneet paljon positiivista palautetta. Asiantuntijatiimimme on aina valmis auttamaan sinua ja vastaamaan kaikkiin kysymyksiisi ja tarpeisiisi.<\/p>\n<p>Tilaa 3-tasoinen rengasteline MIIL.ee -verkkosivustolta jo t\u00e4n\u00e4\u00e4n ja varmista renkaillesi asianmukainen s\u00e4ilytys ja suojaus. Olemme tunnettuja luotettavista ja laadukkaista tuotteistamme ja tarjoamme laajan valikoiman merikontteja ja muita tarvikkeita. Tutustu laajaan tuotevalikoimaamme ja l\u00f6yd\u00e4 paras ratkaisu tarpeisiisi!<\/p>\n<p>T\u00e4ll\u00e4 tuotteella on suuri kysynt\u00e4, joten \u00e4l\u00e4 missaa t\u00e4t\u00e4 tilaisuutta. S\u00e4ilyt\u00e4 renkaasi siististi ja j\u00e4rjestyksess\u00e4 valitsemalla korkealaatuinen 3-tasoinen rengasteline. Renkaasi arvostavat pidemp\u00e4\u00e4 k\u00e4ytt\u00f6ik\u00e4\u00e4 ja tehokasta suojaa. Tilaa t\u00e4n\u00e4\u00e4n ja nauti MIIL.ee:n tarjoamasta mukavuudesta ja laadusta.<\/p>\n<p>Katso muut hyllyt ja tarvikkeet <a href=\"https:\/\/www.miil.ee\/fi\/merekonteinerid\/lisavarusteet\/\">t\u00e4\u00e4lt\u00e4!<\/a><\/p>\n<p>Seuraa meit\u00e4\u00a0<a href=\"https:\/\/www.facebook.com\/konteinerveod\/\">Facebook<\/a>\u00a0tai\u00a0<a href=\"https:\/\/www.instagram.com\/ou_miil\/\">Instagram<\/a><\/p>\n","protected":false},"excerpt":{"rendered":"<p>Rengasteline<br \/>\n500 s\u00fcgav x1800 lai x2100 k\u00f5rge, (1910 v\u00e4limine laius)<\/p>\n","protected":false},"featured_media":2370,"comment_status":"closed","ping_status":"closed","template":"","meta":{"_acf_changed":false},"product_cat":[335],"product_tag":[],"class_list":{"0":"post-15683","1":"product","2":"type-product","3":"status-publish","4":"has-post-thumbnail","6":"product_cat-lisavarusteet","8":"first","9":"instock","10":"shipping-taxable","11":"purchasable","12":"product-type-simple"},"acf":[],"yoast_head":"<!-- This site is optimized with the Yoast SEO Premium plugin v23.9 (Yoast SEO v27.5) - https:\/\/yoast.com\/product\/yoast-seo-premium-wordpress\/ -->\n<title>Rengasteline - Miil O\u00dc<\/title>\n<meta name=\"description\" content=\"Rengasteline | Vuokrakontti | M\u00f6kkien myynti | m\u00f6kkien vuokraus | Merikonttien myynti | Merikonttien vuokraus | Best in Finland \u2b50\ufe0f\u2b50\ufe0f\u2b50\ufe0f\u2b50\ufe0f\u2b50\" \/>\n<meta name=\"robots\" content=\"index, follow, max-snippet:-1, max-image-preview:large, max-video-preview:-1\" \/>\n<link rel=\"canonical\" href=\"https:\/\/miil.dev.almic.ee\/fi\/toode\/rengasteline\/\" \/>\n<meta property=\"og:locale\" content=\"fi_FI\" \/>\n<meta property=\"og:type\" content=\"article\" \/>\n<meta property=\"og:title\" content=\"Rengasteline\" \/>\n<meta property=\"og:description\" content=\"Rengasteline | Vuokrakontti | M\u00f6kkien myynti | m\u00f6kkien vuokraus | Merikonttien myynti | Merikonttien vuokraus | Best in Finland \u2b50\ufe0f\u2b50\ufe0f\u2b50\ufe0f\u2b50\ufe0f\u2b50\" \/>\n<meta property=\"og:url\" content=\"https:\/\/miil.dev.almic.ee\/fi\/toode\/rengasteline\/\" \/>\n<meta property=\"og:site_name\" content=\"Miil O\u00dc\" \/>\n<meta property=\"article:publisher\" content=\"https:\/\/www.facebook.com\/konteinerveod\/\" \/>\n<meta property=\"article:modified_time\" content=\"2024-11-12T10:47:34+00:00\" \/>\n<meta property=\"og:image\" content=\"https:\/\/miil.dev.almic.ee\/wp-content\/uploads\/2022\/05\/rehviriiul-2-1.jpg\" \/>\n\t<meta property=\"og:image:width\" content=\"719\" \/>\n\t<meta property=\"og:image:height\" content=\"731\" \/>\n\t<meta property=\"og:image:type\" content=\"image\/jpeg\" \/>\n<meta name=\"twitter:card\" content=\"summary_large_image\" \/>\n<meta name=\"twitter:label1\" content=\"Hinta\" \/>\n\t<meta name=\"twitter:data1\" content=\"220,00&nbsp;&euro;\" \/>\n\t<meta name=\"twitter:label2\" content=\"Saatavuus\" \/>\n\t<meta name=\"twitter:data2\" content=\"Varastossa\" \/>\n<script type=\"application\/ld+json\" class=\"yoast-schema-graph\">{\"@context\":\"https:\\\/\\\/schema.org\",\"@graph\":[{\"@type\":\"WebPage\",\"@id\":\"https:\\\/\\\/miil.dev.almic.ee\\\/fi\\\/toode\\\/rengasteline\\\/\",\"url\":\"https:\\\/\\\/miil.dev.almic.ee\\\/fi\\\/toode\\\/rengasteline\\\/\",\"name\":\"Rengasteline - Miil O\u00dc\",\"isPartOf\":{\"@id\":\"https:\\\/\\\/miil.dev.almic.ee\\\/#website\"},\"primaryImageOfPage\":{\"@id\":\"https:\\\/\\\/miil.dev.almic.ee\\\/fi\\\/toode\\\/rengasteline\\\/#primaryimage\"},\"image\":{\"@id\":\"https:\\\/\\\/miil.dev.almic.ee\\\/fi\\\/toode\\\/rengasteline\\\/#primaryimage\"},\"thumbnailUrl\":\"https:\\\/\\\/miil.dev.almic.ee\\\/wp-content\\\/uploads\\\/2022\\\/05\\\/rehviriiul-2-1.jpg\",\"datePublished\":\"2022-05-18T11:16:05+00:00\",\"dateModified\":\"2024-11-12T10:47:34+00:00\",\"description\":\"Rengasteline | Vuokrakontti | M\u00f6kkien myynti | m\u00f6kkien vuokraus | Merikonttien myynti | Merikonttien vuokraus | Best in Finland \u2b50\ufe0f\u2b50\ufe0f\u2b50\ufe0f\u2b50\ufe0f\u2b50\",\"breadcrumb\":{\"@id\":\"https:\\\/\\\/miil.dev.almic.ee\\\/fi\\\/toode\\\/rengasteline\\\/#breadcrumb\"},\"inLanguage\":\"fi\",\"potentialAction\":[{\"@type\":\"ReadAction\",\"target\":[\"https:\\\/\\\/miil.dev.almic.ee\\\/fi\\\/toode\\\/rengasteline\\\/\"]}]},{\"@type\":\"ImageObject\",\"inLanguage\":\"fi\",\"@id\":\"https:\\\/\\\/miil.dev.almic.ee\\\/fi\\\/toode\\\/rengasteline\\\/#primaryimage\",\"url\":\"https:\\\/\\\/miil.dev.almic.ee\\\/wp-content\\\/uploads\\\/2022\\\/05\\\/rehviriiul-2-1.jpg\",\"contentUrl\":\"https:\\\/\\\/miil.dev.almic.ee\\\/wp-content\\\/uploads\\\/2022\\\/05\\\/rehviriiul-2-1.jpg\",\"width\":719,\"height\":731},{\"@type\":\"BreadcrumbList\",\"@id\":\"https:\\\/\\\/miil.dev.almic.ee\\\/fi\\\/toode\\\/rengasteline\\\/#breadcrumb\",\"itemListElement\":[{\"@type\":\"ListItem\",\"position\":1,\"name\":\"Home\",\"item\":\"https:\\\/\\\/miil.dev.almic.ee\\\/fi\\\/\"},{\"@type\":\"ListItem\",\"position\":2,\"name\":\"Kauppa\",\"item\":\"https:\\\/\\\/miil.dev.almic.ee\\\/fi\\\/kauppa\\\/\"},{\"@type\":\"ListItem\",\"position\":3,\"name\":\"Rengasteline\"}]},{\"@type\":\"WebSite\",\"@id\":\"https:\\\/\\\/miil.dev.almic.ee\\\/#website\",\"url\":\"https:\\\/\\\/miil.dev.almic.ee\\\/\",\"name\":\"Miil O\u00dc\",\"description\":\"Konteinerveod\",\"publisher\":{\"@id\":\"https:\\\/\\\/miil.dev.almic.ee\\\/#organization\"},\"potentialAction\":[{\"@type\":\"SearchAction\",\"target\":{\"@type\":\"EntryPoint\",\"urlTemplate\":\"https:\\\/\\\/miil.dev.almic.ee\\\/?s={search_term_string}\"},\"query-input\":{\"@type\":\"PropertyValueSpecification\",\"valueRequired\":true,\"valueName\":\"search_term_string\"}}],\"inLanguage\":\"fi\"},{\"@type\":\"Organization\",\"@id\":\"https:\\\/\\\/miil.dev.almic.ee\\\/#organization\",\"name\":\"Miil O\u00dc\",\"url\":\"https:\\\/\\\/miil.dev.almic.ee\\\/\",\"logo\":{\"@type\":\"ImageObject\",\"inLanguage\":\"fi\",\"@id\":\"https:\\\/\\\/miil.dev.almic.ee\\\/#\\\/schema\\\/logo\\\/image\\\/\",\"url\":\"https:\\\/\\\/www.miil.ee\\\/wp-content\\\/uploads\\\/2022\\\/02\\\/Miil-logo.svg\",\"contentUrl\":\"https:\\\/\\\/www.miil.ee\\\/wp-content\\\/uploads\\\/2022\\\/02\\\/Miil-logo.svg\",\"width\":\"1024\",\"height\":\"1024\",\"caption\":\"Miil O\u00dc\"},\"image\":{\"@id\":\"https:\\\/\\\/miil.dev.almic.ee\\\/#\\\/schema\\\/logo\\\/image\\\/\"},\"sameAs\":[\"https:\\\/\\\/www.facebook.com\\\/konteinerveod\\\/\",\"https:\\\/\\\/www.instagram.com\\\/ou_miil\\\/\"]}]}<\/script>\n<meta property=\"product:price:amount\" content=\"220.00\" \/>\n<meta property=\"product:price:currency\" content=\"EUR\" \/>\n<meta property=\"og:availability\" content=\"instock\" \/>\n<meta property=\"product:availability\" content=\"instock\" \/>\n<meta property=\"product:condition\" content=\"new\" \/>\n<!-- \/ Yoast SEO Premium plugin. -->","yoast_head_json":{"title":"Rengasteline - Miil O\u00dc","description":"Rengasteline | Vuokrakontti | M\u00f6kkien myynti | m\u00f6kkien vuokraus | Merikonttien myynti | Merikonttien vuokraus | Best in Finland \u2b50\ufe0f\u2b50\ufe0f\u2b50\ufe0f\u2b50\ufe0f\u2b50","robots":{"index":"index","follow":"follow","max-snippet":"max-snippet:-1","max-image-preview":"max-image-preview:large","max-video-preview":"max-video-preview:-1"},"canonical":"https:\/\/miil.dev.almic.ee\/fi\/toode\/rengasteline\/","og_locale":"fi_FI","og_type":"article","og_title":"Rengasteline","og_description":"Rengasteline | Vuokrakontti | M\u00f6kkien myynti | m\u00f6kkien vuokraus | Merikonttien myynti | Merikonttien vuokraus | Best in Finland \u2b50\ufe0f\u2b50\ufe0f\u2b50\ufe0f\u2b50\ufe0f\u2b50","og_url":"https:\/\/miil.dev.almic.ee\/fi\/toode\/rengasteline\/","og_site_name":"Miil O\u00dc","article_publisher":"https:\/\/www.facebook.com\/konteinerveod\/","article_modified_time":"2024-11-12T10:47:34+00:00","og_image":[{"width":719,"height":731,"url":"https:\/\/miil.dev.almic.ee\/wp-content\/uploads\/2022\/05\/rehviriiul-2-1.jpg","type":"image\/jpeg"}],"twitter_card":"summary_large_image","twitter_misc":{"Hinta":"220,00&nbsp;&euro;","Saatavuus":"Varastossa"},"schema":{"@context":"https:\/\/schema.org","@graph":[{"@type":"WebPage","@id":"https:\/\/miil.dev.almic.ee\/fi\/toode\/rengasteline\/","url":"https:\/\/miil.dev.almic.ee\/fi\/toode\/rengasteline\/","name":"Rengasteline - Miil O\u00dc","isPartOf":{"@id":"https:\/\/miil.dev.almic.ee\/#website"},"primaryImageOfPage":{"@id":"https:\/\/miil.dev.almic.ee\/fi\/toode\/rengasteline\/#primaryimage"},"image":{"@id":"https:\/\/miil.dev.almic.ee\/fi\/toode\/rengasteline\/#primaryimage"},"thumbnailUrl":"https:\/\/miil.dev.almic.ee\/wp-content\/uploads\/2022\/05\/rehviriiul-2-1.jpg","datePublished":"2022-05-18T11:16:05+00:00","dateModified":"2024-11-12T10:47:34+00:00","description":"Rengasteline | Vuokrakontti | M\u00f6kkien myynti | m\u00f6kkien vuokraus | Merikonttien myynti | Merikonttien vuokraus | Best in Finland \u2b50\ufe0f\u2b50\ufe0f\u2b50\ufe0f\u2b50\ufe0f\u2b50","breadcrumb":{"@id":"https:\/\/miil.dev.almic.ee\/fi\/toode\/rengasteline\/#breadcrumb"},"inLanguage":"fi","potentialAction":[{"@type":"ReadAction","target":["https:\/\/miil.dev.almic.ee\/fi\/toode\/rengasteline\/"]}]},{"@type":"ImageObject","inLanguage":"fi","@id":"https:\/\/miil.dev.almic.ee\/fi\/toode\/rengasteline\/#primaryimage","url":"https:\/\/miil.dev.almic.ee\/wp-content\/uploads\/2022\/05\/rehviriiul-2-1.jpg","contentUrl":"https:\/\/miil.dev.almic.ee\/wp-content\/uploads\/2022\/05\/rehviriiul-2-1.jpg","width":719,"height":731},{"@type":"BreadcrumbList","@id":"https:\/\/miil.dev.almic.ee\/fi\/toode\/rengasteline\/#breadcrumb","itemListElement":[{"@type":"ListItem","position":1,"name":"Home","item":"https:\/\/miil.dev.almic.ee\/fi\/"},{"@type":"ListItem","position":2,"name":"Kauppa","item":"https:\/\/miil.dev.almic.ee\/fi\/kauppa\/"},{"@type":"ListItem","position":3,"name":"Rengasteline"}]},{"@type":"WebSite","@id":"https:\/\/miil.dev.almic.ee\/#website","url":"https:\/\/miil.dev.almic.ee\/","name":"Miil O\u00dc","description":"Konteinerveod","publisher":{"@id":"https:\/\/miil.dev.almic.ee\/#organization"},"potentialAction":[{"@type":"SearchAction","target":{"@type":"EntryPoint","urlTemplate":"https:\/\/miil.dev.almic.ee\/?s={search_term_string}"},"query-input":{"@type":"PropertyValueSpecification","valueRequired":true,"valueName":"search_term_string"}}],"inLanguage":"fi"},{"@type":"Organization","@id":"https:\/\/miil.dev.almic.ee\/#organization","name":"Miil O\u00dc","url":"https:\/\/miil.dev.almic.ee\/","logo":{"@type":"ImageObject","inLanguage":"fi","@id":"https:\/\/miil.dev.almic.ee\/#\/schema\/logo\/image\/","url":"https:\/\/www.miil.ee\/wp-content\/uploads\/2022\/02\/Miil-logo.svg","contentUrl":"https:\/\/www.miil.ee\/wp-content\/uploads\/2022\/02\/Miil-logo.svg","width":"1024","height":"1024","caption":"Miil O\u00dc"},"image":{"@id":"https:\/\/miil.dev.almic.ee\/#\/schema\/logo\/image\/"},"sameAs":["https:\/\/www.facebook.com\/konteinerveod\/","https:\/\/www.instagram.com\/ou_miil\/"]}]},"product_price_amount":"220.00","product_price_currency":"EUR","og_availability":"instock","product_availability":"instock","product_condition":"new"},"_links":{"self":[{"href":"https:\/\/miil.dev.almic.ee\/fi\/wp-json\/wp\/v2\/product\/15683","targetHints":{"allow":["GET"]}}],"collection":[{"href":"https:\/\/miil.dev.almic.ee\/fi\/wp-json\/wp\/v2\/product"}],"about":[{"href":"https:\/\/miil.dev.almic.ee\/fi\/wp-json\/wp\/v2\/types\/product"}],"replies":[{"embeddable":true,"href":"https:\/\/miil.dev.almic.ee\/fi\/wp-json\/wp\/v2\/comments?post=15683"}],"wp:featuredmedia":[{"embeddable":true,"href":"https:\/\/miil.dev.almic.ee\/fi\/wp-json\/wp\/v2\/media\/2370"}],"wp:attachment":[{"href":"https:\/\/miil.dev.almic.ee\/fi\/wp-json\/wp\/v2\/media?parent=15683"}],"wp:term":[{"taxonomy":"product_cat","embeddable":true,"href":"https:\/\/miil.dev.almic.ee\/fi\/wp-json\/wp\/v2\/product_cat?post=15683"},{"taxonomy":"product_tag","embeddable":true,"href":"https:\/\/miil.dev.almic.ee\/fi\/wp-json\/wp\/v2\/product_tag?post=15683"}],"curies":[{"name":"wp","href":"https:\/\/api.w.org\/{rel}","templated":true}]}}