{"id":15675,"date":"2022-05-18T14:16:05","date_gmt":"2022-05-18T11:16:05","guid":{"rendered":"https:\/\/www.miil.ee\/toode\/7dc-uus-konteiner-hall-lukukaitse-miiu1500061-tartu-platsil\/"},"modified":"2025-03-06T15:56:34","modified_gmt":"2025-03-06T13:56:34","slug":"7dc-merikontti-miiu1500061-tartu","status":"publish","type":"product","link":"https:\/\/miil.dev.almic.ee\/fi\/toode\/7dc-merikontti-miiu1500061-tartu\/","title":{"rendered":"7\u2019DC merikontti MIIU1500061 &#8211; TARTU"},"content":{"rendered":"<h1>7\u2019DC merikontti MIIU1500061 &#8211; Merikonttien myynti Tartossa<\/h1>\n<p>7\u2019DC merikontti MIIU1500061 &#8211; Merikonttien myynti Tartossa.<br \/>\nTerminaalimme sijaitsevat suurimmissa kaupungeissa, joissa 6 metrin k\u00e4ytetyt kontit ovat aina saatavilla.<\/p>\n<p>Meilt\u00e4 ostamisen lis\u00e4ksi voit my\u00f6s vuokrata meilt\u00e4 merikontteja Tartossa.<br \/>\nMerikonttien vuokraaminen on hyv\u00e4 idea esimerkiksi meneill\u00e4\u00e4n olevan rakentamisen tai vajaan puuttuessa.<br \/>\nTuotevalikoimastamme l\u00f6ytyy konttien lis\u00e4ksi eristettyj\u00e4 m\u00f6kkej\u00e4, minitaloja ja m\u00f6kkej\u00e4.<br \/>\nTarton terminaalissa meill\u00e4 on laaja valikoima tuotteita, joihin voit tutustua paikan p\u00e4\u00e4ll\u00e4.<\/p>\n<p>Jos sinulla ei ole tilaa kontille, on mahdollisuus tuoda tavarat tiloissamme sijaitsevaan konttivarastoon valppaiden katseemme alla. Meill\u00e4 on konttivarastoja eri Viron kaupungeissa.<\/p>\n<h2>Merikonttien myynti Tartossa tai muualla Virossa.<\/h2>\n<p>Olemme perustaneet toimipisteemme ymp\u00e4ri Viroa niin, ett\u00e4 olemme l\u00e4hemp\u00e4n\u00e4 asiakasta.<br \/>\nTarton merikontit sijaitsevat osoitteessa T\u00e4he 114C ja porttia voi ohjata Tallinnan p\u00e4\u00e4konttoristamme.<br \/>\nJos haluat n\u00e4hd\u00e4 kontit Tarton terminaalissa, soita 57503328 niin avaamme portin sinulle ma-pe 8-18<\/p>\n<p><a href=\"https:\/\/www.miil.ee\/fi\/merekonteinerid\/uudet-kontit\/\">T\u00e4\u00e4ll\u00e4<\/a> on valikoima merikontteja.<br \/>\nMerikonttivuokraus sijaitsee <a href=\"https:\/\/www.miil.ee\/fi\/merekonteinerid\/vuokrakontit\/\">t\u00e4\u00e4ll\u00e4.<\/a><\/p>\n<h2>7\u2019DC merikontti MIIU1500061 \u2013 Kest\u00e4vi\u00e4 konttiratkaisuja.<\/h2>\n<p>Tuotteemme on suunniteltu kest\u00e4m\u00e4\u00e4n, myymiss\u00e4mme konteissa ja hytiss\u00e4 on CE-merkint\u00e4, joka osoittaa tuotteen t\u00e4ytt\u00e4v\u00e4n eurooppalaiset laatuvaatimukset.<br \/>\nAnnamme uusille merikonteille 50 vuoden s\u00e4\u00e4nkest\u00e4v\u00e4n takuun. Portaat, terassit tai muut metallituotteet valmistetaan laadukkaasta materiaalista, galvanoidaan ja tarvittaessa pulverimaalataan sopivaan s\u00e4vyyn.<br \/>\nAsentamoissamme rullaovissa on aina galvanoidut + jauhemaalatut palkit. Asiakas voi olla varma, ettemme tingi laadusta.<\/p>\n<h2>Uusi merikontti myynti 7&#8217;DC \u2013 Kuljetus ja nosto?<\/h2>\n<p>Sopivan kontin valinnan j\u00e4lkeen voimme hoitaa pakkaamisen ja kuljetuksen.<br \/>\nK\u00e4yt\u00e4mme kuljetukseen\u00a0<a href=\"https:\/\/www.miil.ee\/fi\/palvelut\/nosturi\/\">nosturia<\/a>\u00a0tai\u00a0<a href=\"https:\/\/www.miil.ee\/fi\/palvelut\/sideloader\/\">sideloader<\/a><br \/>\nmonimutkaisempi kuljetus on mahdollista\u00a0<a href=\"https:\/\/www.miil.ee\/fi\/palvelut\/ram-kippauslaite\/\">RAM per\u00e4vaunulla<\/a>.<br \/>\nKun olet ostanut sen, s\u00e4ilyt\u00e4mme konttisi terminaalissamme maksutta jopa kuusi kuukautta.<br \/>\nAina on mahdollista sopia pidemm\u00e4st\u00e4kin ajanjaksosta.<br \/>\nEsimerkiksi jos paikka ei ole viel\u00e4 valmis tai k\u00e4ytett\u00e4viss\u00e4 kontin toimittamiseksi.<br \/>\nT\u00e4ll\u00f6in kontin hinta ei muutu ja voit olla varma, ett\u00e4 saat valitun kontin sovittuna aikana.<\/p>\n<ul>\n<li>Parhaan hinnan takuu \u2013 teemme aina parhaan tarjouksen kontista.<\/li>\n<\/ul>\n<p>Seuraa meit\u00e4\u00a0<a href=\"https:\/\/www.facebook.com\/konteinerveod\/\">Facebook<\/a>\u00a0tai\u00a0<a href=\"https:\/\/www.instagram.com\/ou_miil\/\">Instagram<\/a><\/p>\n","protected":false},"excerpt":{"rendered":"<p>7\u2019DC merikontti on myynniss\u00e4 Tartossa, ja meilt\u00e4 voi ostaa tai vuokrata merikontteja. Tarjoamme kest\u00e4v\u00e4\u00e4 laatua, 50 vuoden s\u00e4\u00e4nkest\u00e4v\u00e4n takuun uusille konteille sek\u00e4 CE-merkityt tuotteet, ja asiakkaille on saatavilla parhaan hinnan takuu ja joustavat kuljetusratkaisut.<\/p>\n","protected":false},"featured_media":2343,"comment_status":"closed","ping_status":"closed","template":"","meta":{"_acf_changed":false},"product_cat":[355,439],"product_tag":[],"class_list":{"0":"post-15675","1":"product","2":"type-product","3":"status-publish","4":"has-post-thumbnail","6":"product_cat-uudet-kontit","7":"product_cat-7-21-metria","9":"first","10":"instock","11":"shipping-taxable","12":"purchasable","13":"product-type-simple"},"acf":[],"yoast_head":"<!-- This site is optimized with the Yoast SEO Premium plugin v23.9 (Yoast SEO v27.5) - https:\/\/yoast.com\/product\/yoast-seo-premium-wordpress\/ -->\n<title>7\u2019DC merikontti MIIU1500061 - TARTU - Miil O\u00dc<\/title>\n<meta name=\"description\" content=\"7\u2019DC merikontti | Containex myynti | Kontti Myynti | Merikontti myynti | Sideloader transport | The Best In Finland \u2b50\ufe0f\u2b50\ufe0f\u2b50\ufe0f\u2b50\ufe0f\u2b50\ufe0f\" \/>\n<meta name=\"robots\" content=\"index, follow, max-snippet:-1, max-image-preview:large, max-video-preview:-1\" \/>\n<link rel=\"canonical\" href=\"https:\/\/miil.dev.almic.ee\/fi\/toode\/7dc-merikontti-miiu1500061-tartu\/\" \/>\n<meta property=\"og:locale\" content=\"fi_FI\" \/>\n<meta property=\"og:type\" content=\"article\" \/>\n<meta property=\"og:title\" content=\"7\u2019DC merikontti MIIU1500061 - TARTU\" \/>\n<meta property=\"og:description\" content=\"7\u2019DC merikontti | Containex myynti | Kontti Myynti | Merikontti myynti | Sideloader transport | The Best In Finland \u2b50\ufe0f\u2b50\ufe0f\u2b50\ufe0f\u2b50\ufe0f\u2b50\ufe0f\" \/>\n<meta property=\"og:url\" content=\"https:\/\/miil.dev.almic.ee\/fi\/toode\/7dc-merikontti-miiu1500061-tartu\/\" \/>\n<meta property=\"og:site_name\" content=\"Miil O\u00dc\" \/>\n<meta property=\"article:publisher\" content=\"https:\/\/www.facebook.com\/konteinerveod\/\" \/>\n<meta property=\"article:modified_time\" content=\"2025-03-06T13:56:34+00:00\" \/>\n<meta property=\"og:image\" content=\"https:\/\/miil.dev.almic.ee\/wp-content\/uploads\/2022\/05\/konteiner-miil-2-4.png\" \/>\n\t<meta property=\"og:image:width\" content=\"624\" \/>\n\t<meta property=\"og:image:height\" content=\"561\" \/>\n\t<meta property=\"og:image:type\" content=\"image\/png\" \/>\n<meta name=\"twitter:card\" content=\"summary_large_image\" \/>\n<meta name=\"twitter:label1\" content=\"Hinta\" \/>\n\t<meta name=\"twitter:data1\" content=\"2340,00&nbsp;&euro;\" \/>\n\t<meta name=\"twitter:label2\" content=\"Saatavuus\" \/>\n\t<meta name=\"twitter:data2\" content=\"Varastossa\" \/>\n<script type=\"application\/ld+json\" class=\"yoast-schema-graph\">{\"@context\":\"https:\\\/\\\/schema.org\",\"@graph\":[{\"@type\":\"WebPage\",\"@id\":\"https:\\\/\\\/miil.dev.almic.ee\\\/fi\\\/toode\\\/7dc-merikontti-miiu1500061-tartu\\\/\",\"url\":\"https:\\\/\\\/miil.dev.almic.ee\\\/fi\\\/toode\\\/7dc-merikontti-miiu1500061-tartu\\\/\",\"name\":\"7\u2019DC merikontti MIIU1500061 - TARTU - Miil O\u00dc\",\"isPartOf\":{\"@id\":\"https:\\\/\\\/miil.dev.almic.ee\\\/#website\"},\"primaryImageOfPage\":{\"@id\":\"https:\\\/\\\/miil.dev.almic.ee\\\/fi\\\/toode\\\/7dc-merikontti-miiu1500061-tartu\\\/#primaryimage\"},\"image\":{\"@id\":\"https:\\\/\\\/miil.dev.almic.ee\\\/fi\\\/toode\\\/7dc-merikontti-miiu1500061-tartu\\\/#primaryimage\"},\"thumbnailUrl\":\"https:\\\/\\\/miil.dev.almic.ee\\\/wp-content\\\/uploads\\\/2022\\\/05\\\/konteiner-miil-2-4.png\",\"datePublished\":\"2022-05-18T11:16:05+00:00\",\"dateModified\":\"2025-03-06T13:56:34+00:00\",\"description\":\"7\u2019DC merikontti | Containex myynti | Kontti Myynti | Merikontti myynti | Sideloader transport | The Best In Finland \u2b50\ufe0f\u2b50\ufe0f\u2b50\ufe0f\u2b50\ufe0f\u2b50\ufe0f\",\"breadcrumb\":{\"@id\":\"https:\\\/\\\/miil.dev.almic.ee\\\/fi\\\/toode\\\/7dc-merikontti-miiu1500061-tartu\\\/#breadcrumb\"},\"inLanguage\":\"fi\",\"potentialAction\":[{\"@type\":\"ReadAction\",\"target\":[\"https:\\\/\\\/miil.dev.almic.ee\\\/fi\\\/toode\\\/7dc-merikontti-miiu1500061-tartu\\\/\"]}]},{\"@type\":\"ImageObject\",\"inLanguage\":\"fi\",\"@id\":\"https:\\\/\\\/miil.dev.almic.ee\\\/fi\\\/toode\\\/7dc-merikontti-miiu1500061-tartu\\\/#primaryimage\",\"url\":\"https:\\\/\\\/miil.dev.almic.ee\\\/wp-content\\\/uploads\\\/2022\\\/05\\\/konteiner-miil-2-4.png\",\"contentUrl\":\"https:\\\/\\\/miil.dev.almic.ee\\\/wp-content\\\/uploads\\\/2022\\\/05\\\/konteiner-miil-2-4.png\",\"width\":624,\"height\":561,\"caption\":\"Merekonteinerite m\u00fc\u00fck Tartus\"},{\"@type\":\"BreadcrumbList\",\"@id\":\"https:\\\/\\\/miil.dev.almic.ee\\\/fi\\\/toode\\\/7dc-merikontti-miiu1500061-tartu\\\/#breadcrumb\",\"itemListElement\":[{\"@type\":\"ListItem\",\"position\":1,\"name\":\"Home\",\"item\":\"https:\\\/\\\/miil.dev.almic.ee\\\/fi\\\/\"},{\"@type\":\"ListItem\",\"position\":2,\"name\":\"Kauppa\",\"item\":\"https:\\\/\\\/miil.dev.almic.ee\\\/fi\\\/kauppa\\\/\"},{\"@type\":\"ListItem\",\"position\":3,\"name\":\"7\u2019DC merikontti MIIU1500061 &#8211; TARTU\"}]},{\"@type\":\"WebSite\",\"@id\":\"https:\\\/\\\/miil.dev.almic.ee\\\/#website\",\"url\":\"https:\\\/\\\/miil.dev.almic.ee\\\/\",\"name\":\"Miil O\u00dc\",\"description\":\"Konteinerveod\",\"publisher\":{\"@id\":\"https:\\\/\\\/miil.dev.almic.ee\\\/#organization\"},\"potentialAction\":[{\"@type\":\"SearchAction\",\"target\":{\"@type\":\"EntryPoint\",\"urlTemplate\":\"https:\\\/\\\/miil.dev.almic.ee\\\/?s={search_term_string}\"},\"query-input\":{\"@type\":\"PropertyValueSpecification\",\"valueRequired\":true,\"valueName\":\"search_term_string\"}}],\"inLanguage\":\"fi\"},{\"@type\":\"Organization\",\"@id\":\"https:\\\/\\\/miil.dev.almic.ee\\\/#organization\",\"name\":\"Miil O\u00dc\",\"url\":\"https:\\\/\\\/miil.dev.almic.ee\\\/\",\"logo\":{\"@type\":\"ImageObject\",\"inLanguage\":\"fi\",\"@id\":\"https:\\\/\\\/miil.dev.almic.ee\\\/#\\\/schema\\\/logo\\\/image\\\/\",\"url\":\"https:\\\/\\\/www.miil.ee\\\/wp-content\\\/uploads\\\/2022\\\/02\\\/Miil-logo.svg\",\"contentUrl\":\"https:\\\/\\\/www.miil.ee\\\/wp-content\\\/uploads\\\/2022\\\/02\\\/Miil-logo.svg\",\"width\":\"1024\",\"height\":\"1024\",\"caption\":\"Miil O\u00dc\"},\"image\":{\"@id\":\"https:\\\/\\\/miil.dev.almic.ee\\\/#\\\/schema\\\/logo\\\/image\\\/\"},\"sameAs\":[\"https:\\\/\\\/www.facebook.com\\\/konteinerveod\\\/\",\"https:\\\/\\\/www.instagram.com\\\/ou_miil\\\/\"]}]}<\/script>\n<meta property=\"product:price:amount\" content=\"2340.00\" \/>\n<meta property=\"product:price:currency\" content=\"EUR\" \/>\n<meta property=\"og:availability\" content=\"instock\" \/>\n<meta property=\"product:availability\" content=\"instock\" \/>\n<meta property=\"product:retailer_item_id\" content=\"MIIU1500061\" \/>\n<meta property=\"product:condition\" content=\"new\" \/>\n<!-- \/ Yoast SEO Premium plugin. -->","yoast_head_json":{"title":"7\u2019DC merikontti MIIU1500061 - TARTU - Miil O\u00dc","description":"7\u2019DC merikontti | Containex myynti | Kontti Myynti | Merikontti myynti | Sideloader transport | The Best In Finland \u2b50\ufe0f\u2b50\ufe0f\u2b50\ufe0f\u2b50\ufe0f\u2b50\ufe0f","robots":{"index":"index","follow":"follow","max-snippet":"max-snippet:-1","max-image-preview":"max-image-preview:large","max-video-preview":"max-video-preview:-1"},"canonical":"https:\/\/miil.dev.almic.ee\/fi\/toode\/7dc-merikontti-miiu1500061-tartu\/","og_locale":"fi_FI","og_type":"article","og_title":"7\u2019DC merikontti MIIU1500061 - TARTU","og_description":"7\u2019DC merikontti | Containex myynti | Kontti Myynti | Merikontti myynti | Sideloader transport | The Best In Finland \u2b50\ufe0f\u2b50\ufe0f\u2b50\ufe0f\u2b50\ufe0f\u2b50\ufe0f","og_url":"https:\/\/miil.dev.almic.ee\/fi\/toode\/7dc-merikontti-miiu1500061-tartu\/","og_site_name":"Miil O\u00dc","article_publisher":"https:\/\/www.facebook.com\/konteinerveod\/","article_modified_time":"2025-03-06T13:56:34+00:00","og_image":[{"width":624,"height":561,"url":"https:\/\/miil.dev.almic.ee\/wp-content\/uploads\/2022\/05\/konteiner-miil-2-4.png","type":"image\/png"}],"twitter_card":"summary_large_image","twitter_misc":{"Hinta":"2340,00&nbsp;&euro;","Saatavuus":"Varastossa"},"schema":{"@context":"https:\/\/schema.org","@graph":[{"@type":"WebPage","@id":"https:\/\/miil.dev.almic.ee\/fi\/toode\/7dc-merikontti-miiu1500061-tartu\/","url":"https:\/\/miil.dev.almic.ee\/fi\/toode\/7dc-merikontti-miiu1500061-tartu\/","name":"7\u2019DC merikontti MIIU1500061 - TARTU - Miil O\u00dc","isPartOf":{"@id":"https:\/\/miil.dev.almic.ee\/#website"},"primaryImageOfPage":{"@id":"https:\/\/miil.dev.almic.ee\/fi\/toode\/7dc-merikontti-miiu1500061-tartu\/#primaryimage"},"image":{"@id":"https:\/\/miil.dev.almic.ee\/fi\/toode\/7dc-merikontti-miiu1500061-tartu\/#primaryimage"},"thumbnailUrl":"https:\/\/miil.dev.almic.ee\/wp-content\/uploads\/2022\/05\/konteiner-miil-2-4.png","datePublished":"2022-05-18T11:16:05+00:00","dateModified":"2025-03-06T13:56:34+00:00","description":"7\u2019DC merikontti | Containex myynti | Kontti Myynti | Merikontti myynti | Sideloader transport | The Best In Finland \u2b50\ufe0f\u2b50\ufe0f\u2b50\ufe0f\u2b50\ufe0f\u2b50\ufe0f","breadcrumb":{"@id":"https:\/\/miil.dev.almic.ee\/fi\/toode\/7dc-merikontti-miiu1500061-tartu\/#breadcrumb"},"inLanguage":"fi","potentialAction":[{"@type":"ReadAction","target":["https:\/\/miil.dev.almic.ee\/fi\/toode\/7dc-merikontti-miiu1500061-tartu\/"]}]},{"@type":"ImageObject","inLanguage":"fi","@id":"https:\/\/miil.dev.almic.ee\/fi\/toode\/7dc-merikontti-miiu1500061-tartu\/#primaryimage","url":"https:\/\/miil.dev.almic.ee\/wp-content\/uploads\/2022\/05\/konteiner-miil-2-4.png","contentUrl":"https:\/\/miil.dev.almic.ee\/wp-content\/uploads\/2022\/05\/konteiner-miil-2-4.png","width":624,"height":561,"caption":"Merekonteinerite m\u00fc\u00fck Tartus"},{"@type":"BreadcrumbList","@id":"https:\/\/miil.dev.almic.ee\/fi\/toode\/7dc-merikontti-miiu1500061-tartu\/#breadcrumb","itemListElement":[{"@type":"ListItem","position":1,"name":"Home","item":"https:\/\/miil.dev.almic.ee\/fi\/"},{"@type":"ListItem","position":2,"name":"Kauppa","item":"https:\/\/miil.dev.almic.ee\/fi\/kauppa\/"},{"@type":"ListItem","position":3,"name":"7\u2019DC merikontti MIIU1500061 &#8211; TARTU"}]},{"@type":"WebSite","@id":"https:\/\/miil.dev.almic.ee\/#website","url":"https:\/\/miil.dev.almic.ee\/","name":"Miil O\u00dc","description":"Konteinerveod","publisher":{"@id":"https:\/\/miil.dev.almic.ee\/#organization"},"potentialAction":[{"@type":"SearchAction","target":{"@type":"EntryPoint","urlTemplate":"https:\/\/miil.dev.almic.ee\/?s={search_term_string}"},"query-input":{"@type":"PropertyValueSpecification","valueRequired":true,"valueName":"search_term_string"}}],"inLanguage":"fi"},{"@type":"Organization","@id":"https:\/\/miil.dev.almic.ee\/#organization","name":"Miil O\u00dc","url":"https:\/\/miil.dev.almic.ee\/","logo":{"@type":"ImageObject","inLanguage":"fi","@id":"https:\/\/miil.dev.almic.ee\/#\/schema\/logo\/image\/","url":"https:\/\/www.miil.ee\/wp-content\/uploads\/2022\/02\/Miil-logo.svg","contentUrl":"https:\/\/www.miil.ee\/wp-content\/uploads\/2022\/02\/Miil-logo.svg","width":"1024","height":"1024","caption":"Miil O\u00dc"},"image":{"@id":"https:\/\/miil.dev.almic.ee\/#\/schema\/logo\/image\/"},"sameAs":["https:\/\/www.facebook.com\/konteinerveod\/","https:\/\/www.instagram.com\/ou_miil\/"]}]},"product_price_amount":"2340.00","product_price_currency":"EUR","og_availability":"instock","product_availability":"instock","product_retailer_item_id":"MIIU1500061","product_condition":"new"},"_links":{"self":[{"href":"https:\/\/miil.dev.almic.ee\/fi\/wp-json\/wp\/v2\/product\/15675","targetHints":{"allow":["GET"]}}],"collection":[{"href":"https:\/\/miil.dev.almic.ee\/fi\/wp-json\/wp\/v2\/product"}],"about":[{"href":"https:\/\/miil.dev.almic.ee\/fi\/wp-json\/wp\/v2\/types\/product"}],"replies":[{"embeddable":true,"href":"https:\/\/miil.dev.almic.ee\/fi\/wp-json\/wp\/v2\/comments?post=15675"}],"wp:featuredmedia":[{"embeddable":true,"href":"https:\/\/miil.dev.almic.ee\/fi\/wp-json\/wp\/v2\/media\/2343"}],"wp:attachment":[{"href":"https:\/\/miil.dev.almic.ee\/fi\/wp-json\/wp\/v2\/media?parent=15675"}],"wp:term":[{"taxonomy":"product_cat","embeddable":true,"href":"https:\/\/miil.dev.almic.ee\/fi\/wp-json\/wp\/v2\/product_cat?post=15675"},{"taxonomy":"product_tag","embeddable":true,"href":"https:\/\/miil.dev.almic.ee\/fi\/wp-json\/wp\/v2\/product_tag?post=15675"}],"curies":[{"name":"wp","href":"https:\/\/api.w.org\/{rel}","templated":true}]}}