{"id":15667,"date":"2022-05-18T14:16:06","date_gmt":"2022-05-18T11:16:06","guid":{"rendered":"https:\/\/www.miil.ee\/toode\/metallist-tsingitud-tasapinnaga-laud\/"},"modified":"2025-02-03T12:26:07","modified_gmt":"2025-02-03T10:26:07","slug":"metallipoyta","status":"publish","type":"product","link":"https:\/\/miil.dev.almic.ee\/fi\/toode\/metallipoyta\/","title":{"rendered":"Metallity\u00f6penkki"},"content":{"rendered":"<h2>Metallip\u00f6yt\u00e4 galvanoidulla pinnalla &#8211; kest\u00e4v\u00e4 ja tyylik\u00e4s huonekalu jokaiseen huoneeseen<\/h2>\n<p>Etsitk\u00f6 k\u00e4yt\u00e4nn\u00f6llist\u00e4 ja kest\u00e4v\u00e4\u00e4 huonekalua, joka sopisi t\u00e4ydellisesti eri huoneisiin? Esittelyss\u00e4 metallip\u00f6yt\u00e4mme galvanoidulla pinnalla &#8211; laadukas huonekalu, jossa yhdistyv\u00e4t kest\u00e4vyys, tyyli ja monipuolisuus.<\/p>\n<p>Metallip\u00f6yt\u00e4mme on valmistettu korkealaatuisesta galvanoidusta metallista, mik\u00e4 varmistaa sen kest\u00e4vyyden, korroosionkest\u00e4vyyden ja pitk\u00e4n k\u00e4ytt\u00f6i\u00e4n. P\u00f6yd\u00e4n pinta on tasainen ja kest\u00e4v\u00e4, mik\u00e4 tarjoaa mukavan ty\u00f6tason erilaisiin aktiviteetteihin. Sen vahva metallirakenne tarjoaa vakautta ja vankan pohjan jokap\u00e4iv\u00e4iseen k\u00e4ytt\u00f6\u00f6n.<\/p>\n<p>Metallisen galvanoidun p\u00f6yd\u00e4n monipuolisuus mahdollistaa sen k\u00e4yt\u00f6n erilaisissa tiloissa ja ymp\u00e4rist\u00f6iss\u00e4. Se sopii erinomaisesti kotitoimistoon, ty\u00f6pajaan, autotalliin, studioon tai liiketilaan. P\u00f6yd\u00e4ss\u00e4 on tyylik\u00e4s ja ajaton muotoilu, joka lis\u00e4\u00e4 modernia ja teollista ilmett\u00e4 huoneeseen.<\/p>\n<p><strong>Metallip\u00f6yt\u00e4 mitat:<\/strong><\/p>\n<ul>\n<li>Korkeus 80cm<\/li>\n<li>Pinta 80x150cm<\/li>\n<\/ul>\n<p>K\u00e4yt\u00e4nn\u00f6llisyytens\u00e4 ansiosta metallip\u00f6yt\u00e4 on monipuolinen huonekalu. Se voi olla t\u00e4ydellinen ty\u00f6p\u00f6yt\u00e4, luova alue, kokoonpanotaso, ty\u00f6- tai pakkausp\u00f6yt\u00e4 ja paljon muuta. Lis\u00e4ksi siin\u00e4 on riitt\u00e4v\u00e4sti tilaa erilaisten ty\u00f6v\u00e4lineiden, tietokoneiden tai koriste-esineiden sijoittamiseen.<\/p>\n<p>Metallisinkitty litte\u00e4 p\u00f6yt\u00e4mme on helppo huoltaa ja puhdistaa. Se s\u00e4ilytt\u00e4\u00e4 laatunsa ja ulkon\u00e4k\u00f6ns\u00e4 my\u00f6s pitk\u00e4aikaisessa k\u00e4yt\u00f6ss\u00e4. P\u00f6yt\u00e4 on k\u00e4ytt\u00f6valmis heti asennuksen j\u00e4lkeen ja on helppo koota ohjeen mukaan.<\/p>\n<p>Tilaa metallip\u00f6yt\u00e4si nettisivuiltamme MIIL.ee jo t\u00e4n\u00e4\u00e4n ja luo k\u00e4yt\u00e4nn\u00f6llinen ja tyylik\u00e4s ty\u00f6- tai luova ymp\u00e4rist\u00f6. Hinta on kilpailukykyinen ja laatu on taattu. Olemme tunnettuja luotettavista tuotteista ja ammattitaitoisesta asiakaspalvelusta.<\/p>\n<p>MIIL.ee &#8211; Luotettava kumppanisi kalusteille, merikonteille ja tarvikkeille. Tutustu laajaan tuotevalikoimaamme ja l\u00f6yd\u00e4 parhaat ratkaisut tarpeisiisi. Tiimimme on aina valmis auttamaan sinua ja tarjoamaan ammattitaitoista apua ja neuvoja ostoksesi suhteen.<\/p>\n<p>Katso muut saatavilla olevat lis\u00e4varusteet <a href=\"https:\/\/www.miil.ee\/fi\/merekonteinerid\/lisavarusteet\/\">t\u00e4\u00e4lt\u00e4!<\/a><\/p>\n<p>Seuraa meit\u00e4\u00a0<a href=\"https:\/\/www.facebook.com\/konteinerveod\/\">Facebook<\/a>\u00a0tai\u00a0<a href=\"https:\/\/www.instagram.com\/ou_miil\/\">Instagram<\/a><\/p>\n<p>Valitse kest\u00e4vyys, tyyli ja monipuolisuus &#8211; valitse metallisinkitty p\u00f6yt\u00e4 nettisivuiltamme <a href=\"http:\/\/miil.ee\">MIIL.ee<\/a>!<\/p>\n","protected":false},"excerpt":{"rendered":"<p>Metallity\u00f6penkki<\/p>\n","protected":false},"featured_media":86697,"comment_status":"closed","ping_status":"closed","template":"","meta":{"_acf_changed":false},"product_cat":[335],"product_tag":[],"class_list":{"0":"post-15667","1":"product","2":"type-product","3":"status-publish","4":"has-post-thumbnail","6":"product_cat-lisavarusteet","8":"first","9":"instock","10":"shipping-taxable","11":"purchasable","12":"product-type-simple"},"acf":[],"yoast_head":"<!-- This site is optimized with the Yoast SEO Premium plugin v23.9 (Yoast SEO v27.5) - https:\/\/yoast.com\/product\/yoast-seo-premium-wordpress\/ -->\n<title>Metallip\u00f6yt\u00e4 - Miil O\u00dc<\/title>\n<meta name=\"description\" content=\"Metallip\u00f6yt\u00e4 | Konttihuonekalut | varastointiratkaisut | Konttien vuokraus ja kuljetus | kuljetuskontin myynti | Toimistom\u00f6kit ja ulkok\u00e4ym\u00e4l\u00e4t\" \/>\n<meta name=\"robots\" content=\"index, follow, max-snippet:-1, max-image-preview:large, max-video-preview:-1\" \/>\n<link rel=\"canonical\" href=\"https:\/\/miil.dev.almic.ee\/fi\/toode\/metallipoyta\/\" \/>\n<meta property=\"og:locale\" content=\"fi_FI\" \/>\n<meta property=\"og:type\" content=\"article\" \/>\n<meta property=\"og:title\" content=\"Metallity\u00f6penkki\" \/>\n<meta property=\"og:description\" content=\"Metallip\u00f6yt\u00e4 | Konttihuonekalut | varastointiratkaisut | Konttien vuokraus ja kuljetus | kuljetuskontin myynti | Toimistom\u00f6kit ja ulkok\u00e4ym\u00e4l\u00e4t\" \/>\n<meta property=\"og:url\" content=\"https:\/\/miil.dev.almic.ee\/fi\/toode\/metallipoyta\/\" \/>\n<meta property=\"og:site_name\" content=\"Miil O\u00dc\" \/>\n<meta property=\"article:publisher\" content=\"https:\/\/www.facebook.com\/konteinerveod\/\" \/>\n<meta property=\"article:modified_time\" content=\"2025-02-03T10:26:07+00:00\" \/>\n<meta property=\"og:image\" content=\"https:\/\/miil.dev.almic.ee\/wp-content\/uploads\/2022\/05\/laud2.jpg\" \/>\n\t<meta property=\"og:image:width\" content=\"960\" \/>\n\t<meta property=\"og:image:height\" content=\"720\" \/>\n\t<meta property=\"og:image:type\" content=\"image\/jpeg\" \/>\n<meta name=\"twitter:card\" content=\"summary_large_image\" \/>\n<meta name=\"twitter:label1\" content=\"Hinta\" \/>\n\t<meta name=\"twitter:data1\" content=\"390,00&nbsp;&euro;\" \/>\n\t<meta name=\"twitter:label2\" content=\"Saatavuus\" \/>\n\t<meta name=\"twitter:data2\" content=\"Varastossa\" \/>\n<script type=\"application\/ld+json\" class=\"yoast-schema-graph\">{\"@context\":\"https:\\\/\\\/schema.org\",\"@graph\":[{\"@type\":\"WebPage\",\"@id\":\"https:\\\/\\\/miil.dev.almic.ee\\\/fi\\\/toode\\\/metallipoyta\\\/\",\"url\":\"https:\\\/\\\/miil.dev.almic.ee\\\/fi\\\/toode\\\/metallipoyta\\\/\",\"name\":\"Metallip\u00f6yt\u00e4 - Miil O\u00dc\",\"isPartOf\":{\"@id\":\"https:\\\/\\\/miil.dev.almic.ee\\\/#website\"},\"primaryImageOfPage\":{\"@id\":\"https:\\\/\\\/miil.dev.almic.ee\\\/fi\\\/toode\\\/metallipoyta\\\/#primaryimage\"},\"image\":{\"@id\":\"https:\\\/\\\/miil.dev.almic.ee\\\/fi\\\/toode\\\/metallipoyta\\\/#primaryimage\"},\"thumbnailUrl\":\"https:\\\/\\\/miil.dev.almic.ee\\\/wp-content\\\/uploads\\\/2022\\\/05\\\/laud2.jpg\",\"datePublished\":\"2022-05-18T11:16:06+00:00\",\"dateModified\":\"2025-02-03T10:26:07+00:00\",\"description\":\"Metallip\u00f6yt\u00e4 | Konttihuonekalut | varastointiratkaisut | Konttien vuokraus ja kuljetus | kuljetuskontin myynti | Toimistom\u00f6kit ja ulkok\u00e4ym\u00e4l\u00e4t\",\"breadcrumb\":{\"@id\":\"https:\\\/\\\/miil.dev.almic.ee\\\/fi\\\/toode\\\/metallipoyta\\\/#breadcrumb\"},\"inLanguage\":\"fi\",\"potentialAction\":[{\"@type\":\"ReadAction\",\"target\":[\"https:\\\/\\\/miil.dev.almic.ee\\\/fi\\\/toode\\\/metallipoyta\\\/\"]}]},{\"@type\":\"ImageObject\",\"inLanguage\":\"fi\",\"@id\":\"https:\\\/\\\/miil.dev.almic.ee\\\/fi\\\/toode\\\/metallipoyta\\\/#primaryimage\",\"url\":\"https:\\\/\\\/miil.dev.almic.ee\\\/wp-content\\\/uploads\\\/2022\\\/05\\\/laud2.jpg\",\"contentUrl\":\"https:\\\/\\\/miil.dev.almic.ee\\\/wp-content\\\/uploads\\\/2022\\\/05\\\/laud2.jpg\",\"width\":960,\"height\":720},{\"@type\":\"BreadcrumbList\",\"@id\":\"https:\\\/\\\/miil.dev.almic.ee\\\/fi\\\/toode\\\/metallipoyta\\\/#breadcrumb\",\"itemListElement\":[{\"@type\":\"ListItem\",\"position\":1,\"name\":\"Home\",\"item\":\"https:\\\/\\\/miil.dev.almic.ee\\\/fi\\\/\"},{\"@type\":\"ListItem\",\"position\":2,\"name\":\"Kauppa\",\"item\":\"https:\\\/\\\/miil.dev.almic.ee\\\/fi\\\/kauppa\\\/\"},{\"@type\":\"ListItem\",\"position\":3,\"name\":\"Metallity\u00f6penkki\"}]},{\"@type\":\"WebSite\",\"@id\":\"https:\\\/\\\/miil.dev.almic.ee\\\/#website\",\"url\":\"https:\\\/\\\/miil.dev.almic.ee\\\/\",\"name\":\"Miil O\u00dc\",\"description\":\"Konteinerveod\",\"publisher\":{\"@id\":\"https:\\\/\\\/miil.dev.almic.ee\\\/#organization\"},\"potentialAction\":[{\"@type\":\"SearchAction\",\"target\":{\"@type\":\"EntryPoint\",\"urlTemplate\":\"https:\\\/\\\/miil.dev.almic.ee\\\/?s={search_term_string}\"},\"query-input\":{\"@type\":\"PropertyValueSpecification\",\"valueRequired\":true,\"valueName\":\"search_term_string\"}}],\"inLanguage\":\"fi\"},{\"@type\":\"Organization\",\"@id\":\"https:\\\/\\\/miil.dev.almic.ee\\\/#organization\",\"name\":\"Miil O\u00dc\",\"url\":\"https:\\\/\\\/miil.dev.almic.ee\\\/\",\"logo\":{\"@type\":\"ImageObject\",\"inLanguage\":\"fi\",\"@id\":\"https:\\\/\\\/miil.dev.almic.ee\\\/#\\\/schema\\\/logo\\\/image\\\/\",\"url\":\"https:\\\/\\\/www.miil.ee\\\/wp-content\\\/uploads\\\/2022\\\/02\\\/Miil-logo.svg\",\"contentUrl\":\"https:\\\/\\\/www.miil.ee\\\/wp-content\\\/uploads\\\/2022\\\/02\\\/Miil-logo.svg\",\"width\":\"1024\",\"height\":\"1024\",\"caption\":\"Miil O\u00dc\"},\"image\":{\"@id\":\"https:\\\/\\\/miil.dev.almic.ee\\\/#\\\/schema\\\/logo\\\/image\\\/\"},\"sameAs\":[\"https:\\\/\\\/www.facebook.com\\\/konteinerveod\\\/\",\"https:\\\/\\\/www.instagram.com\\\/ou_miil\\\/\"]}]}<\/script>\n<meta property=\"product:price:amount\" content=\"390.00\" \/>\n<meta property=\"product:price:currency\" content=\"EUR\" \/>\n<meta property=\"og:availability\" content=\"instock\" \/>\n<meta property=\"product:availability\" content=\"instock\" \/>\n<meta property=\"product:condition\" content=\"new\" \/>\n<!-- \/ Yoast SEO Premium plugin. -->","yoast_head_json":{"title":"Metallip\u00f6yt\u00e4 - Miil O\u00dc","description":"Metallip\u00f6yt\u00e4 | Konttihuonekalut | varastointiratkaisut | Konttien vuokraus ja kuljetus | kuljetuskontin myynti | Toimistom\u00f6kit ja ulkok\u00e4ym\u00e4l\u00e4t","robots":{"index":"index","follow":"follow","max-snippet":"max-snippet:-1","max-image-preview":"max-image-preview:large","max-video-preview":"max-video-preview:-1"},"canonical":"https:\/\/miil.dev.almic.ee\/fi\/toode\/metallipoyta\/","og_locale":"fi_FI","og_type":"article","og_title":"Metallity\u00f6penkki","og_description":"Metallip\u00f6yt\u00e4 | Konttihuonekalut | varastointiratkaisut | Konttien vuokraus ja kuljetus | kuljetuskontin myynti | Toimistom\u00f6kit ja ulkok\u00e4ym\u00e4l\u00e4t","og_url":"https:\/\/miil.dev.almic.ee\/fi\/toode\/metallipoyta\/","og_site_name":"Miil O\u00dc","article_publisher":"https:\/\/www.facebook.com\/konteinerveod\/","article_modified_time":"2025-02-03T10:26:07+00:00","og_image":[{"width":960,"height":720,"url":"https:\/\/miil.dev.almic.ee\/wp-content\/uploads\/2022\/05\/laud2.jpg","type":"image\/jpeg"}],"twitter_card":"summary_large_image","twitter_misc":{"Hinta":"390,00&nbsp;&euro;","Saatavuus":"Varastossa"},"schema":{"@context":"https:\/\/schema.org","@graph":[{"@type":"WebPage","@id":"https:\/\/miil.dev.almic.ee\/fi\/toode\/metallipoyta\/","url":"https:\/\/miil.dev.almic.ee\/fi\/toode\/metallipoyta\/","name":"Metallip\u00f6yt\u00e4 - Miil O\u00dc","isPartOf":{"@id":"https:\/\/miil.dev.almic.ee\/#website"},"primaryImageOfPage":{"@id":"https:\/\/miil.dev.almic.ee\/fi\/toode\/metallipoyta\/#primaryimage"},"image":{"@id":"https:\/\/miil.dev.almic.ee\/fi\/toode\/metallipoyta\/#primaryimage"},"thumbnailUrl":"https:\/\/miil.dev.almic.ee\/wp-content\/uploads\/2022\/05\/laud2.jpg","datePublished":"2022-05-18T11:16:06+00:00","dateModified":"2025-02-03T10:26:07+00:00","description":"Metallip\u00f6yt\u00e4 | Konttihuonekalut | varastointiratkaisut | Konttien vuokraus ja kuljetus | kuljetuskontin myynti | Toimistom\u00f6kit ja ulkok\u00e4ym\u00e4l\u00e4t","breadcrumb":{"@id":"https:\/\/miil.dev.almic.ee\/fi\/toode\/metallipoyta\/#breadcrumb"},"inLanguage":"fi","potentialAction":[{"@type":"ReadAction","target":["https:\/\/miil.dev.almic.ee\/fi\/toode\/metallipoyta\/"]}]},{"@type":"ImageObject","inLanguage":"fi","@id":"https:\/\/miil.dev.almic.ee\/fi\/toode\/metallipoyta\/#primaryimage","url":"https:\/\/miil.dev.almic.ee\/wp-content\/uploads\/2022\/05\/laud2.jpg","contentUrl":"https:\/\/miil.dev.almic.ee\/wp-content\/uploads\/2022\/05\/laud2.jpg","width":960,"height":720},{"@type":"BreadcrumbList","@id":"https:\/\/miil.dev.almic.ee\/fi\/toode\/metallipoyta\/#breadcrumb","itemListElement":[{"@type":"ListItem","position":1,"name":"Home","item":"https:\/\/miil.dev.almic.ee\/fi\/"},{"@type":"ListItem","position":2,"name":"Kauppa","item":"https:\/\/miil.dev.almic.ee\/fi\/kauppa\/"},{"@type":"ListItem","position":3,"name":"Metallity\u00f6penkki"}]},{"@type":"WebSite","@id":"https:\/\/miil.dev.almic.ee\/#website","url":"https:\/\/miil.dev.almic.ee\/","name":"Miil O\u00dc","description":"Konteinerveod","publisher":{"@id":"https:\/\/miil.dev.almic.ee\/#organization"},"potentialAction":[{"@type":"SearchAction","target":{"@type":"EntryPoint","urlTemplate":"https:\/\/miil.dev.almic.ee\/?s={search_term_string}"},"query-input":{"@type":"PropertyValueSpecification","valueRequired":true,"valueName":"search_term_string"}}],"inLanguage":"fi"},{"@type":"Organization","@id":"https:\/\/miil.dev.almic.ee\/#organization","name":"Miil O\u00dc","url":"https:\/\/miil.dev.almic.ee\/","logo":{"@type":"ImageObject","inLanguage":"fi","@id":"https:\/\/miil.dev.almic.ee\/#\/schema\/logo\/image\/","url":"https:\/\/www.miil.ee\/wp-content\/uploads\/2022\/02\/Miil-logo.svg","contentUrl":"https:\/\/www.miil.ee\/wp-content\/uploads\/2022\/02\/Miil-logo.svg","width":"1024","height":"1024","caption":"Miil O\u00dc"},"image":{"@id":"https:\/\/miil.dev.almic.ee\/#\/schema\/logo\/image\/"},"sameAs":["https:\/\/www.facebook.com\/konteinerveod\/","https:\/\/www.instagram.com\/ou_miil\/"]}]},"product_price_amount":"390.00","product_price_currency":"EUR","og_availability":"instock","product_availability":"instock","product_condition":"new"},"_links":{"self":[{"href":"https:\/\/miil.dev.almic.ee\/fi\/wp-json\/wp\/v2\/product\/15667","targetHints":{"allow":["GET"]}}],"collection":[{"href":"https:\/\/miil.dev.almic.ee\/fi\/wp-json\/wp\/v2\/product"}],"about":[{"href":"https:\/\/miil.dev.almic.ee\/fi\/wp-json\/wp\/v2\/types\/product"}],"replies":[{"embeddable":true,"href":"https:\/\/miil.dev.almic.ee\/fi\/wp-json\/wp\/v2\/comments?post=15667"}],"wp:featuredmedia":[{"embeddable":true,"href":"https:\/\/miil.dev.almic.ee\/fi\/wp-json\/wp\/v2\/media\/86697"}],"wp:attachment":[{"href":"https:\/\/miil.dev.almic.ee\/fi\/wp-json\/wp\/v2\/media?parent=15667"}],"wp:term":[{"taxonomy":"product_cat","embeddable":true,"href":"https:\/\/miil.dev.almic.ee\/fi\/wp-json\/wp\/v2\/product_cat?post=15667"},{"taxonomy":"product_tag","embeddable":true,"href":"https:\/\/miil.dev.almic.ee\/fi\/wp-json\/wp\/v2\/product_tag?post=15667"}],"curies":[{"name":"wp","href":"https:\/\/api.w.org\/{rel}","templated":true}]}}