{"id":15663,"date":"2022-05-18T14:16:06","date_gmt":"2022-05-18T11:16:06","guid":{"rendered":"https:\/\/www.miil.ee\/toode\/metallist-kapp-tellimisel\/"},"modified":"2024-11-05T15:07:50","modified_gmt":"2024-11-05T13:07:50","slug":"metallinen-kaappi-2","status":"publish","type":"product","link":"https:\/\/miil.dev.almic.ee\/fi\/toode\/metallinen-kaappi-2\/","title":{"rendered":"Metallinen kaappi (harmaa)"},"content":{"rendered":"<h1>Metallikaappi (harmaa) &#8211; k\u00e4yt\u00e4nn\u00f6llinen ja katseenvangitsija ratkaisu tilan s\u00e4ilytykseen<\/h1>\n<p>Metallinen kaappi, joka lis\u00e4\u00e4 raikkautta ja j\u00e4rjestyst\u00e4 tilaan? Esittelemme sinulle harmaa v\u00e4risen metallikaappimme, t\u00e4ydellisen huonekalun, jossa yhdistyv\u00e4t k\u00e4yt\u00e4nn\u00f6llisyys, kest\u00e4vyys ja katseenvangitsija muotoilu yhdess\u00e4.<\/p>\n<p>Harmaa Metallinen kaappi on huomiota her\u00e4tt\u00e4v\u00e4 lis\u00e4 jokaiseen huoneeseen. Sininen v\u00e4ri antaa t\u00e4lle kaapille eloisan ja energisen ilmeen tuoden huoneeseen leikkisyytt\u00e4 ja persoonallisuutta. Olipa kyseess\u00e4 koti, toimisto, ty\u00f6paja tai liiketila, sininen metallikaappi luo silmiinpist\u00e4v\u00e4n ja mieleenpainuvan ymp\u00e4rist\u00f6n.<\/p>\n<p>Kaapin k\u00e4yt\u00e4nn\u00f6llisyys on yht\u00e4 t\u00e4rke\u00e4\u00e4. Siin\u00e4 on useita hyllyj\u00e4 ja laatikoita, jotka tarjoavat runsaasti s\u00e4ilytystilaa erilaisille tavaroille. J\u00e4rjest\u00e4 asiakirjat, toimistotarvikkeet, kirjat tai muut esineet k\u00e4tev\u00e4sti ja j\u00e4rjestyksess\u00e4. Lis\u00e4ksi kaapin ovet ovat lukittavia, mik\u00e4 takaa tavaroidesi turvallisen s\u00e4ilytyksen.<\/p>\n<p>Metallikaapin kest\u00e4vyys on erinomainen. Se on valmistettu korkealaatuisesta metallista, mik\u00e4 takaa sen lujuuden ja pitk\u00e4ik\u00e4isyyden. Laadukkaat materiaalit ja ammattitaito takaavat, ett\u00e4 harmaa metallikaappi palvelee sinua pitk\u00e4\u00e4n, s\u00e4ilytt\u00e4en samalla houkuttelevan ulkon\u00e4\u00f6n.<\/p>\n<p>Kaappi on helppo asentaa ja k\u00e4ytt\u00e4\u00e4. Se on varustettu mukavilla kahvoilla ja s\u00e4\u00e4dett\u00e4vill\u00e4 hyllyill\u00e4, joiden avulla voit mukauttaa kaapin sisustuksen tarpeidesi mukaan. Lis\u00e4ksi t\u00e4m\u00e4n kaapin takana on rei\u00e4t johdotusta varten, joten se on ihanteellinen elektronisten laitteiden, kuten tietokoneiden tai tulostimien, s\u00e4ilytykseen.<\/p>\n<p>Voit tilata harmaa\u00a0 metallikaapin helposti ja k\u00e4tev\u00e4sti MIIL.ee -sivustolta. Vieraile verkkosivuillamme ja valitse metallikaapit kategoriasta harmaa vaihtoehto. Tarjoamme kilpailukykyisen hinnan ja laadukkaan tuotteen, joka vastaa odotuksiasi. Lis\u00e4ksi ammattitaitoinen tiimimme on aina valmis auttamaan ja neuvomaan sinua.<\/p>\n<p>Tilaa harmaa metallikaappisi MIIL.ee:n nettisivuilta jo t\u00e4n\u00e4\u00e4n ja tee huoneistasi j\u00e4rjestyksess\u00e4 ja tyylikk\u00e4it\u00e4. Olemme tunnettuja luotettavista tuotteista ja erinomaisesta asiakaspalvelusta. Tutustu laajaan tuotevalikoimaamme ja l\u00f6yd\u00e4 paras ratkaisu tila- ja s\u00e4ilytystarpeisiisi!<\/p>\n<p>Katso muut saatavilla olevat lis\u00e4varusteet <a href=\"https:\/\/www.miil.ee\/fi\/merekonteinerid\/lisavarusteet\/\">t\u00e4\u00e4lt\u00e4!<\/a><\/p>\n<p>Seuraa meit\u00e4\u00a0<a href=\"https:\/\/www.facebook.com\/konteinerveod\/\">Facebook<\/a>\u00a0tai\u00a0<a href=\"https:\/\/www.instagram.com\/ou_miil\/\">Instagram<\/a><\/p>\n<p>&nbsp;<\/p>\n","protected":false},"excerpt":{"rendered":"<p>Metallinen kaappi<\/p>\n","protected":false},"featured_media":2375,"comment_status":"closed","ping_status":"closed","template":"","meta":{"_acf_changed":false},"product_cat":[335],"product_tag":[],"class_list":{"0":"post-15663","1":"product","2":"type-product","3":"status-publish","4":"has-post-thumbnail","6":"product_cat-lisavarusteet","8":"first","9":"instock","10":"shipping-taxable","11":"purchasable","12":"product-type-simple"},"acf":[],"yoast_head":"<!-- This site is optimized with the Yoast SEO Premium plugin v23.9 (Yoast SEO v27.5) - https:\/\/yoast.com\/product\/yoast-seo-premium-wordpress\/ -->\n<title>Metallinen kaappi (harmaa) - Miil O\u00dc<\/title>\n<meta name=\"description\" content=\"Metallinen kaappi (harmaa) | Metallinen kaappi | Konttihuonekalut | varastointiratkaisut | Konttien vuokraus ja kuljetus | kuljetuskontin myynti |\" \/>\n<meta name=\"robots\" content=\"index, follow, max-snippet:-1, max-image-preview:large, max-video-preview:-1\" \/>\n<link rel=\"canonical\" href=\"https:\/\/miil.dev.almic.ee\/fi\/toode\/metallinen-kaappi-2\/\" \/>\n<meta property=\"og:locale\" content=\"fi_FI\" \/>\n<meta property=\"og:type\" content=\"article\" \/>\n<meta property=\"og:title\" content=\"Metallinen kaappi (harmaa)\" \/>\n<meta property=\"og:description\" content=\"Metallinen kaappi (harmaa) | Metallinen kaappi | Konttihuonekalut | varastointiratkaisut | Konttien vuokraus ja kuljetus | kuljetuskontin myynti |\" \/>\n<meta property=\"og:url\" content=\"https:\/\/miil.dev.almic.ee\/fi\/toode\/metallinen-kaappi-2\/\" \/>\n<meta property=\"og:site_name\" content=\"Miil O\u00dc\" \/>\n<meta property=\"article:publisher\" content=\"https:\/\/www.facebook.com\/konteinerveod\/\" \/>\n<meta property=\"article:modified_time\" content=\"2024-11-05T13:07:50+00:00\" \/>\n<meta property=\"og:image\" content=\"https:\/\/miil.dev.almic.ee\/wp-content\/uploads\/2022\/05\/Kapp-eest.jpg\" \/>\n\t<meta property=\"og:image:width\" content=\"720\" \/>\n\t<meta property=\"og:image:height\" content=\"960\" \/>\n\t<meta property=\"og:image:type\" content=\"image\/jpeg\" \/>\n<meta name=\"twitter:card\" content=\"summary_large_image\" \/>\n<meta name=\"twitter:label1\" content=\"Hinta\" \/>\n\t<meta name=\"twitter:data1\" content=\"220,00&nbsp;&euro;\" \/>\n\t<meta name=\"twitter:label2\" content=\"Saatavuus\" \/>\n\t<meta name=\"twitter:data2\" content=\"Varastossa\" \/>\n<script type=\"application\/ld+json\" class=\"yoast-schema-graph\">{\"@context\":\"https:\\\/\\\/schema.org\",\"@graph\":[{\"@type\":\"WebPage\",\"@id\":\"https:\\\/\\\/miil.dev.almic.ee\\\/fi\\\/toode\\\/metallinen-kaappi-2\\\/\",\"url\":\"https:\\\/\\\/miil.dev.almic.ee\\\/fi\\\/toode\\\/metallinen-kaappi-2\\\/\",\"name\":\"Metallinen kaappi (harmaa) - Miil O\u00dc\",\"isPartOf\":{\"@id\":\"https:\\\/\\\/miil.dev.almic.ee\\\/#website\"},\"primaryImageOfPage\":{\"@id\":\"https:\\\/\\\/miil.dev.almic.ee\\\/fi\\\/toode\\\/metallinen-kaappi-2\\\/#primaryimage\"},\"image\":{\"@id\":\"https:\\\/\\\/miil.dev.almic.ee\\\/fi\\\/toode\\\/metallinen-kaappi-2\\\/#primaryimage\"},\"thumbnailUrl\":\"https:\\\/\\\/miil.dev.almic.ee\\\/wp-content\\\/uploads\\\/2022\\\/05\\\/Kapp-eest.jpg\",\"datePublished\":\"2022-05-18T11:16:06+00:00\",\"dateModified\":\"2024-11-05T13:07:50+00:00\",\"description\":\"Metallinen kaappi (harmaa) | Metallinen kaappi | Konttihuonekalut | varastointiratkaisut | Konttien vuokraus ja kuljetus | kuljetuskontin myynti |\",\"breadcrumb\":{\"@id\":\"https:\\\/\\\/miil.dev.almic.ee\\\/fi\\\/toode\\\/metallinen-kaappi-2\\\/#breadcrumb\"},\"inLanguage\":\"fi\",\"potentialAction\":[{\"@type\":\"ReadAction\",\"target\":[\"https:\\\/\\\/miil.dev.almic.ee\\\/fi\\\/toode\\\/metallinen-kaappi-2\\\/\"]}]},{\"@type\":\"ImageObject\",\"inLanguage\":\"fi\",\"@id\":\"https:\\\/\\\/miil.dev.almic.ee\\\/fi\\\/toode\\\/metallinen-kaappi-2\\\/#primaryimage\",\"url\":\"https:\\\/\\\/miil.dev.almic.ee\\\/wp-content\\\/uploads\\\/2022\\\/05\\\/Kapp-eest.jpg\",\"contentUrl\":\"https:\\\/\\\/miil.dev.almic.ee\\\/wp-content\\\/uploads\\\/2022\\\/05\\\/Kapp-eest.jpg\",\"width\":720,\"height\":960},{\"@type\":\"BreadcrumbList\",\"@id\":\"https:\\\/\\\/miil.dev.almic.ee\\\/fi\\\/toode\\\/metallinen-kaappi-2\\\/#breadcrumb\",\"itemListElement\":[{\"@type\":\"ListItem\",\"position\":1,\"name\":\"Home\",\"item\":\"https:\\\/\\\/miil.dev.almic.ee\\\/fi\\\/\"},{\"@type\":\"ListItem\",\"position\":2,\"name\":\"Kauppa\",\"item\":\"https:\\\/\\\/miil.dev.almic.ee\\\/fi\\\/kauppa\\\/\"},{\"@type\":\"ListItem\",\"position\":3,\"name\":\"Metallinen kaappi (harmaa)\"}]},{\"@type\":\"WebSite\",\"@id\":\"https:\\\/\\\/miil.dev.almic.ee\\\/#website\",\"url\":\"https:\\\/\\\/miil.dev.almic.ee\\\/\",\"name\":\"Miil O\u00dc\",\"description\":\"Konteinerveod\",\"publisher\":{\"@id\":\"https:\\\/\\\/miil.dev.almic.ee\\\/#organization\"},\"potentialAction\":[{\"@type\":\"SearchAction\",\"target\":{\"@type\":\"EntryPoint\",\"urlTemplate\":\"https:\\\/\\\/miil.dev.almic.ee\\\/?s={search_term_string}\"},\"query-input\":{\"@type\":\"PropertyValueSpecification\",\"valueRequired\":true,\"valueName\":\"search_term_string\"}}],\"inLanguage\":\"fi\"},{\"@type\":\"Organization\",\"@id\":\"https:\\\/\\\/miil.dev.almic.ee\\\/#organization\",\"name\":\"Miil O\u00dc\",\"url\":\"https:\\\/\\\/miil.dev.almic.ee\\\/\",\"logo\":{\"@type\":\"ImageObject\",\"inLanguage\":\"fi\",\"@id\":\"https:\\\/\\\/miil.dev.almic.ee\\\/#\\\/schema\\\/logo\\\/image\\\/\",\"url\":\"https:\\\/\\\/www.miil.ee\\\/wp-content\\\/uploads\\\/2022\\\/02\\\/Miil-logo.svg\",\"contentUrl\":\"https:\\\/\\\/www.miil.ee\\\/wp-content\\\/uploads\\\/2022\\\/02\\\/Miil-logo.svg\",\"width\":\"1024\",\"height\":\"1024\",\"caption\":\"Miil O\u00dc\"},\"image\":{\"@id\":\"https:\\\/\\\/miil.dev.almic.ee\\\/#\\\/schema\\\/logo\\\/image\\\/\"},\"sameAs\":[\"https:\\\/\\\/www.facebook.com\\\/konteinerveod\\\/\",\"https:\\\/\\\/www.instagram.com\\\/ou_miil\\\/\"]}]}<\/script>\n<meta property=\"product:price:amount\" content=\"220.00\" \/>\n<meta property=\"product:price:currency\" content=\"EUR\" \/>\n<meta property=\"og:availability\" content=\"instock\" \/>\n<meta property=\"product:availability\" content=\"instock\" \/>\n<meta property=\"product:condition\" content=\"new\" \/>\n<!-- \/ Yoast SEO Premium plugin. -->","yoast_head_json":{"title":"Metallinen kaappi (harmaa) - Miil O\u00dc","description":"Metallinen kaappi (harmaa) | Metallinen kaappi | Konttihuonekalut | varastointiratkaisut | Konttien vuokraus ja kuljetus | kuljetuskontin myynti |","robots":{"index":"index","follow":"follow","max-snippet":"max-snippet:-1","max-image-preview":"max-image-preview:large","max-video-preview":"max-video-preview:-1"},"canonical":"https:\/\/miil.dev.almic.ee\/fi\/toode\/metallinen-kaappi-2\/","og_locale":"fi_FI","og_type":"article","og_title":"Metallinen kaappi (harmaa)","og_description":"Metallinen kaappi (harmaa) | Metallinen kaappi | Konttihuonekalut | varastointiratkaisut | Konttien vuokraus ja kuljetus | kuljetuskontin myynti |","og_url":"https:\/\/miil.dev.almic.ee\/fi\/toode\/metallinen-kaappi-2\/","og_site_name":"Miil O\u00dc","article_publisher":"https:\/\/www.facebook.com\/konteinerveod\/","article_modified_time":"2024-11-05T13:07:50+00:00","og_image":[{"width":720,"height":960,"url":"https:\/\/miil.dev.almic.ee\/wp-content\/uploads\/2022\/05\/Kapp-eest.jpg","type":"image\/jpeg"}],"twitter_card":"summary_large_image","twitter_misc":{"Hinta":"220,00&nbsp;&euro;","Saatavuus":"Varastossa"},"schema":{"@context":"https:\/\/schema.org","@graph":[{"@type":"WebPage","@id":"https:\/\/miil.dev.almic.ee\/fi\/toode\/metallinen-kaappi-2\/","url":"https:\/\/miil.dev.almic.ee\/fi\/toode\/metallinen-kaappi-2\/","name":"Metallinen kaappi (harmaa) - Miil O\u00dc","isPartOf":{"@id":"https:\/\/miil.dev.almic.ee\/#website"},"primaryImageOfPage":{"@id":"https:\/\/miil.dev.almic.ee\/fi\/toode\/metallinen-kaappi-2\/#primaryimage"},"image":{"@id":"https:\/\/miil.dev.almic.ee\/fi\/toode\/metallinen-kaappi-2\/#primaryimage"},"thumbnailUrl":"https:\/\/miil.dev.almic.ee\/wp-content\/uploads\/2022\/05\/Kapp-eest.jpg","datePublished":"2022-05-18T11:16:06+00:00","dateModified":"2024-11-05T13:07:50+00:00","description":"Metallinen kaappi (harmaa) | Metallinen kaappi | Konttihuonekalut | varastointiratkaisut | Konttien vuokraus ja kuljetus | kuljetuskontin myynti |","breadcrumb":{"@id":"https:\/\/miil.dev.almic.ee\/fi\/toode\/metallinen-kaappi-2\/#breadcrumb"},"inLanguage":"fi","potentialAction":[{"@type":"ReadAction","target":["https:\/\/miil.dev.almic.ee\/fi\/toode\/metallinen-kaappi-2\/"]}]},{"@type":"ImageObject","inLanguage":"fi","@id":"https:\/\/miil.dev.almic.ee\/fi\/toode\/metallinen-kaappi-2\/#primaryimage","url":"https:\/\/miil.dev.almic.ee\/wp-content\/uploads\/2022\/05\/Kapp-eest.jpg","contentUrl":"https:\/\/miil.dev.almic.ee\/wp-content\/uploads\/2022\/05\/Kapp-eest.jpg","width":720,"height":960},{"@type":"BreadcrumbList","@id":"https:\/\/miil.dev.almic.ee\/fi\/toode\/metallinen-kaappi-2\/#breadcrumb","itemListElement":[{"@type":"ListItem","position":1,"name":"Home","item":"https:\/\/miil.dev.almic.ee\/fi\/"},{"@type":"ListItem","position":2,"name":"Kauppa","item":"https:\/\/miil.dev.almic.ee\/fi\/kauppa\/"},{"@type":"ListItem","position":3,"name":"Metallinen kaappi (harmaa)"}]},{"@type":"WebSite","@id":"https:\/\/miil.dev.almic.ee\/#website","url":"https:\/\/miil.dev.almic.ee\/","name":"Miil O\u00dc","description":"Konteinerveod","publisher":{"@id":"https:\/\/miil.dev.almic.ee\/#organization"},"potentialAction":[{"@type":"SearchAction","target":{"@type":"EntryPoint","urlTemplate":"https:\/\/miil.dev.almic.ee\/?s={search_term_string}"},"query-input":{"@type":"PropertyValueSpecification","valueRequired":true,"valueName":"search_term_string"}}],"inLanguage":"fi"},{"@type":"Organization","@id":"https:\/\/miil.dev.almic.ee\/#organization","name":"Miil O\u00dc","url":"https:\/\/miil.dev.almic.ee\/","logo":{"@type":"ImageObject","inLanguage":"fi","@id":"https:\/\/miil.dev.almic.ee\/#\/schema\/logo\/image\/","url":"https:\/\/www.miil.ee\/wp-content\/uploads\/2022\/02\/Miil-logo.svg","contentUrl":"https:\/\/www.miil.ee\/wp-content\/uploads\/2022\/02\/Miil-logo.svg","width":"1024","height":"1024","caption":"Miil O\u00dc"},"image":{"@id":"https:\/\/miil.dev.almic.ee\/#\/schema\/logo\/image\/"},"sameAs":["https:\/\/www.facebook.com\/konteinerveod\/","https:\/\/www.instagram.com\/ou_miil\/"]}]},"product_price_amount":"220.00","product_price_currency":"EUR","og_availability":"instock","product_availability":"instock","product_condition":"new"},"_links":{"self":[{"href":"https:\/\/miil.dev.almic.ee\/fi\/wp-json\/wp\/v2\/product\/15663","targetHints":{"allow":["GET"]}}],"collection":[{"href":"https:\/\/miil.dev.almic.ee\/fi\/wp-json\/wp\/v2\/product"}],"about":[{"href":"https:\/\/miil.dev.almic.ee\/fi\/wp-json\/wp\/v2\/types\/product"}],"replies":[{"embeddable":true,"href":"https:\/\/miil.dev.almic.ee\/fi\/wp-json\/wp\/v2\/comments?post=15663"}],"wp:featuredmedia":[{"embeddable":true,"href":"https:\/\/miil.dev.almic.ee\/fi\/wp-json\/wp\/v2\/media\/2375"}],"wp:attachment":[{"href":"https:\/\/miil.dev.almic.ee\/fi\/wp-json\/wp\/v2\/media?parent=15663"}],"wp:term":[{"taxonomy":"product_cat","embeddable":true,"href":"https:\/\/miil.dev.almic.ee\/fi\/wp-json\/wp\/v2\/product_cat?post=15663"},{"taxonomy":"product_tag","embeddable":true,"href":"https:\/\/miil.dev.almic.ee\/fi\/wp-json\/wp\/v2\/product_tag?post=15663"}],"curies":[{"name":"wp","href":"https:\/\/api.w.org\/{rel}","templated":true}]}}