{"id":15659,"date":"2022-05-18T14:16:07","date_gmt":"2022-05-18T11:16:07","guid":{"rendered":"https:\/\/www.miil.ee\/toode\/perfotahvel-koos-vidinatega\/"},"modified":"2024-12-19T09:12:25","modified_gmt":"2024-12-19T07:12:25","slug":"tyokaluseina","status":"publish","type":"product","link":"https:\/\/miil.dev.almic.ee\/fi\/toode\/tyokaluseina\/","title":{"rendered":"Ty\u00f6kalun sein\u00e4"},"content":{"rendered":"<p>Ty\u00f6kalusein\u00e4 on omistettu, organisoitu s\u00e4ilytysj\u00e4rjestelm\u00e4, joka muuttaa usein sotkuisen ty\u00f6tilan tehokkaaksi ja virtaviivaiseksi ymp\u00e4rist\u00f6ksi. Se k\u00e4ytt\u00e4\u00e4 pystysuoraa tilaa ty\u00f6kalujen ja laitteiden s\u00e4ilytt\u00e4miseen, mik\u00e4 varmistaa, ett\u00e4 ne ovat helposti saatavilla ja siististi j\u00e4rjestetty. Ty\u00f6kalujen sein\u00e4t ovat yleisi\u00e4 ty\u00f6pajoissa, autotalleissa ja askarteluhuoneissa. Suunniteltu ammattilaisille ja harrastajille, jotta he voivat pit\u00e4\u00e4 ty\u00f6kalunsa k\u00e4den ulottuvilla ja samalla s\u00e4ilytt\u00e4\u00e4 puhtaan ja j\u00e4rjestyksess\u00e4 tilan.<\/p>\n<h2>J\u00e4rjest\u00e4 aitasi!<\/h2>\n<p>Ty\u00f6kalusein\u00e4n ensisijainen tarkoitus on parantaa organisaatiota. Kun ty\u00f6kalut on ripustettu tai j\u00e4rjestetty sein\u00e4lle, ne ovat visuaalisesti saavutettavissa. Ty\u00f6kalusein\u00e4n avulla on helppo l\u00f6yt\u00e4\u00e4 tarvitsemasi. Sen sijaan, ett\u00e4 kaivaisit laatikoiden tai laatikoiden l\u00e4pi, voit nopeasti tunnistaa ja tarttua ty\u00f6h\u00f6n oikean ty\u00f6kalun. T\u00e4m\u00e4 l\u00e4hestymistapa s\u00e4\u00e4st\u00e4\u00e4 aikaa, v\u00e4hent\u00e4\u00e4 turhautumista ja tekee ty\u00f6tilasta tehokkaamman.<\/p>\n<p>Lis\u00e4ksi pegboard lis\u00e4\u00e4 turvallisuutta. Kun ty\u00f6kalut n\u00e4ytet\u00e4\u00e4n oikein, voit v\u00e4ltt\u00e4\u00e4 sotkusta tai v\u00e4\u00e4rin sijoitetuista esineist\u00e4 aiheutuvat onnettomuudet. Pit\u00e4m\u00e4ll\u00e4 ty\u00f6kalut poissa ty\u00f6p\u00f6yd\u00e4lt\u00e4 tai lattialta varmistat turvallisemman ymp\u00e4rist\u00f6n lis\u00e4ksi my\u00f6s v\u00e4ltt\u00e4m\u00e4tt\u00f6mien laitteiden katoamisen riskin.<\/p>\n<h2>Hy\u00f6dynn\u00e4 tilaa!<\/h2>\n<p>Tilank\u00e4yt\u00f6n kannalta ty\u00f6kalusein\u00e4 hy\u00f6dynt\u00e4\u00e4 sein\u00e4pinta-alaa j\u00e4tt\u00e4en ty\u00f6p\u00f6yd\u00e4t ja lattiat vapaaksi aktiivisiin teht\u00e4viin. T\u00e4m\u00e4 on erityisen arvokasta pieniss\u00e4 tiloissa, joissa k\u00e4ytett\u00e4viss\u00e4 olevan alueen jokaisen sentin maksimointi on ratkaisevan t\u00e4rke\u00e4\u00e4.<\/p>\n<p>Pegboardin joustavuus tarkoittaa my\u00f6s sit\u00e4, ett\u00e4 se voidaan helposti r\u00e4\u00e4t\u00e4l\u00f6id\u00e4 erilaisiin tarpeisiin. Olitpa j\u00e4rjest\u00e4m\u00e4ss\u00e4 k\u00e4sity\u00f6kaluja tai s\u00e4hk\u00f6ty\u00f6kaluja, asettelu voidaan mukauttaa tarpeidesi mukaan. Kun ty\u00f6kaluvalikoimasi kasvaa, voit laajentaa ty\u00f6kalusein\u00e4\u00e4 vastaavasti, mik\u00e4 tekee siit\u00e4 mukautuvan s\u00e4ilytysratkaisun.<\/p>\n<p>Kaiken kaikkiaan ty\u00f6kalusein\u00e4 tarjoaa tehokkaan tavan s\u00e4ilytt\u00e4\u00e4, k\u00e4ytt\u00e4\u00e4 ja huoltaa ty\u00f6kaluja pit\u00e4en samalla ty\u00f6tilasi siistin\u00e4, toimivana ja turvallisena. J\u00e4rjest\u00e4m\u00e4ll\u00e4 ty\u00f6kalusi sein\u00e4lle luot ymp\u00e4rist\u00f6n, jossa kaikella on paikkansa, jolloin voit keskitty\u00e4 k\u00e4sill\u00e4 oleviin teht\u00e4viin.<\/p>\n<p><strong>Osta nyt, maksa my\u00f6hemmin<\/strong> -vaihtoehto saatavilla:<\/p>\n<ul>\n<li>Yksityisasiakkaille kumppanimme <a href=\"https:\/\/inbank.ee\/laen\/vaikelaen\">Inbank.ee<\/a>:n kautta viitekoodilla KONTEINER.<\/li>\n<li>Yritysasiakkaille yhteisty\u00f6kumppanimme <a href=\"https:\/\/tenor.my.canva.site\/tenor-miil\">Tenor.ee<\/a> kautta<\/li>\n<\/ul>\n<p>Seuraa meit\u00e4 <a href=\"https:\/\/www.facebook.com\/konteinerveod\/\">Facebookissa<\/a><span> <\/span>tai <a href=\"https:\/\/www.instagram.com\/ou_miil\/\">Instagramissa<\/a>.<\/p>\n","protected":false},"excerpt":{"rendered":"<p>Ty\u00f6kalun sein\u00e4<\/p>\n","protected":false},"featured_media":2400,"comment_status":"closed","ping_status":"closed","template":"","meta":{"_acf_changed":false},"product_cat":[335],"product_tag":[],"class_list":{"0":"post-15659","1":"product","2":"type-product","3":"status-publish","4":"has-post-thumbnail","6":"product_cat-lisavarusteet","8":"first","9":"instock","10":"shipping-taxable","11":"purchasable","12":"product-type-simple"},"acf":[],"yoast_head":"<!-- This site is optimized with the Yoast SEO Premium plugin v23.9 (Yoast SEO v27.5) - https:\/\/yoast.com\/product\/yoast-seo-premium-wordpress\/ -->\n<title>Ty\u00f6kalusein\u00e4 - Miil O\u00dc<\/title>\n<meta name=\"description\" content=\"Ty\u00f6kalusein\u00e4 | Ty\u00f6kalu sein\u00e4 | J\u00e4rjestetty aitta | Ty\u00f6kalujen s\u00e4ilytys | Ty\u00f6kalut sein\u00e4lle \ud83d\udee0\ufe0f | Tarvikkeet autotalliin \ud83e\ude9a \ud83d\udd27 \ud83e\ude9b | Aidan tarvikkeet \ud83e\ude93 |\ufe0f\" \/>\n<meta name=\"robots\" content=\"index, follow, max-snippet:-1, max-image-preview:large, max-video-preview:-1\" \/>\n<link rel=\"canonical\" href=\"https:\/\/miil.dev.almic.ee\/fi\/toode\/tyokaluseina\/\" \/>\n<meta property=\"og:locale\" content=\"fi_FI\" \/>\n<meta property=\"og:type\" content=\"article\" \/>\n<meta property=\"og:title\" content=\"Ty\u00f6kalun sein\u00e4\" \/>\n<meta property=\"og:description\" content=\"Ty\u00f6kalusein\u00e4 | Ty\u00f6kalu sein\u00e4 | J\u00e4rjestetty aitta | Ty\u00f6kalujen s\u00e4ilytys | Ty\u00f6kalut sein\u00e4lle \ud83d\udee0\ufe0f | Tarvikkeet autotalliin \ud83e\ude9a \ud83d\udd27 \ud83e\ude9b | Aidan tarvikkeet \ud83e\ude93 |\ufe0f\" \/>\n<meta property=\"og:url\" content=\"https:\/\/miil.dev.almic.ee\/fi\/toode\/tyokaluseina\/\" \/>\n<meta property=\"og:site_name\" content=\"Miil O\u00dc\" \/>\n<meta property=\"article:publisher\" content=\"https:\/\/www.facebook.com\/konteinerveod\/\" \/>\n<meta property=\"article:modified_time\" content=\"2024-12-19T07:12:25+00:00\" \/>\n<meta property=\"og:image\" content=\"https:\/\/miil.dev.almic.ee\/wp-content\/uploads\/2022\/05\/prefotahvel.jpg\" \/>\n\t<meta property=\"og:image:width\" content=\"960\" \/>\n\t<meta property=\"og:image:height\" content=\"720\" \/>\n\t<meta property=\"og:image:type\" content=\"image\/jpeg\" \/>\n<meta name=\"twitter:card\" content=\"summary_large_image\" \/>\n<meta name=\"twitter:label1\" content=\"Hinta\" \/>\n\t<meta name=\"twitter:data1\" content=\"240,00&nbsp;&euro;\" \/>\n\t<meta name=\"twitter:label2\" content=\"Saatavuus\" \/>\n\t<meta name=\"twitter:data2\" content=\"Varastossa\" \/>\n<script type=\"application\/ld+json\" class=\"yoast-schema-graph\">{\"@context\":\"https:\\\/\\\/schema.org\",\"@graph\":[{\"@type\":\"WebPage\",\"@id\":\"https:\\\/\\\/miil.dev.almic.ee\\\/fi\\\/toode\\\/tyokaluseina\\\/\",\"url\":\"https:\\\/\\\/miil.dev.almic.ee\\\/fi\\\/toode\\\/tyokaluseina\\\/\",\"name\":\"Ty\u00f6kalusein\u00e4 - Miil O\u00dc\",\"isPartOf\":{\"@id\":\"https:\\\/\\\/miil.dev.almic.ee\\\/#website\"},\"primaryImageOfPage\":{\"@id\":\"https:\\\/\\\/miil.dev.almic.ee\\\/fi\\\/toode\\\/tyokaluseina\\\/#primaryimage\"},\"image\":{\"@id\":\"https:\\\/\\\/miil.dev.almic.ee\\\/fi\\\/toode\\\/tyokaluseina\\\/#primaryimage\"},\"thumbnailUrl\":\"https:\\\/\\\/miil.dev.almic.ee\\\/wp-content\\\/uploads\\\/2022\\\/05\\\/prefotahvel.jpg\",\"datePublished\":\"2022-05-18T11:16:07+00:00\",\"dateModified\":\"2024-12-19T07:12:25+00:00\",\"description\":\"Ty\u00f6kalusein\u00e4 | Ty\u00f6kalu sein\u00e4 | J\u00e4rjestetty aitta | Ty\u00f6kalujen s\u00e4ilytys | Ty\u00f6kalut sein\u00e4lle \ud83d\udee0\ufe0f | Tarvikkeet autotalliin \ud83e\ude9a \ud83d\udd27 \ud83e\ude9b | Aidan tarvikkeet \ud83e\ude93 |\ufe0f\",\"breadcrumb\":{\"@id\":\"https:\\\/\\\/miil.dev.almic.ee\\\/fi\\\/toode\\\/tyokaluseina\\\/#breadcrumb\"},\"inLanguage\":\"fi\",\"potentialAction\":[{\"@type\":\"ReadAction\",\"target\":[\"https:\\\/\\\/miil.dev.almic.ee\\\/fi\\\/toode\\\/tyokaluseina\\\/\"]}]},{\"@type\":\"ImageObject\",\"inLanguage\":\"fi\",\"@id\":\"https:\\\/\\\/miil.dev.almic.ee\\\/fi\\\/toode\\\/tyokaluseina\\\/#primaryimage\",\"url\":\"https:\\\/\\\/miil.dev.almic.ee\\\/wp-content\\\/uploads\\\/2022\\\/05\\\/prefotahvel.jpg\",\"contentUrl\":\"https:\\\/\\\/miil.dev.almic.ee\\\/wp-content\\\/uploads\\\/2022\\\/05\\\/prefotahvel.jpg\",\"width\":960,\"height\":720},{\"@type\":\"BreadcrumbList\",\"@id\":\"https:\\\/\\\/miil.dev.almic.ee\\\/fi\\\/toode\\\/tyokaluseina\\\/#breadcrumb\",\"itemListElement\":[{\"@type\":\"ListItem\",\"position\":1,\"name\":\"Home\",\"item\":\"https:\\\/\\\/miil.dev.almic.ee\\\/fi\\\/\"},{\"@type\":\"ListItem\",\"position\":2,\"name\":\"Kauppa\",\"item\":\"https:\\\/\\\/miil.dev.almic.ee\\\/fi\\\/kauppa\\\/\"},{\"@type\":\"ListItem\",\"position\":3,\"name\":\"Ty\u00f6kalun sein\u00e4\"}]},{\"@type\":\"WebSite\",\"@id\":\"https:\\\/\\\/miil.dev.almic.ee\\\/#website\",\"url\":\"https:\\\/\\\/miil.dev.almic.ee\\\/\",\"name\":\"Miil O\u00dc\",\"description\":\"Konteinerveod\",\"publisher\":{\"@id\":\"https:\\\/\\\/miil.dev.almic.ee\\\/#organization\"},\"potentialAction\":[{\"@type\":\"SearchAction\",\"target\":{\"@type\":\"EntryPoint\",\"urlTemplate\":\"https:\\\/\\\/miil.dev.almic.ee\\\/?s={search_term_string}\"},\"query-input\":{\"@type\":\"PropertyValueSpecification\",\"valueRequired\":true,\"valueName\":\"search_term_string\"}}],\"inLanguage\":\"fi\"},{\"@type\":\"Organization\",\"@id\":\"https:\\\/\\\/miil.dev.almic.ee\\\/#organization\",\"name\":\"Miil O\u00dc\",\"url\":\"https:\\\/\\\/miil.dev.almic.ee\\\/\",\"logo\":{\"@type\":\"ImageObject\",\"inLanguage\":\"fi\",\"@id\":\"https:\\\/\\\/miil.dev.almic.ee\\\/#\\\/schema\\\/logo\\\/image\\\/\",\"url\":\"https:\\\/\\\/www.miil.ee\\\/wp-content\\\/uploads\\\/2022\\\/02\\\/Miil-logo.svg\",\"contentUrl\":\"https:\\\/\\\/www.miil.ee\\\/wp-content\\\/uploads\\\/2022\\\/02\\\/Miil-logo.svg\",\"width\":\"1024\",\"height\":\"1024\",\"caption\":\"Miil O\u00dc\"},\"image\":{\"@id\":\"https:\\\/\\\/miil.dev.almic.ee\\\/#\\\/schema\\\/logo\\\/image\\\/\"},\"sameAs\":[\"https:\\\/\\\/www.facebook.com\\\/konteinerveod\\\/\",\"https:\\\/\\\/www.instagram.com\\\/ou_miil\\\/\"]}]}<\/script>\n<meta property=\"product:price:amount\" content=\"240.00\" \/>\n<meta property=\"product:price:currency\" content=\"EUR\" \/>\n<meta property=\"og:availability\" content=\"instock\" \/>\n<meta property=\"product:availability\" content=\"instock\" \/>\n<meta property=\"product:condition\" content=\"new\" \/>\n<!-- \/ Yoast SEO Premium plugin. -->","yoast_head_json":{"title":"Ty\u00f6kalusein\u00e4 - Miil O\u00dc","description":"Ty\u00f6kalusein\u00e4 | Ty\u00f6kalu sein\u00e4 | J\u00e4rjestetty aitta | Ty\u00f6kalujen s\u00e4ilytys | Ty\u00f6kalut sein\u00e4lle \ud83d\udee0\ufe0f | Tarvikkeet autotalliin \ud83e\ude9a \ud83d\udd27 \ud83e\ude9b | Aidan tarvikkeet \ud83e\ude93 |\ufe0f","robots":{"index":"index","follow":"follow","max-snippet":"max-snippet:-1","max-image-preview":"max-image-preview:large","max-video-preview":"max-video-preview:-1"},"canonical":"https:\/\/miil.dev.almic.ee\/fi\/toode\/tyokaluseina\/","og_locale":"fi_FI","og_type":"article","og_title":"Ty\u00f6kalun sein\u00e4","og_description":"Ty\u00f6kalusein\u00e4 | Ty\u00f6kalu sein\u00e4 | J\u00e4rjestetty aitta | Ty\u00f6kalujen s\u00e4ilytys | Ty\u00f6kalut sein\u00e4lle \ud83d\udee0\ufe0f | Tarvikkeet autotalliin \ud83e\ude9a \ud83d\udd27 \ud83e\ude9b | Aidan tarvikkeet \ud83e\ude93 |\ufe0f","og_url":"https:\/\/miil.dev.almic.ee\/fi\/toode\/tyokaluseina\/","og_site_name":"Miil O\u00dc","article_publisher":"https:\/\/www.facebook.com\/konteinerveod\/","article_modified_time":"2024-12-19T07:12:25+00:00","og_image":[{"width":960,"height":720,"url":"https:\/\/miil.dev.almic.ee\/wp-content\/uploads\/2022\/05\/prefotahvel.jpg","type":"image\/jpeg"}],"twitter_card":"summary_large_image","twitter_misc":{"Hinta":"240,00&nbsp;&euro;","Saatavuus":"Varastossa"},"schema":{"@context":"https:\/\/schema.org","@graph":[{"@type":"WebPage","@id":"https:\/\/miil.dev.almic.ee\/fi\/toode\/tyokaluseina\/","url":"https:\/\/miil.dev.almic.ee\/fi\/toode\/tyokaluseina\/","name":"Ty\u00f6kalusein\u00e4 - Miil O\u00dc","isPartOf":{"@id":"https:\/\/miil.dev.almic.ee\/#website"},"primaryImageOfPage":{"@id":"https:\/\/miil.dev.almic.ee\/fi\/toode\/tyokaluseina\/#primaryimage"},"image":{"@id":"https:\/\/miil.dev.almic.ee\/fi\/toode\/tyokaluseina\/#primaryimage"},"thumbnailUrl":"https:\/\/miil.dev.almic.ee\/wp-content\/uploads\/2022\/05\/prefotahvel.jpg","datePublished":"2022-05-18T11:16:07+00:00","dateModified":"2024-12-19T07:12:25+00:00","description":"Ty\u00f6kalusein\u00e4 | Ty\u00f6kalu sein\u00e4 | J\u00e4rjestetty aitta | Ty\u00f6kalujen s\u00e4ilytys | Ty\u00f6kalut sein\u00e4lle \ud83d\udee0\ufe0f | Tarvikkeet autotalliin \ud83e\ude9a \ud83d\udd27 \ud83e\ude9b | Aidan tarvikkeet \ud83e\ude93 |\ufe0f","breadcrumb":{"@id":"https:\/\/miil.dev.almic.ee\/fi\/toode\/tyokaluseina\/#breadcrumb"},"inLanguage":"fi","potentialAction":[{"@type":"ReadAction","target":["https:\/\/miil.dev.almic.ee\/fi\/toode\/tyokaluseina\/"]}]},{"@type":"ImageObject","inLanguage":"fi","@id":"https:\/\/miil.dev.almic.ee\/fi\/toode\/tyokaluseina\/#primaryimage","url":"https:\/\/miil.dev.almic.ee\/wp-content\/uploads\/2022\/05\/prefotahvel.jpg","contentUrl":"https:\/\/miil.dev.almic.ee\/wp-content\/uploads\/2022\/05\/prefotahvel.jpg","width":960,"height":720},{"@type":"BreadcrumbList","@id":"https:\/\/miil.dev.almic.ee\/fi\/toode\/tyokaluseina\/#breadcrumb","itemListElement":[{"@type":"ListItem","position":1,"name":"Home","item":"https:\/\/miil.dev.almic.ee\/fi\/"},{"@type":"ListItem","position":2,"name":"Kauppa","item":"https:\/\/miil.dev.almic.ee\/fi\/kauppa\/"},{"@type":"ListItem","position":3,"name":"Ty\u00f6kalun sein\u00e4"}]},{"@type":"WebSite","@id":"https:\/\/miil.dev.almic.ee\/#website","url":"https:\/\/miil.dev.almic.ee\/","name":"Miil O\u00dc","description":"Konteinerveod","publisher":{"@id":"https:\/\/miil.dev.almic.ee\/#organization"},"potentialAction":[{"@type":"SearchAction","target":{"@type":"EntryPoint","urlTemplate":"https:\/\/miil.dev.almic.ee\/?s={search_term_string}"},"query-input":{"@type":"PropertyValueSpecification","valueRequired":true,"valueName":"search_term_string"}}],"inLanguage":"fi"},{"@type":"Organization","@id":"https:\/\/miil.dev.almic.ee\/#organization","name":"Miil O\u00dc","url":"https:\/\/miil.dev.almic.ee\/","logo":{"@type":"ImageObject","inLanguage":"fi","@id":"https:\/\/miil.dev.almic.ee\/#\/schema\/logo\/image\/","url":"https:\/\/www.miil.ee\/wp-content\/uploads\/2022\/02\/Miil-logo.svg","contentUrl":"https:\/\/www.miil.ee\/wp-content\/uploads\/2022\/02\/Miil-logo.svg","width":"1024","height":"1024","caption":"Miil O\u00dc"},"image":{"@id":"https:\/\/miil.dev.almic.ee\/#\/schema\/logo\/image\/"},"sameAs":["https:\/\/www.facebook.com\/konteinerveod\/","https:\/\/www.instagram.com\/ou_miil\/"]}]},"product_price_amount":"240.00","product_price_currency":"EUR","og_availability":"instock","product_availability":"instock","product_condition":"new"},"_links":{"self":[{"href":"https:\/\/miil.dev.almic.ee\/fi\/wp-json\/wp\/v2\/product\/15659","targetHints":{"allow":["GET"]}}],"collection":[{"href":"https:\/\/miil.dev.almic.ee\/fi\/wp-json\/wp\/v2\/product"}],"about":[{"href":"https:\/\/miil.dev.almic.ee\/fi\/wp-json\/wp\/v2\/types\/product"}],"replies":[{"embeddable":true,"href":"https:\/\/miil.dev.almic.ee\/fi\/wp-json\/wp\/v2\/comments?post=15659"}],"wp:featuredmedia":[{"embeddable":true,"href":"https:\/\/miil.dev.almic.ee\/fi\/wp-json\/wp\/v2\/media\/2400"}],"wp:attachment":[{"href":"https:\/\/miil.dev.almic.ee\/fi\/wp-json\/wp\/v2\/media?parent=15659"}],"wp:term":[{"taxonomy":"product_cat","embeddable":true,"href":"https:\/\/miil.dev.almic.ee\/fi\/wp-json\/wp\/v2\/product_cat?post=15659"},{"taxonomy":"product_tag","embeddable":true,"href":"https:\/\/miil.dev.almic.ee\/fi\/wp-json\/wp\/v2\/product_tag?post=15659"}],"curies":[{"name":"wp","href":"https:\/\/api.w.org\/{rel}","templated":true}]}}