{"id":15651,"date":"2022-05-18T14:16:08","date_gmt":"2022-05-18T11:16:08","guid":{"rendered":"https:\/\/www.miil.ee\/toode\/metall-riiulid-kergematele-asjadele-140kg-vahe-uhe-kulje-jagu-riiuleid-500x1500x1500x1500x1200\/"},"modified":"2024-11-05T11:38:31","modified_gmt":"2024-11-05T09:38:31","slug":"merikonttitelineet-andres","status":"publish","type":"product","link":"https:\/\/miil.dev.almic.ee\/fi\/toode\/merikonttitelineet-andres\/","title":{"rendered":"Merikonttitelineet &#8221;Andres&#8221;"},"content":{"rendered":"<p>Konttihyllyt\u00a0 &#8211; Toisella puolella hyllyosio<br \/>\nHyllysyvyys 500 mm<br \/>\nHyllyv\u00e4li: 1500mm, 1500mm, 1500mm, 1200mm<br \/>\nHyllykorkeus: 1980 mm<br \/>\nHyllyss\u00e4 on nelj\u00e4 tasoa, joiden korkeutta voi s\u00e4\u00e4t\u00e4\u00e4 kuvan osoittamalla tavalla.<br \/>\nHyllytilan kantavuus 140 kg.<\/p>\n<h1>Konttihyllyt &#8221;Andres&#8221; &#8211; tehokas ja tilaa s\u00e4\u00e4st\u00e4v\u00e4 merikonttien s\u00e4ilytysratkaisu<\/h1>\n<p>Konttihyllyt! Tarvitsetko k\u00e4yt\u00e4nn\u00f6llisen ja kest\u00e4v\u00e4n hyllyj\u00e4rjestelm\u00e4n, joka auttaa maksimoimaan s\u00e4ilytystilan merikontissa? Esittelyss\u00e4 konttihyllymme &#8221;Andres&#8221; &#8211; t\u00e4ydellinen ratkaisu s\u00e4ilytystarpeisiisi merikonteissa tai muissa tiloissa.<\/p>\n<p>Merikonttihyllyt &#8221;Andres&#8221; tarjoavat loistavan tavan optimoida ja organisoida s\u00e4ilytystilaa merikontissa. Ne on erityisesti suunniteltu tekem\u00e4\u00e4n kuljetuskontin sis\u00e4lt\u00e4 j\u00e4rjestyksess\u00e4 ja k\u00e4ytt\u00e4j\u00e4yst\u00e4v\u00e4lliseksi. Hyllyt ovat ihanteellisia erilaisten esineiden, tuotteiden tai materiaalien s\u00e4ilytt\u00e4miseen.<\/p>\n<p>Hyllyjen syvyys on optimoitu 500 mm:iin, mik\u00e4 varmistaa riitt\u00e4v\u00e4sti tilaa tavaroiden sijoittamiselle. N\u00e4m\u00e4 hyllyt mahdollistavat erikokoisten esineiden s\u00e4ilytt\u00e4misen erilaisten hyllyv\u00e4lien ansiosta. Hyllytilan koot on optimoitu erikorkuisille ja -kokoisille tavaroille. N\u00e4in voit s\u00e4\u00e4t\u00e4\u00e4 hyllyn sis\u00e4osia s\u00e4ilytett\u00e4vien tavaroiden tarpeiden mukaan.<\/p>\n<p>Konttihyllyt &#8221;Andres&#8221; voit tilata helposti ja k\u00e4tev\u00e4sti MIIL.ee -sivustolta. Vieraile verkkosivuillamme ja valitse &#8221;Konttitelineet&#8221; Sea Container Accessories -kategoriasta. Tarjoamme laadukkaita tuotteita kilpailukykyiseen hintaan, jotka vastaavat odotuksiasi ja tarpeitasi. Ammattitaitoinen tiimimme on aina valmis auttamaan ja neuvomaan sinua l\u00f6yt\u00e4m\u00e4\u00e4n parhaat ratkaisut merikonttien varastointitarpeisiisi.<\/p>\n<p>Optimoi s\u00e4ilytystilaasi &#8221;Andres&#8221;-konttihyllyill\u00e4 ja varmista merikonttisi j\u00e4rjestys ja tehokkuus. Tutustu laajaan tuotevalikoimaamme MIIL.ee verkkosivuilla ja l\u00f6yd\u00e4 parhaat ratkaisut merikonttien varastointitarpeisiisi!<\/p>\n<p>Katso muut hyllyt ja tarvikkeet <a href=\"https:\/\/www.miil.ee\/fi\/merekonteinerid\/lisavarusteet\/\">t\u00e4\u00e4lt\u00e4!<\/a><\/p>\n<p>Seuraa meit\u00e4\u00a0<a href=\"https:\/\/www.facebook.com\/konteinerveod\/\">Facebook<\/a>\u00a0tai\u00a0<a href=\"https:\/\/www.instagram.com\/ou_miil\/\">Instagram<\/a><\/p>\n","protected":false},"excerpt":{"rendered":"<p>Merikonttitelineet &#8221;Andres&#8221;<\/p>\n","protected":false},"featured_media":2420,"comment_status":"closed","ping_status":"closed","template":"","meta":{"_acf_changed":false},"product_cat":[335],"product_tag":[],"class_list":{"0":"post-15651","1":"product","2":"type-product","3":"status-publish","4":"has-post-thumbnail","6":"product_cat-lisavarusteet","8":"first","9":"instock","10":"shipping-taxable","11":"purchasable","12":"product-type-simple"},"acf":[],"yoast_head":"<!-- This site is optimized with the Yoast SEO Premium plugin v23.9 (Yoast SEO v27.5) - https:\/\/yoast.com\/product\/yoast-seo-premium-wordpress\/ -->\n<title>Merikonttitelineet &quot;Andres&quot; - Miil O\u00dc<\/title>\n<meta name=\"description\" content=\"Merikonttitelineet | Vuokrakontti | M\u00f6kkien myynti | m\u00f6kkien vuokraus | Merikonttien myynti | Merikonttien vuokraus | Best in Finland \u2b50\ufe0f\u2b50\ufe0f\u2b50\ufe0f\u2b50\ufe0f\u2b50\ufe0f\" \/>\n<meta name=\"robots\" content=\"index, follow, max-snippet:-1, max-image-preview:large, max-video-preview:-1\" \/>\n<link rel=\"canonical\" href=\"https:\/\/miil.dev.almic.ee\/fi\/toode\/merikonttitelineet-andres\/\" \/>\n<meta property=\"og:locale\" content=\"fi_FI\" \/>\n<meta property=\"og:type\" content=\"article\" \/>\n<meta property=\"og:title\" content=\"Merikonttitelineet &quot;Andres&quot;\" \/>\n<meta property=\"og:description\" content=\"Merikonttitelineet | Vuokrakontti | M\u00f6kkien myynti | m\u00f6kkien vuokraus | Merikonttien myynti | Merikonttien vuokraus | Best in Finland \u2b50\ufe0f\u2b50\ufe0f\u2b50\ufe0f\u2b50\ufe0f\u2b50\ufe0f\" \/>\n<meta property=\"og:url\" content=\"https:\/\/miil.dev.almic.ee\/fi\/toode\/merikonttitelineet-andres\/\" \/>\n<meta property=\"og:site_name\" content=\"Miil O\u00dc\" \/>\n<meta property=\"article:publisher\" content=\"https:\/\/www.facebook.com\/konteinerveod\/\" \/>\n<meta property=\"article:modified_time\" content=\"2024-11-05T09:38:31+00:00\" \/>\n<meta property=\"og:image\" content=\"https:\/\/miil.dev.almic.ee\/wp-content\/uploads\/2022\/05\/riiulid-1.jpg\" \/>\n\t<meta property=\"og:image:width\" content=\"960\" \/>\n\t<meta property=\"og:image:height\" content=\"720\" \/>\n\t<meta property=\"og:image:type\" content=\"image\/jpeg\" \/>\n<meta name=\"twitter:card\" content=\"summary_large_image\" \/>\n<meta name=\"twitter:label1\" content=\"Hinta\" \/>\n\t<meta name=\"twitter:data1\" content=\"750,00&nbsp;&euro;\" \/>\n\t<meta name=\"twitter:label2\" content=\"Saatavuus\" \/>\n\t<meta name=\"twitter:data2\" content=\"Varastossa\" \/>\n<script type=\"application\/ld+json\" class=\"yoast-schema-graph\">{\"@context\":\"https:\\\/\\\/schema.org\",\"@graph\":[{\"@type\":\"WebPage\",\"@id\":\"https:\\\/\\\/miil.dev.almic.ee\\\/fi\\\/toode\\\/merikonttitelineet-andres\\\/\",\"url\":\"https:\\\/\\\/miil.dev.almic.ee\\\/fi\\\/toode\\\/merikonttitelineet-andres\\\/\",\"name\":\"Merikonttitelineet \\\"Andres\\\" - Miil O\u00dc\",\"isPartOf\":{\"@id\":\"https:\\\/\\\/miil.dev.almic.ee\\\/#website\"},\"primaryImageOfPage\":{\"@id\":\"https:\\\/\\\/miil.dev.almic.ee\\\/fi\\\/toode\\\/merikonttitelineet-andres\\\/#primaryimage\"},\"image\":{\"@id\":\"https:\\\/\\\/miil.dev.almic.ee\\\/fi\\\/toode\\\/merikonttitelineet-andres\\\/#primaryimage\"},\"thumbnailUrl\":\"https:\\\/\\\/miil.dev.almic.ee\\\/wp-content\\\/uploads\\\/2022\\\/05\\\/riiulid-1.jpg\",\"datePublished\":\"2022-05-18T11:16:08+00:00\",\"dateModified\":\"2024-11-05T09:38:31+00:00\",\"description\":\"Merikonttitelineet | Vuokrakontti | M\u00f6kkien myynti | m\u00f6kkien vuokraus | Merikonttien myynti | Merikonttien vuokraus | Best in Finland \u2b50\ufe0f\u2b50\ufe0f\u2b50\ufe0f\u2b50\ufe0f\u2b50\ufe0f\",\"breadcrumb\":{\"@id\":\"https:\\\/\\\/miil.dev.almic.ee\\\/fi\\\/toode\\\/merikonttitelineet-andres\\\/#breadcrumb\"},\"inLanguage\":\"fi\",\"potentialAction\":[{\"@type\":\"ReadAction\",\"target\":[\"https:\\\/\\\/miil.dev.almic.ee\\\/fi\\\/toode\\\/merikonttitelineet-andres\\\/\"]}]},{\"@type\":\"ImageObject\",\"inLanguage\":\"fi\",\"@id\":\"https:\\\/\\\/miil.dev.almic.ee\\\/fi\\\/toode\\\/merikonttitelineet-andres\\\/#primaryimage\",\"url\":\"https:\\\/\\\/miil.dev.almic.ee\\\/wp-content\\\/uploads\\\/2022\\\/05\\\/riiulid-1.jpg\",\"contentUrl\":\"https:\\\/\\\/miil.dev.almic.ee\\\/wp-content\\\/uploads\\\/2022\\\/05\\\/riiulid-1.jpg\",\"width\":960,\"height\":720},{\"@type\":\"BreadcrumbList\",\"@id\":\"https:\\\/\\\/miil.dev.almic.ee\\\/fi\\\/toode\\\/merikonttitelineet-andres\\\/#breadcrumb\",\"itemListElement\":[{\"@type\":\"ListItem\",\"position\":1,\"name\":\"Home\",\"item\":\"https:\\\/\\\/miil.dev.almic.ee\\\/fi\\\/\"},{\"@type\":\"ListItem\",\"position\":2,\"name\":\"Kauppa\",\"item\":\"https:\\\/\\\/miil.dev.almic.ee\\\/fi\\\/kauppa\\\/\"},{\"@type\":\"ListItem\",\"position\":3,\"name\":\"Merikonttitelineet &#8221;Andres&#8221;\"}]},{\"@type\":\"WebSite\",\"@id\":\"https:\\\/\\\/miil.dev.almic.ee\\\/#website\",\"url\":\"https:\\\/\\\/miil.dev.almic.ee\\\/\",\"name\":\"Miil O\u00dc\",\"description\":\"Konteinerveod\",\"publisher\":{\"@id\":\"https:\\\/\\\/miil.dev.almic.ee\\\/#organization\"},\"potentialAction\":[{\"@type\":\"SearchAction\",\"target\":{\"@type\":\"EntryPoint\",\"urlTemplate\":\"https:\\\/\\\/miil.dev.almic.ee\\\/?s={search_term_string}\"},\"query-input\":{\"@type\":\"PropertyValueSpecification\",\"valueRequired\":true,\"valueName\":\"search_term_string\"}}],\"inLanguage\":\"fi\"},{\"@type\":\"Organization\",\"@id\":\"https:\\\/\\\/miil.dev.almic.ee\\\/#organization\",\"name\":\"Miil O\u00dc\",\"url\":\"https:\\\/\\\/miil.dev.almic.ee\\\/\",\"logo\":{\"@type\":\"ImageObject\",\"inLanguage\":\"fi\",\"@id\":\"https:\\\/\\\/miil.dev.almic.ee\\\/#\\\/schema\\\/logo\\\/image\\\/\",\"url\":\"https:\\\/\\\/www.miil.ee\\\/wp-content\\\/uploads\\\/2022\\\/02\\\/Miil-logo.svg\",\"contentUrl\":\"https:\\\/\\\/www.miil.ee\\\/wp-content\\\/uploads\\\/2022\\\/02\\\/Miil-logo.svg\",\"width\":\"1024\",\"height\":\"1024\",\"caption\":\"Miil O\u00dc\"},\"image\":{\"@id\":\"https:\\\/\\\/miil.dev.almic.ee\\\/#\\\/schema\\\/logo\\\/image\\\/\"},\"sameAs\":[\"https:\\\/\\\/www.facebook.com\\\/konteinerveod\\\/\",\"https:\\\/\\\/www.instagram.com\\\/ou_miil\\\/\"]}]}<\/script>\n<meta property=\"product:price:amount\" content=\"750.00\" \/>\n<meta property=\"product:price:currency\" content=\"EUR\" \/>\n<meta property=\"og:availability\" content=\"instock\" \/>\n<meta property=\"product:availability\" content=\"instock\" \/>\n<meta property=\"product:condition\" content=\"new\" \/>\n<!-- \/ Yoast SEO Premium plugin. -->","yoast_head_json":{"title":"Merikonttitelineet \"Andres\" - Miil O\u00dc","description":"Merikonttitelineet | Vuokrakontti | M\u00f6kkien myynti | m\u00f6kkien vuokraus | Merikonttien myynti | Merikonttien vuokraus | Best in Finland \u2b50\ufe0f\u2b50\ufe0f\u2b50\ufe0f\u2b50\ufe0f\u2b50\ufe0f","robots":{"index":"index","follow":"follow","max-snippet":"max-snippet:-1","max-image-preview":"max-image-preview:large","max-video-preview":"max-video-preview:-1"},"canonical":"https:\/\/miil.dev.almic.ee\/fi\/toode\/merikonttitelineet-andres\/","og_locale":"fi_FI","og_type":"article","og_title":"Merikonttitelineet \"Andres\"","og_description":"Merikonttitelineet | Vuokrakontti | M\u00f6kkien myynti | m\u00f6kkien vuokraus | Merikonttien myynti | Merikonttien vuokraus | Best in Finland \u2b50\ufe0f\u2b50\ufe0f\u2b50\ufe0f\u2b50\ufe0f\u2b50\ufe0f","og_url":"https:\/\/miil.dev.almic.ee\/fi\/toode\/merikonttitelineet-andres\/","og_site_name":"Miil O\u00dc","article_publisher":"https:\/\/www.facebook.com\/konteinerveod\/","article_modified_time":"2024-11-05T09:38:31+00:00","og_image":[{"width":960,"height":720,"url":"https:\/\/miil.dev.almic.ee\/wp-content\/uploads\/2022\/05\/riiulid-1.jpg","type":"image\/jpeg"}],"twitter_card":"summary_large_image","twitter_misc":{"Hinta":"750,00&nbsp;&euro;","Saatavuus":"Varastossa"},"schema":{"@context":"https:\/\/schema.org","@graph":[{"@type":"WebPage","@id":"https:\/\/miil.dev.almic.ee\/fi\/toode\/merikonttitelineet-andres\/","url":"https:\/\/miil.dev.almic.ee\/fi\/toode\/merikonttitelineet-andres\/","name":"Merikonttitelineet \"Andres\" - Miil O\u00dc","isPartOf":{"@id":"https:\/\/miil.dev.almic.ee\/#website"},"primaryImageOfPage":{"@id":"https:\/\/miil.dev.almic.ee\/fi\/toode\/merikonttitelineet-andres\/#primaryimage"},"image":{"@id":"https:\/\/miil.dev.almic.ee\/fi\/toode\/merikonttitelineet-andres\/#primaryimage"},"thumbnailUrl":"https:\/\/miil.dev.almic.ee\/wp-content\/uploads\/2022\/05\/riiulid-1.jpg","datePublished":"2022-05-18T11:16:08+00:00","dateModified":"2024-11-05T09:38:31+00:00","description":"Merikonttitelineet | Vuokrakontti | M\u00f6kkien myynti | m\u00f6kkien vuokraus | Merikonttien myynti | Merikonttien vuokraus | Best in Finland \u2b50\ufe0f\u2b50\ufe0f\u2b50\ufe0f\u2b50\ufe0f\u2b50\ufe0f","breadcrumb":{"@id":"https:\/\/miil.dev.almic.ee\/fi\/toode\/merikonttitelineet-andres\/#breadcrumb"},"inLanguage":"fi","potentialAction":[{"@type":"ReadAction","target":["https:\/\/miil.dev.almic.ee\/fi\/toode\/merikonttitelineet-andres\/"]}]},{"@type":"ImageObject","inLanguage":"fi","@id":"https:\/\/miil.dev.almic.ee\/fi\/toode\/merikonttitelineet-andres\/#primaryimage","url":"https:\/\/miil.dev.almic.ee\/wp-content\/uploads\/2022\/05\/riiulid-1.jpg","contentUrl":"https:\/\/miil.dev.almic.ee\/wp-content\/uploads\/2022\/05\/riiulid-1.jpg","width":960,"height":720},{"@type":"BreadcrumbList","@id":"https:\/\/miil.dev.almic.ee\/fi\/toode\/merikonttitelineet-andres\/#breadcrumb","itemListElement":[{"@type":"ListItem","position":1,"name":"Home","item":"https:\/\/miil.dev.almic.ee\/fi\/"},{"@type":"ListItem","position":2,"name":"Kauppa","item":"https:\/\/miil.dev.almic.ee\/fi\/kauppa\/"},{"@type":"ListItem","position":3,"name":"Merikonttitelineet &#8221;Andres&#8221;"}]},{"@type":"WebSite","@id":"https:\/\/miil.dev.almic.ee\/#website","url":"https:\/\/miil.dev.almic.ee\/","name":"Miil O\u00dc","description":"Konteinerveod","publisher":{"@id":"https:\/\/miil.dev.almic.ee\/#organization"},"potentialAction":[{"@type":"SearchAction","target":{"@type":"EntryPoint","urlTemplate":"https:\/\/miil.dev.almic.ee\/?s={search_term_string}"},"query-input":{"@type":"PropertyValueSpecification","valueRequired":true,"valueName":"search_term_string"}}],"inLanguage":"fi"},{"@type":"Organization","@id":"https:\/\/miil.dev.almic.ee\/#organization","name":"Miil O\u00dc","url":"https:\/\/miil.dev.almic.ee\/","logo":{"@type":"ImageObject","inLanguage":"fi","@id":"https:\/\/miil.dev.almic.ee\/#\/schema\/logo\/image\/","url":"https:\/\/www.miil.ee\/wp-content\/uploads\/2022\/02\/Miil-logo.svg","contentUrl":"https:\/\/www.miil.ee\/wp-content\/uploads\/2022\/02\/Miil-logo.svg","width":"1024","height":"1024","caption":"Miil O\u00dc"},"image":{"@id":"https:\/\/miil.dev.almic.ee\/#\/schema\/logo\/image\/"},"sameAs":["https:\/\/www.facebook.com\/konteinerveod\/","https:\/\/www.instagram.com\/ou_miil\/"]}]},"product_price_amount":"750.00","product_price_currency":"EUR","og_availability":"instock","product_availability":"instock","product_condition":"new"},"_links":{"self":[{"href":"https:\/\/miil.dev.almic.ee\/fi\/wp-json\/wp\/v2\/product\/15651","targetHints":{"allow":["GET"]}}],"collection":[{"href":"https:\/\/miil.dev.almic.ee\/fi\/wp-json\/wp\/v2\/product"}],"about":[{"href":"https:\/\/miil.dev.almic.ee\/fi\/wp-json\/wp\/v2\/types\/product"}],"replies":[{"embeddable":true,"href":"https:\/\/miil.dev.almic.ee\/fi\/wp-json\/wp\/v2\/comments?post=15651"}],"wp:featuredmedia":[{"embeddable":true,"href":"https:\/\/miil.dev.almic.ee\/fi\/wp-json\/wp\/v2\/media\/2420"}],"wp:attachment":[{"href":"https:\/\/miil.dev.almic.ee\/fi\/wp-json\/wp\/v2\/media?parent=15651"}],"wp:term":[{"taxonomy":"product_cat","embeddable":true,"href":"https:\/\/miil.dev.almic.ee\/fi\/wp-json\/wp\/v2\/product_cat?post=15651"},{"taxonomy":"product_tag","embeddable":true,"href":"https:\/\/miil.dev.almic.ee\/fi\/wp-json\/wp\/v2\/product_tag?post=15651"}],"curies":[{"name":"wp","href":"https:\/\/api.w.org\/{rel}","templated":true}]}}