{"id":15599,"date":"2022-05-18T14:16:43","date_gmt":"2022-05-18T11:16:43","guid":{"rendered":"https:\/\/www.miil.ee\/toode\/uus-valikaimla-kollane\/"},"modified":"2024-12-10T17:41:58","modified_gmt":"2024-12-10T15:41:58","slug":"ulko-wc-keltainen","status":"publish","type":"product","link":"https:\/\/miil.dev.almic.ee\/fi\/toode\/ulko-wc-keltainen\/","title":{"rendered":"Ulko-wc keltainen"},"content":{"rendered":"<h1>Ulko-wc keltainen<\/h1>\n<p>Ulko-wc keltainen on lukittava ovi ja ripustin vaatteillesi.<\/p>\n<ul>\n<li>Kannettava<\/li>\n<li>Lukittava ovi<\/li>\n<li>Punainen\/vihre\u00e4 lukon merkkivalo<\/li>\n<li>Koukku vaatteille<\/li>\n<\/ul>\n<h2>Ulko-wc keltainen &#8211; Siirrett\u00e4vien wc-tilojen k\u00e4ytt\u00f6 rakennusty\u00f6mailla ja kes\u00e4m\u00f6keill\u00e4: k\u00e4yt\u00e4nn\u00f6llinen ratkaisu<\/h2>\n<p>Siirrett\u00e4v\u00e4t wc:t ovat v\u00e4ltt\u00e4m\u00e4tt\u00f6mi\u00e4 rakennusty\u00f6mailla tai kes\u00e4m\u00f6keill\u00e4, joissa perinteist\u00e4 putkistoa ei ole saatavilla. Olitpa rakentamassa uutta rakennetta, remontoimassa vanhaa tai viett\u00e4m\u00e4ss\u00e4 aikaa syrj\u00e4isess\u00e4 m\u00f6kiss\u00e4, puhdas ja toimiva wc-vaihtoehto on eritt\u00e4in t\u00e4rke\u00e4 hygienian ja mukavuuden yll\u00e4pit\u00e4miseksi. Siirrett\u00e4v\u00e4t wc:t ovat ihanteellinen ratkaisu n\u00e4ihin tilanteisiin, ja ne tarjoavat mukavuutta, puhtautta ja joustavuutta.<\/p>\n<h2>M\u00f6kki ja minitalo<\/h2>\n<p>Eristetty hytti ei ole en\u00e4\u00e4 vain tilap\u00e4inen rakennus ty\u00f6maalla, modernit laadukkaat pulttiliit\u00e4nn\u00e4t sopivat mainiosti kes\u00e4m\u00f6kille tai liiketilaan.<br \/>\nValmis minitalo ei tarvitse perustusta tai rakentajaa \u2013 tilaa ja nauti?<br \/>\nAsennus kest\u00e4\u00e4 alle 30 minuuttia ja talo voi myyd\u00e4 valmiin ratkaisun, mik\u00e4 tarkoittaa, ett\u00e4 se voidaan toimittaa samana p\u00e4iv\u00e4n\u00e4.<br \/>\nJos haluat valita ikkunan tai oven sijainnin, se vie hieman enemm\u00e4n aikaa.<br \/>\nLis\u00e4ksi voimme asentaa puuverhoilun, isot ikkunat, nostimen tai vaihtovirtapumpun.<br \/>\nRullaovinen ohjaamo on avattavissa k\u00e4sin, lis\u00e4maksusta voimme asentaa moottorin ohjauksen kaukos\u00e4\u00e4timell\u00e4, koodilla tai sovelluksella.<\/p>\n<h2>Containex Basic ostaa tai vuokrata?<\/h2>\n<p>Myynnin lis\u00e4ksi vuokraamme my\u00f6s m\u00f6kkej\u00e4.<br \/>\nContainex Basic on ihanteellinen vaihtoehto, jos tarvitset m\u00f6kin lyhytaikaiseen rakennusk\u00e4ytt\u00f6\u00f6n tai miksei kausim\u00f6kiksi, toimistoksi tai myyntipisteeksi.<br \/>\nM\u00f6kkien vuokraus on taattu ja l\u00f6yd\u00e4mme jokaiselle asiakkaalle sopivan ratkaisun.<br \/>\nMeilt\u00e4 voit my\u00f6s vuokrata panoraamaikkunoita, puutaloja tai tavallisia l\u00e4mpimi\u00e4 taloja ja minitaloja.<br \/>\nToimitamme toimistokontti ja asennamme sen asiakkaan toiveiden mukaan.<br \/>\nTarjoamme laajan valikoiman yhteisty\u00f6mahdollisuuksia esimerkiksi sesongin ulkopuoliseen varastointiin eri kaupungeissa. Osta nyt, maksa my\u00f6hemmin Inbank.ee:n kautta alennuskoodilla &#8221;Konteiner&#8221;.<br \/>\nJos tarvitset yksi-, kaksi- tai monikerroksisen ratkaisun, olet tullut oikeaan paikkaan!<br \/>\nMik\u00e4\u00e4n projekti ei ole meille liian iso tai pieni, kysy rohkeasti, niin l\u00f6yd\u00e4mme yhdess\u00e4 parhaan ratkaisun.<\/p>\n<p><span>K\u00e4yt\u00e4mme kuljetukseen\u00a0<\/span><a href=\"https:\/\/www.miil.ee\/fi\/palvelut\/nosturi\/\">nosturia<\/a><span>\u00a0tai\u00a0<\/span><a href=\"https:\/\/www.miil.ee\/fi\/palvelut\/sideloader\/\">sideloader<\/a><br \/>\n<span>monimutkaisempi kuljetus on mahdollista\u00a0<\/span><a href=\"https:\/\/www.miil.ee\/fi\/palvelut\/ram-kippauslaite\/\">RAM per\u00e4vaunulla<\/a><span>.<\/span><\/p>\n<p>Seuraa meit\u00e4\u00a0<a href=\"https:\/\/www.facebook.com\/konteinerveod\/\">Facebook<\/a>\u00a0tai\u00a0<a href=\"https:\/\/www.instagram.com\/ou_miil\/\">Instagram<\/a> tai tule katsomaan Valtsi 1, Lagedi omin silmin<\/p>\n","protected":false},"excerpt":{"rendered":"<p>Ulko-wc keltainen Ulko-wc keltainen on lukittava ovi ja ripustin vaatteillesi. Kannettava Lukittava ovi Punainen\/vihre\u00e4 lukon merkkivalo Koukku vaatteille Ulko-wc keltainen &#8211; Siirrett\u00e4vien wc-tilojen k\u00e4ytt\u00f6 rakennusty\u00f6mailla ja kes\u00e4m\u00f6keill\u00e4: k\u00e4yt\u00e4nn\u00f6llinen ratkaisu Siirrett\u00e4v\u00e4t wc:t ovat v\u00e4ltt\u00e4m\u00e4tt\u00f6mi\u00e4 rakennusty\u00f6mailla tai kes\u00e4m\u00f6keill\u00e4, joissa perinteist\u00e4 putkistoa ei ole saatavilla. Olitpa rakentamassa uutta rakennetta, remontoimassa vanhaa tai viett\u00e4m\u00e4ss\u00e4 aikaa syrj\u00e4isess\u00e4 m\u00f6kiss\u00e4, puhdas ja&#8230;<\/p>\n","protected":false},"featured_media":2960,"comment_status":"closed","ping_status":"closed","template":"","meta":{"_acf_changed":false},"product_cat":[411],"product_tag":[],"class_list":{"0":"post-15599","1":"product","2":"type-product","3":"status-publish","4":"has-post-thumbnail","6":"product_cat-ulkokaymalat","8":"first","9":"instock","10":"shipping-taxable","11":"purchasable","12":"product-type-simple"},"acf":[],"yoast_head":"<!-- This site is optimized with the Yoast SEO Premium plugin v23.9 (Yoast SEO v27.5) - https:\/\/yoast.com\/product\/yoast-seo-premium-wordpress\/ -->\n<title>Ulko-wc keltainen - Miil O\u00dc<\/title>\n<meta name=\"description\" content=\"Ulko-wc keltainen | Mittatilausty\u00f6n\u00e4 tehdyt kannettavat hytit | Minitalot ja -m\u00f6kit | M\u00f6kkien vuokraus ja myynti | Kuljetus ja korjaukset |\" \/>\n<meta name=\"robots\" content=\"index, follow, max-snippet:-1, max-image-preview:large, max-video-preview:-1\" \/>\n<link rel=\"canonical\" href=\"https:\/\/miil.dev.almic.ee\/fi\/toode\/ulko-wc-keltainen\/\" \/>\n<meta property=\"og:locale\" content=\"fi_FI\" \/>\n<meta property=\"og:type\" content=\"article\" \/>\n<meta property=\"og:title\" content=\"Ulko-wc keltainen\" \/>\n<meta property=\"og:description\" content=\"Ulko-wc keltainen | Mittatilausty\u00f6n\u00e4 tehdyt kannettavat hytit | Minitalot ja -m\u00f6kit | M\u00f6kkien vuokraus ja myynti | Kuljetus ja korjaukset |\" \/>\n<meta property=\"og:url\" content=\"https:\/\/miil.dev.almic.ee\/fi\/toode\/ulko-wc-keltainen\/\" \/>\n<meta property=\"og:site_name\" content=\"Miil O\u00dc\" \/>\n<meta property=\"article:publisher\" content=\"https:\/\/www.facebook.com\/konteinerveod\/\" \/>\n<meta property=\"article:modified_time\" content=\"2024-12-10T15:41:58+00:00\" \/>\n<meta property=\"og:image\" content=\"https:\/\/miil.dev.almic.ee\/wp-content\/uploads\/2022\/05\/orans-wc.jpg\" \/>\n\t<meta property=\"og:image:width\" content=\"720\" \/>\n\t<meta property=\"og:image:height\" content=\"960\" \/>\n\t<meta property=\"og:image:type\" content=\"image\/jpeg\" \/>\n<meta name=\"twitter:card\" content=\"summary_large_image\" \/>\n<meta name=\"twitter:label1\" content=\"Hinta\" \/>\n\t<meta name=\"twitter:data1\" content=\"650,00&nbsp;&euro;\" \/>\n\t<meta name=\"twitter:label2\" content=\"Saatavuus\" \/>\n\t<meta name=\"twitter:data2\" content=\"Varastossa\" \/>\n<script type=\"application\/ld+json\" class=\"yoast-schema-graph\">{\"@context\":\"https:\\\/\\\/schema.org\",\"@graph\":[{\"@type\":\"WebPage\",\"@id\":\"https:\\\/\\\/miil.dev.almic.ee\\\/fi\\\/toode\\\/ulko-wc-keltainen\\\/\",\"url\":\"https:\\\/\\\/miil.dev.almic.ee\\\/fi\\\/toode\\\/ulko-wc-keltainen\\\/\",\"name\":\"Ulko-wc keltainen - Miil O\u00dc\",\"isPartOf\":{\"@id\":\"https:\\\/\\\/miil.dev.almic.ee\\\/#website\"},\"primaryImageOfPage\":{\"@id\":\"https:\\\/\\\/miil.dev.almic.ee\\\/fi\\\/toode\\\/ulko-wc-keltainen\\\/#primaryimage\"},\"image\":{\"@id\":\"https:\\\/\\\/miil.dev.almic.ee\\\/fi\\\/toode\\\/ulko-wc-keltainen\\\/#primaryimage\"},\"thumbnailUrl\":\"https:\\\/\\\/miil.dev.almic.ee\\\/wp-content\\\/uploads\\\/2022\\\/05\\\/orans-wc.jpg\",\"datePublished\":\"2022-05-18T11:16:43+00:00\",\"dateModified\":\"2024-12-10T15:41:58+00:00\",\"description\":\"Ulko-wc keltainen | Mittatilausty\u00f6n\u00e4 tehdyt kannettavat hytit | Minitalot ja -m\u00f6kit | M\u00f6kkien vuokraus ja myynti | Kuljetus ja korjaukset |\",\"breadcrumb\":{\"@id\":\"https:\\\/\\\/miil.dev.almic.ee\\\/fi\\\/toode\\\/ulko-wc-keltainen\\\/#breadcrumb\"},\"inLanguage\":\"fi\",\"potentialAction\":[{\"@type\":\"ReadAction\",\"target\":[\"https:\\\/\\\/miil.dev.almic.ee\\\/fi\\\/toode\\\/ulko-wc-keltainen\\\/\"]}]},{\"@type\":\"ImageObject\",\"inLanguage\":\"fi\",\"@id\":\"https:\\\/\\\/miil.dev.almic.ee\\\/fi\\\/toode\\\/ulko-wc-keltainen\\\/#primaryimage\",\"url\":\"https:\\\/\\\/miil.dev.almic.ee\\\/wp-content\\\/uploads\\\/2022\\\/05\\\/orans-wc.jpg\",\"contentUrl\":\"https:\\\/\\\/miil.dev.almic.ee\\\/wp-content\\\/uploads\\\/2022\\\/05\\\/orans-wc.jpg\",\"width\":720,\"height\":960},{\"@type\":\"BreadcrumbList\",\"@id\":\"https:\\\/\\\/miil.dev.almic.ee\\\/fi\\\/toode\\\/ulko-wc-keltainen\\\/#breadcrumb\",\"itemListElement\":[{\"@type\":\"ListItem\",\"position\":1,\"name\":\"Home\",\"item\":\"https:\\\/\\\/miil.dev.almic.ee\\\/fi\\\/\"},{\"@type\":\"ListItem\",\"position\":2,\"name\":\"Kauppa\",\"item\":\"https:\\\/\\\/miil.dev.almic.ee\\\/fi\\\/kauppa\\\/\"},{\"@type\":\"ListItem\",\"position\":3,\"name\":\"Ulko-wc keltainen\"}]},{\"@type\":\"WebSite\",\"@id\":\"https:\\\/\\\/miil.dev.almic.ee\\\/#website\",\"url\":\"https:\\\/\\\/miil.dev.almic.ee\\\/\",\"name\":\"Miil O\u00dc\",\"description\":\"Konteinerveod\",\"publisher\":{\"@id\":\"https:\\\/\\\/miil.dev.almic.ee\\\/#organization\"},\"potentialAction\":[{\"@type\":\"SearchAction\",\"target\":{\"@type\":\"EntryPoint\",\"urlTemplate\":\"https:\\\/\\\/miil.dev.almic.ee\\\/?s={search_term_string}\"},\"query-input\":{\"@type\":\"PropertyValueSpecification\",\"valueRequired\":true,\"valueName\":\"search_term_string\"}}],\"inLanguage\":\"fi\"},{\"@type\":\"Organization\",\"@id\":\"https:\\\/\\\/miil.dev.almic.ee\\\/#organization\",\"name\":\"Miil O\u00dc\",\"url\":\"https:\\\/\\\/miil.dev.almic.ee\\\/\",\"logo\":{\"@type\":\"ImageObject\",\"inLanguage\":\"fi\",\"@id\":\"https:\\\/\\\/miil.dev.almic.ee\\\/#\\\/schema\\\/logo\\\/image\\\/\",\"url\":\"https:\\\/\\\/www.miil.ee\\\/wp-content\\\/uploads\\\/2022\\\/02\\\/Miil-logo.svg\",\"contentUrl\":\"https:\\\/\\\/www.miil.ee\\\/wp-content\\\/uploads\\\/2022\\\/02\\\/Miil-logo.svg\",\"width\":\"1024\",\"height\":\"1024\",\"caption\":\"Miil O\u00dc\"},\"image\":{\"@id\":\"https:\\\/\\\/miil.dev.almic.ee\\\/#\\\/schema\\\/logo\\\/image\\\/\"},\"sameAs\":[\"https:\\\/\\\/www.facebook.com\\\/konteinerveod\\\/\",\"https:\\\/\\\/www.instagram.com\\\/ou_miil\\\/\"]}]}<\/script>\n<meta property=\"product:price:amount\" content=\"650.00\" \/>\n<meta property=\"product:price:currency\" content=\"EUR\" \/>\n<meta property=\"og:availability\" content=\"instock\" \/>\n<meta property=\"product:availability\" content=\"instock\" \/>\n<meta property=\"product:condition\" content=\"new\" \/>\n<!-- \/ Yoast SEO Premium plugin. -->","yoast_head_json":{"title":"Ulko-wc keltainen - Miil O\u00dc","description":"Ulko-wc keltainen | Mittatilausty\u00f6n\u00e4 tehdyt kannettavat hytit | Minitalot ja -m\u00f6kit | M\u00f6kkien vuokraus ja myynti | Kuljetus ja korjaukset |","robots":{"index":"index","follow":"follow","max-snippet":"max-snippet:-1","max-image-preview":"max-image-preview:large","max-video-preview":"max-video-preview:-1"},"canonical":"https:\/\/miil.dev.almic.ee\/fi\/toode\/ulko-wc-keltainen\/","og_locale":"fi_FI","og_type":"article","og_title":"Ulko-wc keltainen","og_description":"Ulko-wc keltainen | Mittatilausty\u00f6n\u00e4 tehdyt kannettavat hytit | Minitalot ja -m\u00f6kit | M\u00f6kkien vuokraus ja myynti | Kuljetus ja korjaukset |","og_url":"https:\/\/miil.dev.almic.ee\/fi\/toode\/ulko-wc-keltainen\/","og_site_name":"Miil O\u00dc","article_publisher":"https:\/\/www.facebook.com\/konteinerveod\/","article_modified_time":"2024-12-10T15:41:58+00:00","og_image":[{"width":720,"height":960,"url":"https:\/\/miil.dev.almic.ee\/wp-content\/uploads\/2022\/05\/orans-wc.jpg","type":"image\/jpeg"}],"twitter_card":"summary_large_image","twitter_misc":{"Hinta":"650,00&nbsp;&euro;","Saatavuus":"Varastossa"},"schema":{"@context":"https:\/\/schema.org","@graph":[{"@type":"WebPage","@id":"https:\/\/miil.dev.almic.ee\/fi\/toode\/ulko-wc-keltainen\/","url":"https:\/\/miil.dev.almic.ee\/fi\/toode\/ulko-wc-keltainen\/","name":"Ulko-wc keltainen - Miil O\u00dc","isPartOf":{"@id":"https:\/\/miil.dev.almic.ee\/#website"},"primaryImageOfPage":{"@id":"https:\/\/miil.dev.almic.ee\/fi\/toode\/ulko-wc-keltainen\/#primaryimage"},"image":{"@id":"https:\/\/miil.dev.almic.ee\/fi\/toode\/ulko-wc-keltainen\/#primaryimage"},"thumbnailUrl":"https:\/\/miil.dev.almic.ee\/wp-content\/uploads\/2022\/05\/orans-wc.jpg","datePublished":"2022-05-18T11:16:43+00:00","dateModified":"2024-12-10T15:41:58+00:00","description":"Ulko-wc keltainen | Mittatilausty\u00f6n\u00e4 tehdyt kannettavat hytit | Minitalot ja -m\u00f6kit | M\u00f6kkien vuokraus ja myynti | Kuljetus ja korjaukset |","breadcrumb":{"@id":"https:\/\/miil.dev.almic.ee\/fi\/toode\/ulko-wc-keltainen\/#breadcrumb"},"inLanguage":"fi","potentialAction":[{"@type":"ReadAction","target":["https:\/\/miil.dev.almic.ee\/fi\/toode\/ulko-wc-keltainen\/"]}]},{"@type":"ImageObject","inLanguage":"fi","@id":"https:\/\/miil.dev.almic.ee\/fi\/toode\/ulko-wc-keltainen\/#primaryimage","url":"https:\/\/miil.dev.almic.ee\/wp-content\/uploads\/2022\/05\/orans-wc.jpg","contentUrl":"https:\/\/miil.dev.almic.ee\/wp-content\/uploads\/2022\/05\/orans-wc.jpg","width":720,"height":960},{"@type":"BreadcrumbList","@id":"https:\/\/miil.dev.almic.ee\/fi\/toode\/ulko-wc-keltainen\/#breadcrumb","itemListElement":[{"@type":"ListItem","position":1,"name":"Home","item":"https:\/\/miil.dev.almic.ee\/fi\/"},{"@type":"ListItem","position":2,"name":"Kauppa","item":"https:\/\/miil.dev.almic.ee\/fi\/kauppa\/"},{"@type":"ListItem","position":3,"name":"Ulko-wc keltainen"}]},{"@type":"WebSite","@id":"https:\/\/miil.dev.almic.ee\/#website","url":"https:\/\/miil.dev.almic.ee\/","name":"Miil O\u00dc","description":"Konteinerveod","publisher":{"@id":"https:\/\/miil.dev.almic.ee\/#organization"},"potentialAction":[{"@type":"SearchAction","target":{"@type":"EntryPoint","urlTemplate":"https:\/\/miil.dev.almic.ee\/?s={search_term_string}"},"query-input":{"@type":"PropertyValueSpecification","valueRequired":true,"valueName":"search_term_string"}}],"inLanguage":"fi"},{"@type":"Organization","@id":"https:\/\/miil.dev.almic.ee\/#organization","name":"Miil O\u00dc","url":"https:\/\/miil.dev.almic.ee\/","logo":{"@type":"ImageObject","inLanguage":"fi","@id":"https:\/\/miil.dev.almic.ee\/#\/schema\/logo\/image\/","url":"https:\/\/www.miil.ee\/wp-content\/uploads\/2022\/02\/Miil-logo.svg","contentUrl":"https:\/\/www.miil.ee\/wp-content\/uploads\/2022\/02\/Miil-logo.svg","width":"1024","height":"1024","caption":"Miil O\u00dc"},"image":{"@id":"https:\/\/miil.dev.almic.ee\/#\/schema\/logo\/image\/"},"sameAs":["https:\/\/www.facebook.com\/konteinerveod\/","https:\/\/www.instagram.com\/ou_miil\/"]}]},"product_price_amount":"650.00","product_price_currency":"EUR","og_availability":"instock","product_availability":"instock","product_condition":"new"},"_links":{"self":[{"href":"https:\/\/miil.dev.almic.ee\/fi\/wp-json\/wp\/v2\/product\/15599","targetHints":{"allow":["GET"]}}],"collection":[{"href":"https:\/\/miil.dev.almic.ee\/fi\/wp-json\/wp\/v2\/product"}],"about":[{"href":"https:\/\/miil.dev.almic.ee\/fi\/wp-json\/wp\/v2\/types\/product"}],"replies":[{"embeddable":true,"href":"https:\/\/miil.dev.almic.ee\/fi\/wp-json\/wp\/v2\/comments?post=15599"}],"wp:featuredmedia":[{"embeddable":true,"href":"https:\/\/miil.dev.almic.ee\/fi\/wp-json\/wp\/v2\/media\/2960"}],"wp:attachment":[{"href":"https:\/\/miil.dev.almic.ee\/fi\/wp-json\/wp\/v2\/media?parent=15599"}],"wp:term":[{"taxonomy":"product_cat","embeddable":true,"href":"https:\/\/miil.dev.almic.ee\/fi\/wp-json\/wp\/v2\/product_cat?post=15599"},{"taxonomy":"product_tag","embeddable":true,"href":"https:\/\/miil.dev.almic.ee\/fi\/wp-json\/wp\/v2\/product_tag?post=15599"}],"curies":[{"name":"wp","href":"https:\/\/api.w.org\/{rel}","templated":true}]}}