{"id":15579,"date":"2022-05-18T14:18:21","date_gmt":"2022-05-18T11:18:21","guid":{"rendered":"https:\/\/www.miil.ee\/toode\/konteineri-sillauhendused\/"},"modified":"2024-11-05T13:47:05","modified_gmt":"2024-11-05T11:47:05","slug":"konttisiltaliitannat","status":"publish","type":"product","link":"https:\/\/miil.dev.almic.ee\/fi\/toode\/konttisiltaliitannat\/","title":{"rendered":"Konttisiltaliit\u00e4nn\u00e4t"},"content":{"rendered":"<h1>Turvalliset ja tehokkaat Konttisiltaliit\u00e4nn\u00e4t konttien yhdist\u00e4miseen toisiinsa<\/h1>\n<p>Tutustu luotettaviin ja k\u00e4teviin Container Bridge -liit\u00e4nt\u00f6ihimme, jotka varmistavat konttien sujuvan liitt\u00e4misen.<\/p>\n<p>Tarvitsetko luotettavan ratkaisun konttien liitt\u00e4miseen ja kiinnitt\u00e4miseen p\u00e4\u00e4st\u00e4 p\u00e4\u00e4h\u00e4n? \u00c4l\u00e4 etsi en\u00e4\u00e4, sill\u00e4 huippuluokan Container Bridge -liittimemme ovat juuri sit\u00e4, mit\u00e4 tarvitset. Ne on suunniteltu yhdist\u00e4m\u00e4\u00e4n s\u00e4ili\u00f6t turvallisesti yhteen tasoon, mik\u00e4 tarjoaa k\u00e4tev\u00e4n ja tehokkaan tavan sitoa s\u00e4ili\u00f6t yhteen.<\/p>\n<p>Konttisillalla on t\u00e4rke\u00e4 rooli konttilogistiikassa, jolloin voit luoda hyvin organisoidun ja toisiinsa yhdistetyn konttij\u00e4rjestelm\u00e4n. Yhdist\u00e4m\u00e4ll\u00e4 kontit turvallisesti yhteen tasoon n\u00e4m\u00e4 siltaliitokset varmistavat vakauden sek\u00e4 kuljetuksessa, varastoinnissa ett\u00e4 k\u00e4sittelyss\u00e4. T\u00e4m\u00e4 tarkoittaa, ett\u00e4 voit turvallisesti siirt\u00e4\u00e4 konttejasi yhten\u00e4 yksikk\u00f6n\u00e4, mik\u00e4 v\u00e4hent\u00e4\u00e4 siirtymisen tai vaurioitumisen riski\u00e4.<\/p>\n<p>Siltaliittimemme on suunniteltu kest\u00e4vyytt\u00e4 ja helppok\u00e4ytt\u00f6isyytt\u00e4 ajatellen. Valmistettu korkealaatuisista materiaaleista, ne tarjoavat vahvan ja kest\u00e4v\u00e4n ratkaisun konttien yhdist\u00e4miseen. Turvallinen lukitusmekanismi varmistaa, ett\u00e4 siltaliitokset pysyv\u00e4t tukevasti paikoillaan my\u00f6s dynaamisissa olosuhteissa tai t\u00e4rin\u00e4ss\u00e4. Oli kyse sitten satamasta, varastosta tai muusta konttitilasta, siltayhteytemme takaavat luotettavan ja vaivattoman prosessin konttien yhdist\u00e4miseksi toisiinsa.<\/p>\n<p>Lis\u00e4ksi Container-siltaliitosten suunnittelu mahdollistaa nopean ja vaivattoman asennuksen. K\u00e4ytt\u00e4j\u00e4yst\u00e4v\u00e4llisten ominaisuuksien avulla voit helposti kytke\u00e4 ja irrottaa siltaliit\u00e4nn\u00e4t tarpeen mukaan, mik\u00e4 s\u00e4\u00e4st\u00e4\u00e4 arvokasta aikaa ja vaivaa. T\u00e4m\u00e4n joustavuuden ansiosta voit mukautua muuttuviin s\u00e4ili\u00f6kokoonpanoihin ja optimoida toimintosi sen mukaisesti.<\/p>\n<p>Yhteenvetona voidaan todeta, ett\u00e4 jos tarvitset turvallisen ja tehokkaan konttiliitoksen, Container-siltaliit\u00e4nn\u00e4mme ovat t\u00e4ydellinen valinta. Niiden painotus vakauteen, kest\u00e4vyyteen ja helppok\u00e4ytt\u00f6isyyteen tarjoaa luotettavan ratkaisun konttisi yhdist\u00e4miseen yhteen tasoon. Koe saumaton konttilogistiikka ja parempi turvallisuus valitsemalla korkealaatuiset Container Bridge -liittimet.<\/p>\n<p>Optimoi konttien yhteenliitt\u00e4minen Container Bridge -liit\u00e4nn\u00f6ill\u00e4 &#8211; vakaus ja mukavuus yhdess\u00e4.<\/p>\n<p>Katso muut hyllyt ja tarvikkeet <a href=\"https:\/\/www.miil.ee\/fi\/merekonteinerid\/lisavarusteet\/\">t\u00e4\u00e4lt\u00e4!<\/a><\/p>\n<p>Seuraa meit\u00e4\u00a0<a href=\"https:\/\/www.facebook.com\/konteinerveod\/\">Facebook<\/a>\u00a0tai\u00a0<a href=\"https:\/\/www.instagram.com\/ou_miil\/\">Instagram<\/a><\/p>\n","protected":false},"excerpt":{"rendered":"<p>Konttisiltaliit\u00e4nn\u00e4t<\/p>\n","protected":false},"featured_media":3072,"comment_status":"closed","ping_status":"closed","template":"","meta":{"_acf_changed":false},"product_cat":[335],"product_tag":[],"class_list":{"0":"post-15579","1":"product","2":"type-product","3":"status-publish","4":"has-post-thumbnail","6":"product_cat-lisavarusteet","8":"first","9":"instock","10":"shipping-taxable","11":"purchasable","12":"product-type-simple"},"acf":[],"yoast_head":"<!-- This site is optimized with the Yoast SEO Premium plugin v23.9 (Yoast SEO v27.5) - https:\/\/yoast.com\/product\/yoast-seo-premium-wordpress\/ -->\n<title>Konttisiltaliit\u00e4nn\u00e4t - Miil O\u00dc<\/title>\n<meta name=\"description\" content=\"Konttisiltaliit\u00e4nn\u00e4t | M\u00f6kkien myynti | m\u00f6kkien vuokraus | Merikonttien myynti | Merikonttien vuokraus | Best in Finland \u2b50\ufe0f\u2b50\ufe0f\u2b50\ufe0f\u2b50\ufe0f\u2b50\" \/>\n<meta name=\"robots\" content=\"index, follow, max-snippet:-1, max-image-preview:large, max-video-preview:-1\" \/>\n<link rel=\"canonical\" href=\"https:\/\/miil.dev.almic.ee\/fi\/toode\/konttisiltaliitannat\/\" \/>\n<meta property=\"og:locale\" content=\"fi_FI\" \/>\n<meta property=\"og:type\" content=\"article\" \/>\n<meta property=\"og:title\" content=\"Konttisiltaliit\u00e4nn\u00e4t\" \/>\n<meta property=\"og:description\" content=\"Konttisiltaliit\u00e4nn\u00e4t | M\u00f6kkien myynti | m\u00f6kkien vuokraus | Merikonttien myynti | Merikonttien vuokraus | Best in Finland \u2b50\ufe0f\u2b50\ufe0f\u2b50\ufe0f\u2b50\ufe0f\u2b50\" \/>\n<meta property=\"og:url\" content=\"https:\/\/miil.dev.almic.ee\/fi\/toode\/konttisiltaliitannat\/\" \/>\n<meta property=\"og:site_name\" content=\"Miil O\u00dc\" \/>\n<meta property=\"article:publisher\" content=\"https:\/\/www.facebook.com\/konteinerveod\/\" \/>\n<meta property=\"article:modified_time\" content=\"2024-11-05T11:47:05+00:00\" \/>\n<meta property=\"og:image\" content=\"https:\/\/miil.dev.almic.ee\/wp-content\/uploads\/2022\/05\/IMG_20210617_090937-scaled-1-scaled.jpg\" \/>\n\t<meta property=\"og:image:width\" content=\"1900\" \/>\n\t<meta property=\"og:image:height\" content=\"855\" \/>\n\t<meta property=\"og:image:type\" content=\"image\/jpeg\" \/>\n<meta name=\"twitter:card\" content=\"summary_large_image\" \/>\n<meta name=\"twitter:label1\" content=\"Hinta\" \/>\n\t<meta name=\"twitter:data1\" content=\"35,00&nbsp;&euro;\" \/>\n\t<meta name=\"twitter:label2\" content=\"Saatavuus\" \/>\n\t<meta name=\"twitter:data2\" content=\"Varastossa\" \/>\n<script type=\"application\/ld+json\" class=\"yoast-schema-graph\">{\"@context\":\"https:\\\/\\\/schema.org\",\"@graph\":[{\"@type\":\"WebPage\",\"@id\":\"https:\\\/\\\/miil.dev.almic.ee\\\/fi\\\/toode\\\/konttisiltaliitannat\\\/\",\"url\":\"https:\\\/\\\/miil.dev.almic.ee\\\/fi\\\/toode\\\/konttisiltaliitannat\\\/\",\"name\":\"Konttisiltaliit\u00e4nn\u00e4t - Miil O\u00dc\",\"isPartOf\":{\"@id\":\"https:\\\/\\\/miil.dev.almic.ee\\\/#website\"},\"primaryImageOfPage\":{\"@id\":\"https:\\\/\\\/miil.dev.almic.ee\\\/fi\\\/toode\\\/konttisiltaliitannat\\\/#primaryimage\"},\"image\":{\"@id\":\"https:\\\/\\\/miil.dev.almic.ee\\\/fi\\\/toode\\\/konttisiltaliitannat\\\/#primaryimage\"},\"thumbnailUrl\":\"https:\\\/\\\/miil.dev.almic.ee\\\/wp-content\\\/uploads\\\/2022\\\/05\\\/IMG_20210617_090937-scaled-1-scaled.jpg\",\"datePublished\":\"2022-05-18T11:18:21+00:00\",\"dateModified\":\"2024-11-05T11:47:05+00:00\",\"description\":\"Konttisiltaliit\u00e4nn\u00e4t | M\u00f6kkien myynti | m\u00f6kkien vuokraus | Merikonttien myynti | Merikonttien vuokraus | Best in Finland \u2b50\ufe0f\u2b50\ufe0f\u2b50\ufe0f\u2b50\ufe0f\u2b50\",\"breadcrumb\":{\"@id\":\"https:\\\/\\\/miil.dev.almic.ee\\\/fi\\\/toode\\\/konttisiltaliitannat\\\/#breadcrumb\"},\"inLanguage\":\"fi\",\"potentialAction\":[{\"@type\":\"ReadAction\",\"target\":[\"https:\\\/\\\/miil.dev.almic.ee\\\/fi\\\/toode\\\/konttisiltaliitannat\\\/\"]}]},{\"@type\":\"ImageObject\",\"inLanguage\":\"fi\",\"@id\":\"https:\\\/\\\/miil.dev.almic.ee\\\/fi\\\/toode\\\/konttisiltaliitannat\\\/#primaryimage\",\"url\":\"https:\\\/\\\/miil.dev.almic.ee\\\/wp-content\\\/uploads\\\/2022\\\/05\\\/IMG_20210617_090937-scaled-1-scaled.jpg\",\"contentUrl\":\"https:\\\/\\\/miil.dev.almic.ee\\\/wp-content\\\/uploads\\\/2022\\\/05\\\/IMG_20210617_090937-scaled-1-scaled.jpg\",\"width\":1900,\"height\":855},{\"@type\":\"BreadcrumbList\",\"@id\":\"https:\\\/\\\/miil.dev.almic.ee\\\/fi\\\/toode\\\/konttisiltaliitannat\\\/#breadcrumb\",\"itemListElement\":[{\"@type\":\"ListItem\",\"position\":1,\"name\":\"Home\",\"item\":\"https:\\\/\\\/miil.dev.almic.ee\\\/fi\\\/\"},{\"@type\":\"ListItem\",\"position\":2,\"name\":\"Kauppa\",\"item\":\"https:\\\/\\\/miil.dev.almic.ee\\\/fi\\\/kauppa\\\/\"},{\"@type\":\"ListItem\",\"position\":3,\"name\":\"Konttisiltaliit\u00e4nn\u00e4t\"}]},{\"@type\":\"WebSite\",\"@id\":\"https:\\\/\\\/miil.dev.almic.ee\\\/#website\",\"url\":\"https:\\\/\\\/miil.dev.almic.ee\\\/\",\"name\":\"Miil O\u00dc\",\"description\":\"Konteinerveod\",\"publisher\":{\"@id\":\"https:\\\/\\\/miil.dev.almic.ee\\\/#organization\"},\"potentialAction\":[{\"@type\":\"SearchAction\",\"target\":{\"@type\":\"EntryPoint\",\"urlTemplate\":\"https:\\\/\\\/miil.dev.almic.ee\\\/?s={search_term_string}\"},\"query-input\":{\"@type\":\"PropertyValueSpecification\",\"valueRequired\":true,\"valueName\":\"search_term_string\"}}],\"inLanguage\":\"fi\"},{\"@type\":\"Organization\",\"@id\":\"https:\\\/\\\/miil.dev.almic.ee\\\/#organization\",\"name\":\"Miil O\u00dc\",\"url\":\"https:\\\/\\\/miil.dev.almic.ee\\\/\",\"logo\":{\"@type\":\"ImageObject\",\"inLanguage\":\"fi\",\"@id\":\"https:\\\/\\\/miil.dev.almic.ee\\\/#\\\/schema\\\/logo\\\/image\\\/\",\"url\":\"https:\\\/\\\/www.miil.ee\\\/wp-content\\\/uploads\\\/2022\\\/02\\\/Miil-logo.svg\",\"contentUrl\":\"https:\\\/\\\/www.miil.ee\\\/wp-content\\\/uploads\\\/2022\\\/02\\\/Miil-logo.svg\",\"width\":\"1024\",\"height\":\"1024\",\"caption\":\"Miil O\u00dc\"},\"image\":{\"@id\":\"https:\\\/\\\/miil.dev.almic.ee\\\/#\\\/schema\\\/logo\\\/image\\\/\"},\"sameAs\":[\"https:\\\/\\\/www.facebook.com\\\/konteinerveod\\\/\",\"https:\\\/\\\/www.instagram.com\\\/ou_miil\\\/\"]}]}<\/script>\n<meta property=\"product:price:amount\" content=\"35.00\" \/>\n<meta property=\"product:price:currency\" content=\"EUR\" \/>\n<meta property=\"og:availability\" content=\"instock\" \/>\n<meta property=\"product:availability\" content=\"instock\" \/>\n<meta property=\"product:condition\" content=\"new\" \/>\n<!-- \/ Yoast SEO Premium plugin. -->","yoast_head_json":{"title":"Konttisiltaliit\u00e4nn\u00e4t - Miil O\u00dc","description":"Konttisiltaliit\u00e4nn\u00e4t | M\u00f6kkien myynti | m\u00f6kkien vuokraus | Merikonttien myynti | Merikonttien vuokraus | Best in Finland \u2b50\ufe0f\u2b50\ufe0f\u2b50\ufe0f\u2b50\ufe0f\u2b50","robots":{"index":"index","follow":"follow","max-snippet":"max-snippet:-1","max-image-preview":"max-image-preview:large","max-video-preview":"max-video-preview:-1"},"canonical":"https:\/\/miil.dev.almic.ee\/fi\/toode\/konttisiltaliitannat\/","og_locale":"fi_FI","og_type":"article","og_title":"Konttisiltaliit\u00e4nn\u00e4t","og_description":"Konttisiltaliit\u00e4nn\u00e4t | M\u00f6kkien myynti | m\u00f6kkien vuokraus | Merikonttien myynti | Merikonttien vuokraus | Best in Finland \u2b50\ufe0f\u2b50\ufe0f\u2b50\ufe0f\u2b50\ufe0f\u2b50","og_url":"https:\/\/miil.dev.almic.ee\/fi\/toode\/konttisiltaliitannat\/","og_site_name":"Miil O\u00dc","article_publisher":"https:\/\/www.facebook.com\/konteinerveod\/","article_modified_time":"2024-11-05T11:47:05+00:00","og_image":[{"width":1900,"height":855,"url":"https:\/\/miil.dev.almic.ee\/wp-content\/uploads\/2022\/05\/IMG_20210617_090937-scaled-1-scaled.jpg","type":"image\/jpeg"}],"twitter_card":"summary_large_image","twitter_misc":{"Hinta":"35,00&nbsp;&euro;","Saatavuus":"Varastossa"},"schema":{"@context":"https:\/\/schema.org","@graph":[{"@type":"WebPage","@id":"https:\/\/miil.dev.almic.ee\/fi\/toode\/konttisiltaliitannat\/","url":"https:\/\/miil.dev.almic.ee\/fi\/toode\/konttisiltaliitannat\/","name":"Konttisiltaliit\u00e4nn\u00e4t - Miil O\u00dc","isPartOf":{"@id":"https:\/\/miil.dev.almic.ee\/#website"},"primaryImageOfPage":{"@id":"https:\/\/miil.dev.almic.ee\/fi\/toode\/konttisiltaliitannat\/#primaryimage"},"image":{"@id":"https:\/\/miil.dev.almic.ee\/fi\/toode\/konttisiltaliitannat\/#primaryimage"},"thumbnailUrl":"https:\/\/miil.dev.almic.ee\/wp-content\/uploads\/2022\/05\/IMG_20210617_090937-scaled-1-scaled.jpg","datePublished":"2022-05-18T11:18:21+00:00","dateModified":"2024-11-05T11:47:05+00:00","description":"Konttisiltaliit\u00e4nn\u00e4t | M\u00f6kkien myynti | m\u00f6kkien vuokraus | Merikonttien myynti | Merikonttien vuokraus | Best in Finland \u2b50\ufe0f\u2b50\ufe0f\u2b50\ufe0f\u2b50\ufe0f\u2b50","breadcrumb":{"@id":"https:\/\/miil.dev.almic.ee\/fi\/toode\/konttisiltaliitannat\/#breadcrumb"},"inLanguage":"fi","potentialAction":[{"@type":"ReadAction","target":["https:\/\/miil.dev.almic.ee\/fi\/toode\/konttisiltaliitannat\/"]}]},{"@type":"ImageObject","inLanguage":"fi","@id":"https:\/\/miil.dev.almic.ee\/fi\/toode\/konttisiltaliitannat\/#primaryimage","url":"https:\/\/miil.dev.almic.ee\/wp-content\/uploads\/2022\/05\/IMG_20210617_090937-scaled-1-scaled.jpg","contentUrl":"https:\/\/miil.dev.almic.ee\/wp-content\/uploads\/2022\/05\/IMG_20210617_090937-scaled-1-scaled.jpg","width":1900,"height":855},{"@type":"BreadcrumbList","@id":"https:\/\/miil.dev.almic.ee\/fi\/toode\/konttisiltaliitannat\/#breadcrumb","itemListElement":[{"@type":"ListItem","position":1,"name":"Home","item":"https:\/\/miil.dev.almic.ee\/fi\/"},{"@type":"ListItem","position":2,"name":"Kauppa","item":"https:\/\/miil.dev.almic.ee\/fi\/kauppa\/"},{"@type":"ListItem","position":3,"name":"Konttisiltaliit\u00e4nn\u00e4t"}]},{"@type":"WebSite","@id":"https:\/\/miil.dev.almic.ee\/#website","url":"https:\/\/miil.dev.almic.ee\/","name":"Miil O\u00dc","description":"Konteinerveod","publisher":{"@id":"https:\/\/miil.dev.almic.ee\/#organization"},"potentialAction":[{"@type":"SearchAction","target":{"@type":"EntryPoint","urlTemplate":"https:\/\/miil.dev.almic.ee\/?s={search_term_string}"},"query-input":{"@type":"PropertyValueSpecification","valueRequired":true,"valueName":"search_term_string"}}],"inLanguage":"fi"},{"@type":"Organization","@id":"https:\/\/miil.dev.almic.ee\/#organization","name":"Miil O\u00dc","url":"https:\/\/miil.dev.almic.ee\/","logo":{"@type":"ImageObject","inLanguage":"fi","@id":"https:\/\/miil.dev.almic.ee\/#\/schema\/logo\/image\/","url":"https:\/\/www.miil.ee\/wp-content\/uploads\/2022\/02\/Miil-logo.svg","contentUrl":"https:\/\/www.miil.ee\/wp-content\/uploads\/2022\/02\/Miil-logo.svg","width":"1024","height":"1024","caption":"Miil O\u00dc"},"image":{"@id":"https:\/\/miil.dev.almic.ee\/#\/schema\/logo\/image\/"},"sameAs":["https:\/\/www.facebook.com\/konteinerveod\/","https:\/\/www.instagram.com\/ou_miil\/"]}]},"product_price_amount":"35.00","product_price_currency":"EUR","og_availability":"instock","product_availability":"instock","product_condition":"new"},"_links":{"self":[{"href":"https:\/\/miil.dev.almic.ee\/fi\/wp-json\/wp\/v2\/product\/15579","targetHints":{"allow":["GET"]}}],"collection":[{"href":"https:\/\/miil.dev.almic.ee\/fi\/wp-json\/wp\/v2\/product"}],"about":[{"href":"https:\/\/miil.dev.almic.ee\/fi\/wp-json\/wp\/v2\/types\/product"}],"replies":[{"embeddable":true,"href":"https:\/\/miil.dev.almic.ee\/fi\/wp-json\/wp\/v2\/comments?post=15579"}],"wp:featuredmedia":[{"embeddable":true,"href":"https:\/\/miil.dev.almic.ee\/fi\/wp-json\/wp\/v2\/media\/3072"}],"wp:attachment":[{"href":"https:\/\/miil.dev.almic.ee\/fi\/wp-json\/wp\/v2\/media?parent=15579"}],"wp:term":[{"taxonomy":"product_cat","embeddable":true,"href":"https:\/\/miil.dev.almic.ee\/fi\/wp-json\/wp\/v2\/product_cat?post=15579"},{"taxonomy":"product_tag","embeddable":true,"href":"https:\/\/miil.dev.almic.ee\/fi\/wp-json\/wp\/v2\/product_tag?post=15579"}],"curies":[{"name":"wp","href":"https:\/\/api.w.org\/{rel}","templated":true}]}}