{"id":15575,"date":"2022-05-18T14:18:21","date_gmt":"2022-05-18T11:18:21","guid":{"rendered":"https:\/\/www.miil.ee\/toode\/konteineri-nurgalukud\/"},"modified":"2024-11-05T11:07:34","modified_gmt":"2024-11-05T09:07:34","slug":"kontin-kulman-lukot","status":"publish","type":"product","link":"https:\/\/miil.dev.almic.ee\/fi\/toode\/kontin-kulman-lukot\/","title":{"rendered":"Kontin kulman lukot"},"content":{"rendered":"<h1>Vahvat ja turvalliset merikonttien kulmalukot &#8211; konttien turvalliseen kerrostamiseen<\/h1>\n<p>Kest\u00e4v\u00e4t ja luotettavat merikonttien kulmalukot, joiden avulla voit yhdist\u00e4\u00e4 ja kerrostaa kaksi konttia turvallisesti p\u00e4\u00e4llekk\u00e4in.<\/p>\n<p>Etsitk\u00f6 luotettavaa ratkaisua kahden s\u00e4ili\u00f6n turvalliseen kerrostamiseen? Kontin kulman lukkomme ovat juuri sit\u00e4, mit\u00e4 tarvitset. N\u00e4m\u00e4 vahvat lukitusmekanismit varmistavat turvallisen ja varman yhteyden. N\u00e4in voit pinota ja kiinnitt\u00e4\u00e4 kaksi konttia vakaasti p\u00e4\u00e4llekk\u00e4in.<\/p>\n<p>N\u00e4ill\u00e4 kulmalukoilla on t\u00e4rke\u00e4 rooli konttilogistiikassa, jolloin voit maksimoida tilank\u00e4yt\u00f6n ja k\u00e4ytt\u00e4\u00e4 tehokkaasti konttien pystysuoraa tilaa. Kulmalukkomme on suunniteltu ja valmistettu erityisesti kest\u00e4vist\u00e4 materiaaleista niiden lujuuden ja kest\u00e4vyyden varmistamiseksi. N\u00e4m\u00e4 lukitusmekanismit tarjoavat vankan ja turvallisen liitoksen, joka kest\u00e4\u00e4 kaikenlaisia \u200b\u200brasituksia ja dynaamisia olosuhteita.<\/p>\n<h2>Kontin kulman lukot &#8211; Kuinka asentaa?<\/h2>\n<p>S\u00e4ili\u00f6n kulmalukot on helppo asentaa ja k\u00e4ytt\u00e4\u00e4. Niiden muotoilu mahdollistaa nopean ja k\u00e4tev\u00e4n lukitsemisen ja avaamisen, mik\u00e4 tekee konttien liitt\u00e4misest\u00e4 yksinkertaista ja tehokasta. Voit nopeasti ja helposti kiinnitt\u00e4\u00e4 ja vapauttaa kulmalukot tarpeidesi mukaan, mik\u00e4 s\u00e4\u00e4st\u00e4\u00e4 aikaa ja vaivaa. Olipa kyseess\u00e4 satamissa, varastoissa tai rakennusty\u00f6mailla, lukkomme auttavat sinua optimoimaan konttien k\u00e4yt\u00f6n ja varastoinnin varmistaen samalla niiden turvallisuuden.<\/p>\n<p>Turvallisuus on t\u00e4rke\u00e4 ominaisuus kontinkulmalukoissamme. N\u00e4m\u00e4 lukitusmekanismit varmistavat turvallisen ja luotettavan yhteyden, mik\u00e4 v\u00e4hent\u00e4\u00e4 riski\u00e4, \u200b\u200bett\u00e4 kerrostetut s\u00e4ili\u00f6t voivat irrota tai liikkua. Voit k\u00e4ytt\u00e4\u00e4 kontteja mielenrauhalla tiet\u00e4en, ett\u00e4 ne ovat tiukasti kiinni ja kaikki arvoesineet ovat turvallisesti s\u00e4ilytettyin\u00e4.<\/p>\n<p>Kaiken kaikkiaan, jos haluat varmistaa kahden kontin turvallisen liitt\u00e4misen ja kerrostamisen, Container Corner -lukkomme ovat paras valinta. Niiden vahvuus, helppok\u00e4ytt\u00f6isyys ja turvallisuus takaavat sujuvan konttilogistiikan ja antavat sinulle mielenrauhan, kun tied\u00e4t, ett\u00e4 kontisi ovat tiukasti yhteydess\u00e4 toisiinsa.<\/p>\n<p>Seuraa meit\u00e4\u00a0<a href=\"https:\/\/www.facebook.com\/konteinerveod\/\">Facebook<\/a>\u00a0tai\u00a0<a href=\"https:\/\/www.instagram.com\/ou_miil\/\">Instagram<\/a><\/p>\n","protected":false},"excerpt":{"rendered":"<p>Kontin kulman lukot<\/p>\n","protected":false},"featured_media":3010,"comment_status":"closed","ping_status":"closed","template":"","meta":{"_acf_changed":false},"product_cat":[335],"product_tag":[],"class_list":{"0":"post-15575","1":"product","2":"type-product","3":"status-publish","4":"has-post-thumbnail","6":"product_cat-lisavarusteet","8":"first","9":"instock","10":"shipping-taxable","11":"purchasable","12":"product-type-simple"},"acf":[],"yoast_head":"<!-- This site is optimized with the Yoast SEO Premium plugin v23.9 (Yoast SEO v27.5) - https:\/\/yoast.com\/product\/yoast-seo-premium-wordpress\/ -->\n<title>Kontin kulman lukot - Miil O\u00dc<\/title>\n<meta name=\"description\" content=\"Kontin kulman lukot | Minitalot ja -m\u00f6kit | M\u00f6kkien vuokraus ja myynti | Kuljetus ja korjaus | S\u00e4hk\u00f6ty\u00f6t ja l\u00e4mmitys | \u2b50\ufe0f\u2b50\ufe0f\u2b50\ufe0f\u2b50\ufe0f\u2b50\" \/>\n<meta name=\"robots\" content=\"index, follow, max-snippet:-1, max-image-preview:large, max-video-preview:-1\" \/>\n<link rel=\"canonical\" href=\"https:\/\/miil.dev.almic.ee\/fi\/toode\/kontin-kulman-lukot\/\" \/>\n<meta property=\"og:locale\" content=\"fi_FI\" \/>\n<meta property=\"og:type\" content=\"article\" \/>\n<meta property=\"og:title\" content=\"Kontin kulman lukot\" \/>\n<meta property=\"og:description\" content=\"Kontin kulman lukot | Minitalot ja -m\u00f6kit | M\u00f6kkien vuokraus ja myynti | Kuljetus ja korjaus | S\u00e4hk\u00f6ty\u00f6t ja l\u00e4mmitys | \u2b50\ufe0f\u2b50\ufe0f\u2b50\ufe0f\u2b50\ufe0f\u2b50\" \/>\n<meta property=\"og:url\" content=\"https:\/\/miil.dev.almic.ee\/fi\/toode\/kontin-kulman-lukot\/\" \/>\n<meta property=\"og:site_name\" content=\"Miil O\u00dc\" \/>\n<meta property=\"article:publisher\" content=\"https:\/\/www.facebook.com\/konteinerveod\/\" \/>\n<meta property=\"article:modified_time\" content=\"2024-11-05T09:07:34+00:00\" \/>\n<meta property=\"og:image\" content=\"https:\/\/miil.dev.almic.ee\/wp-content\/uploads\/2022\/05\/IMG_20210617_090932-scaled-1-scaled.jpg\" \/>\n\t<meta property=\"og:image:width\" content=\"1900\" \/>\n\t<meta property=\"og:image:height\" content=\"855\" \/>\n\t<meta property=\"og:image:type\" content=\"image\/jpeg\" \/>\n<meta name=\"twitter:card\" content=\"summary_large_image\" \/>\n<meta name=\"twitter:label1\" content=\"Hinta\" \/>\n\t<meta name=\"twitter:data1\" content=\"45,00&nbsp;&euro;\" \/>\n\t<meta name=\"twitter:label2\" content=\"Saatavuus\" \/>\n\t<meta name=\"twitter:data2\" content=\"Varastossa\" \/>\n<script type=\"application\/ld+json\" class=\"yoast-schema-graph\">{\"@context\":\"https:\\\/\\\/schema.org\",\"@graph\":[{\"@type\":\"WebPage\",\"@id\":\"https:\\\/\\\/miil.dev.almic.ee\\\/fi\\\/toode\\\/kontin-kulman-lukot\\\/\",\"url\":\"https:\\\/\\\/miil.dev.almic.ee\\\/fi\\\/toode\\\/kontin-kulman-lukot\\\/\",\"name\":\"Kontin kulman lukot - Miil O\u00dc\",\"isPartOf\":{\"@id\":\"https:\\\/\\\/miil.dev.almic.ee\\\/#website\"},\"primaryImageOfPage\":{\"@id\":\"https:\\\/\\\/miil.dev.almic.ee\\\/fi\\\/toode\\\/kontin-kulman-lukot\\\/#primaryimage\"},\"image\":{\"@id\":\"https:\\\/\\\/miil.dev.almic.ee\\\/fi\\\/toode\\\/kontin-kulman-lukot\\\/#primaryimage\"},\"thumbnailUrl\":\"https:\\\/\\\/miil.dev.almic.ee\\\/wp-content\\\/uploads\\\/2022\\\/05\\\/IMG_20210617_090932-scaled-1-scaled.jpg\",\"datePublished\":\"2022-05-18T11:18:21+00:00\",\"dateModified\":\"2024-11-05T09:07:34+00:00\",\"description\":\"Kontin kulman lukot | Minitalot ja -m\u00f6kit | M\u00f6kkien vuokraus ja myynti | Kuljetus ja korjaus | S\u00e4hk\u00f6ty\u00f6t ja l\u00e4mmitys | \u2b50\ufe0f\u2b50\ufe0f\u2b50\ufe0f\u2b50\ufe0f\u2b50\",\"breadcrumb\":{\"@id\":\"https:\\\/\\\/miil.dev.almic.ee\\\/fi\\\/toode\\\/kontin-kulman-lukot\\\/#breadcrumb\"},\"inLanguage\":\"fi\",\"potentialAction\":[{\"@type\":\"ReadAction\",\"target\":[\"https:\\\/\\\/miil.dev.almic.ee\\\/fi\\\/toode\\\/kontin-kulman-lukot\\\/\"]}]},{\"@type\":\"ImageObject\",\"inLanguage\":\"fi\",\"@id\":\"https:\\\/\\\/miil.dev.almic.ee\\\/fi\\\/toode\\\/kontin-kulman-lukot\\\/#primaryimage\",\"url\":\"https:\\\/\\\/miil.dev.almic.ee\\\/wp-content\\\/uploads\\\/2022\\\/05\\\/IMG_20210617_090932-scaled-1-scaled.jpg\",\"contentUrl\":\"https:\\\/\\\/miil.dev.almic.ee\\\/wp-content\\\/uploads\\\/2022\\\/05\\\/IMG_20210617_090932-scaled-1-scaled.jpg\",\"width\":1900,\"height\":855},{\"@type\":\"BreadcrumbList\",\"@id\":\"https:\\\/\\\/miil.dev.almic.ee\\\/fi\\\/toode\\\/kontin-kulman-lukot\\\/#breadcrumb\",\"itemListElement\":[{\"@type\":\"ListItem\",\"position\":1,\"name\":\"Home\",\"item\":\"https:\\\/\\\/miil.dev.almic.ee\\\/fi\\\/\"},{\"@type\":\"ListItem\",\"position\":2,\"name\":\"Kauppa\",\"item\":\"https:\\\/\\\/miil.dev.almic.ee\\\/fi\\\/kauppa\\\/\"},{\"@type\":\"ListItem\",\"position\":3,\"name\":\"Kontin kulman lukot\"}]},{\"@type\":\"WebSite\",\"@id\":\"https:\\\/\\\/miil.dev.almic.ee\\\/#website\",\"url\":\"https:\\\/\\\/miil.dev.almic.ee\\\/\",\"name\":\"Miil O\u00dc\",\"description\":\"Konteinerveod\",\"publisher\":{\"@id\":\"https:\\\/\\\/miil.dev.almic.ee\\\/#organization\"},\"potentialAction\":[{\"@type\":\"SearchAction\",\"target\":{\"@type\":\"EntryPoint\",\"urlTemplate\":\"https:\\\/\\\/miil.dev.almic.ee\\\/?s={search_term_string}\"},\"query-input\":{\"@type\":\"PropertyValueSpecification\",\"valueRequired\":true,\"valueName\":\"search_term_string\"}}],\"inLanguage\":\"fi\"},{\"@type\":\"Organization\",\"@id\":\"https:\\\/\\\/miil.dev.almic.ee\\\/#organization\",\"name\":\"Miil O\u00dc\",\"url\":\"https:\\\/\\\/miil.dev.almic.ee\\\/\",\"logo\":{\"@type\":\"ImageObject\",\"inLanguage\":\"fi\",\"@id\":\"https:\\\/\\\/miil.dev.almic.ee\\\/#\\\/schema\\\/logo\\\/image\\\/\",\"url\":\"https:\\\/\\\/www.miil.ee\\\/wp-content\\\/uploads\\\/2022\\\/02\\\/Miil-logo.svg\",\"contentUrl\":\"https:\\\/\\\/www.miil.ee\\\/wp-content\\\/uploads\\\/2022\\\/02\\\/Miil-logo.svg\",\"width\":\"1024\",\"height\":\"1024\",\"caption\":\"Miil O\u00dc\"},\"image\":{\"@id\":\"https:\\\/\\\/miil.dev.almic.ee\\\/#\\\/schema\\\/logo\\\/image\\\/\"},\"sameAs\":[\"https:\\\/\\\/www.facebook.com\\\/konteinerveod\\\/\",\"https:\\\/\\\/www.instagram.com\\\/ou_miil\\\/\"]}]}<\/script>\n<meta property=\"product:price:amount\" content=\"45.00\" \/>\n<meta property=\"product:price:currency\" content=\"EUR\" \/>\n<meta property=\"og:availability\" content=\"instock\" \/>\n<meta property=\"product:availability\" content=\"instock\" \/>\n<meta property=\"product:condition\" content=\"new\" \/>\n<!-- \/ Yoast SEO Premium plugin. -->","yoast_head_json":{"title":"Kontin kulman lukot - Miil O\u00dc","description":"Kontin kulman lukot | Minitalot ja -m\u00f6kit | M\u00f6kkien vuokraus ja myynti | Kuljetus ja korjaus | S\u00e4hk\u00f6ty\u00f6t ja l\u00e4mmitys | \u2b50\ufe0f\u2b50\ufe0f\u2b50\ufe0f\u2b50\ufe0f\u2b50","robots":{"index":"index","follow":"follow","max-snippet":"max-snippet:-1","max-image-preview":"max-image-preview:large","max-video-preview":"max-video-preview:-1"},"canonical":"https:\/\/miil.dev.almic.ee\/fi\/toode\/kontin-kulman-lukot\/","og_locale":"fi_FI","og_type":"article","og_title":"Kontin kulman lukot","og_description":"Kontin kulman lukot | Minitalot ja -m\u00f6kit | M\u00f6kkien vuokraus ja myynti | Kuljetus ja korjaus | S\u00e4hk\u00f6ty\u00f6t ja l\u00e4mmitys | \u2b50\ufe0f\u2b50\ufe0f\u2b50\ufe0f\u2b50\ufe0f\u2b50","og_url":"https:\/\/miil.dev.almic.ee\/fi\/toode\/kontin-kulman-lukot\/","og_site_name":"Miil O\u00dc","article_publisher":"https:\/\/www.facebook.com\/konteinerveod\/","article_modified_time":"2024-11-05T09:07:34+00:00","og_image":[{"width":1900,"height":855,"url":"https:\/\/miil.dev.almic.ee\/wp-content\/uploads\/2022\/05\/IMG_20210617_090932-scaled-1-scaled.jpg","type":"image\/jpeg"}],"twitter_card":"summary_large_image","twitter_misc":{"Hinta":"45,00&nbsp;&euro;","Saatavuus":"Varastossa"},"schema":{"@context":"https:\/\/schema.org","@graph":[{"@type":"WebPage","@id":"https:\/\/miil.dev.almic.ee\/fi\/toode\/kontin-kulman-lukot\/","url":"https:\/\/miil.dev.almic.ee\/fi\/toode\/kontin-kulman-lukot\/","name":"Kontin kulman lukot - Miil O\u00dc","isPartOf":{"@id":"https:\/\/miil.dev.almic.ee\/#website"},"primaryImageOfPage":{"@id":"https:\/\/miil.dev.almic.ee\/fi\/toode\/kontin-kulman-lukot\/#primaryimage"},"image":{"@id":"https:\/\/miil.dev.almic.ee\/fi\/toode\/kontin-kulman-lukot\/#primaryimage"},"thumbnailUrl":"https:\/\/miil.dev.almic.ee\/wp-content\/uploads\/2022\/05\/IMG_20210617_090932-scaled-1-scaled.jpg","datePublished":"2022-05-18T11:18:21+00:00","dateModified":"2024-11-05T09:07:34+00:00","description":"Kontin kulman lukot | Minitalot ja -m\u00f6kit | M\u00f6kkien vuokraus ja myynti | Kuljetus ja korjaus | S\u00e4hk\u00f6ty\u00f6t ja l\u00e4mmitys | \u2b50\ufe0f\u2b50\ufe0f\u2b50\ufe0f\u2b50\ufe0f\u2b50","breadcrumb":{"@id":"https:\/\/miil.dev.almic.ee\/fi\/toode\/kontin-kulman-lukot\/#breadcrumb"},"inLanguage":"fi","potentialAction":[{"@type":"ReadAction","target":["https:\/\/miil.dev.almic.ee\/fi\/toode\/kontin-kulman-lukot\/"]}]},{"@type":"ImageObject","inLanguage":"fi","@id":"https:\/\/miil.dev.almic.ee\/fi\/toode\/kontin-kulman-lukot\/#primaryimage","url":"https:\/\/miil.dev.almic.ee\/wp-content\/uploads\/2022\/05\/IMG_20210617_090932-scaled-1-scaled.jpg","contentUrl":"https:\/\/miil.dev.almic.ee\/wp-content\/uploads\/2022\/05\/IMG_20210617_090932-scaled-1-scaled.jpg","width":1900,"height":855},{"@type":"BreadcrumbList","@id":"https:\/\/miil.dev.almic.ee\/fi\/toode\/kontin-kulman-lukot\/#breadcrumb","itemListElement":[{"@type":"ListItem","position":1,"name":"Home","item":"https:\/\/miil.dev.almic.ee\/fi\/"},{"@type":"ListItem","position":2,"name":"Kauppa","item":"https:\/\/miil.dev.almic.ee\/fi\/kauppa\/"},{"@type":"ListItem","position":3,"name":"Kontin kulman lukot"}]},{"@type":"WebSite","@id":"https:\/\/miil.dev.almic.ee\/#website","url":"https:\/\/miil.dev.almic.ee\/","name":"Miil O\u00dc","description":"Konteinerveod","publisher":{"@id":"https:\/\/miil.dev.almic.ee\/#organization"},"potentialAction":[{"@type":"SearchAction","target":{"@type":"EntryPoint","urlTemplate":"https:\/\/miil.dev.almic.ee\/?s={search_term_string}"},"query-input":{"@type":"PropertyValueSpecification","valueRequired":true,"valueName":"search_term_string"}}],"inLanguage":"fi"},{"@type":"Organization","@id":"https:\/\/miil.dev.almic.ee\/#organization","name":"Miil O\u00dc","url":"https:\/\/miil.dev.almic.ee\/","logo":{"@type":"ImageObject","inLanguage":"fi","@id":"https:\/\/miil.dev.almic.ee\/#\/schema\/logo\/image\/","url":"https:\/\/www.miil.ee\/wp-content\/uploads\/2022\/02\/Miil-logo.svg","contentUrl":"https:\/\/www.miil.ee\/wp-content\/uploads\/2022\/02\/Miil-logo.svg","width":"1024","height":"1024","caption":"Miil O\u00dc"},"image":{"@id":"https:\/\/miil.dev.almic.ee\/#\/schema\/logo\/image\/"},"sameAs":["https:\/\/www.facebook.com\/konteinerveod\/","https:\/\/www.instagram.com\/ou_miil\/"]}]},"product_price_amount":"45.00","product_price_currency":"EUR","og_availability":"instock","product_availability":"instock","product_condition":"new"},"_links":{"self":[{"href":"https:\/\/miil.dev.almic.ee\/fi\/wp-json\/wp\/v2\/product\/15575","targetHints":{"allow":["GET"]}}],"collection":[{"href":"https:\/\/miil.dev.almic.ee\/fi\/wp-json\/wp\/v2\/product"}],"about":[{"href":"https:\/\/miil.dev.almic.ee\/fi\/wp-json\/wp\/v2\/types\/product"}],"replies":[{"embeddable":true,"href":"https:\/\/miil.dev.almic.ee\/fi\/wp-json\/wp\/v2\/comments?post=15575"}],"wp:featuredmedia":[{"embeddable":true,"href":"https:\/\/miil.dev.almic.ee\/fi\/wp-json\/wp\/v2\/media\/3010"}],"wp:attachment":[{"href":"https:\/\/miil.dev.almic.ee\/fi\/wp-json\/wp\/v2\/media?parent=15575"}],"wp:term":[{"taxonomy":"product_cat","embeddable":true,"href":"https:\/\/miil.dev.almic.ee\/fi\/wp-json\/wp\/v2\/product_cat?post=15575"},{"taxonomy":"product_tag","embeddable":true,"href":"https:\/\/miil.dev.almic.ee\/fi\/wp-json\/wp\/v2\/product_tag?post=15575"}],"curies":[{"name":"wp","href":"https:\/\/api.w.org\/{rel}","templated":true}]}}