{"id":15571,"date":"2022-05-18T14:18:51","date_gmt":"2022-05-18T11:18:51","guid":{"rendered":"https:\/\/www.miil.ee\/toode\/kummitallad-150x200x30mm\/"},"modified":"2024-11-05T10:45:41","modified_gmt":"2024-11-05T08:45:41","slug":"merikontin-kumipohjat-150x200x30mm","status":"publish","type":"product","link":"https:\/\/miil.dev.almic.ee\/fi\/toode\/merikontin-kumipohjat-150x200x30mm\/","title":{"rendered":"Merikontin kumipohjat"},"content":{"rendered":"<h1>Merikontin kulmien alla kumiset pohjat &#8211; Suojaa merikonttiasi ja pintaa<\/h1>\n<p>Kumipohjat ovat t\u00e4rke\u00e4 lis\u00e4varuste, joka auttaa suojaamaan merikonttiasi ja pintaa, jolle se asetetaan. N\u00e4m\u00e4 kest\u00e4v\u00e4t kumipohjat on suunniteltu erityisesti suojaamaan ja v\u00e4hent\u00e4m\u00e4\u00e4n kitkaa ja vaurioita merikontin ja pohjan v\u00e4lill\u00e4.<\/p>\n<p>T\u00e4m\u00e4 tuote on valmistettu kest\u00e4v\u00e4st\u00e4 mustasta kumista ja sen mitat ovat 150x200x30mm. Ne sopivat tarkasti merikontin kulmien alle varmistaen turvallisen ja vakaan asennuksen. Kumipohjat v\u00e4hent\u00e4v\u00e4t melua ja t\u00e4rin\u00e4\u00e4, joita voi esiinty\u00e4 merikontin ja pohjan kosketuspisteiss\u00e4.<\/p>\n<p>Suojaustoimintojensa lis\u00e4ksi n\u00e4m\u00e4 tuotteet tarjoavat my\u00f6s pinnan, joka est\u00e4\u00e4 liukastumista ja varmistaa turvallisen ty\u00f6ymp\u00e4rist\u00f6n. Ne on helppo asentaa ja kest\u00e4v\u00e4t erilaisia \u200b\u200bs\u00e4\u00e4olosuhteita ja ymp\u00e4rist\u00f6vaikutuksia.<\/p>\n<p>MIIL.ee verkkokaupasta l\u00f6yd\u00e4t laadukkaat kumipohjat merikontin kulmiin. Tuotteemme t\u00e4ytt\u00e4v\u00e4t korkeat vaatimukset ja tarjoavat luotettavan suojan ja kest\u00e4vyyden. Valitse oikeat tuotteet laajasta valikoimastamme ja varmista merikonttillesi ja kuormalavollesi paras suoja.<\/p>\n<p>Sijoita laadukkaisiin pohjallisiin merikonttisi kulmien alle ja pidenn\u00e4 merikonttisi k\u00e4ytt\u00f6ik\u00e4\u00e4 pit\u00e4en samalla pinnat puhtaina ja suojattuina. Lis\u00e4ksi tarjoamme kilpailukykyiset hinnat ja nopean toimitusnopeuden, jotta saat tuotteesi nopeasti ja k\u00e4tev\u00e4sti.<\/p>\n<p>Valitse kumipohjamme merikontin kulmiin ja varmista vahva suoja ja turvallinen ty\u00f6ymp\u00e4rist\u00f6. Tiimimme on valmis auttamaan sinua ja tarjoamaan ammattitaitoista neuvontaa ja tukea. Tutustu tuotevalikoimaamme MIIL.ee verkkosivuilla ja valitse parhaat kumipohjat merikontin kulmiin tarpeidesi ja mieltymystesi mukaan.<\/p>\n<p>Katso muut tarvikkeet <a href=\"https:\/\/www.miil.ee\/fi\/merekonteinerid\/lisavarusteet\/\">t\u00e4\u00e4lt\u00e4!<\/a><\/p>\n<p>Seuraa meit\u00e4\u00a0<a href=\"https:\/\/www.facebook.com\/konteinerveod\/\">Facebook<\/a>\u00a0tai\u00a0<a href=\"https:\/\/www.instagram.com\/ou_miil\/\">Instagram<\/a><\/p>\n","protected":false},"excerpt":{"rendered":"<p>Merikontin kulmien alla kumiset pohjat &#8211; Suojaa merikonttiasi ja pintaa Kumipohjat ovat t\u00e4rke\u00e4 lis\u00e4varuste, joka auttaa suojaamaan merikonttiasi ja pintaa, jolle se asetetaan. N\u00e4m\u00e4 kest\u00e4v\u00e4t kumipohjat on suunniteltu erityisesti suojaamaan ja v\u00e4hent\u00e4m\u00e4\u00e4n kitkaa ja vaurioita merikontin ja pohjan v\u00e4lill\u00e4. T\u00e4m\u00e4 tuote on valmistettu kest\u00e4v\u00e4st\u00e4 mustasta kumista ja sen mitat ovat 150x200x30mm. Ne sopivat tarkasti merikontin&#8230;<\/p>\n","protected":false},"featured_media":3138,"comment_status":"closed","ping_status":"closed","template":"","meta":{"_acf_changed":false},"product_cat":[335],"product_tag":[],"class_list":{"0":"post-15571","1":"product","2":"type-product","3":"status-publish","4":"has-post-thumbnail","6":"product_cat-lisavarusteet","8":"first","9":"instock","10":"shipping-taxable","11":"purchasable","12":"product-type-simple"},"acf":[],"yoast_head":"<!-- This site is optimized with the Yoast SEO Premium plugin v23.9 (Yoast SEO v27.5) - https:\/\/yoast.com\/product\/yoast-seo-premium-wordpress\/ -->\n<title>Merikontin kumipohjat - Miil O\u00dc<\/title>\n<meta name=\"description\" content=\"Merikontin kumipohjat | Minitalot ja -m\u00f6kit | M\u00f6kkien vuokraus ja myynti | Kuljetus ja korjaus | S\u00e4hk\u00f6ty\u00f6t ja l\u00e4mmitys | \u2b50\ufe0f\u2b50\ufe0f\u2b50\ufe0f\u2b50\ufe0f\u2b50\" \/>\n<meta name=\"robots\" content=\"index, follow, max-snippet:-1, max-image-preview:large, max-video-preview:-1\" \/>\n<link rel=\"canonical\" href=\"https:\/\/miil.dev.almic.ee\/fi\/toode\/merikontin-kumipohjat-150x200x30mm\/\" \/>\n<meta property=\"og:locale\" content=\"fi_FI\" \/>\n<meta property=\"og:type\" content=\"article\" \/>\n<meta property=\"og:title\" content=\"Merikontin kumipohjat\" \/>\n<meta property=\"og:description\" content=\"Merikontin kumipohjat | Minitalot ja -m\u00f6kit | M\u00f6kkien vuokraus ja myynti | Kuljetus ja korjaus | S\u00e4hk\u00f6ty\u00f6t ja l\u00e4mmitys | \u2b50\ufe0f\u2b50\ufe0f\u2b50\ufe0f\u2b50\ufe0f\u2b50\" \/>\n<meta property=\"og:url\" content=\"https:\/\/miil.dev.almic.ee\/fi\/toode\/merikontin-kumipohjat-150x200x30mm\/\" \/>\n<meta property=\"og:site_name\" content=\"Miil O\u00dc\" \/>\n<meta property=\"article:publisher\" content=\"https:\/\/www.facebook.com\/konteinerveod\/\" \/>\n<meta property=\"article:modified_time\" content=\"2024-11-05T08:45:41+00:00\" \/>\n<meta property=\"og:image\" content=\"https:\/\/miil.dev.almic.ee\/wp-content\/uploads\/2022\/05\/IMG_20210617_091119-scaled-1-scaled.jpg\" \/>\n\t<meta property=\"og:image:width\" content=\"1900\" \/>\n\t<meta property=\"og:image:height\" content=\"855\" \/>\n\t<meta property=\"og:image:type\" content=\"image\/jpeg\" \/>\n<meta name=\"twitter:card\" content=\"summary_large_image\" \/>\n<meta name=\"twitter:label1\" content=\"Hinta\" \/>\n\t<meta name=\"twitter:data1\" content=\"15,00&nbsp;&euro;\" \/>\n\t<meta name=\"twitter:label2\" content=\"Saatavuus\" \/>\n\t<meta name=\"twitter:data2\" content=\"Varastossa\" \/>\n<script type=\"application\/ld+json\" class=\"yoast-schema-graph\">{\"@context\":\"https:\\\/\\\/schema.org\",\"@graph\":[{\"@type\":\"WebPage\",\"@id\":\"https:\\\/\\\/miil.dev.almic.ee\\\/fi\\\/toode\\\/merikontin-kumipohjat-150x200x30mm\\\/\",\"url\":\"https:\\\/\\\/miil.dev.almic.ee\\\/fi\\\/toode\\\/merikontin-kumipohjat-150x200x30mm\\\/\",\"name\":\"Merikontin kumipohjat - Miil O\u00dc\",\"isPartOf\":{\"@id\":\"https:\\\/\\\/miil.dev.almic.ee\\\/#website\"},\"primaryImageOfPage\":{\"@id\":\"https:\\\/\\\/miil.dev.almic.ee\\\/fi\\\/toode\\\/merikontin-kumipohjat-150x200x30mm\\\/#primaryimage\"},\"image\":{\"@id\":\"https:\\\/\\\/miil.dev.almic.ee\\\/fi\\\/toode\\\/merikontin-kumipohjat-150x200x30mm\\\/#primaryimage\"},\"thumbnailUrl\":\"https:\\\/\\\/miil.dev.almic.ee\\\/wp-content\\\/uploads\\\/2022\\\/05\\\/IMG_20210617_091119-scaled-1-scaled.jpg\",\"datePublished\":\"2022-05-18T11:18:51+00:00\",\"dateModified\":\"2024-11-05T08:45:41+00:00\",\"description\":\"Merikontin kumipohjat | Minitalot ja -m\u00f6kit | M\u00f6kkien vuokraus ja myynti | Kuljetus ja korjaus | S\u00e4hk\u00f6ty\u00f6t ja l\u00e4mmitys | \u2b50\ufe0f\u2b50\ufe0f\u2b50\ufe0f\u2b50\ufe0f\u2b50\",\"breadcrumb\":{\"@id\":\"https:\\\/\\\/miil.dev.almic.ee\\\/fi\\\/toode\\\/merikontin-kumipohjat-150x200x30mm\\\/#breadcrumb\"},\"inLanguage\":\"fi\",\"potentialAction\":[{\"@type\":\"ReadAction\",\"target\":[\"https:\\\/\\\/miil.dev.almic.ee\\\/fi\\\/toode\\\/merikontin-kumipohjat-150x200x30mm\\\/\"]}]},{\"@type\":\"ImageObject\",\"inLanguage\":\"fi\",\"@id\":\"https:\\\/\\\/miil.dev.almic.ee\\\/fi\\\/toode\\\/merikontin-kumipohjat-150x200x30mm\\\/#primaryimage\",\"url\":\"https:\\\/\\\/miil.dev.almic.ee\\\/wp-content\\\/uploads\\\/2022\\\/05\\\/IMG_20210617_091119-scaled-1-scaled.jpg\",\"contentUrl\":\"https:\\\/\\\/miil.dev.almic.ee\\\/wp-content\\\/uploads\\\/2022\\\/05\\\/IMG_20210617_091119-scaled-1-scaled.jpg\",\"width\":1900,\"height\":855},{\"@type\":\"BreadcrumbList\",\"@id\":\"https:\\\/\\\/miil.dev.almic.ee\\\/fi\\\/toode\\\/merikontin-kumipohjat-150x200x30mm\\\/#breadcrumb\",\"itemListElement\":[{\"@type\":\"ListItem\",\"position\":1,\"name\":\"Home\",\"item\":\"https:\\\/\\\/miil.dev.almic.ee\\\/fi\\\/\"},{\"@type\":\"ListItem\",\"position\":2,\"name\":\"Kauppa\",\"item\":\"https:\\\/\\\/miil.dev.almic.ee\\\/fi\\\/kauppa\\\/\"},{\"@type\":\"ListItem\",\"position\":3,\"name\":\"Merikontin kumipohjat\"}]},{\"@type\":\"WebSite\",\"@id\":\"https:\\\/\\\/miil.dev.almic.ee\\\/#website\",\"url\":\"https:\\\/\\\/miil.dev.almic.ee\\\/\",\"name\":\"Miil O\u00dc\",\"description\":\"Konteinerveod\",\"publisher\":{\"@id\":\"https:\\\/\\\/miil.dev.almic.ee\\\/#organization\"},\"potentialAction\":[{\"@type\":\"SearchAction\",\"target\":{\"@type\":\"EntryPoint\",\"urlTemplate\":\"https:\\\/\\\/miil.dev.almic.ee\\\/?s={search_term_string}\"},\"query-input\":{\"@type\":\"PropertyValueSpecification\",\"valueRequired\":true,\"valueName\":\"search_term_string\"}}],\"inLanguage\":\"fi\"},{\"@type\":\"Organization\",\"@id\":\"https:\\\/\\\/miil.dev.almic.ee\\\/#organization\",\"name\":\"Miil O\u00dc\",\"url\":\"https:\\\/\\\/miil.dev.almic.ee\\\/\",\"logo\":{\"@type\":\"ImageObject\",\"inLanguage\":\"fi\",\"@id\":\"https:\\\/\\\/miil.dev.almic.ee\\\/#\\\/schema\\\/logo\\\/image\\\/\",\"url\":\"https:\\\/\\\/www.miil.ee\\\/wp-content\\\/uploads\\\/2022\\\/02\\\/Miil-logo.svg\",\"contentUrl\":\"https:\\\/\\\/www.miil.ee\\\/wp-content\\\/uploads\\\/2022\\\/02\\\/Miil-logo.svg\",\"width\":\"1024\",\"height\":\"1024\",\"caption\":\"Miil O\u00dc\"},\"image\":{\"@id\":\"https:\\\/\\\/miil.dev.almic.ee\\\/#\\\/schema\\\/logo\\\/image\\\/\"},\"sameAs\":[\"https:\\\/\\\/www.facebook.com\\\/konteinerveod\\\/\",\"https:\\\/\\\/www.instagram.com\\\/ou_miil\\\/\"]}]}<\/script>\n<meta property=\"product:price:amount\" content=\"15.00\" \/>\n<meta property=\"product:price:currency\" content=\"EUR\" \/>\n<meta property=\"og:availability\" content=\"instock\" \/>\n<meta property=\"product:availability\" content=\"instock\" \/>\n<meta property=\"product:condition\" content=\"new\" \/>\n<!-- \/ Yoast SEO Premium plugin. -->","yoast_head_json":{"title":"Merikontin kumipohjat - Miil O\u00dc","description":"Merikontin kumipohjat | Minitalot ja -m\u00f6kit | M\u00f6kkien vuokraus ja myynti | Kuljetus ja korjaus | S\u00e4hk\u00f6ty\u00f6t ja l\u00e4mmitys | \u2b50\ufe0f\u2b50\ufe0f\u2b50\ufe0f\u2b50\ufe0f\u2b50","robots":{"index":"index","follow":"follow","max-snippet":"max-snippet:-1","max-image-preview":"max-image-preview:large","max-video-preview":"max-video-preview:-1"},"canonical":"https:\/\/miil.dev.almic.ee\/fi\/toode\/merikontin-kumipohjat-150x200x30mm\/","og_locale":"fi_FI","og_type":"article","og_title":"Merikontin kumipohjat","og_description":"Merikontin kumipohjat | Minitalot ja -m\u00f6kit | M\u00f6kkien vuokraus ja myynti | Kuljetus ja korjaus | S\u00e4hk\u00f6ty\u00f6t ja l\u00e4mmitys | \u2b50\ufe0f\u2b50\ufe0f\u2b50\ufe0f\u2b50\ufe0f\u2b50","og_url":"https:\/\/miil.dev.almic.ee\/fi\/toode\/merikontin-kumipohjat-150x200x30mm\/","og_site_name":"Miil O\u00dc","article_publisher":"https:\/\/www.facebook.com\/konteinerveod\/","article_modified_time":"2024-11-05T08:45:41+00:00","og_image":[{"width":1900,"height":855,"url":"https:\/\/miil.dev.almic.ee\/wp-content\/uploads\/2022\/05\/IMG_20210617_091119-scaled-1-scaled.jpg","type":"image\/jpeg"}],"twitter_card":"summary_large_image","twitter_misc":{"Hinta":"15,00&nbsp;&euro;","Saatavuus":"Varastossa"},"schema":{"@context":"https:\/\/schema.org","@graph":[{"@type":"WebPage","@id":"https:\/\/miil.dev.almic.ee\/fi\/toode\/merikontin-kumipohjat-150x200x30mm\/","url":"https:\/\/miil.dev.almic.ee\/fi\/toode\/merikontin-kumipohjat-150x200x30mm\/","name":"Merikontin kumipohjat - Miil O\u00dc","isPartOf":{"@id":"https:\/\/miil.dev.almic.ee\/#website"},"primaryImageOfPage":{"@id":"https:\/\/miil.dev.almic.ee\/fi\/toode\/merikontin-kumipohjat-150x200x30mm\/#primaryimage"},"image":{"@id":"https:\/\/miil.dev.almic.ee\/fi\/toode\/merikontin-kumipohjat-150x200x30mm\/#primaryimage"},"thumbnailUrl":"https:\/\/miil.dev.almic.ee\/wp-content\/uploads\/2022\/05\/IMG_20210617_091119-scaled-1-scaled.jpg","datePublished":"2022-05-18T11:18:51+00:00","dateModified":"2024-11-05T08:45:41+00:00","description":"Merikontin kumipohjat | Minitalot ja -m\u00f6kit | M\u00f6kkien vuokraus ja myynti | Kuljetus ja korjaus | S\u00e4hk\u00f6ty\u00f6t ja l\u00e4mmitys | \u2b50\ufe0f\u2b50\ufe0f\u2b50\ufe0f\u2b50\ufe0f\u2b50","breadcrumb":{"@id":"https:\/\/miil.dev.almic.ee\/fi\/toode\/merikontin-kumipohjat-150x200x30mm\/#breadcrumb"},"inLanguage":"fi","potentialAction":[{"@type":"ReadAction","target":["https:\/\/miil.dev.almic.ee\/fi\/toode\/merikontin-kumipohjat-150x200x30mm\/"]}]},{"@type":"ImageObject","inLanguage":"fi","@id":"https:\/\/miil.dev.almic.ee\/fi\/toode\/merikontin-kumipohjat-150x200x30mm\/#primaryimage","url":"https:\/\/miil.dev.almic.ee\/wp-content\/uploads\/2022\/05\/IMG_20210617_091119-scaled-1-scaled.jpg","contentUrl":"https:\/\/miil.dev.almic.ee\/wp-content\/uploads\/2022\/05\/IMG_20210617_091119-scaled-1-scaled.jpg","width":1900,"height":855},{"@type":"BreadcrumbList","@id":"https:\/\/miil.dev.almic.ee\/fi\/toode\/merikontin-kumipohjat-150x200x30mm\/#breadcrumb","itemListElement":[{"@type":"ListItem","position":1,"name":"Home","item":"https:\/\/miil.dev.almic.ee\/fi\/"},{"@type":"ListItem","position":2,"name":"Kauppa","item":"https:\/\/miil.dev.almic.ee\/fi\/kauppa\/"},{"@type":"ListItem","position":3,"name":"Merikontin kumipohjat"}]},{"@type":"WebSite","@id":"https:\/\/miil.dev.almic.ee\/#website","url":"https:\/\/miil.dev.almic.ee\/","name":"Miil O\u00dc","description":"Konteinerveod","publisher":{"@id":"https:\/\/miil.dev.almic.ee\/#organization"},"potentialAction":[{"@type":"SearchAction","target":{"@type":"EntryPoint","urlTemplate":"https:\/\/miil.dev.almic.ee\/?s={search_term_string}"},"query-input":{"@type":"PropertyValueSpecification","valueRequired":true,"valueName":"search_term_string"}}],"inLanguage":"fi"},{"@type":"Organization","@id":"https:\/\/miil.dev.almic.ee\/#organization","name":"Miil O\u00dc","url":"https:\/\/miil.dev.almic.ee\/","logo":{"@type":"ImageObject","inLanguage":"fi","@id":"https:\/\/miil.dev.almic.ee\/#\/schema\/logo\/image\/","url":"https:\/\/www.miil.ee\/wp-content\/uploads\/2022\/02\/Miil-logo.svg","contentUrl":"https:\/\/www.miil.ee\/wp-content\/uploads\/2022\/02\/Miil-logo.svg","width":"1024","height":"1024","caption":"Miil O\u00dc"},"image":{"@id":"https:\/\/miil.dev.almic.ee\/#\/schema\/logo\/image\/"},"sameAs":["https:\/\/www.facebook.com\/konteinerveod\/","https:\/\/www.instagram.com\/ou_miil\/"]}]},"product_price_amount":"15.00","product_price_currency":"EUR","og_availability":"instock","product_availability":"instock","product_condition":"new"},"_links":{"self":[{"href":"https:\/\/miil.dev.almic.ee\/fi\/wp-json\/wp\/v2\/product\/15571","targetHints":{"allow":["GET"]}}],"collection":[{"href":"https:\/\/miil.dev.almic.ee\/fi\/wp-json\/wp\/v2\/product"}],"about":[{"href":"https:\/\/miil.dev.almic.ee\/fi\/wp-json\/wp\/v2\/types\/product"}],"replies":[{"embeddable":true,"href":"https:\/\/miil.dev.almic.ee\/fi\/wp-json\/wp\/v2\/comments?post=15571"}],"wp:featuredmedia":[{"embeddable":true,"href":"https:\/\/miil.dev.almic.ee\/fi\/wp-json\/wp\/v2\/media\/3138"}],"wp:attachment":[{"href":"https:\/\/miil.dev.almic.ee\/fi\/wp-json\/wp\/v2\/media?parent=15571"}],"wp:term":[{"taxonomy":"product_cat","embeddable":true,"href":"https:\/\/miil.dev.almic.ee\/fi\/wp-json\/wp\/v2\/product_cat?post=15571"},{"taxonomy":"product_tag","embeddable":true,"href":"https:\/\/miil.dev.almic.ee\/fi\/wp-json\/wp\/v2\/product_tag?post=15571"}],"curies":[{"name":"wp","href":"https:\/\/api.w.org\/{rel}","templated":true}]}}