{"id":15555,"date":"2022-05-18T14:19:15","date_gmt":"2022-05-18T11:19:15","guid":{"rendered":"https:\/\/www.miil.ee\/toode\/containex-soojak-miiu0118-dc-3m-tumeroheline-ral6007\/"},"modified":"2024-12-10T17:10:09","modified_gmt":"2024-12-10T15:10:09","slug":"containex-soojak-miiu0118-dc-3m-tumeroheline-ral6007","status":"publish","type":"product","link":"https:\/\/miil.dev.almic.ee\/fi\/toode\/containex-soojak-miiu0118-dc-3m-tumeroheline-ral6007\/","title":{"rendered":"Containex toimisto- ja ty\u00f6maakontti 3m MIIU0118"},"content":{"rendered":"<h1>Containex Standard 3 metrin toimisto- ja ty\u00f6maakontti<\/h1>\n<p>Containex Standard 3 metrin toimisto- ja ty\u00f6maakontti on 3 metri\u00e4 pitk\u00e4, 2,44 metri\u00e4 leve\u00e4 ja 2,6 metri\u00e4 korkea.<\/p>\n<p>T\u00e4llainen hytti soveltuu myyntikioskiksi, vartiopisteeksi tai mihin tahansa muuhun ahtaissa tilassa oleviin toimintoihin.<br \/>\nLattian kantavuus on 200kg\/m2, mutta sit\u00e4 voidaan lis\u00e4t\u00e4.<br \/>\nContainex Standard -eristetyt ohjaamot ovat aina korkealaatuisia ja CE-merkitty.<br \/>\nKiinte\u00e4 runko varmistetaan pulttiliitoksella, mik\u00e4 antaa suuren edun hitsattuihin runkoon verrattuna.<br \/>\nKatto on valssattu ja tinattu tai maalattu pelti.<br \/>\nLattia on eristetty 100mm mineraalivillalla, katto on eristetty 100mm mineraalivillalla ja sein\u00e4t 60mm villaa tai 60mm PU-vaahtoa, riippuen toimistokontti tarkasta mallista.<br \/>\nOhjaamo on tummanharmaa RAL6005, my\u00f6s muita v\u00e4rej\u00e4 voi tilata.<\/p>\n<ul>\n<li>Yksi avattava ikkuna.<\/li>\n<li>Turvaverho.<\/li>\n<li>Yksi ovi.<\/li>\n<li>Yksi valo.<\/li>\n<li>Vakiokorkeus.<\/li>\n<li>Yksi pistorasia ikkunan alla.<\/li>\n<li>Kaksoisliitin lis\u00e4paneelissa.<\/li>\n<li>S\u00e4hk\u00f6paneeli.<\/li>\n<li>Valokytkin.<\/li>\n<\/ul>\n<p><strong>Erittely<\/strong><br \/>\n&#8211; Ulkokorkeus 2591mm<br \/>\n&#8211; Sis\u00e4korkeus 2340 mm<br \/>\nRungon v\u00e4ri tummanharmaa RAL6005<br \/>\nPaneelin v\u00e4ri tummanharmaa RAL6005<\/p>\n<p><strong>L\u00e4mmitys<\/strong><br \/>\n&#8211; Sein\u00e4eristys 60mm villaa tai 60mm Pu-vaahtoa.<br \/>\n&#8211; Katon eristys mineraalivilla 100mm.<br \/>\n&#8211; Lattiaeristys PU-laatat 60mm tai 100mm villa.<\/p>\n<p><strong>S\u00e4hk\u00f6liit\u00e4nt\u00e4<\/strong><br \/>\n230V\/32A\/<\/p>\n<p><strong>Paneelit<\/strong><br \/>\n1 ikkunapaneeli,<br \/>\nIkkuna voidaan avata kokonaan tai avata tuuletusasentoon.<br \/>\nKorkeus maasta 870 mm<\/p>\n<p><strong>1 etuovi<\/strong><br \/>\navautuu ulosp\u00e4in.<br \/>\nOven leveys: 875 mm<br \/>\nOven aukon leveys: 811 mm<br \/>\nOven avautumiskorkeus: 2065 mm<\/p>\n<p><strong>S\u00e4hk\u00f6;<\/strong><br \/>\nS\u00e4hk\u00f6paneeli.<br \/>\n3 kpl pistokkeita.<br \/>\n1kpl valokytkin.<\/p>\n<p><strong>Lis\u00e4varusteet:<\/strong><br \/>\nAC pumppu 4.7kw \u2013 990.- + alv<br \/>\nPuupinta &#8211; 2990.- + alv<br \/>\nLis\u00e4ikkuna &#8211; 590.- + alv<br \/>\nRullaovi &#8211; 1950.- + alv<\/p>\n<h2>M\u00f6kki tai minitalo<\/h2>\n<p>Eristetty hytti ei ole en\u00e4\u00e4 vain tilap\u00e4inen rakennus ty\u00f6maalla, modernit laadukkaat pulttiliit\u00e4nn\u00e4t sopivat mainiosti kes\u00e4m\u00f6kille tai liiketilaan.<br \/>\nValmis minitalo ei tarvitse perustusta tai rakentajaa &#8211; tilaa ja nauti!<br \/>\nAsennus kest\u00e4\u00e4 alle 30 minuuttia. Voit ostaa valmiin tuotteen, mik\u00e4 tarkoittaa, ett\u00e4 se voidaan toimittaa samana p\u00e4iv\u00e4n\u00e4.<br \/>\nJos haluat valita ikkunan tai oven sijainnin, se vie eniten ylim\u00e4\u00e4r\u00e4ist\u00e4 viikkoa.<br \/>\nLis\u00e4ty\u00f6t, kuten kattoty\u00f6t ja isojen ikkunoiden lis\u00e4ys, viev\u00e4t noin nelj\u00e4 viikkoa.<\/p>\n<h2>Containex Standard 3 metrin toimisto- ja ty\u00f6maakontti <span style=\"font-family: var(--h1-font-family); font-size: max(1.5rem, 1.5vw); font-style: var(--h1-font-style); font-weight: var(--h1-font-weight); text-transform: var(--h1-text-transform);\">&#8211; ostaa vai vuokrata?<\/span><\/h2>\n<p>Myynnin lis\u00e4ksi vuokraamme my\u00f6s m\u00f6kkej\u00e4.<br \/>\nT\u00e4m\u00e4 ratkaisu on ihanteellinen, jos m\u00f6kki tarvitaan lyhytaikaiseen rakentamiseen tai miksei kausim\u00f6kiksi, toimistoksi tai myyntipisteeksi.<br \/>\nOlemme joustavia ratkaisujemme kanssa ja l\u00f6yd\u00e4mme jokaiselle asiakkaalle sopivan ratkaisun.<br \/>\nMeilt\u00e4 voit my\u00f6s vuokrata m\u00f6kin panoraamaikkunalla, puuviimeistelyll\u00e4 tai tavallisella l\u00e4mpim\u00e4ll\u00e4 minim\u00f6kill\u00e4.<br \/>\nToimitamme minitalon ja asennamme sen asiakkaan toiveiden mukaan.<br \/>\nTarjoamme laajan valikoiman tuotteita ja palveluita, esimerkiksi off-season varastointia eri kaupungeissa sek\u00e4 Bigbankin tarjoamaa osta ensin maksa my\u00f6hemmin -vaihtoehtoa promokoodilla &#8221;Konteiner&#8221;.<\/p>\n<p><strong>Kerro meille ideasi!<\/strong><br \/>\nJos tarvitset yksi-, kaksi- tai monikerroksisen ratkaisun, olet tullut oikeaan paikkaan!<br \/>\nMik\u00e4\u00e4n projekti ei ole meille liian iso tai pieni, kysy rohkeasti, niin l\u00f6yd\u00e4mme yhdess\u00e4 parhaan ratkaisun.<\/p>\n<p>&nbsp;<\/p>\n<p>K\u00e4yt\u00e4mme kuljetukseen <a href=\"https:\/\/www.miil.ee\/fi\/palvelut\/nosturi\/\">nosturia<\/a> tai <a href=\"https:\/\/www.miil.ee\/fi\/palvelut\/sideloader\/\">sideloader<\/a><br \/>\nmonimutkaisempi kuljetus on mahdollista <a href=\"https:\/\/www.miil.ee\/fi\/palvelut\/ram-kippauslaite\/\">RAM per\u00e4vaunulla<\/a>.<\/p>\n<p>Seuraa meit\u00e4 <a href=\"https:\/\/www.facebook.com\/konteinerveod\/\">Facebook<\/a> tai <a href=\"https:\/\/www.instagram.com\/ou_miil\/\">Instagram<\/a><\/p>\n","protected":false},"excerpt":{"rendered":"<p>Containex Standard 3 metrin toimisto- ja ty\u00f6maakontti Containex Standard 3 metrin toimisto- ja ty\u00f6maakontti on 3 metri\u00e4 pitk\u00e4, 2,44 metri\u00e4 leve\u00e4 ja 2,6 metri\u00e4 korkea. T\u00e4llainen hytti soveltuu myyntikioskiksi, vartiopisteeksi tai mihin tahansa muuhun ahtaissa tilassa oleviin toimintoihin. Lattian kantavuus on 200kg\/m2, mutta sit\u00e4 voidaan lis\u00e4t\u00e4. Containex Standard -eristetyt ohjaamot ovat aina korkealaatuisia ja CE-merkitty&#8230;.<\/p>\n","protected":false},"featured_media":80591,"comment_status":"closed","ping_status":"closed","template":"","meta":{"_acf_changed":false},"product_cat":[343,407],"product_tag":[],"class_list":{"0":"post-15555","1":"product","2":"type-product","3":"status-publish","4":"has-post-thumbnail","6":"product_cat-eristekontit","7":"product_cat-uudet-toimistokontit","9":"first","10":"instock","11":"sale","12":"shipping-taxable","13":"purchasable","14":"product-type-simple"},"acf":[],"yoast_head":"<!-- This site is optimized with the Yoast SEO Premium plugin v23.9 (Yoast SEO v27.5) - https:\/\/yoast.com\/product\/yoast-seo-premium-wordpress\/ -->\n<title>Containex Standard 3 metrin toimisto- ja ty\u00f6maakontti - Miil O\u00dc<\/title>\n<meta name=\"description\" content=\"Containex Standard 3 metrin toimisto- ja ty\u00f6maakontti | Minitalot ja -m\u00f6kit | M\u00f6kkien vuokraus ja myynti | Kuljetus ja korjaukset | S\u00e4hk\u00f6ty\u00f6t ja l\u00e4mmitys\" \/>\n<meta name=\"robots\" content=\"index, follow, max-snippet:-1, max-image-preview:large, max-video-preview:-1\" \/>\n<link rel=\"canonical\" href=\"https:\/\/miil.dev.almic.ee\/fi\/toode\/containex-soojak-miiu0118-dc-3m-tumeroheline-ral6007\/\" \/>\n<meta property=\"og:locale\" content=\"fi_FI\" \/>\n<meta property=\"og:type\" content=\"article\" \/>\n<meta property=\"og:title\" content=\"Containex toimisto- ja ty\u00f6maakontti 3m MIIU0118\" \/>\n<meta property=\"og:description\" content=\"Containex Standard 3 metrin toimisto- ja ty\u00f6maakontti | Minitalot ja -m\u00f6kit | M\u00f6kkien vuokraus ja myynti | Kuljetus ja korjaukset | S\u00e4hk\u00f6ty\u00f6t ja l\u00e4mmitys\" \/>\n<meta property=\"og:url\" content=\"https:\/\/miil.dev.almic.ee\/fi\/toode\/containex-soojak-miiu0118-dc-3m-tumeroheline-ral6007\/\" \/>\n<meta property=\"og:site_name\" content=\"Miil O\u00dc\" \/>\n<meta property=\"article:publisher\" content=\"https:\/\/www.facebook.com\/konteinerveod\/\" \/>\n<meta property=\"article:modified_time\" content=\"2024-12-10T15:10:09+00:00\" \/>\n<meta property=\"og:image\" content=\"https:\/\/miil.dev.almic.ee\/wp-content\/uploads\/2022\/05\/containes-soojak-tumehall-4-scaled.jpg\" \/>\n\t<meta property=\"og:image:width\" content=\"1425\" \/>\n\t<meta property=\"og:image:height\" content=\"1900\" \/>\n\t<meta property=\"og:image:type\" content=\"image\/jpeg\" \/>\n<meta name=\"twitter:card\" content=\"summary_large_image\" \/>\n<meta name=\"twitter:label1\" content=\"Hinta\" \/>\n\t<meta name=\"twitter:data1\" content=\"4990,00&nbsp;&euro;\" \/>\n\t<meta name=\"twitter:label2\" content=\"Saatavuus\" \/>\n\t<meta name=\"twitter:data2\" content=\"Varastossa\" \/>\n<script type=\"application\/ld+json\" class=\"yoast-schema-graph\">{\"@context\":\"https:\\\/\\\/schema.org\",\"@graph\":[{\"@type\":\"WebPage\",\"@id\":\"https:\\\/\\\/miil.dev.almic.ee\\\/fi\\\/toode\\\/containex-soojak-miiu0118-dc-3m-tumeroheline-ral6007\\\/\",\"url\":\"https:\\\/\\\/miil.dev.almic.ee\\\/fi\\\/toode\\\/containex-soojak-miiu0118-dc-3m-tumeroheline-ral6007\\\/\",\"name\":\"Containex Standard 3 metrin toimisto- ja ty\u00f6maakontti - Miil O\u00dc\",\"isPartOf\":{\"@id\":\"https:\\\/\\\/miil.dev.almic.ee\\\/#website\"},\"primaryImageOfPage\":{\"@id\":\"https:\\\/\\\/miil.dev.almic.ee\\\/fi\\\/toode\\\/containex-soojak-miiu0118-dc-3m-tumeroheline-ral6007\\\/#primaryimage\"},\"image\":{\"@id\":\"https:\\\/\\\/miil.dev.almic.ee\\\/fi\\\/toode\\\/containex-soojak-miiu0118-dc-3m-tumeroheline-ral6007\\\/#primaryimage\"},\"thumbnailUrl\":\"https:\\\/\\\/miil.dev.almic.ee\\\/wp-content\\\/uploads\\\/2022\\\/05\\\/containes-soojak-tumehall-4-scaled.jpg\",\"datePublished\":\"2022-05-18T11:19:15+00:00\",\"dateModified\":\"2024-12-10T15:10:09+00:00\",\"description\":\"Containex Standard 3 metrin toimisto- ja ty\u00f6maakontti | Minitalot ja -m\u00f6kit | M\u00f6kkien vuokraus ja myynti | Kuljetus ja korjaukset | S\u00e4hk\u00f6ty\u00f6t ja l\u00e4mmitys\",\"breadcrumb\":{\"@id\":\"https:\\\/\\\/miil.dev.almic.ee\\\/fi\\\/toode\\\/containex-soojak-miiu0118-dc-3m-tumeroheline-ral6007\\\/#breadcrumb\"},\"inLanguage\":\"fi\",\"potentialAction\":[{\"@type\":\"ReadAction\",\"target\":[\"https:\\\/\\\/miil.dev.almic.ee\\\/fi\\\/toode\\\/containex-soojak-miiu0118-dc-3m-tumeroheline-ral6007\\\/\"]}]},{\"@type\":\"ImageObject\",\"inLanguage\":\"fi\",\"@id\":\"https:\\\/\\\/miil.dev.almic.ee\\\/fi\\\/toode\\\/containex-soojak-miiu0118-dc-3m-tumeroheline-ral6007\\\/#primaryimage\",\"url\":\"https:\\\/\\\/miil.dev.almic.ee\\\/wp-content\\\/uploads\\\/2022\\\/05\\\/containes-soojak-tumehall-4-scaled.jpg\",\"contentUrl\":\"https:\\\/\\\/miil.dev.almic.ee\\\/wp-content\\\/uploads\\\/2022\\\/05\\\/containes-soojak-tumehall-4-scaled.jpg\",\"width\":1425,\"height\":1900,\"caption\":\"Containex soojak 3 meetrine\"},{\"@type\":\"BreadcrumbList\",\"@id\":\"https:\\\/\\\/miil.dev.almic.ee\\\/fi\\\/toode\\\/containex-soojak-miiu0118-dc-3m-tumeroheline-ral6007\\\/#breadcrumb\",\"itemListElement\":[{\"@type\":\"ListItem\",\"position\":1,\"name\":\"Home\",\"item\":\"https:\\\/\\\/miil.dev.almic.ee\\\/fi\\\/\"},{\"@type\":\"ListItem\",\"position\":2,\"name\":\"Kauppa\",\"item\":\"https:\\\/\\\/miil.dev.almic.ee\\\/fi\\\/kauppa\\\/\"},{\"@type\":\"ListItem\",\"position\":3,\"name\":\"Containex toimisto- ja ty\u00f6maakontti 3m MIIU0118\"}]},{\"@type\":\"WebSite\",\"@id\":\"https:\\\/\\\/miil.dev.almic.ee\\\/#website\",\"url\":\"https:\\\/\\\/miil.dev.almic.ee\\\/\",\"name\":\"Miil O\u00dc\",\"description\":\"Konteinerveod\",\"publisher\":{\"@id\":\"https:\\\/\\\/miil.dev.almic.ee\\\/#organization\"},\"potentialAction\":[{\"@type\":\"SearchAction\",\"target\":{\"@type\":\"EntryPoint\",\"urlTemplate\":\"https:\\\/\\\/miil.dev.almic.ee\\\/?s={search_term_string}\"},\"query-input\":{\"@type\":\"PropertyValueSpecification\",\"valueRequired\":true,\"valueName\":\"search_term_string\"}}],\"inLanguage\":\"fi\"},{\"@type\":\"Organization\",\"@id\":\"https:\\\/\\\/miil.dev.almic.ee\\\/#organization\",\"name\":\"Miil O\u00dc\",\"url\":\"https:\\\/\\\/miil.dev.almic.ee\\\/\",\"logo\":{\"@type\":\"ImageObject\",\"inLanguage\":\"fi\",\"@id\":\"https:\\\/\\\/miil.dev.almic.ee\\\/#\\\/schema\\\/logo\\\/image\\\/\",\"url\":\"https:\\\/\\\/www.miil.ee\\\/wp-content\\\/uploads\\\/2022\\\/02\\\/Miil-logo.svg\",\"contentUrl\":\"https:\\\/\\\/www.miil.ee\\\/wp-content\\\/uploads\\\/2022\\\/02\\\/Miil-logo.svg\",\"width\":\"1024\",\"height\":\"1024\",\"caption\":\"Miil O\u00dc\"},\"image\":{\"@id\":\"https:\\\/\\\/miil.dev.almic.ee\\\/#\\\/schema\\\/logo\\\/image\\\/\"},\"sameAs\":[\"https:\\\/\\\/www.facebook.com\\\/konteinerveod\\\/\",\"https:\\\/\\\/www.instagram.com\\\/ou_miil\\\/\"]}]}<\/script>\n<meta property=\"product:price:amount\" content=\"4990.00\" \/>\n<meta property=\"product:price:currency\" content=\"EUR\" \/>\n<meta property=\"og:availability\" content=\"instock\" \/>\n<meta property=\"product:availability\" content=\"instock\" \/>\n<meta property=\"product:retailer_item_id\" content=\"MIIU0450\" \/>\n<meta property=\"product:condition\" content=\"new\" \/>\n<!-- \/ Yoast SEO Premium plugin. -->","yoast_head_json":{"title":"Containex Standard 3 metrin toimisto- ja ty\u00f6maakontti - Miil O\u00dc","description":"Containex Standard 3 metrin toimisto- ja ty\u00f6maakontti | Minitalot ja -m\u00f6kit | M\u00f6kkien vuokraus ja myynti | Kuljetus ja korjaukset | S\u00e4hk\u00f6ty\u00f6t ja l\u00e4mmitys","robots":{"index":"index","follow":"follow","max-snippet":"max-snippet:-1","max-image-preview":"max-image-preview:large","max-video-preview":"max-video-preview:-1"},"canonical":"https:\/\/miil.dev.almic.ee\/fi\/toode\/containex-soojak-miiu0118-dc-3m-tumeroheline-ral6007\/","og_locale":"fi_FI","og_type":"article","og_title":"Containex toimisto- ja ty\u00f6maakontti 3m MIIU0118","og_description":"Containex Standard 3 metrin toimisto- ja ty\u00f6maakontti | Minitalot ja -m\u00f6kit | M\u00f6kkien vuokraus ja myynti | Kuljetus ja korjaukset | S\u00e4hk\u00f6ty\u00f6t ja l\u00e4mmitys","og_url":"https:\/\/miil.dev.almic.ee\/fi\/toode\/containex-soojak-miiu0118-dc-3m-tumeroheline-ral6007\/","og_site_name":"Miil O\u00dc","article_publisher":"https:\/\/www.facebook.com\/konteinerveod\/","article_modified_time":"2024-12-10T15:10:09+00:00","og_image":[{"width":1425,"height":1900,"url":"https:\/\/miil.dev.almic.ee\/wp-content\/uploads\/2022\/05\/containes-soojak-tumehall-4-scaled.jpg","type":"image\/jpeg"}],"twitter_card":"summary_large_image","twitter_misc":{"Hinta":"4990,00&nbsp;&euro;","Saatavuus":"Varastossa"},"schema":{"@context":"https:\/\/schema.org","@graph":[{"@type":"WebPage","@id":"https:\/\/miil.dev.almic.ee\/fi\/toode\/containex-soojak-miiu0118-dc-3m-tumeroheline-ral6007\/","url":"https:\/\/miil.dev.almic.ee\/fi\/toode\/containex-soojak-miiu0118-dc-3m-tumeroheline-ral6007\/","name":"Containex Standard 3 metrin toimisto- ja ty\u00f6maakontti - Miil O\u00dc","isPartOf":{"@id":"https:\/\/miil.dev.almic.ee\/#website"},"primaryImageOfPage":{"@id":"https:\/\/miil.dev.almic.ee\/fi\/toode\/containex-soojak-miiu0118-dc-3m-tumeroheline-ral6007\/#primaryimage"},"image":{"@id":"https:\/\/miil.dev.almic.ee\/fi\/toode\/containex-soojak-miiu0118-dc-3m-tumeroheline-ral6007\/#primaryimage"},"thumbnailUrl":"https:\/\/miil.dev.almic.ee\/wp-content\/uploads\/2022\/05\/containes-soojak-tumehall-4-scaled.jpg","datePublished":"2022-05-18T11:19:15+00:00","dateModified":"2024-12-10T15:10:09+00:00","description":"Containex Standard 3 metrin toimisto- ja ty\u00f6maakontti | Minitalot ja -m\u00f6kit | M\u00f6kkien vuokraus ja myynti | Kuljetus ja korjaukset | S\u00e4hk\u00f6ty\u00f6t ja l\u00e4mmitys","breadcrumb":{"@id":"https:\/\/miil.dev.almic.ee\/fi\/toode\/containex-soojak-miiu0118-dc-3m-tumeroheline-ral6007\/#breadcrumb"},"inLanguage":"fi","potentialAction":[{"@type":"ReadAction","target":["https:\/\/miil.dev.almic.ee\/fi\/toode\/containex-soojak-miiu0118-dc-3m-tumeroheline-ral6007\/"]}]},{"@type":"ImageObject","inLanguage":"fi","@id":"https:\/\/miil.dev.almic.ee\/fi\/toode\/containex-soojak-miiu0118-dc-3m-tumeroheline-ral6007\/#primaryimage","url":"https:\/\/miil.dev.almic.ee\/wp-content\/uploads\/2022\/05\/containes-soojak-tumehall-4-scaled.jpg","contentUrl":"https:\/\/miil.dev.almic.ee\/wp-content\/uploads\/2022\/05\/containes-soojak-tumehall-4-scaled.jpg","width":1425,"height":1900,"caption":"Containex soojak 3 meetrine"},{"@type":"BreadcrumbList","@id":"https:\/\/miil.dev.almic.ee\/fi\/toode\/containex-soojak-miiu0118-dc-3m-tumeroheline-ral6007\/#breadcrumb","itemListElement":[{"@type":"ListItem","position":1,"name":"Home","item":"https:\/\/miil.dev.almic.ee\/fi\/"},{"@type":"ListItem","position":2,"name":"Kauppa","item":"https:\/\/miil.dev.almic.ee\/fi\/kauppa\/"},{"@type":"ListItem","position":3,"name":"Containex toimisto- ja ty\u00f6maakontti 3m MIIU0118"}]},{"@type":"WebSite","@id":"https:\/\/miil.dev.almic.ee\/#website","url":"https:\/\/miil.dev.almic.ee\/","name":"Miil O\u00dc","description":"Konteinerveod","publisher":{"@id":"https:\/\/miil.dev.almic.ee\/#organization"},"potentialAction":[{"@type":"SearchAction","target":{"@type":"EntryPoint","urlTemplate":"https:\/\/miil.dev.almic.ee\/?s={search_term_string}"},"query-input":{"@type":"PropertyValueSpecification","valueRequired":true,"valueName":"search_term_string"}}],"inLanguage":"fi"},{"@type":"Organization","@id":"https:\/\/miil.dev.almic.ee\/#organization","name":"Miil O\u00dc","url":"https:\/\/miil.dev.almic.ee\/","logo":{"@type":"ImageObject","inLanguage":"fi","@id":"https:\/\/miil.dev.almic.ee\/#\/schema\/logo\/image\/","url":"https:\/\/www.miil.ee\/wp-content\/uploads\/2022\/02\/Miil-logo.svg","contentUrl":"https:\/\/www.miil.ee\/wp-content\/uploads\/2022\/02\/Miil-logo.svg","width":"1024","height":"1024","caption":"Miil O\u00dc"},"image":{"@id":"https:\/\/miil.dev.almic.ee\/#\/schema\/logo\/image\/"},"sameAs":["https:\/\/www.facebook.com\/konteinerveod\/","https:\/\/www.instagram.com\/ou_miil\/"]}]},"product_price_amount":"4990.00","product_price_currency":"EUR","og_availability":"instock","product_availability":"instock","product_retailer_item_id":"MIIU0450","product_condition":"new"},"_links":{"self":[{"href":"https:\/\/miil.dev.almic.ee\/fi\/wp-json\/wp\/v2\/product\/15555","targetHints":{"allow":["GET"]}}],"collection":[{"href":"https:\/\/miil.dev.almic.ee\/fi\/wp-json\/wp\/v2\/product"}],"about":[{"href":"https:\/\/miil.dev.almic.ee\/fi\/wp-json\/wp\/v2\/types\/product"}],"replies":[{"embeddable":true,"href":"https:\/\/miil.dev.almic.ee\/fi\/wp-json\/wp\/v2\/comments?post=15555"}],"wp:featuredmedia":[{"embeddable":true,"href":"https:\/\/miil.dev.almic.ee\/fi\/wp-json\/wp\/v2\/media\/80591"}],"wp:attachment":[{"href":"https:\/\/miil.dev.almic.ee\/fi\/wp-json\/wp\/v2\/media?parent=15555"}],"wp:term":[{"taxonomy":"product_cat","embeddable":true,"href":"https:\/\/miil.dev.almic.ee\/fi\/wp-json\/wp\/v2\/product_cat?post=15555"},{"taxonomy":"product_tag","embeddable":true,"href":"https:\/\/miil.dev.almic.ee\/fi\/wp-json\/wp\/v2\/product_tag?post=15555"}],"curies":[{"name":"wp","href":"https:\/\/api.w.org\/{rel}","templated":true}]}}