{"id":15547,"date":"2022-05-18T14:19:15","date_gmt":"2022-05-18T11:19:15","guid":{"rendered":"https:\/\/www.miil.ee\/toode\/konteineri-uks-uus\/"},"modified":"2024-11-05T10:24:04","modified_gmt":"2024-11-05T08:24:04","slug":"merikontin-ovi","status":"publish","type":"product","link":"https:\/\/miil.dev.almic.ee\/fi\/toode\/merikontin-ovi\/","title":{"rendered":"Merikontin ovi"},"content":{"rendered":"<h1>Laadukkaat kontin ovet &#8211; UUTTA<\/h1>\n<p>Tutustu kest\u00e4viin ja turvallisiin kontin oviin, jotka takaavat k\u00e4tev\u00e4n p\u00e4\u00e4syn.<\/p>\n<p>Etsitk\u00f6 luotettavaa ja kest\u00e4v\u00e4\u00e4 ratkaisua konttien k\u00e4yt\u00f6n optimoimiseksi? \u00c4l\u00e4 etsi en\u00e4\u00e4, sill\u00e4 korkealaatuiset kontin ovet on suunniteltu turvallisuutta, mukavuutta ja kest\u00e4vyytt\u00e4 ajatellen, ja ne tarjoavat optimaalisen suojan ja helpon p\u00e4\u00e4syn arvokkaisiisi.<\/p>\n<p>Turvallisuus on t\u00e4rke\u00e4\u00e4 konttien k\u00e4sittelyss\u00e4, ja kontin ovet ovat t\u00e4ss\u00e4 suhteessa erinomaisia. Vahvien materiaalien k\u00e4ytt\u00f6 ja edistyneet lukitusj\u00e4rjestelm\u00e4t varmistavat tehokkaan luvattoman p\u00e4\u00e4syn est\u00e4misen. Vahva rakenne ja vahvistetut saranat lis\u00e4\u00e4v\u00e4t turvallisuutta, mik\u00e4 antaa sinulle varmuuden siit\u00e4, ett\u00e4 s\u00e4ili\u00f6si ovat hyvin suojattuja.<\/p>\n<p>Korkean turvallisuuden lis\u00e4ksi ovet tarjoavat ennenn\u00e4kem\u00e4tt\u00f6m\u00e4n mukavuuden. Tasainen ja luotettava avaus- ja sulkemismekanismi takaa helpon p\u00e4\u00e4syn s\u00e4ili\u00f6ihin. Ovet on suunniteltu kest\u00e4m\u00e4\u00e4n toistuvaa k\u00e4ytt\u00f6\u00e4 ja s\u00e4ilytt\u00e4m\u00e4\u00e4n toimivuutensa ajan mittaan. Olipa kyseess\u00e4 nopean liikenteen satama, varasto tai muu konttien varastointipaikka \u2013 kontin ovet varmistavat sujuvan ja tehokkaan ty\u00f6nkulun.<\/p>\n<p>Lis\u00e4ksi kontin ovet voidaan r\u00e4\u00e4t\u00e4l\u00f6id\u00e4 tarpeidesi mukaan. Tarjoamme erilaisia \u200b\u200bkokoja ja kokoonpanoja erityyppisten s\u00e4ili\u00f6iden, mukaan lukien vakio-, korkeakuutio- ja j\u00e4\u00e4hdytysastioiden, makuun. Lis\u00e4ksi voit valita eri viimeistelyist\u00e4 ja v\u00e4reist\u00e4, jotka sopivat br\u00e4ndiisi tai esteettisiin mieltymyksiisi. Asiantuntijatiimimme on aina valmis auttamaan sinua l\u00f6yt\u00e4m\u00e4\u00e4n t\u00e4ydellisen kontin oviratkaisun, joka sopii tarpeisiisi.<\/p>\n<p>Investoimalla konttien oviin et vain paranna konttien turvallisuutta ja saavutettavuutta, vaan lis\u00e4\u00e4 my\u00f6s niiden pitk\u00e4ik\u00e4isyytt\u00e4. Niiden valmistuksessa k\u00e4ytetyt kest\u00e4v\u00e4t materiaalit takaavat kest\u00e4vyyden ankaria s\u00e4\u00e4olosuhteita, korroosiota ja kulumista vastaan. T\u00e4m\u00e4 tarkoittaa, ett\u00e4 ovesi toimivat edelleen luotettavasti vaikeissakin olosuhteissa, mik\u00e4 v\u00e4hent\u00e4\u00e4 yll\u00e4pitokustannuksia ja seisokkeja.<\/p>\n<p>Yhteenvetona voidaan todeta, ett\u00e4 jos haluat varmistaa konttiasennuspisteidesi turvallisuuden ja optimoinnin, korkealaatuiset kontin ovet ovat t\u00e4ydellinen valinta. Niiden keskittyminen turvallisuuteen, mukavuuteen, kest\u00e4vyyteen ja mukautumiskykyyn tarjoaa luotettavan ratkaisun konttihallinnan tarpeisiisi. Sijoita korkealaatuisiin kontin oviin ja nauti mielenrauhasta ja sujuvasta toiminnasta.<\/p>\n<p>Valitse kontin ovet, jotka varmistavat vahvan turvallisuuden ja helpon p\u00e4\u00e4syn kontteisiisi.<\/p>\n<h2>Merikontin ovi<\/h2>\n<p>Merikontin ovi &#8211; laadukasta ja vahvaa!<br \/>\nOvet sopivat sisustuselementiksi tai erilaisiin kontteihin.<br \/>\nKontin ovet ovat uusia ja saatavilla eri v\u00e4reiss\u00e4.<br \/>\nMyymme t\u00e4ydellisen\u00e4 tarrojen, linkkien ja sinettien kanssa.<br \/>\nOvet on irrotettu saranoiden kanssa, eiv\u00e4tk\u00e4 ne ole vaurioituneet.<\/p>\n<p>Meill\u00e4 on paikan p\u00e4\u00e4ll\u00e4 erilaisia \u200b\u200blis\u00e4varusteita meri- ja l\u00e4mp\u00f6kontteihin.<\/p>\n<h2>Tavarat jokaiseen toiveeseen!<\/h2>\n<p>Meilt\u00e4 l\u00f6yd\u00e4t my\u00f6s erilaisia \u200b\u200bhyllyj\u00e4, aitoja, toimistom\u00f6kkej\u00e4, merikontteja ja ulkok\u00e4ym\u00e4l\u00e4t.<br \/>\nLevyhylly on ihanteellinen lis\u00e4tilan luomiseen autotalliin, ty\u00f6huoneeseen tai kellariin.<br \/>\nRengasteline soveltuu renkaiden s\u00e4ilytykseen sek\u00e4 ammattik\u00e4ytt\u00f6\u00f6n ett\u00e4 kotik\u00e4ytt\u00f6\u00f6n.<br \/>\nKaiken meilt\u00e4 ostetun tavaran tai tilap\u00e4isen rakentamisen ymp\u00e4rille voidaan vet\u00e4\u00e4 aita.<br \/>\nValikoima tuotteita t\u00e4\u00e4lt\u00e4.<\/p>\n<p>Voit pysy\u00e4 ajan tasalla toiminnastamme seuraamalla meit\u00e4 Facebookissa tai Instagramissa<\/p>\n","protected":false},"excerpt":{"rendered":"<p>Merikontin ovi<\/p>\n","protected":false},"featured_media":3188,"comment_status":"closed","ping_status":"closed","template":"","meta":{"_acf_changed":false},"product_cat":[335],"product_tag":[],"class_list":{"0":"post-15547","1":"product","2":"type-product","3":"status-publish","4":"has-post-thumbnail","6":"product_cat-lisavarusteet","8":"first","9":"instock","10":"shipping-taxable","11":"product-type-simple"},"acf":[],"yoast_head":"<!-- This site is optimized with the Yoast SEO Premium plugin v23.9 (Yoast SEO v27.5) - https:\/\/yoast.com\/product\/yoast-seo-premium-wordpress\/ -->\n<title>Merikontin ovi - Miil O\u00dc<\/title>\n<meta name=\"description\" content=\"Merikontin ovi | Laivakontin korjaus | Merikonttien myynti ja vuokraus | Konttikuljetus ja varastointi | Laadukkaat palvelut \u2b50\ufe0f\u2b50\ufe0f\u2b50\ufe0f\u2b50\ufe0f\u2b50\" \/>\n<meta name=\"robots\" content=\"index, follow, max-snippet:-1, max-image-preview:large, max-video-preview:-1\" \/>\n<link rel=\"canonical\" href=\"https:\/\/miil.dev.almic.ee\/fi\/toode\/merikontin-ovi\/\" \/>\n<meta property=\"og:locale\" content=\"fi_FI\" \/>\n<meta property=\"og:type\" content=\"article\" \/>\n<meta property=\"og:title\" content=\"Merikontin ovi\" \/>\n<meta property=\"og:description\" content=\"Merikontin ovi | Laivakontin korjaus | Merikonttien myynti ja vuokraus | Konttikuljetus ja varastointi | Laadukkaat palvelut \u2b50\ufe0f\u2b50\ufe0f\u2b50\ufe0f\u2b50\ufe0f\u2b50\" \/>\n<meta property=\"og:url\" content=\"https:\/\/miil.dev.almic.ee\/fi\/toode\/merikontin-ovi\/\" \/>\n<meta property=\"og:site_name\" content=\"Miil O\u00dc\" \/>\n<meta property=\"article:publisher\" content=\"https:\/\/www.facebook.com\/konteinerveod\/\" \/>\n<meta property=\"article:modified_time\" content=\"2024-11-05T08:24:04+00:00\" \/>\n<meta property=\"og:image\" content=\"https:\/\/miil.dev.almic.ee\/wp-content\/uploads\/2022\/05\/203946360_827953381489496_3406675701835951382_n.jpg\" \/>\n\t<meta property=\"og:image:width\" content=\"720\" \/>\n\t<meta property=\"og:image:height\" content=\"960\" \/>\n\t<meta property=\"og:image:type\" content=\"image\/jpeg\" \/>\n<meta name=\"twitter:card\" content=\"summary_large_image\" \/>\n<meta name=\"twitter:label1\" content=\"Hinta\" \/>\n\t<meta name=\"twitter:data1\" content=\"\" \/>\n\t<meta name=\"twitter:label2\" content=\"Saatavuus\" \/>\n\t<meta name=\"twitter:data2\" content=\"Varastossa\" \/>\n<script type=\"application\/ld+json\" class=\"yoast-schema-graph\">{\"@context\":\"https:\\\/\\\/schema.org\",\"@graph\":[{\"@type\":\"WebPage\",\"@id\":\"https:\\\/\\\/miil.dev.almic.ee\\\/fi\\\/toode\\\/merikontin-ovi\\\/\",\"url\":\"https:\\\/\\\/miil.dev.almic.ee\\\/fi\\\/toode\\\/merikontin-ovi\\\/\",\"name\":\"Merikontin ovi - Miil O\u00dc\",\"isPartOf\":{\"@id\":\"https:\\\/\\\/miil.dev.almic.ee\\\/#website\"},\"primaryImageOfPage\":{\"@id\":\"https:\\\/\\\/miil.dev.almic.ee\\\/fi\\\/toode\\\/merikontin-ovi\\\/#primaryimage\"},\"image\":{\"@id\":\"https:\\\/\\\/miil.dev.almic.ee\\\/fi\\\/toode\\\/merikontin-ovi\\\/#primaryimage\"},\"thumbnailUrl\":\"https:\\\/\\\/miil.dev.almic.ee\\\/wp-content\\\/uploads\\\/2022\\\/05\\\/203946360_827953381489496_3406675701835951382_n.jpg\",\"datePublished\":\"2022-05-18T11:19:15+00:00\",\"dateModified\":\"2024-11-05T08:24:04+00:00\",\"description\":\"Merikontin ovi | Laivakontin korjaus | Merikonttien myynti ja vuokraus | Konttikuljetus ja varastointi | Laadukkaat palvelut \u2b50\ufe0f\u2b50\ufe0f\u2b50\ufe0f\u2b50\ufe0f\u2b50\",\"breadcrumb\":{\"@id\":\"https:\\\/\\\/miil.dev.almic.ee\\\/fi\\\/toode\\\/merikontin-ovi\\\/#breadcrumb\"},\"inLanguage\":\"fi\",\"potentialAction\":[{\"@type\":\"ReadAction\",\"target\":[\"https:\\\/\\\/miil.dev.almic.ee\\\/fi\\\/toode\\\/merikontin-ovi\\\/\"]}]},{\"@type\":\"ImageObject\",\"inLanguage\":\"fi\",\"@id\":\"https:\\\/\\\/miil.dev.almic.ee\\\/fi\\\/toode\\\/merikontin-ovi\\\/#primaryimage\",\"url\":\"https:\\\/\\\/miil.dev.almic.ee\\\/wp-content\\\/uploads\\\/2022\\\/05\\\/203946360_827953381489496_3406675701835951382_n.jpg\",\"contentUrl\":\"https:\\\/\\\/miil.dev.almic.ee\\\/wp-content\\\/uploads\\\/2022\\\/05\\\/203946360_827953381489496_3406675701835951382_n.jpg\",\"width\":720,\"height\":960,\"caption\":\"konteineriuksed\"},{\"@type\":\"BreadcrumbList\",\"@id\":\"https:\\\/\\\/miil.dev.almic.ee\\\/fi\\\/toode\\\/merikontin-ovi\\\/#breadcrumb\",\"itemListElement\":[{\"@type\":\"ListItem\",\"position\":1,\"name\":\"Home\",\"item\":\"https:\\\/\\\/miil.dev.almic.ee\\\/fi\\\/\"},{\"@type\":\"ListItem\",\"position\":2,\"name\":\"Kauppa\",\"item\":\"https:\\\/\\\/miil.dev.almic.ee\\\/fi\\\/kauppa\\\/\"},{\"@type\":\"ListItem\",\"position\":3,\"name\":\"Merikontin ovi\"}]},{\"@type\":\"WebSite\",\"@id\":\"https:\\\/\\\/miil.dev.almic.ee\\\/#website\",\"url\":\"https:\\\/\\\/miil.dev.almic.ee\\\/\",\"name\":\"Miil O\u00dc\",\"description\":\"Konteinerveod\",\"publisher\":{\"@id\":\"https:\\\/\\\/miil.dev.almic.ee\\\/#organization\"},\"potentialAction\":[{\"@type\":\"SearchAction\",\"target\":{\"@type\":\"EntryPoint\",\"urlTemplate\":\"https:\\\/\\\/miil.dev.almic.ee\\\/?s={search_term_string}\"},\"query-input\":{\"@type\":\"PropertyValueSpecification\",\"valueRequired\":true,\"valueName\":\"search_term_string\"}}],\"inLanguage\":\"fi\"},{\"@type\":\"Organization\",\"@id\":\"https:\\\/\\\/miil.dev.almic.ee\\\/#organization\",\"name\":\"Miil O\u00dc\",\"url\":\"https:\\\/\\\/miil.dev.almic.ee\\\/\",\"logo\":{\"@type\":\"ImageObject\",\"inLanguage\":\"fi\",\"@id\":\"https:\\\/\\\/miil.dev.almic.ee\\\/#\\\/schema\\\/logo\\\/image\\\/\",\"url\":\"https:\\\/\\\/www.miil.ee\\\/wp-content\\\/uploads\\\/2022\\\/02\\\/Miil-logo.svg\",\"contentUrl\":\"https:\\\/\\\/www.miil.ee\\\/wp-content\\\/uploads\\\/2022\\\/02\\\/Miil-logo.svg\",\"width\":\"1024\",\"height\":\"1024\",\"caption\":\"Miil O\u00dc\"},\"image\":{\"@id\":\"https:\\\/\\\/miil.dev.almic.ee\\\/#\\\/schema\\\/logo\\\/image\\\/\"},\"sameAs\":[\"https:\\\/\\\/www.facebook.com\\\/konteinerveod\\\/\",\"https:\\\/\\\/www.instagram.com\\\/ou_miil\\\/\"]}]}<\/script>\n<meta property=\"product:price:amount\" content=\"0.00\" \/>\n<meta property=\"product:price:currency\" content=\"EUR\" \/>\n<meta property=\"og:availability\" content=\"instock\" \/>\n<meta property=\"product:availability\" content=\"instock\" \/>\n<meta property=\"product:condition\" content=\"new\" \/>\n<!-- \/ Yoast SEO Premium plugin. -->","yoast_head_json":{"title":"Merikontin ovi - Miil O\u00dc","description":"Merikontin ovi | Laivakontin korjaus | Merikonttien myynti ja vuokraus | Konttikuljetus ja varastointi | Laadukkaat palvelut \u2b50\ufe0f\u2b50\ufe0f\u2b50\ufe0f\u2b50\ufe0f\u2b50","robots":{"index":"index","follow":"follow","max-snippet":"max-snippet:-1","max-image-preview":"max-image-preview:large","max-video-preview":"max-video-preview:-1"},"canonical":"https:\/\/miil.dev.almic.ee\/fi\/toode\/merikontin-ovi\/","og_locale":"fi_FI","og_type":"article","og_title":"Merikontin ovi","og_description":"Merikontin ovi | Laivakontin korjaus | Merikonttien myynti ja vuokraus | Konttikuljetus ja varastointi | Laadukkaat palvelut \u2b50\ufe0f\u2b50\ufe0f\u2b50\ufe0f\u2b50\ufe0f\u2b50","og_url":"https:\/\/miil.dev.almic.ee\/fi\/toode\/merikontin-ovi\/","og_site_name":"Miil O\u00dc","article_publisher":"https:\/\/www.facebook.com\/konteinerveod\/","article_modified_time":"2024-11-05T08:24:04+00:00","og_image":[{"width":720,"height":960,"url":"https:\/\/miil.dev.almic.ee\/wp-content\/uploads\/2022\/05\/203946360_827953381489496_3406675701835951382_n.jpg","type":"image\/jpeg"}],"twitter_card":"summary_large_image","twitter_misc":{"Hinta":"","Saatavuus":"Varastossa"},"schema":{"@context":"https:\/\/schema.org","@graph":[{"@type":"WebPage","@id":"https:\/\/miil.dev.almic.ee\/fi\/toode\/merikontin-ovi\/","url":"https:\/\/miil.dev.almic.ee\/fi\/toode\/merikontin-ovi\/","name":"Merikontin ovi - Miil O\u00dc","isPartOf":{"@id":"https:\/\/miil.dev.almic.ee\/#website"},"primaryImageOfPage":{"@id":"https:\/\/miil.dev.almic.ee\/fi\/toode\/merikontin-ovi\/#primaryimage"},"image":{"@id":"https:\/\/miil.dev.almic.ee\/fi\/toode\/merikontin-ovi\/#primaryimage"},"thumbnailUrl":"https:\/\/miil.dev.almic.ee\/wp-content\/uploads\/2022\/05\/203946360_827953381489496_3406675701835951382_n.jpg","datePublished":"2022-05-18T11:19:15+00:00","dateModified":"2024-11-05T08:24:04+00:00","description":"Merikontin ovi | Laivakontin korjaus | Merikonttien myynti ja vuokraus | Konttikuljetus ja varastointi | Laadukkaat palvelut \u2b50\ufe0f\u2b50\ufe0f\u2b50\ufe0f\u2b50\ufe0f\u2b50","breadcrumb":{"@id":"https:\/\/miil.dev.almic.ee\/fi\/toode\/merikontin-ovi\/#breadcrumb"},"inLanguage":"fi","potentialAction":[{"@type":"ReadAction","target":["https:\/\/miil.dev.almic.ee\/fi\/toode\/merikontin-ovi\/"]}]},{"@type":"ImageObject","inLanguage":"fi","@id":"https:\/\/miil.dev.almic.ee\/fi\/toode\/merikontin-ovi\/#primaryimage","url":"https:\/\/miil.dev.almic.ee\/wp-content\/uploads\/2022\/05\/203946360_827953381489496_3406675701835951382_n.jpg","contentUrl":"https:\/\/miil.dev.almic.ee\/wp-content\/uploads\/2022\/05\/203946360_827953381489496_3406675701835951382_n.jpg","width":720,"height":960,"caption":"konteineriuksed"},{"@type":"BreadcrumbList","@id":"https:\/\/miil.dev.almic.ee\/fi\/toode\/merikontin-ovi\/#breadcrumb","itemListElement":[{"@type":"ListItem","position":1,"name":"Home","item":"https:\/\/miil.dev.almic.ee\/fi\/"},{"@type":"ListItem","position":2,"name":"Kauppa","item":"https:\/\/miil.dev.almic.ee\/fi\/kauppa\/"},{"@type":"ListItem","position":3,"name":"Merikontin ovi"}]},{"@type":"WebSite","@id":"https:\/\/miil.dev.almic.ee\/#website","url":"https:\/\/miil.dev.almic.ee\/","name":"Miil O\u00dc","description":"Konteinerveod","publisher":{"@id":"https:\/\/miil.dev.almic.ee\/#organization"},"potentialAction":[{"@type":"SearchAction","target":{"@type":"EntryPoint","urlTemplate":"https:\/\/miil.dev.almic.ee\/?s={search_term_string}"},"query-input":{"@type":"PropertyValueSpecification","valueRequired":true,"valueName":"search_term_string"}}],"inLanguage":"fi"},{"@type":"Organization","@id":"https:\/\/miil.dev.almic.ee\/#organization","name":"Miil O\u00dc","url":"https:\/\/miil.dev.almic.ee\/","logo":{"@type":"ImageObject","inLanguage":"fi","@id":"https:\/\/miil.dev.almic.ee\/#\/schema\/logo\/image\/","url":"https:\/\/www.miil.ee\/wp-content\/uploads\/2022\/02\/Miil-logo.svg","contentUrl":"https:\/\/www.miil.ee\/wp-content\/uploads\/2022\/02\/Miil-logo.svg","width":"1024","height":"1024","caption":"Miil O\u00dc"},"image":{"@id":"https:\/\/miil.dev.almic.ee\/#\/schema\/logo\/image\/"},"sameAs":["https:\/\/www.facebook.com\/konteinerveod\/","https:\/\/www.instagram.com\/ou_miil\/"]}]},"product_price_amount":"0.00","product_price_currency":"EUR","og_availability":"instock","product_availability":"instock","product_condition":"new"},"_links":{"self":[{"href":"https:\/\/miil.dev.almic.ee\/fi\/wp-json\/wp\/v2\/product\/15547","targetHints":{"allow":["GET"]}}],"collection":[{"href":"https:\/\/miil.dev.almic.ee\/fi\/wp-json\/wp\/v2\/product"}],"about":[{"href":"https:\/\/miil.dev.almic.ee\/fi\/wp-json\/wp\/v2\/types\/product"}],"replies":[{"embeddable":true,"href":"https:\/\/miil.dev.almic.ee\/fi\/wp-json\/wp\/v2\/comments?post=15547"}],"wp:featuredmedia":[{"embeddable":true,"href":"https:\/\/miil.dev.almic.ee\/fi\/wp-json\/wp\/v2\/media\/3188"}],"wp:attachment":[{"href":"https:\/\/miil.dev.almic.ee\/fi\/wp-json\/wp\/v2\/media?parent=15547"}],"wp:term":[{"taxonomy":"product_cat","embeddable":true,"href":"https:\/\/miil.dev.almic.ee\/fi\/wp-json\/wp\/v2\/product_cat?post=15547"},{"taxonomy":"product_tag","embeddable":true,"href":"https:\/\/miil.dev.almic.ee\/fi\/wp-json\/wp\/v2\/product_tag?post=15547"}],"curies":[{"name":"wp","href":"https:\/\/api.w.org\/{rel}","templated":true}]}}