{"id":15511,"date":"2022-05-18T14:20:51","date_gmt":"2022-05-18T11:20:51","guid":{"rendered":"https:\/\/www.miil.ee\/toode\/10dc-ref-kulmik-tellimisel-tarneaeg-14-paeva\/"},"modified":"2025-02-05T09:30:57","modified_gmt":"2025-02-05T07:30:57","slug":"10dc-ref-kylma-kontti","status":"publish","type":"product","link":"https:\/\/miil.dev.almic.ee\/fi\/toode\/10dc-ref-kylma-kontti\/","title":{"rendered":"10DC REF kylm\u00e4 kontti &#8211; toimitusaika 2\/3 viikkoa"},"content":{"rendered":"<h1>Korkealaatuinen 10DC REF &#8211; kylm\u00e4 kontti- nopea ja tehokas. Toimitusaika 2\/3 viikkoa.<\/h1>\n<p>10DC REF kylm\u00e4 kontti &#8211; Jos etsit luotettavaa ja tehokasta j\u00e4\u00e4kaappiratkaisua, 10DC RE on t\u00e4ydellinen valinta. T\u00e4m\u00e4 pakastin on korkealaatuinen ja t\u00e4ytt\u00e4\u00e4 korkeat standardit varmistaen turvallisen ja optimaalisen elintarvikkeiden s\u00e4ilytyksen.<\/p>\n<p>Poikkeuksellisen nopea toimitusaika &#8211; vain 2\/3 viikkoa &#8211; mahdollistaa t\u00e4m\u00e4n arvokkaan laitteen nopean hankinnan yrityksellesi. Tarvitsetpa sitten j\u00e4\u00e4kaapin ravintolassa, elintarvikekaupassa tai muulla alalla, 10DC REF -j\u00e4\u00e4kaappi vastaa tarpeisiisi.<\/p>\n<p>Miil O\u00dc ymm\u00e4rt\u00e4\u00e4, kuinka t\u00e4rke\u00e4\u00e4 on s\u00e4ilytt\u00e4\u00e4 elintarvikkeiden tuoreus ja laatu. Siksi kyseinen j\u00e4\u00e4kaappi on varustettu huipputason tekniikalla, joka varmistaa vakaan l\u00e4mp\u00f6tilan ja optimaalisen kosteustason. T\u00e4m\u00e4 varmistaa, ett\u00e4 tuotteesi s\u00e4ilytt\u00e4v\u00e4t maun, koostumuksen ja tuoreuden pidemp\u00e4\u00e4n.<\/p>\n<p>10DC REF -j\u00e4\u00e4kaappi on monipuolinen laite, joka tarjoaa erinomaisen tilavuuden ja organisointimahdollisuudet. Siin\u00e4 on s\u00e4\u00e4dett\u00e4v\u00e4t hyllyt ja laatikot, joiden avulla voit mukauttaa j\u00e4\u00e4kaapin sisustuksen tarpeidesi mukaan. Lis\u00e4ksi se on energiatehokas, mik\u00e4 auttaa sinua s\u00e4\u00e4st\u00e4m\u00e4\u00e4n energiakustannuksissa.<\/p>\n<p>Miil O\u00dc tunnetaan laadukkaista tuotteistaan \u200b\u200bja luotettavasta palvelustaan. Tiimimme on valmis auttamaan j\u00e4\u00e4kaapin valinnassa ja tarjoamaan ammattitaitoista neuvontaa sek\u00e4 tukea koko prosessin ajan. Kokemuksemme ja tiet\u00e4myksemme varmistavat, ett\u00e4 saat parhaan mahdollisen ratkaisun tarpeisiisi.<\/p>\n<p>Sijoita korkealaatuiseen ja luotettavaan 10DC REF -j\u00e4\u00e4kaappiin Miil O\u00dc:lt\u00e4. Vieraile verkkosivuillamme Miil.ee saadaksesi tarkempaa tietoa t\u00e4m\u00e4n j\u00e4\u00e4kaapin teknisist\u00e4 tiedoista, ominaisuuksista ja hinnoista.<\/p>\n<p>Luota Miil O\u00dc:n 10DC REF -j\u00e4\u00e4kaapin laatuun ja nopeaan toimitusaikaan.<\/p>\n<h2>10DC REF kylm\u00e4 kontti &#8211; vuokraus<\/h2>\n<p>Vuokraamme erikokoisia merikonttij\u00e4\u00e4kaappeja.<br \/>\nJ\u00e4\u00e4kaapit pakasteovilla, j\u00e4\u00e4kaapit normaaliovilla, kylm\u00e4kontit ja paljon muuta ovat heti varastossa.<br \/>\nSaatavilla 10ft, 20ft, 40ft kontit eri varusteilla.<\/p>\n<h2>Miten kontin hinta lasketaan?<\/h2>\n<p>Merikontin hinta riippuu monesta asiasta, mutta myyntihinta liittyy yleens\u00e4 kontin kuntoon.<br \/>\nHintaan vaikuttavat my\u00f6s kontin hankintahinta, kontin saapumistapa terminaaliin, kontin sijainti terminaalissa ja onko kontista loppuneet lis\u00e4kulut, kuten v\u00e4lisiivous, sis\u00e4siivous tai remontti. . Jotta voimme palvella asiakkaitamme paremmin, myyntipisteemme sijaitsevat eri puolilla Viroa. P\u00e4\u00e4kaupungin ulkopuolella olevan kontin hinta riippuu my\u00f6s siit\u00e4, miten se kuljetetaan terminaalien v\u00e4lill\u00e4.<\/p>\n<h2>Kuljetus ja nosto?<\/h2>\n<p>Sopivan kontin valinnan j\u00e4lkeen voimme hoitaa pakkaamisen ja kuljetuksen.<br \/>\nK\u00e4yt\u00e4mme kuljetukseen<span>\u00a0<\/span><a href=\"https:\/\/www.miil.ee\/fi\/palvelut\/nosturi\/\">nosturia<\/a><span>\u00a0<\/span>tai<span>\u00a0<\/span><a href=\"https:\/\/www.miil.ee\/fi\/palvelut\/sideloader\/\">sideloader<\/a><br \/>\nmonimutkaisempi kuljetus on mahdollista<span>\u00a0<\/span><a href=\"https:\/\/www.miil.ee\/fi\/palvelut\/ram-kippauslaite\/\">RAM per\u00e4vaunulla<\/a>.<br \/>\nKun olet ostanut sen, s\u00e4ilyt\u00e4mme konttisi terminaalissamme maksutta jopa kuusi kuukautta.<br \/>\nAina on mahdollista sopia pidemm\u00e4st\u00e4kin ajanjaksosta.<br \/>\nEsimerkiksi jos paikka ei ole viel\u00e4 valmis tai k\u00e4ytett\u00e4viss\u00e4 kontin toimittamiseksi.<br \/>\nT\u00e4ll\u00f6in kontin hinta ei muutu ja voit olla varma, ett\u00e4 saat valitun kontin sovittuna aikana.<\/p>\n<h2>Teknologiamme on modernia ja kuljettajamme ovat korkeasti koulutettuja.<\/h2>\n<ul>\n<li>Merikonttien myynti<\/li>\n<li>Merikontin vuokraus<\/li>\n<li>Merikonttien talteenotto<\/li>\n<li>Merikonttien korjaus<\/li>\n<li>Merikonttien varastointi<\/li>\n<li>L\u00e4mmitysakkujen myynti<\/li>\n<li>L\u00e4mmittimien vuokra<\/li>\n<li>Pienitalojen myynti<\/li>\n<li>Vuokraa minitaloja<\/li>\n<li>Kuljetus<\/li>\n<li>Varastopalvelu<\/li>\n<\/ul>\n<p>Parhaan hinnan takuu \u2013 teemme aina parhaan tarjouksen kontista.<\/p>\n<p>Seuraa meit\u00e4<span>\u00a0<\/span><a href=\"https:\/\/www.facebook.com\/konteinerveod\/\">Facebook<\/a><span>\u00a0<\/span>tai<span>\u00a0<\/span><a href=\"https:\/\/www.instagram.com\/ou_miil\/\">Instagram<\/a><\/p>\n<p>&nbsp;<\/p>\n<p>&nbsp;<\/p>\n","protected":false},"excerpt":{"rendered":"<p>10DC REF kylm\u00e4kontti on korkealaatuinen, nopea ja tehokas ratkaisu elintarvikkeiden s\u00e4ilytykseen. Se tarjoaa erinomaisen tilavuuden, energiatehokkuuden ja huipputason tekniikan, joka takaa optimaalisen l\u00e4mp\u00f6tilan ja kosteustason. Toimitusaika on vain 2-3 viikkoa, ja Miil O\u00dc tarjoaa asiantuntevaa palvelua koko prosessin ajan. T\u00e4m\u00e4 monipuolinen laite on t\u00e4ydellinen valinta ravintoloille ja elintarvikekaupoille.<\/p>\n","protected":false},"featured_media":3656,"comment_status":"closed","ping_status":"closed","template":"","meta":{"_acf_changed":false},"product_cat":[331,359],"product_tag":[],"class_list":{"0":"post-15511","1":"product","2":"type-product","3":"status-publish","4":"has-post-thumbnail","6":"product_cat-kaytetyt-kontit","7":"product_cat-10-3-metria","9":"first","10":"instock","11":"shipping-taxable","12":"purchasable","13":"product-type-simple"},"acf":[],"yoast_head":"<!-- This site is optimized with the Yoast SEO Premium plugin v23.9 (Yoast SEO v27.5) - https:\/\/yoast.com\/product\/yoast-seo-premium-wordpress\/ -->\n<title>10DC REF kylm\u00e4 kontti - Miil O\u00dc<\/title>\n<meta name=\"description\" content=\"10DC REF kylm\u00e4 kontti | merikontti | varastokontti | 20 REF kontti | merikonttien myynti ja vuokraus | merikonttien osto ja myynti |\" \/>\n<meta name=\"robots\" content=\"index, follow, max-snippet:-1, max-image-preview:large, max-video-preview:-1\" \/>\n<link rel=\"canonical\" href=\"https:\/\/miil.dev.almic.ee\/fi\/toode\/10dc-ref-kylma-kontti\/\" \/>\n<meta property=\"og:locale\" content=\"fi_FI\" \/>\n<meta property=\"og:type\" content=\"article\" \/>\n<meta property=\"og:title\" content=\"10DC REF kylm\u00e4 kontti - toimitusaika 2\/3 viikkoa\" \/>\n<meta property=\"og:description\" content=\"10DC REF kylm\u00e4 kontti | merikontti | varastokontti | 20 REF kontti | merikonttien myynti ja vuokraus | merikonttien osto ja myynti |\" \/>\n<meta property=\"og:url\" content=\"https:\/\/miil.dev.almic.ee\/fi\/toode\/10dc-ref-kylma-kontti\/\" \/>\n<meta property=\"og:site_name\" content=\"Miil O\u00dc\" \/>\n<meta property=\"article:publisher\" content=\"https:\/\/www.facebook.com\/konteinerveod\/\" \/>\n<meta property=\"article:modified_time\" content=\"2025-02-05T07:30:57+00:00\" \/>\n<meta property=\"og:image\" content=\"https:\/\/miil.dev.almic.ee\/wp-content\/uploads\/2022\/05\/MIIU9128161.jpg\" \/>\n\t<meta property=\"og:image:width\" content=\"960\" \/>\n\t<meta property=\"og:image:height\" content=\"720\" \/>\n\t<meta property=\"og:image:type\" content=\"image\/jpeg\" \/>\n<meta name=\"twitter:card\" content=\"summary_large_image\" \/>\n<meta name=\"twitter:label1\" content=\"Hinta\" \/>\n\t<meta name=\"twitter:data1\" content=\"7500,00&nbsp;&euro;\" \/>\n\t<meta name=\"twitter:label2\" content=\"Saatavuus\" \/>\n\t<meta name=\"twitter:data2\" content=\"Varastossa\" \/>\n<script type=\"application\/ld+json\" class=\"yoast-schema-graph\">{\"@context\":\"https:\\\/\\\/schema.org\",\"@graph\":[{\"@type\":\"WebPage\",\"@id\":\"https:\\\/\\\/miil.dev.almic.ee\\\/fi\\\/toode\\\/10dc-ref-kylma-kontti\\\/\",\"url\":\"https:\\\/\\\/miil.dev.almic.ee\\\/fi\\\/toode\\\/10dc-ref-kylma-kontti\\\/\",\"name\":\"10DC REF kylm\u00e4 kontti - Miil O\u00dc\",\"isPartOf\":{\"@id\":\"https:\\\/\\\/miil.dev.almic.ee\\\/#website\"},\"primaryImageOfPage\":{\"@id\":\"https:\\\/\\\/miil.dev.almic.ee\\\/fi\\\/toode\\\/10dc-ref-kylma-kontti\\\/#primaryimage\"},\"image\":{\"@id\":\"https:\\\/\\\/miil.dev.almic.ee\\\/fi\\\/toode\\\/10dc-ref-kylma-kontti\\\/#primaryimage\"},\"thumbnailUrl\":\"https:\\\/\\\/miil.dev.almic.ee\\\/wp-content\\\/uploads\\\/2022\\\/05\\\/MIIU9128161.jpg\",\"datePublished\":\"2022-05-18T11:20:51+00:00\",\"dateModified\":\"2025-02-05T07:30:57+00:00\",\"description\":\"10DC REF kylm\u00e4 kontti | merikontti | varastokontti | 20 REF kontti | merikonttien myynti ja vuokraus | merikonttien osto ja myynti |\",\"breadcrumb\":{\"@id\":\"https:\\\/\\\/miil.dev.almic.ee\\\/fi\\\/toode\\\/10dc-ref-kylma-kontti\\\/#breadcrumb\"},\"inLanguage\":\"fi\",\"potentialAction\":[{\"@type\":\"ReadAction\",\"target\":[\"https:\\\/\\\/miil.dev.almic.ee\\\/fi\\\/toode\\\/10dc-ref-kylma-kontti\\\/\"]}]},{\"@type\":\"ImageObject\",\"inLanguage\":\"fi\",\"@id\":\"https:\\\/\\\/miil.dev.almic.ee\\\/fi\\\/toode\\\/10dc-ref-kylma-kontti\\\/#primaryimage\",\"url\":\"https:\\\/\\\/miil.dev.almic.ee\\\/wp-content\\\/uploads\\\/2022\\\/05\\\/MIIU9128161.jpg\",\"contentUrl\":\"https:\\\/\\\/miil.dev.almic.ee\\\/wp-content\\\/uploads\\\/2022\\\/05\\\/MIIU9128161.jpg\",\"width\":960,\"height\":720},{\"@type\":\"BreadcrumbList\",\"@id\":\"https:\\\/\\\/miil.dev.almic.ee\\\/fi\\\/toode\\\/10dc-ref-kylma-kontti\\\/#breadcrumb\",\"itemListElement\":[{\"@type\":\"ListItem\",\"position\":1,\"name\":\"Home\",\"item\":\"https:\\\/\\\/miil.dev.almic.ee\\\/fi\\\/\"},{\"@type\":\"ListItem\",\"position\":2,\"name\":\"Kauppa\",\"item\":\"https:\\\/\\\/miil.dev.almic.ee\\\/fi\\\/kauppa\\\/\"},{\"@type\":\"ListItem\",\"position\":3,\"name\":\"10DC REF kylm\u00e4 kontti &#8211; toimitusaika 2\\\/3 viikkoa\"}]},{\"@type\":\"WebSite\",\"@id\":\"https:\\\/\\\/miil.dev.almic.ee\\\/#website\",\"url\":\"https:\\\/\\\/miil.dev.almic.ee\\\/\",\"name\":\"Miil O\u00dc\",\"description\":\"Konteinerveod\",\"publisher\":{\"@id\":\"https:\\\/\\\/miil.dev.almic.ee\\\/#organization\"},\"potentialAction\":[{\"@type\":\"SearchAction\",\"target\":{\"@type\":\"EntryPoint\",\"urlTemplate\":\"https:\\\/\\\/miil.dev.almic.ee\\\/?s={search_term_string}\"},\"query-input\":{\"@type\":\"PropertyValueSpecification\",\"valueRequired\":true,\"valueName\":\"search_term_string\"}}],\"inLanguage\":\"fi\"},{\"@type\":\"Organization\",\"@id\":\"https:\\\/\\\/miil.dev.almic.ee\\\/#organization\",\"name\":\"Miil O\u00dc\",\"url\":\"https:\\\/\\\/miil.dev.almic.ee\\\/\",\"logo\":{\"@type\":\"ImageObject\",\"inLanguage\":\"fi\",\"@id\":\"https:\\\/\\\/miil.dev.almic.ee\\\/#\\\/schema\\\/logo\\\/image\\\/\",\"url\":\"https:\\\/\\\/www.miil.ee\\\/wp-content\\\/uploads\\\/2022\\\/02\\\/Miil-logo.svg\",\"contentUrl\":\"https:\\\/\\\/www.miil.ee\\\/wp-content\\\/uploads\\\/2022\\\/02\\\/Miil-logo.svg\",\"width\":\"1024\",\"height\":\"1024\",\"caption\":\"Miil O\u00dc\"},\"image\":{\"@id\":\"https:\\\/\\\/miil.dev.almic.ee\\\/#\\\/schema\\\/logo\\\/image\\\/\"},\"sameAs\":[\"https:\\\/\\\/www.facebook.com\\\/konteinerveod\\\/\",\"https:\\\/\\\/www.instagram.com\\\/ou_miil\\\/\"]}]}<\/script>\n<meta property=\"product:price:amount\" content=\"7500.00\" \/>\n<meta property=\"product:price:currency\" content=\"EUR\" \/>\n<meta property=\"og:availability\" content=\"instock\" \/>\n<meta property=\"product:availability\" content=\"instock\" \/>\n<meta property=\"product:condition\" content=\"new\" \/>\n<!-- \/ Yoast SEO Premium plugin. -->","yoast_head_json":{"title":"10DC REF kylm\u00e4 kontti - Miil O\u00dc","description":"10DC REF kylm\u00e4 kontti | merikontti | varastokontti | 20 REF kontti | merikonttien myynti ja vuokraus | merikonttien osto ja myynti |","robots":{"index":"index","follow":"follow","max-snippet":"max-snippet:-1","max-image-preview":"max-image-preview:large","max-video-preview":"max-video-preview:-1"},"canonical":"https:\/\/miil.dev.almic.ee\/fi\/toode\/10dc-ref-kylma-kontti\/","og_locale":"fi_FI","og_type":"article","og_title":"10DC REF kylm\u00e4 kontti - toimitusaika 2\/3 viikkoa","og_description":"10DC REF kylm\u00e4 kontti | merikontti | varastokontti | 20 REF kontti | merikonttien myynti ja vuokraus | merikonttien osto ja myynti |","og_url":"https:\/\/miil.dev.almic.ee\/fi\/toode\/10dc-ref-kylma-kontti\/","og_site_name":"Miil O\u00dc","article_publisher":"https:\/\/www.facebook.com\/konteinerveod\/","article_modified_time":"2025-02-05T07:30:57+00:00","og_image":[{"width":960,"height":720,"url":"https:\/\/miil.dev.almic.ee\/wp-content\/uploads\/2022\/05\/MIIU9128161.jpg","type":"image\/jpeg"}],"twitter_card":"summary_large_image","twitter_misc":{"Hinta":"7500,00&nbsp;&euro;","Saatavuus":"Varastossa"},"schema":{"@context":"https:\/\/schema.org","@graph":[{"@type":"WebPage","@id":"https:\/\/miil.dev.almic.ee\/fi\/toode\/10dc-ref-kylma-kontti\/","url":"https:\/\/miil.dev.almic.ee\/fi\/toode\/10dc-ref-kylma-kontti\/","name":"10DC REF kylm\u00e4 kontti - Miil O\u00dc","isPartOf":{"@id":"https:\/\/miil.dev.almic.ee\/#website"},"primaryImageOfPage":{"@id":"https:\/\/miil.dev.almic.ee\/fi\/toode\/10dc-ref-kylma-kontti\/#primaryimage"},"image":{"@id":"https:\/\/miil.dev.almic.ee\/fi\/toode\/10dc-ref-kylma-kontti\/#primaryimage"},"thumbnailUrl":"https:\/\/miil.dev.almic.ee\/wp-content\/uploads\/2022\/05\/MIIU9128161.jpg","datePublished":"2022-05-18T11:20:51+00:00","dateModified":"2025-02-05T07:30:57+00:00","description":"10DC REF kylm\u00e4 kontti | merikontti | varastokontti | 20 REF kontti | merikonttien myynti ja vuokraus | merikonttien osto ja myynti |","breadcrumb":{"@id":"https:\/\/miil.dev.almic.ee\/fi\/toode\/10dc-ref-kylma-kontti\/#breadcrumb"},"inLanguage":"fi","potentialAction":[{"@type":"ReadAction","target":["https:\/\/miil.dev.almic.ee\/fi\/toode\/10dc-ref-kylma-kontti\/"]}]},{"@type":"ImageObject","inLanguage":"fi","@id":"https:\/\/miil.dev.almic.ee\/fi\/toode\/10dc-ref-kylma-kontti\/#primaryimage","url":"https:\/\/miil.dev.almic.ee\/wp-content\/uploads\/2022\/05\/MIIU9128161.jpg","contentUrl":"https:\/\/miil.dev.almic.ee\/wp-content\/uploads\/2022\/05\/MIIU9128161.jpg","width":960,"height":720},{"@type":"BreadcrumbList","@id":"https:\/\/miil.dev.almic.ee\/fi\/toode\/10dc-ref-kylma-kontti\/#breadcrumb","itemListElement":[{"@type":"ListItem","position":1,"name":"Home","item":"https:\/\/miil.dev.almic.ee\/fi\/"},{"@type":"ListItem","position":2,"name":"Kauppa","item":"https:\/\/miil.dev.almic.ee\/fi\/kauppa\/"},{"@type":"ListItem","position":3,"name":"10DC REF kylm\u00e4 kontti &#8211; toimitusaika 2\/3 viikkoa"}]},{"@type":"WebSite","@id":"https:\/\/miil.dev.almic.ee\/#website","url":"https:\/\/miil.dev.almic.ee\/","name":"Miil O\u00dc","description":"Konteinerveod","publisher":{"@id":"https:\/\/miil.dev.almic.ee\/#organization"},"potentialAction":[{"@type":"SearchAction","target":{"@type":"EntryPoint","urlTemplate":"https:\/\/miil.dev.almic.ee\/?s={search_term_string}"},"query-input":{"@type":"PropertyValueSpecification","valueRequired":true,"valueName":"search_term_string"}}],"inLanguage":"fi"},{"@type":"Organization","@id":"https:\/\/miil.dev.almic.ee\/#organization","name":"Miil O\u00dc","url":"https:\/\/miil.dev.almic.ee\/","logo":{"@type":"ImageObject","inLanguage":"fi","@id":"https:\/\/miil.dev.almic.ee\/#\/schema\/logo\/image\/","url":"https:\/\/www.miil.ee\/wp-content\/uploads\/2022\/02\/Miil-logo.svg","contentUrl":"https:\/\/www.miil.ee\/wp-content\/uploads\/2022\/02\/Miil-logo.svg","width":"1024","height":"1024","caption":"Miil O\u00dc"},"image":{"@id":"https:\/\/miil.dev.almic.ee\/#\/schema\/logo\/image\/"},"sameAs":["https:\/\/www.facebook.com\/konteinerveod\/","https:\/\/www.instagram.com\/ou_miil\/"]}]},"product_price_amount":"7500.00","product_price_currency":"EUR","og_availability":"instock","product_availability":"instock","product_condition":"new"},"_links":{"self":[{"href":"https:\/\/miil.dev.almic.ee\/fi\/wp-json\/wp\/v2\/product\/15511","targetHints":{"allow":["GET"]}}],"collection":[{"href":"https:\/\/miil.dev.almic.ee\/fi\/wp-json\/wp\/v2\/product"}],"about":[{"href":"https:\/\/miil.dev.almic.ee\/fi\/wp-json\/wp\/v2\/types\/product"}],"replies":[{"embeddable":true,"href":"https:\/\/miil.dev.almic.ee\/fi\/wp-json\/wp\/v2\/comments?post=15511"}],"wp:featuredmedia":[{"embeddable":true,"href":"https:\/\/miil.dev.almic.ee\/fi\/wp-json\/wp\/v2\/media\/3656"}],"wp:attachment":[{"href":"https:\/\/miil.dev.almic.ee\/fi\/wp-json\/wp\/v2\/media?parent=15511"}],"wp:term":[{"taxonomy":"product_cat","embeddable":true,"href":"https:\/\/miil.dev.almic.ee\/fi\/wp-json\/wp\/v2\/product_cat?post=15511"},{"taxonomy":"product_tag","embeddable":true,"href":"https:\/\/miil.dev.almic.ee\/fi\/wp-json\/wp\/v2\/product_tag?post=15511"}],"curies":[{"name":"wp","href":"https:\/\/api.w.org\/{rel}","templated":true}]}}