{"id":15427,"date":"2022-05-18T14:24:53","date_gmt":"2022-05-18T11:24:53","guid":{"rendered":"https:\/\/www.miil.ee\/toode\/tsinkplekk-konteiner-pikkus-sugavus-5000-laius-2200-korgus-2200-tellimisel\/"},"modified":"2025-02-28T15:09:03","modified_gmt":"2025-02-28T13:09:03","slug":"tyokalusailio-5m-galvanoitu","status":"publish","type":"product","link":"https:\/\/miil.dev.almic.ee\/fi\/toode\/tyokalusailio-5m-galvanoitu\/","title":{"rendered":"Peltikontit 5m galvanoitu"},"content":{"rendered":"<h1>Ty\u00f6kalus\u00e4ili\u00f6.<\/h1>\n<p>Lukittava ty\u00f6kalus\u00e4ili\u00f6 on ihanteellinen pihatarvikkeiden, ruohonleikkurien ja ty\u00f6kalujen s\u00e4ilytt\u00e4miseen puutarhan nurkassa. Sopii hyvin polttopuille, talvirenkaille ja muulle v\u00e4ltt\u00e4m\u00e4tt\u00f6m\u00e4lle.<\/p>\n<p>Lis\u00e4ksi ty\u00f6kaluvajaan on mahdollista sijoittaa vahvat vakio- tai rengashyllyt, metallikaapit ja my\u00f6s ty\u00f6p\u00f6yt\u00e4 ty\u00f6kaluineen.<br \/>\nKatso lis\u00e4\u00e4 lis\u00e4vaihtoehdoista <a href=\"https:\/\/www.miil.ee\/fi\/merekonteinerid\/lisavarusteet\/\">t\u00e4\u00e4lt\u00e4!<\/a><\/p>\n<h2>Py\u00f6r\u00e4ille parkkipaikka.<\/h2>\n<p>Ty\u00f6kalus\u00e4ili\u00f6 on hyv\u00e4 vaihtoehto kerrostalon viereiselle py\u00f6r\u00e4parkkipaikalle.<\/p>\n<p>Laatu ratkaisee!<\/p>\n<ul>\n<li>T\u00e4yspuulattia 35mm<\/li>\n<li>Katon kondenssitiivistyspinnoite.<\/li>\n<li>Lukittava ulkopuolelta riippulukolla.<\/li>\n<li>Galvanoitu runko<\/li>\n<li>Rungon kulmat 2mm<\/li>\n<li>Sein\u00e4n paksuus 0,75mm<\/li>\n<li>Eri pituuksia.<\/li>\n<li>Paino 5 metrin kohdalla n. 830 kg<\/li>\n<\/ul>\n<p>Pituus\/syvyys 5000mm, leveys 2200mm, korkeus 2200mm &#8211; 11 M2<\/p>\n<h2>Mik\u00e4 on uuden kontin hinta?<\/h2>\n<p>Merikontin hinta riippuu monesta asiasta.<br \/>\nKunto on ehdottomasti t\u00e4rke\u00e4, alennetuissa astioissa voi olla enemm\u00e4n kosmeettisia puutteita.<br \/>\nHintaan vaikuttaa kunnon lis\u00e4ksi my\u00f6s uuden kontin v\u00e4ri, esimerkiksi sininen on konttien vakiov\u00e4ri ja on sen vuoksi halvempi.<\/p>\n<p>Hintaan vaikuttavat edell\u00e4 mainitun lis\u00e4ksi my\u00f6s ostohinta, kontin saapumistapa terminaaliin, kontin sijainti terminaalissa ja onko kontti vaatinut lis\u00e4kustannuksia, kuten ulkopesua tai sis\u00e4puhdistusta. Jotta voimme palvella asiakkaitamme paremmin, myyntipisteemme sijaitsevat kaikissa suurimmissa kaupungeissa.<br \/>\nP\u00e4\u00e4kaupungin ulkopuolella kontin hinta puolestaan \u200b\u200briippuu siit\u00e4, kuinka kontti liikkuu kahden terminaalin v\u00e4lill\u00e4 ja mit\u00e4 lis\u00e4kustannuksia t\u00e4st\u00e4 on aiheutunut.<\/p>\n<h2>Ty\u00f6kalus\u00e4ili\u00f6 tai vuokraa tai osta Eristekontit?<\/h2>\n<p>Edullisen hinnan vuoksi kannattaa harkita m\u00f6kin ostamista vuokraamisen sijaan.<br \/>\nM\u00f6kit kest\u00e4v\u00e4t vuosia, ja CE-merkityill\u00e4 l\u00e4mmittimill\u00e4 on vankka j\u00e4lkimarkkina.<br \/>\nKaikki vuokraamamme m\u00f6kit ovat edustavia, siistej\u00e4 ja laadukkaita.<br \/>\nEmme vuokraa m\u00f6kkej\u00e4, jos asiakas ei t\u00e4yt\u00e4 luottovaatimuksia tai k\u00e4ytt\u00f6tarkoitus ei sovellu.<\/p>\n<p>Emme esimerkiksi vuokraa m\u00f6kkej\u00e4 el\u00e4imille, tupakointitiloihin tai likaisten tavaroiden varastointiin, vaan t\u00e4llaisissa toiveissa voimme myyd\u00e4 m\u00f6kkej\u00e4 hyvill\u00e4 ehdoilla.<br \/>\nJoka tapauksessa l\u00f6yd\u00e4mme asiakkaalle juuri oikean ratkaisun ja aiemman kokemuksen perusteella voimme antaa suosituksia tarpeitasi vastaavan ohjaamon kokoamisesta.<\/p>\n<h2>Ty\u00f6kalus\u00e4ili\u00f6 ja eristekontitin kuljetus<\/h2>\n<p>Vuokrauksen yhteydess\u00e4 kaikki m\u00f6kit siirret\u00e4\u00e4n vain kuljetuksellamme.<br \/>\nMeill\u00e4 on tarvittavat laitteet kontin lukoista oikeisiin nostov\u00e4lineisiin asti.<\/p>\n<p>Siin\u00e4 tapauksessa voimme ottaa t\u00e4yden vastuun kuljetuksen aikana aiheutuneista vahingoista.<br \/>\nKaikki yhdest\u00e4 paikasta, m\u00f6kkien vuokraus hyvill\u00e4 ehdoilla ja laadukkaasti.<\/p>\n<p>K\u00e4yt\u00e4mme kuljetukseen\u00a0<a href=\"https:\/\/www.miil.ee\/fi\/palvelut\/nosturi\/\">nosturia<\/a>\u00a0tai\u00a0<a href=\"https:\/\/www.miil.ee\/fi\/palvelut\/sideloader\/\">sideloader<\/a><br \/>\nmonimutkaisempi kuljetus on mahdollista\u00a0<a href=\"https:\/\/www.miil.ee\/fi\/palvelut\/ram-kippauslaite\/\">RAM per\u00e4vaunulla<\/a>.<\/p>\n<p>Markkinoiden paras hinta ja laadukkain kontti.<\/p>\n<p>*Parhaan hinnan takuu \u2013 teemme aina parhaan tarjouksen kontista.<\/p>\n<p>Seuraa meit\u00e4\u00a0<a href=\"https:\/\/www.facebook.com\/konteinerveod\/\">Facebook<\/a>\u00a0tai\u00a0<a href=\"https:\/\/www.instagram.com\/ou_miil\/\">Instagram<\/a><\/p>\n","protected":false},"excerpt":{"rendered":"<p>Lukittava ty\u00f6kalus\u00e4ili\u00f6 on erinomainen ratkaisu pihatarvikkeiden, polttopuiden, talvirenkaiden ja ty\u00f6kalujen s\u00e4ilytt\u00e4miseen, ja se tarjoaa mahdollisuuden lis\u00e4t\u00e4 hyllyj\u00e4, metallikaappeja ja ty\u00f6p\u00f6yti\u00e4. Se on saatavilla eri pituuksilla ja tarjoaa korkealaatuisen rakennuksen, jossa on galvanoitu runko, t\u00e4yspuulattia ja kondenssitiivistyspinnoite katossa, ja on saatavilla ostettavaksi tai vuokrattavaksi.<\/p>\n","protected":false},"featured_media":4314,"comment_status":"closed","ping_status":"closed","template":"","meta":{"_acf_changed":false},"product_cat":[355,351,428],"product_tag":[],"class_list":{"0":"post-15427","1":"product","2":"type-product","3":"status-publish","4":"has-post-thumbnail","6":"product_cat-uudet-kontit","7":"product_cat-peltikontit","8":"product_cat-5-metria-pitka","10":"first","11":"instock","12":"sale","13":"shipping-taxable","14":"purchasable","15":"product-type-simple"},"acf":[],"yoast_head":"<!-- This site is optimized with the Yoast SEO Premium plugin v23.9 (Yoast SEO v27.5) - https:\/\/yoast.com\/product\/yoast-seo-premium-wordpress\/ -->\n<title>Ty\u00f6kalus\u00e4ili\u00f6 - Miil O\u00dc<\/title>\n<meta name=\"description\" content=\"Ty\u00f6kalus\u00e4ili\u00f6 | Ty\u00f6kaluvaja | Puutarhavaja | Varastointi | Konttien myynti | L\u00e4mmittimien myynti | Konttien kuljetus | Merikonttien myynti |\" \/>\n<meta name=\"robots\" content=\"index, follow, max-snippet:-1, max-image-preview:large, max-video-preview:-1\" \/>\n<link rel=\"canonical\" href=\"https:\/\/miil.dev.almic.ee\/fi\/toode\/tyokalusailio-5m-galvanoitu\/\" \/>\n<meta property=\"og:locale\" content=\"fi_FI\" \/>\n<meta property=\"og:type\" content=\"article\" \/>\n<meta property=\"og:title\" content=\"Peltikontit 5m galvanoitu\" \/>\n<meta property=\"og:description\" content=\"Ty\u00f6kalus\u00e4ili\u00f6 | Ty\u00f6kaluvaja | Puutarhavaja | Varastointi | Konttien myynti | L\u00e4mmittimien myynti | Konttien kuljetus | Merikonttien myynti |\" \/>\n<meta property=\"og:url\" content=\"https:\/\/miil.dev.almic.ee\/fi\/toode\/tyokalusailio-5m-galvanoitu\/\" \/>\n<meta property=\"og:site_name\" content=\"Miil O\u00dc\" \/>\n<meta property=\"article:publisher\" content=\"https:\/\/www.facebook.com\/konteinerveod\/\" \/>\n<meta property=\"article:modified_time\" content=\"2025-02-28T13:09:03+00:00\" \/>\n<meta property=\"og:image\" content=\"https:\/\/miil.dev.almic.ee\/wp-content\/uploads\/2022\/05\/tsink-plekk-konteiner-laokonteiner-kuur-miniladu-8.jpg\" \/>\n\t<meta property=\"og:image:width\" content=\"960\" \/>\n\t<meta property=\"og:image:height\" content=\"720\" \/>\n\t<meta property=\"og:image:type\" content=\"image\/jpeg\" \/>\n<meta name=\"twitter:card\" content=\"summary_large_image\" \/>\n<meta name=\"twitter:label1\" content=\"Hinta\" \/>\n\t<meta name=\"twitter:data1\" content=\"2490,00&nbsp;&euro;\" \/>\n\t<meta name=\"twitter:label2\" content=\"Saatavuus\" \/>\n\t<meta name=\"twitter:data2\" content=\"Varastossa\" \/>\n<script type=\"application\/ld+json\" class=\"yoast-schema-graph\">{\"@context\":\"https:\\\/\\\/schema.org\",\"@graph\":[{\"@type\":\"WebPage\",\"@id\":\"https:\\\/\\\/miil.dev.almic.ee\\\/fi\\\/toode\\\/tyokalusailio-5m-galvanoitu\\\/\",\"url\":\"https:\\\/\\\/miil.dev.almic.ee\\\/fi\\\/toode\\\/tyokalusailio-5m-galvanoitu\\\/\",\"name\":\"Ty\u00f6kalus\u00e4ili\u00f6 - Miil O\u00dc\",\"isPartOf\":{\"@id\":\"https:\\\/\\\/miil.dev.almic.ee\\\/#website\"},\"primaryImageOfPage\":{\"@id\":\"https:\\\/\\\/miil.dev.almic.ee\\\/fi\\\/toode\\\/tyokalusailio-5m-galvanoitu\\\/#primaryimage\"},\"image\":{\"@id\":\"https:\\\/\\\/miil.dev.almic.ee\\\/fi\\\/toode\\\/tyokalusailio-5m-galvanoitu\\\/#primaryimage\"},\"thumbnailUrl\":\"https:\\\/\\\/miil.dev.almic.ee\\\/wp-content\\\/uploads\\\/2022\\\/05\\\/tsink-plekk-konteiner-laokonteiner-kuur-miniladu-8.jpg\",\"datePublished\":\"2022-05-18T11:24:53+00:00\",\"dateModified\":\"2025-02-28T13:09:03+00:00\",\"description\":\"Ty\u00f6kalus\u00e4ili\u00f6 | Ty\u00f6kaluvaja | Puutarhavaja | Varastointi | Konttien myynti | L\u00e4mmittimien myynti | Konttien kuljetus | Merikonttien myynti |\",\"breadcrumb\":{\"@id\":\"https:\\\/\\\/miil.dev.almic.ee\\\/fi\\\/toode\\\/tyokalusailio-5m-galvanoitu\\\/#breadcrumb\"},\"inLanguage\":\"fi\",\"potentialAction\":[{\"@type\":\"ReadAction\",\"target\":[\"https:\\\/\\\/miil.dev.almic.ee\\\/fi\\\/toode\\\/tyokalusailio-5m-galvanoitu\\\/\"]}]},{\"@type\":\"ImageObject\",\"inLanguage\":\"fi\",\"@id\":\"https:\\\/\\\/miil.dev.almic.ee\\\/fi\\\/toode\\\/tyokalusailio-5m-galvanoitu\\\/#primaryimage\",\"url\":\"https:\\\/\\\/miil.dev.almic.ee\\\/wp-content\\\/uploads\\\/2022\\\/05\\\/tsink-plekk-konteiner-laokonteiner-kuur-miniladu-8.jpg\",\"contentUrl\":\"https:\\\/\\\/miil.dev.almic.ee\\\/wp-content\\\/uploads\\\/2022\\\/05\\\/tsink-plekk-konteiner-laokonteiner-kuur-miniladu-8.jpg\",\"width\":960,\"height\":720},{\"@type\":\"BreadcrumbList\",\"@id\":\"https:\\\/\\\/miil.dev.almic.ee\\\/fi\\\/toode\\\/tyokalusailio-5m-galvanoitu\\\/#breadcrumb\",\"itemListElement\":[{\"@type\":\"ListItem\",\"position\":1,\"name\":\"Home\",\"item\":\"https:\\\/\\\/miil.dev.almic.ee\\\/fi\\\/\"},{\"@type\":\"ListItem\",\"position\":2,\"name\":\"Kauppa\",\"item\":\"https:\\\/\\\/miil.dev.almic.ee\\\/fi\\\/kauppa\\\/\"},{\"@type\":\"ListItem\",\"position\":3,\"name\":\"Peltikontit 5m galvanoitu\"}]},{\"@type\":\"WebSite\",\"@id\":\"https:\\\/\\\/miil.dev.almic.ee\\\/#website\",\"url\":\"https:\\\/\\\/miil.dev.almic.ee\\\/\",\"name\":\"Miil O\u00dc\",\"description\":\"Konteinerveod\",\"publisher\":{\"@id\":\"https:\\\/\\\/miil.dev.almic.ee\\\/#organization\"},\"potentialAction\":[{\"@type\":\"SearchAction\",\"target\":{\"@type\":\"EntryPoint\",\"urlTemplate\":\"https:\\\/\\\/miil.dev.almic.ee\\\/?s={search_term_string}\"},\"query-input\":{\"@type\":\"PropertyValueSpecification\",\"valueRequired\":true,\"valueName\":\"search_term_string\"}}],\"inLanguage\":\"fi\"},{\"@type\":\"Organization\",\"@id\":\"https:\\\/\\\/miil.dev.almic.ee\\\/#organization\",\"name\":\"Miil O\u00dc\",\"url\":\"https:\\\/\\\/miil.dev.almic.ee\\\/\",\"logo\":{\"@type\":\"ImageObject\",\"inLanguage\":\"fi\",\"@id\":\"https:\\\/\\\/miil.dev.almic.ee\\\/#\\\/schema\\\/logo\\\/image\\\/\",\"url\":\"https:\\\/\\\/www.miil.ee\\\/wp-content\\\/uploads\\\/2022\\\/02\\\/Miil-logo.svg\",\"contentUrl\":\"https:\\\/\\\/www.miil.ee\\\/wp-content\\\/uploads\\\/2022\\\/02\\\/Miil-logo.svg\",\"width\":\"1024\",\"height\":\"1024\",\"caption\":\"Miil O\u00dc\"},\"image\":{\"@id\":\"https:\\\/\\\/miil.dev.almic.ee\\\/#\\\/schema\\\/logo\\\/image\\\/\"},\"sameAs\":[\"https:\\\/\\\/www.facebook.com\\\/konteinerveod\\\/\",\"https:\\\/\\\/www.instagram.com\\\/ou_miil\\\/\"]}]}<\/script>\n<meta property=\"product:price:amount\" content=\"2490.00\" \/>\n<meta property=\"product:price:currency\" content=\"EUR\" \/>\n<meta property=\"og:availability\" content=\"instock\" \/>\n<meta property=\"product:availability\" content=\"instock\" \/>\n<meta property=\"product:condition\" content=\"new\" \/>\n<!-- \/ Yoast SEO Premium plugin. -->","yoast_head_json":{"title":"Ty\u00f6kalus\u00e4ili\u00f6 - Miil O\u00dc","description":"Ty\u00f6kalus\u00e4ili\u00f6 | Ty\u00f6kaluvaja | Puutarhavaja | Varastointi | Konttien myynti | L\u00e4mmittimien myynti | Konttien kuljetus | Merikonttien myynti |","robots":{"index":"index","follow":"follow","max-snippet":"max-snippet:-1","max-image-preview":"max-image-preview:large","max-video-preview":"max-video-preview:-1"},"canonical":"https:\/\/miil.dev.almic.ee\/fi\/toode\/tyokalusailio-5m-galvanoitu\/","og_locale":"fi_FI","og_type":"article","og_title":"Peltikontit 5m galvanoitu","og_description":"Ty\u00f6kalus\u00e4ili\u00f6 | Ty\u00f6kaluvaja | Puutarhavaja | Varastointi | Konttien myynti | L\u00e4mmittimien myynti | Konttien kuljetus | Merikonttien myynti |","og_url":"https:\/\/miil.dev.almic.ee\/fi\/toode\/tyokalusailio-5m-galvanoitu\/","og_site_name":"Miil O\u00dc","article_publisher":"https:\/\/www.facebook.com\/konteinerveod\/","article_modified_time":"2025-02-28T13:09:03+00:00","og_image":[{"width":960,"height":720,"url":"https:\/\/miil.dev.almic.ee\/wp-content\/uploads\/2022\/05\/tsink-plekk-konteiner-laokonteiner-kuur-miniladu-8.jpg","type":"image\/jpeg"}],"twitter_card":"summary_large_image","twitter_misc":{"Hinta":"2490,00&nbsp;&euro;","Saatavuus":"Varastossa"},"schema":{"@context":"https:\/\/schema.org","@graph":[{"@type":"WebPage","@id":"https:\/\/miil.dev.almic.ee\/fi\/toode\/tyokalusailio-5m-galvanoitu\/","url":"https:\/\/miil.dev.almic.ee\/fi\/toode\/tyokalusailio-5m-galvanoitu\/","name":"Ty\u00f6kalus\u00e4ili\u00f6 - Miil O\u00dc","isPartOf":{"@id":"https:\/\/miil.dev.almic.ee\/#website"},"primaryImageOfPage":{"@id":"https:\/\/miil.dev.almic.ee\/fi\/toode\/tyokalusailio-5m-galvanoitu\/#primaryimage"},"image":{"@id":"https:\/\/miil.dev.almic.ee\/fi\/toode\/tyokalusailio-5m-galvanoitu\/#primaryimage"},"thumbnailUrl":"https:\/\/miil.dev.almic.ee\/wp-content\/uploads\/2022\/05\/tsink-plekk-konteiner-laokonteiner-kuur-miniladu-8.jpg","datePublished":"2022-05-18T11:24:53+00:00","dateModified":"2025-02-28T13:09:03+00:00","description":"Ty\u00f6kalus\u00e4ili\u00f6 | Ty\u00f6kaluvaja | Puutarhavaja | Varastointi | Konttien myynti | L\u00e4mmittimien myynti | Konttien kuljetus | Merikonttien myynti |","breadcrumb":{"@id":"https:\/\/miil.dev.almic.ee\/fi\/toode\/tyokalusailio-5m-galvanoitu\/#breadcrumb"},"inLanguage":"fi","potentialAction":[{"@type":"ReadAction","target":["https:\/\/miil.dev.almic.ee\/fi\/toode\/tyokalusailio-5m-galvanoitu\/"]}]},{"@type":"ImageObject","inLanguage":"fi","@id":"https:\/\/miil.dev.almic.ee\/fi\/toode\/tyokalusailio-5m-galvanoitu\/#primaryimage","url":"https:\/\/miil.dev.almic.ee\/wp-content\/uploads\/2022\/05\/tsink-plekk-konteiner-laokonteiner-kuur-miniladu-8.jpg","contentUrl":"https:\/\/miil.dev.almic.ee\/wp-content\/uploads\/2022\/05\/tsink-plekk-konteiner-laokonteiner-kuur-miniladu-8.jpg","width":960,"height":720},{"@type":"BreadcrumbList","@id":"https:\/\/miil.dev.almic.ee\/fi\/toode\/tyokalusailio-5m-galvanoitu\/#breadcrumb","itemListElement":[{"@type":"ListItem","position":1,"name":"Home","item":"https:\/\/miil.dev.almic.ee\/fi\/"},{"@type":"ListItem","position":2,"name":"Kauppa","item":"https:\/\/miil.dev.almic.ee\/fi\/kauppa\/"},{"@type":"ListItem","position":3,"name":"Peltikontit 5m galvanoitu"}]},{"@type":"WebSite","@id":"https:\/\/miil.dev.almic.ee\/#website","url":"https:\/\/miil.dev.almic.ee\/","name":"Miil O\u00dc","description":"Konteinerveod","publisher":{"@id":"https:\/\/miil.dev.almic.ee\/#organization"},"potentialAction":[{"@type":"SearchAction","target":{"@type":"EntryPoint","urlTemplate":"https:\/\/miil.dev.almic.ee\/?s={search_term_string}"},"query-input":{"@type":"PropertyValueSpecification","valueRequired":true,"valueName":"search_term_string"}}],"inLanguage":"fi"},{"@type":"Organization","@id":"https:\/\/miil.dev.almic.ee\/#organization","name":"Miil O\u00dc","url":"https:\/\/miil.dev.almic.ee\/","logo":{"@type":"ImageObject","inLanguage":"fi","@id":"https:\/\/miil.dev.almic.ee\/#\/schema\/logo\/image\/","url":"https:\/\/www.miil.ee\/wp-content\/uploads\/2022\/02\/Miil-logo.svg","contentUrl":"https:\/\/www.miil.ee\/wp-content\/uploads\/2022\/02\/Miil-logo.svg","width":"1024","height":"1024","caption":"Miil O\u00dc"},"image":{"@id":"https:\/\/miil.dev.almic.ee\/#\/schema\/logo\/image\/"},"sameAs":["https:\/\/www.facebook.com\/konteinerveod\/","https:\/\/www.instagram.com\/ou_miil\/"]}]},"product_price_amount":"2490.00","product_price_currency":"EUR","og_availability":"instock","product_availability":"instock","product_condition":"new"},"_links":{"self":[{"href":"https:\/\/miil.dev.almic.ee\/fi\/wp-json\/wp\/v2\/product\/15427","targetHints":{"allow":["GET"]}}],"collection":[{"href":"https:\/\/miil.dev.almic.ee\/fi\/wp-json\/wp\/v2\/product"}],"about":[{"href":"https:\/\/miil.dev.almic.ee\/fi\/wp-json\/wp\/v2\/types\/product"}],"replies":[{"embeddable":true,"href":"https:\/\/miil.dev.almic.ee\/fi\/wp-json\/wp\/v2\/comments?post=15427"}],"wp:featuredmedia":[{"embeddable":true,"href":"https:\/\/miil.dev.almic.ee\/fi\/wp-json\/wp\/v2\/media\/4314"}],"wp:attachment":[{"href":"https:\/\/miil.dev.almic.ee\/fi\/wp-json\/wp\/v2\/media?parent=15427"}],"wp:term":[{"taxonomy":"product_cat","embeddable":true,"href":"https:\/\/miil.dev.almic.ee\/fi\/wp-json\/wp\/v2\/product_cat?post=15427"},{"taxonomy":"product_tag","embeddable":true,"href":"https:\/\/miil.dev.almic.ee\/fi\/wp-json\/wp\/v2\/product_tag?post=15427"}],"curies":[{"name":"wp","href":"https:\/\/api.w.org\/{rel}","templated":true}]}}