{"id":15299,"date":"2022-05-18T14:36:32","date_gmt":"2022-05-18T11:36:32","guid":{"rendered":"https:\/\/www.miil.ee\/toode\/20osdd-uus-laokonteiner-fcbu8712665-lisaohutus-lukukaitse-kulje-ustega-eraldi-ruumid-sinine-ral5013\/"},"modified":"2024-11-01T17:53:22","modified_gmt":"2024-11-01T15:53:22","slug":"20osdd-uus-laokonteiner","status":"publish","type":"product","link":"https:\/\/miil.dev.almic.ee\/fi\/toode\/20osdd-uus-laokonteiner\/","title":{"rendered":"20OSDD kontin oven asennus FCBU8712665"},"content":{"rendered":"<h1>Kontin oven asennus<\/h1>\n<p>Kontin oven asennus asiakkaan toiveiden mukaan.<br \/>\nMeilt\u00e4 saat uuden merikontin sek\u00e4 kaikki ovet ja asennamme ne tarpeen mukaan.<br \/>\nOvet asennetaan esimerkiksi varastotiloihin, erikoiskontteihin tai jos huoneessa on laitteita, joihin on p\u00e4\u00e4sy tietyst\u00e4 paikasta.<br \/>\nMerikontit voidaan muunnella monella eri tavalla, eik\u00e4 maank\u00e4ytt\u00f6\u00f6n vaadita CSC-sertifiointia. T\u00e4t\u00e4 vaaditaan vain merikuljetuksissa.<br \/>\nJos konttia halutaan siirt\u00e4\u00e4 meriteitse remontin j\u00e4lkeen, on l\u00e4hes aina halvempaa valmistaa kontti suoraan tehtaalla, koska kontin uudelleensertifiointi on eritt\u00e4in kallista.<\/p>\n<h2>Kontin oven asennus, merikonttien muutos ja korjaus<\/h2>\n<p>Kontin oven asennuksen lis\u00e4ksi tarjoamme my\u00f6s merikonttien korjaus- tai muunnospalveluita.<br \/>\nMerikonttiin voidaan esimerkiksi hitsata ikkunoita, aukkoja, tuuletusaukkoja, laitteiden liitt\u00e4miseen tarvittavia kulkuv\u00e4yli\u00e4 tai jotain muuta.<br \/>\nOlemme rakentaneet my\u00f6s ty\u00f6kalukaappeja konttien sis\u00e4\u00e4n.<br \/>\nLis\u00e4ksi voit erist\u00e4\u00e4 s\u00e4ili\u00f6n sis\u00e4puolen tai lis\u00e4t\u00e4 puu- tai kiviviimeistelyn.<\/p>\n<h2>Merikonttiovien asennus vai valmis ratkaisu?<\/h2>\n<p>Ratkaisu riippuu k\u00e4ytt\u00f6tarkoituksesta ja siit\u00e4, kuinka kauan projektin valmistuminen kest\u00e4\u00e4.<br \/>\nEsimerkiksi varastokonttien kohdalla vaihtoehtona ovat pienemm\u00e4t minikontit, jotka ovat usein halutun varastotilan kokoisia.<br \/>\nValmiita astioita on saatavilla varastossa ja v\u00e4rivalikoima on laaja. Lis\u00e4ksi vakiovarastokontti voidaan helposti siirt\u00e4\u00e4 my\u00f6hemmin uudelleen tai myyd\u00e4 j\u00e4lkimarkkinoille.<br \/>\nErikoisratkaisuksi rakennettua konttia on vaikeampi markkinoida. Suuremman 40HC+ kontin tapauksessa my\u00f6s kuljetus on vaikeaa.<\/p>\n<p>Merikonttien eristys<br \/>\nMerikonttien muuttaminen<br \/>\nMerikonttien muuntaminen<br \/>\nMerikonttien myynti<br \/>\nToimistom\u00f6kkien myynti<\/p>\n<p>K\u00e4yt\u00e4mme kuljetukseen\u00a0<a href=\"https:\/\/www.miil.ee\/fi\/palvelut\/nosturi\/\">nosturia<\/a>\u00a0tai\u00a0<a href=\"https:\/\/www.miil.ee\/fi\/palvelut\/sideloader\/\">sideloader<\/a><br \/>\nmonimutkaisempi kuljetus on mahdollista\u00a0<a href=\"https:\/\/www.miil.ee\/fi\/palvelut\/ram-kippauslaite\/\">RAM per\u00e4vaunulla<\/a>.<\/p>\n<p>Seuraa meit\u00e4 Facebookissa tai Instagramissa.<\/p>\n<p>Tilaa nyt tai kysy lis\u00e4\u00e4 <a href=\"mailto:info@miil.ee\">info@miil.ee<\/a><\/p>\n","protected":false},"excerpt":{"rendered":"<p>Kontin oven asennus Kontin oven asennus asiakkaan toiveiden mukaan. Meilt\u00e4 saat uuden merikontin sek\u00e4 kaikki ovet ja asennamme ne tarpeen mukaan. Ovet asennetaan esimerkiksi varastotiloihin, erikoiskontteihin tai jos huoneessa on laitteita, joihin on p\u00e4\u00e4sy tietyst\u00e4 paikasta. Merikontit voidaan muunnella monella eri tavalla, eik\u00e4 maank\u00e4ytt\u00f6\u00f6n vaadita CSC-sertifiointia. T\u00e4t\u00e4 vaaditaan vain merikuljetuksissa. Jos konttia halutaan siirt\u00e4\u00e4 meriteitse&#8230;<\/p>\n","protected":false},"featured_media":6786,"comment_status":"closed","ping_status":"closed","template":"","meta":{"_acf_changed":false},"product_cat":[347],"product_tag":[],"class_list":{"0":"post-15299","1":"product","2":"type-product","3":"status-publish","4":"has-post-thumbnail","6":"product_cat-tekniikka","8":"first","9":"instock","10":"shipping-taxable","11":"purchasable","12":"product-type-simple"},"acf":[],"yoast_head":"<!-- This site is optimized with the Yoast SEO Premium plugin v23.9 (Yoast SEO v27.5) - https:\/\/yoast.com\/product\/yoast-seo-premium-wordpress\/ -->\n<title>kontin oven asennus - Miil O\u00dc<\/title>\n<meta name=\"description\" content=\"kontin oven asennus | Konttien myynti | L\u00e4mmittimien myynti | L\u00e4mpimien vaatteiden vuokraus | Merikonttien korjaus | Merikontin vuokraus\" \/>\n<meta name=\"robots\" content=\"index, follow, max-snippet:-1, max-image-preview:large, max-video-preview:-1\" \/>\n<link rel=\"canonical\" href=\"https:\/\/miil.dev.almic.ee\/fi\/toode\/20osdd-uus-laokonteiner\/\" \/>\n<meta property=\"og:locale\" content=\"fi_FI\" \/>\n<meta property=\"og:type\" content=\"article\" \/>\n<meta property=\"og:title\" content=\"20OSDD kontin oven asennus FCBU8712665\" \/>\n<meta property=\"og:description\" content=\"kontin oven asennus | Konttien myynti | L\u00e4mmittimien myynti | L\u00e4mpimien vaatteiden vuokraus | Merikonttien korjaus | Merikontin vuokraus\" \/>\n<meta property=\"og:url\" content=\"https:\/\/miil.dev.almic.ee\/fi\/toode\/20osdd-uus-laokonteiner\/\" \/>\n<meta property=\"og:site_name\" content=\"Miil O\u00dc\" \/>\n<meta property=\"article:publisher\" content=\"https:\/\/www.facebook.com\/konteinerveod\/\" \/>\n<meta property=\"article:modified_time\" content=\"2024-11-01T15:53:22+00:00\" \/>\n<meta property=\"og:image\" content=\"https:\/\/miil.dev.almic.ee\/wp-content\/uploads\/2022\/05\/merekonteiner-laokonteiner-muuk-rent-miniladu-kuur-aiamaja-hoone-kasutusluba-6-3-2.jpg\" \/>\n\t<meta property=\"og:image:width\" content=\"960\" \/>\n\t<meta property=\"og:image:height\" content=\"720\" \/>\n\t<meta property=\"og:image:type\" content=\"image\/jpeg\" \/>\n<meta name=\"twitter:card\" content=\"summary_large_image\" \/>\n<meta name=\"twitter:label1\" content=\"Hinta\" \/>\n\t<meta name=\"twitter:data1\" content=\"5740,00&nbsp;&euro;\" \/>\n\t<meta name=\"twitter:label2\" content=\"Saatavuus\" \/>\n\t<meta name=\"twitter:data2\" content=\"Varastossa\" \/>\n<script type=\"application\/ld+json\" class=\"yoast-schema-graph\">{\"@context\":\"https:\\\/\\\/schema.org\",\"@graph\":[{\"@type\":\"WebPage\",\"@id\":\"https:\\\/\\\/miil.dev.almic.ee\\\/fi\\\/toode\\\/20osdd-uus-laokonteiner\\\/\",\"url\":\"https:\\\/\\\/miil.dev.almic.ee\\\/fi\\\/toode\\\/20osdd-uus-laokonteiner\\\/\",\"name\":\"kontin oven asennus - Miil O\u00dc\",\"isPartOf\":{\"@id\":\"https:\\\/\\\/miil.dev.almic.ee\\\/#website\"},\"primaryImageOfPage\":{\"@id\":\"https:\\\/\\\/miil.dev.almic.ee\\\/fi\\\/toode\\\/20osdd-uus-laokonteiner\\\/#primaryimage\"},\"image\":{\"@id\":\"https:\\\/\\\/miil.dev.almic.ee\\\/fi\\\/toode\\\/20osdd-uus-laokonteiner\\\/#primaryimage\"},\"thumbnailUrl\":\"https:\\\/\\\/miil.dev.almic.ee\\\/wp-content\\\/uploads\\\/2022\\\/05\\\/merekonteiner-laokonteiner-muuk-rent-miniladu-kuur-aiamaja-hoone-kasutusluba-6-3-2.jpg\",\"datePublished\":\"2022-05-18T11:36:32+00:00\",\"dateModified\":\"2024-11-01T15:53:22+00:00\",\"description\":\"kontin oven asennus | Konttien myynti | L\u00e4mmittimien myynti | L\u00e4mpimien vaatteiden vuokraus | Merikonttien korjaus | Merikontin vuokraus\",\"breadcrumb\":{\"@id\":\"https:\\\/\\\/miil.dev.almic.ee\\\/fi\\\/toode\\\/20osdd-uus-laokonteiner\\\/#breadcrumb\"},\"inLanguage\":\"fi\",\"potentialAction\":[{\"@type\":\"ReadAction\",\"target\":[\"https:\\\/\\\/miil.dev.almic.ee\\\/fi\\\/toode\\\/20osdd-uus-laokonteiner\\\/\"]}]},{\"@type\":\"ImageObject\",\"inLanguage\":\"fi\",\"@id\":\"https:\\\/\\\/miil.dev.almic.ee\\\/fi\\\/toode\\\/20osdd-uus-laokonteiner\\\/#primaryimage\",\"url\":\"https:\\\/\\\/miil.dev.almic.ee\\\/wp-content\\\/uploads\\\/2022\\\/05\\\/merekonteiner-laokonteiner-muuk-rent-miniladu-kuur-aiamaja-hoone-kasutusluba-6-3-2.jpg\",\"contentUrl\":\"https:\\\/\\\/miil.dev.almic.ee\\\/wp-content\\\/uploads\\\/2022\\\/05\\\/merekonteiner-laokonteiner-muuk-rent-miniladu-kuur-aiamaja-hoone-kasutusluba-6-3-2.jpg\",\"width\":960,\"height\":720,\"caption\":\"Merekonteineri uste paigaldus\"},{\"@type\":\"BreadcrumbList\",\"@id\":\"https:\\\/\\\/miil.dev.almic.ee\\\/fi\\\/toode\\\/20osdd-uus-laokonteiner\\\/#breadcrumb\",\"itemListElement\":[{\"@type\":\"ListItem\",\"position\":1,\"name\":\"Home\",\"item\":\"https:\\\/\\\/miil.dev.almic.ee\\\/fi\\\/\"},{\"@type\":\"ListItem\",\"position\":2,\"name\":\"Kauppa\",\"item\":\"https:\\\/\\\/miil.dev.almic.ee\\\/fi\\\/kauppa\\\/\"},{\"@type\":\"ListItem\",\"position\":3,\"name\":\"20OSDD kontin oven asennus FCBU8712665\"}]},{\"@type\":\"WebSite\",\"@id\":\"https:\\\/\\\/miil.dev.almic.ee\\\/#website\",\"url\":\"https:\\\/\\\/miil.dev.almic.ee\\\/\",\"name\":\"Miil O\u00dc\",\"description\":\"Konteinerveod\",\"publisher\":{\"@id\":\"https:\\\/\\\/miil.dev.almic.ee\\\/#organization\"},\"potentialAction\":[{\"@type\":\"SearchAction\",\"target\":{\"@type\":\"EntryPoint\",\"urlTemplate\":\"https:\\\/\\\/miil.dev.almic.ee\\\/?s={search_term_string}\"},\"query-input\":{\"@type\":\"PropertyValueSpecification\",\"valueRequired\":true,\"valueName\":\"search_term_string\"}}],\"inLanguage\":\"fi\"},{\"@type\":\"Organization\",\"@id\":\"https:\\\/\\\/miil.dev.almic.ee\\\/#organization\",\"name\":\"Miil O\u00dc\",\"url\":\"https:\\\/\\\/miil.dev.almic.ee\\\/\",\"logo\":{\"@type\":\"ImageObject\",\"inLanguage\":\"fi\",\"@id\":\"https:\\\/\\\/miil.dev.almic.ee\\\/#\\\/schema\\\/logo\\\/image\\\/\",\"url\":\"https:\\\/\\\/www.miil.ee\\\/wp-content\\\/uploads\\\/2022\\\/02\\\/Miil-logo.svg\",\"contentUrl\":\"https:\\\/\\\/www.miil.ee\\\/wp-content\\\/uploads\\\/2022\\\/02\\\/Miil-logo.svg\",\"width\":\"1024\",\"height\":\"1024\",\"caption\":\"Miil O\u00dc\"},\"image\":{\"@id\":\"https:\\\/\\\/miil.dev.almic.ee\\\/#\\\/schema\\\/logo\\\/image\\\/\"},\"sameAs\":[\"https:\\\/\\\/www.facebook.com\\\/konteinerveod\\\/\",\"https:\\\/\\\/www.instagram.com\\\/ou_miil\\\/\"]}]}<\/script>\n<meta property=\"product:price:amount\" content=\"5740.00\" \/>\n<meta property=\"product:price:currency\" content=\"EUR\" \/>\n<meta property=\"og:availability\" content=\"instock\" \/>\n<meta property=\"product:availability\" content=\"instock\" \/>\n<meta property=\"product:condition\" content=\"new\" \/>\n<!-- \/ Yoast SEO Premium plugin. -->","yoast_head_json":{"title":"kontin oven asennus - Miil O\u00dc","description":"kontin oven asennus | Konttien myynti | L\u00e4mmittimien myynti | L\u00e4mpimien vaatteiden vuokraus | Merikonttien korjaus | Merikontin vuokraus","robots":{"index":"index","follow":"follow","max-snippet":"max-snippet:-1","max-image-preview":"max-image-preview:large","max-video-preview":"max-video-preview:-1"},"canonical":"https:\/\/miil.dev.almic.ee\/fi\/toode\/20osdd-uus-laokonteiner\/","og_locale":"fi_FI","og_type":"article","og_title":"20OSDD kontin oven asennus FCBU8712665","og_description":"kontin oven asennus | Konttien myynti | L\u00e4mmittimien myynti | L\u00e4mpimien vaatteiden vuokraus | Merikonttien korjaus | Merikontin vuokraus","og_url":"https:\/\/miil.dev.almic.ee\/fi\/toode\/20osdd-uus-laokonteiner\/","og_site_name":"Miil O\u00dc","article_publisher":"https:\/\/www.facebook.com\/konteinerveod\/","article_modified_time":"2024-11-01T15:53:22+00:00","og_image":[{"width":960,"height":720,"url":"https:\/\/miil.dev.almic.ee\/wp-content\/uploads\/2022\/05\/merekonteiner-laokonteiner-muuk-rent-miniladu-kuur-aiamaja-hoone-kasutusluba-6-3-2.jpg","type":"image\/jpeg"}],"twitter_card":"summary_large_image","twitter_misc":{"Hinta":"5740,00&nbsp;&euro;","Saatavuus":"Varastossa"},"schema":{"@context":"https:\/\/schema.org","@graph":[{"@type":"WebPage","@id":"https:\/\/miil.dev.almic.ee\/fi\/toode\/20osdd-uus-laokonteiner\/","url":"https:\/\/miil.dev.almic.ee\/fi\/toode\/20osdd-uus-laokonteiner\/","name":"kontin oven asennus - Miil O\u00dc","isPartOf":{"@id":"https:\/\/miil.dev.almic.ee\/#website"},"primaryImageOfPage":{"@id":"https:\/\/miil.dev.almic.ee\/fi\/toode\/20osdd-uus-laokonteiner\/#primaryimage"},"image":{"@id":"https:\/\/miil.dev.almic.ee\/fi\/toode\/20osdd-uus-laokonteiner\/#primaryimage"},"thumbnailUrl":"https:\/\/miil.dev.almic.ee\/wp-content\/uploads\/2022\/05\/merekonteiner-laokonteiner-muuk-rent-miniladu-kuur-aiamaja-hoone-kasutusluba-6-3-2.jpg","datePublished":"2022-05-18T11:36:32+00:00","dateModified":"2024-11-01T15:53:22+00:00","description":"kontin oven asennus | Konttien myynti | L\u00e4mmittimien myynti | L\u00e4mpimien vaatteiden vuokraus | Merikonttien korjaus | Merikontin vuokraus","breadcrumb":{"@id":"https:\/\/miil.dev.almic.ee\/fi\/toode\/20osdd-uus-laokonteiner\/#breadcrumb"},"inLanguage":"fi","potentialAction":[{"@type":"ReadAction","target":["https:\/\/miil.dev.almic.ee\/fi\/toode\/20osdd-uus-laokonteiner\/"]}]},{"@type":"ImageObject","inLanguage":"fi","@id":"https:\/\/miil.dev.almic.ee\/fi\/toode\/20osdd-uus-laokonteiner\/#primaryimage","url":"https:\/\/miil.dev.almic.ee\/wp-content\/uploads\/2022\/05\/merekonteiner-laokonteiner-muuk-rent-miniladu-kuur-aiamaja-hoone-kasutusluba-6-3-2.jpg","contentUrl":"https:\/\/miil.dev.almic.ee\/wp-content\/uploads\/2022\/05\/merekonteiner-laokonteiner-muuk-rent-miniladu-kuur-aiamaja-hoone-kasutusluba-6-3-2.jpg","width":960,"height":720,"caption":"Merekonteineri uste paigaldus"},{"@type":"BreadcrumbList","@id":"https:\/\/miil.dev.almic.ee\/fi\/toode\/20osdd-uus-laokonteiner\/#breadcrumb","itemListElement":[{"@type":"ListItem","position":1,"name":"Home","item":"https:\/\/miil.dev.almic.ee\/fi\/"},{"@type":"ListItem","position":2,"name":"Kauppa","item":"https:\/\/miil.dev.almic.ee\/fi\/kauppa\/"},{"@type":"ListItem","position":3,"name":"20OSDD kontin oven asennus FCBU8712665"}]},{"@type":"WebSite","@id":"https:\/\/miil.dev.almic.ee\/#website","url":"https:\/\/miil.dev.almic.ee\/","name":"Miil O\u00dc","description":"Konteinerveod","publisher":{"@id":"https:\/\/miil.dev.almic.ee\/#organization"},"potentialAction":[{"@type":"SearchAction","target":{"@type":"EntryPoint","urlTemplate":"https:\/\/miil.dev.almic.ee\/?s={search_term_string}"},"query-input":{"@type":"PropertyValueSpecification","valueRequired":true,"valueName":"search_term_string"}}],"inLanguage":"fi"},{"@type":"Organization","@id":"https:\/\/miil.dev.almic.ee\/#organization","name":"Miil O\u00dc","url":"https:\/\/miil.dev.almic.ee\/","logo":{"@type":"ImageObject","inLanguage":"fi","@id":"https:\/\/miil.dev.almic.ee\/#\/schema\/logo\/image\/","url":"https:\/\/www.miil.ee\/wp-content\/uploads\/2022\/02\/Miil-logo.svg","contentUrl":"https:\/\/www.miil.ee\/wp-content\/uploads\/2022\/02\/Miil-logo.svg","width":"1024","height":"1024","caption":"Miil O\u00dc"},"image":{"@id":"https:\/\/miil.dev.almic.ee\/#\/schema\/logo\/image\/"},"sameAs":["https:\/\/www.facebook.com\/konteinerveod\/","https:\/\/www.instagram.com\/ou_miil\/"]}]},"product_price_amount":"5740.00","product_price_currency":"EUR","og_availability":"instock","product_availability":"instock","product_condition":"new"},"_links":{"self":[{"href":"https:\/\/miil.dev.almic.ee\/fi\/wp-json\/wp\/v2\/product\/15299","targetHints":{"allow":["GET"]}}],"collection":[{"href":"https:\/\/miil.dev.almic.ee\/fi\/wp-json\/wp\/v2\/product"}],"about":[{"href":"https:\/\/miil.dev.almic.ee\/fi\/wp-json\/wp\/v2\/types\/product"}],"replies":[{"embeddable":true,"href":"https:\/\/miil.dev.almic.ee\/fi\/wp-json\/wp\/v2\/comments?post=15299"}],"wp:featuredmedia":[{"embeddable":true,"href":"https:\/\/miil.dev.almic.ee\/fi\/wp-json\/wp\/v2\/media\/6786"}],"wp:attachment":[{"href":"https:\/\/miil.dev.almic.ee\/fi\/wp-json\/wp\/v2\/media?parent=15299"}],"wp:term":[{"taxonomy":"product_cat","embeddable":true,"href":"https:\/\/miil.dev.almic.ee\/fi\/wp-json\/wp\/v2\/product_cat?post=15299"},{"taxonomy":"product_tag","embeddable":true,"href":"https:\/\/miil.dev.almic.ee\/fi\/wp-json\/wp\/v2\/product_tag?post=15299"}],"curies":[{"name":"wp","href":"https:\/\/api.w.org\/{rel}","templated":true}]}}