{"id":15291,"date":"2022-05-18T14:37:27","date_gmt":"2022-05-18T11:37:27","guid":{"rendered":"https:\/\/www.miil.ee\/toode\/tostuki-ramp-konteineri-laadimiseks-1520-x-2000-ja-kaal-ca-180kg-broneeritud-uus-saabumas\/"},"modified":"2024-11-01T17:20:42","modified_gmt":"2024-11-01T15:20:42","slug":"trukin-ramppi-kontin-lastausta-varten","status":"publish","type":"product","link":"https:\/\/miil.dev.almic.ee\/fi\/toode\/trukin-ramppi-kontin-lastausta-varten\/","title":{"rendered":"Trukin ramppi \/ kontin lastausramppi &#8221;Raidu&#8221;"},"content":{"rendered":"<h1>Lastausramppi \/ trukin ramppi<\/h1>\n<p>Lastausramppi \/ trukkiramppi sopii kontin eteen, kun kontti on maassa.<br \/>\nRamppia on helppo siirt\u00e4\u00e4 trukilla. T\u00e4t\u00e4 tarkoitusta varten rampissa on suljettavat haarukkapiikille suunnitellut aukot.<br \/>\nTuote on korkealaatuinen. Se painaa noin 180 kg ja on maalattu eri s\u00e4vyill\u00e4.<br \/>\nPaikan p\u00e4\u00e4ll\u00e4 on aina v\u00e4hint\u00e4\u00e4n yksi konttien lastausramppi.<br \/>\nMahdollisuus tilata tuotteita sinulle parhaiten sopivassa v\u00e4riss\u00e4 ja m\u00e4\u00e4r\u00e4ss\u00e4.<\/p>\n<p>Meilt\u00e4 l\u00f6yd\u00e4t my\u00f6s kevyempi\u00e4 ramppeja tilanteisiin, jolloin konttiin ei tarvitse menn\u00e4 trukilla, vaan esimerkiksi autolla tai ruohonleikkurilla.<br \/>\nKevyempi\u00e4 ramppeja voidaan siirt\u00e4\u00e4 manuaalisesti ja ne voidaan varastoida pienell\u00e4 tilassa k\u00e4yt\u00f6n j\u00e4lkeen.<\/p>\n<h2>Trukin ramppi \/ kontin lastausramppi &#8211; Mille ja kenelle t\u00e4m\u00e4 tuote on suunniteltu?<\/h2>\n<p>Tuote sopii kaikille asiakkaille, jotka haluavat menn\u00e4 konttiin mukavasti ja turvallisesti. Ihanteellinen ratkaisu, jos haluat menn\u00e4 konttiin trukilla tai vaunulla.<br \/>\nVaihtoehtoinen vaihtoehto on tyhjent\u00e4\u00e4 s\u00e4ili\u00f6 manuaalisesti, mik\u00e4 tarkoittaa enemm\u00e4n aikaa.<br \/>\nAika on aina rajallinen ja useimmilla meist\u00e4 on joka tapauksessa kiire.<br \/>\nSivutrukkimme pystyy nostamaan kontin maahan ja kontti voidaan lastata nopeasti rampin avulla.<br \/>\nRamppi on loistava apu esipakattujen tavaroiden lastauksessa!<\/p>\n<h2>Lastausramppi \/ nostoramppi &#8211; vai jotain muuta?<\/h2>\n<p>Varastossa on yleens\u00e4 3-5 erilaista tuotetta. V\u00e4rit vaihtelevat ja muuttuvat jatkuvasti.<br \/>\nTarjoamme asiakkaillemme my\u00f6s kuljetusta sivukuorma-autolla, joka purkaa kontin ajoneuvon viereen.<br \/>\nLastaus on paljon helpompaa ja turvallisempaa trukilla, jos kontti on maassa.<br \/>\nLis\u00e4ksi paikan p\u00e4\u00e4ll\u00e4 olevaa ramppia tai hissi\u00e4 ei tarvita.<\/p>\n<p>Meilt\u00e4 voit ostaa my\u00f6s ramppiin sopivan merikontin tai toimistom\u00f6kin. Meill\u00e4 on my\u00f6s hyllyt ja p\u00f6yt\u00e4, jotka mahtuvat kontin sis\u00e4\u00e4n \ud83d\ude09<br \/>\nJos tarvitset jotain konttiin liittyv\u00e4\u00e4, kirjoita rohkeasti, niin yrit\u00e4mme l\u00f6yt\u00e4\u00e4 parhaat ratkaisut.<\/p>\n<p>Merikonttiramppi<br \/>\nMerikonttien lukot<br \/>\nMerikonttihyllyt<\/p>\n<p>K\u00e4yt\u00e4mme kuljetukseen\u00a0<a href=\"https:\/\/www.miil.ee\/fi\/palvelut\/nosturi\/\">nosturia<\/a>\u00a0tai\u00a0<a href=\"https:\/\/www.miil.ee\/fi\/palvelut\/sideloader\/\">sideloader<\/a><br \/>\nmonimutkaisempi kuljetus on mahdollista\u00a0<a href=\"https:\/\/www.miil.ee\/fi\/palvelut\/ram-kippauslaite\/\">RAM per\u00e4vaunulla<\/a>.<\/p>\n<p>Seuraa meit\u00e4\u00a0<a href=\"https:\/\/www.facebook.com\/konteinerveod\/\">Facebook<\/a>\u00a0tai\u00a0<a href=\"https:\/\/www.instagram.com\/ou_miil\/\">Instagram<\/a><\/p>\n","protected":false},"excerpt":{"rendered":"<p>Lastausramppi \/ trukin ramppi Lastausramppi \/ trukkiramppi sopii kontin eteen, kun kontti on maassa. Ramppia on helppo siirt\u00e4\u00e4 trukilla. T\u00e4t\u00e4 tarkoitusta varten rampissa on suljettavat haarukkapiikille suunnitellut aukot. Tuote on korkealaatuinen. Se painaa noin 180 kg ja on maalattu eri s\u00e4vyill\u00e4. Paikan p\u00e4\u00e4ll\u00e4 on aina v\u00e4hint\u00e4\u00e4n yksi konttien lastausramppi. Mahdollisuus tilata tuotteita sinulle parhaiten sopivassa&#8230;<\/p>\n","protected":false},"featured_media":12526,"comment_status":"closed","ping_status":"closed","template":"","meta":{"_acf_changed":false},"product_cat":[335],"product_tag":[],"class_list":{"0":"post-15291","1":"product","2":"type-product","3":"status-publish","4":"has-post-thumbnail","6":"product_cat-lisavarusteet","8":"first","9":"instock","10":"shipping-taxable","11":"purchasable","12":"product-type-simple"},"acf":[],"yoast_head":"<!-- This site is optimized with the Yoast SEO Premium plugin v23.9 (Yoast SEO v27.5) - https:\/\/yoast.com\/product\/yoast-seo-premium-wordpress\/ -->\n<title>Lastausramppi \/ trukin ramppi - Miil O\u00dc<\/title>\n<meta name=\"description\" content=\"Lastausramppi \/ trukin ramppi | trukin ramppi konttia varten | konttiramppi | ajotielt\u00e4 | ramppi | lastausrampit | Ensiluokkaista laatua \u2b50\ufe0f\u2b50\ufe0f\u2b50\ufe0f\u2b50\ufe0f\u2b50\" \/>\n<meta name=\"robots\" content=\"index, follow, max-snippet:-1, max-image-preview:large, max-video-preview:-1\" \/>\n<link rel=\"canonical\" href=\"https:\/\/miil.dev.almic.ee\/fi\/toode\/trukin-ramppi-kontin-lastausta-varten\/\" \/>\n<meta property=\"og:locale\" content=\"fi_FI\" \/>\n<meta property=\"og:type\" content=\"article\" \/>\n<meta property=\"og:title\" content=\"Trukin ramppi \/ kontin lastausramppi &quot;Raidu&quot;\" \/>\n<meta property=\"og:description\" content=\"Lastausramppi \/ trukin ramppi | trukin ramppi konttia varten | konttiramppi | ajotielt\u00e4 | ramppi | lastausrampit | Ensiluokkaista laatua \u2b50\ufe0f\u2b50\ufe0f\u2b50\ufe0f\u2b50\ufe0f\u2b50\" \/>\n<meta property=\"og:url\" content=\"https:\/\/miil.dev.almic.ee\/fi\/toode\/trukin-ramppi-kontin-lastausta-varten\/\" \/>\n<meta property=\"og:site_name\" content=\"Miil O\u00dc\" \/>\n<meta property=\"article:publisher\" content=\"https:\/\/www.facebook.com\/konteinerveod\/\" \/>\n<meta property=\"article:modified_time\" content=\"2024-11-01T15:20:42+00:00\" \/>\n<meta property=\"og:image\" content=\"https:\/\/miil.dev.almic.ee\/wp-content\/uploads\/2022\/05\/ramp-hall.jpg\" \/>\n\t<meta property=\"og:image:width\" content=\"1728\" \/>\n\t<meta property=\"og:image:height\" content=\"1296\" \/>\n\t<meta property=\"og:image:type\" content=\"image\/jpeg\" \/>\n<meta name=\"twitter:card\" content=\"summary_large_image\" \/>\n<meta name=\"twitter:label1\" content=\"Hinta\" \/>\n\t<meta name=\"twitter:data1\" content=\"1450,00&nbsp;&euro;\" \/>\n\t<meta name=\"twitter:label2\" content=\"Saatavuus\" \/>\n\t<meta name=\"twitter:data2\" content=\"Varastossa\" \/>\n<script type=\"application\/ld+json\" class=\"yoast-schema-graph\">{\"@context\":\"https:\\\/\\\/schema.org\",\"@graph\":[{\"@type\":\"WebPage\",\"@id\":\"https:\\\/\\\/miil.dev.almic.ee\\\/fi\\\/toode\\\/trukin-ramppi-kontin-lastausta-varten\\\/\",\"url\":\"https:\\\/\\\/miil.dev.almic.ee\\\/fi\\\/toode\\\/trukin-ramppi-kontin-lastausta-varten\\\/\",\"name\":\"Lastausramppi \\\/ trukin ramppi - Miil O\u00dc\",\"isPartOf\":{\"@id\":\"https:\\\/\\\/miil.dev.almic.ee\\\/#website\"},\"primaryImageOfPage\":{\"@id\":\"https:\\\/\\\/miil.dev.almic.ee\\\/fi\\\/toode\\\/trukin-ramppi-kontin-lastausta-varten\\\/#primaryimage\"},\"image\":{\"@id\":\"https:\\\/\\\/miil.dev.almic.ee\\\/fi\\\/toode\\\/trukin-ramppi-kontin-lastausta-varten\\\/#primaryimage\"},\"thumbnailUrl\":\"https:\\\/\\\/miil.dev.almic.ee\\\/wp-content\\\/uploads\\\/2022\\\/05\\\/ramp-hall.jpg\",\"datePublished\":\"2022-05-18T11:37:27+00:00\",\"dateModified\":\"2024-11-01T15:20:42+00:00\",\"description\":\"Lastausramppi \\\/ trukin ramppi | trukin ramppi konttia varten | konttiramppi | ajotielt\u00e4 | ramppi | lastausrampit | Ensiluokkaista laatua \u2b50\ufe0f\u2b50\ufe0f\u2b50\ufe0f\u2b50\ufe0f\u2b50\",\"breadcrumb\":{\"@id\":\"https:\\\/\\\/miil.dev.almic.ee\\\/fi\\\/toode\\\/trukin-ramppi-kontin-lastausta-varten\\\/#breadcrumb\"},\"inLanguage\":\"fi\",\"potentialAction\":[{\"@type\":\"ReadAction\",\"target\":[\"https:\\\/\\\/miil.dev.almic.ee\\\/fi\\\/toode\\\/trukin-ramppi-kontin-lastausta-varten\\\/\"]}]},{\"@type\":\"ImageObject\",\"inLanguage\":\"fi\",\"@id\":\"https:\\\/\\\/miil.dev.almic.ee\\\/fi\\\/toode\\\/trukin-ramppi-kontin-lastausta-varten\\\/#primaryimage\",\"url\":\"https:\\\/\\\/miil.dev.almic.ee\\\/wp-content\\\/uploads\\\/2022\\\/05\\\/ramp-hall.jpg\",\"contentUrl\":\"https:\\\/\\\/miil.dev.almic.ee\\\/wp-content\\\/uploads\\\/2022\\\/05\\\/ramp-hall.jpg\",\"width\":1728,\"height\":1296,\"caption\":\"Laadimis ramp \\\/ t\u00f5stuki ramp\"},{\"@type\":\"BreadcrumbList\",\"@id\":\"https:\\\/\\\/miil.dev.almic.ee\\\/fi\\\/toode\\\/trukin-ramppi-kontin-lastausta-varten\\\/#breadcrumb\",\"itemListElement\":[{\"@type\":\"ListItem\",\"position\":1,\"name\":\"Home\",\"item\":\"https:\\\/\\\/miil.dev.almic.ee\\\/fi\\\/\"},{\"@type\":\"ListItem\",\"position\":2,\"name\":\"Kauppa\",\"item\":\"https:\\\/\\\/miil.dev.almic.ee\\\/fi\\\/kauppa\\\/\"},{\"@type\":\"ListItem\",\"position\":3,\"name\":\"Trukin ramppi \\\/ kontin lastausramppi &#8221;Raidu&#8221;\"}]},{\"@type\":\"WebSite\",\"@id\":\"https:\\\/\\\/miil.dev.almic.ee\\\/#website\",\"url\":\"https:\\\/\\\/miil.dev.almic.ee\\\/\",\"name\":\"Miil O\u00dc\",\"description\":\"Konteinerveod\",\"publisher\":{\"@id\":\"https:\\\/\\\/miil.dev.almic.ee\\\/#organization\"},\"potentialAction\":[{\"@type\":\"SearchAction\",\"target\":{\"@type\":\"EntryPoint\",\"urlTemplate\":\"https:\\\/\\\/miil.dev.almic.ee\\\/?s={search_term_string}\"},\"query-input\":{\"@type\":\"PropertyValueSpecification\",\"valueRequired\":true,\"valueName\":\"search_term_string\"}}],\"inLanguage\":\"fi\"},{\"@type\":\"Organization\",\"@id\":\"https:\\\/\\\/miil.dev.almic.ee\\\/#organization\",\"name\":\"Miil O\u00dc\",\"url\":\"https:\\\/\\\/miil.dev.almic.ee\\\/\",\"logo\":{\"@type\":\"ImageObject\",\"inLanguage\":\"fi\",\"@id\":\"https:\\\/\\\/miil.dev.almic.ee\\\/#\\\/schema\\\/logo\\\/image\\\/\",\"url\":\"https:\\\/\\\/www.miil.ee\\\/wp-content\\\/uploads\\\/2022\\\/02\\\/Miil-logo.svg\",\"contentUrl\":\"https:\\\/\\\/www.miil.ee\\\/wp-content\\\/uploads\\\/2022\\\/02\\\/Miil-logo.svg\",\"width\":\"1024\",\"height\":\"1024\",\"caption\":\"Miil O\u00dc\"},\"image\":{\"@id\":\"https:\\\/\\\/miil.dev.almic.ee\\\/#\\\/schema\\\/logo\\\/image\\\/\"},\"sameAs\":[\"https:\\\/\\\/www.facebook.com\\\/konteinerveod\\\/\",\"https:\\\/\\\/www.instagram.com\\\/ou_miil\\\/\"]}]}<\/script>\n<meta property=\"product:price:amount\" content=\"1450.00\" \/>\n<meta property=\"product:price:currency\" content=\"EUR\" \/>\n<meta property=\"og:availability\" content=\"instock\" \/>\n<meta property=\"product:availability\" content=\"instock\" \/>\n<meta property=\"product:condition\" content=\"new\" \/>\n<!-- \/ Yoast SEO Premium plugin. -->","yoast_head_json":{"title":"Lastausramppi \/ trukin ramppi - Miil O\u00dc","description":"Lastausramppi \/ trukin ramppi | trukin ramppi konttia varten | konttiramppi | ajotielt\u00e4 | ramppi | lastausrampit | Ensiluokkaista laatua \u2b50\ufe0f\u2b50\ufe0f\u2b50\ufe0f\u2b50\ufe0f\u2b50","robots":{"index":"index","follow":"follow","max-snippet":"max-snippet:-1","max-image-preview":"max-image-preview:large","max-video-preview":"max-video-preview:-1"},"canonical":"https:\/\/miil.dev.almic.ee\/fi\/toode\/trukin-ramppi-kontin-lastausta-varten\/","og_locale":"fi_FI","og_type":"article","og_title":"Trukin ramppi \/ kontin lastausramppi \"Raidu\"","og_description":"Lastausramppi \/ trukin ramppi | trukin ramppi konttia varten | konttiramppi | ajotielt\u00e4 | ramppi | lastausrampit | Ensiluokkaista laatua \u2b50\ufe0f\u2b50\ufe0f\u2b50\ufe0f\u2b50\ufe0f\u2b50","og_url":"https:\/\/miil.dev.almic.ee\/fi\/toode\/trukin-ramppi-kontin-lastausta-varten\/","og_site_name":"Miil O\u00dc","article_publisher":"https:\/\/www.facebook.com\/konteinerveod\/","article_modified_time":"2024-11-01T15:20:42+00:00","og_image":[{"width":1728,"height":1296,"url":"https:\/\/miil.dev.almic.ee\/wp-content\/uploads\/2022\/05\/ramp-hall.jpg","type":"image\/jpeg"}],"twitter_card":"summary_large_image","twitter_misc":{"Hinta":"1450,00&nbsp;&euro;","Saatavuus":"Varastossa"},"schema":{"@context":"https:\/\/schema.org","@graph":[{"@type":"WebPage","@id":"https:\/\/miil.dev.almic.ee\/fi\/toode\/trukin-ramppi-kontin-lastausta-varten\/","url":"https:\/\/miil.dev.almic.ee\/fi\/toode\/trukin-ramppi-kontin-lastausta-varten\/","name":"Lastausramppi \/ trukin ramppi - Miil O\u00dc","isPartOf":{"@id":"https:\/\/miil.dev.almic.ee\/#website"},"primaryImageOfPage":{"@id":"https:\/\/miil.dev.almic.ee\/fi\/toode\/trukin-ramppi-kontin-lastausta-varten\/#primaryimage"},"image":{"@id":"https:\/\/miil.dev.almic.ee\/fi\/toode\/trukin-ramppi-kontin-lastausta-varten\/#primaryimage"},"thumbnailUrl":"https:\/\/miil.dev.almic.ee\/wp-content\/uploads\/2022\/05\/ramp-hall.jpg","datePublished":"2022-05-18T11:37:27+00:00","dateModified":"2024-11-01T15:20:42+00:00","description":"Lastausramppi \/ trukin ramppi | trukin ramppi konttia varten | konttiramppi | ajotielt\u00e4 | ramppi | lastausrampit | Ensiluokkaista laatua \u2b50\ufe0f\u2b50\ufe0f\u2b50\ufe0f\u2b50\ufe0f\u2b50","breadcrumb":{"@id":"https:\/\/miil.dev.almic.ee\/fi\/toode\/trukin-ramppi-kontin-lastausta-varten\/#breadcrumb"},"inLanguage":"fi","potentialAction":[{"@type":"ReadAction","target":["https:\/\/miil.dev.almic.ee\/fi\/toode\/trukin-ramppi-kontin-lastausta-varten\/"]}]},{"@type":"ImageObject","inLanguage":"fi","@id":"https:\/\/miil.dev.almic.ee\/fi\/toode\/trukin-ramppi-kontin-lastausta-varten\/#primaryimage","url":"https:\/\/miil.dev.almic.ee\/wp-content\/uploads\/2022\/05\/ramp-hall.jpg","contentUrl":"https:\/\/miil.dev.almic.ee\/wp-content\/uploads\/2022\/05\/ramp-hall.jpg","width":1728,"height":1296,"caption":"Laadimis ramp \/ t\u00f5stuki ramp"},{"@type":"BreadcrumbList","@id":"https:\/\/miil.dev.almic.ee\/fi\/toode\/trukin-ramppi-kontin-lastausta-varten\/#breadcrumb","itemListElement":[{"@type":"ListItem","position":1,"name":"Home","item":"https:\/\/miil.dev.almic.ee\/fi\/"},{"@type":"ListItem","position":2,"name":"Kauppa","item":"https:\/\/miil.dev.almic.ee\/fi\/kauppa\/"},{"@type":"ListItem","position":3,"name":"Trukin ramppi \/ kontin lastausramppi &#8221;Raidu&#8221;"}]},{"@type":"WebSite","@id":"https:\/\/miil.dev.almic.ee\/#website","url":"https:\/\/miil.dev.almic.ee\/","name":"Miil O\u00dc","description":"Konteinerveod","publisher":{"@id":"https:\/\/miil.dev.almic.ee\/#organization"},"potentialAction":[{"@type":"SearchAction","target":{"@type":"EntryPoint","urlTemplate":"https:\/\/miil.dev.almic.ee\/?s={search_term_string}"},"query-input":{"@type":"PropertyValueSpecification","valueRequired":true,"valueName":"search_term_string"}}],"inLanguage":"fi"},{"@type":"Organization","@id":"https:\/\/miil.dev.almic.ee\/#organization","name":"Miil O\u00dc","url":"https:\/\/miil.dev.almic.ee\/","logo":{"@type":"ImageObject","inLanguage":"fi","@id":"https:\/\/miil.dev.almic.ee\/#\/schema\/logo\/image\/","url":"https:\/\/www.miil.ee\/wp-content\/uploads\/2022\/02\/Miil-logo.svg","contentUrl":"https:\/\/www.miil.ee\/wp-content\/uploads\/2022\/02\/Miil-logo.svg","width":"1024","height":"1024","caption":"Miil O\u00dc"},"image":{"@id":"https:\/\/miil.dev.almic.ee\/#\/schema\/logo\/image\/"},"sameAs":["https:\/\/www.facebook.com\/konteinerveod\/","https:\/\/www.instagram.com\/ou_miil\/"]}]},"product_price_amount":"1450.00","product_price_currency":"EUR","og_availability":"instock","product_availability":"instock","product_condition":"new"},"_links":{"self":[{"href":"https:\/\/miil.dev.almic.ee\/fi\/wp-json\/wp\/v2\/product\/15291","targetHints":{"allow":["GET"]}}],"collection":[{"href":"https:\/\/miil.dev.almic.ee\/fi\/wp-json\/wp\/v2\/product"}],"about":[{"href":"https:\/\/miil.dev.almic.ee\/fi\/wp-json\/wp\/v2\/types\/product"}],"replies":[{"embeddable":true,"href":"https:\/\/miil.dev.almic.ee\/fi\/wp-json\/wp\/v2\/comments?post=15291"}],"wp:featuredmedia":[{"embeddable":true,"href":"https:\/\/miil.dev.almic.ee\/fi\/wp-json\/wp\/v2\/media\/12526"}],"wp:attachment":[{"href":"https:\/\/miil.dev.almic.ee\/fi\/wp-json\/wp\/v2\/media?parent=15291"}],"wp:term":[{"taxonomy":"product_cat","embeddable":true,"href":"https:\/\/miil.dev.almic.ee\/fi\/wp-json\/wp\/v2\/product_cat?post=15291"},{"taxonomy":"product_tag","embeddable":true,"href":"https:\/\/miil.dev.almic.ee\/fi\/wp-json\/wp\/v2\/product_tag?post=15291"}],"curies":[{"name":"wp","href":"https:\/\/api.w.org\/{rel}","templated":true}]}}