{"id":15251,"date":"2022-05-25T17:50:05","date_gmt":"2022-05-25T14:50:05","guid":{"rendered":"https:\/\/www.miil.ee\/toode\/rendikonteiner-102\/"},"modified":"2024-12-10T15:08:05","modified_gmt":"2024-12-10T13:08:05","slug":"vuokrakontti-nr-102","status":"publish","type":"product","link":"https:\/\/miil.dev.almic.ee\/fi\/toode\/vuokrakontti-nr-102\/","title":{"rendered":"Vuokrakontti nr 102 &#8211; TARTU"},"content":{"rendered":"<h1>Merikonttien myynti ja vuokraus Tartossa.<\/h1>\n<p>Vuokrakontti nr 102 &#8211; TARTU.<br \/>\nOsoite &#8211; T\u00e4he 114C, Tartto.<br \/>\nVuokraamme ja myymme my\u00f6s toimistom\u00f6kkej\u00e4.<br \/>\nKontteja voi n\u00e4hd\u00e4 ja koskettaa Tarton terminaalissamme.<br \/>\nHUOM kuljetus! aiempien ongelmien vuoksi emme p\u00e4\u00e4st\u00e4 asiakkaan raskaita kalustoa itsen\u00e4isesti Tarton terminaaliin.<br \/>\nJotta voimme tarjota kontteja parhaaseen hintaan, meill\u00e4 ei ole Tarton toimistollamme henkil\u00f6\u00e4 lastaamassa kontteja autoosi.<br \/>\nSuoritamme laadukkaan toimituksen vain omalla nosturillamme.<\/p>\n<p>*Jos ostat kontin Tallinnan terminaalistamme, voit noutaa tavarat omalla autollasi.<\/p>\n<h2>K\u00e4ytetty merikontti.<\/h2>\n<p>K\u00e4ytetyt merikontit ovat merikelpoisessa kunnossa, ellei toisin mainita;<\/p>\n<ul>\n<li>Kontin ovet voidaan avata ja sulkea ihmisvoimalla.<\/li>\n<li>S\u00e4ili\u00f6n katto on ehj\u00e4 eik\u00e4 vesivuotoja ole.<\/li>\n<li>S\u00e4ili\u00f6n pohja on ehj\u00e4 ja sit\u00e4 voidaan k\u00e4ytt\u00e4\u00e4 trukilla tai k\u00e4sikuormaajalla.<\/li>\n<li>S\u00e4ili\u00f6ss\u00e4 ei ole rakenteellisia vaurioita.<\/li>\n<li>Merikontti vastaa kuvia.<\/li>\n<li>Inbank.ee ja alennuskoodi &#8221;KONTEINER&#8221; seurauksena<\/li>\n<li>Merikontin vuokra: 50 + alv\/kk<\/li>\n<li>Parhaan hinnan takuu!<\/li>\n<\/ul>\n<p>Teemme aina parhaan tarjouksen vastaavasta astiasta tai eristekontti.<\/p>\n<h2>Kuljetus ja alusta?<\/h2>\n<p>S\u00e4ili\u00f6 ei tarvitse perustaa ja se voidaan asentaa my\u00f6s nurmikolle.<br \/>\nOn suositeltavaa, ett\u00e4 s\u00e4ili\u00f6n nelj\u00e4 kulmaa ovat samalla korkeudella asennuksen aikana.<br \/>\nKontti lep\u00e4\u00e4 vain kulmissa, kontin keskelle ei tarvita tukia edes 30 tonnin tavaralla.<br \/>\nKulmien tukemiseen voidaan k\u00e4ytt\u00e4\u00e4 kivi\u00e4, fiboa, vedenpit\u00e4v\u00e4\u00e4 vaneria, kumipohjia yms.<\/p>\n<p>Toimistom\u00f6kkien myynti<br \/>\nToimistotilojen vuokraus<br \/>\nMerikonttien myynti<br \/>\nMerikonttien vuokraus<\/p>\n<h2>Vuokrakontti nr 102 &#8211; TARTU: Turvallinen ja k\u00e4tev\u00e4 ratkaisu tavaroillesi<\/h2>\n<p>Jos etsit luotettavaa merikonttia vuokralle, tarjoamme sinulle parhaan ratkaisun. Esittelemme sinulle merikonttivuokrausnumeromme 102, joka vastaa tarpeitasi ja varmistaa turvallisen ja k\u00e4tev\u00e4n tavaroiden varastoinnin tai kuljetuksen.<\/p>\n<p>Merikontin vuokra nro. 102 on saatavilla verkkosivuillamme MIIL.ee. Olemme erikoistuneet korkealaatuisten kuljetuskonttien myyntiin ja vuokraamiseen ja tarjoamme erilaisia \u200b\u200bkokoja ja tyyppej\u00e4 tarpeidesi mukaan.<\/p>\n<p>T\u00e4m\u00e4 merikonttivuokraus #102 on varustettu kaikilla tarvittavilla ominaisuuksilla, jotka takaavat tavaroidesi turvallisuuden ja mukavuuden. Olipa kyseess\u00e4 tavaroiden varastointi, kuljetuksen valmistelu tai muu k\u00e4ytt\u00f6tarkoitus, merikonttimme t\u00e4ytt\u00e4v\u00e4t korkeimmat vaatimukset.<\/p>\n<p>Merikonttivuokraus nro 102 on lukittava, mik\u00e4 tarjoaa lis\u00e4turvaa ja suojaa tavaroillesi. T\u00e4m\u00e4 kontti on my\u00f6s tilava, ja siihen mahtuu suuri m\u00e4\u00e4r\u00e4 tavaraa. Olipa kyseess\u00e4 rakennusmateriaalit, huonekalut, taloustavarat tai muut tavarat, voit olla varma, ett\u00e4 ne ovat suojattuja ja hyvin pidettyj\u00e4.<\/p>\n<p>Vuokrahintamme ovat kilpailukykyisi\u00e4 ja joustavia, joten voit valita tarpeisiisi sopivan vuokra-ajan. Lis\u00e4ksi tarjoamme laadukasta asiakaspalvelua, joka varmistaa sujuvan vuokrausprosessin ja tyytyv\u00e4isyytesi.<\/p>\n<p>MIIL.ee on luotettava kumppanisi merikonttivuokrauksessa. Tutustu laajaan valikoimaamme verkkosivuilla ja l\u00f6yd\u00e4 juuri tarvitsemasi. Tiimimme on aina valmis tarjoamaan sinulle ammattitaitoista apua ja neuvoja parhaan ratkaisun l\u00f6yt\u00e4miseksi rahtitarpeisiisi.<\/p>\n<p>Ota yhteytt\u00e4 jo t\u00e4n\u00e4\u00e4n ja varaa merikonttivuokraus #102. Olemme valmiita tarjoamaan sinulle parasta palvelua ja laadukkaita merikontteja, jotka vastaavat odotuksiasi.<\/p>\n<p>K\u00e4yt\u00e4mme yleens\u00e4 nosturiautoa tai sivukuormaajaa kuljetukseen.<br \/>\nK\u00e4yt\u00e4mme\u00a0RAM-backloaderia\u00a0peitt\u00e4m\u00e4\u00e4n vaikeimmat paikat.<\/p>\n<p>Seuraa meit\u00e4 <a href=\"https:\/\/www.facebook.com\/konteinerveod\/\">Facebook<\/a> tai <a href=\"https:\/\/www.instagram.com\/ou_miil\/\">Instagram<\/a><\/p>\n","protected":false},"excerpt":{"rendered":"<p>Merikonttien myynti ja vuokraus Tartossa. Vuokrakontti nr 102 &#8211; TARTU. Osoite &#8211; T\u00e4he 114C, Tartto. Vuokraamme ja myymme my\u00f6s toimistom\u00f6kkej\u00e4. Kontteja voi n\u00e4hd\u00e4 ja koskettaa Tarton terminaalissamme. HUOM kuljetus! aiempien ongelmien vuoksi emme p\u00e4\u00e4st\u00e4 asiakkaan raskaita kalustoa itsen\u00e4isesti Tarton terminaaliin. Jotta voimme tarjota kontteja parhaaseen hintaan, meill\u00e4 ei ole Tarton toimistollamme henkil\u00f6\u00e4 lastaamassa kontteja autoosi&#8230;.<\/p>\n","protected":false},"featured_media":8102,"comment_status":"open","ping_status":"closed","template":"","meta":{"_acf_changed":false},"product_cat":[339],"product_tag":[],"class_list":{"0":"post-15251","1":"product","2":"type-product","3":"status-publish","4":"has-post-thumbnail","6":"product_cat-vuokrakontit","8":"first","9":"instock","10":"shipping-taxable","11":"purchasable","12":"product-type-simple"},"acf":[],"yoast_head":"<!-- This site is optimized with the Yoast SEO Premium plugin v23.9 (Yoast SEO v27.5) - https:\/\/yoast.com\/product\/yoast-seo-premium-wordpress\/ -->\n<title>Vuokrakontti nr 102 - TARTU - Miil O\u00dc<\/title>\n<meta name=\"description\" content=\"Vuokrakontti nr 102 - TARTU | K\u00e4ytettyjen merikonttien myynti | Kontti myynti | Containex myynti | Merikontti myynti | Merikontti vuokrata |\" \/>\n<meta name=\"robots\" content=\"index, follow, max-snippet:-1, max-image-preview:large, max-video-preview:-1\" \/>\n<link rel=\"canonical\" href=\"https:\/\/miil.dev.almic.ee\/fi\/toode\/vuokrakontti-nr-102\/\" \/>\n<meta property=\"og:locale\" content=\"fi_FI\" \/>\n<meta property=\"og:type\" content=\"article\" \/>\n<meta property=\"og:title\" content=\"Vuokrakontti nr 102 - TARTU\" \/>\n<meta property=\"og:description\" content=\"Vuokrakontti nr 102 - TARTU | K\u00e4ytettyjen merikonttien myynti | Kontti myynti | Containex myynti | Merikontti myynti | Merikontti vuokrata |\" \/>\n<meta property=\"og:url\" content=\"https:\/\/miil.dev.almic.ee\/fi\/toode\/vuokrakontti-nr-102\/\" \/>\n<meta property=\"og:site_name\" content=\"Miil O\u00dc\" \/>\n<meta property=\"article:publisher\" content=\"https:\/\/www.facebook.com\/konteinerveod\/\" \/>\n<meta property=\"article:modified_time\" content=\"2024-12-10T13:08:05+00:00\" \/>\n<meta property=\"og:image\" content=\"https:\/\/miil.dev.almic.ee\/wp-content\/uploads\/2022\/05\/Miil-konteinerladu-rendikonteiner-merekonteineri-rent-2.jpg\" \/>\n\t<meta property=\"og:image:width\" content=\"1728\" \/>\n\t<meta property=\"og:image:height\" content=\"1296\" \/>\n\t<meta property=\"og:image:type\" content=\"image\/jpeg\" \/>\n<meta name=\"twitter:card\" content=\"summary_large_image\" \/>\n<meta name=\"twitter:label1\" content=\"Hinta\" \/>\n\t<meta name=\"twitter:data1\" content=\"90,00&nbsp;&euro;\" \/>\n\t<meta name=\"twitter:label2\" content=\"Saatavuus\" \/>\n\t<meta name=\"twitter:data2\" content=\"Varastossa\" \/>\n<script type=\"application\/ld+json\" class=\"yoast-schema-graph\">{\"@context\":\"https:\\\/\\\/schema.org\",\"@graph\":[{\"@type\":\"WebPage\",\"@id\":\"https:\\\/\\\/miil.dev.almic.ee\\\/fi\\\/toode\\\/vuokrakontti-nr-102\\\/\",\"url\":\"https:\\\/\\\/miil.dev.almic.ee\\\/fi\\\/toode\\\/vuokrakontti-nr-102\\\/\",\"name\":\"Vuokrakontti nr 102 - TARTU - Miil O\u00dc\",\"isPartOf\":{\"@id\":\"https:\\\/\\\/miil.dev.almic.ee\\\/#website\"},\"primaryImageOfPage\":{\"@id\":\"https:\\\/\\\/miil.dev.almic.ee\\\/fi\\\/toode\\\/vuokrakontti-nr-102\\\/#primaryimage\"},\"image\":{\"@id\":\"https:\\\/\\\/miil.dev.almic.ee\\\/fi\\\/toode\\\/vuokrakontti-nr-102\\\/#primaryimage\"},\"thumbnailUrl\":\"https:\\\/\\\/miil.dev.almic.ee\\\/wp-content\\\/uploads\\\/2022\\\/05\\\/Miil-konteinerladu-rendikonteiner-merekonteineri-rent-2.jpg\",\"datePublished\":\"2022-05-25T14:50:05+00:00\",\"dateModified\":\"2024-12-10T13:08:05+00:00\",\"description\":\"Vuokrakontti nr 102 - TARTU | K\u00e4ytettyjen merikonttien myynti | Kontti myynti | Containex myynti | Merikontti myynti | Merikontti vuokrata |\",\"breadcrumb\":{\"@id\":\"https:\\\/\\\/miil.dev.almic.ee\\\/fi\\\/toode\\\/vuokrakontti-nr-102\\\/#breadcrumb\"},\"inLanguage\":\"fi\",\"potentialAction\":[{\"@type\":\"ReadAction\",\"target\":[\"https:\\\/\\\/miil.dev.almic.ee\\\/fi\\\/toode\\\/vuokrakontti-nr-102\\\/\"]}]},{\"@type\":\"ImageObject\",\"inLanguage\":\"fi\",\"@id\":\"https:\\\/\\\/miil.dev.almic.ee\\\/fi\\\/toode\\\/vuokrakontti-nr-102\\\/#primaryimage\",\"url\":\"https:\\\/\\\/miil.dev.almic.ee\\\/wp-content\\\/uploads\\\/2022\\\/05\\\/Miil-konteinerladu-rendikonteiner-merekonteineri-rent-2.jpg\",\"contentUrl\":\"https:\\\/\\\/miil.dev.almic.ee\\\/wp-content\\\/uploads\\\/2022\\\/05\\\/Miil-konteinerladu-rendikonteiner-merekonteineri-rent-2.jpg\",\"width\":1728,\"height\":1296,\"caption\":\"Merekonteiner rent nr 102\"},{\"@type\":\"BreadcrumbList\",\"@id\":\"https:\\\/\\\/miil.dev.almic.ee\\\/fi\\\/toode\\\/vuokrakontti-nr-102\\\/#breadcrumb\",\"itemListElement\":[{\"@type\":\"ListItem\",\"position\":1,\"name\":\"Home\",\"item\":\"https:\\\/\\\/miil.dev.almic.ee\\\/fi\\\/\"},{\"@type\":\"ListItem\",\"position\":2,\"name\":\"Kauppa\",\"item\":\"https:\\\/\\\/miil.dev.almic.ee\\\/fi\\\/kauppa\\\/\"},{\"@type\":\"ListItem\",\"position\":3,\"name\":\"Vuokrakontti nr 102 &#8211; TARTU\"}]},{\"@type\":\"WebSite\",\"@id\":\"https:\\\/\\\/miil.dev.almic.ee\\\/#website\",\"url\":\"https:\\\/\\\/miil.dev.almic.ee\\\/\",\"name\":\"Miil O\u00dc\",\"description\":\"Konteinerveod\",\"publisher\":{\"@id\":\"https:\\\/\\\/miil.dev.almic.ee\\\/#organization\"},\"potentialAction\":[{\"@type\":\"SearchAction\",\"target\":{\"@type\":\"EntryPoint\",\"urlTemplate\":\"https:\\\/\\\/miil.dev.almic.ee\\\/?s={search_term_string}\"},\"query-input\":{\"@type\":\"PropertyValueSpecification\",\"valueRequired\":true,\"valueName\":\"search_term_string\"}}],\"inLanguage\":\"fi\"},{\"@type\":\"Organization\",\"@id\":\"https:\\\/\\\/miil.dev.almic.ee\\\/#organization\",\"name\":\"Miil O\u00dc\",\"url\":\"https:\\\/\\\/miil.dev.almic.ee\\\/\",\"logo\":{\"@type\":\"ImageObject\",\"inLanguage\":\"fi\",\"@id\":\"https:\\\/\\\/miil.dev.almic.ee\\\/#\\\/schema\\\/logo\\\/image\\\/\",\"url\":\"https:\\\/\\\/www.miil.ee\\\/wp-content\\\/uploads\\\/2022\\\/02\\\/Miil-logo.svg\",\"contentUrl\":\"https:\\\/\\\/www.miil.ee\\\/wp-content\\\/uploads\\\/2022\\\/02\\\/Miil-logo.svg\",\"width\":\"1024\",\"height\":\"1024\",\"caption\":\"Miil O\u00dc\"},\"image\":{\"@id\":\"https:\\\/\\\/miil.dev.almic.ee\\\/#\\\/schema\\\/logo\\\/image\\\/\"},\"sameAs\":[\"https:\\\/\\\/www.facebook.com\\\/konteinerveod\\\/\",\"https:\\\/\\\/www.instagram.com\\\/ou_miil\\\/\"]}]}<\/script>\n<meta property=\"product:price:amount\" content=\"90.00\" \/>\n<meta property=\"product:price:currency\" content=\"EUR\" \/>\n<meta property=\"og:availability\" content=\"instock\" \/>\n<meta property=\"product:availability\" content=\"instock\" \/>\n<meta property=\"product:condition\" content=\"new\" \/>\n<!-- \/ Yoast SEO Premium plugin. -->","yoast_head_json":{"title":"Vuokrakontti nr 102 - TARTU - Miil O\u00dc","description":"Vuokrakontti nr 102 - TARTU | K\u00e4ytettyjen merikonttien myynti | Kontti myynti | Containex myynti | Merikontti myynti | Merikontti vuokrata |","robots":{"index":"index","follow":"follow","max-snippet":"max-snippet:-1","max-image-preview":"max-image-preview:large","max-video-preview":"max-video-preview:-1"},"canonical":"https:\/\/miil.dev.almic.ee\/fi\/toode\/vuokrakontti-nr-102\/","og_locale":"fi_FI","og_type":"article","og_title":"Vuokrakontti nr 102 - TARTU","og_description":"Vuokrakontti nr 102 - TARTU | K\u00e4ytettyjen merikonttien myynti | Kontti myynti | Containex myynti | Merikontti myynti | Merikontti vuokrata |","og_url":"https:\/\/miil.dev.almic.ee\/fi\/toode\/vuokrakontti-nr-102\/","og_site_name":"Miil O\u00dc","article_publisher":"https:\/\/www.facebook.com\/konteinerveod\/","article_modified_time":"2024-12-10T13:08:05+00:00","og_image":[{"width":1728,"height":1296,"url":"https:\/\/miil.dev.almic.ee\/wp-content\/uploads\/2022\/05\/Miil-konteinerladu-rendikonteiner-merekonteineri-rent-2.jpg","type":"image\/jpeg"}],"twitter_card":"summary_large_image","twitter_misc":{"Hinta":"90,00&nbsp;&euro;","Saatavuus":"Varastossa"},"schema":{"@context":"https:\/\/schema.org","@graph":[{"@type":"WebPage","@id":"https:\/\/miil.dev.almic.ee\/fi\/toode\/vuokrakontti-nr-102\/","url":"https:\/\/miil.dev.almic.ee\/fi\/toode\/vuokrakontti-nr-102\/","name":"Vuokrakontti nr 102 - TARTU - Miil O\u00dc","isPartOf":{"@id":"https:\/\/miil.dev.almic.ee\/#website"},"primaryImageOfPage":{"@id":"https:\/\/miil.dev.almic.ee\/fi\/toode\/vuokrakontti-nr-102\/#primaryimage"},"image":{"@id":"https:\/\/miil.dev.almic.ee\/fi\/toode\/vuokrakontti-nr-102\/#primaryimage"},"thumbnailUrl":"https:\/\/miil.dev.almic.ee\/wp-content\/uploads\/2022\/05\/Miil-konteinerladu-rendikonteiner-merekonteineri-rent-2.jpg","datePublished":"2022-05-25T14:50:05+00:00","dateModified":"2024-12-10T13:08:05+00:00","description":"Vuokrakontti nr 102 - TARTU | K\u00e4ytettyjen merikonttien myynti | Kontti myynti | Containex myynti | Merikontti myynti | Merikontti vuokrata |","breadcrumb":{"@id":"https:\/\/miil.dev.almic.ee\/fi\/toode\/vuokrakontti-nr-102\/#breadcrumb"},"inLanguage":"fi","potentialAction":[{"@type":"ReadAction","target":["https:\/\/miil.dev.almic.ee\/fi\/toode\/vuokrakontti-nr-102\/"]}]},{"@type":"ImageObject","inLanguage":"fi","@id":"https:\/\/miil.dev.almic.ee\/fi\/toode\/vuokrakontti-nr-102\/#primaryimage","url":"https:\/\/miil.dev.almic.ee\/wp-content\/uploads\/2022\/05\/Miil-konteinerladu-rendikonteiner-merekonteineri-rent-2.jpg","contentUrl":"https:\/\/miil.dev.almic.ee\/wp-content\/uploads\/2022\/05\/Miil-konteinerladu-rendikonteiner-merekonteineri-rent-2.jpg","width":1728,"height":1296,"caption":"Merekonteiner rent nr 102"},{"@type":"BreadcrumbList","@id":"https:\/\/miil.dev.almic.ee\/fi\/toode\/vuokrakontti-nr-102\/#breadcrumb","itemListElement":[{"@type":"ListItem","position":1,"name":"Home","item":"https:\/\/miil.dev.almic.ee\/fi\/"},{"@type":"ListItem","position":2,"name":"Kauppa","item":"https:\/\/miil.dev.almic.ee\/fi\/kauppa\/"},{"@type":"ListItem","position":3,"name":"Vuokrakontti nr 102 &#8211; TARTU"}]},{"@type":"WebSite","@id":"https:\/\/miil.dev.almic.ee\/#website","url":"https:\/\/miil.dev.almic.ee\/","name":"Miil O\u00dc","description":"Konteinerveod","publisher":{"@id":"https:\/\/miil.dev.almic.ee\/#organization"},"potentialAction":[{"@type":"SearchAction","target":{"@type":"EntryPoint","urlTemplate":"https:\/\/miil.dev.almic.ee\/?s={search_term_string}"},"query-input":{"@type":"PropertyValueSpecification","valueRequired":true,"valueName":"search_term_string"}}],"inLanguage":"fi"},{"@type":"Organization","@id":"https:\/\/miil.dev.almic.ee\/#organization","name":"Miil O\u00dc","url":"https:\/\/miil.dev.almic.ee\/","logo":{"@type":"ImageObject","inLanguage":"fi","@id":"https:\/\/miil.dev.almic.ee\/#\/schema\/logo\/image\/","url":"https:\/\/www.miil.ee\/wp-content\/uploads\/2022\/02\/Miil-logo.svg","contentUrl":"https:\/\/www.miil.ee\/wp-content\/uploads\/2022\/02\/Miil-logo.svg","width":"1024","height":"1024","caption":"Miil O\u00dc"},"image":{"@id":"https:\/\/miil.dev.almic.ee\/#\/schema\/logo\/image\/"},"sameAs":["https:\/\/www.facebook.com\/konteinerveod\/","https:\/\/www.instagram.com\/ou_miil\/"]}]},"product_price_amount":"90.00","product_price_currency":"EUR","og_availability":"instock","product_availability":"instock","product_condition":"new"},"_links":{"self":[{"href":"https:\/\/miil.dev.almic.ee\/fi\/wp-json\/wp\/v2\/product\/15251","targetHints":{"allow":["GET"]}}],"collection":[{"href":"https:\/\/miil.dev.almic.ee\/fi\/wp-json\/wp\/v2\/product"}],"about":[{"href":"https:\/\/miil.dev.almic.ee\/fi\/wp-json\/wp\/v2\/types\/product"}],"replies":[{"embeddable":true,"href":"https:\/\/miil.dev.almic.ee\/fi\/wp-json\/wp\/v2\/comments?post=15251"}],"wp:featuredmedia":[{"embeddable":true,"href":"https:\/\/miil.dev.almic.ee\/fi\/wp-json\/wp\/v2\/media\/8102"}],"wp:attachment":[{"href":"https:\/\/miil.dev.almic.ee\/fi\/wp-json\/wp\/v2\/media?parent=15251"}],"wp:term":[{"taxonomy":"product_cat","embeddable":true,"href":"https:\/\/miil.dev.almic.ee\/fi\/wp-json\/wp\/v2\/product_cat?post=15251"},{"taxonomy":"product_tag","embeddable":true,"href":"https:\/\/miil.dev.almic.ee\/fi\/wp-json\/wp\/v2\/product_tag?post=15251"}],"curies":[{"name":"wp","href":"https:\/\/api.w.org\/{rel}","templated":true}]}}