{"id":15143,"date":"2022-06-22T09:02:25","date_gmt":"2022-06-22T06:02:25","guid":{"rendered":"https:\/\/www.miil.ee\/toode\/40ref-tk-magnum-plus-kulmikkonteiner-40-25\/"},"modified":"2025-02-28T12:57:16","modified_gmt":"2025-02-28T10:57:16","slug":"40ref-tk-magnum-plus-kulmikkonteiner-40-25","status":"publish","type":"product","link":"https:\/\/miil.dev.almic.ee\/fi\/toode\/40ref-tk-magnum-plus-kulmikkonteiner-40-25\/","title":{"rendered":"40REF TK Magnum Plus Kylm\u00e4kontti -40\/+25"},"content":{"rendered":"<h1>40REF TK Magnum Plus<\/h1>\n<p>40REF TK Magnum Plus on luotettava ja tehokas kylm\u00e4kontti. T\u00e4m\u00e4 2023-malli on varustettu kaikilla t\u00e4rkeill\u00e4 ominaisuuksilla, jotka varmistavat tavaroidesi optimaalisen s\u00e4ilytyksen l\u00e4mp\u00f6tilan hallinnassa.<\/p>\n<p>Se on 12 metri\u00e4 pitk\u00e4 kylm\u00e4kontti, joka tarjoaa tilaa ja joustavuutta rahtitarpeisiisi. Sen valkoinen v\u00e4ri takaa tyylikk\u00e4\u00e4n ja ammattimaisen ulkon\u00e4\u00f6n ja sopii t\u00e4ydellisesti erilaisiin logistiikkaymp\u00e4rist\u00f6ihin.<\/p>\n<p>Yksi TK Magnum Plus:n t\u00e4rkeimmist\u00e4 ominaisuuksista on sen mukavuus ja helppok\u00e4ytt\u00f6isyys. Helposti avautuvan oven avulla p\u00e4\u00e4set helposti k\u00e4siksi tavaroihisi, ja lukitusmekanismi varmistaa niiden turvallisuuden kuljetuksen aikana. Lis\u00e4ksi s\u00e4ili\u00f6 on varustettu PVC-verholla, joka auttaa s\u00e4\u00e4telem\u00e4\u00e4n ilmavirtaa s\u00e4ilytt\u00e4en samalla optimaalisen l\u00e4mp\u00f6tilan.<\/p>\n<p>Magnum Plussan tasainen lattia helpottaa tavaroiden varastointia ja mahdollistaa tilan maksimaalisen k\u00e4yt\u00f6n. T\u00e4m\u00e4 on erityisen t\u00e4rke\u00e4\u00e4, jos sinun on kuljetettava tai varastoitava isoja tai raskaita esineit\u00e4.<\/p>\n<p>J\u00e4\u00e4hdytys- ja j\u00e4\u00e4hdytysj\u00e4rjestelm\u00e4t varmistavat t\u00e4ydellisen eristyksen ja mahdollistavat halutun l\u00e4mp\u00f6tilan pit\u00e4misen. Lis\u00e4ksi kontissa on my\u00f6s valaistus, joka varmistaa selkeyden ja n\u00e4kyvyyden my\u00f6s silloin, kun ymp\u00e4r\u00f6iv\u00e4ss\u00e4 ymp\u00e4rist\u00f6ss\u00e4 ei ole riitt\u00e4v\u00e4sti valaistusta.<\/p>\n<p>Turvaovi tarjoaa lis\u00e4suojaa ja turvallisuutta varmistaen, ett\u00e4 tavarasi on suojattu varkauksilta ja luvattomalta p\u00e4\u00e4sylt\u00e4.<\/p>\n<p>Magnum Plus on suunniteltu t\u00e4ytt\u00e4m\u00e4\u00e4n korkeat vaatimukset tarjoten luotettavan ja laadukkaan ratkaisun l\u00e4mp\u00f6tilaherkkien tavaroiden kuljetukseen ja varastointiin.<\/p>\n<p>Yhteenvetona, jos tarvitset t\u00e4ydellisen kylm\u00e4s\u00e4ili\u00f6n, joka takaa tavaroidesi turvallisen ja optimaalisen s\u00e4ilytyksen, valitse 40REF TK Magnum Plus. Mitat, valkoinen v\u00e4ri, h\u00e4lytin, sile\u00e4 lattia, eristys, lukittava ovi, PVC-verho, turvaovi ja valaistus ovat t\u00e4ydellinen valinta logistiikkatarpeisiisi.<\/p>\n<h2>40REF TK Magnum Plus &#8211; Kuljetus ja nosto?<\/h2>\n<p>Sopivan kontin valinnan j\u00e4lkeen voimme hoitaa pakkaamisen ja kuljetuksen.<br \/>\nK\u00e4yt\u00e4mme kuljetukseen<span>\u00a0<\/span><a href=\"https:\/\/www.miil.ee\/fi\/palvelut\/nosturi\/\">nosturia<\/a><span>\u00a0<\/span>tai<span>\u00a0<\/span><a href=\"https:\/\/www.miil.ee\/fi\/palvelut\/sideloader\/\">sideloader<\/a><br \/>\nmonimutkaisempi kuljetus on mahdollista<span>\u00a0<\/span><a href=\"https:\/\/www.miil.ee\/fi\/palvelut\/ram-kippauslaite\/\">RAM per\u00e4vaunulla<\/a>.<br \/>\nKun olet ostanut sen, s\u00e4ilyt\u00e4mme konttisi terminaalissamme maksutta jopa kuusi kuukautta.<br \/>\nAina on mahdollista sopia pidemm\u00e4st\u00e4kin ajanjaksosta.<br \/>\nEsimerkiksi jos paikka ei ole viel\u00e4 valmis tai k\u00e4ytett\u00e4viss\u00e4 kontin toimittamiseksi.<br \/>\nT\u00e4ll\u00f6in kontin hinta ei muutu ja voit olla varma, ett\u00e4 saat valitun kontin sovittuna aikana.<\/p>\n<h2>Teknologiamme on modernia ja kuljettajamme ovat korkeasti koulutettuja.<\/h2>\n<p>*Merikonttien myynti<br \/>\n* Merikontin vuokraus<br \/>\n* Merikonttien talteenotto<br \/>\n* Merikonttien korjaus<br \/>\n* Merikonttien varastointi<br \/>\n* L\u00e4mmitysakkujen myynti<br \/>\n* l\u00e4mmittimien vuokra<br \/>\n* Pienitalojen myynti<br \/>\n* Vuokraa minitaloja<br \/>\n* Kuljetus<br \/>\n* Varastopalvelu<\/p>\n<ul>\n<li>Parhaan hinnan takuu \u2013 teemme aina parhaan tarjouksen kontista.<\/li>\n<\/ul>\n<p>Seuraa meit\u00e4<span>\u00a0<\/span><a href=\"https:\/\/www.facebook.com\/konteinerveod\/\">Facebook<\/a><span>\u00a0<\/span>tai<span>\u00a0<\/span><a href=\"https:\/\/www.instagram.com\/ou_miil\/\">Instagram<\/a><\/p>\n<p>&nbsp;<\/p>\n","protected":false},"excerpt":{"rendered":"<p>40REF TK Magnum Plus on luotettava ja tehokas 12-metrinen kylm\u00e4kontti, joka takaa tavaroiden optimaalisen s\u00e4ilytyksen l\u00e4mp\u00f6tilan hallinnassa. Se tarjoaa helppok\u00e4ytt\u00f6isyytt\u00e4, turvaa ja joustavuutta, mukaan lukien tasainen lattia, j\u00e4\u00e4hdytysj\u00e4rjestelm\u00e4, turvaovi ja valaistus.<\/p>\n","protected":false},"featured_media":10066,"comment_status":"closed","ping_status":"closed","template":"","meta":{"_acf_changed":false},"product_cat":[355,479,483,487],"product_tag":[],"class_list":{"0":"post-15143","1":"product","2":"type-product","3":"status-publish","4":"has-post-thumbnail","6":"product_cat-uudet-kontit","7":"product_cat-40-12-metria-fi","8":"product_cat-40-hc-korkea-fi","9":"product_cat-40ref-kylmio-fi","11":"first","12":"instock","13":"shipping-taxable","14":"purchasable","15":"product-type-simple"},"acf":[],"yoast_head":"<!-- This site is optimized with the Yoast SEO Premium plugin v23.9 (Yoast SEO v27.5) - https:\/\/yoast.com\/product\/yoast-seo-premium-wordpress\/ -->\n<title>40REF TK Magnum Plus - Miil O\u00dc<\/title>\n<meta name=\"description\" content=\"40REF TK Magnum Plus | merikontti | varastokontti | 40 REF kontti | merikonttien myynti ja vuokraus | merikonttien osto ja myynti |\" \/>\n<meta name=\"robots\" content=\"index, follow, max-snippet:-1, max-image-preview:large, max-video-preview:-1\" \/>\n<link rel=\"canonical\" href=\"https:\/\/miil.dev.almic.ee\/fi\/toode\/40ref-tk-magnum-plus-kulmikkonteiner-40-25\/\" \/>\n<meta property=\"og:locale\" content=\"fi_FI\" \/>\n<meta property=\"og:type\" content=\"article\" \/>\n<meta property=\"og:title\" content=\"40REF TK Magnum Plus Kylm\u00e4kontti -40\/+25\" \/>\n<meta property=\"og:description\" content=\"40REF TK Magnum Plus | merikontti | varastokontti | 40 REF kontti | merikonttien myynti ja vuokraus | merikonttien osto ja myynti |\" \/>\n<meta property=\"og:url\" content=\"https:\/\/miil.dev.almic.ee\/fi\/toode\/40ref-tk-magnum-plus-kulmikkonteiner-40-25\/\" \/>\n<meta property=\"og:site_name\" content=\"Miil O\u00dc\" \/>\n<meta property=\"article:publisher\" content=\"https:\/\/www.facebook.com\/konteinerveod\/\" \/>\n<meta property=\"article:modified_time\" content=\"2025-02-28T10:57:16+00:00\" \/>\n<meta property=\"og:image\" content=\"https:\/\/miil.dev.almic.ee\/wp-content\/uploads\/2022\/06\/kulmik-konteiner-ref-konteiner-merekonteiner-freezer-container-40-20-8.jpg\" \/>\n\t<meta property=\"og:image:width\" content=\"1728\" \/>\n\t<meta property=\"og:image:height\" content=\"1296\" \/>\n\t<meta property=\"og:image:type\" content=\"image\/jpeg\" \/>\n<meta name=\"twitter:card\" content=\"summary_large_image\" \/>\n<meta name=\"twitter:label1\" content=\"Hinta\" \/>\n\t<meta name=\"twitter:data1\" content=\"25480,00&nbsp;&euro;\" \/>\n\t<meta name=\"twitter:label2\" content=\"Saatavuus\" \/>\n\t<meta name=\"twitter:data2\" content=\"Varastossa\" \/>\n<script type=\"application\/ld+json\" class=\"yoast-schema-graph\">{\"@context\":\"https:\\\/\\\/schema.org\",\"@graph\":[{\"@type\":\"WebPage\",\"@id\":\"https:\\\/\\\/miil.dev.almic.ee\\\/fi\\\/toode\\\/40ref-tk-magnum-plus-kulmikkonteiner-40-25\\\/\",\"url\":\"https:\\\/\\\/miil.dev.almic.ee\\\/fi\\\/toode\\\/40ref-tk-magnum-plus-kulmikkonteiner-40-25\\\/\",\"name\":\"40REF TK Magnum Plus - Miil O\u00dc\",\"isPartOf\":{\"@id\":\"https:\\\/\\\/miil.dev.almic.ee\\\/#website\"},\"primaryImageOfPage\":{\"@id\":\"https:\\\/\\\/miil.dev.almic.ee\\\/fi\\\/toode\\\/40ref-tk-magnum-plus-kulmikkonteiner-40-25\\\/#primaryimage\"},\"image\":{\"@id\":\"https:\\\/\\\/miil.dev.almic.ee\\\/fi\\\/toode\\\/40ref-tk-magnum-plus-kulmikkonteiner-40-25\\\/#primaryimage\"},\"thumbnailUrl\":\"https:\\\/\\\/miil.dev.almic.ee\\\/wp-content\\\/uploads\\\/2022\\\/06\\\/kulmik-konteiner-ref-konteiner-merekonteiner-freezer-container-40-20-8.jpg\",\"datePublished\":\"2022-06-22T06:02:25+00:00\",\"dateModified\":\"2025-02-28T10:57:16+00:00\",\"description\":\"40REF TK Magnum Plus | merikontti | varastokontti | 40 REF kontti | merikonttien myynti ja vuokraus | merikonttien osto ja myynti |\",\"breadcrumb\":{\"@id\":\"https:\\\/\\\/miil.dev.almic.ee\\\/fi\\\/toode\\\/40ref-tk-magnum-plus-kulmikkonteiner-40-25\\\/#breadcrumb\"},\"inLanguage\":\"fi\",\"potentialAction\":[{\"@type\":\"ReadAction\",\"target\":[\"https:\\\/\\\/miil.dev.almic.ee\\\/fi\\\/toode\\\/40ref-tk-magnum-plus-kulmikkonteiner-40-25\\\/\"]}]},{\"@type\":\"ImageObject\",\"inLanguage\":\"fi\",\"@id\":\"https:\\\/\\\/miil.dev.almic.ee\\\/fi\\\/toode\\\/40ref-tk-magnum-plus-kulmikkonteiner-40-25\\\/#primaryimage\",\"url\":\"https:\\\/\\\/miil.dev.almic.ee\\\/wp-content\\\/uploads\\\/2022\\\/06\\\/kulmik-konteiner-ref-konteiner-merekonteiner-freezer-container-40-20-8.jpg\",\"contentUrl\":\"https:\\\/\\\/miil.dev.almic.ee\\\/wp-content\\\/uploads\\\/2022\\\/06\\\/kulmik-konteiner-ref-konteiner-merekonteiner-freezer-container-40-20-8.jpg\",\"width\":1728,\"height\":1296},{\"@type\":\"BreadcrumbList\",\"@id\":\"https:\\\/\\\/miil.dev.almic.ee\\\/fi\\\/toode\\\/40ref-tk-magnum-plus-kulmikkonteiner-40-25\\\/#breadcrumb\",\"itemListElement\":[{\"@type\":\"ListItem\",\"position\":1,\"name\":\"Home\",\"item\":\"https:\\\/\\\/miil.dev.almic.ee\\\/fi\\\/\"},{\"@type\":\"ListItem\",\"position\":2,\"name\":\"Kauppa\",\"item\":\"https:\\\/\\\/miil.dev.almic.ee\\\/fi\\\/kauppa\\\/\"},{\"@type\":\"ListItem\",\"position\":3,\"name\":\"40REF TK Magnum Plus Kylm\u00e4kontti -40\\\/+25\"}]},{\"@type\":\"WebSite\",\"@id\":\"https:\\\/\\\/miil.dev.almic.ee\\\/#website\",\"url\":\"https:\\\/\\\/miil.dev.almic.ee\\\/\",\"name\":\"Miil O\u00dc\",\"description\":\"Konteinerveod\",\"publisher\":{\"@id\":\"https:\\\/\\\/miil.dev.almic.ee\\\/#organization\"},\"potentialAction\":[{\"@type\":\"SearchAction\",\"target\":{\"@type\":\"EntryPoint\",\"urlTemplate\":\"https:\\\/\\\/miil.dev.almic.ee\\\/?s={search_term_string}\"},\"query-input\":{\"@type\":\"PropertyValueSpecification\",\"valueRequired\":true,\"valueName\":\"search_term_string\"}}],\"inLanguage\":\"fi\"},{\"@type\":\"Organization\",\"@id\":\"https:\\\/\\\/miil.dev.almic.ee\\\/#organization\",\"name\":\"Miil O\u00dc\",\"url\":\"https:\\\/\\\/miil.dev.almic.ee\\\/\",\"logo\":{\"@type\":\"ImageObject\",\"inLanguage\":\"fi\",\"@id\":\"https:\\\/\\\/miil.dev.almic.ee\\\/#\\\/schema\\\/logo\\\/image\\\/\",\"url\":\"https:\\\/\\\/www.miil.ee\\\/wp-content\\\/uploads\\\/2022\\\/02\\\/Miil-logo.svg\",\"contentUrl\":\"https:\\\/\\\/www.miil.ee\\\/wp-content\\\/uploads\\\/2022\\\/02\\\/Miil-logo.svg\",\"width\":\"1024\",\"height\":\"1024\",\"caption\":\"Miil O\u00dc\"},\"image\":{\"@id\":\"https:\\\/\\\/miil.dev.almic.ee\\\/#\\\/schema\\\/logo\\\/image\\\/\"},\"sameAs\":[\"https:\\\/\\\/www.facebook.com\\\/konteinerveod\\\/\",\"https:\\\/\\\/www.instagram.com\\\/ou_miil\\\/\"]}]}<\/script>\n<meta property=\"product:price:amount\" content=\"25480.00\" \/>\n<meta property=\"product:price:currency\" content=\"EUR\" \/>\n<meta property=\"og:availability\" content=\"instock\" \/>\n<meta property=\"product:availability\" content=\"instock\" \/>\n<meta property=\"product:condition\" content=\"new\" \/>\n<!-- \/ Yoast SEO Premium plugin. -->","yoast_head_json":{"title":"40REF TK Magnum Plus - Miil O\u00dc","description":"40REF TK Magnum Plus | merikontti | varastokontti | 40 REF kontti | merikonttien myynti ja vuokraus | merikonttien osto ja myynti |","robots":{"index":"index","follow":"follow","max-snippet":"max-snippet:-1","max-image-preview":"max-image-preview:large","max-video-preview":"max-video-preview:-1"},"canonical":"https:\/\/miil.dev.almic.ee\/fi\/toode\/40ref-tk-magnum-plus-kulmikkonteiner-40-25\/","og_locale":"fi_FI","og_type":"article","og_title":"40REF TK Magnum Plus Kylm\u00e4kontti -40\/+25","og_description":"40REF TK Magnum Plus | merikontti | varastokontti | 40 REF kontti | merikonttien myynti ja vuokraus | merikonttien osto ja myynti |","og_url":"https:\/\/miil.dev.almic.ee\/fi\/toode\/40ref-tk-magnum-plus-kulmikkonteiner-40-25\/","og_site_name":"Miil O\u00dc","article_publisher":"https:\/\/www.facebook.com\/konteinerveod\/","article_modified_time":"2025-02-28T10:57:16+00:00","og_image":[{"width":1728,"height":1296,"url":"https:\/\/miil.dev.almic.ee\/wp-content\/uploads\/2022\/06\/kulmik-konteiner-ref-konteiner-merekonteiner-freezer-container-40-20-8.jpg","type":"image\/jpeg"}],"twitter_card":"summary_large_image","twitter_misc":{"Hinta":"25480,00&nbsp;&euro;","Saatavuus":"Varastossa"},"schema":{"@context":"https:\/\/schema.org","@graph":[{"@type":"WebPage","@id":"https:\/\/miil.dev.almic.ee\/fi\/toode\/40ref-tk-magnum-plus-kulmikkonteiner-40-25\/","url":"https:\/\/miil.dev.almic.ee\/fi\/toode\/40ref-tk-magnum-plus-kulmikkonteiner-40-25\/","name":"40REF TK Magnum Plus - Miil O\u00dc","isPartOf":{"@id":"https:\/\/miil.dev.almic.ee\/#website"},"primaryImageOfPage":{"@id":"https:\/\/miil.dev.almic.ee\/fi\/toode\/40ref-tk-magnum-plus-kulmikkonteiner-40-25\/#primaryimage"},"image":{"@id":"https:\/\/miil.dev.almic.ee\/fi\/toode\/40ref-tk-magnum-plus-kulmikkonteiner-40-25\/#primaryimage"},"thumbnailUrl":"https:\/\/miil.dev.almic.ee\/wp-content\/uploads\/2022\/06\/kulmik-konteiner-ref-konteiner-merekonteiner-freezer-container-40-20-8.jpg","datePublished":"2022-06-22T06:02:25+00:00","dateModified":"2025-02-28T10:57:16+00:00","description":"40REF TK Magnum Plus | merikontti | varastokontti | 40 REF kontti | merikonttien myynti ja vuokraus | merikonttien osto ja myynti |","breadcrumb":{"@id":"https:\/\/miil.dev.almic.ee\/fi\/toode\/40ref-tk-magnum-plus-kulmikkonteiner-40-25\/#breadcrumb"},"inLanguage":"fi","potentialAction":[{"@type":"ReadAction","target":["https:\/\/miil.dev.almic.ee\/fi\/toode\/40ref-tk-magnum-plus-kulmikkonteiner-40-25\/"]}]},{"@type":"ImageObject","inLanguage":"fi","@id":"https:\/\/miil.dev.almic.ee\/fi\/toode\/40ref-tk-magnum-plus-kulmikkonteiner-40-25\/#primaryimage","url":"https:\/\/miil.dev.almic.ee\/wp-content\/uploads\/2022\/06\/kulmik-konteiner-ref-konteiner-merekonteiner-freezer-container-40-20-8.jpg","contentUrl":"https:\/\/miil.dev.almic.ee\/wp-content\/uploads\/2022\/06\/kulmik-konteiner-ref-konteiner-merekonteiner-freezer-container-40-20-8.jpg","width":1728,"height":1296},{"@type":"BreadcrumbList","@id":"https:\/\/miil.dev.almic.ee\/fi\/toode\/40ref-tk-magnum-plus-kulmikkonteiner-40-25\/#breadcrumb","itemListElement":[{"@type":"ListItem","position":1,"name":"Home","item":"https:\/\/miil.dev.almic.ee\/fi\/"},{"@type":"ListItem","position":2,"name":"Kauppa","item":"https:\/\/miil.dev.almic.ee\/fi\/kauppa\/"},{"@type":"ListItem","position":3,"name":"40REF TK Magnum Plus Kylm\u00e4kontti -40\/+25"}]},{"@type":"WebSite","@id":"https:\/\/miil.dev.almic.ee\/#website","url":"https:\/\/miil.dev.almic.ee\/","name":"Miil O\u00dc","description":"Konteinerveod","publisher":{"@id":"https:\/\/miil.dev.almic.ee\/#organization"},"potentialAction":[{"@type":"SearchAction","target":{"@type":"EntryPoint","urlTemplate":"https:\/\/miil.dev.almic.ee\/?s={search_term_string}"},"query-input":{"@type":"PropertyValueSpecification","valueRequired":true,"valueName":"search_term_string"}}],"inLanguage":"fi"},{"@type":"Organization","@id":"https:\/\/miil.dev.almic.ee\/#organization","name":"Miil O\u00dc","url":"https:\/\/miil.dev.almic.ee\/","logo":{"@type":"ImageObject","inLanguage":"fi","@id":"https:\/\/miil.dev.almic.ee\/#\/schema\/logo\/image\/","url":"https:\/\/www.miil.ee\/wp-content\/uploads\/2022\/02\/Miil-logo.svg","contentUrl":"https:\/\/www.miil.ee\/wp-content\/uploads\/2022\/02\/Miil-logo.svg","width":"1024","height":"1024","caption":"Miil O\u00dc"},"image":{"@id":"https:\/\/miil.dev.almic.ee\/#\/schema\/logo\/image\/"},"sameAs":["https:\/\/www.facebook.com\/konteinerveod\/","https:\/\/www.instagram.com\/ou_miil\/"]}]},"product_price_amount":"25480.00","product_price_currency":"EUR","og_availability":"instock","product_availability":"instock","product_condition":"new"},"_links":{"self":[{"href":"https:\/\/miil.dev.almic.ee\/fi\/wp-json\/wp\/v2\/product\/15143","targetHints":{"allow":["GET"]}}],"collection":[{"href":"https:\/\/miil.dev.almic.ee\/fi\/wp-json\/wp\/v2\/product"}],"about":[{"href":"https:\/\/miil.dev.almic.ee\/fi\/wp-json\/wp\/v2\/types\/product"}],"replies":[{"embeddable":true,"href":"https:\/\/miil.dev.almic.ee\/fi\/wp-json\/wp\/v2\/comments?post=15143"}],"wp:featuredmedia":[{"embeddable":true,"href":"https:\/\/miil.dev.almic.ee\/fi\/wp-json\/wp\/v2\/media\/10066"}],"wp:attachment":[{"href":"https:\/\/miil.dev.almic.ee\/fi\/wp-json\/wp\/v2\/media?parent=15143"}],"wp:term":[{"taxonomy":"product_cat","embeddable":true,"href":"https:\/\/miil.dev.almic.ee\/fi\/wp-json\/wp\/v2\/product_cat?post=15143"},{"taxonomy":"product_tag","embeddable":true,"href":"https:\/\/miil.dev.almic.ee\/fi\/wp-json\/wp\/v2\/product_tag?post=15143"}],"curies":[{"name":"wp","href":"https:\/\/api.w.org\/{rel}","templated":true}]}}