{"id":15075,"date":"2022-07-14T16:39:49","date_gmt":"2022-07-14T13:39:49","guid":{"rendered":"https:\/\/www.miil.ee\/toode\/rendikonteiner-nr-181\/"},"modified":"2024-11-07T11:40:52","modified_gmt":"2024-11-07T09:40:52","slug":"vuokrakontti-nr-181","status":"publish","type":"product","link":"https:\/\/miil.dev.almic.ee\/fi\/toode\/vuokrakontti-nr-181\/","title":{"rendered":"Vuokrakontti nr 181"},"content":{"rendered":"<h1>Merikontteja vuokrattavana<\/h1>\n<p>Vuokrakontti nr 181 &#8211; Paras hinta.<br \/>\nVuokraamme kaikenkokoisia kontteja 20DC, 40HC, 45HCPW.<br \/>\nMeill\u00e4 on paikan p\u00e4\u00e4ll\u00e4 laaja valikoima kontteja ja niit\u00e4 on aina saatavilla eri v\u00e4reiss\u00e4.<br \/>\nSuosituin vuokrakontti on 6 metri\u00e4 (20DC).<br \/>\nT\u00e4m\u00e4n s\u00e4ili\u00f6n t\u00e4rkein etu on sen koko ja paino.<br \/>\n6 metrin kontti on ohjattavissa ja nosturi pystyy nostamaan sen asiakkaalle sopivaan paikkaan.<\/p>\n<h2>Vuokrakontti nr 181 &#8211; nopeasti ja edullisesti!<\/h2>\n<p>S\u00e4ili\u00f6ss\u00e4 voi s\u00e4ilytt\u00e4\u00e4 huonekaluja, rakennusmateriaaleja, kausitarvikkeita tai mit\u00e4 tahansa muuta.<br \/>\nS\u00e4ili\u00f6 saa p\u00f6lytty\u00e4 ja rakentaa, ihanteellinen lis\u00e4tila korjauksiin.<br \/>\nMiksi vuokrata autotalli tai vajaa, kun kontin voi siirt\u00e4\u00e4 omalle pihalle?<br \/>\nS\u00e4ilytyksen lis\u00e4ksi s\u00e4ili\u00f6it\u00e4 voidaan k\u00e4ytt\u00e4\u00e4 my\u00f6s mainontaan. Jos haluat mainostaa yrityst\u00e4si, liimaamme tai maalaamme astiat sinun v\u00e4reill\u00e4si ja kuljetamme ne paikalle.<\/p>\n<p>Jos vuokraat meilt\u00e4 merikontin tai kontin, toimitamme sen nosturiautolla muutaman p\u00e4iv\u00e4n sis\u00e4ll\u00e4.<\/p>\n<h2>Kuljetus ja nosto?<\/h2>\n<p>Sopivan kontin valinnan j\u00e4lkeen voimme hoitaa pakkaamisen ja kuljetuksen.<br \/>\nK\u00e4yt\u00e4mme kuljetukseen<span>\u00a0<\/span><a href=\"https:\/\/www.miil.ee\/fi\/palvelut\/nosturi\/\">nosturia<\/a><span>\u00a0<\/span>tai<span>\u00a0<\/span><a href=\"https:\/\/www.miil.ee\/fi\/palvelut\/sideloader\/\">sideloader<\/a><br \/>\nmonimutkaisempi kuljetus on mahdollista<span>\u00a0<\/span><a href=\"https:\/\/www.miil.ee\/fi\/palvelut\/ram-kippauslaite\/\">RAM per\u00e4vaunulla<\/a>.<br \/>\nKun olet ostanut sen, s\u00e4ilyt\u00e4mme konttisi terminaalissamme maksutta jopa kuusi kuukautta.<br \/>\nAina on mahdollista sopia pidemm\u00e4st\u00e4kin ajanjaksosta.<br \/>\nEsimerkiksi jos paikka ei ole viel\u00e4 valmis tai k\u00e4ytett\u00e4viss\u00e4 kontin toimittamiseksi.<br \/>\nT\u00e4ll\u00f6in kontin hinta ei muutu ja voit olla varma, ett\u00e4 saat valitun kontin sovittuna aikana.<\/p>\n<h2>Teknologiamme on modernia ja kuljettajamme ovat korkeasti koulutettuja.<\/h2>\n<p>*Merikonttien myynti<br \/>\n* Merikontin vuokraus<br \/>\n* Merikonttien talteenotto<br \/>\n* Merikonttien korjaus<br \/>\n* Merikonttien varastointi<br \/>\n* L\u00e4mmitysakkujen myynti<br \/>\n* l\u00e4mmittimien vuokra<br \/>\n* Pienitalojen myynti<br \/>\n* Vuokraa minitaloja<br \/>\n* Kuljetus<br \/>\n* Varastopalvelu<\/p>\n<ul>\n<li>Parhaan hinnan takuu \u2013 teemme aina parhaan tarjouksen kontista.<\/li>\n<\/ul>\n<p>Seuraa meit\u00e4<span>\u00a0<\/span><a href=\"https:\/\/www.facebook.com\/konteinerveod\/\">Facebook<\/a><span>\u00a0<\/span>tai<span>\u00a0<\/span><a href=\"https:\/\/www.instagram.com\/ou_miil\/\">Instagram<\/a><\/p>\n<p>&nbsp;<\/p>\n","protected":false},"excerpt":{"rendered":"<p>Merikontteja vuokrattavana Vuokrakontti nr 181 &#8211; Paras hinta. Vuokraamme kaikenkokoisia kontteja 20DC, 40HC, 45HCPW. Meill\u00e4 on paikan p\u00e4\u00e4ll\u00e4 laaja valikoima kontteja ja niit\u00e4 on aina saatavilla eri v\u00e4reiss\u00e4. Suosituin vuokrakontti on 6 metri\u00e4 (20DC). T\u00e4m\u00e4n s\u00e4ili\u00f6n t\u00e4rkein etu on sen koko ja paino. 6 metrin kontti on ohjattavissa ja nosturi pystyy nostamaan sen asiakkaalle sopivaan&#8230;<\/p>\n","protected":false},"featured_media":18871,"comment_status":"open","ping_status":"closed","template":"","meta":{"_acf_changed":false},"product_cat":[339],"product_tag":[],"class_list":{"0":"post-15075","1":"product","2":"type-product","3":"status-publish","4":"has-post-thumbnail","6":"product_cat-vuokrakontit","8":"first","9":"instock","10":"shipping-taxable","11":"purchasable","12":"product-type-simple"},"acf":[],"yoast_head":"<!-- This site is optimized with the Yoast SEO Premium plugin v23.9 (Yoast SEO v27.5) - https:\/\/yoast.com\/product\/yoast-seo-premium-wordpress\/ -->\n<title>Vuokrakontti nr 181 - Miil O\u00dc<\/title>\n<meta name=\"description\" content=\"Merikontteja vuokrattavana | K\u00e4ytettyjen merikonttien myynti | Kontti myynti | Containex myynti | Merikontti myynti | Merikontti vuokrata |\" \/>\n<meta name=\"robots\" content=\"index, follow, max-snippet:-1, max-image-preview:large, max-video-preview:-1\" \/>\n<link rel=\"canonical\" href=\"https:\/\/miil.dev.almic.ee\/fi\/toode\/vuokrakontti-nr-181\/\" \/>\n<meta property=\"og:locale\" content=\"fi_FI\" \/>\n<meta property=\"og:type\" content=\"article\" \/>\n<meta property=\"og:title\" content=\"Vuokrakontti nr 181\" \/>\n<meta property=\"og:description\" content=\"Merikontteja vuokrattavana | K\u00e4ytettyjen merikonttien myynti | Kontti myynti | Containex myynti | Merikontti myynti | Merikontti vuokrata |\" \/>\n<meta property=\"og:url\" content=\"https:\/\/miil.dev.almic.ee\/fi\/toode\/vuokrakontti-nr-181\/\" \/>\n<meta property=\"og:site_name\" content=\"Miil O\u00dc\" \/>\n<meta property=\"article:publisher\" content=\"https:\/\/www.facebook.com\/konteinerveod\/\" \/>\n<meta property=\"article:modified_time\" content=\"2024-11-07T09:40:52+00:00\" \/>\n<meta property=\"og:image\" content=\"https:\/\/miil.dev.almic.ee\/wp-content\/uploads\/2022\/07\/merekonteinerite-rent-muuk-ost-2.jpg\" \/>\n\t<meta property=\"og:image:width\" content=\"1728\" \/>\n\t<meta property=\"og:image:height\" content=\"1296\" \/>\n\t<meta property=\"og:image:type\" content=\"image\/jpeg\" \/>\n<meta name=\"twitter:card\" content=\"summary_large_image\" \/>\n<meta name=\"twitter:label1\" content=\"Hinta\" \/>\n\t<meta name=\"twitter:data1\" content=\"90,00&nbsp;&euro;\" \/>\n\t<meta name=\"twitter:label2\" content=\"Saatavuus\" \/>\n\t<meta name=\"twitter:data2\" content=\"Varastossa\" \/>\n<script type=\"application\/ld+json\" class=\"yoast-schema-graph\">{\"@context\":\"https:\\\/\\\/schema.org\",\"@graph\":[{\"@type\":\"WebPage\",\"@id\":\"https:\\\/\\\/miil.dev.almic.ee\\\/fi\\\/toode\\\/vuokrakontti-nr-181\\\/\",\"url\":\"https:\\\/\\\/miil.dev.almic.ee\\\/fi\\\/toode\\\/vuokrakontti-nr-181\\\/\",\"name\":\"Vuokrakontti nr 181 - Miil O\u00dc\",\"isPartOf\":{\"@id\":\"https:\\\/\\\/miil.dev.almic.ee\\\/#website\"},\"primaryImageOfPage\":{\"@id\":\"https:\\\/\\\/miil.dev.almic.ee\\\/fi\\\/toode\\\/vuokrakontti-nr-181\\\/#primaryimage\"},\"image\":{\"@id\":\"https:\\\/\\\/miil.dev.almic.ee\\\/fi\\\/toode\\\/vuokrakontti-nr-181\\\/#primaryimage\"},\"thumbnailUrl\":\"https:\\\/\\\/miil.dev.almic.ee\\\/wp-content\\\/uploads\\\/2022\\\/07\\\/merekonteinerite-rent-muuk-ost-2.jpg\",\"datePublished\":\"2022-07-14T13:39:49+00:00\",\"dateModified\":\"2024-11-07T09:40:52+00:00\",\"description\":\"Merikontteja vuokrattavana | K\u00e4ytettyjen merikonttien myynti | Kontti myynti | Containex myynti | Merikontti myynti | Merikontti vuokrata |\",\"breadcrumb\":{\"@id\":\"https:\\\/\\\/miil.dev.almic.ee\\\/fi\\\/toode\\\/vuokrakontti-nr-181\\\/#breadcrumb\"},\"inLanguage\":\"fi\",\"potentialAction\":[{\"@type\":\"ReadAction\",\"target\":[\"https:\\\/\\\/miil.dev.almic.ee\\\/fi\\\/toode\\\/vuokrakontti-nr-181\\\/\"]}]},{\"@type\":\"ImageObject\",\"inLanguage\":\"fi\",\"@id\":\"https:\\\/\\\/miil.dev.almic.ee\\\/fi\\\/toode\\\/vuokrakontti-nr-181\\\/#primaryimage\",\"url\":\"https:\\\/\\\/miil.dev.almic.ee\\\/wp-content\\\/uploads\\\/2022\\\/07\\\/merekonteinerite-rent-muuk-ost-2.jpg\",\"contentUrl\":\"https:\\\/\\\/miil.dev.almic.ee\\\/wp-content\\\/uploads\\\/2022\\\/07\\\/merekonteinerite-rent-muuk-ost-2.jpg\",\"width\":1728,\"height\":1296},{\"@type\":\"BreadcrumbList\",\"@id\":\"https:\\\/\\\/miil.dev.almic.ee\\\/fi\\\/toode\\\/vuokrakontti-nr-181\\\/#breadcrumb\",\"itemListElement\":[{\"@type\":\"ListItem\",\"position\":1,\"name\":\"Home\",\"item\":\"https:\\\/\\\/miil.dev.almic.ee\\\/fi\\\/\"},{\"@type\":\"ListItem\",\"position\":2,\"name\":\"Kauppa\",\"item\":\"https:\\\/\\\/miil.dev.almic.ee\\\/fi\\\/kauppa\\\/\"},{\"@type\":\"ListItem\",\"position\":3,\"name\":\"Vuokrakontti nr 181\"}]},{\"@type\":\"WebSite\",\"@id\":\"https:\\\/\\\/miil.dev.almic.ee\\\/#website\",\"url\":\"https:\\\/\\\/miil.dev.almic.ee\\\/\",\"name\":\"Miil O\u00dc\",\"description\":\"Konteinerveod\",\"publisher\":{\"@id\":\"https:\\\/\\\/miil.dev.almic.ee\\\/#organization\"},\"potentialAction\":[{\"@type\":\"SearchAction\",\"target\":{\"@type\":\"EntryPoint\",\"urlTemplate\":\"https:\\\/\\\/miil.dev.almic.ee\\\/?s={search_term_string}\"},\"query-input\":{\"@type\":\"PropertyValueSpecification\",\"valueRequired\":true,\"valueName\":\"search_term_string\"}}],\"inLanguage\":\"fi\"},{\"@type\":\"Organization\",\"@id\":\"https:\\\/\\\/miil.dev.almic.ee\\\/#organization\",\"name\":\"Miil O\u00dc\",\"url\":\"https:\\\/\\\/miil.dev.almic.ee\\\/\",\"logo\":{\"@type\":\"ImageObject\",\"inLanguage\":\"fi\",\"@id\":\"https:\\\/\\\/miil.dev.almic.ee\\\/#\\\/schema\\\/logo\\\/image\\\/\",\"url\":\"https:\\\/\\\/www.miil.ee\\\/wp-content\\\/uploads\\\/2022\\\/02\\\/Miil-logo.svg\",\"contentUrl\":\"https:\\\/\\\/www.miil.ee\\\/wp-content\\\/uploads\\\/2022\\\/02\\\/Miil-logo.svg\",\"width\":\"1024\",\"height\":\"1024\",\"caption\":\"Miil O\u00dc\"},\"image\":{\"@id\":\"https:\\\/\\\/miil.dev.almic.ee\\\/#\\\/schema\\\/logo\\\/image\\\/\"},\"sameAs\":[\"https:\\\/\\\/www.facebook.com\\\/konteinerveod\\\/\",\"https:\\\/\\\/www.instagram.com\\\/ou_miil\\\/\"]}]}<\/script>\n<meta property=\"product:price:amount\" content=\"90.00\" \/>\n<meta property=\"product:price:currency\" content=\"EUR\" \/>\n<meta property=\"og:availability\" content=\"instock\" \/>\n<meta property=\"product:availability\" content=\"instock\" \/>\n<meta property=\"product:condition\" content=\"new\" \/>\n<!-- \/ Yoast SEO Premium plugin. -->","yoast_head_json":{"title":"Vuokrakontti nr 181 - Miil O\u00dc","description":"Merikontteja vuokrattavana | K\u00e4ytettyjen merikonttien myynti | Kontti myynti | Containex myynti | Merikontti myynti | Merikontti vuokrata |","robots":{"index":"index","follow":"follow","max-snippet":"max-snippet:-1","max-image-preview":"max-image-preview:large","max-video-preview":"max-video-preview:-1"},"canonical":"https:\/\/miil.dev.almic.ee\/fi\/toode\/vuokrakontti-nr-181\/","og_locale":"fi_FI","og_type":"article","og_title":"Vuokrakontti nr 181","og_description":"Merikontteja vuokrattavana | K\u00e4ytettyjen merikonttien myynti | Kontti myynti | Containex myynti | Merikontti myynti | Merikontti vuokrata |","og_url":"https:\/\/miil.dev.almic.ee\/fi\/toode\/vuokrakontti-nr-181\/","og_site_name":"Miil O\u00dc","article_publisher":"https:\/\/www.facebook.com\/konteinerveod\/","article_modified_time":"2024-11-07T09:40:52+00:00","og_image":[{"width":1728,"height":1296,"url":"https:\/\/miil.dev.almic.ee\/wp-content\/uploads\/2022\/07\/merekonteinerite-rent-muuk-ost-2.jpg","type":"image\/jpeg"}],"twitter_card":"summary_large_image","twitter_misc":{"Hinta":"90,00&nbsp;&euro;","Saatavuus":"Varastossa"},"schema":{"@context":"https:\/\/schema.org","@graph":[{"@type":"WebPage","@id":"https:\/\/miil.dev.almic.ee\/fi\/toode\/vuokrakontti-nr-181\/","url":"https:\/\/miil.dev.almic.ee\/fi\/toode\/vuokrakontti-nr-181\/","name":"Vuokrakontti nr 181 - Miil O\u00dc","isPartOf":{"@id":"https:\/\/miil.dev.almic.ee\/#website"},"primaryImageOfPage":{"@id":"https:\/\/miil.dev.almic.ee\/fi\/toode\/vuokrakontti-nr-181\/#primaryimage"},"image":{"@id":"https:\/\/miil.dev.almic.ee\/fi\/toode\/vuokrakontti-nr-181\/#primaryimage"},"thumbnailUrl":"https:\/\/miil.dev.almic.ee\/wp-content\/uploads\/2022\/07\/merekonteinerite-rent-muuk-ost-2.jpg","datePublished":"2022-07-14T13:39:49+00:00","dateModified":"2024-11-07T09:40:52+00:00","description":"Merikontteja vuokrattavana | K\u00e4ytettyjen merikonttien myynti | Kontti myynti | Containex myynti | Merikontti myynti | Merikontti vuokrata |","breadcrumb":{"@id":"https:\/\/miil.dev.almic.ee\/fi\/toode\/vuokrakontti-nr-181\/#breadcrumb"},"inLanguage":"fi","potentialAction":[{"@type":"ReadAction","target":["https:\/\/miil.dev.almic.ee\/fi\/toode\/vuokrakontti-nr-181\/"]}]},{"@type":"ImageObject","inLanguage":"fi","@id":"https:\/\/miil.dev.almic.ee\/fi\/toode\/vuokrakontti-nr-181\/#primaryimage","url":"https:\/\/miil.dev.almic.ee\/wp-content\/uploads\/2022\/07\/merekonteinerite-rent-muuk-ost-2.jpg","contentUrl":"https:\/\/miil.dev.almic.ee\/wp-content\/uploads\/2022\/07\/merekonteinerite-rent-muuk-ost-2.jpg","width":1728,"height":1296},{"@type":"BreadcrumbList","@id":"https:\/\/miil.dev.almic.ee\/fi\/toode\/vuokrakontti-nr-181\/#breadcrumb","itemListElement":[{"@type":"ListItem","position":1,"name":"Home","item":"https:\/\/miil.dev.almic.ee\/fi\/"},{"@type":"ListItem","position":2,"name":"Kauppa","item":"https:\/\/miil.dev.almic.ee\/fi\/kauppa\/"},{"@type":"ListItem","position":3,"name":"Vuokrakontti nr 181"}]},{"@type":"WebSite","@id":"https:\/\/miil.dev.almic.ee\/#website","url":"https:\/\/miil.dev.almic.ee\/","name":"Miil O\u00dc","description":"Konteinerveod","publisher":{"@id":"https:\/\/miil.dev.almic.ee\/#organization"},"potentialAction":[{"@type":"SearchAction","target":{"@type":"EntryPoint","urlTemplate":"https:\/\/miil.dev.almic.ee\/?s={search_term_string}"},"query-input":{"@type":"PropertyValueSpecification","valueRequired":true,"valueName":"search_term_string"}}],"inLanguage":"fi"},{"@type":"Organization","@id":"https:\/\/miil.dev.almic.ee\/#organization","name":"Miil O\u00dc","url":"https:\/\/miil.dev.almic.ee\/","logo":{"@type":"ImageObject","inLanguage":"fi","@id":"https:\/\/miil.dev.almic.ee\/#\/schema\/logo\/image\/","url":"https:\/\/www.miil.ee\/wp-content\/uploads\/2022\/02\/Miil-logo.svg","contentUrl":"https:\/\/www.miil.ee\/wp-content\/uploads\/2022\/02\/Miil-logo.svg","width":"1024","height":"1024","caption":"Miil O\u00dc"},"image":{"@id":"https:\/\/miil.dev.almic.ee\/#\/schema\/logo\/image\/"},"sameAs":["https:\/\/www.facebook.com\/konteinerveod\/","https:\/\/www.instagram.com\/ou_miil\/"]}]},"product_price_amount":"90.00","product_price_currency":"EUR","og_availability":"instock","product_availability":"instock","product_condition":"new"},"_links":{"self":[{"href":"https:\/\/miil.dev.almic.ee\/fi\/wp-json\/wp\/v2\/product\/15075","targetHints":{"allow":["GET"]}}],"collection":[{"href":"https:\/\/miil.dev.almic.ee\/fi\/wp-json\/wp\/v2\/product"}],"about":[{"href":"https:\/\/miil.dev.almic.ee\/fi\/wp-json\/wp\/v2\/types\/product"}],"replies":[{"embeddable":true,"href":"https:\/\/miil.dev.almic.ee\/fi\/wp-json\/wp\/v2\/comments?post=15075"}],"wp:featuredmedia":[{"embeddable":true,"href":"https:\/\/miil.dev.almic.ee\/fi\/wp-json\/wp\/v2\/media\/18871"}],"wp:attachment":[{"href":"https:\/\/miil.dev.almic.ee\/fi\/wp-json\/wp\/v2\/media?parent=15075"}],"wp:term":[{"taxonomy":"product_cat","embeddable":true,"href":"https:\/\/miil.dev.almic.ee\/fi\/wp-json\/wp\/v2\/product_cat?post=15075"},{"taxonomy":"product_tag","embeddable":true,"href":"https:\/\/miil.dev.almic.ee\/fi\/wp-json\/wp\/v2\/product_tag?post=15075"}],"curies":[{"name":"wp","href":"https:\/\/api.w.org\/{rel}","templated":true}]}}