{"id":14987,"date":"2022-08-08T16:05:20","date_gmt":"2022-08-08T13:05:20","guid":{"rendered":"https:\/\/www.miil.ee\/toode\/rendikonteiner-nr-190\/"},"modified":"2024-11-07T11:09:06","modified_gmt":"2024-11-07T09:09:06","slug":"vuokrakontti-nr-190","status":"publish","type":"product","link":"https:\/\/miil.dev.almic.ee\/fi\/toode\/vuokrakontti-nr-190\/","title":{"rendered":"Vuokrakontti nr 190"},"content":{"rendered":"<h1>Laadukkaat merikontit vuokralle MIIL.ee:st\u00e4.<\/h1>\n<p>Merikontin vuokra nro. 190 &#8211; Edullinen ja luotettava valinta MIIL.ee:st\u00e4. Vuokraamme laajan valikoiman korkealaatuisia merikontteja, jotka sopivat erilaisiin kuljetus- ja varastointitarpeisiin. Olipa kyseess\u00e4 rahti-, rakennus-, logistiikka- tai muu teollisuus, laaja merikonttivalikoimamme varmistaa, ett\u00e4 sinulla on oikea koko, tyyppi ja kokoonpano projektisi vaatimuksiin.<\/p>\n<p>Merikonttivuokraus nro 190 tarjoaa sinulle joustavan vuokra-ajan, kilpailukykyisen hinnan ja laadukkaan palvelun. Merikonttimme ovat kest\u00e4vi\u00e4, turvallisia ja varustettuja t\u00e4rkeill\u00e4 lis\u00e4ominaisuuksilla, kuten ilmanvaihdolla, lukitusj\u00e4rjestelmill\u00e4 ja sopivilla kiinnikkeill\u00e4. Voit olla varma, ett\u00e4 tavarasi ja materiaalisi ovat hyvin suojattuja ja varastoitu optimaalisissa olosuhteissa.<\/p>\n<p>MIIL.ee on luotettava kumppani merikonttien vuokraamisessa ja myynniss\u00e4. Kokenut tiimimme on erikoistunut merikontteihin ja tarjoaa sinulle laadukkaita tuotteita ja ammattitaitoista palvelua. Olemme valmiita auttamaan sinua l\u00f6yt\u00e4m\u00e4\u00e4n parhaan ratkaisun tarpeidesi ja tavoitteidesi mukaan.<\/p>\n<p>Ota yhteytt\u00e4 jo t\u00e4n\u00e4\u00e4n ja vuokraa merikontti nro 190 MIIL.ee:st\u00e4. Tavoitteenamme on tarjota sinulle luotettava ja k\u00e4tev\u00e4 merikonttivuokrauspalvelu, joka t\u00e4ytt\u00e4\u00e4 odotuksesi ja vaatimukset. Teemme parhaamme varmistaaksemme sujuvan ja tehokkaan konttivuokrauksen, jotta voit keskitty\u00e4 liiketoimintaasi tiet\u00e4en, ett\u00e4 tavarasi ovat luotettavasti varastoituina ja valmiina kuljetettavaksi.<\/p>\n<p>Vieraile verkkosivuillamme <a href=\"http:\/\/miil.ee\">MIIL.ee<\/a> ja tutustu laajaan merikonttivalikoimaamme. Olemme valmiita tarjoamaan sinulle sopivan ratkaisun ja ammattitaitoista neuvontaa merikonttien vuokraukseen liittyen. Luota MIIL.ee:een merikonttitarpeiden t\u00e4ytt\u00e4miseen.<\/p>\n<h2>Merikontin vuokra nro. 190 &#8211; Kuljetus ja nosto?<\/h2>\n<p>Sopivan kontin valinnan j\u00e4lkeen voimme hoitaa pakkaamisen ja kuljetuksen.<br \/>\nK\u00e4yt\u00e4mme kuljetukseen<span>\u00a0<\/span><a href=\"https:\/\/www.miil.ee\/fi\/palvelut\/nosturi\/\">nosturia<\/a><span>\u00a0<\/span>tai<span>\u00a0<\/span><a href=\"https:\/\/www.miil.ee\/fi\/palvelut\/sideloader\/\">sideloader<\/a><br \/>\nmonimutkaisempi kuljetus on mahdollista<span>\u00a0<\/span><a href=\"https:\/\/www.miil.ee\/fi\/palvelut\/ram-kippauslaite\/\">RAM per\u00e4vaunulla<\/a>.<br \/>\nKun olet ostanut sen, s\u00e4ilyt\u00e4mme konttisi terminaalissamme maksutta jopa kuusi kuukautta.<br \/>\nAina on mahdollista sopia pidemm\u00e4st\u00e4kin ajanjaksosta.<br \/>\nEsimerkiksi jos paikka ei ole viel\u00e4 valmis tai k\u00e4ytett\u00e4viss\u00e4 kontin toimittamiseksi.<br \/>\nT\u00e4ll\u00f6in kontin hinta ei muutu ja voit olla varma, ett\u00e4 saat valitun kontin sovittuna aikana.<\/p>\n<h2>Teknologiamme on modernia ja kuljettajamme ovat korkeasti koulutettuja.<\/h2>\n<p>*Merikonttien myynti<br \/>\n* Merikontin vuokraus<br \/>\n* Merikonttien talteenotto<br \/>\n* Merikonttien korjaus<br \/>\n* Merikonttien varastointi<br \/>\n* L\u00e4mmitysakkujen myynti<br \/>\n* l\u00e4mmittimien vuokra<br \/>\n* Pienitalojen myynti<br \/>\n* Vuokraa minitaloja<br \/>\n* Kuljetus<br \/>\n* Varastopalvelu<\/p>\n<ul>\n<li>Parhaan hinnan takuu \u2013 teemme aina parhaan tarjouksen kontista.<\/li>\n<\/ul>\n<p>Seuraa meit\u00e4<span>\u00a0<\/span><a href=\"https:\/\/www.facebook.com\/konteinerveod\/\">Facebook<\/a><span>\u00a0<\/span>tai<span>\u00a0<\/span><a href=\"https:\/\/www.instagram.com\/ou_miil\/\">Instagram<\/a><\/p>\n<p>&nbsp;<\/p>\n<p>&nbsp;<\/p>\n","protected":false},"excerpt":{"rendered":"<p>Laadukkaat merikontit vuokralle MIIL.ee:st\u00e4. Merikontin vuokra nro. 190 &#8211; Edullinen ja luotettava valinta MIIL.ee:st\u00e4. Vuokraamme laajan valikoiman korkealaatuisia merikontteja, jotka sopivat erilaisiin kuljetus- ja varastointitarpeisiin. Olipa kyseess\u00e4 rahti-, rakennus-, logistiikka- tai muu teollisuus, laaja merikonttivalikoimamme varmistaa, ett\u00e4 sinulla on oikea koko, tyyppi ja kokoonpano projektisi vaatimuksiin. Merikonttivuokraus nro 190 tarjoaa sinulle joustavan vuokra-ajan, kilpailukykyisen hinnan&#8230;<\/p>\n","protected":false},"featured_media":12996,"comment_status":"open","ping_status":"closed","template":"","meta":{"_acf_changed":false},"product_cat":[339],"product_tag":[],"class_list":{"0":"post-14987","1":"product","2":"type-product","3":"status-publish","4":"has-post-thumbnail","6":"product_cat-vuokrakontit","8":"first","9":"instock","10":"shipping-taxable","11":"purchasable","12":"product-type-simple"},"acf":[],"yoast_head":"<!-- This site is optimized with the Yoast SEO Premium plugin v23.9 (Yoast SEO v27.5) - https:\/\/yoast.com\/product\/yoast-seo-premium-wordpress\/ -->\n<title>Merikontin vuokra nro. 190 - Miil O\u00dc<\/title>\n<meta name=\"description\" content=\"Merikontin vuokra nro. 190 | K\u00e4ytettyjen merikonttien myynti | Kontti myynti | Containex myynti | Merikontti myynti | Merikontti vuokrata |\" \/>\n<meta name=\"robots\" content=\"index, follow, max-snippet:-1, max-image-preview:large, max-video-preview:-1\" \/>\n<link rel=\"canonical\" href=\"https:\/\/miil.dev.almic.ee\/fi\/toode\/vuokrakontti-nr-190\/\" \/>\n<meta property=\"og:locale\" content=\"fi_FI\" \/>\n<meta property=\"og:type\" content=\"article\" \/>\n<meta property=\"og:title\" content=\"Vuokrakontti nr 190\" \/>\n<meta property=\"og:description\" content=\"Merikontin vuokra nro. 190 | K\u00e4ytettyjen merikonttien myynti | Kontti myynti | Containex myynti | Merikontti myynti | Merikontti vuokrata |\" \/>\n<meta property=\"og:url\" content=\"https:\/\/miil.dev.almic.ee\/fi\/toode\/vuokrakontti-nr-190\/\" \/>\n<meta property=\"og:site_name\" content=\"Miil O\u00dc\" \/>\n<meta property=\"article:publisher\" content=\"https:\/\/www.facebook.com\/konteinerveod\/\" \/>\n<meta property=\"article:modified_time\" content=\"2024-11-07T09:09:06+00:00\" \/>\n<meta property=\"og:image\" content=\"https:\/\/miil.dev.almic.ee\/wp-content\/uploads\/2022\/08\/Konteinerladu-rendi-konteiner-merekonteineri-rent-merekonteinerite-uur-7.jpg\" \/>\n\t<meta property=\"og:image:width\" content=\"1728\" \/>\n\t<meta property=\"og:image:height\" content=\"1296\" \/>\n\t<meta property=\"og:image:type\" content=\"image\/jpeg\" \/>\n<meta name=\"twitter:card\" content=\"summary_large_image\" \/>\n<meta name=\"twitter:label1\" content=\"Hinta\" \/>\n\t<meta name=\"twitter:data1\" content=\"90,00&nbsp;&euro;\" \/>\n\t<meta name=\"twitter:label2\" content=\"Saatavuus\" \/>\n\t<meta name=\"twitter:data2\" content=\"Varastossa\" \/>\n<script type=\"application\/ld+json\" class=\"yoast-schema-graph\">{\"@context\":\"https:\\\/\\\/schema.org\",\"@graph\":[{\"@type\":\"WebPage\",\"@id\":\"https:\\\/\\\/miil.dev.almic.ee\\\/fi\\\/toode\\\/vuokrakontti-nr-190\\\/\",\"url\":\"https:\\\/\\\/miil.dev.almic.ee\\\/fi\\\/toode\\\/vuokrakontti-nr-190\\\/\",\"name\":\"Merikontin vuokra nro. 190 - Miil O\u00dc\",\"isPartOf\":{\"@id\":\"https:\\\/\\\/miil.dev.almic.ee\\\/#website\"},\"primaryImageOfPage\":{\"@id\":\"https:\\\/\\\/miil.dev.almic.ee\\\/fi\\\/toode\\\/vuokrakontti-nr-190\\\/#primaryimage\"},\"image\":{\"@id\":\"https:\\\/\\\/miil.dev.almic.ee\\\/fi\\\/toode\\\/vuokrakontti-nr-190\\\/#primaryimage\"},\"thumbnailUrl\":\"https:\\\/\\\/miil.dev.almic.ee\\\/wp-content\\\/uploads\\\/2022\\\/08\\\/Konteinerladu-rendi-konteiner-merekonteineri-rent-merekonteinerite-uur-7.jpg\",\"datePublished\":\"2022-08-08T13:05:20+00:00\",\"dateModified\":\"2024-11-07T09:09:06+00:00\",\"description\":\"Merikontin vuokra nro. 190 | K\u00e4ytettyjen merikonttien myynti | Kontti myynti | Containex myynti | Merikontti myynti | Merikontti vuokrata |\",\"breadcrumb\":{\"@id\":\"https:\\\/\\\/miil.dev.almic.ee\\\/fi\\\/toode\\\/vuokrakontti-nr-190\\\/#breadcrumb\"},\"inLanguage\":\"fi\",\"potentialAction\":[{\"@type\":\"ReadAction\",\"target\":[\"https:\\\/\\\/miil.dev.almic.ee\\\/fi\\\/toode\\\/vuokrakontti-nr-190\\\/\"]}]},{\"@type\":\"ImageObject\",\"inLanguage\":\"fi\",\"@id\":\"https:\\\/\\\/miil.dev.almic.ee\\\/fi\\\/toode\\\/vuokrakontti-nr-190\\\/#primaryimage\",\"url\":\"https:\\\/\\\/miil.dev.almic.ee\\\/wp-content\\\/uploads\\\/2022\\\/08\\\/Konteinerladu-rendi-konteiner-merekonteineri-rent-merekonteinerite-uur-7.jpg\",\"contentUrl\":\"https:\\\/\\\/miil.dev.almic.ee\\\/wp-content\\\/uploads\\\/2022\\\/08\\\/Konteinerladu-rendi-konteiner-merekonteineri-rent-merekonteinerite-uur-7.jpg\",\"width\":1728,\"height\":1296},{\"@type\":\"BreadcrumbList\",\"@id\":\"https:\\\/\\\/miil.dev.almic.ee\\\/fi\\\/toode\\\/vuokrakontti-nr-190\\\/#breadcrumb\",\"itemListElement\":[{\"@type\":\"ListItem\",\"position\":1,\"name\":\"Home\",\"item\":\"https:\\\/\\\/miil.dev.almic.ee\\\/fi\\\/\"},{\"@type\":\"ListItem\",\"position\":2,\"name\":\"Kauppa\",\"item\":\"https:\\\/\\\/miil.dev.almic.ee\\\/fi\\\/kauppa\\\/\"},{\"@type\":\"ListItem\",\"position\":3,\"name\":\"Vuokrakontti nr 190\"}]},{\"@type\":\"WebSite\",\"@id\":\"https:\\\/\\\/miil.dev.almic.ee\\\/#website\",\"url\":\"https:\\\/\\\/miil.dev.almic.ee\\\/\",\"name\":\"Miil O\u00dc\",\"description\":\"Konteinerveod\",\"publisher\":{\"@id\":\"https:\\\/\\\/miil.dev.almic.ee\\\/#organization\"},\"potentialAction\":[{\"@type\":\"SearchAction\",\"target\":{\"@type\":\"EntryPoint\",\"urlTemplate\":\"https:\\\/\\\/miil.dev.almic.ee\\\/?s={search_term_string}\"},\"query-input\":{\"@type\":\"PropertyValueSpecification\",\"valueRequired\":true,\"valueName\":\"search_term_string\"}}],\"inLanguage\":\"fi\"},{\"@type\":\"Organization\",\"@id\":\"https:\\\/\\\/miil.dev.almic.ee\\\/#organization\",\"name\":\"Miil O\u00dc\",\"url\":\"https:\\\/\\\/miil.dev.almic.ee\\\/\",\"logo\":{\"@type\":\"ImageObject\",\"inLanguage\":\"fi\",\"@id\":\"https:\\\/\\\/miil.dev.almic.ee\\\/#\\\/schema\\\/logo\\\/image\\\/\",\"url\":\"https:\\\/\\\/www.miil.ee\\\/wp-content\\\/uploads\\\/2022\\\/02\\\/Miil-logo.svg\",\"contentUrl\":\"https:\\\/\\\/www.miil.ee\\\/wp-content\\\/uploads\\\/2022\\\/02\\\/Miil-logo.svg\",\"width\":\"1024\",\"height\":\"1024\",\"caption\":\"Miil O\u00dc\"},\"image\":{\"@id\":\"https:\\\/\\\/miil.dev.almic.ee\\\/#\\\/schema\\\/logo\\\/image\\\/\"},\"sameAs\":[\"https:\\\/\\\/www.facebook.com\\\/konteinerveod\\\/\",\"https:\\\/\\\/www.instagram.com\\\/ou_miil\\\/\"]}]}<\/script>\n<meta property=\"product:price:amount\" content=\"90.00\" \/>\n<meta property=\"product:price:currency\" content=\"EUR\" \/>\n<meta property=\"og:availability\" content=\"instock\" \/>\n<meta property=\"product:availability\" content=\"instock\" \/>\n<meta property=\"product:condition\" content=\"new\" \/>\n<!-- \/ Yoast SEO Premium plugin. -->","yoast_head_json":{"title":"Merikontin vuokra nro. 190 - Miil O\u00dc","description":"Merikontin vuokra nro. 190 | K\u00e4ytettyjen merikonttien myynti | Kontti myynti | Containex myynti | Merikontti myynti | Merikontti vuokrata |","robots":{"index":"index","follow":"follow","max-snippet":"max-snippet:-1","max-image-preview":"max-image-preview:large","max-video-preview":"max-video-preview:-1"},"canonical":"https:\/\/miil.dev.almic.ee\/fi\/toode\/vuokrakontti-nr-190\/","og_locale":"fi_FI","og_type":"article","og_title":"Vuokrakontti nr 190","og_description":"Merikontin vuokra nro. 190 | K\u00e4ytettyjen merikonttien myynti | Kontti myynti | Containex myynti | Merikontti myynti | Merikontti vuokrata |","og_url":"https:\/\/miil.dev.almic.ee\/fi\/toode\/vuokrakontti-nr-190\/","og_site_name":"Miil O\u00dc","article_publisher":"https:\/\/www.facebook.com\/konteinerveod\/","article_modified_time":"2024-11-07T09:09:06+00:00","og_image":[{"width":1728,"height":1296,"url":"https:\/\/miil.dev.almic.ee\/wp-content\/uploads\/2022\/08\/Konteinerladu-rendi-konteiner-merekonteineri-rent-merekonteinerite-uur-7.jpg","type":"image\/jpeg"}],"twitter_card":"summary_large_image","twitter_misc":{"Hinta":"90,00&nbsp;&euro;","Saatavuus":"Varastossa"},"schema":{"@context":"https:\/\/schema.org","@graph":[{"@type":"WebPage","@id":"https:\/\/miil.dev.almic.ee\/fi\/toode\/vuokrakontti-nr-190\/","url":"https:\/\/miil.dev.almic.ee\/fi\/toode\/vuokrakontti-nr-190\/","name":"Merikontin vuokra nro. 190 - Miil O\u00dc","isPartOf":{"@id":"https:\/\/miil.dev.almic.ee\/#website"},"primaryImageOfPage":{"@id":"https:\/\/miil.dev.almic.ee\/fi\/toode\/vuokrakontti-nr-190\/#primaryimage"},"image":{"@id":"https:\/\/miil.dev.almic.ee\/fi\/toode\/vuokrakontti-nr-190\/#primaryimage"},"thumbnailUrl":"https:\/\/miil.dev.almic.ee\/wp-content\/uploads\/2022\/08\/Konteinerladu-rendi-konteiner-merekonteineri-rent-merekonteinerite-uur-7.jpg","datePublished":"2022-08-08T13:05:20+00:00","dateModified":"2024-11-07T09:09:06+00:00","description":"Merikontin vuokra nro. 190 | K\u00e4ytettyjen merikonttien myynti | Kontti myynti | Containex myynti | Merikontti myynti | Merikontti vuokrata |","breadcrumb":{"@id":"https:\/\/miil.dev.almic.ee\/fi\/toode\/vuokrakontti-nr-190\/#breadcrumb"},"inLanguage":"fi","potentialAction":[{"@type":"ReadAction","target":["https:\/\/miil.dev.almic.ee\/fi\/toode\/vuokrakontti-nr-190\/"]}]},{"@type":"ImageObject","inLanguage":"fi","@id":"https:\/\/miil.dev.almic.ee\/fi\/toode\/vuokrakontti-nr-190\/#primaryimage","url":"https:\/\/miil.dev.almic.ee\/wp-content\/uploads\/2022\/08\/Konteinerladu-rendi-konteiner-merekonteineri-rent-merekonteinerite-uur-7.jpg","contentUrl":"https:\/\/miil.dev.almic.ee\/wp-content\/uploads\/2022\/08\/Konteinerladu-rendi-konteiner-merekonteineri-rent-merekonteinerite-uur-7.jpg","width":1728,"height":1296},{"@type":"BreadcrumbList","@id":"https:\/\/miil.dev.almic.ee\/fi\/toode\/vuokrakontti-nr-190\/#breadcrumb","itemListElement":[{"@type":"ListItem","position":1,"name":"Home","item":"https:\/\/miil.dev.almic.ee\/fi\/"},{"@type":"ListItem","position":2,"name":"Kauppa","item":"https:\/\/miil.dev.almic.ee\/fi\/kauppa\/"},{"@type":"ListItem","position":3,"name":"Vuokrakontti nr 190"}]},{"@type":"WebSite","@id":"https:\/\/miil.dev.almic.ee\/#website","url":"https:\/\/miil.dev.almic.ee\/","name":"Miil O\u00dc","description":"Konteinerveod","publisher":{"@id":"https:\/\/miil.dev.almic.ee\/#organization"},"potentialAction":[{"@type":"SearchAction","target":{"@type":"EntryPoint","urlTemplate":"https:\/\/miil.dev.almic.ee\/?s={search_term_string}"},"query-input":{"@type":"PropertyValueSpecification","valueRequired":true,"valueName":"search_term_string"}}],"inLanguage":"fi"},{"@type":"Organization","@id":"https:\/\/miil.dev.almic.ee\/#organization","name":"Miil O\u00dc","url":"https:\/\/miil.dev.almic.ee\/","logo":{"@type":"ImageObject","inLanguage":"fi","@id":"https:\/\/miil.dev.almic.ee\/#\/schema\/logo\/image\/","url":"https:\/\/www.miil.ee\/wp-content\/uploads\/2022\/02\/Miil-logo.svg","contentUrl":"https:\/\/www.miil.ee\/wp-content\/uploads\/2022\/02\/Miil-logo.svg","width":"1024","height":"1024","caption":"Miil O\u00dc"},"image":{"@id":"https:\/\/miil.dev.almic.ee\/#\/schema\/logo\/image\/"},"sameAs":["https:\/\/www.facebook.com\/konteinerveod\/","https:\/\/www.instagram.com\/ou_miil\/"]}]},"product_price_amount":"90.00","product_price_currency":"EUR","og_availability":"instock","product_availability":"instock","product_condition":"new"},"_links":{"self":[{"href":"https:\/\/miil.dev.almic.ee\/fi\/wp-json\/wp\/v2\/product\/14987","targetHints":{"allow":["GET"]}}],"collection":[{"href":"https:\/\/miil.dev.almic.ee\/fi\/wp-json\/wp\/v2\/product"}],"about":[{"href":"https:\/\/miil.dev.almic.ee\/fi\/wp-json\/wp\/v2\/types\/product"}],"replies":[{"embeddable":true,"href":"https:\/\/miil.dev.almic.ee\/fi\/wp-json\/wp\/v2\/comments?post=14987"}],"wp:featuredmedia":[{"embeddable":true,"href":"https:\/\/miil.dev.almic.ee\/fi\/wp-json\/wp\/v2\/media\/12996"}],"wp:attachment":[{"href":"https:\/\/miil.dev.almic.ee\/fi\/wp-json\/wp\/v2\/media?parent=14987"}],"wp:term":[{"taxonomy":"product_cat","embeddable":true,"href":"https:\/\/miil.dev.almic.ee\/fi\/wp-json\/wp\/v2\/product_cat?post=14987"},{"taxonomy":"product_tag","embeddable":true,"href":"https:\/\/miil.dev.almic.ee\/fi\/wp-json\/wp\/v2\/product_tag?post=14987"}],"curies":[{"name":"wp","href":"https:\/\/api.w.org\/{rel}","templated":true}]}}