{"id":14935,"date":"2022-08-09T12:05:09","date_gmt":"2022-08-09T09:05:09","guid":{"rendered":"https:\/\/www.miil.ee\/toode\/valikaimla-soojustatud-1200x1400\/"},"modified":"2024-12-10T17:07:57","modified_gmt":"2024-12-10T15:07:57","slug":"ulkokaymala-1200x1400","status":"publish","type":"product","link":"https:\/\/miil.dev.almic.ee\/fi\/toode\/ulkokaymala-1200x1400\/","title":{"rendered":"Ulkok\u00e4ym\u00e4l\u00e4 eristyksen kanssa 1200&#215;1400"},"content":{"rendered":"<h1>Ulkok\u00e4ym\u00e4l\u00e4 &#8211; eristyksen kanssa 1,68 m2<\/h1>\n<p>Lukittavalla ovella varustetussa ulkok\u00e4ym\u00e4l\u00e4ss\u00e4 on l\u00e4mminvesivaraaja, wc, pesuallas ja patteri. Lis\u00e4ksi WC:ss\u00e4 on vaateripustin, s\u00e4hk\u00f6paneeli ja kunnollinen valaistus.<br \/>\nUlkok\u00e4ym\u00e4l\u00e4 on helppo siirt\u00e4\u00e4 trukin tai kuormaimen piikeille suunniteltujen erikoisreikien ansiosta.<\/p>\n<h2>Ulkok\u00e4ym\u00e4l\u00e4 &#8211; M\u00f6kki ja minitalo<\/h2>\n<ul>\n<li>Eristetty hytti ei ole en\u00e4\u00e4 vain tilap\u00e4inen rakennus ty\u00f6maalla, modernit laadukkaat pulttiliit\u00e4nn\u00e4t sopivat mainiosti kes\u00e4m\u00f6kille tai liiketilaan.<\/li>\n<li>Valmis minitalo ei tarvitse perustusta tai rakentajaa \u2013 tilaa ja nauti?<\/li>\n<li>Asennus kest\u00e4\u00e4 alle 30 minuuttia ja talo voi myyd\u00e4 valmiin ratkaisun, mik\u00e4 tarkoittaa, ett\u00e4 se voidaan toimittaa samana p\u00e4iv\u00e4n\u00e4.<\/li>\n<li>Jos haluat valita ikkunan tai oven sijainnin, se vie hieman enemm\u00e4n aikaa.<\/li>\n<li>Lis\u00e4ksi voimme asentaa puuverhoilun, isot ikkunat, nostimen tai vaihtovirtapumpun.<\/li>\n<li>Rullaovinen ohjaamo on avattavissa k\u00e4sin, lis\u00e4maksusta voimme asentaa moottorin ohjauksen kaukos\u00e4\u00e4timell\u00e4, koodilla tai sovelluksella.<\/li>\n<\/ul>\n<h2>Containex Basic ostaa tai vuokrata?<\/h2>\n<p>Myynnin lis\u00e4ksi vuokraamme my\u00f6s m\u00f6kkej\u00e4.<br \/>\nContainex Basic on ihanteellinen vaihtoehto, jos tarvitset m\u00f6kin lyhytaikaiseen rakennusk\u00e4ytt\u00f6\u00f6n tai miksei kausim\u00f6kiksi, toimistoksi tai myyntipisteeksi.<br \/>\nM\u00f6kkien vuokraus on taattu ja l\u00f6yd\u00e4mme jokaiselle asiakkaalle sopivan ratkaisun.<br \/>\nMeilt\u00e4 voit my\u00f6s vuokrata panoraamaikkunoita, puutaloja tai tavallisia l\u00e4mpimi\u00e4 taloja ja minitaloja.<br \/>\nToimitamme toimistokontti ja asennamme sen asiakkaan toiveiden mukaan.<br \/>\nTarjoamme laajan valikoiman yhteisty\u00f6mahdollisuuksia esimerkiksi sesongin ulkopuoliseen varastointiin eri kaupungeissa. Osta nyt, maksa my\u00f6hemmin Inbank.ee:n kautta alennuskoodilla &#8221;Konteiner&#8221;.<br \/>\nJos tarvitset yksi-, kaksi- tai monikerroksisen ratkaisun, olet tullut oikeaan paikkaan!<br \/>\nMik\u00e4\u00e4n projekti ei ole meille liian iso tai pieni, kysy rohkeasti, niin l\u00f6yd\u00e4mme yhdess\u00e4 parhaan ratkaisun.<\/p>\n<p>K\u00e4yt\u00e4mme yleens\u00e4 kuljetukseen nosturia tai sivukuormaajaa.<br \/>\nRatkaisemme vaikeammat paikat auton per\u00e4vaunun avulla.<\/p>\n<p>Seuraa meit\u00e4\u00a0<a href=\"https:\/\/www.facebook.com\/konteinerveod\/\">Facebook<\/a>\u00a0tai\u00a0<a href=\"https:\/\/www.instagram.com\/ou_miil\/\">Instagram<\/a> tai tule katsomaan Valtsi 1, Lagedi omin silmin<\/p>\n","protected":false},"excerpt":{"rendered":"<p>Ulkok\u00e4ym\u00e4l\u00e4 &#8211; eristyksen kanssa 1,68 m2 Lukittavalla ovella varustetussa ulkok\u00e4ym\u00e4l\u00e4ss\u00e4 on l\u00e4mminvesivaraaja, wc, pesuallas ja patteri. Lis\u00e4ksi WC:ss\u00e4 on vaateripustin, s\u00e4hk\u00f6paneeli ja kunnollinen valaistus. Ulkok\u00e4ym\u00e4l\u00e4 on helppo siirt\u00e4\u00e4 trukin tai kuormaimen piikeille suunniteltujen erikoisreikien ansiosta. Ulkok\u00e4ym\u00e4l\u00e4 &#8211; M\u00f6kki ja minitalo Eristetty hytti ei ole en\u00e4\u00e4 vain tilap\u00e4inen rakennus ty\u00f6maalla, modernit laadukkaat pulttiliit\u00e4nn\u00e4t sopivat mainiosti kes\u00e4m\u00f6kille&#8230;<\/p>\n","protected":false},"featured_media":24232,"comment_status":"closed","ping_status":"closed","template":"","meta":{"_acf_changed":false},"product_cat":[343,411],"product_tag":[],"class_list":{"0":"post-14935","1":"product","2":"type-product","3":"status-publish","4":"has-post-thumbnail","6":"product_cat-eristekontit","7":"product_cat-ulkokaymalat","9":"first","10":"instock","11":"sale","12":"shipping-taxable","13":"purchasable","14":"product-type-simple"},"acf":[],"yoast_head":"<!-- This site is optimized with the Yoast SEO Premium plugin v23.9 (Yoast SEO v27.5) - https:\/\/yoast.com\/product\/yoast-seo-premium-wordpress\/ -->\n<title>Ulkok\u00e4ym\u00e4l\u00e4 eristyksen kanssa 1200x1400 - Miil O\u00dc<\/title>\n<meta name=\"description\" content=\"Ulkok\u00e4ym\u00e4l\u00e4 | Minitalot ja -m\u00f6kit | M\u00f6kkien vuokraus ja myynti | Kuljetus ja korjaus | S\u00e4hk\u00f6ty\u00f6t ja l\u00e4mmitys | \u2b50\ufe0f\u2b50\ufe0f\u2b50\ufe0f\u2b50\ufe0f\u2b50\ufe0f\" \/>\n<meta name=\"robots\" content=\"index, follow, max-snippet:-1, max-image-preview:large, max-video-preview:-1\" \/>\n<link rel=\"canonical\" href=\"https:\/\/miil.dev.almic.ee\/fi\/toode\/ulkokaymala-1200x1400\/\" \/>\n<meta property=\"og:locale\" content=\"fi_FI\" \/>\n<meta property=\"og:type\" content=\"article\" \/>\n<meta property=\"og:title\" content=\"Ulkok\u00e4ym\u00e4l\u00e4 eristyksen kanssa 1200x1400\" \/>\n<meta property=\"og:description\" content=\"Ulkok\u00e4ym\u00e4l\u00e4 | Minitalot ja -m\u00f6kit | M\u00f6kkien vuokraus ja myynti | Kuljetus ja korjaus | S\u00e4hk\u00f6ty\u00f6t ja l\u00e4mmitys | \u2b50\ufe0f\u2b50\ufe0f\u2b50\ufe0f\u2b50\ufe0f\u2b50\ufe0f\" \/>\n<meta property=\"og:url\" content=\"https:\/\/miil.dev.almic.ee\/fi\/toode\/ulkokaymala-1200x1400\/\" \/>\n<meta property=\"og:site_name\" content=\"Miil O\u00dc\" \/>\n<meta property=\"article:publisher\" content=\"https:\/\/www.facebook.com\/konteinerveod\/\" \/>\n<meta property=\"article:modified_time\" content=\"2024-12-10T15:07:57+00:00\" \/>\n<meta property=\"og:image\" content=\"https:\/\/miil.dev.almic.ee\/wp-content\/uploads\/2022\/11\/10-2.jpg\" \/>\n\t<meta property=\"og:image:width\" content=\"1296\" \/>\n\t<meta property=\"og:image:height\" content=\"1728\" \/>\n\t<meta property=\"og:image:type\" content=\"image\/jpeg\" \/>\n<meta name=\"twitter:card\" content=\"summary_large_image\" \/>\n<meta name=\"twitter:label1\" content=\"Hinta\" \/>\n\t<meta name=\"twitter:data1\" content=\"3250,00&nbsp;&euro;\" \/>\n\t<meta name=\"twitter:label2\" content=\"Saatavuus\" \/>\n\t<meta name=\"twitter:data2\" content=\"Varastossa\" \/>\n<script type=\"application\/ld+json\" class=\"yoast-schema-graph\">{\"@context\":\"https:\\\/\\\/schema.org\",\"@graph\":[{\"@type\":\"WebPage\",\"@id\":\"https:\\\/\\\/miil.dev.almic.ee\\\/fi\\\/toode\\\/ulkokaymala-1200x1400\\\/\",\"url\":\"https:\\\/\\\/miil.dev.almic.ee\\\/fi\\\/toode\\\/ulkokaymala-1200x1400\\\/\",\"name\":\"Ulkok\u00e4ym\u00e4l\u00e4 eristyksen kanssa 1200x1400 - Miil O\u00dc\",\"isPartOf\":{\"@id\":\"https:\\\/\\\/miil.dev.almic.ee\\\/#website\"},\"primaryImageOfPage\":{\"@id\":\"https:\\\/\\\/miil.dev.almic.ee\\\/fi\\\/toode\\\/ulkokaymala-1200x1400\\\/#primaryimage\"},\"image\":{\"@id\":\"https:\\\/\\\/miil.dev.almic.ee\\\/fi\\\/toode\\\/ulkokaymala-1200x1400\\\/#primaryimage\"},\"thumbnailUrl\":\"https:\\\/\\\/miil.dev.almic.ee\\\/wp-content\\\/uploads\\\/2022\\\/11\\\/10-2.jpg\",\"datePublished\":\"2022-08-09T09:05:09+00:00\",\"dateModified\":\"2024-12-10T15:07:57+00:00\",\"description\":\"Ulkok\u00e4ym\u00e4l\u00e4 | Minitalot ja -m\u00f6kit | M\u00f6kkien vuokraus ja myynti | Kuljetus ja korjaus | S\u00e4hk\u00f6ty\u00f6t ja l\u00e4mmitys | \u2b50\ufe0f\u2b50\ufe0f\u2b50\ufe0f\u2b50\ufe0f\u2b50\ufe0f\",\"breadcrumb\":{\"@id\":\"https:\\\/\\\/miil.dev.almic.ee\\\/fi\\\/toode\\\/ulkokaymala-1200x1400\\\/#breadcrumb\"},\"inLanguage\":\"fi\",\"potentialAction\":[{\"@type\":\"ReadAction\",\"target\":[\"https:\\\/\\\/miil.dev.almic.ee\\\/fi\\\/toode\\\/ulkokaymala-1200x1400\\\/\"]}]},{\"@type\":\"ImageObject\",\"inLanguage\":\"fi\",\"@id\":\"https:\\\/\\\/miil.dev.almic.ee\\\/fi\\\/toode\\\/ulkokaymala-1200x1400\\\/#primaryimage\",\"url\":\"https:\\\/\\\/miil.dev.almic.ee\\\/wp-content\\\/uploads\\\/2022\\\/11\\\/10-2.jpg\",\"contentUrl\":\"https:\\\/\\\/miil.dev.almic.ee\\\/wp-content\\\/uploads\\\/2022\\\/11\\\/10-2.jpg\",\"width\":1296,\"height\":1728},{\"@type\":\"BreadcrumbList\",\"@id\":\"https:\\\/\\\/miil.dev.almic.ee\\\/fi\\\/toode\\\/ulkokaymala-1200x1400\\\/#breadcrumb\",\"itemListElement\":[{\"@type\":\"ListItem\",\"position\":1,\"name\":\"Home\",\"item\":\"https:\\\/\\\/miil.dev.almic.ee\\\/fi\\\/\"},{\"@type\":\"ListItem\",\"position\":2,\"name\":\"Kauppa\",\"item\":\"https:\\\/\\\/miil.dev.almic.ee\\\/fi\\\/kauppa\\\/\"},{\"@type\":\"ListItem\",\"position\":3,\"name\":\"Ulkok\u00e4ym\u00e4l\u00e4 eristyksen kanssa 1200&#215;1400\"}]},{\"@type\":\"WebSite\",\"@id\":\"https:\\\/\\\/miil.dev.almic.ee\\\/#website\",\"url\":\"https:\\\/\\\/miil.dev.almic.ee\\\/\",\"name\":\"Miil O\u00dc\",\"description\":\"Konteinerveod\",\"publisher\":{\"@id\":\"https:\\\/\\\/miil.dev.almic.ee\\\/#organization\"},\"potentialAction\":[{\"@type\":\"SearchAction\",\"target\":{\"@type\":\"EntryPoint\",\"urlTemplate\":\"https:\\\/\\\/miil.dev.almic.ee\\\/?s={search_term_string}\"},\"query-input\":{\"@type\":\"PropertyValueSpecification\",\"valueRequired\":true,\"valueName\":\"search_term_string\"}}],\"inLanguage\":\"fi\"},{\"@type\":\"Organization\",\"@id\":\"https:\\\/\\\/miil.dev.almic.ee\\\/#organization\",\"name\":\"Miil O\u00dc\",\"url\":\"https:\\\/\\\/miil.dev.almic.ee\\\/\",\"logo\":{\"@type\":\"ImageObject\",\"inLanguage\":\"fi\",\"@id\":\"https:\\\/\\\/miil.dev.almic.ee\\\/#\\\/schema\\\/logo\\\/image\\\/\",\"url\":\"https:\\\/\\\/www.miil.ee\\\/wp-content\\\/uploads\\\/2022\\\/02\\\/Miil-logo.svg\",\"contentUrl\":\"https:\\\/\\\/www.miil.ee\\\/wp-content\\\/uploads\\\/2022\\\/02\\\/Miil-logo.svg\",\"width\":\"1024\",\"height\":\"1024\",\"caption\":\"Miil O\u00dc\"},\"image\":{\"@id\":\"https:\\\/\\\/miil.dev.almic.ee\\\/#\\\/schema\\\/logo\\\/image\\\/\"},\"sameAs\":[\"https:\\\/\\\/www.facebook.com\\\/konteinerveod\\\/\",\"https:\\\/\\\/www.instagram.com\\\/ou_miil\\\/\"]}]}<\/script>\n<meta property=\"product:price:amount\" content=\"3250.00\" \/>\n<meta property=\"product:price:currency\" content=\"EUR\" \/>\n<meta property=\"og:availability\" content=\"instock\" \/>\n<meta property=\"product:availability\" content=\"instock\" \/>\n<meta property=\"product:condition\" content=\"new\" \/>\n<!-- \/ Yoast SEO Premium plugin. -->","yoast_head_json":{"title":"Ulkok\u00e4ym\u00e4l\u00e4 eristyksen kanssa 1200x1400 - Miil O\u00dc","description":"Ulkok\u00e4ym\u00e4l\u00e4 | Minitalot ja -m\u00f6kit | M\u00f6kkien vuokraus ja myynti | Kuljetus ja korjaus | S\u00e4hk\u00f6ty\u00f6t ja l\u00e4mmitys | \u2b50\ufe0f\u2b50\ufe0f\u2b50\ufe0f\u2b50\ufe0f\u2b50\ufe0f","robots":{"index":"index","follow":"follow","max-snippet":"max-snippet:-1","max-image-preview":"max-image-preview:large","max-video-preview":"max-video-preview:-1"},"canonical":"https:\/\/miil.dev.almic.ee\/fi\/toode\/ulkokaymala-1200x1400\/","og_locale":"fi_FI","og_type":"article","og_title":"Ulkok\u00e4ym\u00e4l\u00e4 eristyksen kanssa 1200x1400","og_description":"Ulkok\u00e4ym\u00e4l\u00e4 | Minitalot ja -m\u00f6kit | M\u00f6kkien vuokraus ja myynti | Kuljetus ja korjaus | S\u00e4hk\u00f6ty\u00f6t ja l\u00e4mmitys | \u2b50\ufe0f\u2b50\ufe0f\u2b50\ufe0f\u2b50\ufe0f\u2b50\ufe0f","og_url":"https:\/\/miil.dev.almic.ee\/fi\/toode\/ulkokaymala-1200x1400\/","og_site_name":"Miil O\u00dc","article_publisher":"https:\/\/www.facebook.com\/konteinerveod\/","article_modified_time":"2024-12-10T15:07:57+00:00","og_image":[{"width":1296,"height":1728,"url":"https:\/\/miil.dev.almic.ee\/wp-content\/uploads\/2022\/11\/10-2.jpg","type":"image\/jpeg"}],"twitter_card":"summary_large_image","twitter_misc":{"Hinta":"3250,00&nbsp;&euro;","Saatavuus":"Varastossa"},"schema":{"@context":"https:\/\/schema.org","@graph":[{"@type":"WebPage","@id":"https:\/\/miil.dev.almic.ee\/fi\/toode\/ulkokaymala-1200x1400\/","url":"https:\/\/miil.dev.almic.ee\/fi\/toode\/ulkokaymala-1200x1400\/","name":"Ulkok\u00e4ym\u00e4l\u00e4 eristyksen kanssa 1200x1400 - Miil O\u00dc","isPartOf":{"@id":"https:\/\/miil.dev.almic.ee\/#website"},"primaryImageOfPage":{"@id":"https:\/\/miil.dev.almic.ee\/fi\/toode\/ulkokaymala-1200x1400\/#primaryimage"},"image":{"@id":"https:\/\/miil.dev.almic.ee\/fi\/toode\/ulkokaymala-1200x1400\/#primaryimage"},"thumbnailUrl":"https:\/\/miil.dev.almic.ee\/wp-content\/uploads\/2022\/11\/10-2.jpg","datePublished":"2022-08-09T09:05:09+00:00","dateModified":"2024-12-10T15:07:57+00:00","description":"Ulkok\u00e4ym\u00e4l\u00e4 | Minitalot ja -m\u00f6kit | M\u00f6kkien vuokraus ja myynti | Kuljetus ja korjaus | S\u00e4hk\u00f6ty\u00f6t ja l\u00e4mmitys | \u2b50\ufe0f\u2b50\ufe0f\u2b50\ufe0f\u2b50\ufe0f\u2b50\ufe0f","breadcrumb":{"@id":"https:\/\/miil.dev.almic.ee\/fi\/toode\/ulkokaymala-1200x1400\/#breadcrumb"},"inLanguage":"fi","potentialAction":[{"@type":"ReadAction","target":["https:\/\/miil.dev.almic.ee\/fi\/toode\/ulkokaymala-1200x1400\/"]}]},{"@type":"ImageObject","inLanguage":"fi","@id":"https:\/\/miil.dev.almic.ee\/fi\/toode\/ulkokaymala-1200x1400\/#primaryimage","url":"https:\/\/miil.dev.almic.ee\/wp-content\/uploads\/2022\/11\/10-2.jpg","contentUrl":"https:\/\/miil.dev.almic.ee\/wp-content\/uploads\/2022\/11\/10-2.jpg","width":1296,"height":1728},{"@type":"BreadcrumbList","@id":"https:\/\/miil.dev.almic.ee\/fi\/toode\/ulkokaymala-1200x1400\/#breadcrumb","itemListElement":[{"@type":"ListItem","position":1,"name":"Home","item":"https:\/\/miil.dev.almic.ee\/fi\/"},{"@type":"ListItem","position":2,"name":"Kauppa","item":"https:\/\/miil.dev.almic.ee\/fi\/kauppa\/"},{"@type":"ListItem","position":3,"name":"Ulkok\u00e4ym\u00e4l\u00e4 eristyksen kanssa 1200&#215;1400"}]},{"@type":"WebSite","@id":"https:\/\/miil.dev.almic.ee\/#website","url":"https:\/\/miil.dev.almic.ee\/","name":"Miil O\u00dc","description":"Konteinerveod","publisher":{"@id":"https:\/\/miil.dev.almic.ee\/#organization"},"potentialAction":[{"@type":"SearchAction","target":{"@type":"EntryPoint","urlTemplate":"https:\/\/miil.dev.almic.ee\/?s={search_term_string}"},"query-input":{"@type":"PropertyValueSpecification","valueRequired":true,"valueName":"search_term_string"}}],"inLanguage":"fi"},{"@type":"Organization","@id":"https:\/\/miil.dev.almic.ee\/#organization","name":"Miil O\u00dc","url":"https:\/\/miil.dev.almic.ee\/","logo":{"@type":"ImageObject","inLanguage":"fi","@id":"https:\/\/miil.dev.almic.ee\/#\/schema\/logo\/image\/","url":"https:\/\/www.miil.ee\/wp-content\/uploads\/2022\/02\/Miil-logo.svg","contentUrl":"https:\/\/www.miil.ee\/wp-content\/uploads\/2022\/02\/Miil-logo.svg","width":"1024","height":"1024","caption":"Miil O\u00dc"},"image":{"@id":"https:\/\/miil.dev.almic.ee\/#\/schema\/logo\/image\/"},"sameAs":["https:\/\/www.facebook.com\/konteinerveod\/","https:\/\/www.instagram.com\/ou_miil\/"]}]},"product_price_amount":"3250.00","product_price_currency":"EUR","og_availability":"instock","product_availability":"instock","product_condition":"new"},"_links":{"self":[{"href":"https:\/\/miil.dev.almic.ee\/fi\/wp-json\/wp\/v2\/product\/14935","targetHints":{"allow":["GET"]}}],"collection":[{"href":"https:\/\/miil.dev.almic.ee\/fi\/wp-json\/wp\/v2\/product"}],"about":[{"href":"https:\/\/miil.dev.almic.ee\/fi\/wp-json\/wp\/v2\/types\/product"}],"replies":[{"embeddable":true,"href":"https:\/\/miil.dev.almic.ee\/fi\/wp-json\/wp\/v2\/comments?post=14935"}],"wp:featuredmedia":[{"embeddable":true,"href":"https:\/\/miil.dev.almic.ee\/fi\/wp-json\/wp\/v2\/media\/24232"}],"wp:attachment":[{"href":"https:\/\/miil.dev.almic.ee\/fi\/wp-json\/wp\/v2\/media?parent=14935"}],"wp:term":[{"taxonomy":"product_cat","embeddable":true,"href":"https:\/\/miil.dev.almic.ee\/fi\/wp-json\/wp\/v2\/product_cat?post=14935"},{"taxonomy":"product_tag","embeddable":true,"href":"https:\/\/miil.dev.almic.ee\/fi\/wp-json\/wp\/v2\/product_tag?post=14935"}],"curies":[{"name":"wp","href":"https:\/\/api.w.org\/{rel}","templated":true}]}}