{"id":14919,"date":"2022-08-09T12:13:12","date_gmt":"2022-08-09T09:13:12","guid":{"rendered":"https:\/\/www.miil.ee\/toode\/valikaimla-soojustatud-1370x-2370\/"},"modified":"2025-05-14T15:30:54","modified_gmt":"2025-05-14T12:30:54","slug":"valikaimla-soojustatud-1370x-2370","status":"publish","type":"product","link":"https:\/\/miil.dev.almic.ee\/fi\/toode\/valikaimla-soojustatud-1370x-2370\/","title":{"rendered":"Containex-ulkok\u00e4ym\u00e4l\u00e4 l\u00e4mmitetyll\u00e4 suihkulla sininen"},"content":{"rendered":"<h1>Ulkok\u00e4ym\u00e4l\u00e4 l\u00e4mmitetyll\u00e4 suihkulla<\/h1>\n<p>Containex-ulkok\u00e4ym\u00e4l\u00e4 l\u00e4mmitetyll\u00e4 suihkulla &#8211; Mitat 1370&#215;2370, paino noin 750kg.<\/p>\n<p>T\u00e4m\u00e4 suihkulla varustettu wc on nopea ratkaisu suureen ongelmaan.<\/p>\n<p><strong>Huoneen sis\u00e4ll\u00e4 ovat:<\/strong><br \/>\n* Suihku.<br \/>\n*WC\/WC.<br \/>\n* Kattila.<br \/>\n* Tarvittavat putkistot viem\u00e4riin.<br \/>\n* Tuuletus.<br \/>\n* Valaistus.<br \/>\n* s\u00e4hk\u00f6liit\u00e4nn\u00e4t.<br \/>\n* Pesuallas.<br \/>\n* Teline.<br \/>\n* Lukittava etuovi.<br \/>\n* Saatavilla eri v\u00e4rej\u00e4.<br \/>\n* Ikkuna, joka voidaan avata molempiin suuntiin.<\/p>\n<p>Containex-ulkok\u00e4ym\u00e4l\u00e4 eristetyll\u00e4 suihkulla &#8211; laadukas ratkaisu.<\/p>\n<h2>Containex-ulkok\u00e4ym\u00e4l\u00e4 l\u00e4mmitetyll\u00e4 suihkulla &#8211; Tietoja Containexist\u00e4<\/h2>\n<p>Miil on Containexin myyntiedustaja Virossa.<br \/>\nKaikki tuotteet on valmistettu korkealaatuisiksi ja niiss\u00e4 on CE-merkint\u00e4.<br \/>\nT\u00e4m\u00e4 tarkoittaa, ett\u00e4 rakennus on tarkastettu, turvallinen k\u00e4ytt\u00e4\u00e4 ja t\u00e4ytt\u00e4\u00e4 kaikki vaatimukset.<br \/>\nEdustamme koko Containex-tuotevalikoimaa ja eristetyn wc:n lis\u00e4ksi voit tilata meilt\u00e4 esimerkiksi toimistokontti saniteettiruusulla.<\/p>\n<p>M\u00f6kit voidaan yhdist\u00e4\u00e4 toisiinsa isommiksi huoneiksi m\u00f6kiksi tai toimistotilaksi.<br \/>\nViron suurimmat konttirakennukset koostuvat 40-60 huoneesta, jotka on yhdistetty toisiinsa.<br \/>\nLis\u00e4ksi on mahdollista rakentaa toinen tai kolmas kerros.<\/p>\n<p>Asiakkaan tarpeita vastaavat ratkaisut.<br \/>\nL\u00f6yd\u00e4mme sinulle sopivan ratkaisun, halutessasi viimeistelemme rakennuksen ulkopuolelta puurungolla, l\u00f6yd\u00e4mme rakennukselle sopivan v\u00e4rin tai t\u00e4ydenn\u00e4mme sen toiveidesi mukaan.<br \/>\nL\u00e4mmitetty\u00e4 tai eristetty\u00e4 ulkok\u00e4ym\u00e4l\u00e4\u00e4 ostaessa kannattaa ehdottomasti kiinnitt\u00e4\u00e4 huomiota laatuun.<br \/>\nRakennus alkaa katosta ja teemme sen galvanoidusta tai maalatusta pelist\u00e4.<\/p>\n<h2>Kuljetus ja nosto?<\/h2>\n<p>Sopivan kontin valinnan j\u00e4lkeen voimme hoitaa pakkaamisen ja kuljetuksen.<br \/>\nK\u00e4yt\u00e4mme kuljetukseen\u00a0<a href=\"https:\/\/www.miil.ee\/fi\/palvelut\/nosturi\/\">nosturia<\/a>\u00a0tai\u00a0<a href=\"https:\/\/www.miil.ee\/fi\/palvelut\/sideloader\/\">sideloader<\/a><br \/>\nmonimutkaisempi kuljetus on mahdollista\u00a0<a href=\"https:\/\/www.miil.ee\/fi\/palvelut\/ram-kippauslaite\/\">RAM per\u00e4vaunulla<\/a>.<br \/>\nKun olet ostanut sen, s\u00e4ilyt\u00e4mme konttisi terminaalissamme maksutta jopa kuusi kuukautta.<br \/>\nAina on mahdollista sopia pidemm\u00e4st\u00e4kin ajanjaksosta.<br \/>\nEsimerkiksi jos paikka ei ole viel\u00e4 valmis tai k\u00e4ytett\u00e4viss\u00e4 kontin toimittamiseksi.<br \/>\nT\u00e4ll\u00f6in kontin hinta ei muutu ja voit olla varma, ett\u00e4 saat valitun kontin sovittuna aikana.<\/p>\n<ul>\n<li>Parhaan hinnan takuu \u2013 teemme aina parhaan tarjouksen kontista.<\/li>\n<\/ul>\n<p>Seuraa meit\u00e4\u00a0<a href=\"https:\/\/www.facebook.com\/konteinerveod\/\">Facebook<\/a>\u00a0tai\u00a0<a href=\"https:\/\/www.instagram.com\/ou_miil\/\">Instagram<\/a><\/p>\n","protected":false},"excerpt":{"rendered":"<p>Ulkok\u00e4ym\u00e4l\u00e4 l\u00e4mmitetyll\u00e4 suihkulla Containex-ulkok\u00e4ym\u00e4l\u00e4 l\u00e4mmitetyll\u00e4 suihkulla &#8211; Mitat 1370&#215;2370, paino noin 750kg. T\u00e4m\u00e4 suihkulla varustettu wc on nopea ratkaisu suureen ongelmaan. Huoneen sis\u00e4ll\u00e4 ovat: * Suihku. *WC\/WC. * Kattila. * Tarvittavat putkistot viem\u00e4riin. * Tuuletus. * Valaistus. * s\u00e4hk\u00f6liit\u00e4nn\u00e4t. * Pesuallas. * Teline. * Lukittava etuovi. * Saatavilla eri v\u00e4rej\u00e4. * Ikkuna, joka voidaan avata&#8230;<\/p>\n","protected":false},"featured_media":42322,"comment_status":"closed","ping_status":"closed","template":"","meta":{"_acf_changed":false},"product_cat":[343,411],"product_tag":[],"class_list":{"0":"post-14919","1":"product","2":"type-product","3":"status-publish","4":"has-post-thumbnail","6":"product_cat-eristekontit","7":"product_cat-ulkokaymalat","9":"first","10":"instock","11":"shipping-taxable","12":"purchasable","13":"product-type-simple"},"acf":[],"yoast_head":"<!-- This site is optimized with the Yoast SEO Premium plugin v23.9 (Yoast SEO v27.5) - https:\/\/yoast.com\/product\/yoast-seo-premium-wordpress\/ -->\n<title>Containex-ulkok\u00e4ym\u00e4l\u00e4 l\u00e4mmitetyll\u00e4 suihkulla sininen - Miil O\u00dc<\/title>\n<meta name=\"description\" content=\"Containex-ulkok\u00e4ym\u00e4l\u00e4 l\u00e4mmitetyll\u00e4 suihkulla | Minitalot ja -m\u00f6kit | M\u00f6kkien vuokraus ja myynti | Kuljetus ja korjaukset | S\u00e4hk\u00f6ty\u00f6t ja l\u00e4mmitys\" \/>\n<meta name=\"robots\" content=\"index, follow, max-snippet:-1, max-image-preview:large, max-video-preview:-1\" \/>\n<link rel=\"canonical\" href=\"https:\/\/miil.dev.almic.ee\/fi\/toode\/valikaimla-soojustatud-1370x-2370\/\" \/>\n<meta property=\"og:locale\" content=\"fi_FI\" \/>\n<meta property=\"og:type\" content=\"article\" \/>\n<meta property=\"og:title\" content=\"Containex-ulkok\u00e4ym\u00e4l\u00e4 l\u00e4mmitetyll\u00e4 suihkulla sininen\" \/>\n<meta property=\"og:description\" content=\"Containex-ulkok\u00e4ym\u00e4l\u00e4 l\u00e4mmitetyll\u00e4 suihkulla | Minitalot ja -m\u00f6kit | M\u00f6kkien vuokraus ja myynti | Kuljetus ja korjaukset | S\u00e4hk\u00f6ty\u00f6t ja l\u00e4mmitys\" \/>\n<meta property=\"og:url\" content=\"https:\/\/miil.dev.almic.ee\/fi\/toode\/valikaimla-soojustatud-1370x-2370\/\" \/>\n<meta property=\"og:site_name\" content=\"Miil O\u00dc\" \/>\n<meta property=\"article:publisher\" content=\"https:\/\/www.facebook.com\/konteinerveod\/\" \/>\n<meta property=\"article:modified_time\" content=\"2025-05-14T12:30:54+00:00\" \/>\n<meta property=\"og:image\" content=\"https:\/\/miil.dev.almic.ee\/wp-content\/uploads\/2022\/08\/24.jpg\" \/>\n\t<meta property=\"og:image:width\" content=\"1200\" \/>\n\t<meta property=\"og:image:height\" content=\"1600\" \/>\n\t<meta property=\"og:image:type\" content=\"image\/jpeg\" \/>\n<meta name=\"twitter:card\" content=\"summary_large_image\" \/>\n<meta name=\"twitter:label1\" content=\"Hinta\" \/>\n\t<meta name=\"twitter:data1\" content=\"4950,00&nbsp;&euro;\" \/>\n\t<meta name=\"twitter:label2\" content=\"Saatavuus\" \/>\n\t<meta name=\"twitter:data2\" content=\"Varastossa\" \/>\n<script type=\"application\/ld+json\" class=\"yoast-schema-graph\">{\"@context\":\"https:\\\/\\\/schema.org\",\"@graph\":[{\"@type\":\"WebPage\",\"@id\":\"https:\\\/\\\/miil.dev.almic.ee\\\/fi\\\/toode\\\/valikaimla-soojustatud-1370x-2370\\\/\",\"url\":\"https:\\\/\\\/miil.dev.almic.ee\\\/fi\\\/toode\\\/valikaimla-soojustatud-1370x-2370\\\/\",\"name\":\"Containex-ulkok\u00e4ym\u00e4l\u00e4 l\u00e4mmitetyll\u00e4 suihkulla sininen - Miil O\u00dc\",\"isPartOf\":{\"@id\":\"https:\\\/\\\/miil.dev.almic.ee\\\/#website\"},\"primaryImageOfPage\":{\"@id\":\"https:\\\/\\\/miil.dev.almic.ee\\\/fi\\\/toode\\\/valikaimla-soojustatud-1370x-2370\\\/#primaryimage\"},\"image\":{\"@id\":\"https:\\\/\\\/miil.dev.almic.ee\\\/fi\\\/toode\\\/valikaimla-soojustatud-1370x-2370\\\/#primaryimage\"},\"thumbnailUrl\":\"https:\\\/\\\/miil.dev.almic.ee\\\/wp-content\\\/uploads\\\/2022\\\/08\\\/24.jpg\",\"datePublished\":\"2022-08-09T09:13:12+00:00\",\"dateModified\":\"2025-05-14T12:30:54+00:00\",\"description\":\"Containex-ulkok\u00e4ym\u00e4l\u00e4 l\u00e4mmitetyll\u00e4 suihkulla | Minitalot ja -m\u00f6kit | M\u00f6kkien vuokraus ja myynti | Kuljetus ja korjaukset | S\u00e4hk\u00f6ty\u00f6t ja l\u00e4mmitys\",\"breadcrumb\":{\"@id\":\"https:\\\/\\\/miil.dev.almic.ee\\\/fi\\\/toode\\\/valikaimla-soojustatud-1370x-2370\\\/#breadcrumb\"},\"inLanguage\":\"fi\",\"potentialAction\":[{\"@type\":\"ReadAction\",\"target\":[\"https:\\\/\\\/miil.dev.almic.ee\\\/fi\\\/toode\\\/valikaimla-soojustatud-1370x-2370\\\/\"]}]},{\"@type\":\"ImageObject\",\"inLanguage\":\"fi\",\"@id\":\"https:\\\/\\\/miil.dev.almic.ee\\\/fi\\\/toode\\\/valikaimla-soojustatud-1370x-2370\\\/#primaryimage\",\"url\":\"https:\\\/\\\/miil.dev.almic.ee\\\/wp-content\\\/uploads\\\/2022\\\/08\\\/24.jpg\",\"contentUrl\":\"https:\\\/\\\/miil.dev.almic.ee\\\/wp-content\\\/uploads\\\/2022\\\/08\\\/24.jpg\",\"width\":1200,\"height\":1600,\"caption\":\"V\u00e4lik\u00e4imla soojustatud Containex\"},{\"@type\":\"BreadcrumbList\",\"@id\":\"https:\\\/\\\/miil.dev.almic.ee\\\/fi\\\/toode\\\/valikaimla-soojustatud-1370x-2370\\\/#breadcrumb\",\"itemListElement\":[{\"@type\":\"ListItem\",\"position\":1,\"name\":\"Home\",\"item\":\"https:\\\/\\\/miil.dev.almic.ee\\\/fi\\\/\"},{\"@type\":\"ListItem\",\"position\":2,\"name\":\"Kauppa\",\"item\":\"https:\\\/\\\/miil.dev.almic.ee\\\/fi\\\/kauppa\\\/\"},{\"@type\":\"ListItem\",\"position\":3,\"name\":\"Containex-ulkok\u00e4ym\u00e4l\u00e4 l\u00e4mmitetyll\u00e4 suihkulla sininen\"}]},{\"@type\":\"WebSite\",\"@id\":\"https:\\\/\\\/miil.dev.almic.ee\\\/#website\",\"url\":\"https:\\\/\\\/miil.dev.almic.ee\\\/\",\"name\":\"Miil O\u00dc\",\"description\":\"Konteinerveod\",\"publisher\":{\"@id\":\"https:\\\/\\\/miil.dev.almic.ee\\\/#organization\"},\"potentialAction\":[{\"@type\":\"SearchAction\",\"target\":{\"@type\":\"EntryPoint\",\"urlTemplate\":\"https:\\\/\\\/miil.dev.almic.ee\\\/?s={search_term_string}\"},\"query-input\":{\"@type\":\"PropertyValueSpecification\",\"valueRequired\":true,\"valueName\":\"search_term_string\"}}],\"inLanguage\":\"fi\"},{\"@type\":\"Organization\",\"@id\":\"https:\\\/\\\/miil.dev.almic.ee\\\/#organization\",\"name\":\"Miil O\u00dc\",\"url\":\"https:\\\/\\\/miil.dev.almic.ee\\\/\",\"logo\":{\"@type\":\"ImageObject\",\"inLanguage\":\"fi\",\"@id\":\"https:\\\/\\\/miil.dev.almic.ee\\\/#\\\/schema\\\/logo\\\/image\\\/\",\"url\":\"https:\\\/\\\/www.miil.ee\\\/wp-content\\\/uploads\\\/2022\\\/02\\\/Miil-logo.svg\",\"contentUrl\":\"https:\\\/\\\/www.miil.ee\\\/wp-content\\\/uploads\\\/2022\\\/02\\\/Miil-logo.svg\",\"width\":\"1024\",\"height\":\"1024\",\"caption\":\"Miil O\u00dc\"},\"image\":{\"@id\":\"https:\\\/\\\/miil.dev.almic.ee\\\/#\\\/schema\\\/logo\\\/image\\\/\"},\"sameAs\":[\"https:\\\/\\\/www.facebook.com\\\/konteinerveod\\\/\",\"https:\\\/\\\/www.instagram.com\\\/ou_miil\\\/\"]}]}<\/script>\n<meta property=\"product:price:amount\" content=\"4950.00\" \/>\n<meta property=\"product:price:currency\" content=\"EUR\" \/>\n<meta property=\"og:availability\" content=\"instock\" \/>\n<meta property=\"product:availability\" content=\"instock\" \/>\n<meta property=\"product:condition\" content=\"new\" \/>\n<!-- \/ Yoast SEO Premium plugin. -->","yoast_head_json":{"title":"Containex-ulkok\u00e4ym\u00e4l\u00e4 l\u00e4mmitetyll\u00e4 suihkulla sininen - Miil O\u00dc","description":"Containex-ulkok\u00e4ym\u00e4l\u00e4 l\u00e4mmitetyll\u00e4 suihkulla | Minitalot ja -m\u00f6kit | M\u00f6kkien vuokraus ja myynti | Kuljetus ja korjaukset | S\u00e4hk\u00f6ty\u00f6t ja l\u00e4mmitys","robots":{"index":"index","follow":"follow","max-snippet":"max-snippet:-1","max-image-preview":"max-image-preview:large","max-video-preview":"max-video-preview:-1"},"canonical":"https:\/\/miil.dev.almic.ee\/fi\/toode\/valikaimla-soojustatud-1370x-2370\/","og_locale":"fi_FI","og_type":"article","og_title":"Containex-ulkok\u00e4ym\u00e4l\u00e4 l\u00e4mmitetyll\u00e4 suihkulla sininen","og_description":"Containex-ulkok\u00e4ym\u00e4l\u00e4 l\u00e4mmitetyll\u00e4 suihkulla | Minitalot ja -m\u00f6kit | M\u00f6kkien vuokraus ja myynti | Kuljetus ja korjaukset | S\u00e4hk\u00f6ty\u00f6t ja l\u00e4mmitys","og_url":"https:\/\/miil.dev.almic.ee\/fi\/toode\/valikaimla-soojustatud-1370x-2370\/","og_site_name":"Miil O\u00dc","article_publisher":"https:\/\/www.facebook.com\/konteinerveod\/","article_modified_time":"2025-05-14T12:30:54+00:00","og_image":[{"width":1200,"height":1600,"url":"https:\/\/miil.dev.almic.ee\/wp-content\/uploads\/2022\/08\/24.jpg","type":"image\/jpeg"}],"twitter_card":"summary_large_image","twitter_misc":{"Hinta":"4950,00&nbsp;&euro;","Saatavuus":"Varastossa"},"schema":{"@context":"https:\/\/schema.org","@graph":[{"@type":"WebPage","@id":"https:\/\/miil.dev.almic.ee\/fi\/toode\/valikaimla-soojustatud-1370x-2370\/","url":"https:\/\/miil.dev.almic.ee\/fi\/toode\/valikaimla-soojustatud-1370x-2370\/","name":"Containex-ulkok\u00e4ym\u00e4l\u00e4 l\u00e4mmitetyll\u00e4 suihkulla sininen - Miil O\u00dc","isPartOf":{"@id":"https:\/\/miil.dev.almic.ee\/#website"},"primaryImageOfPage":{"@id":"https:\/\/miil.dev.almic.ee\/fi\/toode\/valikaimla-soojustatud-1370x-2370\/#primaryimage"},"image":{"@id":"https:\/\/miil.dev.almic.ee\/fi\/toode\/valikaimla-soojustatud-1370x-2370\/#primaryimage"},"thumbnailUrl":"https:\/\/miil.dev.almic.ee\/wp-content\/uploads\/2022\/08\/24.jpg","datePublished":"2022-08-09T09:13:12+00:00","dateModified":"2025-05-14T12:30:54+00:00","description":"Containex-ulkok\u00e4ym\u00e4l\u00e4 l\u00e4mmitetyll\u00e4 suihkulla | Minitalot ja -m\u00f6kit | M\u00f6kkien vuokraus ja myynti | Kuljetus ja korjaukset | S\u00e4hk\u00f6ty\u00f6t ja l\u00e4mmitys","breadcrumb":{"@id":"https:\/\/miil.dev.almic.ee\/fi\/toode\/valikaimla-soojustatud-1370x-2370\/#breadcrumb"},"inLanguage":"fi","potentialAction":[{"@type":"ReadAction","target":["https:\/\/miil.dev.almic.ee\/fi\/toode\/valikaimla-soojustatud-1370x-2370\/"]}]},{"@type":"ImageObject","inLanguage":"fi","@id":"https:\/\/miil.dev.almic.ee\/fi\/toode\/valikaimla-soojustatud-1370x-2370\/#primaryimage","url":"https:\/\/miil.dev.almic.ee\/wp-content\/uploads\/2022\/08\/24.jpg","contentUrl":"https:\/\/miil.dev.almic.ee\/wp-content\/uploads\/2022\/08\/24.jpg","width":1200,"height":1600,"caption":"V\u00e4lik\u00e4imla soojustatud Containex"},{"@type":"BreadcrumbList","@id":"https:\/\/miil.dev.almic.ee\/fi\/toode\/valikaimla-soojustatud-1370x-2370\/#breadcrumb","itemListElement":[{"@type":"ListItem","position":1,"name":"Home","item":"https:\/\/miil.dev.almic.ee\/fi\/"},{"@type":"ListItem","position":2,"name":"Kauppa","item":"https:\/\/miil.dev.almic.ee\/fi\/kauppa\/"},{"@type":"ListItem","position":3,"name":"Containex-ulkok\u00e4ym\u00e4l\u00e4 l\u00e4mmitetyll\u00e4 suihkulla sininen"}]},{"@type":"WebSite","@id":"https:\/\/miil.dev.almic.ee\/#website","url":"https:\/\/miil.dev.almic.ee\/","name":"Miil O\u00dc","description":"Konteinerveod","publisher":{"@id":"https:\/\/miil.dev.almic.ee\/#organization"},"potentialAction":[{"@type":"SearchAction","target":{"@type":"EntryPoint","urlTemplate":"https:\/\/miil.dev.almic.ee\/?s={search_term_string}"},"query-input":{"@type":"PropertyValueSpecification","valueRequired":true,"valueName":"search_term_string"}}],"inLanguage":"fi"},{"@type":"Organization","@id":"https:\/\/miil.dev.almic.ee\/#organization","name":"Miil O\u00dc","url":"https:\/\/miil.dev.almic.ee\/","logo":{"@type":"ImageObject","inLanguage":"fi","@id":"https:\/\/miil.dev.almic.ee\/#\/schema\/logo\/image\/","url":"https:\/\/www.miil.ee\/wp-content\/uploads\/2022\/02\/Miil-logo.svg","contentUrl":"https:\/\/www.miil.ee\/wp-content\/uploads\/2022\/02\/Miil-logo.svg","width":"1024","height":"1024","caption":"Miil O\u00dc"},"image":{"@id":"https:\/\/miil.dev.almic.ee\/#\/schema\/logo\/image\/"},"sameAs":["https:\/\/www.facebook.com\/konteinerveod\/","https:\/\/www.instagram.com\/ou_miil\/"]}]},"product_price_amount":"4950.00","product_price_currency":"EUR","og_availability":"instock","product_availability":"instock","product_condition":"new"},"_links":{"self":[{"href":"https:\/\/miil.dev.almic.ee\/fi\/wp-json\/wp\/v2\/product\/14919","targetHints":{"allow":["GET"]}}],"collection":[{"href":"https:\/\/miil.dev.almic.ee\/fi\/wp-json\/wp\/v2\/product"}],"about":[{"href":"https:\/\/miil.dev.almic.ee\/fi\/wp-json\/wp\/v2\/types\/product"}],"replies":[{"embeddable":true,"href":"https:\/\/miil.dev.almic.ee\/fi\/wp-json\/wp\/v2\/comments?post=14919"}],"wp:featuredmedia":[{"embeddable":true,"href":"https:\/\/miil.dev.almic.ee\/fi\/wp-json\/wp\/v2\/media\/42322"}],"wp:attachment":[{"href":"https:\/\/miil.dev.almic.ee\/fi\/wp-json\/wp\/v2\/media?parent=14919"}],"wp:term":[{"taxonomy":"product_cat","embeddable":true,"href":"https:\/\/miil.dev.almic.ee\/fi\/wp-json\/wp\/v2\/product_cat?post=14919"},{"taxonomy":"product_tag","embeddable":true,"href":"https:\/\/miil.dev.almic.ee\/fi\/wp-json\/wp\/v2\/product_tag?post=14919"}],"curies":[{"name":"wp","href":"https:\/\/api.w.org\/{rel}","templated":true}]}}