{"id":14912,"date":"2022-08-11T21:38:22","date_gmt":"2022-08-11T18:38:22","guid":{"rendered":"https:\/\/www.miil.ee\/toode\/konteinerladu-keilas\/"},"modified":"2025-01-27T11:23:27","modified_gmt":"2025-01-27T09:23:27","slug":"vuokrakontti-keila","status":"publish","type":"product","link":"https:\/\/miil.dev.almic.ee\/fi\/toode\/vuokrakontti-keila\/","title":{"rendered":"Vuokrakontti KEILA"},"content":{"rendered":"<h1>Konttivarasto &#8211; minivarasto &#8211; KEILA<\/h1>\n<p>Konttivarasto &#8211; minivarasto &#8211; KEILA<br \/>\nKeilassa toimimme osoitteessa Paldiski mnt 35.<br \/>\nHinta 90.- +alv\/kk ja t\u00e4t\u00e4 varten saat uuden 14m2 s\u00e4ilytyslaatikon.<\/p>\n<p>Konttivarasto on paras minivarasto.<br \/>\nAja autosi konttisi ovelle, tavaroita ei tarvitse kantaa minnek\u00e4\u00e4n.<br \/>\nKaikki toimipisteill\u00e4mme vuokrattavat kontit ovat uusia ja tuuletettuja.<br \/>\nBauhofin takana suljetulla alueella sijaitseva minivarasto on nopea ja k\u00e4tev\u00e4 tapa s\u00e4ilytt\u00e4\u00e4 tavaroita.<\/p>\n<h2>Konttivarasto &#8211; minivarasto &#8211; KEILA kuukaudeksi tai kolmeksi vuodeksi?<\/h2>\n<p>Vuokraa minivarasto juuri niin kauan kuin tarvitset.<br \/>\nEmme pakota asiakkaita naimisiin kontin kanssa, voit jatkaa tai irtisanoa vuokrasopimusta milloin tahansa.<br \/>\nMonet asiakkaamme ovat k\u00e4ytt\u00e4neet kontteja jo vuosia, tarvittaessa l\u00f6yd\u00e4mme lis\u00e4hyllyt tai muuttopalvelun.<\/p>\n<p>Jokaisessa uudessa s\u00e4ilytyss\u00e4ili\u00f6ss\u00e4 on:<\/p>\n<ul>\n<li>Lukitussuoja<\/li>\n<li>Lis\u00e4tuuletus<\/li>\n<li>Helppo avattava ovi<\/li>\n<li>S\u00e4ilytyshyllyjen mahdollisuus<\/li>\n<li>Mahdollisuus lis\u00e4valvontaan<\/li>\n<\/ul>\n<p>Minivarasto ei ole l\u00e4mmitetty, mutta se on kuiva ja tuuletettu.<br \/>\nT\u00e4ydellinen huonekalujen, ajoneuvojen, ty\u00f6kalujen, per\u00e4vaunujen tai kaiken muun s\u00e4ilytykseen.<br \/>\nMy\u00f6s uusia huonekaluja varastoidaan ja uuden varaston ansiosta asiakkaan tavaroiden s\u00e4ilyvyys on taattu.<br \/>\nUutta s\u00e4ilytyskonttia myydess\u00e4mme annamme s\u00e4\u00e4nkest\u00e4v\u00e4n takuun v\u00e4hint\u00e4\u00e4n 50 vuodeksi.<br \/>\nTy\u00f6mailla sijaitsevat minivarastot ovat melko uusia tai vain muutaman vuoden vanhoja.<\/p>\n<h2>Minivarasto asiakkaan pihalla?<\/h2>\n<p>Jos haluat vuokrata liikkuvan k\u00e4ytetyn 6 metrin konttiminivaraston, k\u00e4yt\u00e4mme kuljetukseen yleens\u00e4 nosturia tai sivukuormaajaa.<br \/>\nRatkaisemme vaikeammat paikat auton per\u00e4vaunun avulla.<br \/>\nAsiakkaan alueella 6 metrin k\u00e4ytetyn merikonttimme hinta on 50.- +alv\/kk ja 12 metrin merikontin hinta 99.- +alv\/kk.<\/p>\n<p>S\u00e4ili\u00f6 ei tarvitse pohjaa s\u00e4ilytykseen. Voimme jopa asentaa k\u00e4ytetyn kontin p\u00f6yt\u00e4pinon p\u00e4\u00e4lle tai nurmikolle.<br \/>\nAsiakkaan alueella konttia k\u00e4ytet\u00e4\u00e4n esimerkiksi lis\u00e4kuivahuoneena, puun sahaamiseen, materiaalin varastointiin tai huonekalusteiden varastointiin rakentamisen aikana.<br \/>\nS\u00e4ili\u00f6n k\u00e4ytt\u00f6mahdollisuuksia on rajattomasti. Meilt\u00e4 voit my\u00f6s vuokrata l\u00e4mmittimen, jos taloon on tehty iso remontti tai rakentaminen perustuksista alkaen.<\/p>\n<p>K\u00e4yt\u00e4mme kuljetukseen\u00a0<a href=\"https:\/\/www.miil.ee\/fi\/palvelut\/nosturi\/\">nosturia<\/a>\u00a0tai\u00a0<a href=\"https:\/\/www.miil.ee\/fi\/palvelut\/sideloader\/\">sideloader<\/a><br \/>\nmonimutkaisempi kuljetus on mahdollista\u00a0<a href=\"https:\/\/www.miil.ee\/fi\/palvelut\/ram-kippauslaite\/\">RAM per\u00e4vaunulla<\/a>.<\/p>\n<p>Konttivarastoa vuokrataan my\u00f6s kausiluonteisesti, esimerkiksi myym\u00e4l\u00e4n lis\u00e4myym\u00e4l\u00e4ksi tai talvikauden harrastusajoneuvon s\u00e4ilytykseen.<br \/>\nS\u00e4ili\u00f6 on nopein ja edullisin tapa s\u00e4ilytt\u00e4\u00e4 tavarat k\u00e4tev\u00e4sti. Kontin lattialle mahtuu jopa 30 tonnia tavaraa, ja kotik\u00e4ytt\u00f6\u00f6n on vaikea l\u00f6yt\u00e4\u00e4 sellaista m\u00e4\u00e4r\u00e4\u00e4. Esimerkiksi auto painaa vain noin 2 tonnia.<\/p>\n<p>Sopimusta voidaan jatkaa tai irtisanoa milloin tahansa.<\/p>\n<p>Seuraa meit\u00e4 <a href=\"https:\/\/www.facebook.com\/konteinerveod\/\">Facebook<\/a> tai <a href=\"https:\/\/www.instagram.com\/ou_miil\/\">Instagram<\/a><\/p>\n","protected":false},"excerpt":{"rendered":"<p>Keilassa Virossa sijaitseva konttivarastomme on hyv\u00e4 vaihtoehto lis\u00e4varastolle. Turvallinen ratkaisu CCTV-kameravalvontaan aidan ymp\u00e4r\u00f6im\u00e4n\u00e4. Sopii kaikenlaisiin tuotteisiin &#8211; sesonkitavaroihin, yrityksesi tuotteisiin, huonekaluihin tai mihin tahansa muuhun.<\/p>\n","protected":false},"featured_media":13680,"comment_status":"open","ping_status":"closed","template":"","meta":{"_acf_changed":false},"product_cat":[339,1039],"product_tag":[],"class_list":{"0":"post-14912","1":"product","2":"type-product","3":"status-publish","4":"has-post-thumbnail","6":"product_cat-vuokrakontit","7":"product_cat-minivarasto","9":"first","10":"instock","11":"shipping-taxable","12":"purchasable","13":"product-type-simple"},"acf":[],"yoast_head":"<!-- This site is optimized with the Yoast SEO Premium plugin v23.9 (Yoast SEO v27.5) - https:\/\/yoast.com\/product\/yoast-seo-premium-wordpress\/ -->\n<title>minivarasto - KEILA - Miil O\u00dc<\/title>\n<meta name=\"description\" content=\"minivarasto - KEILA | K\u00e4ytettyjen merikonttien Konttivarasto - minivarasto | Kontti myynti | Containex myynti | Merikontti myynti | Terminaalipalvelut\" \/>\n<meta name=\"robots\" content=\"index, follow, max-snippet:-1, max-image-preview:large, max-video-preview:-1\" \/>\n<link rel=\"canonical\" href=\"https:\/\/miil.dev.almic.ee\/fi\/toode\/vuokrakontti-keila\/\" \/>\n<meta property=\"og:locale\" content=\"fi_FI\" \/>\n<meta property=\"og:type\" content=\"article\" \/>\n<meta property=\"og:title\" content=\"Vuokrakontti KEILA\" \/>\n<meta property=\"og:description\" content=\"minivarasto - KEILA | K\u00e4ytettyjen merikonttien Konttivarasto - minivarasto | Kontti myynti | Containex myynti | Merikontti myynti | Terminaalipalvelut\" \/>\n<meta property=\"og:url\" content=\"https:\/\/miil.dev.almic.ee\/fi\/toode\/vuokrakontti-keila\/\" \/>\n<meta property=\"og:site_name\" content=\"Miil O\u00dc\" \/>\n<meta property=\"article:publisher\" content=\"https:\/\/www.facebook.com\/konteinerveod\/\" \/>\n<meta property=\"article:modified_time\" content=\"2025-01-27T09:23:27+00:00\" \/>\n<meta property=\"og:image\" content=\"https:\/\/miil.dev.almic.ee\/wp-content\/uploads\/2022\/08\/156837844_440040913937687_1468269197405434615_n-scaled.jpg\" \/>\n\t<meta property=\"og:image:width\" content=\"1900\" \/>\n\t<meta property=\"og:image:height\" content=\"1425\" \/>\n\t<meta property=\"og:image:type\" content=\"image\/jpeg\" \/>\n<meta name=\"twitter:card\" content=\"summary_large_image\" \/>\n<meta name=\"twitter:label1\" content=\"Hinta\" \/>\n\t<meta name=\"twitter:data1\" content=\"90,00&nbsp;&euro;\" \/>\n\t<meta name=\"twitter:label2\" content=\"Saatavuus\" \/>\n\t<meta name=\"twitter:data2\" content=\"Varastossa\" \/>\n<script type=\"application\/ld+json\" class=\"yoast-schema-graph\">{\"@context\":\"https:\\\/\\\/schema.org\",\"@graph\":[{\"@type\":\"WebPage\",\"@id\":\"https:\\\/\\\/miil.dev.almic.ee\\\/fi\\\/toode\\\/vuokrakontti-keila\\\/\",\"url\":\"https:\\\/\\\/miil.dev.almic.ee\\\/fi\\\/toode\\\/vuokrakontti-keila\\\/\",\"name\":\"minivarasto - KEILA - Miil O\u00dc\",\"isPartOf\":{\"@id\":\"https:\\\/\\\/miil.dev.almic.ee\\\/#website\"},\"primaryImageOfPage\":{\"@id\":\"https:\\\/\\\/miil.dev.almic.ee\\\/fi\\\/toode\\\/vuokrakontti-keila\\\/#primaryimage\"},\"image\":{\"@id\":\"https:\\\/\\\/miil.dev.almic.ee\\\/fi\\\/toode\\\/vuokrakontti-keila\\\/#primaryimage\"},\"thumbnailUrl\":\"https:\\\/\\\/miil.dev.almic.ee\\\/wp-content\\\/uploads\\\/2022\\\/08\\\/156837844_440040913937687_1468269197405434615_n-scaled.jpg\",\"datePublished\":\"2022-08-11T18:38:22+00:00\",\"dateModified\":\"2025-01-27T09:23:27+00:00\",\"description\":\"minivarasto - KEILA | K\u00e4ytettyjen merikonttien Konttivarasto - minivarasto | Kontti myynti | Containex myynti | Merikontti myynti | Terminaalipalvelut\",\"breadcrumb\":{\"@id\":\"https:\\\/\\\/miil.dev.almic.ee\\\/fi\\\/toode\\\/vuokrakontti-keila\\\/#breadcrumb\"},\"inLanguage\":\"fi\",\"potentialAction\":[{\"@type\":\"ReadAction\",\"target\":[\"https:\\\/\\\/miil.dev.almic.ee\\\/fi\\\/toode\\\/vuokrakontti-keila\\\/\"]}]},{\"@type\":\"ImageObject\",\"inLanguage\":\"fi\",\"@id\":\"https:\\\/\\\/miil.dev.almic.ee\\\/fi\\\/toode\\\/vuokrakontti-keila\\\/#primaryimage\",\"url\":\"https:\\\/\\\/miil.dev.almic.ee\\\/wp-content\\\/uploads\\\/2022\\\/08\\\/156837844_440040913937687_1468269197405434615_n-scaled.jpg\",\"contentUrl\":\"https:\\\/\\\/miil.dev.almic.ee\\\/wp-content\\\/uploads\\\/2022\\\/08\\\/156837844_440040913937687_1468269197405434615_n-scaled.jpg\",\"width\":1900,\"height\":1425,\"caption\":\"Konteinerladu - miniladu - nutiladu - KEILA\"},{\"@type\":\"BreadcrumbList\",\"@id\":\"https:\\\/\\\/miil.dev.almic.ee\\\/fi\\\/toode\\\/vuokrakontti-keila\\\/#breadcrumb\",\"itemListElement\":[{\"@type\":\"ListItem\",\"position\":1,\"name\":\"Home\",\"item\":\"https:\\\/\\\/miil.dev.almic.ee\\\/fi\\\/\"},{\"@type\":\"ListItem\",\"position\":2,\"name\":\"Kauppa\",\"item\":\"https:\\\/\\\/miil.dev.almic.ee\\\/fi\\\/kauppa\\\/\"},{\"@type\":\"ListItem\",\"position\":3,\"name\":\"Vuokrakontti KEILA\"}]},{\"@type\":\"WebSite\",\"@id\":\"https:\\\/\\\/miil.dev.almic.ee\\\/#website\",\"url\":\"https:\\\/\\\/miil.dev.almic.ee\\\/\",\"name\":\"Miil O\u00dc\",\"description\":\"Konteinerveod\",\"publisher\":{\"@id\":\"https:\\\/\\\/miil.dev.almic.ee\\\/#organization\"},\"potentialAction\":[{\"@type\":\"SearchAction\",\"target\":{\"@type\":\"EntryPoint\",\"urlTemplate\":\"https:\\\/\\\/miil.dev.almic.ee\\\/?s={search_term_string}\"},\"query-input\":{\"@type\":\"PropertyValueSpecification\",\"valueRequired\":true,\"valueName\":\"search_term_string\"}}],\"inLanguage\":\"fi\"},{\"@type\":\"Organization\",\"@id\":\"https:\\\/\\\/miil.dev.almic.ee\\\/#organization\",\"name\":\"Miil O\u00dc\",\"url\":\"https:\\\/\\\/miil.dev.almic.ee\\\/\",\"logo\":{\"@type\":\"ImageObject\",\"inLanguage\":\"fi\",\"@id\":\"https:\\\/\\\/miil.dev.almic.ee\\\/#\\\/schema\\\/logo\\\/image\\\/\",\"url\":\"https:\\\/\\\/www.miil.ee\\\/wp-content\\\/uploads\\\/2022\\\/02\\\/Miil-logo.svg\",\"contentUrl\":\"https:\\\/\\\/www.miil.ee\\\/wp-content\\\/uploads\\\/2022\\\/02\\\/Miil-logo.svg\",\"width\":\"1024\",\"height\":\"1024\",\"caption\":\"Miil O\u00dc\"},\"image\":{\"@id\":\"https:\\\/\\\/miil.dev.almic.ee\\\/#\\\/schema\\\/logo\\\/image\\\/\"},\"sameAs\":[\"https:\\\/\\\/www.facebook.com\\\/konteinerveod\\\/\",\"https:\\\/\\\/www.instagram.com\\\/ou_miil\\\/\"]}]}<\/script>\n<meta property=\"product:price:amount\" content=\"90.00\" \/>\n<meta property=\"product:price:currency\" content=\"EUR\" \/>\n<meta property=\"og:availability\" content=\"instock\" \/>\n<meta property=\"product:availability\" content=\"instock\" \/>\n<meta property=\"product:condition\" content=\"new\" \/>\n<!-- \/ Yoast SEO Premium plugin. -->","yoast_head_json":{"title":"minivarasto - KEILA - Miil O\u00dc","description":"minivarasto - KEILA | K\u00e4ytettyjen merikonttien Konttivarasto - minivarasto | Kontti myynti | Containex myynti | Merikontti myynti | Terminaalipalvelut","robots":{"index":"index","follow":"follow","max-snippet":"max-snippet:-1","max-image-preview":"max-image-preview:large","max-video-preview":"max-video-preview:-1"},"canonical":"https:\/\/miil.dev.almic.ee\/fi\/toode\/vuokrakontti-keila\/","og_locale":"fi_FI","og_type":"article","og_title":"Vuokrakontti KEILA","og_description":"minivarasto - KEILA | K\u00e4ytettyjen merikonttien Konttivarasto - minivarasto | Kontti myynti | Containex myynti | Merikontti myynti | Terminaalipalvelut","og_url":"https:\/\/miil.dev.almic.ee\/fi\/toode\/vuokrakontti-keila\/","og_site_name":"Miil O\u00dc","article_publisher":"https:\/\/www.facebook.com\/konteinerveod\/","article_modified_time":"2025-01-27T09:23:27+00:00","og_image":[{"width":1900,"height":1425,"url":"https:\/\/miil.dev.almic.ee\/wp-content\/uploads\/2022\/08\/156837844_440040913937687_1468269197405434615_n-scaled.jpg","type":"image\/jpeg"}],"twitter_card":"summary_large_image","twitter_misc":{"Hinta":"90,00&nbsp;&euro;","Saatavuus":"Varastossa"},"schema":{"@context":"https:\/\/schema.org","@graph":[{"@type":"WebPage","@id":"https:\/\/miil.dev.almic.ee\/fi\/toode\/vuokrakontti-keila\/","url":"https:\/\/miil.dev.almic.ee\/fi\/toode\/vuokrakontti-keila\/","name":"minivarasto - KEILA - Miil O\u00dc","isPartOf":{"@id":"https:\/\/miil.dev.almic.ee\/#website"},"primaryImageOfPage":{"@id":"https:\/\/miil.dev.almic.ee\/fi\/toode\/vuokrakontti-keila\/#primaryimage"},"image":{"@id":"https:\/\/miil.dev.almic.ee\/fi\/toode\/vuokrakontti-keila\/#primaryimage"},"thumbnailUrl":"https:\/\/miil.dev.almic.ee\/wp-content\/uploads\/2022\/08\/156837844_440040913937687_1468269197405434615_n-scaled.jpg","datePublished":"2022-08-11T18:38:22+00:00","dateModified":"2025-01-27T09:23:27+00:00","description":"minivarasto - KEILA | K\u00e4ytettyjen merikonttien Konttivarasto - minivarasto | Kontti myynti | Containex myynti | Merikontti myynti | Terminaalipalvelut","breadcrumb":{"@id":"https:\/\/miil.dev.almic.ee\/fi\/toode\/vuokrakontti-keila\/#breadcrumb"},"inLanguage":"fi","potentialAction":[{"@type":"ReadAction","target":["https:\/\/miil.dev.almic.ee\/fi\/toode\/vuokrakontti-keila\/"]}]},{"@type":"ImageObject","inLanguage":"fi","@id":"https:\/\/miil.dev.almic.ee\/fi\/toode\/vuokrakontti-keila\/#primaryimage","url":"https:\/\/miil.dev.almic.ee\/wp-content\/uploads\/2022\/08\/156837844_440040913937687_1468269197405434615_n-scaled.jpg","contentUrl":"https:\/\/miil.dev.almic.ee\/wp-content\/uploads\/2022\/08\/156837844_440040913937687_1468269197405434615_n-scaled.jpg","width":1900,"height":1425,"caption":"Konteinerladu - miniladu - nutiladu - KEILA"},{"@type":"BreadcrumbList","@id":"https:\/\/miil.dev.almic.ee\/fi\/toode\/vuokrakontti-keila\/#breadcrumb","itemListElement":[{"@type":"ListItem","position":1,"name":"Home","item":"https:\/\/miil.dev.almic.ee\/fi\/"},{"@type":"ListItem","position":2,"name":"Kauppa","item":"https:\/\/miil.dev.almic.ee\/fi\/kauppa\/"},{"@type":"ListItem","position":3,"name":"Vuokrakontti KEILA"}]},{"@type":"WebSite","@id":"https:\/\/miil.dev.almic.ee\/#website","url":"https:\/\/miil.dev.almic.ee\/","name":"Miil O\u00dc","description":"Konteinerveod","publisher":{"@id":"https:\/\/miil.dev.almic.ee\/#organization"},"potentialAction":[{"@type":"SearchAction","target":{"@type":"EntryPoint","urlTemplate":"https:\/\/miil.dev.almic.ee\/?s={search_term_string}"},"query-input":{"@type":"PropertyValueSpecification","valueRequired":true,"valueName":"search_term_string"}}],"inLanguage":"fi"},{"@type":"Organization","@id":"https:\/\/miil.dev.almic.ee\/#organization","name":"Miil O\u00dc","url":"https:\/\/miil.dev.almic.ee\/","logo":{"@type":"ImageObject","inLanguage":"fi","@id":"https:\/\/miil.dev.almic.ee\/#\/schema\/logo\/image\/","url":"https:\/\/www.miil.ee\/wp-content\/uploads\/2022\/02\/Miil-logo.svg","contentUrl":"https:\/\/www.miil.ee\/wp-content\/uploads\/2022\/02\/Miil-logo.svg","width":"1024","height":"1024","caption":"Miil O\u00dc"},"image":{"@id":"https:\/\/miil.dev.almic.ee\/#\/schema\/logo\/image\/"},"sameAs":["https:\/\/www.facebook.com\/konteinerveod\/","https:\/\/www.instagram.com\/ou_miil\/"]}]},"product_price_amount":"90.00","product_price_currency":"EUR","og_availability":"instock","product_availability":"instock","product_condition":"new"},"_links":{"self":[{"href":"https:\/\/miil.dev.almic.ee\/fi\/wp-json\/wp\/v2\/product\/14912","targetHints":{"allow":["GET"]}}],"collection":[{"href":"https:\/\/miil.dev.almic.ee\/fi\/wp-json\/wp\/v2\/product"}],"about":[{"href":"https:\/\/miil.dev.almic.ee\/fi\/wp-json\/wp\/v2\/types\/product"}],"replies":[{"embeddable":true,"href":"https:\/\/miil.dev.almic.ee\/fi\/wp-json\/wp\/v2\/comments?post=14912"}],"wp:featuredmedia":[{"embeddable":true,"href":"https:\/\/miil.dev.almic.ee\/fi\/wp-json\/wp\/v2\/media\/13680"}],"wp:attachment":[{"href":"https:\/\/miil.dev.almic.ee\/fi\/wp-json\/wp\/v2\/media?parent=14912"}],"wp:term":[{"taxonomy":"product_cat","embeddable":true,"href":"https:\/\/miil.dev.almic.ee\/fi\/wp-json\/wp\/v2\/product_cat?post=14912"},{"taxonomy":"product_tag","embeddable":true,"href":"https:\/\/miil.dev.almic.ee\/fi\/wp-json\/wp\/v2\/product_tag?post=14912"}],"curies":[{"name":"wp","href":"https:\/\/api.w.org\/{rel}","templated":true}]}}