{"id":14906,"date":"2022-08-11T21:49:47","date_gmt":"2022-08-11T18:49:47","guid":{"rendered":"https:\/\/www.miil.ee\/toode\/konteinerladu-tartus\/"},"modified":"2025-01-22T16:56:14","modified_gmt":"2025-01-22T14:56:14","slug":"minivarasto-tartu","status":"publish","type":"product","link":"https:\/\/miil.dev.almic.ee\/fi\/toode\/minivarasto-tartu\/","title":{"rendered":"Minivarasto TARTU &#8211; T\u00e4he 114c"},"content":{"rendered":"<h1>Konttivarasto Tartto<\/h1>\n<p>Minivarasto TARTU sijaitsee Ikean v\u00e4litt\u00f6m\u00e4ss\u00e4 l\u00e4heisyydess\u00e4 ja logistisesti erinomaisella paikalla.<br \/>\nOsoite T\u00e4he 114c, Tartto.<br \/>\nT\u00e4m\u00e4 sijainti on muutaman minuutin p\u00e4\u00e4ss\u00e4 keskustasta.<br \/>\nSijainti p\u00e4\u00e4tien varrella mahdollistaa nopean p\u00e4\u00e4syn eri paikkoihin.<br \/>\nKonttivarastoon voi varastoida kaikkea, huonekaluista ajoneuvoihin ja muihin tavaroihin.<br \/>\nVarastomme ovat uusia, turvallisia, helposti saavutettavia ja k\u00e4tevi\u00e4 k\u00e4ytt\u00e4\u00e4.<\/p>\n<p>S\u00e4ili\u00f6n avaamisen helpottamiseksi ne on rakennettu helposti avattavalla j\u00e4rjestelm\u00e4ll\u00e4.<br \/>\nKontin ovien keskell\u00e4 on lukkosuojaus turvallisuuden lis\u00e4\u00e4miseksi, alue on videovalvottu ja sinne p\u00e4\u00e4see 24\/7.<\/p>\n<h2>Ostit uusia huonekaluja, eik\u00e4 vanhaa ole miss\u00e4\u00e4n s\u00e4ilytett\u00e4v\u00e4?<\/h2>\n<p>S\u00e4ilyt\u00e4 pieni s\u00e4ilytystila ja k\u00e4yt\u00e4 sit\u00e4 tarvittaessa.<br \/>\nAjoneuvon voi tarvittaessa my\u00f6s varastoida varastoon talveksi.<\/p>\n<p>Minivarastoissamme ei ole ylim\u00e4\u00e4r\u00e4isi\u00e4 kuluja eik\u00e4 piilomaksuja.<br \/>\nLumenpoisto, valaistus, portin avaaminen puhelimesta, videovalvonta ja kaikki muu sis\u00e4ltyv\u00e4t jo hintaan.<br \/>\nSopimusta voidaan jatkaa ja irtisanoa milloin tahansa.<\/p>\n<p>Olemme joustava konttivarasto, ja meilt\u00e4 l\u00f6yd\u00e4t sek\u00e4 muuttotavaran ett\u00e4 lupakontin sinulle sopivasta paikasta.<br \/>\nJos haluat s\u00e4ilytt\u00e4\u00e4 tavaroita laadukkaasti ja kohtuulliseen hintaan, pieni varasto on ehdottomasti hy\u00f6dyllinen.<br \/>\nMeill\u00e4 on muutama pienempi osasto, mutta varaston keskikoko on noin 14m2, johon mahtuu niin autot kuin huonekalutkin.<\/p>\n<h2>Kontti tai toimistom\u00f6kki.<\/h2>\n<p>Varastojen lis\u00e4ksi meilt\u00e4 l\u00f6yd\u00e4t my\u00f6s toimistom\u00f6kit, ulkok\u00e4ym\u00e4l\u00e4t, kontit, vajat, kuljetukset ja paljon muuta.<br \/>\nToimistotalo sopii tilap\u00e4iseen asumiseen, lis\u00e4tilaa rakentamiseen tai vaikka m\u00f6kille.<br \/>\nVoimme viimeistell\u00e4 m\u00f6kin asiakkaan toiveiden mukaan ja kuljettaa sen haluttuun paikkaan.<br \/>\nVuokraamme kontin asiakkaan alueella parhailla ehdoilla ja tavarat ovat tuttuun tapaan laadukkaita ja siistej\u00e4.<\/p>\n<h2>Minivarasto TARTU &#8211; Konttivarasto Tartossa asiakkaiden pihalla?<\/h2>\n<p>Konttivaraston l\u00f6yd\u00e4t pihaltasi eritt\u00e4in edulliseen hintaan.<\/p>\n<ul>\n<li>Vuokraamme kontin, tuomme sen asiakkaalle ja asennamme &#8211; Pieni varasto aivan pihallesi.<\/li>\n<li>S\u00e4ili\u00f6 ei tarvitse perustaa tai eritt\u00e4in vahvaa pintaa. Voidaan asentaa vapaasti nurmikolle.<\/li>\n<li>S\u00e4ili\u00f6 on turvallinen, s\u00e4\u00e4nkest\u00e4v\u00e4, vahva ja laadukas.<\/li>\n<li>Voit olla varma, ett\u00e4 l\u00f6yd\u00e4t joustavat vuokraehdot ja kunnolliset minivarastot jokaiseen tarpeeseen.<\/li>\n<li>Palvelemme kaikkialla Virossa.<\/li>\n<\/ul>\n<p><span>K\u00e4yt\u00e4mme kuljetukseen\u00a0<\/span><a href=\"https:\/\/www.miil.ee\/fi\/palvelut\/nosturi\/\">nosturia<\/a><span>\u00a0tai\u00a0<\/span><a href=\"https:\/\/www.miil.ee\/fi\/palvelut\/sideloader\/\">sideloader<\/a><br \/>\n<span>Monimutkaisempi kuljetus on mahdollista <\/span><a href=\"https:\/\/www.miil.ee\/fi\/palvelut\/ram-kippauslaite\/\">RAM per\u00e4vaunulla<\/a><span>.<\/span><\/p>\n<p>Seuraa meit\u00e4 <a href=\"https:\/\/www.facebook.com\/konteinerveod\/\">Facebook<\/a> tai <a href=\"https:\/\/www.instagram.com\/ou_miil\/\">Instagram<\/a><\/p>\n","protected":false},"excerpt":{"rendered":"<p>Pienoisvarasto Tartto sijaitsee osoitteessa T\u00e4he 114c, Tartto. Nopea ja k\u00e4tev\u00e4 ratkaisu tavaroiden s\u00e4ilytt\u00e4miseen. S\u00e4ilyt\u00e4 varastosi, talvirenkaasi tai mit\u00e4 tahansa muuta, mit\u00e4 saatat tarvita. Minivarasto on aidattu ja 24\/7 videovalvonnan alla.<\/p>\n","protected":false},"featured_media":13742,"comment_status":"open","ping_status":"closed","template":"","meta":{"_acf_changed":false},"product_cat":[339,1039],"product_tag":[],"class_list":{"0":"post-14906","1":"product","2":"type-product","3":"status-publish","4":"has-post-thumbnail","6":"product_cat-vuokrakontit","7":"product_cat-minivarasto","9":"first","10":"instock","11":"shipping-taxable","12":"purchasable","13":"product-type-simple"},"acf":[],"yoast_head":"<!-- This site is optimized with the Yoast SEO Premium plugin v23.9 (Yoast SEO v27.5) - https:\/\/yoast.com\/product\/yoast-seo-premium-wordpress\/ -->\n<title>Minivarasto TARTU - Miil O\u00dc<\/title>\n<meta name=\"description\" content=\"Minivarasto TARTU | Kontti myynti | Containex myynti | Merikontti myynti | Merikontti vuokrata | Terminaalipalvelut | Miil O\u00dc\" \/>\n<meta name=\"robots\" content=\"index, follow, max-snippet:-1, max-image-preview:large, max-video-preview:-1\" \/>\n<link rel=\"canonical\" href=\"https:\/\/miil.dev.almic.ee\/fi\/toode\/minivarasto-tartu\/\" \/>\n<meta property=\"og:locale\" content=\"fi_FI\" \/>\n<meta property=\"og:type\" content=\"article\" \/>\n<meta property=\"og:title\" content=\"Minivarasto TARTU - T\u00e4he 114c\" \/>\n<meta property=\"og:description\" content=\"Minivarasto TARTU | Kontti myynti | Containex myynti | Merikontti myynti | Merikontti vuokrata | Terminaalipalvelut | Miil O\u00dc\" \/>\n<meta property=\"og:url\" content=\"https:\/\/miil.dev.almic.ee\/fi\/toode\/minivarasto-tartu\/\" \/>\n<meta property=\"og:site_name\" content=\"Miil O\u00dc\" \/>\n<meta property=\"article:publisher\" content=\"https:\/\/www.facebook.com\/konteinerveod\/\" \/>\n<meta property=\"article:modified_time\" content=\"2025-01-22T14:56:14+00:00\" \/>\n<meta property=\"og:image\" content=\"https:\/\/miil.dev.almic.ee\/wp-content\/uploads\/2022\/08\/Blackline-konteinerladu.png\" \/>\n\t<meta property=\"og:image:width\" content=\"1278\" \/>\n\t<meta property=\"og:image:height\" content=\"712\" \/>\n\t<meta property=\"og:image:type\" content=\"image\/png\" \/>\n<meta name=\"twitter:card\" content=\"summary_large_image\" \/>\n<meta name=\"twitter:label1\" content=\"Hinta\" \/>\n\t<meta name=\"twitter:data1\" content=\"90,00&nbsp;&euro;\" \/>\n\t<meta name=\"twitter:label2\" content=\"Saatavuus\" \/>\n\t<meta name=\"twitter:data2\" content=\"Varastossa\" \/>\n<script type=\"application\/ld+json\" class=\"yoast-schema-graph\">{\"@context\":\"https:\\\/\\\/schema.org\",\"@graph\":[{\"@type\":\"WebPage\",\"@id\":\"https:\\\/\\\/miil.dev.almic.ee\\\/fi\\\/toode\\\/minivarasto-tartu\\\/\",\"url\":\"https:\\\/\\\/miil.dev.almic.ee\\\/fi\\\/toode\\\/minivarasto-tartu\\\/\",\"name\":\"Minivarasto TARTU - Miil O\u00dc\",\"isPartOf\":{\"@id\":\"https:\\\/\\\/miil.dev.almic.ee\\\/#website\"},\"primaryImageOfPage\":{\"@id\":\"https:\\\/\\\/miil.dev.almic.ee\\\/fi\\\/toode\\\/minivarasto-tartu\\\/#primaryimage\"},\"image\":{\"@id\":\"https:\\\/\\\/miil.dev.almic.ee\\\/fi\\\/toode\\\/minivarasto-tartu\\\/#primaryimage\"},\"thumbnailUrl\":\"https:\\\/\\\/miil.dev.almic.ee\\\/wp-content\\\/uploads\\\/2022\\\/08\\\/Blackline-konteinerladu.png\",\"datePublished\":\"2022-08-11T18:49:47+00:00\",\"dateModified\":\"2025-01-22T14:56:14+00:00\",\"description\":\"Minivarasto TARTU | Kontti myynti | Containex myynti | Merikontti myynti | Merikontti vuokrata | Terminaalipalvelut | Miil O\u00dc\",\"breadcrumb\":{\"@id\":\"https:\\\/\\\/miil.dev.almic.ee\\\/fi\\\/toode\\\/minivarasto-tartu\\\/#breadcrumb\"},\"inLanguage\":\"fi\",\"potentialAction\":[{\"@type\":\"ReadAction\",\"target\":[\"https:\\\/\\\/miil.dev.almic.ee\\\/fi\\\/toode\\\/minivarasto-tartu\\\/\"]}]},{\"@type\":\"ImageObject\",\"inLanguage\":\"fi\",\"@id\":\"https:\\\/\\\/miil.dev.almic.ee\\\/fi\\\/toode\\\/minivarasto-tartu\\\/#primaryimage\",\"url\":\"https:\\\/\\\/miil.dev.almic.ee\\\/wp-content\\\/uploads\\\/2022\\\/08\\\/Blackline-konteinerladu.png\",\"contentUrl\":\"https:\\\/\\\/miil.dev.almic.ee\\\/wp-content\\\/uploads\\\/2022\\\/08\\\/Blackline-konteinerladu.png\",\"width\":1278,\"height\":712},{\"@type\":\"BreadcrumbList\",\"@id\":\"https:\\\/\\\/miil.dev.almic.ee\\\/fi\\\/toode\\\/minivarasto-tartu\\\/#breadcrumb\",\"itemListElement\":[{\"@type\":\"ListItem\",\"position\":1,\"name\":\"Home\",\"item\":\"https:\\\/\\\/miil.dev.almic.ee\\\/fi\\\/\"},{\"@type\":\"ListItem\",\"position\":2,\"name\":\"Kauppa\",\"item\":\"https:\\\/\\\/miil.dev.almic.ee\\\/fi\\\/kauppa\\\/\"},{\"@type\":\"ListItem\",\"position\":3,\"name\":\"Minivarasto TARTU &#8211; T\u00e4he 114c\"}]},{\"@type\":\"WebSite\",\"@id\":\"https:\\\/\\\/miil.dev.almic.ee\\\/#website\",\"url\":\"https:\\\/\\\/miil.dev.almic.ee\\\/\",\"name\":\"Miil O\u00dc\",\"description\":\"Konteinerveod\",\"publisher\":{\"@id\":\"https:\\\/\\\/miil.dev.almic.ee\\\/#organization\"},\"potentialAction\":[{\"@type\":\"SearchAction\",\"target\":{\"@type\":\"EntryPoint\",\"urlTemplate\":\"https:\\\/\\\/miil.dev.almic.ee\\\/?s={search_term_string}\"},\"query-input\":{\"@type\":\"PropertyValueSpecification\",\"valueRequired\":true,\"valueName\":\"search_term_string\"}}],\"inLanguage\":\"fi\"},{\"@type\":\"Organization\",\"@id\":\"https:\\\/\\\/miil.dev.almic.ee\\\/#organization\",\"name\":\"Miil O\u00dc\",\"url\":\"https:\\\/\\\/miil.dev.almic.ee\\\/\",\"logo\":{\"@type\":\"ImageObject\",\"inLanguage\":\"fi\",\"@id\":\"https:\\\/\\\/miil.dev.almic.ee\\\/#\\\/schema\\\/logo\\\/image\\\/\",\"url\":\"https:\\\/\\\/www.miil.ee\\\/wp-content\\\/uploads\\\/2022\\\/02\\\/Miil-logo.svg\",\"contentUrl\":\"https:\\\/\\\/www.miil.ee\\\/wp-content\\\/uploads\\\/2022\\\/02\\\/Miil-logo.svg\",\"width\":\"1024\",\"height\":\"1024\",\"caption\":\"Miil O\u00dc\"},\"image\":{\"@id\":\"https:\\\/\\\/miil.dev.almic.ee\\\/#\\\/schema\\\/logo\\\/image\\\/\"},\"sameAs\":[\"https:\\\/\\\/www.facebook.com\\\/konteinerveod\\\/\",\"https:\\\/\\\/www.instagram.com\\\/ou_miil\\\/\"]}]}<\/script>\n<meta property=\"product:price:amount\" content=\"90.00\" \/>\n<meta property=\"product:price:currency\" content=\"EUR\" \/>\n<meta property=\"og:availability\" content=\"instock\" \/>\n<meta property=\"product:availability\" content=\"instock\" \/>\n<meta property=\"product:condition\" content=\"new\" \/>\n<!-- \/ Yoast SEO Premium plugin. -->","yoast_head_json":{"title":"Minivarasto TARTU - Miil O\u00dc","description":"Minivarasto TARTU | Kontti myynti | Containex myynti | Merikontti myynti | Merikontti vuokrata | Terminaalipalvelut | Miil O\u00dc","robots":{"index":"index","follow":"follow","max-snippet":"max-snippet:-1","max-image-preview":"max-image-preview:large","max-video-preview":"max-video-preview:-1"},"canonical":"https:\/\/miil.dev.almic.ee\/fi\/toode\/minivarasto-tartu\/","og_locale":"fi_FI","og_type":"article","og_title":"Minivarasto TARTU - T\u00e4he 114c","og_description":"Minivarasto TARTU | Kontti myynti | Containex myynti | Merikontti myynti | Merikontti vuokrata | Terminaalipalvelut | Miil O\u00dc","og_url":"https:\/\/miil.dev.almic.ee\/fi\/toode\/minivarasto-tartu\/","og_site_name":"Miil O\u00dc","article_publisher":"https:\/\/www.facebook.com\/konteinerveod\/","article_modified_time":"2025-01-22T14:56:14+00:00","og_image":[{"width":1278,"height":712,"url":"https:\/\/miil.dev.almic.ee\/wp-content\/uploads\/2022\/08\/Blackline-konteinerladu.png","type":"image\/png"}],"twitter_card":"summary_large_image","twitter_misc":{"Hinta":"90,00&nbsp;&euro;","Saatavuus":"Varastossa"},"schema":{"@context":"https:\/\/schema.org","@graph":[{"@type":"WebPage","@id":"https:\/\/miil.dev.almic.ee\/fi\/toode\/minivarasto-tartu\/","url":"https:\/\/miil.dev.almic.ee\/fi\/toode\/minivarasto-tartu\/","name":"Minivarasto TARTU - Miil O\u00dc","isPartOf":{"@id":"https:\/\/miil.dev.almic.ee\/#website"},"primaryImageOfPage":{"@id":"https:\/\/miil.dev.almic.ee\/fi\/toode\/minivarasto-tartu\/#primaryimage"},"image":{"@id":"https:\/\/miil.dev.almic.ee\/fi\/toode\/minivarasto-tartu\/#primaryimage"},"thumbnailUrl":"https:\/\/miil.dev.almic.ee\/wp-content\/uploads\/2022\/08\/Blackline-konteinerladu.png","datePublished":"2022-08-11T18:49:47+00:00","dateModified":"2025-01-22T14:56:14+00:00","description":"Minivarasto TARTU | Kontti myynti | Containex myynti | Merikontti myynti | Merikontti vuokrata | Terminaalipalvelut | Miil O\u00dc","breadcrumb":{"@id":"https:\/\/miil.dev.almic.ee\/fi\/toode\/minivarasto-tartu\/#breadcrumb"},"inLanguage":"fi","potentialAction":[{"@type":"ReadAction","target":["https:\/\/miil.dev.almic.ee\/fi\/toode\/minivarasto-tartu\/"]}]},{"@type":"ImageObject","inLanguage":"fi","@id":"https:\/\/miil.dev.almic.ee\/fi\/toode\/minivarasto-tartu\/#primaryimage","url":"https:\/\/miil.dev.almic.ee\/wp-content\/uploads\/2022\/08\/Blackline-konteinerladu.png","contentUrl":"https:\/\/miil.dev.almic.ee\/wp-content\/uploads\/2022\/08\/Blackline-konteinerladu.png","width":1278,"height":712},{"@type":"BreadcrumbList","@id":"https:\/\/miil.dev.almic.ee\/fi\/toode\/minivarasto-tartu\/#breadcrumb","itemListElement":[{"@type":"ListItem","position":1,"name":"Home","item":"https:\/\/miil.dev.almic.ee\/fi\/"},{"@type":"ListItem","position":2,"name":"Kauppa","item":"https:\/\/miil.dev.almic.ee\/fi\/kauppa\/"},{"@type":"ListItem","position":3,"name":"Minivarasto TARTU &#8211; T\u00e4he 114c"}]},{"@type":"WebSite","@id":"https:\/\/miil.dev.almic.ee\/#website","url":"https:\/\/miil.dev.almic.ee\/","name":"Miil O\u00dc","description":"Konteinerveod","publisher":{"@id":"https:\/\/miil.dev.almic.ee\/#organization"},"potentialAction":[{"@type":"SearchAction","target":{"@type":"EntryPoint","urlTemplate":"https:\/\/miil.dev.almic.ee\/?s={search_term_string}"},"query-input":{"@type":"PropertyValueSpecification","valueRequired":true,"valueName":"search_term_string"}}],"inLanguage":"fi"},{"@type":"Organization","@id":"https:\/\/miil.dev.almic.ee\/#organization","name":"Miil O\u00dc","url":"https:\/\/miil.dev.almic.ee\/","logo":{"@type":"ImageObject","inLanguage":"fi","@id":"https:\/\/miil.dev.almic.ee\/#\/schema\/logo\/image\/","url":"https:\/\/www.miil.ee\/wp-content\/uploads\/2022\/02\/Miil-logo.svg","contentUrl":"https:\/\/www.miil.ee\/wp-content\/uploads\/2022\/02\/Miil-logo.svg","width":"1024","height":"1024","caption":"Miil O\u00dc"},"image":{"@id":"https:\/\/miil.dev.almic.ee\/#\/schema\/logo\/image\/"},"sameAs":["https:\/\/www.facebook.com\/konteinerveod\/","https:\/\/www.instagram.com\/ou_miil\/"]}]},"product_price_amount":"90.00","product_price_currency":"EUR","og_availability":"instock","product_availability":"instock","product_condition":"new"},"_links":{"self":[{"href":"https:\/\/miil.dev.almic.ee\/fi\/wp-json\/wp\/v2\/product\/14906","targetHints":{"allow":["GET"]}}],"collection":[{"href":"https:\/\/miil.dev.almic.ee\/fi\/wp-json\/wp\/v2\/product"}],"about":[{"href":"https:\/\/miil.dev.almic.ee\/fi\/wp-json\/wp\/v2\/types\/product"}],"replies":[{"embeddable":true,"href":"https:\/\/miil.dev.almic.ee\/fi\/wp-json\/wp\/v2\/comments?post=14906"}],"wp:featuredmedia":[{"embeddable":true,"href":"https:\/\/miil.dev.almic.ee\/fi\/wp-json\/wp\/v2\/media\/13742"}],"wp:attachment":[{"href":"https:\/\/miil.dev.almic.ee\/fi\/wp-json\/wp\/v2\/media?parent=14906"}],"wp:term":[{"taxonomy":"product_cat","embeddable":true,"href":"https:\/\/miil.dev.almic.ee\/fi\/wp-json\/wp\/v2\/product_cat?post=14906"},{"taxonomy":"product_tag","embeddable":true,"href":"https:\/\/miil.dev.almic.ee\/fi\/wp-json\/wp\/v2\/product_tag?post=14906"}],"curies":[{"name":"wp","href":"https:\/\/api.w.org\/{rel}","templated":true}]}}