{"id":14896,"date":"2022-08-11T22:02:42","date_gmt":"2022-08-11T19:02:42","guid":{"rendered":"https:\/\/www.miil.ee\/toode\/konteinerladu-kurna\/"},"modified":"2025-01-22T17:22:29","modified_gmt":"2025-01-22T15:22:29","slug":"pieni-varasto-kurna","status":"publish","type":"product","link":"https:\/\/miil.dev.almic.ee\/fi\/toode\/pieni-varasto-kurna\/","title":{"rendered":"Vuokrakontti KURNA"},"content":{"rendered":"<h1>Pieni varasto Kurnassa<\/h1>\n<p>Pieni varasto Kurnassa sijaitsee Ikean v\u00e4litt\u00f6m\u00e4ss\u00e4 l\u00e4heisyydess\u00e4 ja logistisesti erinomaisella paikalla.<br \/>\nOsoite on 17 \u0141ellek\u00f6\u00f6 tee, Kurna.<br \/>\nT\u00e4m\u00e4 sijainti on muutaman minuutin p\u00e4\u00e4ss\u00e4 Tallinnan lentokent\u00e4lt\u00e4 ja J\u00fcrin keskustasta.<br \/>\nSijainti p\u00e4\u00e4tien varrella mahdollistaa nopean p\u00e4\u00e4syn eri kohteisiin Harjumaalla.<br \/>\nPieness\u00e4 varastossa voit s\u00e4ilytt\u00e4\u00e4 kaikkea huonekaluista ajoneuvoihin ja muihin tavaroihin.<br \/>\nVarastomme ovat uusia, turvallisia, helposti saavutettavia ja k\u00e4tevi\u00e4 k\u00e4ytt\u00e4\u00e4.<\/p>\n<p>S\u00e4ili\u00f6n avaamisen helpottamiseksi ne on rakennettu helposti avattavalla j\u00e4rjestelm\u00e4ll\u00e4.<br \/>\nKontin ovien keskell\u00e4 on turvallisuutta lis\u00e4\u00e4v\u00e4 lukkosuojaus, alue on videovalvottu ja sinne p\u00e4\u00e4see 24\/7.<\/p>\n<p>Ostit uusia huonekaluja, eik\u00e4 vanhaa ole miss\u00e4\u00e4n s\u00e4ilytett\u00e4v\u00e4?<br \/>\nS\u00e4ilyt\u00e4 sit\u00e4 s\u00e4ili\u00f6n omavarastossa ja k\u00e4yt\u00e4 sit\u00e4 tarvittaessa.<br \/>\nTarvittaessa voit s\u00e4ilytt\u00e4\u00e4 auton my\u00f6s talven yli.<\/p>\n<p>Minivarastoissamme ei ole ylim\u00e4\u00e4r\u00e4isi\u00e4 kuluja tai piilokuluja.<br \/>\nLumenpoisto, valaistus, portin avaaminen puhelimesta, videovalvonta ja kaikki muu sis\u00e4ltyv\u00e4t jo hintaan.<br \/>\nSopimusta voidaan jatkaa ja irtisanoa milloin tahansa.<\/p>\n<p>Olemme joustava pieni varasto ja meilt\u00e4 l\u00f6yd\u00e4t sek\u00e4 liikkuvaa tavaraa ett\u00e4 lisenssikontit sinulle sopivasta paikasta.<br \/>\nJos haluat s\u00e4ilytt\u00e4\u00e4 tavaroita laadukkaasti ja kohtuulliseen hintaan, pieni varasto on ehdottomasti hy\u00f6dyllinen.<br \/>\nMeill\u00e4 on muutama pienempi osasto, mutta varaston keskikoko on noin 14m2, johon mahtuu sek\u00e4 autoja ett\u00e4 huonekaluja.<\/p>\n<h2>Kontti vai toimistom\u00f6kki?<\/h2>\n<p>Varastojen lis\u00e4ksi tarjoamme my\u00f6s toimistom\u00f6kkej\u00e4, ulkok\u00e4ym\u00e4l\u00e4t, kontteja, vajaita, kuljetuksia ja paljon muuta.<br \/>\nEristetty toimistom\u00f6kki soveltuu tilap\u00e4iseen asumiseen, rakentamiseen lis\u00e4tilaksi tai vaikka m\u00f6kiksi.<br \/>\nVoimme viimeistell\u00e4 m\u00f6kin asiakkaan toiveiden mukaan ja kuljettaa sen haluttuun paikkaan.<br \/>\nVuokraamme kontin asiakkaan alueelta parhailla ehdoilla ja tavarat ovat tuttuun tapaan laadukkaita ja siistej\u00e4.<\/p>\n<h2>Pieni varasto asiakkaan alueella.<\/h2>\n<p>L\u00f6yd\u00e4t pihaltasi pienen varaston eritt\u00e4in edulliseen hintaan.<\/p>\n<ul>\n<li>Vuokraamme kontin, tuomme sen asiakkaalle ja asennamme &#8211; Pieni varasto aivan pihallesi.<\/li>\n<li>S\u00e4ili\u00f6 ei tarvitse perustaa tai eritt\u00e4in vahvaa pintaa. Voidaan asentaa vapaasti nurmikolle.<\/li>\n<li>S\u00e4ili\u00f6 on turvallinen, s\u00e4\u00e4nkest\u00e4v\u00e4, vahva ja laadukas.<\/li>\n<li>Voit olla varma, ett\u00e4 l\u00f6yd\u00e4t joustavat vuokraehdot ja kunnolliset minivarastot jokaiseen tarpeeseen.<\/li>\n<li>Palvelemme kaikkialla Virossa.<\/li>\n<\/ul>\n<p>K\u00e4yt\u00e4mme kuljetukseen <a href=\"https:\/\/www.miil.ee\/fi\/palvelut\/nosturi\/\">nosturia<\/a> tai <a href=\"https:\/\/www.miil.ee\/fi\/palvelut\/sideloader\/\">sideloader<\/a><br \/>\nmonimutkaisempi kuljetus on mahdollista <a href=\"https:\/\/www.miil.ee\/fi\/palvelut\/ram-kippauslaite\/\">RAM per\u00e4vaunulla<\/a>.<\/p>\n<p>Seuraa meit\u00e4 <a href=\"https:\/\/www.facebook.com\/konteinerveod\/\">Facebook<\/a> tai <a href=\"https:\/\/www.instagram.com\/ou_miil\/\">Instagram<\/a><\/p>\n","protected":false},"excerpt":{"rendered":"<p>Omavarasto Kurna sijaitsee osoitteessa \u00d5llek\u00f6\u00f6gi tee 17, Kurna. Nopea ja k\u00e4tev\u00e4 ratkaisu tavaroiden s\u00e4ilytt\u00e4miseen. S\u00e4ilyt\u00e4 varastosi, talvirenkaasi tai mit\u00e4 tahansa muuta, mit\u00e4 saatat tarvita. Minivarasto on aidattu ja 24\/7 videovalvonnan alla.<\/p>\n","protected":false},"featured_media":75050,"comment_status":"open","ping_status":"closed","template":"","meta":{"_acf_changed":false},"product_cat":[339,1039],"product_tag":[],"class_list":{"0":"post-14896","1":"product","2":"type-product","3":"status-publish","4":"has-post-thumbnail","6":"product_cat-vuokrakontit","7":"product_cat-minivarasto","9":"first","10":"instock","11":"shipping-taxable","12":"purchasable","13":"product-type-simple"},"acf":[],"yoast_head":"<!-- This site is optimized with the Yoast SEO Premium plugin v23.9 (Yoast SEO v27.5) - https:\/\/yoast.com\/product\/yoast-seo-premium-wordpress\/ -->\n<title>Pieni varasto - Miil O\u00dc<\/title>\n<meta name=\"description\" content=\"Pieni varasto Kurnassa | K\u00e4ytettyjen merikonttien myynti MIIU2119342 | Kontti myynti | Containex myynti | Merikontti myynti | Merikontti vuokrata |\" \/>\n<meta name=\"robots\" content=\"index, follow, max-snippet:-1, max-image-preview:large, max-video-preview:-1\" \/>\n<link rel=\"canonical\" href=\"https:\/\/miil.dev.almic.ee\/fi\/toode\/pieni-varasto-kurna\/\" \/>\n<meta property=\"og:locale\" content=\"fi_FI\" \/>\n<meta property=\"og:type\" content=\"article\" \/>\n<meta property=\"og:title\" content=\"Vuokrakontti KURNA\" \/>\n<meta property=\"og:description\" content=\"Pieni varasto Kurnassa | K\u00e4ytettyjen merikonttien myynti MIIU2119342 | Kontti myynti | Containex myynti | Merikontti myynti | Merikontti vuokrata |\" \/>\n<meta property=\"og:url\" content=\"https:\/\/miil.dev.almic.ee\/fi\/toode\/pieni-varasto-kurna\/\" \/>\n<meta property=\"og:site_name\" content=\"Miil O\u00dc\" \/>\n<meta property=\"article:publisher\" content=\"https:\/\/www.facebook.com\/konteinerveod\/\" \/>\n<meta property=\"article:modified_time\" content=\"2025-01-22T15:22:29+00:00\" \/>\n<meta property=\"og:image\" content=\"https:\/\/miil.dev.almic.ee\/wp-content\/uploads\/2022\/08\/kurna-6-uus-scaled.jpg\" \/>\n\t<meta property=\"og:image:width\" content=\"1900\" \/>\n\t<meta property=\"og:image:height\" content=\"1425\" \/>\n\t<meta property=\"og:image:type\" content=\"image\/jpeg\" \/>\n<meta name=\"twitter:card\" content=\"summary_large_image\" \/>\n<meta name=\"twitter:label1\" content=\"Hinta\" \/>\n\t<meta name=\"twitter:data1\" content=\"90,00&nbsp;&euro;\" \/>\n\t<meta name=\"twitter:label2\" content=\"Saatavuus\" \/>\n\t<meta name=\"twitter:data2\" content=\"Varastossa\" \/>\n<script type=\"application\/ld+json\" class=\"yoast-schema-graph\">{\"@context\":\"https:\\\/\\\/schema.org\",\"@graph\":[{\"@type\":\"WebPage\",\"@id\":\"https:\\\/\\\/miil.dev.almic.ee\\\/fi\\\/toode\\\/pieni-varasto-kurna\\\/\",\"url\":\"https:\\\/\\\/miil.dev.almic.ee\\\/fi\\\/toode\\\/pieni-varasto-kurna\\\/\",\"name\":\"Pieni varasto - Miil O\u00dc\",\"isPartOf\":{\"@id\":\"https:\\\/\\\/miil.dev.almic.ee\\\/#website\"},\"primaryImageOfPage\":{\"@id\":\"https:\\\/\\\/miil.dev.almic.ee\\\/fi\\\/toode\\\/pieni-varasto-kurna\\\/#primaryimage\"},\"image\":{\"@id\":\"https:\\\/\\\/miil.dev.almic.ee\\\/fi\\\/toode\\\/pieni-varasto-kurna\\\/#primaryimage\"},\"thumbnailUrl\":\"https:\\\/\\\/miil.dev.almic.ee\\\/wp-content\\\/uploads\\\/2022\\\/08\\\/kurna-6-uus-scaled.jpg\",\"datePublished\":\"2022-08-11T19:02:42+00:00\",\"dateModified\":\"2025-01-22T15:22:29+00:00\",\"description\":\"Pieni varasto Kurnassa | K\u00e4ytettyjen merikonttien myynti MIIU2119342 | Kontti myynti | Containex myynti | Merikontti myynti | Merikontti vuokrata |\",\"breadcrumb\":{\"@id\":\"https:\\\/\\\/miil.dev.almic.ee\\\/fi\\\/toode\\\/pieni-varasto-kurna\\\/#breadcrumb\"},\"inLanguage\":\"fi\",\"potentialAction\":[{\"@type\":\"ReadAction\",\"target\":[\"https:\\\/\\\/miil.dev.almic.ee\\\/fi\\\/toode\\\/pieni-varasto-kurna\\\/\"]}]},{\"@type\":\"ImageObject\",\"inLanguage\":\"fi\",\"@id\":\"https:\\\/\\\/miil.dev.almic.ee\\\/fi\\\/toode\\\/pieni-varasto-kurna\\\/#primaryimage\",\"url\":\"https:\\\/\\\/miil.dev.almic.ee\\\/wp-content\\\/uploads\\\/2022\\\/08\\\/kurna-6-uus-scaled.jpg\",\"contentUrl\":\"https:\\\/\\\/miil.dev.almic.ee\\\/wp-content\\\/uploads\\\/2022\\\/08\\\/kurna-6-uus-scaled.jpg\",\"width\":1900,\"height\":1425},{\"@type\":\"BreadcrumbList\",\"@id\":\"https:\\\/\\\/miil.dev.almic.ee\\\/fi\\\/toode\\\/pieni-varasto-kurna\\\/#breadcrumb\",\"itemListElement\":[{\"@type\":\"ListItem\",\"position\":1,\"name\":\"Home\",\"item\":\"https:\\\/\\\/miil.dev.almic.ee\\\/fi\\\/\"},{\"@type\":\"ListItem\",\"position\":2,\"name\":\"Kauppa\",\"item\":\"https:\\\/\\\/miil.dev.almic.ee\\\/fi\\\/kauppa\\\/\"},{\"@type\":\"ListItem\",\"position\":3,\"name\":\"Vuokrakontti KURNA\"}]},{\"@type\":\"WebSite\",\"@id\":\"https:\\\/\\\/miil.dev.almic.ee\\\/#website\",\"url\":\"https:\\\/\\\/miil.dev.almic.ee\\\/\",\"name\":\"Miil O\u00dc\",\"description\":\"Konteinerveod\",\"publisher\":{\"@id\":\"https:\\\/\\\/miil.dev.almic.ee\\\/#organization\"},\"potentialAction\":[{\"@type\":\"SearchAction\",\"target\":{\"@type\":\"EntryPoint\",\"urlTemplate\":\"https:\\\/\\\/miil.dev.almic.ee\\\/?s={search_term_string}\"},\"query-input\":{\"@type\":\"PropertyValueSpecification\",\"valueRequired\":true,\"valueName\":\"search_term_string\"}}],\"inLanguage\":\"fi\"},{\"@type\":\"Organization\",\"@id\":\"https:\\\/\\\/miil.dev.almic.ee\\\/#organization\",\"name\":\"Miil O\u00dc\",\"url\":\"https:\\\/\\\/miil.dev.almic.ee\\\/\",\"logo\":{\"@type\":\"ImageObject\",\"inLanguage\":\"fi\",\"@id\":\"https:\\\/\\\/miil.dev.almic.ee\\\/#\\\/schema\\\/logo\\\/image\\\/\",\"url\":\"https:\\\/\\\/www.miil.ee\\\/wp-content\\\/uploads\\\/2022\\\/02\\\/Miil-logo.svg\",\"contentUrl\":\"https:\\\/\\\/www.miil.ee\\\/wp-content\\\/uploads\\\/2022\\\/02\\\/Miil-logo.svg\",\"width\":\"1024\",\"height\":\"1024\",\"caption\":\"Miil O\u00dc\"},\"image\":{\"@id\":\"https:\\\/\\\/miil.dev.almic.ee\\\/#\\\/schema\\\/logo\\\/image\\\/\"},\"sameAs\":[\"https:\\\/\\\/www.facebook.com\\\/konteinerveod\\\/\",\"https:\\\/\\\/www.instagram.com\\\/ou_miil\\\/\"]}]}<\/script>\n<meta property=\"product:price:amount\" content=\"90.00\" \/>\n<meta property=\"product:price:currency\" content=\"EUR\" \/>\n<meta property=\"og:availability\" content=\"instock\" \/>\n<meta property=\"product:availability\" content=\"instock\" \/>\n<meta property=\"product:condition\" content=\"new\" \/>\n<!-- \/ Yoast SEO Premium plugin. -->","yoast_head_json":{"title":"Pieni varasto - Miil O\u00dc","description":"Pieni varasto Kurnassa | K\u00e4ytettyjen merikonttien myynti MIIU2119342 | Kontti myynti | Containex myynti | Merikontti myynti | Merikontti vuokrata |","robots":{"index":"index","follow":"follow","max-snippet":"max-snippet:-1","max-image-preview":"max-image-preview:large","max-video-preview":"max-video-preview:-1"},"canonical":"https:\/\/miil.dev.almic.ee\/fi\/toode\/pieni-varasto-kurna\/","og_locale":"fi_FI","og_type":"article","og_title":"Vuokrakontti KURNA","og_description":"Pieni varasto Kurnassa | K\u00e4ytettyjen merikonttien myynti MIIU2119342 | Kontti myynti | Containex myynti | Merikontti myynti | Merikontti vuokrata |","og_url":"https:\/\/miil.dev.almic.ee\/fi\/toode\/pieni-varasto-kurna\/","og_site_name":"Miil O\u00dc","article_publisher":"https:\/\/www.facebook.com\/konteinerveod\/","article_modified_time":"2025-01-22T15:22:29+00:00","og_image":[{"width":1900,"height":1425,"url":"https:\/\/miil.dev.almic.ee\/wp-content\/uploads\/2022\/08\/kurna-6-uus-scaled.jpg","type":"image\/jpeg"}],"twitter_card":"summary_large_image","twitter_misc":{"Hinta":"90,00&nbsp;&euro;","Saatavuus":"Varastossa"},"schema":{"@context":"https:\/\/schema.org","@graph":[{"@type":"WebPage","@id":"https:\/\/miil.dev.almic.ee\/fi\/toode\/pieni-varasto-kurna\/","url":"https:\/\/miil.dev.almic.ee\/fi\/toode\/pieni-varasto-kurna\/","name":"Pieni varasto - Miil O\u00dc","isPartOf":{"@id":"https:\/\/miil.dev.almic.ee\/#website"},"primaryImageOfPage":{"@id":"https:\/\/miil.dev.almic.ee\/fi\/toode\/pieni-varasto-kurna\/#primaryimage"},"image":{"@id":"https:\/\/miil.dev.almic.ee\/fi\/toode\/pieni-varasto-kurna\/#primaryimage"},"thumbnailUrl":"https:\/\/miil.dev.almic.ee\/wp-content\/uploads\/2022\/08\/kurna-6-uus-scaled.jpg","datePublished":"2022-08-11T19:02:42+00:00","dateModified":"2025-01-22T15:22:29+00:00","description":"Pieni varasto Kurnassa | K\u00e4ytettyjen merikonttien myynti MIIU2119342 | Kontti myynti | Containex myynti | Merikontti myynti | Merikontti vuokrata |","breadcrumb":{"@id":"https:\/\/miil.dev.almic.ee\/fi\/toode\/pieni-varasto-kurna\/#breadcrumb"},"inLanguage":"fi","potentialAction":[{"@type":"ReadAction","target":["https:\/\/miil.dev.almic.ee\/fi\/toode\/pieni-varasto-kurna\/"]}]},{"@type":"ImageObject","inLanguage":"fi","@id":"https:\/\/miil.dev.almic.ee\/fi\/toode\/pieni-varasto-kurna\/#primaryimage","url":"https:\/\/miil.dev.almic.ee\/wp-content\/uploads\/2022\/08\/kurna-6-uus-scaled.jpg","contentUrl":"https:\/\/miil.dev.almic.ee\/wp-content\/uploads\/2022\/08\/kurna-6-uus-scaled.jpg","width":1900,"height":1425},{"@type":"BreadcrumbList","@id":"https:\/\/miil.dev.almic.ee\/fi\/toode\/pieni-varasto-kurna\/#breadcrumb","itemListElement":[{"@type":"ListItem","position":1,"name":"Home","item":"https:\/\/miil.dev.almic.ee\/fi\/"},{"@type":"ListItem","position":2,"name":"Kauppa","item":"https:\/\/miil.dev.almic.ee\/fi\/kauppa\/"},{"@type":"ListItem","position":3,"name":"Vuokrakontti KURNA"}]},{"@type":"WebSite","@id":"https:\/\/miil.dev.almic.ee\/#website","url":"https:\/\/miil.dev.almic.ee\/","name":"Miil O\u00dc","description":"Konteinerveod","publisher":{"@id":"https:\/\/miil.dev.almic.ee\/#organization"},"potentialAction":[{"@type":"SearchAction","target":{"@type":"EntryPoint","urlTemplate":"https:\/\/miil.dev.almic.ee\/?s={search_term_string}"},"query-input":{"@type":"PropertyValueSpecification","valueRequired":true,"valueName":"search_term_string"}}],"inLanguage":"fi"},{"@type":"Organization","@id":"https:\/\/miil.dev.almic.ee\/#organization","name":"Miil O\u00dc","url":"https:\/\/miil.dev.almic.ee\/","logo":{"@type":"ImageObject","inLanguage":"fi","@id":"https:\/\/miil.dev.almic.ee\/#\/schema\/logo\/image\/","url":"https:\/\/www.miil.ee\/wp-content\/uploads\/2022\/02\/Miil-logo.svg","contentUrl":"https:\/\/www.miil.ee\/wp-content\/uploads\/2022\/02\/Miil-logo.svg","width":"1024","height":"1024","caption":"Miil O\u00dc"},"image":{"@id":"https:\/\/miil.dev.almic.ee\/#\/schema\/logo\/image\/"},"sameAs":["https:\/\/www.facebook.com\/konteinerveod\/","https:\/\/www.instagram.com\/ou_miil\/"]}]},"product_price_amount":"90.00","product_price_currency":"EUR","og_availability":"instock","product_availability":"instock","product_condition":"new"},"_links":{"self":[{"href":"https:\/\/miil.dev.almic.ee\/fi\/wp-json\/wp\/v2\/product\/14896","targetHints":{"allow":["GET"]}}],"collection":[{"href":"https:\/\/miil.dev.almic.ee\/fi\/wp-json\/wp\/v2\/product"}],"about":[{"href":"https:\/\/miil.dev.almic.ee\/fi\/wp-json\/wp\/v2\/types\/product"}],"replies":[{"embeddable":true,"href":"https:\/\/miil.dev.almic.ee\/fi\/wp-json\/wp\/v2\/comments?post=14896"}],"wp:featuredmedia":[{"embeddable":true,"href":"https:\/\/miil.dev.almic.ee\/fi\/wp-json\/wp\/v2\/media\/75050"}],"wp:attachment":[{"href":"https:\/\/miil.dev.almic.ee\/fi\/wp-json\/wp\/v2\/media?parent=14896"}],"wp:term":[{"taxonomy":"product_cat","embeddable":true,"href":"https:\/\/miil.dev.almic.ee\/fi\/wp-json\/wp\/v2\/product_cat?post=14896"},{"taxonomy":"product_tag","embeddable":true,"href":"https:\/\/miil.dev.almic.ee\/fi\/wp-json\/wp\/v2\/product_tag?post=14896"}],"curies":[{"name":"wp","href":"https:\/\/api.w.org\/{rel}","templated":true}]}}