{"id":109218,"date":"2025-08-15T15:41:32","date_gmt":"2025-08-15T12:41:32","guid":{"rendered":"https:\/\/www.miil.ee\/?post_type=product&#038;p=109218"},"modified":"2025-08-15T15:46:44","modified_gmt":"2025-08-15T12:46:44","slug":"40hc-merikontti-miiu9914978-parnu","status":"publish","type":"product","link":"https:\/\/miil.dev.almic.ee\/fi\/toode\/40hc-merikontti-miiu9914978-parnu\/","title":{"rendered":"40HC Merikontti MIIU9914978 &#8211; P\u00c4RNU"},"content":{"rendered":"<div class=\"w-post-elm post_content without_sections\">\n<h2>Myyt\u00e4v\u00e4n\u00e4 merikontit P\u00e4rnu MIIU9914978.<br \/>\nLis\u00e4ksi vuokraamme ja myymme toimistom\u00f6kkej\u00e4.<\/h2>\n<p>Myyt\u00e4v\u00e4n\u00e4 merikontit P\u00e4rnu MIIU9914978. Kontit n\u00e4ht\u00e4vill\u00e4 P\u00e4rnu, Selja tee 18 varikolla ma-pe 8-18.<br \/>\nAsiakkaat eiv\u00e4t voi noutaa kontteja omalla kuljetuksellaan P\u00e4rnun varikolta. He voivat k\u00e4ytt\u00e4\u00e4 omaa kuljetustaan \u200b\u200bvain p\u00e4\u00e4terminaalissamme Lagedissa. Ma-Pe 8-18.<br \/>\nMerikonttien lis\u00e4ksi myymme ja vuokraamme toimistom\u00f6kkej\u00e4, rakennamme sopivan minitalon tai m\u00f6kin sek\u00e4 kuljetamme tavarat perille.<\/p>\n<p>Merikontti ei tarvitse perustusta ja esimerkiksi uudet merikontit sopivat P\u00e4rnu jokaiselle pihalle.<br \/>\nToimistom\u00f6kit sopivat erinomaisesti lis\u00e4tilaksi yksityishenkil\u00f6lle tai yritykselle. Containex Office -m\u00f6kki on tuettu kuudesta pisteest\u00e4, merikontti nelj\u00e4st\u00e4 pisteest\u00e4.<br \/>\nUusissa merikonteissa on helposti avattava ovi, lis\u00e4tuuletus, lukkosuoja ja laaja v\u00e4rivalikoima.<br \/>\nK\u00e4ytetyt merikontit t\u00e4ytt\u00e4v\u00e4t tarkoituksensa, mutta ulkon\u00e4\u00f6ss\u00e4 on erilaisia \u200b\u200bkolhuja ja naarmuja.<\/p>\n<h2>Myyt\u00e4v\u00e4n\u00e4 merikontit P\u00e4rnu MIIU9914978 ja kuljetus ty\u00f6maalle.<\/h2>\n<p>K\u00e4ytetyt merikontit ovat merikelpoisessa kunnossa, ellei toisin mainita;<\/p>\n<ul>\n<li>S\u00e4ili\u00f6n ovet voidaan avata ja sulkea ihmisvoimalla.<\/li>\n<li>S\u00e4ili\u00f6n katto on ehj\u00e4 eik\u00e4 vesivuotoja ole.<\/li>\n<li>S\u00e4ili\u00f6n pohja on ehj\u00e4 ja sit\u00e4 voidaan k\u00e4ytt\u00e4\u00e4 trukilla tai k\u00e4sikuormaajalla.<\/li>\n<li>S\u00e4ili\u00f6ss\u00e4 ei ole rakenteellisia vaurioita.<\/li>\n<li>Merikontti vastaa kuvia.<\/li>\n<li>Inbank.ee ja alennuskoodi \u201dKONTEINER\u201d seurauksena<\/li>\n<li>Merikontin vuokra 6 metri\u00e4: 50.- +alv\/kk<\/li>\n<li>Merikonttivuokra 12 metri\u00e4: 99.- +alv\/kk<\/li>\n<\/ul>\n<h2>Mik\u00e4 on k\u00e4ytetyn kontin hinta?<\/h2>\n<p>Merikontin hinta riippuu monesta asiasta, mutta myyntihinta riippuu yleens\u00e4 suoraan kontin kunnosta.<br \/>\nEhdon lis\u00e4ksi hintaan vaikuttaa my\u00f6s ostohinta, kontin saapumistapa terminaaliin, kontin sijainti terminaalissa ja onko kontti vaatinut lis\u00e4kustannuksia, kuten ulkopesua, sis\u00e4puhdistusta tai korjaukset. Jotta voimme palvella asiakkaitamme paremmin, myyntipisteemme sijaitsevat kaikissa suurimmissa kaupungeissa. P\u00e4\u00e4kaupungin ulkopuolella olevan kontin hinta puolestaan \u200b\u200briippuu siit\u00e4, kuinka kontti liikkuu kahden terminaalin v\u00e4lill\u00e4.<\/p>\n<h2>Myyt\u00e4v\u00e4n\u00e4 merikontit P\u00e4rnu MIIU9914978 \u2013 Kuljetus ja nosto?<\/h2>\n<p>Sopivan kontin valinnan j\u00e4lkeen voimme hoitaa pakkaamisen ja kuljetuksen.<br \/>\nK\u00e4yt\u00e4mme kuljetukseen\u00a0<a href=\"https:\/\/www.miil.ee\/fi\/palvelut\/nosturi\/\">nosturia<\/a>\u00a0tai\u00a0<a href=\"https:\/\/www.miil.ee\/fi\/palvelut\/sideloader\/\">sideloader<\/a><br \/>\nmonimutkaisempi kuljetus on mahdollista\u00a0<a href=\"https:\/\/www.miil.ee\/fi\/palvelut\/ram-kippauslaite\/\">RAM per\u00e4vaunulla<\/a>.<br \/>\nKun olet ostanut sen, s\u00e4ilyt\u00e4mme konttisi terminaalissamme maksutta jopa kuusi kuukautta.<br \/>\nAina on mahdollista sopia pidemm\u00e4st\u00e4kin ajanjaksosta.<br \/>\nEsimerkiksi jos paikka ei ole viel\u00e4 valmis tai k\u00e4ytett\u00e4viss\u00e4 kontin toimittamiseksi.<br \/>\nT\u00e4ll\u00f6in kontin hinta ei muutu ja voit olla varma, ett\u00e4 saat valitun kontin sovittuna aikana.<\/p>\n<ul>\n<li>Parhaan hinnan takuu \u2013 teemme aina parhaan tarjouksen kontista.<\/li>\n<\/ul>\n<p>Seuraa meit\u00e4 <a href=\"https:\/\/www.facebook.com\/konteinerveod\/\">Facebook<\/a> tai <a href=\"https:\/\/www.instagram.com\/ou_miil\/\">Instagram<\/a><\/p>\n<p>&nbsp;<\/p>\n<\/div>\n","protected":false},"excerpt":{"rendered":"<p>Myymme ja vuokraamme merikontteja sek\u00e4 toimistom\u00f6kkej\u00e4 P\u00e4rnussa, ja tarjoamme kuljetuspalveluja ty\u00f6maalle. K\u00e4ytetyt merikontit ovat merikelpoisessa kunnossa ja niit\u00e4 voi vuokrata 6 metri\u00e4 50 \u20ac \/kk ja 12 metri\u00e4 99 \u20ac \/kk, lis\u00e4palveluna tarjoamme ilmaiseksi varastointia jopa kuusi kuukautta.<\/p>\n","protected":false},"featured_media":109223,"comment_status":"closed","ping_status":"closed","template":"","meta":{"_acf_changed":false},"product_cat":[331,383,395],"product_tag":[905],"class_list":{"0":"post-109218","1":"product","2":"type-product","3":"status-publish","4":"has-post-thumbnail","6":"product_cat-kaytetyt-kontit","7":"product_cat-40-12-metria","8":"product_cat-40-hc-korkea","9":"product_tag-v-fi","11":"first","12":"outofstock","13":"shipping-taxable","14":"purchasable","15":"product-type-simple"},"acf":[],"yoast_head":"<!-- This site is optimized with the Yoast SEO Premium plugin v23.9 (Yoast SEO v27.5) - https:\/\/yoast.com\/product\/yoast-seo-premium-wordpress\/ -->\n<title>Myyt\u00e4v\u00e4n\u00e4 merikontit P\u00e4rnu MIIU9914978 - Miil O\u00dc<\/title>\n<meta name=\"description\" content=\"Myyt\u00e4v\u00e4n\u00e4 merikontit P\u00e4rnu MIIU9914978 merikontit, kontitt, kontti, containex myynti, merikontit myynti, transport, terminal service\" \/>\n<meta name=\"robots\" content=\"index, follow, max-snippet:-1, max-image-preview:large, max-video-preview:-1\" \/>\n<link rel=\"canonical\" href=\"https:\/\/miil.dev.almic.ee\/fi\/toode\/40hc-merikontti-miiu9914978-parnu\/\" \/>\n<meta property=\"og:locale\" content=\"fi_FI\" \/>\n<meta property=\"og:type\" content=\"article\" \/>\n<meta property=\"og:title\" content=\"40HC Merikontti MIIU9914978 - P\u00c4RNU\" \/>\n<meta property=\"og:description\" content=\"Myyt\u00e4v\u00e4n\u00e4 merikontit P\u00e4rnu MIIU9914978 merikontit, kontitt, kontti, containex myynti, merikontit myynti, transport, terminal service\" \/>\n<meta property=\"og:url\" content=\"https:\/\/miil.dev.almic.ee\/fi\/toode\/40hc-merikontti-miiu9914978-parnu\/\" \/>\n<meta property=\"og:site_name\" content=\"Miil O\u00dc\" \/>\n<meta property=\"article:publisher\" content=\"https:\/\/www.facebook.com\/konteinerveod\/\" \/>\n<meta property=\"article:modified_time\" content=\"2025-08-15T12:46:44+00:00\" \/>\n<meta property=\"og:image\" content=\"https:\/\/miil.dev.almic.ee\/wp-content\/uploads\/2025\/08\/40HC-Merekonteiner-MIIU9914978-\u2013-Parnu-1-scaled.jpg\" \/>\n\t<meta property=\"og:image:width\" content=\"1900\" \/>\n\t<meta property=\"og:image:height\" content=\"1425\" \/>\n\t<meta property=\"og:image:type\" content=\"image\/jpeg\" \/>\n<meta name=\"twitter:card\" content=\"summary_large_image\" \/>\n<meta name=\"twitter:label1\" content=\"Hinta\" \/>\n\t<meta name=\"twitter:data1\" content=\"1790,00&nbsp;&euro;\" \/>\n\t<meta name=\"twitter:label2\" content=\"Saatavuus\" \/>\n\t<meta name=\"twitter:data2\" content=\"Loppu varastosta\" \/>\n<script type=\"application\/ld+json\" class=\"yoast-schema-graph\">{\"@context\":\"https:\\\/\\\/schema.org\",\"@graph\":[{\"@type\":\"WebPage\",\"@id\":\"https:\\\/\\\/miil.dev.almic.ee\\\/fi\\\/toode\\\/40hc-merikontti-miiu9914978-parnu\\\/\",\"url\":\"https:\\\/\\\/miil.dev.almic.ee\\\/fi\\\/toode\\\/40hc-merikontti-miiu9914978-parnu\\\/\",\"name\":\"Myyt\u00e4v\u00e4n\u00e4 merikontit P\u00e4rnu MIIU9914978 - Miil O\u00dc\",\"isPartOf\":{\"@id\":\"https:\\\/\\\/miil.dev.almic.ee\\\/#website\"},\"primaryImageOfPage\":{\"@id\":\"https:\\\/\\\/miil.dev.almic.ee\\\/fi\\\/toode\\\/40hc-merikontti-miiu9914978-parnu\\\/#primaryimage\"},\"image\":{\"@id\":\"https:\\\/\\\/miil.dev.almic.ee\\\/fi\\\/toode\\\/40hc-merikontti-miiu9914978-parnu\\\/#primaryimage\"},\"thumbnailUrl\":\"https:\\\/\\\/miil.dev.almic.ee\\\/wp-content\\\/uploads\\\/2025\\\/08\\\/40HC-Merekonteiner-MIIU9914978-\u2013-Parnu-1-scaled.jpg\",\"datePublished\":\"2025-08-15T12:41:32+00:00\",\"dateModified\":\"2025-08-15T12:46:44+00:00\",\"description\":\"Myyt\u00e4v\u00e4n\u00e4 merikontit P\u00e4rnu MIIU9914978 merikontit, kontitt, kontti, containex myynti, merikontit myynti, transport, terminal service\",\"breadcrumb\":{\"@id\":\"https:\\\/\\\/miil.dev.almic.ee\\\/fi\\\/toode\\\/40hc-merikontti-miiu9914978-parnu\\\/#breadcrumb\"},\"inLanguage\":\"fi\",\"potentialAction\":[{\"@type\":\"ReadAction\",\"target\":[\"https:\\\/\\\/miil.dev.almic.ee\\\/fi\\\/toode\\\/40hc-merikontti-miiu9914978-parnu\\\/\"]}]},{\"@type\":\"ImageObject\",\"inLanguage\":\"fi\",\"@id\":\"https:\\\/\\\/miil.dev.almic.ee\\\/fi\\\/toode\\\/40hc-merikontti-miiu9914978-parnu\\\/#primaryimage\",\"url\":\"https:\\\/\\\/miil.dev.almic.ee\\\/wp-content\\\/uploads\\\/2025\\\/08\\\/40HC-Merekonteiner-MIIU9914978-\u2013-Parnu-1-scaled.jpg\",\"contentUrl\":\"https:\\\/\\\/miil.dev.almic.ee\\\/wp-content\\\/uploads\\\/2025\\\/08\\\/40HC-Merekonteiner-MIIU9914978-\u2013-Parnu-1-scaled.jpg\",\"width\":1900,\"height\":1425},{\"@type\":\"BreadcrumbList\",\"@id\":\"https:\\\/\\\/miil.dev.almic.ee\\\/fi\\\/toode\\\/40hc-merikontti-miiu9914978-parnu\\\/#breadcrumb\",\"itemListElement\":[{\"@type\":\"ListItem\",\"position\":1,\"name\":\"Home\",\"item\":\"https:\\\/\\\/miil.dev.almic.ee\\\/fi\\\/\"},{\"@type\":\"ListItem\",\"position\":2,\"name\":\"Kauppa\",\"item\":\"https:\\\/\\\/miil.dev.almic.ee\\\/fi\\\/kauppa\\\/\"},{\"@type\":\"ListItem\",\"position\":3,\"name\":\"40HC Merikontti MIIU9914978 &#8211; P\u00c4RNU\"}]},{\"@type\":\"WebSite\",\"@id\":\"https:\\\/\\\/miil.dev.almic.ee\\\/#website\",\"url\":\"https:\\\/\\\/miil.dev.almic.ee\\\/\",\"name\":\"Miil O\u00dc\",\"description\":\"Konteinerveod\",\"publisher\":{\"@id\":\"https:\\\/\\\/miil.dev.almic.ee\\\/#organization\"},\"potentialAction\":[{\"@type\":\"SearchAction\",\"target\":{\"@type\":\"EntryPoint\",\"urlTemplate\":\"https:\\\/\\\/miil.dev.almic.ee\\\/?s={search_term_string}\"},\"query-input\":{\"@type\":\"PropertyValueSpecification\",\"valueRequired\":true,\"valueName\":\"search_term_string\"}}],\"inLanguage\":\"fi\"},{\"@type\":\"Organization\",\"@id\":\"https:\\\/\\\/miil.dev.almic.ee\\\/#organization\",\"name\":\"Miil O\u00dc\",\"url\":\"https:\\\/\\\/miil.dev.almic.ee\\\/\",\"logo\":{\"@type\":\"ImageObject\",\"inLanguage\":\"fi\",\"@id\":\"https:\\\/\\\/miil.dev.almic.ee\\\/#\\\/schema\\\/logo\\\/image\\\/\",\"url\":\"https:\\\/\\\/www.miil.ee\\\/wp-content\\\/uploads\\\/2022\\\/02\\\/Miil-logo.svg\",\"contentUrl\":\"https:\\\/\\\/www.miil.ee\\\/wp-content\\\/uploads\\\/2022\\\/02\\\/Miil-logo.svg\",\"width\":\"1024\",\"height\":\"1024\",\"caption\":\"Miil O\u00dc\"},\"image\":{\"@id\":\"https:\\\/\\\/miil.dev.almic.ee\\\/#\\\/schema\\\/logo\\\/image\\\/\"},\"sameAs\":[\"https:\\\/\\\/www.facebook.com\\\/konteinerveod\\\/\",\"https:\\\/\\\/www.instagram.com\\\/ou_miil\\\/\"]}]}<\/script>\n<meta property=\"product:price:amount\" content=\"1790.00\" \/>\n<meta property=\"product:price:currency\" content=\"EUR\" \/>\n<meta property=\"og:availability\" content=\"out of stock\" \/>\n<meta property=\"product:availability\" content=\"out of stock\" \/>\n<meta property=\"product:retailer_item_id\" content=\"MIIU9914978\" \/>\n<meta property=\"product:condition\" content=\"new\" \/>\n<!-- \/ Yoast SEO Premium plugin. -->","yoast_head_json":{"title":"Myyt\u00e4v\u00e4n\u00e4 merikontit P\u00e4rnu MIIU9914978 - Miil O\u00dc","description":"Myyt\u00e4v\u00e4n\u00e4 merikontit P\u00e4rnu MIIU9914978 merikontit, kontitt, kontti, containex myynti, merikontit myynti, transport, terminal service","robots":{"index":"index","follow":"follow","max-snippet":"max-snippet:-1","max-image-preview":"max-image-preview:large","max-video-preview":"max-video-preview:-1"},"canonical":"https:\/\/miil.dev.almic.ee\/fi\/toode\/40hc-merikontti-miiu9914978-parnu\/","og_locale":"fi_FI","og_type":"article","og_title":"40HC Merikontti MIIU9914978 - P\u00c4RNU","og_description":"Myyt\u00e4v\u00e4n\u00e4 merikontit P\u00e4rnu MIIU9914978 merikontit, kontitt, kontti, containex myynti, merikontit myynti, transport, terminal service","og_url":"https:\/\/miil.dev.almic.ee\/fi\/toode\/40hc-merikontti-miiu9914978-parnu\/","og_site_name":"Miil O\u00dc","article_publisher":"https:\/\/www.facebook.com\/konteinerveod\/","article_modified_time":"2025-08-15T12:46:44+00:00","og_image":[{"width":1900,"height":1425,"url":"https:\/\/miil.dev.almic.ee\/wp-content\/uploads\/2025\/08\/40HC-Merekonteiner-MIIU9914978-\u2013-Parnu-1-scaled.jpg","type":"image\/jpeg"}],"twitter_card":"summary_large_image","twitter_misc":{"Hinta":"1790,00&nbsp;&euro;","Saatavuus":"Loppu varastosta"},"schema":{"@context":"https:\/\/schema.org","@graph":[{"@type":"WebPage","@id":"https:\/\/miil.dev.almic.ee\/fi\/toode\/40hc-merikontti-miiu9914978-parnu\/","url":"https:\/\/miil.dev.almic.ee\/fi\/toode\/40hc-merikontti-miiu9914978-parnu\/","name":"Myyt\u00e4v\u00e4n\u00e4 merikontit P\u00e4rnu MIIU9914978 - Miil O\u00dc","isPartOf":{"@id":"https:\/\/miil.dev.almic.ee\/#website"},"primaryImageOfPage":{"@id":"https:\/\/miil.dev.almic.ee\/fi\/toode\/40hc-merikontti-miiu9914978-parnu\/#primaryimage"},"image":{"@id":"https:\/\/miil.dev.almic.ee\/fi\/toode\/40hc-merikontti-miiu9914978-parnu\/#primaryimage"},"thumbnailUrl":"https:\/\/miil.dev.almic.ee\/wp-content\/uploads\/2025\/08\/40HC-Merekonteiner-MIIU9914978-\u2013-Parnu-1-scaled.jpg","datePublished":"2025-08-15T12:41:32+00:00","dateModified":"2025-08-15T12:46:44+00:00","description":"Myyt\u00e4v\u00e4n\u00e4 merikontit P\u00e4rnu MIIU9914978 merikontit, kontitt, kontti, containex myynti, merikontit myynti, transport, terminal service","breadcrumb":{"@id":"https:\/\/miil.dev.almic.ee\/fi\/toode\/40hc-merikontti-miiu9914978-parnu\/#breadcrumb"},"inLanguage":"fi","potentialAction":[{"@type":"ReadAction","target":["https:\/\/miil.dev.almic.ee\/fi\/toode\/40hc-merikontti-miiu9914978-parnu\/"]}]},{"@type":"ImageObject","inLanguage":"fi","@id":"https:\/\/miil.dev.almic.ee\/fi\/toode\/40hc-merikontti-miiu9914978-parnu\/#primaryimage","url":"https:\/\/miil.dev.almic.ee\/wp-content\/uploads\/2025\/08\/40HC-Merekonteiner-MIIU9914978-\u2013-Parnu-1-scaled.jpg","contentUrl":"https:\/\/miil.dev.almic.ee\/wp-content\/uploads\/2025\/08\/40HC-Merekonteiner-MIIU9914978-\u2013-Parnu-1-scaled.jpg","width":1900,"height":1425},{"@type":"BreadcrumbList","@id":"https:\/\/miil.dev.almic.ee\/fi\/toode\/40hc-merikontti-miiu9914978-parnu\/#breadcrumb","itemListElement":[{"@type":"ListItem","position":1,"name":"Home","item":"https:\/\/miil.dev.almic.ee\/fi\/"},{"@type":"ListItem","position":2,"name":"Kauppa","item":"https:\/\/miil.dev.almic.ee\/fi\/kauppa\/"},{"@type":"ListItem","position":3,"name":"40HC Merikontti MIIU9914978 &#8211; P\u00c4RNU"}]},{"@type":"WebSite","@id":"https:\/\/miil.dev.almic.ee\/#website","url":"https:\/\/miil.dev.almic.ee\/","name":"Miil O\u00dc","description":"Konteinerveod","publisher":{"@id":"https:\/\/miil.dev.almic.ee\/#organization"},"potentialAction":[{"@type":"SearchAction","target":{"@type":"EntryPoint","urlTemplate":"https:\/\/miil.dev.almic.ee\/?s={search_term_string}"},"query-input":{"@type":"PropertyValueSpecification","valueRequired":true,"valueName":"search_term_string"}}],"inLanguage":"fi"},{"@type":"Organization","@id":"https:\/\/miil.dev.almic.ee\/#organization","name":"Miil O\u00dc","url":"https:\/\/miil.dev.almic.ee\/","logo":{"@type":"ImageObject","inLanguage":"fi","@id":"https:\/\/miil.dev.almic.ee\/#\/schema\/logo\/image\/","url":"https:\/\/www.miil.ee\/wp-content\/uploads\/2022\/02\/Miil-logo.svg","contentUrl":"https:\/\/www.miil.ee\/wp-content\/uploads\/2022\/02\/Miil-logo.svg","width":"1024","height":"1024","caption":"Miil O\u00dc"},"image":{"@id":"https:\/\/miil.dev.almic.ee\/#\/schema\/logo\/image\/"},"sameAs":["https:\/\/www.facebook.com\/konteinerveod\/","https:\/\/www.instagram.com\/ou_miil\/"]}]},"product_price_amount":"1790.00","product_price_currency":"EUR","og_availability":"out of stock","product_availability":"out of stock","product_retailer_item_id":"MIIU9914978","product_condition":"new"},"_links":{"self":[{"href":"https:\/\/miil.dev.almic.ee\/fi\/wp-json\/wp\/v2\/product\/109218","targetHints":{"allow":["GET"]}}],"collection":[{"href":"https:\/\/miil.dev.almic.ee\/fi\/wp-json\/wp\/v2\/product"}],"about":[{"href":"https:\/\/miil.dev.almic.ee\/fi\/wp-json\/wp\/v2\/types\/product"}],"replies":[{"embeddable":true,"href":"https:\/\/miil.dev.almic.ee\/fi\/wp-json\/wp\/v2\/comments?post=109218"}],"wp:featuredmedia":[{"embeddable":true,"href":"https:\/\/miil.dev.almic.ee\/fi\/wp-json\/wp\/v2\/media\/109223"}],"wp:attachment":[{"href":"https:\/\/miil.dev.almic.ee\/fi\/wp-json\/wp\/v2\/media?parent=109218"}],"wp:term":[{"taxonomy":"product_cat","embeddable":true,"href":"https:\/\/miil.dev.almic.ee\/fi\/wp-json\/wp\/v2\/product_cat?post=109218"},{"taxonomy":"product_tag","embeddable":true,"href":"https:\/\/miil.dev.almic.ee\/fi\/wp-json\/wp\/v2\/product_tag?post=109218"}],"curies":[{"name":"wp","href":"https:\/\/api.w.org\/{rel}","templated":true}]}}