{"id":108678,"date":"2025-07-30T11:14:07","date_gmt":"2025-07-30T08:14:08","guid":{"rendered":"https:\/\/www.miil.ee\/?post_type=product&#038;p=108678"},"modified":"2025-07-30T12:49:26","modified_gmt":"2025-07-30T09:49:26","slug":"20os-miiu0951007-merikontti-spill-box-tallinn-tilauksesta","status":"publish","type":"product","link":"https:\/\/miil.dev.almic.ee\/fi\/toode\/20os-miiu0951007-merikontti-spill-box-tallinn-tilauksesta\/","title":{"rendered":"20OS MIIU0951007 Merikontti Spill box &#8211; TALLINN (tilauksesta)"},"content":{"rendered":"<h1>Avosivu merikontti Spill box &#8221;yhdensuuntainen&#8221; MIIU0951007.<\/h1>\n<p>Katso t\u00e4st\u00e4 <a href=\"https:\/\/www.tiktok.com\/@merekonteiner\/video\/7385505214930963744\">VIDEOsta<\/a>, kuinka ovet aukeavat sivulta.<\/p>\n<p>Sivulle avautuva merikontti &#8221;yhteen suuntaan&#8221; Spill box MIIU0951007 on uusi ja edustava ratkaisu kotipihalle tai liiketilaan.<br \/>\nKaikki kontit valmistetaan Aasiassa.<br \/>\nT\u00e4m\u00e4n s\u00e4ili\u00f6n koko sivu + yksi p\u00e4\u00e4 avautuu.<br \/>\nUudet kontit siirtyv\u00e4t terminaaliimme yksisuuntaisella lastilla v\u00e4ltt\u00e4\u00e4kseen kuljetuskustannuksia, jotka muutoin nostaisivat kontin hintaa.<br \/>\nT\u00e4m\u00e4 antaa englanninkielisen nimen &#8221;one-way&#8221; tai &#8221;one-way&#8221; kontti.<\/p>\n<p>*S\u00e4\u00e4nkest\u00e4vyyden takuu 50 vuotta.<br \/>\n*Kuvat vastaavat mainostettua pakkausta.<br \/>\n* S\u00e4ili\u00f6ss\u00e4 voi olla pieni\u00e4 kosmeettisia vikoja kuljetuksen aikana.<br \/>\n* S\u00e4ili\u00f6t on valmistettu s\u00e4\u00e4nkest\u00e4v\u00e4st\u00e4 ter\u00e4ksest\u00e4.<br \/>\n*S\u00e4il\u00f6ss\u00e4 on yhteens\u00e4 nelj\u00e4 linkki\u00e4 ja siihen voidaan asentaa 3+ lukkoa.<br \/>\n*Lahtikontissa on yhteens\u00e4 kolme linkki\u00e4, jotka ovat korkeammat kuin merikonttilinkit.<br \/>\n*Lukon kansi sijaitsee kahden oven keskell\u00e4.<br \/>\n*Lis\u00e4tuuletus sivuilla, joissain tapauksissa my\u00f6s p\u00e4iss\u00e4.<br \/>\n*Maksa my\u00f6hemmin -vaihtoehto saatavilla &#8211; Inbank.ee alennuskoodilla &#8221;KONTEINER&#8221;.<br \/>\n* Merikontin vuokraus mahdollinen sopimuksen mukaan.<br \/>\n*Parhaan hinnan takuu!<\/p>\n<h2>Miten kontin hinta lasketaan?<\/h2>\n<p>Merikontin hinta riippuu monesta asiasta, mutta myyntihinta liittyy yleens\u00e4 kontin kuntoon.<br \/>\nHintaan vaikuttavat my\u00f6s kontin hankintahinta, kontin saapumistapa terminaaliin, kontin sijainti terminaalissa ja onko kontista loppuneet lis\u00e4kulut, kuten v\u00e4lisiivous, sis\u00e4siivous tai remontti. . Jotta voimme palvella asiakkaitamme paremmin, myyntipisteemme sijaitsevat eri puolilla Viroa. P\u00e4\u00e4kaupungin ulkopuolella olevan kontin hinta riippuu my\u00f6s siit\u00e4, miten se kuljetetaan terminaalien v\u00e4lill\u00e4.<\/p>\n<h2>Avosivu merikontti &#8221;yhdensuuntainen&#8221; Spill box MIIU0951007 \u2013 Kuljetus ja nosto?<\/h2>\n<p>Sopivan kontin valinnan j\u00e4lkeen voimme hoitaa pakkaamisen ja kuljetuksen.<br \/>\nK\u00e4yt\u00e4mme kuljetukseen\u00a0<a href=\"https:\/\/www.miil.ee\/fi\/palvelut\/nosturi\/\">nosturia<\/a>\u00a0tai\u00a0<a href=\"https:\/\/www.miil.ee\/fi\/palvelut\/sideloader\/\">sideloader<\/a><br \/>\nmonimutkaisempi kuljetus on mahdollista\u00a0<a href=\"https:\/\/www.miil.ee\/fi\/palvelut\/ram-kippauslaite\/\">RAM per\u00e4vaunulla<\/a>.<br \/>\nKun olet ostanut sen, s\u00e4ilyt\u00e4mme konttisi terminaalissamme maksutta jopa kuusi kuukautta.<br \/>\nAina on mahdollista sopia pidemm\u00e4st\u00e4kin ajanjaksosta.<br \/>\nEsimerkiksi jos paikka ei ole viel\u00e4 valmis tai k\u00e4ytett\u00e4viss\u00e4 kontin toimittamiseksi.<br \/>\nT\u00e4ll\u00f6in kontin hinta ei muutu ja voit olla varma, ett\u00e4 saat valitun kontin sovittuna aikana.<\/p>\n<ul>\n<li>Parhaan hinnan takuu \u2013 teemme aina parhaan tarjouksen kontista.<\/li>\n<\/ul>\n<p>Seuraa meit\u00e4\u00a0<a href=\"https:\/\/www.facebook.com\/konteinerveod\/\">Facebook<\/a>\u00a0tai\u00a0<a href=\"https:\/\/www.instagram.com\/ou_miil\/\">Instagram<\/a><\/p>\n","protected":false},"excerpt":{"rendered":"<p>Avosivu merikontti &#8221;yhdensuuntainen&#8221; Spill box on uusi, s\u00e4\u00e4nkest\u00e4v\u00e4 ja korkealaatuinen ratkaisu, jossa koko sivu ja yksi p\u00e4\u00e4 avautuvat, ja sen takuu on 50 vuotta. Kontin voi ostaa tai vuokrata, ja siihen liittyy kuljetus, varastointi sek\u00e4 paras hinta-takuu.<\/p>\n","protected":false},"featured_media":108683,"comment_status":"closed","ping_status":"closed","template":"","meta":{"_acf_changed":false},"product_cat":[355,467],"product_tag":[],"class_list":{"0":"post-108678","1":"product","2":"type-product","3":"status-publish","4":"has-post-thumbnail","6":"product_cat-uudet-kontit","7":"product_cat-20os-avattava-sivu","9":"first","10":"instock","11":"sale","12":"shipping-taxable","13":"purchasable","14":"product-type-simple"},"acf":[],"yoast_head":"<!-- This site is optimized with the Yoast SEO Premium plugin v23.9 (Yoast SEO v27.5) - https:\/\/yoast.com\/product\/yoast-seo-premium-wordpress\/ -->\n<title>Avosivu merikontti &quot;yhdensuuntainen&quot; Spill box MIIU0951007 - Miil O\u00dc<\/title>\n<meta name=\"description\" content=\"Avosivu merikontti &quot;yhdensuuntainen&quot; Spill box MIIU0951007 | Vaarallisten aineiden kontti, Kemikaalikontti, Valuma-altaalla varustettu kontti,\" \/>\n<meta name=\"robots\" content=\"index, follow, max-snippet:-1, max-image-preview:large, max-video-preview:-1\" \/>\n<link rel=\"canonical\" href=\"https:\/\/miil.dev.almic.ee\/fi\/toode\/20os-miiu0951007-merikontti-spill-box-tallinn-tilauksesta\/\" \/>\n<meta property=\"og:locale\" content=\"fi_FI\" \/>\n<meta property=\"og:type\" content=\"article\" \/>\n<meta property=\"og:title\" content=\"20OS MIIU0951007 Merikontti Spill box - TALLINN (tilauksesta)\" \/>\n<meta property=\"og:description\" content=\"Avosivu merikontti &quot;yhdensuuntainen&quot; Spill box MIIU0951007 | Vaarallisten aineiden kontti, Kemikaalikontti, Valuma-altaalla varustettu kontti,\" \/>\n<meta property=\"og:url\" content=\"https:\/\/miil.dev.almic.ee\/fi\/toode\/20os-miiu0951007-merikontti-spill-box-tallinn-tilauksesta\/\" \/>\n<meta property=\"og:site_name\" content=\"Miil O\u00dc\" \/>\n<meta property=\"article:publisher\" content=\"https:\/\/www.facebook.com\/konteinerveod\/\" \/>\n<meta property=\"article:modified_time\" content=\"2025-07-30T09:49:26+00:00\" \/>\n<meta property=\"og:image\" content=\"https:\/\/miil.dev.almic.ee\/wp-content\/uploads\/2025\/07\/Kuljelt-avatav-merekonteiner-lekkevanniga-1.jpg\" \/>\n\t<meta property=\"og:image:width\" content=\"800\" \/>\n\t<meta property=\"og:image:height\" content=\"599\" \/>\n\t<meta property=\"og:image:type\" content=\"image\/jpeg\" \/>\n<meta name=\"twitter:card\" content=\"summary_large_image\" \/>\n<meta name=\"twitter:label1\" content=\"Hinta\" \/>\n\t<meta name=\"twitter:data1\" content=\"11950,00&nbsp;&euro;\" \/>\n\t<meta name=\"twitter:label2\" content=\"Saatavuus\" \/>\n\t<meta name=\"twitter:data2\" content=\"Varastossa\" \/>\n<script type=\"application\/ld+json\" class=\"yoast-schema-graph\">{\"@context\":\"https:\\\/\\\/schema.org\",\"@graph\":[{\"@type\":\"WebPage\",\"@id\":\"https:\\\/\\\/miil.dev.almic.ee\\\/fi\\\/toode\\\/20os-miiu0951007-merikontti-spill-box-tallinn-tilauksesta\\\/\",\"url\":\"https:\\\/\\\/miil.dev.almic.ee\\\/fi\\\/toode\\\/20os-miiu0951007-merikontti-spill-box-tallinn-tilauksesta\\\/\",\"name\":\"Avosivu merikontti \\\"yhdensuuntainen\\\" Spill box MIIU0951007 - Miil O\u00dc\",\"isPartOf\":{\"@id\":\"https:\\\/\\\/miil.dev.almic.ee\\\/#website\"},\"primaryImageOfPage\":{\"@id\":\"https:\\\/\\\/miil.dev.almic.ee\\\/fi\\\/toode\\\/20os-miiu0951007-merikontti-spill-box-tallinn-tilauksesta\\\/#primaryimage\"},\"image\":{\"@id\":\"https:\\\/\\\/miil.dev.almic.ee\\\/fi\\\/toode\\\/20os-miiu0951007-merikontti-spill-box-tallinn-tilauksesta\\\/#primaryimage\"},\"thumbnailUrl\":\"https:\\\/\\\/miil.dev.almic.ee\\\/wp-content\\\/uploads\\\/2025\\\/07\\\/Kuljelt-avatav-merekonteiner-lekkevanniga-1.jpg\",\"datePublished\":\"2025-07-30T08:14:08+00:00\",\"dateModified\":\"2025-07-30T09:49:26+00:00\",\"description\":\"Avosivu merikontti \\\"yhdensuuntainen\\\" Spill box MIIU0951007 | Vaarallisten aineiden kontti, Kemikaalikontti, Valuma-altaalla varustettu kontti,\",\"breadcrumb\":{\"@id\":\"https:\\\/\\\/miil.dev.almic.ee\\\/fi\\\/toode\\\/20os-miiu0951007-merikontti-spill-box-tallinn-tilauksesta\\\/#breadcrumb\"},\"inLanguage\":\"fi\",\"potentialAction\":[{\"@type\":\"ReadAction\",\"target\":[\"https:\\\/\\\/miil.dev.almic.ee\\\/fi\\\/toode\\\/20os-miiu0951007-merikontti-spill-box-tallinn-tilauksesta\\\/\"]}]},{\"@type\":\"ImageObject\",\"inLanguage\":\"fi\",\"@id\":\"https:\\\/\\\/miil.dev.almic.ee\\\/fi\\\/toode\\\/20os-miiu0951007-merikontti-spill-box-tallinn-tilauksesta\\\/#primaryimage\",\"url\":\"https:\\\/\\\/miil.dev.almic.ee\\\/wp-content\\\/uploads\\\/2025\\\/07\\\/Kuljelt-avatav-merekonteiner-lekkevanniga-1.jpg\",\"contentUrl\":\"https:\\\/\\\/miil.dev.almic.ee\\\/wp-content\\\/uploads\\\/2025\\\/07\\\/Kuljelt-avatav-merekonteiner-lekkevanniga-1.jpg\",\"width\":800,\"height\":599},{\"@type\":\"BreadcrumbList\",\"@id\":\"https:\\\/\\\/miil.dev.almic.ee\\\/fi\\\/toode\\\/20os-miiu0951007-merikontti-spill-box-tallinn-tilauksesta\\\/#breadcrumb\",\"itemListElement\":[{\"@type\":\"ListItem\",\"position\":1,\"name\":\"Home\",\"item\":\"https:\\\/\\\/miil.dev.almic.ee\\\/fi\\\/\"},{\"@type\":\"ListItem\",\"position\":2,\"name\":\"Kauppa\",\"item\":\"https:\\\/\\\/miil.dev.almic.ee\\\/fi\\\/kauppa\\\/\"},{\"@type\":\"ListItem\",\"position\":3,\"name\":\"20OS MIIU0951007 Merikontti Spill box &#8211; TALLINN (tilauksesta)\"}]},{\"@type\":\"WebSite\",\"@id\":\"https:\\\/\\\/miil.dev.almic.ee\\\/#website\",\"url\":\"https:\\\/\\\/miil.dev.almic.ee\\\/\",\"name\":\"Miil O\u00dc\",\"description\":\"Konteinerveod\",\"publisher\":{\"@id\":\"https:\\\/\\\/miil.dev.almic.ee\\\/#organization\"},\"potentialAction\":[{\"@type\":\"SearchAction\",\"target\":{\"@type\":\"EntryPoint\",\"urlTemplate\":\"https:\\\/\\\/miil.dev.almic.ee\\\/?s={search_term_string}\"},\"query-input\":{\"@type\":\"PropertyValueSpecification\",\"valueRequired\":true,\"valueName\":\"search_term_string\"}}],\"inLanguage\":\"fi\"},{\"@type\":\"Organization\",\"@id\":\"https:\\\/\\\/miil.dev.almic.ee\\\/#organization\",\"name\":\"Miil O\u00dc\",\"url\":\"https:\\\/\\\/miil.dev.almic.ee\\\/\",\"logo\":{\"@type\":\"ImageObject\",\"inLanguage\":\"fi\",\"@id\":\"https:\\\/\\\/miil.dev.almic.ee\\\/#\\\/schema\\\/logo\\\/image\\\/\",\"url\":\"https:\\\/\\\/www.miil.ee\\\/wp-content\\\/uploads\\\/2022\\\/02\\\/Miil-logo.svg\",\"contentUrl\":\"https:\\\/\\\/www.miil.ee\\\/wp-content\\\/uploads\\\/2022\\\/02\\\/Miil-logo.svg\",\"width\":\"1024\",\"height\":\"1024\",\"caption\":\"Miil O\u00dc\"},\"image\":{\"@id\":\"https:\\\/\\\/miil.dev.almic.ee\\\/#\\\/schema\\\/logo\\\/image\\\/\"},\"sameAs\":[\"https:\\\/\\\/www.facebook.com\\\/konteinerveod\\\/\",\"https:\\\/\\\/www.instagram.com\\\/ou_miil\\\/\"]}]}<\/script>\n<meta property=\"product:price:amount\" content=\"11950.00\" \/>\n<meta property=\"product:price:currency\" content=\"EUR\" \/>\n<meta property=\"og:availability\" content=\"instock\" \/>\n<meta property=\"product:availability\" content=\"instock\" \/>\n<meta property=\"product:retailer_item_id\" content=\"MIIU0951007\" \/>\n<meta property=\"product:condition\" content=\"new\" \/>\n<!-- \/ Yoast SEO Premium plugin. -->","yoast_head_json":{"title":"Avosivu merikontti \"yhdensuuntainen\" Spill box MIIU0951007 - Miil O\u00dc","description":"Avosivu merikontti \"yhdensuuntainen\" Spill box MIIU0951007 | Vaarallisten aineiden kontti, Kemikaalikontti, Valuma-altaalla varustettu kontti,","robots":{"index":"index","follow":"follow","max-snippet":"max-snippet:-1","max-image-preview":"max-image-preview:large","max-video-preview":"max-video-preview:-1"},"canonical":"https:\/\/miil.dev.almic.ee\/fi\/toode\/20os-miiu0951007-merikontti-spill-box-tallinn-tilauksesta\/","og_locale":"fi_FI","og_type":"article","og_title":"20OS MIIU0951007 Merikontti Spill box - TALLINN (tilauksesta)","og_description":"Avosivu merikontti \"yhdensuuntainen\" Spill box MIIU0951007 | Vaarallisten aineiden kontti, Kemikaalikontti, Valuma-altaalla varustettu kontti,","og_url":"https:\/\/miil.dev.almic.ee\/fi\/toode\/20os-miiu0951007-merikontti-spill-box-tallinn-tilauksesta\/","og_site_name":"Miil O\u00dc","article_publisher":"https:\/\/www.facebook.com\/konteinerveod\/","article_modified_time":"2025-07-30T09:49:26+00:00","og_image":[{"width":800,"height":599,"url":"https:\/\/miil.dev.almic.ee\/wp-content\/uploads\/2025\/07\/Kuljelt-avatav-merekonteiner-lekkevanniga-1.jpg","type":"image\/jpeg"}],"twitter_card":"summary_large_image","twitter_misc":{"Hinta":"11950,00&nbsp;&euro;","Saatavuus":"Varastossa"},"schema":{"@context":"https:\/\/schema.org","@graph":[{"@type":"WebPage","@id":"https:\/\/miil.dev.almic.ee\/fi\/toode\/20os-miiu0951007-merikontti-spill-box-tallinn-tilauksesta\/","url":"https:\/\/miil.dev.almic.ee\/fi\/toode\/20os-miiu0951007-merikontti-spill-box-tallinn-tilauksesta\/","name":"Avosivu merikontti \"yhdensuuntainen\" Spill box MIIU0951007 - Miil O\u00dc","isPartOf":{"@id":"https:\/\/miil.dev.almic.ee\/#website"},"primaryImageOfPage":{"@id":"https:\/\/miil.dev.almic.ee\/fi\/toode\/20os-miiu0951007-merikontti-spill-box-tallinn-tilauksesta\/#primaryimage"},"image":{"@id":"https:\/\/miil.dev.almic.ee\/fi\/toode\/20os-miiu0951007-merikontti-spill-box-tallinn-tilauksesta\/#primaryimage"},"thumbnailUrl":"https:\/\/miil.dev.almic.ee\/wp-content\/uploads\/2025\/07\/Kuljelt-avatav-merekonteiner-lekkevanniga-1.jpg","datePublished":"2025-07-30T08:14:08+00:00","dateModified":"2025-07-30T09:49:26+00:00","description":"Avosivu merikontti \"yhdensuuntainen\" Spill box MIIU0951007 | Vaarallisten aineiden kontti, Kemikaalikontti, Valuma-altaalla varustettu kontti,","breadcrumb":{"@id":"https:\/\/miil.dev.almic.ee\/fi\/toode\/20os-miiu0951007-merikontti-spill-box-tallinn-tilauksesta\/#breadcrumb"},"inLanguage":"fi","potentialAction":[{"@type":"ReadAction","target":["https:\/\/miil.dev.almic.ee\/fi\/toode\/20os-miiu0951007-merikontti-spill-box-tallinn-tilauksesta\/"]}]},{"@type":"ImageObject","inLanguage":"fi","@id":"https:\/\/miil.dev.almic.ee\/fi\/toode\/20os-miiu0951007-merikontti-spill-box-tallinn-tilauksesta\/#primaryimage","url":"https:\/\/miil.dev.almic.ee\/wp-content\/uploads\/2025\/07\/Kuljelt-avatav-merekonteiner-lekkevanniga-1.jpg","contentUrl":"https:\/\/miil.dev.almic.ee\/wp-content\/uploads\/2025\/07\/Kuljelt-avatav-merekonteiner-lekkevanniga-1.jpg","width":800,"height":599},{"@type":"BreadcrumbList","@id":"https:\/\/miil.dev.almic.ee\/fi\/toode\/20os-miiu0951007-merikontti-spill-box-tallinn-tilauksesta\/#breadcrumb","itemListElement":[{"@type":"ListItem","position":1,"name":"Home","item":"https:\/\/miil.dev.almic.ee\/fi\/"},{"@type":"ListItem","position":2,"name":"Kauppa","item":"https:\/\/miil.dev.almic.ee\/fi\/kauppa\/"},{"@type":"ListItem","position":3,"name":"20OS MIIU0951007 Merikontti Spill box &#8211; TALLINN (tilauksesta)"}]},{"@type":"WebSite","@id":"https:\/\/miil.dev.almic.ee\/#website","url":"https:\/\/miil.dev.almic.ee\/","name":"Miil O\u00dc","description":"Konteinerveod","publisher":{"@id":"https:\/\/miil.dev.almic.ee\/#organization"},"potentialAction":[{"@type":"SearchAction","target":{"@type":"EntryPoint","urlTemplate":"https:\/\/miil.dev.almic.ee\/?s={search_term_string}"},"query-input":{"@type":"PropertyValueSpecification","valueRequired":true,"valueName":"search_term_string"}}],"inLanguage":"fi"},{"@type":"Organization","@id":"https:\/\/miil.dev.almic.ee\/#organization","name":"Miil O\u00dc","url":"https:\/\/miil.dev.almic.ee\/","logo":{"@type":"ImageObject","inLanguage":"fi","@id":"https:\/\/miil.dev.almic.ee\/#\/schema\/logo\/image\/","url":"https:\/\/www.miil.ee\/wp-content\/uploads\/2022\/02\/Miil-logo.svg","contentUrl":"https:\/\/www.miil.ee\/wp-content\/uploads\/2022\/02\/Miil-logo.svg","width":"1024","height":"1024","caption":"Miil O\u00dc"},"image":{"@id":"https:\/\/miil.dev.almic.ee\/#\/schema\/logo\/image\/"},"sameAs":["https:\/\/www.facebook.com\/konteinerveod\/","https:\/\/www.instagram.com\/ou_miil\/"]}]},"product_price_amount":"11950.00","product_price_currency":"EUR","og_availability":"instock","product_availability":"instock","product_retailer_item_id":"MIIU0951007","product_condition":"new"},"_links":{"self":[{"href":"https:\/\/miil.dev.almic.ee\/fi\/wp-json\/wp\/v2\/product\/108678","targetHints":{"allow":["GET"]}}],"collection":[{"href":"https:\/\/miil.dev.almic.ee\/fi\/wp-json\/wp\/v2\/product"}],"about":[{"href":"https:\/\/miil.dev.almic.ee\/fi\/wp-json\/wp\/v2\/types\/product"}],"replies":[{"embeddable":true,"href":"https:\/\/miil.dev.almic.ee\/fi\/wp-json\/wp\/v2\/comments?post=108678"}],"wp:featuredmedia":[{"embeddable":true,"href":"https:\/\/miil.dev.almic.ee\/fi\/wp-json\/wp\/v2\/media\/108683"}],"wp:attachment":[{"href":"https:\/\/miil.dev.almic.ee\/fi\/wp-json\/wp\/v2\/media?parent=108678"}],"wp:term":[{"taxonomy":"product_cat","embeddable":true,"href":"https:\/\/miil.dev.almic.ee\/fi\/wp-json\/wp\/v2\/product_cat?post=108678"},{"taxonomy":"product_tag","embeddable":true,"href":"https:\/\/miil.dev.almic.ee\/fi\/wp-json\/wp\/v2\/product_tag?post=108678"}],"curies":[{"name":"wp","href":"https:\/\/api.w.org\/{rel}","templated":true}]}}