{"id":108638,"date":"2025-07-29T15:39:04","date_gmt":"2025-07-29T12:39:05","guid":{"rendered":"https:\/\/www.miil.ee\/?post_type=product&#038;p=108638"},"modified":"2025-07-29T15:52:25","modified_gmt":"2025-07-29T12:52:25","slug":"containex-standard-premium-rullaovella-toimisto-ja-tyomaakontti-miiu7312","status":"publish","type":"product","link":"https:\/\/miil.dev.almic.ee\/fi\/toode\/containex-standard-premium-rullaovella-toimisto-ja-tyomaakontti-miiu7312\/","title":{"rendered":"Containex Standard Premium rullaovella &#8211; toimisto- ja ty\u00f6maakontti MIIU7312"},"content":{"rendered":"<h1 data-start=\"0\" data-end=\"60\"><strong data-start=\"0\" data-end=\"60\">Containex Standard Premium rullaovella &#8211; MIIU7312 \u2013 Tekninen kuvaus:<\/strong><\/h1>\n<p data-start=\"62\" data-end=\"101\"><strong data-start=\"62\" data-end=\"101\">Containex Standard Premium rullaovella &#8211; MIIU7312 eristys:<\/strong><\/p>\n<ul>\n<li data-start=\"103\" data-end=\"188\">Sein\u00e4t 60 mm PU vaahto<\/li>\n<li data-start=\"103\" data-end=\"188\">Katto 100 mm mineraalivilla<\/li>\n<li data-start=\"103\" data-end=\"188\">Lattia 100 mm mineraalivilla<\/li>\n<\/ul>\n<p data-start=\"190\" data-end=\"227\"><strong data-start=\"190\" data-end=\"227\">Containex Standard Premium mitat:<\/strong><\/p>\n<ul>\n<li data-start=\"229\" data-end=\"376\">Ulkopituudet: 2,435 m leveys x 6,055 m pituus x 2,591 m korkeus<\/li>\n<li data-start=\"229\" data-end=\"376\">Sis\u00e4mitat: 2,24 m leveys x 5,86 m pituus x 2,34 m korkeus<\/li>\n<li data-start=\"229\" data-end=\"376\">Paino: noin 2000 kg<\/li>\n<\/ul>\n<p data-start=\"378\" data-end=\"408\"><strong data-start=\"378\" data-end=\"408\">Ulkov\u00e4ri ja lis\u00e4varusteet:<\/strong><\/p>\n<ul>\n<li data-start=\"410\" data-end=\"825\">Ulkov\u00e4ri vaaleanharmaa RAL7035<\/li>\n<li data-start=\"410\" data-end=\"825\">Ulkoverhous sinkitty pelti<\/li>\n<li data-start=\"410\" data-end=\"825\">Kaksi ikkunaa<\/li>\n<li data-start=\"410\" data-end=\"825\">Turvaverhot<\/li>\n<li data-start=\"410\" data-end=\"825\">Yksi metallinen ovi<\/li>\n<li data-start=\"410\" data-end=\"825\">Katto valssattu sinkkipelti<\/li>\n<li data-start=\"410\" data-end=\"825\">Sis\u00e4sein\u00e4t helposti puhdistettava maalattu pelti<\/li>\n<li data-start=\"410\" data-end=\"825\">Kaksi LED-valaisinta<\/li>\n<li data-start=\"410\" data-end=\"825\">L\u00e4mmitin<\/li>\n<li data-start=\"410\" data-end=\"825\">Pistorasiat molempien ikkunoiden alla + erillisess\u00e4 paneelissa<\/li>\n<li data-start=\"410\" data-end=\"825\">Ulkos\u00e4hk\u00f6liit\u00e4nt\u00e4 32A pistoke katon reunassa, mahdollista jatkaa ulkoisen virran k\u00e4ytt\u00f6\u00e4 tai yhdist\u00e4\u00e4 toiseen moduuliin<\/li>\n<\/ul>\n<p data-start=\"827\" data-end=\"1213\">M\u00f6kki koostuu moduuleista \u2013 pitk\u00e4ss\u00e4 sivussa viisi ja lyhyess\u00e4 kaksi moduulia.<br data-start=\"905\" data-end=\"908\" \/>Ikkunoiden ja ovien sijainti on vapaasti valittavissa, kuvassa esimerkki valmiista mallista.<br data-start=\"1000\" data-end=\"1003\" \/>Paikan p\u00e4\u00e4ll\u00e4 on aina yksi esittelykappale t\u00e4st\u00e4 mallista, ja jos ikkunoiden ja ovien sijainti ei ole t\u00e4rke\u00e4, sen voi ostaa saman tien.<br data-start=\"1138\" data-end=\"1141\" \/>Uuden m\u00f6kin toimitamme yleens\u00e4 muutaman p\u00e4iv\u00e4n sis\u00e4ll\u00e4 maksun j\u00e4lkeen.<\/p>\n<p data-start=\"1215\" data-end=\"1750\">M\u00f6kkien myynti ja vuokraus. Containex Standard Premium on oman luokkansa selke\u00e4 markkinajohtaja.<br data-start=\"1311\" data-end=\"1314\" \/>Uusissa Containex-malleissa seinien eristykseen k\u00e4ytet\u00e4\u00e4n sandwich-paneeleja villan sijaan.<br data-start=\"1405\" data-end=\"1408\" \/>Sandwich-paneelin l\u00e4mm\u00f6neristyskyky on noin kaksi kertaa parempi kuin saman paksuisella villalla.<br data-start=\"1505\" data-end=\"1508\" \/>Myymiss\u00e4mme moduuleissa on my\u00f6s CE-merkint\u00e4, mik\u00e4 takaa, ett\u00e4 m\u00f6kki t\u00e4ytt\u00e4\u00e4 eurooppalaiset vaatimukset ja on turvallinen k\u00e4ytt\u00e4\u00e4.<br data-start=\"1637\" data-end=\"1640\" \/>Esimerkiksi s\u00e4hk\u00f6j\u00e4rjestelm\u00e4 on rakennettu standardien mukaisesti ja l\u00e4mm\u00f6neristys soveltuu Viron ilmastoon.<\/p>\n<p data-start=\"1752\" data-end=\"1869\">CE-merkint\u00e4 on my\u00f6s t\u00e4rke\u00e4 vakuutuksia varten, erityisesti jos m\u00f6kki asennetaan rakennuksen viereen tai sis\u00e4tiloihin.<\/p>\n<p data-start=\"1871\" data-end=\"1962\" data-is-last-node=\"\" data-is-only-node=\"\">Containex Standard Premium on saatavilla vaaleanharmaana RAL7035 ja tummanharmaana RAL7016.<\/p>\n<h2><strong>M\u00f6kki ja minitalo<\/strong><\/h2>\n<p>ohjaamon ei ole en\u00e4\u00e4 vain tilap\u00e4isen rakennuksen rakennusty\u00f6maa, vaan modernit laadukkaat pulttiliit\u00e4nn\u00e4t sopivat mainiosti kes\u00e4m\u00f6kille tai liiketilaan.<br \/>\nValmis minitalo ei tarvitse perustusta tai rakentajaa &#8211; tilaa ja nauti?<br \/>\nAsennus kest\u00e4\u00e4 alle 30 minuuttia ja talo voi myyd\u00e4 valmiin ratkaisun, eli se voidaan toimittaa samana p\u00e4iv\u00e4n\u00e4.<br \/>\nJos haluat valita ikkunan tai oven sijainnin, se vie enint\u00e4\u00e4n viikon.<br \/>\nLis\u00e4ty\u00f6t, kuten kattoty\u00f6t ja suuret ikkunat, viev\u00e4t noin nelj\u00e4 viikkoa.<\/p>\n<h2>Containex Standard Premium rullaovella &#8211; MIIU7312 &#8211; ostaa vai vuokrata?<\/h2>\n<p>Myynnin lis\u00e4ksi vuokraamme m\u00f6kkej\u00e4.<br \/>\nT\u00e4m\u00e4 ratkaisu on ihanteellinen, jos m\u00f6kki\u00e4 tarvitaan lyhytaikaiseen rakennusk\u00e4ytt\u00f6\u00f6n tai miksei sesonkim\u00f6kiksi, toimistoksi tai myyntipisteeksi.<br \/>\nm\u00f6kkivuokra on panttilainaus ja l\u00f6yd\u00e4mme jokaiselle asiakkaalle sopivan ratkaisun.<br \/>\nMeilt\u00e4 voit my\u00f6s vuokrata panoraamaikkunoita, puum\u00f6kkej\u00e4 tai vakiom\u00f6kkej\u00e4 ja minitaloja.<br \/>\nToimitamme ohjaamon ja asennamme sen asiakkaan toiveiden mukaan.<br \/>\nTarjoamme laajan valikoiman yhteisty\u00f6mahdollisuuksia esimerkiksi sesongin ulkopuoliseen varastointiin eri kaupungeissa ja osamaksuihin Inbank.ee:n kautta.<br \/>\nJos tarvitset yksi-, kaksi- tai monikerroksisen ratkaisun, olet oikeassa paikassa!<br \/>\nMik\u00e4\u00e4n projekti ei ole meille liian iso tai pieni, kysy rohkeasti, niin l\u00f6yd\u00e4mme yhdess\u00e4 parhaan ratkaisun.<\/p>\n<p>&nbsp;<\/p>\n<p>K\u00e4yt\u00e4mme kuljetukseen <a href=\"https:\/\/www.miil.ee\/fi\/palvelut\/nosturi\/\">nosturia<\/a> tai <a href=\"https:\/\/www.miil.ee\/fi\/palvelut\/sideloader\/\">sideloader<\/a><br \/>\nmonimutkaisempi kuljetus on mahdollista <a href=\"https:\/\/www.miil.ee\/fi\/palvelut\/ram-kippauslaite\/\">RAM per\u00e4vaunulla<\/a>.<\/p>\n<p>Seuraa meit\u00e4 <a href=\"https:\/\/www.facebook.com\/konteinerveod\/\">Facebook<\/a> tai <a href=\"https:\/\/www.instagram.com\/ou_miil\/\">Instagram<\/a><\/p>\n","protected":false},"excerpt":{"rendered":"<p>Containex Standard Premium rullaovella &#8211; MIIU7312 on CE-merkitty, hyvin eristetty ja korkealaatuinen moduulim\u00f6kki, joka soveltuu sek\u00e4 asumiseen ett\u00e4 liiketoimintaan. M\u00f6kki on saatavilla myyntiin tai vuokralle, ja sen toimitus ja asennus on nopeaa ja joustavaa asiakkaan toiveiden mukaan.<\/p>\n","protected":false},"featured_media":108648,"comment_status":"closed","ping_status":"closed","template":"","meta":{"_acf_changed":false},"product_cat":[343,407],"product_tag":[],"class_list":{"0":"post-108638","1":"product","2":"type-product","3":"status-publish","4":"has-post-thumbnail","6":"product_cat-eristekontit","7":"product_cat-uudet-toimistokontit","9":"first","10":"instock","11":"shipping-taxable","12":"purchasable","13":"product-type-simple"},"acf":[],"yoast_head":"<!-- This site is optimized with the Yoast SEO Premium plugin v23.9 (Yoast SEO v27.5) - https:\/\/yoast.com\/product\/yoast-seo-premium-wordpress\/ -->\n<title>Containex Standard Premium rullaovella - MIIU7312 - Miil O\u00dc<\/title>\n<meta name=\"description\" content=\"Containex Standard Premium rullaovella - MIIU7312 | Minitalot ja -m\u00f6kit | M\u00f6kkien vuokraus ja myynti | Kuljetus ja korjaukset | S\u00e4hk\u00f6ty\u00f6t ja l\u00e4mmitys\" \/>\n<meta name=\"robots\" content=\"index, follow, max-snippet:-1, max-image-preview:large, max-video-preview:-1\" \/>\n<link rel=\"canonical\" href=\"https:\/\/miil.dev.almic.ee\/fi\/toode\/containex-standard-premium-rullaovella-toimisto-ja-tyomaakontti-miiu7312\/\" \/>\n<meta property=\"og:locale\" content=\"fi_FI\" \/>\n<meta property=\"og:type\" content=\"article\" \/>\n<meta property=\"og:title\" content=\"Containex Standard Premium rullaovella - toimisto- ja ty\u00f6maakontti MIIU7312\" \/>\n<meta property=\"og:description\" content=\"Containex Standard Premium rullaovella - MIIU7312 | Minitalot ja -m\u00f6kit | M\u00f6kkien vuokraus ja myynti | Kuljetus ja korjaukset | S\u00e4hk\u00f6ty\u00f6t ja l\u00e4mmitys\" \/>\n<meta property=\"og:url\" content=\"https:\/\/miil.dev.almic.ee\/fi\/toode\/containex-standard-premium-rullaovella-toimisto-ja-tyomaakontti-miiu7312\/\" \/>\n<meta property=\"og:site_name\" content=\"Miil O\u00dc\" \/>\n<meta property=\"article:publisher\" content=\"https:\/\/www.facebook.com\/konteinerveod\/\" \/>\n<meta property=\"article:modified_time\" content=\"2025-07-29T12:52:25+00:00\" \/>\n<meta property=\"og:image\" content=\"https:\/\/miil.dev.almic.ee\/wp-content\/uploads\/2025\/07\/Containex-Standard-Tostuksega-2-scaled.jpg\" \/>\n\t<meta property=\"og:image:width\" content=\"1900\" \/>\n\t<meta property=\"og:image:height\" content=\"1425\" \/>\n\t<meta property=\"og:image:type\" content=\"image\/jpeg\" \/>\n<meta name=\"twitter:card\" content=\"summary_large_image\" \/>\n<meta name=\"twitter:label1\" content=\"Hinta\" \/>\n\t<meta name=\"twitter:data1\" content=\"8490,00&nbsp;&euro;\" \/>\n\t<meta name=\"twitter:label2\" content=\"Saatavuus\" \/>\n\t<meta name=\"twitter:data2\" content=\"Varastossa\" \/>\n<script type=\"application\/ld+json\" class=\"yoast-schema-graph\">{\"@context\":\"https:\\\/\\\/schema.org\",\"@graph\":[{\"@type\":\"WebPage\",\"@id\":\"https:\\\/\\\/miil.dev.almic.ee\\\/fi\\\/toode\\\/containex-standard-premium-rullaovella-toimisto-ja-tyomaakontti-miiu7312\\\/\",\"url\":\"https:\\\/\\\/miil.dev.almic.ee\\\/fi\\\/toode\\\/containex-standard-premium-rullaovella-toimisto-ja-tyomaakontti-miiu7312\\\/\",\"name\":\"Containex Standard Premium rullaovella - MIIU7312 - Miil O\u00dc\",\"isPartOf\":{\"@id\":\"https:\\\/\\\/miil.dev.almic.ee\\\/#website\"},\"primaryImageOfPage\":{\"@id\":\"https:\\\/\\\/miil.dev.almic.ee\\\/fi\\\/toode\\\/containex-standard-premium-rullaovella-toimisto-ja-tyomaakontti-miiu7312\\\/#primaryimage\"},\"image\":{\"@id\":\"https:\\\/\\\/miil.dev.almic.ee\\\/fi\\\/toode\\\/containex-standard-premium-rullaovella-toimisto-ja-tyomaakontti-miiu7312\\\/#primaryimage\"},\"thumbnailUrl\":\"https:\\\/\\\/miil.dev.almic.ee\\\/wp-content\\\/uploads\\\/2025\\\/07\\\/Containex-Standard-Tostuksega-2-scaled.jpg\",\"datePublished\":\"2025-07-29T12:39:05+00:00\",\"dateModified\":\"2025-07-29T12:52:25+00:00\",\"description\":\"Containex Standard Premium rullaovella - MIIU7312 | Minitalot ja -m\u00f6kit | M\u00f6kkien vuokraus ja myynti | Kuljetus ja korjaukset | S\u00e4hk\u00f6ty\u00f6t ja l\u00e4mmitys\",\"breadcrumb\":{\"@id\":\"https:\\\/\\\/miil.dev.almic.ee\\\/fi\\\/toode\\\/containex-standard-premium-rullaovella-toimisto-ja-tyomaakontti-miiu7312\\\/#breadcrumb\"},\"inLanguage\":\"fi\",\"potentialAction\":[{\"@type\":\"ReadAction\",\"target\":[\"https:\\\/\\\/miil.dev.almic.ee\\\/fi\\\/toode\\\/containex-standard-premium-rullaovella-toimisto-ja-tyomaakontti-miiu7312\\\/\"]}]},{\"@type\":\"ImageObject\",\"inLanguage\":\"fi\",\"@id\":\"https:\\\/\\\/miil.dev.almic.ee\\\/fi\\\/toode\\\/containex-standard-premium-rullaovella-toimisto-ja-tyomaakontti-miiu7312\\\/#primaryimage\",\"url\":\"https:\\\/\\\/miil.dev.almic.ee\\\/wp-content\\\/uploads\\\/2025\\\/07\\\/Containex-Standard-Tostuksega-2-scaled.jpg\",\"contentUrl\":\"https:\\\/\\\/miil.dev.almic.ee\\\/wp-content\\\/uploads\\\/2025\\\/07\\\/Containex-Standard-Tostuksega-2-scaled.jpg\",\"width\":1900,\"height\":1425},{\"@type\":\"BreadcrumbList\",\"@id\":\"https:\\\/\\\/miil.dev.almic.ee\\\/fi\\\/toode\\\/containex-standard-premium-rullaovella-toimisto-ja-tyomaakontti-miiu7312\\\/#breadcrumb\",\"itemListElement\":[{\"@type\":\"ListItem\",\"position\":1,\"name\":\"Home\",\"item\":\"https:\\\/\\\/miil.dev.almic.ee\\\/fi\\\/\"},{\"@type\":\"ListItem\",\"position\":2,\"name\":\"Kauppa\",\"item\":\"https:\\\/\\\/miil.dev.almic.ee\\\/fi\\\/kauppa\\\/\"},{\"@type\":\"ListItem\",\"position\":3,\"name\":\"Containex Standard Premium rullaovella &#8211; toimisto- ja ty\u00f6maakontti MIIU7312\"}]},{\"@type\":\"WebSite\",\"@id\":\"https:\\\/\\\/miil.dev.almic.ee\\\/#website\",\"url\":\"https:\\\/\\\/miil.dev.almic.ee\\\/\",\"name\":\"Miil O\u00dc\",\"description\":\"Konteinerveod\",\"publisher\":{\"@id\":\"https:\\\/\\\/miil.dev.almic.ee\\\/#organization\"},\"potentialAction\":[{\"@type\":\"SearchAction\",\"target\":{\"@type\":\"EntryPoint\",\"urlTemplate\":\"https:\\\/\\\/miil.dev.almic.ee\\\/?s={search_term_string}\"},\"query-input\":{\"@type\":\"PropertyValueSpecification\",\"valueRequired\":true,\"valueName\":\"search_term_string\"}}],\"inLanguage\":\"fi\"},{\"@type\":\"Organization\",\"@id\":\"https:\\\/\\\/miil.dev.almic.ee\\\/#organization\",\"name\":\"Miil O\u00dc\",\"url\":\"https:\\\/\\\/miil.dev.almic.ee\\\/\",\"logo\":{\"@type\":\"ImageObject\",\"inLanguage\":\"fi\",\"@id\":\"https:\\\/\\\/miil.dev.almic.ee\\\/#\\\/schema\\\/logo\\\/image\\\/\",\"url\":\"https:\\\/\\\/www.miil.ee\\\/wp-content\\\/uploads\\\/2022\\\/02\\\/Miil-logo.svg\",\"contentUrl\":\"https:\\\/\\\/www.miil.ee\\\/wp-content\\\/uploads\\\/2022\\\/02\\\/Miil-logo.svg\",\"width\":\"1024\",\"height\":\"1024\",\"caption\":\"Miil O\u00dc\"},\"image\":{\"@id\":\"https:\\\/\\\/miil.dev.almic.ee\\\/#\\\/schema\\\/logo\\\/image\\\/\"},\"sameAs\":[\"https:\\\/\\\/www.facebook.com\\\/konteinerveod\\\/\",\"https:\\\/\\\/www.instagram.com\\\/ou_miil\\\/\"]}]}<\/script>\n<meta property=\"product:price:amount\" content=\"8490.00\" \/>\n<meta property=\"product:price:currency\" content=\"EUR\" \/>\n<meta property=\"og:availability\" content=\"instock\" \/>\n<meta property=\"product:availability\" content=\"instock\" \/>\n<meta property=\"product:retailer_item_id\" content=\"MIIU7312\" \/>\n<meta property=\"product:condition\" content=\"new\" \/>\n<!-- \/ Yoast SEO Premium plugin. -->","yoast_head_json":{"title":"Containex Standard Premium rullaovella - MIIU7312 - Miil O\u00dc","description":"Containex Standard Premium rullaovella - MIIU7312 | Minitalot ja -m\u00f6kit | M\u00f6kkien vuokraus ja myynti | Kuljetus ja korjaukset | S\u00e4hk\u00f6ty\u00f6t ja l\u00e4mmitys","robots":{"index":"index","follow":"follow","max-snippet":"max-snippet:-1","max-image-preview":"max-image-preview:large","max-video-preview":"max-video-preview:-1"},"canonical":"https:\/\/miil.dev.almic.ee\/fi\/toode\/containex-standard-premium-rullaovella-toimisto-ja-tyomaakontti-miiu7312\/","og_locale":"fi_FI","og_type":"article","og_title":"Containex Standard Premium rullaovella - toimisto- ja ty\u00f6maakontti MIIU7312","og_description":"Containex Standard Premium rullaovella - MIIU7312 | Minitalot ja -m\u00f6kit | M\u00f6kkien vuokraus ja myynti | Kuljetus ja korjaukset | S\u00e4hk\u00f6ty\u00f6t ja l\u00e4mmitys","og_url":"https:\/\/miil.dev.almic.ee\/fi\/toode\/containex-standard-premium-rullaovella-toimisto-ja-tyomaakontti-miiu7312\/","og_site_name":"Miil O\u00dc","article_publisher":"https:\/\/www.facebook.com\/konteinerveod\/","article_modified_time":"2025-07-29T12:52:25+00:00","og_image":[{"width":1900,"height":1425,"url":"https:\/\/miil.dev.almic.ee\/wp-content\/uploads\/2025\/07\/Containex-Standard-Tostuksega-2-scaled.jpg","type":"image\/jpeg"}],"twitter_card":"summary_large_image","twitter_misc":{"Hinta":"8490,00&nbsp;&euro;","Saatavuus":"Varastossa"},"schema":{"@context":"https:\/\/schema.org","@graph":[{"@type":"WebPage","@id":"https:\/\/miil.dev.almic.ee\/fi\/toode\/containex-standard-premium-rullaovella-toimisto-ja-tyomaakontti-miiu7312\/","url":"https:\/\/miil.dev.almic.ee\/fi\/toode\/containex-standard-premium-rullaovella-toimisto-ja-tyomaakontti-miiu7312\/","name":"Containex Standard Premium rullaovella - MIIU7312 - Miil O\u00dc","isPartOf":{"@id":"https:\/\/miil.dev.almic.ee\/#website"},"primaryImageOfPage":{"@id":"https:\/\/miil.dev.almic.ee\/fi\/toode\/containex-standard-premium-rullaovella-toimisto-ja-tyomaakontti-miiu7312\/#primaryimage"},"image":{"@id":"https:\/\/miil.dev.almic.ee\/fi\/toode\/containex-standard-premium-rullaovella-toimisto-ja-tyomaakontti-miiu7312\/#primaryimage"},"thumbnailUrl":"https:\/\/miil.dev.almic.ee\/wp-content\/uploads\/2025\/07\/Containex-Standard-Tostuksega-2-scaled.jpg","datePublished":"2025-07-29T12:39:05+00:00","dateModified":"2025-07-29T12:52:25+00:00","description":"Containex Standard Premium rullaovella - MIIU7312 | Minitalot ja -m\u00f6kit | M\u00f6kkien vuokraus ja myynti | Kuljetus ja korjaukset | S\u00e4hk\u00f6ty\u00f6t ja l\u00e4mmitys","breadcrumb":{"@id":"https:\/\/miil.dev.almic.ee\/fi\/toode\/containex-standard-premium-rullaovella-toimisto-ja-tyomaakontti-miiu7312\/#breadcrumb"},"inLanguage":"fi","potentialAction":[{"@type":"ReadAction","target":["https:\/\/miil.dev.almic.ee\/fi\/toode\/containex-standard-premium-rullaovella-toimisto-ja-tyomaakontti-miiu7312\/"]}]},{"@type":"ImageObject","inLanguage":"fi","@id":"https:\/\/miil.dev.almic.ee\/fi\/toode\/containex-standard-premium-rullaovella-toimisto-ja-tyomaakontti-miiu7312\/#primaryimage","url":"https:\/\/miil.dev.almic.ee\/wp-content\/uploads\/2025\/07\/Containex-Standard-Tostuksega-2-scaled.jpg","contentUrl":"https:\/\/miil.dev.almic.ee\/wp-content\/uploads\/2025\/07\/Containex-Standard-Tostuksega-2-scaled.jpg","width":1900,"height":1425},{"@type":"BreadcrumbList","@id":"https:\/\/miil.dev.almic.ee\/fi\/toode\/containex-standard-premium-rullaovella-toimisto-ja-tyomaakontti-miiu7312\/#breadcrumb","itemListElement":[{"@type":"ListItem","position":1,"name":"Home","item":"https:\/\/miil.dev.almic.ee\/fi\/"},{"@type":"ListItem","position":2,"name":"Kauppa","item":"https:\/\/miil.dev.almic.ee\/fi\/kauppa\/"},{"@type":"ListItem","position":3,"name":"Containex Standard Premium rullaovella &#8211; toimisto- ja ty\u00f6maakontti MIIU7312"}]},{"@type":"WebSite","@id":"https:\/\/miil.dev.almic.ee\/#website","url":"https:\/\/miil.dev.almic.ee\/","name":"Miil O\u00dc","description":"Konteinerveod","publisher":{"@id":"https:\/\/miil.dev.almic.ee\/#organization"},"potentialAction":[{"@type":"SearchAction","target":{"@type":"EntryPoint","urlTemplate":"https:\/\/miil.dev.almic.ee\/?s={search_term_string}"},"query-input":{"@type":"PropertyValueSpecification","valueRequired":true,"valueName":"search_term_string"}}],"inLanguage":"fi"},{"@type":"Organization","@id":"https:\/\/miil.dev.almic.ee\/#organization","name":"Miil O\u00dc","url":"https:\/\/miil.dev.almic.ee\/","logo":{"@type":"ImageObject","inLanguage":"fi","@id":"https:\/\/miil.dev.almic.ee\/#\/schema\/logo\/image\/","url":"https:\/\/www.miil.ee\/wp-content\/uploads\/2022\/02\/Miil-logo.svg","contentUrl":"https:\/\/www.miil.ee\/wp-content\/uploads\/2022\/02\/Miil-logo.svg","width":"1024","height":"1024","caption":"Miil O\u00dc"},"image":{"@id":"https:\/\/miil.dev.almic.ee\/#\/schema\/logo\/image\/"},"sameAs":["https:\/\/www.facebook.com\/konteinerveod\/","https:\/\/www.instagram.com\/ou_miil\/"]}]},"product_price_amount":"8490.00","product_price_currency":"EUR","og_availability":"instock","product_availability":"instock","product_retailer_item_id":"MIIU7312","product_condition":"new"},"_links":{"self":[{"href":"https:\/\/miil.dev.almic.ee\/fi\/wp-json\/wp\/v2\/product\/108638","targetHints":{"allow":["GET"]}}],"collection":[{"href":"https:\/\/miil.dev.almic.ee\/fi\/wp-json\/wp\/v2\/product"}],"about":[{"href":"https:\/\/miil.dev.almic.ee\/fi\/wp-json\/wp\/v2\/types\/product"}],"replies":[{"embeddable":true,"href":"https:\/\/miil.dev.almic.ee\/fi\/wp-json\/wp\/v2\/comments?post=108638"}],"wp:featuredmedia":[{"embeddable":true,"href":"https:\/\/miil.dev.almic.ee\/fi\/wp-json\/wp\/v2\/media\/108648"}],"wp:attachment":[{"href":"https:\/\/miil.dev.almic.ee\/fi\/wp-json\/wp\/v2\/media?parent=108638"}],"wp:term":[{"taxonomy":"product_cat","embeddable":true,"href":"https:\/\/miil.dev.almic.ee\/fi\/wp-json\/wp\/v2\/product_cat?post=108638"},{"taxonomy":"product_tag","embeddable":true,"href":"https:\/\/miil.dev.almic.ee\/fi\/wp-json\/wp\/v2\/product_tag?post=108638"}],"curies":[{"name":"wp","href":"https:\/\/api.w.org\/{rel}","templated":true}]}}