{"id":108336,"date":"2025-07-28T16:32:20","date_gmt":"2025-07-28T13:32:21","guid":{"rendered":"https:\/\/www.miil.ee\/?post_type=product&#038;p=108336"},"modified":"2025-07-28T16:44:42","modified_gmt":"2025-07-28T13:44:42","slug":"merikontin-sivuseinan-poistaminen","status":"publish","type":"product","link":"https:\/\/miil.dev.almic.ee\/fi\/toode\/merikontin-sivuseinan-poistaminen\/","title":{"rendered":"Merikontin muutos &#8211; Merikontin sivusein\u00e4n poistaminen"},"content":{"rendered":"<h1><strong>Merikontin muokkaus: Sivusein\u00e4n poistaminen<\/strong><\/h1>\n<p>Merikontin sivusein\u00e4n poistaminen on yleinen muokkaus, joka muuttaa kontin avosivulliseksi tai sivulta avattavaksi malliksi. T\u00e4m\u00e4 parantaa p\u00e4\u00e4sy\u00e4 kontissa olevaan kuormaan ja sopii erinomaisesti suurikokoisten tai hankalan muotoisten tavaroiden s\u00e4ilytt\u00e4miseen tai esillepanoon. Prosessi sis\u00e4lt\u00e4\u00e4 yhden pitk\u00e4n sivupaneelin leikkaamisen pois ja rakenteen vahvistamisen vakauden s\u00e4ilytt\u00e4miseksi. Ty\u00f6 tulee teett\u00e4\u00e4 ammattilaisilla, jotta varmistetaan turvallisuus ja rakenteellisten standardien noudattaminen.<\/p>\n<p>Kerro meille toiveistasi ja pyyd\u00e4 tarjous: <a href=\"mailto:Info@miil.ee\">Info@miil.ee<\/a><\/p>\n<p>Tutustu muihin kontin muokkaukseen liittyviin palveluihimme <a href=\"https:\/\/www.miil.ee\/fi\/merekonteinerid\/tekniikka\/\">t\u00e4\u00e4ll\u00e4<\/a>!<\/p>\n<p>Seuraa meit\u00e4 <a href=\"https:\/\/www.facebook.com\/konteinerveod\/\">Facebookissa<\/a><span>\u00a0or\u00a0<\/span><a href=\"https:\/\/www.instagram.com\/ou_miil\/\">Instagramissa<\/a>!<\/p>\n","protected":false},"excerpt":{"rendered":"<p>Merikontin sivusein\u00e4n poistaminen parantaa sen saavutettavuutta ja sopii erinomaisesti suurikokoisten tai ep\u00e4tavallisen muotoisten tavaroiden varastointiin. Muutosty\u00f6 tulisi teett\u00e4\u00e4 ammattilaisilla rakenteellisen turvallisuuden ja vakauden varmistamiseksi.<\/p>\n","protected":false},"featured_media":108341,"comment_status":"open","ping_status":"closed","template":"","meta":{"_acf_changed":false},"product_cat":[347],"product_tag":[],"class_list":{"0":"post-108336","1":"product","2":"type-product","3":"status-publish","4":"has-post-thumbnail","6":"product_cat-tekniikka","8":"first","9":"instock","10":"shipping-taxable","11":"product-type-simple"},"acf":[],"yoast_head":"<!-- This site is optimized with the Yoast SEO Premium plugin v23.9 (Yoast SEO v27.5) - https:\/\/yoast.com\/product\/yoast-seo-premium-wordpress\/ -->\n<title>Merikontin sivusein\u00e4n poistaminen - Miil O\u00dc<\/title>\n<meta name=\"description\" content=\"Merikontin sivusein\u00e4n poistaminen | S\u00e4ili\u00f6n muutos | Mukautettu merikontti | Merikonttien myynti | Merikontit vuokrattavana | \u2b50\ufe0f\u2b50\ufe0f\u2b50\ufe0f\u2b50\ufe0f\u2b50\ufe0f\" \/>\n<meta name=\"robots\" content=\"index, follow, max-snippet:-1, max-image-preview:large, max-video-preview:-1\" \/>\n<link rel=\"canonical\" href=\"https:\/\/miil.dev.almic.ee\/fi\/toode\/merikontin-sivuseinan-poistaminen\/\" \/>\n<meta property=\"og:locale\" content=\"fi_FI\" \/>\n<meta property=\"og:type\" content=\"article\" \/>\n<meta property=\"og:title\" content=\"Merikontin muutos - Merikontin sivusein\u00e4n poistaminen\" \/>\n<meta property=\"og:description\" content=\"Merikontin sivusein\u00e4n poistaminen | S\u00e4ili\u00f6n muutos | Mukautettu merikontti | Merikonttien myynti | Merikontit vuokrattavana | \u2b50\ufe0f\u2b50\ufe0f\u2b50\ufe0f\u2b50\ufe0f\u2b50\ufe0f\" \/>\n<meta property=\"og:url\" content=\"https:\/\/miil.dev.almic.ee\/fi\/toode\/merikontin-sivuseinan-poistaminen\/\" \/>\n<meta property=\"og:site_name\" content=\"Miil O\u00dc\" \/>\n<meta property=\"article:publisher\" content=\"https:\/\/www.facebook.com\/konteinerveod\/\" \/>\n<meta property=\"article:modified_time\" content=\"2025-07-28T13:44:42+00:00\" \/>\n<meta property=\"og:image\" content=\"https:\/\/miil.dev.almic.ee\/wp-content\/uploads\/2025\/07\/Merekonteinerite-seina-eemaldamine-1-scaled.jpg\" \/>\n\t<meta property=\"og:image:width\" content=\"1900\" \/>\n\t<meta property=\"og:image:height\" content=\"1425\" \/>\n\t<meta property=\"og:image:type\" content=\"image\/jpeg\" \/>\n<meta name=\"twitter:card\" content=\"summary_large_image\" \/>\n<meta name=\"twitter:label1\" content=\"Hinta\" \/>\n\t<meta name=\"twitter:data1\" content=\"\" \/>\n\t<meta name=\"twitter:label2\" content=\"Saatavuus\" \/>\n\t<meta name=\"twitter:data2\" content=\"Varastossa\" \/>\n<script type=\"application\/ld+json\" class=\"yoast-schema-graph\">{\"@context\":\"https:\\\/\\\/schema.org\",\"@graph\":[{\"@type\":\"WebPage\",\"@id\":\"https:\\\/\\\/miil.dev.almic.ee\\\/fi\\\/toode\\\/merikontin-sivuseinan-poistaminen\\\/\",\"url\":\"https:\\\/\\\/miil.dev.almic.ee\\\/fi\\\/toode\\\/merikontin-sivuseinan-poistaminen\\\/\",\"name\":\"Merikontin sivusein\u00e4n poistaminen - Miil O\u00dc\",\"isPartOf\":{\"@id\":\"https:\\\/\\\/miil.dev.almic.ee\\\/#website\"},\"primaryImageOfPage\":{\"@id\":\"https:\\\/\\\/miil.dev.almic.ee\\\/fi\\\/toode\\\/merikontin-sivuseinan-poistaminen\\\/#primaryimage\"},\"image\":{\"@id\":\"https:\\\/\\\/miil.dev.almic.ee\\\/fi\\\/toode\\\/merikontin-sivuseinan-poistaminen\\\/#primaryimage\"},\"thumbnailUrl\":\"https:\\\/\\\/miil.dev.almic.ee\\\/wp-content\\\/uploads\\\/2025\\\/07\\\/Merekonteinerite-seina-eemaldamine-1-scaled.jpg\",\"datePublished\":\"2025-07-28T13:32:21+00:00\",\"dateModified\":\"2025-07-28T13:44:42+00:00\",\"description\":\"Merikontin sivusein\u00e4n poistaminen | S\u00e4ili\u00f6n muutos | Mukautettu merikontti | Merikonttien myynti | Merikontit vuokrattavana | \u2b50\ufe0f\u2b50\ufe0f\u2b50\ufe0f\u2b50\ufe0f\u2b50\ufe0f\",\"breadcrumb\":{\"@id\":\"https:\\\/\\\/miil.dev.almic.ee\\\/fi\\\/toode\\\/merikontin-sivuseinan-poistaminen\\\/#breadcrumb\"},\"inLanguage\":\"fi\",\"potentialAction\":[{\"@type\":\"ReadAction\",\"target\":[\"https:\\\/\\\/miil.dev.almic.ee\\\/fi\\\/toode\\\/merikontin-sivuseinan-poistaminen\\\/\"]}]},{\"@type\":\"ImageObject\",\"inLanguage\":\"fi\",\"@id\":\"https:\\\/\\\/miil.dev.almic.ee\\\/fi\\\/toode\\\/merikontin-sivuseinan-poistaminen\\\/#primaryimage\",\"url\":\"https:\\\/\\\/miil.dev.almic.ee\\\/wp-content\\\/uploads\\\/2025\\\/07\\\/Merekonteinerite-seina-eemaldamine-1-scaled.jpg\",\"contentUrl\":\"https:\\\/\\\/miil.dev.almic.ee\\\/wp-content\\\/uploads\\\/2025\\\/07\\\/Merekonteinerite-seina-eemaldamine-1-scaled.jpg\",\"width\":1900,\"height\":1425},{\"@type\":\"BreadcrumbList\",\"@id\":\"https:\\\/\\\/miil.dev.almic.ee\\\/fi\\\/toode\\\/merikontin-sivuseinan-poistaminen\\\/#breadcrumb\",\"itemListElement\":[{\"@type\":\"ListItem\",\"position\":1,\"name\":\"Home\",\"item\":\"https:\\\/\\\/miil.dev.almic.ee\\\/fi\\\/\"},{\"@type\":\"ListItem\",\"position\":2,\"name\":\"Kauppa\",\"item\":\"https:\\\/\\\/miil.dev.almic.ee\\\/fi\\\/kauppa\\\/\"},{\"@type\":\"ListItem\",\"position\":3,\"name\":\"Merikontin muutos &#8211; Merikontin sivusein\u00e4n poistaminen\"}]},{\"@type\":\"WebSite\",\"@id\":\"https:\\\/\\\/miil.dev.almic.ee\\\/#website\",\"url\":\"https:\\\/\\\/miil.dev.almic.ee\\\/\",\"name\":\"Miil O\u00dc\",\"description\":\"Konteinerveod\",\"publisher\":{\"@id\":\"https:\\\/\\\/miil.dev.almic.ee\\\/#organization\"},\"potentialAction\":[{\"@type\":\"SearchAction\",\"target\":{\"@type\":\"EntryPoint\",\"urlTemplate\":\"https:\\\/\\\/miil.dev.almic.ee\\\/?s={search_term_string}\"},\"query-input\":{\"@type\":\"PropertyValueSpecification\",\"valueRequired\":true,\"valueName\":\"search_term_string\"}}],\"inLanguage\":\"fi\"},{\"@type\":\"Organization\",\"@id\":\"https:\\\/\\\/miil.dev.almic.ee\\\/#organization\",\"name\":\"Miil O\u00dc\",\"url\":\"https:\\\/\\\/miil.dev.almic.ee\\\/\",\"logo\":{\"@type\":\"ImageObject\",\"inLanguage\":\"fi\",\"@id\":\"https:\\\/\\\/miil.dev.almic.ee\\\/#\\\/schema\\\/logo\\\/image\\\/\",\"url\":\"https:\\\/\\\/www.miil.ee\\\/wp-content\\\/uploads\\\/2022\\\/02\\\/Miil-logo.svg\",\"contentUrl\":\"https:\\\/\\\/www.miil.ee\\\/wp-content\\\/uploads\\\/2022\\\/02\\\/Miil-logo.svg\",\"width\":\"1024\",\"height\":\"1024\",\"caption\":\"Miil O\u00dc\"},\"image\":{\"@id\":\"https:\\\/\\\/miil.dev.almic.ee\\\/#\\\/schema\\\/logo\\\/image\\\/\"},\"sameAs\":[\"https:\\\/\\\/www.facebook.com\\\/konteinerveod\\\/\",\"https:\\\/\\\/www.instagram.com\\\/ou_miil\\\/\"]}]}<\/script>\n<meta property=\"product:price:amount\" content=\"0.00\" \/>\n<meta property=\"product:price:currency\" content=\"EUR\" \/>\n<meta property=\"og:availability\" content=\"instock\" \/>\n<meta property=\"product:availability\" content=\"instock\" \/>\n<meta property=\"product:retailer_item_id\" content=\"MIIU2271057-1-1\" \/>\n<meta property=\"product:condition\" content=\"new\" \/>\n<!-- \/ Yoast SEO Premium plugin. -->","yoast_head_json":{"title":"Merikontin sivusein\u00e4n poistaminen - Miil O\u00dc","description":"Merikontin sivusein\u00e4n poistaminen | S\u00e4ili\u00f6n muutos | Mukautettu merikontti | Merikonttien myynti | Merikontit vuokrattavana | \u2b50\ufe0f\u2b50\ufe0f\u2b50\ufe0f\u2b50\ufe0f\u2b50\ufe0f","robots":{"index":"index","follow":"follow","max-snippet":"max-snippet:-1","max-image-preview":"max-image-preview:large","max-video-preview":"max-video-preview:-1"},"canonical":"https:\/\/miil.dev.almic.ee\/fi\/toode\/merikontin-sivuseinan-poistaminen\/","og_locale":"fi_FI","og_type":"article","og_title":"Merikontin muutos - Merikontin sivusein\u00e4n poistaminen","og_description":"Merikontin sivusein\u00e4n poistaminen | S\u00e4ili\u00f6n muutos | Mukautettu merikontti | Merikonttien myynti | Merikontit vuokrattavana | \u2b50\ufe0f\u2b50\ufe0f\u2b50\ufe0f\u2b50\ufe0f\u2b50\ufe0f","og_url":"https:\/\/miil.dev.almic.ee\/fi\/toode\/merikontin-sivuseinan-poistaminen\/","og_site_name":"Miil O\u00dc","article_publisher":"https:\/\/www.facebook.com\/konteinerveod\/","article_modified_time":"2025-07-28T13:44:42+00:00","og_image":[{"width":1900,"height":1425,"url":"https:\/\/miil.dev.almic.ee\/wp-content\/uploads\/2025\/07\/Merekonteinerite-seina-eemaldamine-1-scaled.jpg","type":"image\/jpeg"}],"twitter_card":"summary_large_image","twitter_misc":{"Hinta":"","Saatavuus":"Varastossa"},"schema":{"@context":"https:\/\/schema.org","@graph":[{"@type":"WebPage","@id":"https:\/\/miil.dev.almic.ee\/fi\/toode\/merikontin-sivuseinan-poistaminen\/","url":"https:\/\/miil.dev.almic.ee\/fi\/toode\/merikontin-sivuseinan-poistaminen\/","name":"Merikontin sivusein\u00e4n poistaminen - Miil O\u00dc","isPartOf":{"@id":"https:\/\/miil.dev.almic.ee\/#website"},"primaryImageOfPage":{"@id":"https:\/\/miil.dev.almic.ee\/fi\/toode\/merikontin-sivuseinan-poistaminen\/#primaryimage"},"image":{"@id":"https:\/\/miil.dev.almic.ee\/fi\/toode\/merikontin-sivuseinan-poistaminen\/#primaryimage"},"thumbnailUrl":"https:\/\/miil.dev.almic.ee\/wp-content\/uploads\/2025\/07\/Merekonteinerite-seina-eemaldamine-1-scaled.jpg","datePublished":"2025-07-28T13:32:21+00:00","dateModified":"2025-07-28T13:44:42+00:00","description":"Merikontin sivusein\u00e4n poistaminen | S\u00e4ili\u00f6n muutos | Mukautettu merikontti | Merikonttien myynti | Merikontit vuokrattavana | \u2b50\ufe0f\u2b50\ufe0f\u2b50\ufe0f\u2b50\ufe0f\u2b50\ufe0f","breadcrumb":{"@id":"https:\/\/miil.dev.almic.ee\/fi\/toode\/merikontin-sivuseinan-poistaminen\/#breadcrumb"},"inLanguage":"fi","potentialAction":[{"@type":"ReadAction","target":["https:\/\/miil.dev.almic.ee\/fi\/toode\/merikontin-sivuseinan-poistaminen\/"]}]},{"@type":"ImageObject","inLanguage":"fi","@id":"https:\/\/miil.dev.almic.ee\/fi\/toode\/merikontin-sivuseinan-poistaminen\/#primaryimage","url":"https:\/\/miil.dev.almic.ee\/wp-content\/uploads\/2025\/07\/Merekonteinerite-seina-eemaldamine-1-scaled.jpg","contentUrl":"https:\/\/miil.dev.almic.ee\/wp-content\/uploads\/2025\/07\/Merekonteinerite-seina-eemaldamine-1-scaled.jpg","width":1900,"height":1425},{"@type":"BreadcrumbList","@id":"https:\/\/miil.dev.almic.ee\/fi\/toode\/merikontin-sivuseinan-poistaminen\/#breadcrumb","itemListElement":[{"@type":"ListItem","position":1,"name":"Home","item":"https:\/\/miil.dev.almic.ee\/fi\/"},{"@type":"ListItem","position":2,"name":"Kauppa","item":"https:\/\/miil.dev.almic.ee\/fi\/kauppa\/"},{"@type":"ListItem","position":3,"name":"Merikontin muutos &#8211; Merikontin sivusein\u00e4n poistaminen"}]},{"@type":"WebSite","@id":"https:\/\/miil.dev.almic.ee\/#website","url":"https:\/\/miil.dev.almic.ee\/","name":"Miil O\u00dc","description":"Konteinerveod","publisher":{"@id":"https:\/\/miil.dev.almic.ee\/#organization"},"potentialAction":[{"@type":"SearchAction","target":{"@type":"EntryPoint","urlTemplate":"https:\/\/miil.dev.almic.ee\/?s={search_term_string}"},"query-input":{"@type":"PropertyValueSpecification","valueRequired":true,"valueName":"search_term_string"}}],"inLanguage":"fi"},{"@type":"Organization","@id":"https:\/\/miil.dev.almic.ee\/#organization","name":"Miil O\u00dc","url":"https:\/\/miil.dev.almic.ee\/","logo":{"@type":"ImageObject","inLanguage":"fi","@id":"https:\/\/miil.dev.almic.ee\/#\/schema\/logo\/image\/","url":"https:\/\/www.miil.ee\/wp-content\/uploads\/2022\/02\/Miil-logo.svg","contentUrl":"https:\/\/www.miil.ee\/wp-content\/uploads\/2022\/02\/Miil-logo.svg","width":"1024","height":"1024","caption":"Miil O\u00dc"},"image":{"@id":"https:\/\/miil.dev.almic.ee\/#\/schema\/logo\/image\/"},"sameAs":["https:\/\/www.facebook.com\/konteinerveod\/","https:\/\/www.instagram.com\/ou_miil\/"]}]},"product_price_amount":"0.00","product_price_currency":"EUR","og_availability":"instock","product_availability":"instock","product_retailer_item_id":"MIIU2271057-1-1","product_condition":"new"},"_links":{"self":[{"href":"https:\/\/miil.dev.almic.ee\/fi\/wp-json\/wp\/v2\/product\/108336","targetHints":{"allow":["GET"]}}],"collection":[{"href":"https:\/\/miil.dev.almic.ee\/fi\/wp-json\/wp\/v2\/product"}],"about":[{"href":"https:\/\/miil.dev.almic.ee\/fi\/wp-json\/wp\/v2\/types\/product"}],"replies":[{"embeddable":true,"href":"https:\/\/miil.dev.almic.ee\/fi\/wp-json\/wp\/v2\/comments?post=108336"}],"wp:featuredmedia":[{"embeddable":true,"href":"https:\/\/miil.dev.almic.ee\/fi\/wp-json\/wp\/v2\/media\/108341"}],"wp:attachment":[{"href":"https:\/\/miil.dev.almic.ee\/fi\/wp-json\/wp\/v2\/media?parent=108336"}],"wp:term":[{"taxonomy":"product_cat","embeddable":true,"href":"https:\/\/miil.dev.almic.ee\/fi\/wp-json\/wp\/v2\/product_cat?post=108336"},{"taxonomy":"product_tag","embeddable":true,"href":"https:\/\/miil.dev.almic.ee\/fi\/wp-json\/wp\/v2\/product_tag?post=108336"}],"curies":[{"name":"wp","href":"https:\/\/api.w.org\/{rel}","templated":true}]}}