{"id":107259,"date":"2025-07-18T08:14:53","date_gmt":"2025-07-18T05:14:54","guid":{"rendered":"https:\/\/www.miil.ee\/?post_type=product&#038;p=107259"},"modified":"2025-07-18T08:31:28","modified_gmt":"2025-07-18T05:31:28","slug":"containex-standard-keittiolla","status":"publish","type":"product","link":"https:\/\/miil.dev.almic.ee\/fi\/toode\/containex-standard-keittiolla\/","title":{"rendered":"Containex Standard Premium toimisto- ja ty\u00f6maakontti &#8211; keitti\u00f6n kanssa"},"content":{"rendered":"<h1>Containex Standard keitti\u00f6ll\u00e4<\/h1>\n<p>Eristetty m\u00f6kki sis\u00e4\u00e4nrakennetulla keitti\u00f6ll\u00e4 on erinomainen ratkaisu tilap\u00e4iseen majoitukseen, lomak\u00e4ytt\u00f6\u00f6n tai ty\u00f6maalle. Laadukkaat, s\u00e4\u00e4nkest\u00e4v\u00e4t materiaalit takaavat miellytt\u00e4v\u00e4n sis\u00e4l\u00e4mp\u00f6tilan ymp\u00e4ri vuoden. Keitti\u00f6 on varustettu tarvittavilla laitteilla ja s\u00e4ilytystilalla, joten ruoanlaitto onnistuu k\u00e4tev\u00e4sti paikan p\u00e4\u00e4ll\u00e4. Kompakti mutta toimiva kokonaisuus tarjoaa kaiken tarvittavan yhdess\u00e4 k\u00e4tev\u00e4ss\u00e4 paketissa.<\/p>\n<p>m\u00f6kkien myynti ja vuokraus Virossa suoraan edustajalta.<br \/>\nContainex Standard Premium on uusi tuote, jossa on tummanharmaa RAL7016 antrasiittiviimeistely.<br \/>\nSe, mik\u00e4 erottaa t\u00e4m\u00e4n Office-m\u00f6kin tavallisesta Containex Standardista, on sein\u00e4materiaali ja ulkov\u00e4ri.<br \/>\nOhjaamon sein\u00e4t on eristetty 60mm PU-vaahdolla, joka vastaa l\u00e4mm\u00f6nkestoltaan 100mm villaa.<br \/>\nToimiston pohja ja katto on eristetty 100mm mineraalivillalla.<br \/>\nKaikissa myymiss\u00e4mme Office-m\u00f6keiss\u00e4 on CE-merkint\u00e4, mik\u00e4 tarkoittaa, ett\u00e4 kiuas t\u00e4ytt\u00e4\u00e4 eurooppalaiset laatuvaatimukset, on valmistettu laadukkaasta ja turvallinen k\u00e4ytt\u00e4\u00e4.<\/p>\n<p>Containex ja ModulX Office -m\u00f6kki on helposti yhdistett\u00e4viss\u00e4 suuremmiksi huoneiksi.<br \/>\nToimistom\u00f6kkej\u00e4 k\u00e4ytet\u00e4\u00e4n laajalti esimerkiksi p\u00e4iv\u00e4kotien, rakennusty\u00f6maiden, m\u00f6kkien, liiketilojen, tilap\u00e4isten koulutilojen tai sairaaloiden rakentamisessa.<\/p>\n<p>Vuodesta 2023 alkaen harjoitamme myynnin lis\u00e4ksi my\u00f6s vuokrausta.<br \/>\nVuokrahintatarjouksen tekemiseksi meid\u00e4n on tiedett\u00e4v\u00e4 m\u00f6kin sijainti vuokra-aikana, jakson pituus, henkil\u00f6n tai rekisteritunnus luottotarkistuksia varten ja m\u00f6kin k\u00e4ytt\u00f6tarkoitus.<\/p>\n<h2>Containex Standard keitti\u00f6ll\u00e4\u00a0&#8211; Tekninen kuvaus:<\/h2>\n<p><strong>Containex Standard Premium -eristys:<\/strong><\/p>\n<ul>\n<li>Sein\u00e4t 60mm PU-vaahtoa<\/li>\n<li>Katto 100mm mineraalivilla<\/li>\n<li>Lattia 100mm mineraalivilla<\/li>\n<\/ul>\n<p><strong>Containex Standard Premiumin mitat:<\/strong><\/p>\n<ul>\n<li>Ulkomitat 2,435 L x 6,055 P x 2,591 K.<\/li>\n<li>Sis\u00e4mitat 2,24 L x 5,86 P x 2,34 K.<\/li>\n<li>Paino: CA 2000 KG<\/li>\n<\/ul>\n<p><strong>Ulkopuolen v\u00e4ri ja tarvikkeet:<\/strong><\/p>\n<ul>\n<li>Ulkon v\u00e4ri antrasiitin tummanharmaa RAL7016.<\/li>\n<li>Sinkity pelti ulkoviimeistelyyn.<\/li>\n<li>Kaksi ikkunaa.<\/li>\n<li>Turvaverhot.<\/li>\n<li>Yksi metalliovi.<\/li>\n<li>Kattovalssattu sinkkilevy.<\/li>\n<li>Sis\u00e4sein\u00e4t lastulevy\u00e4.<\/li>\n<li>Kaksi LED-valoa.<\/li>\n<li>J\u00e4\u00e4hdytin.<\/li>\n<li>Pistorasiat molempien ikkunoiden alla + erillisess\u00e4 paneelissa.<\/li>\n<li>Ulkoinen s\u00e4hk\u00f6 32A pistoke katon reunassa, on mahdollista jatkaa ulkoisen virran k\u00e4ytt\u00f6\u00e4 tai kytke\u00e4 toinen Office-m\u00f6kki.<\/li>\n<\/ul>\n<p>Toimistom\u00f6kki koostuu moduuleista, pidemm\u00e4ll\u00e4 puolella on viisi moduulia ja lyhyemm\u00e4ll\u00e4 sivulla kaksi moduulia.<br \/>\nIkkunoiden ja ovien sijainti on vapaasti valittavissa, kuvassa on valmis n\u00e4yte.<br \/>\nT\u00e4m\u00e4ntyyppinen toimistom\u00f6kki on aina mallina paikan p\u00e4\u00e4ll\u00e4, ja jos ikkunoiden ja ovien sijainnilla ei ole merkityst\u00e4, se voidaan ostaa samana p\u00e4iv\u00e4n\u00e4.<br \/>\nKokoamme uuden Office-m\u00f6kin yleens\u00e4 muutaman p\u00e4iv\u00e4n sis\u00e4ll\u00e4 laskun maksamisesta.<\/p>\n<p>K\u00e4yt\u00e4mme kuljetukseen <a href=\"https:\/\/www.miil.ee\/fi\/palvelut\/nosturi\/\">nosturia<\/a> tai <a href=\"https:\/\/www.miil.ee\/fi\/palvelut\/sideloader\/\">sideloader<\/a><br \/>\nmonimutkaisempi kuljetus on mahdollista <a href=\"https:\/\/www.miil.ee\/fi\/palvelut\/ram-kippauslaite\/\">RAM per\u00e4vaunulla<\/a>.<\/p>\n<p>Seuraa meit\u00e4 <a href=\"https:\/\/www.facebook.com\/konteinerveod\/\">Facebook<\/a> tai <a href=\"https:\/\/www.instagram.com\/ou_miil\/\">Instagram<\/a><\/p>\n","protected":false},"excerpt":{"rendered":"<p>Containex Standard keitti\u00f6ll\u00e4 Eristetty m\u00f6kki sis\u00e4\u00e4nrakennetulla keitti\u00f6ll\u00e4 on erinomainen ratkaisu tilap\u00e4iseen majoitukseen, lomak\u00e4ytt\u00f6\u00f6n tai ty\u00f6maalle. Laadukkaat, s\u00e4\u00e4nkest\u00e4v\u00e4t materiaalit takaavat miellytt\u00e4v\u00e4n sis\u00e4l\u00e4mp\u00f6tilan ymp\u00e4ri vuoden. Keitti\u00f6 on varustettu tarvittavilla laitteilla ja s\u00e4ilytystilalla, joten ruoanlaitto onnistuu k\u00e4tev\u00e4sti paikan p\u00e4\u00e4ll\u00e4. Kompakti mutta toimiva kokonaisuus tarjoaa kaiken tarvittavan yhdess\u00e4 k\u00e4tev\u00e4ss\u00e4 paketissa. m\u00f6kkien myynti ja vuokraus Virossa suoraan edustajalta. Containex Standard&#8230;<\/p>\n","protected":false},"featured_media":107319,"comment_status":"closed","ping_status":"closed","template":"","meta":{"_acf_changed":false},"product_cat":[343,407],"product_tag":[],"class_list":{"0":"post-107259","1":"product","2":"type-product","3":"status-publish","4":"has-post-thumbnail","6":"product_cat-eristekontit","7":"product_cat-uudet-toimistokontit","9":"first","10":"instock","11":"shipping-taxable","12":"product-type-simple"},"acf":[],"yoast_head":"<!-- This site is optimized with the Yoast SEO Premium plugin v23.9 (Yoast SEO v27.5) - https:\/\/yoast.com\/product\/yoast-seo-premium-wordpress\/ -->\n<title>Containex Standard keitti\u00f6ll\u00e4 - Miil O\u00dc<\/title>\n<meta name=\"description\" content=\"Containex Standard keitti\u00f6ll\u00e4 | Minitalot ja -m\u00f6kit | M\u00f6kkien vuokraus ja myynti | Kuljetus ja korjaukset | S\u00e4hk\u00f6ty\u00f6t ja eristys\" \/>\n<meta name=\"robots\" content=\"index, follow, max-snippet:-1, max-image-preview:large, max-video-preview:-1\" \/>\n<link rel=\"canonical\" href=\"https:\/\/miil.dev.almic.ee\/fi\/toode\/containex-standard-keittiolla\/\" \/>\n<meta property=\"og:locale\" content=\"fi_FI\" \/>\n<meta property=\"og:type\" content=\"article\" \/>\n<meta property=\"og:title\" content=\"Containex Standard Premium toimisto- ja ty\u00f6maakontti - keitti\u00f6n kanssa\" \/>\n<meta property=\"og:description\" content=\"Containex Standard keitti\u00f6ll\u00e4 | Minitalot ja -m\u00f6kit | M\u00f6kkien vuokraus ja myynti | Kuljetus ja korjaukset | S\u00e4hk\u00f6ty\u00f6t ja eristys\" \/>\n<meta property=\"og:url\" content=\"https:\/\/miil.dev.almic.ee\/fi\/toode\/containex-standard-keittiolla\/\" \/>\n<meta property=\"og:site_name\" content=\"Miil O\u00dc\" \/>\n<meta property=\"article:publisher\" content=\"https:\/\/www.facebook.com\/konteinerveod\/\" \/>\n<meta property=\"article:modified_time\" content=\"2025-07-18T05:31:28+00:00\" \/>\n<meta property=\"og:image\" content=\"https:\/\/miil.dev.almic.ee\/wp-content\/uploads\/2025\/07\/Pigipada-7-1-scaled.jpeg\" \/>\n\t<meta property=\"og:image:width\" content=\"1900\" \/>\n\t<meta property=\"og:image:height\" content=\"1425\" \/>\n\t<meta property=\"og:image:type\" content=\"image\/jpeg\" \/>\n<meta name=\"twitter:card\" content=\"summary_large_image\" \/>\n<meta name=\"twitter:label1\" content=\"Hinta\" \/>\n\t<meta name=\"twitter:data1\" content=\"\" \/>\n\t<meta name=\"twitter:label2\" content=\"Saatavuus\" \/>\n\t<meta name=\"twitter:data2\" content=\"Varastossa\" \/>\n<script type=\"application\/ld+json\" class=\"yoast-schema-graph\">{\"@context\":\"https:\\\/\\\/schema.org\",\"@graph\":[{\"@type\":\"WebPage\",\"@id\":\"https:\\\/\\\/miil.dev.almic.ee\\\/fi\\\/toode\\\/containex-standard-keittiolla\\\/\",\"url\":\"https:\\\/\\\/miil.dev.almic.ee\\\/fi\\\/toode\\\/containex-standard-keittiolla\\\/\",\"name\":\"Containex Standard keitti\u00f6ll\u00e4 - Miil O\u00dc\",\"isPartOf\":{\"@id\":\"https:\\\/\\\/miil.dev.almic.ee\\\/#website\"},\"primaryImageOfPage\":{\"@id\":\"https:\\\/\\\/miil.dev.almic.ee\\\/fi\\\/toode\\\/containex-standard-keittiolla\\\/#primaryimage\"},\"image\":{\"@id\":\"https:\\\/\\\/miil.dev.almic.ee\\\/fi\\\/toode\\\/containex-standard-keittiolla\\\/#primaryimage\"},\"thumbnailUrl\":\"https:\\\/\\\/miil.dev.almic.ee\\\/wp-content\\\/uploads\\\/2025\\\/07\\\/Pigipada-7-1-scaled.jpeg\",\"datePublished\":\"2025-07-18T05:14:54+00:00\",\"dateModified\":\"2025-07-18T05:31:28+00:00\",\"description\":\"Containex Standard keitti\u00f6ll\u00e4 | Minitalot ja -m\u00f6kit | M\u00f6kkien vuokraus ja myynti | Kuljetus ja korjaukset | S\u00e4hk\u00f6ty\u00f6t ja eristys\",\"breadcrumb\":{\"@id\":\"https:\\\/\\\/miil.dev.almic.ee\\\/fi\\\/toode\\\/containex-standard-keittiolla\\\/#breadcrumb\"},\"inLanguage\":\"fi\",\"potentialAction\":[{\"@type\":\"ReadAction\",\"target\":[\"https:\\\/\\\/miil.dev.almic.ee\\\/fi\\\/toode\\\/containex-standard-keittiolla\\\/\"]}]},{\"@type\":\"ImageObject\",\"inLanguage\":\"fi\",\"@id\":\"https:\\\/\\\/miil.dev.almic.ee\\\/fi\\\/toode\\\/containex-standard-keittiolla\\\/#primaryimage\",\"url\":\"https:\\\/\\\/miil.dev.almic.ee\\\/wp-content\\\/uploads\\\/2025\\\/07\\\/Pigipada-7-1-scaled.jpeg\",\"contentUrl\":\"https:\\\/\\\/miil.dev.almic.ee\\\/wp-content\\\/uploads\\\/2025\\\/07\\\/Pigipada-7-1-scaled.jpeg\",\"width\":1900,\"height\":1425},{\"@type\":\"BreadcrumbList\",\"@id\":\"https:\\\/\\\/miil.dev.almic.ee\\\/fi\\\/toode\\\/containex-standard-keittiolla\\\/#breadcrumb\",\"itemListElement\":[{\"@type\":\"ListItem\",\"position\":1,\"name\":\"Home\",\"item\":\"https:\\\/\\\/miil.dev.almic.ee\\\/fi\\\/\"},{\"@type\":\"ListItem\",\"position\":2,\"name\":\"Kauppa\",\"item\":\"https:\\\/\\\/miil.dev.almic.ee\\\/fi\\\/kauppa\\\/\"},{\"@type\":\"ListItem\",\"position\":3,\"name\":\"Containex Standard Premium toimisto- ja ty\u00f6maakontti &#8211; keitti\u00f6n kanssa\"}]},{\"@type\":\"WebSite\",\"@id\":\"https:\\\/\\\/miil.dev.almic.ee\\\/#website\",\"url\":\"https:\\\/\\\/miil.dev.almic.ee\\\/\",\"name\":\"Miil O\u00dc\",\"description\":\"Konteinerveod\",\"publisher\":{\"@id\":\"https:\\\/\\\/miil.dev.almic.ee\\\/#organization\"},\"potentialAction\":[{\"@type\":\"SearchAction\",\"target\":{\"@type\":\"EntryPoint\",\"urlTemplate\":\"https:\\\/\\\/miil.dev.almic.ee\\\/?s={search_term_string}\"},\"query-input\":{\"@type\":\"PropertyValueSpecification\",\"valueRequired\":true,\"valueName\":\"search_term_string\"}}],\"inLanguage\":\"fi\"},{\"@type\":\"Organization\",\"@id\":\"https:\\\/\\\/miil.dev.almic.ee\\\/#organization\",\"name\":\"Miil O\u00dc\",\"url\":\"https:\\\/\\\/miil.dev.almic.ee\\\/\",\"logo\":{\"@type\":\"ImageObject\",\"inLanguage\":\"fi\",\"@id\":\"https:\\\/\\\/miil.dev.almic.ee\\\/#\\\/schema\\\/logo\\\/image\\\/\",\"url\":\"https:\\\/\\\/www.miil.ee\\\/wp-content\\\/uploads\\\/2022\\\/02\\\/Miil-logo.svg\",\"contentUrl\":\"https:\\\/\\\/www.miil.ee\\\/wp-content\\\/uploads\\\/2022\\\/02\\\/Miil-logo.svg\",\"width\":\"1024\",\"height\":\"1024\",\"caption\":\"Miil O\u00dc\"},\"image\":{\"@id\":\"https:\\\/\\\/miil.dev.almic.ee\\\/#\\\/schema\\\/logo\\\/image\\\/\"},\"sameAs\":[\"https:\\\/\\\/www.facebook.com\\\/konteinerveod\\\/\",\"https:\\\/\\\/www.instagram.com\\\/ou_miil\\\/\"]}]}<\/script>\n<meta property=\"product:price:amount\" content=\"0.00\" \/>\n<meta property=\"product:price:currency\" content=\"EUR\" \/>\n<meta property=\"og:availability\" content=\"instock\" \/>\n<meta property=\"product:availability\" content=\"instock\" \/>\n<meta property=\"product:retailer_item_id\" content=\"MIIU1000-1\" \/>\n<meta property=\"product:condition\" content=\"new\" \/>\n<!-- \/ Yoast SEO Premium plugin. -->","yoast_head_json":{"title":"Containex Standard keitti\u00f6ll\u00e4 - Miil O\u00dc","description":"Containex Standard keitti\u00f6ll\u00e4 | Minitalot ja -m\u00f6kit | M\u00f6kkien vuokraus ja myynti | Kuljetus ja korjaukset | S\u00e4hk\u00f6ty\u00f6t ja eristys","robots":{"index":"index","follow":"follow","max-snippet":"max-snippet:-1","max-image-preview":"max-image-preview:large","max-video-preview":"max-video-preview:-1"},"canonical":"https:\/\/miil.dev.almic.ee\/fi\/toode\/containex-standard-keittiolla\/","og_locale":"fi_FI","og_type":"article","og_title":"Containex Standard Premium toimisto- ja ty\u00f6maakontti - keitti\u00f6n kanssa","og_description":"Containex Standard keitti\u00f6ll\u00e4 | Minitalot ja -m\u00f6kit | M\u00f6kkien vuokraus ja myynti | Kuljetus ja korjaukset | S\u00e4hk\u00f6ty\u00f6t ja eristys","og_url":"https:\/\/miil.dev.almic.ee\/fi\/toode\/containex-standard-keittiolla\/","og_site_name":"Miil O\u00dc","article_publisher":"https:\/\/www.facebook.com\/konteinerveod\/","article_modified_time":"2025-07-18T05:31:28+00:00","og_image":[{"width":1900,"height":1425,"url":"https:\/\/miil.dev.almic.ee\/wp-content\/uploads\/2025\/07\/Pigipada-7-1-scaled.jpeg","type":"image\/jpeg"}],"twitter_card":"summary_large_image","twitter_misc":{"Hinta":"","Saatavuus":"Varastossa"},"schema":{"@context":"https:\/\/schema.org","@graph":[{"@type":"WebPage","@id":"https:\/\/miil.dev.almic.ee\/fi\/toode\/containex-standard-keittiolla\/","url":"https:\/\/miil.dev.almic.ee\/fi\/toode\/containex-standard-keittiolla\/","name":"Containex Standard keitti\u00f6ll\u00e4 - Miil O\u00dc","isPartOf":{"@id":"https:\/\/miil.dev.almic.ee\/#website"},"primaryImageOfPage":{"@id":"https:\/\/miil.dev.almic.ee\/fi\/toode\/containex-standard-keittiolla\/#primaryimage"},"image":{"@id":"https:\/\/miil.dev.almic.ee\/fi\/toode\/containex-standard-keittiolla\/#primaryimage"},"thumbnailUrl":"https:\/\/miil.dev.almic.ee\/wp-content\/uploads\/2025\/07\/Pigipada-7-1-scaled.jpeg","datePublished":"2025-07-18T05:14:54+00:00","dateModified":"2025-07-18T05:31:28+00:00","description":"Containex Standard keitti\u00f6ll\u00e4 | Minitalot ja -m\u00f6kit | M\u00f6kkien vuokraus ja myynti | Kuljetus ja korjaukset | S\u00e4hk\u00f6ty\u00f6t ja eristys","breadcrumb":{"@id":"https:\/\/miil.dev.almic.ee\/fi\/toode\/containex-standard-keittiolla\/#breadcrumb"},"inLanguage":"fi","potentialAction":[{"@type":"ReadAction","target":["https:\/\/miil.dev.almic.ee\/fi\/toode\/containex-standard-keittiolla\/"]}]},{"@type":"ImageObject","inLanguage":"fi","@id":"https:\/\/miil.dev.almic.ee\/fi\/toode\/containex-standard-keittiolla\/#primaryimage","url":"https:\/\/miil.dev.almic.ee\/wp-content\/uploads\/2025\/07\/Pigipada-7-1-scaled.jpeg","contentUrl":"https:\/\/miil.dev.almic.ee\/wp-content\/uploads\/2025\/07\/Pigipada-7-1-scaled.jpeg","width":1900,"height":1425},{"@type":"BreadcrumbList","@id":"https:\/\/miil.dev.almic.ee\/fi\/toode\/containex-standard-keittiolla\/#breadcrumb","itemListElement":[{"@type":"ListItem","position":1,"name":"Home","item":"https:\/\/miil.dev.almic.ee\/fi\/"},{"@type":"ListItem","position":2,"name":"Kauppa","item":"https:\/\/miil.dev.almic.ee\/fi\/kauppa\/"},{"@type":"ListItem","position":3,"name":"Containex Standard Premium toimisto- ja ty\u00f6maakontti &#8211; keitti\u00f6n kanssa"}]},{"@type":"WebSite","@id":"https:\/\/miil.dev.almic.ee\/#website","url":"https:\/\/miil.dev.almic.ee\/","name":"Miil O\u00dc","description":"Konteinerveod","publisher":{"@id":"https:\/\/miil.dev.almic.ee\/#organization"},"potentialAction":[{"@type":"SearchAction","target":{"@type":"EntryPoint","urlTemplate":"https:\/\/miil.dev.almic.ee\/?s={search_term_string}"},"query-input":{"@type":"PropertyValueSpecification","valueRequired":true,"valueName":"search_term_string"}}],"inLanguage":"fi"},{"@type":"Organization","@id":"https:\/\/miil.dev.almic.ee\/#organization","name":"Miil O\u00dc","url":"https:\/\/miil.dev.almic.ee\/","logo":{"@type":"ImageObject","inLanguage":"fi","@id":"https:\/\/miil.dev.almic.ee\/#\/schema\/logo\/image\/","url":"https:\/\/www.miil.ee\/wp-content\/uploads\/2022\/02\/Miil-logo.svg","contentUrl":"https:\/\/www.miil.ee\/wp-content\/uploads\/2022\/02\/Miil-logo.svg","width":"1024","height":"1024","caption":"Miil O\u00dc"},"image":{"@id":"https:\/\/miil.dev.almic.ee\/#\/schema\/logo\/image\/"},"sameAs":["https:\/\/www.facebook.com\/konteinerveod\/","https:\/\/www.instagram.com\/ou_miil\/"]}]},"product_price_amount":"0.00","product_price_currency":"EUR","og_availability":"instock","product_availability":"instock","product_retailer_item_id":"MIIU1000-1","product_condition":"new"},"_links":{"self":[{"href":"https:\/\/miil.dev.almic.ee\/fi\/wp-json\/wp\/v2\/product\/107259","targetHints":{"allow":["GET"]}}],"collection":[{"href":"https:\/\/miil.dev.almic.ee\/fi\/wp-json\/wp\/v2\/product"}],"about":[{"href":"https:\/\/miil.dev.almic.ee\/fi\/wp-json\/wp\/v2\/types\/product"}],"replies":[{"embeddable":true,"href":"https:\/\/miil.dev.almic.ee\/fi\/wp-json\/wp\/v2\/comments?post=107259"}],"wp:featuredmedia":[{"embeddable":true,"href":"https:\/\/miil.dev.almic.ee\/fi\/wp-json\/wp\/v2\/media\/107319"}],"wp:attachment":[{"href":"https:\/\/miil.dev.almic.ee\/fi\/wp-json\/wp\/v2\/media?parent=107259"}],"wp:term":[{"taxonomy":"product_cat","embeddable":true,"href":"https:\/\/miil.dev.almic.ee\/fi\/wp-json\/wp\/v2\/product_cat?post=107259"},{"taxonomy":"product_tag","embeddable":true,"href":"https:\/\/miil.dev.almic.ee\/fi\/wp-json\/wp\/v2\/product_tag?post=107259"}],"curies":[{"name":"wp","href":"https:\/\/api.w.org\/{rel}","templated":true}]}}