{"id":106021,"date":"2025-07-04T11:38:41","date_gmt":"2025-07-04T08:38:42","guid":{"rendered":"https:\/\/www.miil.ee\/?post_type=product&#038;p=106021"},"modified":"2025-07-07T12:47:36","modified_gmt":"2025-07-07T09:47:36","slug":"containex-standard-double-vaaleanharmaa","status":"publish","type":"product","link":"https:\/\/miil.dev.almic.ee\/fi\/toode\/containex-standard-double-vaaleanharmaa\/","title":{"rendered":"Containex Standard Double (vaaleanharmaa)"},"content":{"rendered":"<h1>Modulaarinen myyntitoimisto &#8211; Minitalo ja moduulitalo<\/h1>\n<p>Containex Standard Double vaaleanharmaa &#8211; modulaarinen myyntitoimisto &#8211; Rakennamme Minitaloa &amp; moduulitaloa asiakkaan toiveiden mukaan.<br \/>\nHinta koskee kuvan ratkaisua.<br \/>\nVoimme tarjota erikoisratkaisuja ja sen hinta riippuu lis\u00e4varusteista, asiakkaan toiveista, sijainnista ja viimeistelyst\u00e4.<\/p>\n<p>Minitalomme on helppo kuljettaa eik\u00e4 talo tarvitse perustusta.<br \/>\nVoidaan k\u00e4ytt\u00e4\u00e4 esimerkiksi rakentamisessa, takapihalla, messuilla tai n\u00e4yttelyiss\u00e4.<br \/>\nContainex Standard on laadukas ja edustava m\u00f6kki tilap\u00e4iseksi tai pysyv\u00e4ksi rakennukseksi.<br \/>\nVoimme yhdist\u00e4\u00e4 moduulit yhteen isompien huoneiden muodostamiseksi.<\/p>\n<p>T\u00e4m\u00e4 Mini- ja moduulitalo voidaan asentaa yhdess\u00e4 saman valmistajan erityyppisten hyttien kanssa.<br \/>\nToiveen mukaan asennamme vaihtovirtapumpun, rakennamme saniteettiyksik\u00f6n tai muun asiakkaan tarvitseman ratkaisun.<br \/>\nVoimme tarjota erilaisia \u200b\u200bv\u00e4rej\u00e4, portaita, saniteettiratkaisuja ja tapoja yhdist\u00e4\u00e4 ohjaamomoduulit yhteen.<br \/>\nMinitalo on hintaluokassaan nopein ja halvin laaturatkaisu.<\/p>\n<ul>\n<li>Nelj\u00e4 ikkunaa.<\/li>\n<li>Kaksi ovea.<\/li>\n<li>Nelj\u00e4 valoa.<\/li>\n<li>Vakiokorkeus.<\/li>\n<li>Kaksi patteriaTekniset tiedot<br \/>\n&#8211; Ulkokorkeus 2591 mm<br \/>\n&#8211; Sis\u00e4korkeus 2340 mm<br \/>\nKarmin v\u00e4ri RAL7035 vaaleanharmaa<br \/>\nPaneelin v\u00e4ri RAL7035 vaaleanharmaa<\/p>\n<p>Eristys<br \/>\n&#8211; Sein\u00e4n eristys PU 60 mm<br \/>\n&#8211; Katon eristys mineraalivilla 100 mm<br \/>\n&#8211; Lattian eristys mineraalivilla 100 mm<\/p>\n<p>Paneelit<br \/>\n4 ikkunapaneelia<br \/>\nIkkuna voidaan avata kokonaan tai tuuletusasentoon.<br \/>\nKorkeus maasta 870 mm + turvaverhot.<\/p>\n<p>Ulko-ovi<br \/>\navautuu ulosp\u00e4in.<br \/>\nOven leveys: 875 mm.<br \/>\nOven aukon leveys: 811 mm.<br \/>\nOven aukon korkeus: 2065 mm.<\/p>\n<p>Lis\u00e4varusteet<br \/>\n6 x 2 pistoketta.<br \/>\n2 valokatkaisijaa.<br \/>\n2 s\u00e4hk\u00f6paneelia.<br \/>\n2 patteria<\/li>\n<\/ul>\n<h2>modulaarinen myyntitoimisto &#8211; vuokra tai osto?<\/h2>\n<p>Edullisen hinnan vuoksi kannattaa harkita asunnon vuokraamista ostamisen sijaan.<br \/>\nMinitalomme ja moduulitalomme kest\u00e4v\u00e4t vuosia. CE-merkityill\u00e4 hyteill\u00e4 on my\u00f6s vankat j\u00e4lkimarkkinat.<br \/>\nKaikki myym\u00e4mme ja vuokraamamme l\u00e4mmittimet ovat edustavia, puhtaita ja huippuluokkaa.<br \/>\nJoka tapauksessa l\u00f6yd\u00e4mme asiakkaalle juuri oikean ratkaisun. Vuosien kokemuksen perusteella voimme antaa sinulle vankan suosituksen ohjaamon kokoamisesta juuri niin, ett\u00e4 se vastaa tarpeitasi.<\/p>\n<p>Minitalo &amp; moduulitalo kuljetetaan nosturiautolla ja siihen mahtuu jopa kaksi moduulia.<br \/>\nMeill\u00e4 on tarvittavat varusteet kontin lukoista oikeisiin nostov\u00e4lineisiin asti.<\/p>\n<p>Kaikki yhdest\u00e4 paikasta, m\u00f6kkien vuokraus hyvill\u00e4 ehdoilla laadukkaasti.<\/p>\n<p>&nbsp;<\/p>\n<p>K\u00e4yt\u00e4mme kuljetukseen <a href=\"https:\/\/www.miil.ee\/fi\/palvelut\/nosturi\/\">nosturia<\/a> tai <a href=\"https:\/\/www.miil.ee\/fi\/palvelut\/sideloader\/\">sideloader<\/a><br \/>\nmonimutkaisempi kuljetus on mahdollista <a href=\"https:\/\/www.miil.ee\/fi\/palvelut\/ram-kippauslaite\/\">RAM per\u00e4vaunulla<\/a>.<\/p>\n<p>Seuraa meit\u00e4 <a href=\"https:\/\/www.facebook.com\/konteinerveod\/\">Facebook<\/a> tai <a href=\"https:\/\/www.instagram.com\/ou_miil\/\">Instagram<\/a><\/p>\n","protected":false},"excerpt":{"rendered":"<p>modulaarinen myyntitoimisto | Mittatilausty\u00f6n\u00e4 tehdyt kannettavat hytit | Minitalot ja -m\u00f6kit | M\u00f6kkien vuokraus ja myynti | Kuljetus ja korjaukset |<\/p>\n","protected":false},"featured_media":106165,"comment_status":"closed","ping_status":"closed","template":"","meta":{"_acf_changed":false},"product_cat":[343,407],"product_tag":[],"class_list":{"0":"post-106021","1":"product","2":"type-product","3":"status-publish","4":"has-post-thumbnail","6":"product_cat-eristekontit","7":"product_cat-uudet-toimistokontit","9":"first","10":"instock","11":"shipping-taxable","12":"purchasable","13":"product-type-simple"},"acf":[],"yoast_head":"<!-- This site is optimized with the Yoast SEO Premium plugin v23.9 (Yoast SEO v27.5) - https:\/\/yoast.com\/product\/yoast-seo-premium-wordpress\/ -->\n<title>modulaarinen myyntitoimisto - Miil O\u00dc<\/title>\n<meta name=\"description\" content=\"modulaarinen myyntitoimisto | Mittatilausty\u00f6n\u00e4 tehdyt kannettavat hytit | Minitalot ja -m\u00f6kit | M\u00f6kkien vuokraus ja myynti | Kuljetus ja korjaukset |\" \/>\n<meta name=\"robots\" content=\"index, follow, max-snippet:-1, max-image-preview:large, max-video-preview:-1\" \/>\n<link rel=\"canonical\" href=\"https:\/\/miil.dev.almic.ee\/fi\/toode\/containex-standard-double-vaaleanharmaa\/\" \/>\n<meta property=\"og:locale\" content=\"fi_FI\" \/>\n<meta property=\"og:type\" content=\"article\" \/>\n<meta property=\"og:title\" content=\"Containex Standard Double (vaaleanharmaa)\" \/>\n<meta property=\"og:description\" content=\"modulaarinen myyntitoimisto | Mittatilausty\u00f6n\u00e4 tehdyt kannettavat hytit | Minitalot ja -m\u00f6kit | M\u00f6kkien vuokraus ja myynti | Kuljetus ja korjaukset |\" \/>\n<meta property=\"og:url\" content=\"https:\/\/miil.dev.almic.ee\/fi\/toode\/containex-standard-double-vaaleanharmaa\/\" \/>\n<meta property=\"og:site_name\" content=\"Miil O\u00dc\" \/>\n<meta property=\"article:publisher\" content=\"https:\/\/www.facebook.com\/konteinerveod\/\" \/>\n<meta property=\"article:modified_time\" content=\"2025-07-07T09:47:36+00:00\" \/>\n<meta property=\"og:image\" content=\"https:\/\/miil.dev.almic.ee\/wp-content\/uploads\/2025\/07\/Containex-Standard-Double-hele-1.jpeg\" \/>\n\t<meta property=\"og:image:width\" content=\"1600\" \/>\n\t<meta property=\"og:image:height\" content=\"1200\" \/>\n\t<meta property=\"og:image:type\" content=\"image\/jpeg\" \/>\n<meta name=\"twitter:card\" content=\"summary_large_image\" \/>\n<meta name=\"twitter:label1\" content=\"Hinta\" \/>\n\t<meta name=\"twitter:data1\" content=\"13530,00&nbsp;&euro;\" \/>\n\t<meta name=\"twitter:label2\" content=\"Saatavuus\" \/>\n\t<meta name=\"twitter:data2\" content=\"Varastossa\" \/>\n<script type=\"application\/ld+json\" class=\"yoast-schema-graph\">{\"@context\":\"https:\\\/\\\/schema.org\",\"@graph\":[{\"@type\":\"WebPage\",\"@id\":\"https:\\\/\\\/miil.dev.almic.ee\\\/fi\\\/toode\\\/containex-standard-double-vaaleanharmaa\\\/\",\"url\":\"https:\\\/\\\/miil.dev.almic.ee\\\/fi\\\/toode\\\/containex-standard-double-vaaleanharmaa\\\/\",\"name\":\"modulaarinen myyntitoimisto - Miil O\u00dc\",\"isPartOf\":{\"@id\":\"https:\\\/\\\/miil.dev.almic.ee\\\/#website\"},\"primaryImageOfPage\":{\"@id\":\"https:\\\/\\\/miil.dev.almic.ee\\\/fi\\\/toode\\\/containex-standard-double-vaaleanharmaa\\\/#primaryimage\"},\"image\":{\"@id\":\"https:\\\/\\\/miil.dev.almic.ee\\\/fi\\\/toode\\\/containex-standard-double-vaaleanharmaa\\\/#primaryimage\"},\"thumbnailUrl\":\"https:\\\/\\\/miil.dev.almic.ee\\\/wp-content\\\/uploads\\\/2025\\\/07\\\/Containex-Standard-Double-hele-1.jpeg\",\"datePublished\":\"2025-07-04T08:38:42+00:00\",\"dateModified\":\"2025-07-07T09:47:36+00:00\",\"description\":\"modulaarinen myyntitoimisto | Mittatilausty\u00f6n\u00e4 tehdyt kannettavat hytit | Minitalot ja -m\u00f6kit | M\u00f6kkien vuokraus ja myynti | Kuljetus ja korjaukset |\",\"breadcrumb\":{\"@id\":\"https:\\\/\\\/miil.dev.almic.ee\\\/fi\\\/toode\\\/containex-standard-double-vaaleanharmaa\\\/#breadcrumb\"},\"inLanguage\":\"fi\",\"potentialAction\":[{\"@type\":\"ReadAction\",\"target\":[\"https:\\\/\\\/miil.dev.almic.ee\\\/fi\\\/toode\\\/containex-standard-double-vaaleanharmaa\\\/\"]}]},{\"@type\":\"ImageObject\",\"inLanguage\":\"fi\",\"@id\":\"https:\\\/\\\/miil.dev.almic.ee\\\/fi\\\/toode\\\/containex-standard-double-vaaleanharmaa\\\/#primaryimage\",\"url\":\"https:\\\/\\\/miil.dev.almic.ee\\\/wp-content\\\/uploads\\\/2025\\\/07\\\/Containex-Standard-Double-hele-1.jpeg\",\"contentUrl\":\"https:\\\/\\\/miil.dev.almic.ee\\\/wp-content\\\/uploads\\\/2025\\\/07\\\/Containex-Standard-Double-hele-1.jpeg\",\"width\":1600,\"height\":1200},{\"@type\":\"BreadcrumbList\",\"@id\":\"https:\\\/\\\/miil.dev.almic.ee\\\/fi\\\/toode\\\/containex-standard-double-vaaleanharmaa\\\/#breadcrumb\",\"itemListElement\":[{\"@type\":\"ListItem\",\"position\":1,\"name\":\"Home\",\"item\":\"https:\\\/\\\/miil.dev.almic.ee\\\/fi\\\/\"},{\"@type\":\"ListItem\",\"position\":2,\"name\":\"Kauppa\",\"item\":\"https:\\\/\\\/miil.dev.almic.ee\\\/fi\\\/kauppa\\\/\"},{\"@type\":\"ListItem\",\"position\":3,\"name\":\"Containex Standard Double (vaaleanharmaa)\"}]},{\"@type\":\"WebSite\",\"@id\":\"https:\\\/\\\/miil.dev.almic.ee\\\/#website\",\"url\":\"https:\\\/\\\/miil.dev.almic.ee\\\/\",\"name\":\"Miil O\u00dc\",\"description\":\"Konteinerveod\",\"publisher\":{\"@id\":\"https:\\\/\\\/miil.dev.almic.ee\\\/#organization\"},\"potentialAction\":[{\"@type\":\"SearchAction\",\"target\":{\"@type\":\"EntryPoint\",\"urlTemplate\":\"https:\\\/\\\/miil.dev.almic.ee\\\/?s={search_term_string}\"},\"query-input\":{\"@type\":\"PropertyValueSpecification\",\"valueRequired\":true,\"valueName\":\"search_term_string\"}}],\"inLanguage\":\"fi\"},{\"@type\":\"Organization\",\"@id\":\"https:\\\/\\\/miil.dev.almic.ee\\\/#organization\",\"name\":\"Miil O\u00dc\",\"url\":\"https:\\\/\\\/miil.dev.almic.ee\\\/\",\"logo\":{\"@type\":\"ImageObject\",\"inLanguage\":\"fi\",\"@id\":\"https:\\\/\\\/miil.dev.almic.ee\\\/#\\\/schema\\\/logo\\\/image\\\/\",\"url\":\"https:\\\/\\\/www.miil.ee\\\/wp-content\\\/uploads\\\/2022\\\/02\\\/Miil-logo.svg\",\"contentUrl\":\"https:\\\/\\\/www.miil.ee\\\/wp-content\\\/uploads\\\/2022\\\/02\\\/Miil-logo.svg\",\"width\":\"1024\",\"height\":\"1024\",\"caption\":\"Miil O\u00dc\"},\"image\":{\"@id\":\"https:\\\/\\\/miil.dev.almic.ee\\\/#\\\/schema\\\/logo\\\/image\\\/\"},\"sameAs\":[\"https:\\\/\\\/www.facebook.com\\\/konteinerveod\\\/\",\"https:\\\/\\\/www.instagram.com\\\/ou_miil\\\/\"]}]}<\/script>\n<meta property=\"product:price:amount\" content=\"13530.00\" \/>\n<meta property=\"product:price:currency\" content=\"EUR\" \/>\n<meta property=\"og:availability\" content=\"instock\" \/>\n<meta property=\"product:availability\" content=\"instock\" \/>\n<meta property=\"product:retailer_item_id\" content=\"182526565\" \/>\n<meta property=\"product:condition\" content=\"new\" \/>\n<!-- \/ Yoast SEO Premium plugin. -->","yoast_head_json":{"title":"modulaarinen myyntitoimisto - Miil O\u00dc","description":"modulaarinen myyntitoimisto | Mittatilausty\u00f6n\u00e4 tehdyt kannettavat hytit | Minitalot ja -m\u00f6kit | M\u00f6kkien vuokraus ja myynti | Kuljetus ja korjaukset |","robots":{"index":"index","follow":"follow","max-snippet":"max-snippet:-1","max-image-preview":"max-image-preview:large","max-video-preview":"max-video-preview:-1"},"canonical":"https:\/\/miil.dev.almic.ee\/fi\/toode\/containex-standard-double-vaaleanharmaa\/","og_locale":"fi_FI","og_type":"article","og_title":"Containex Standard Double (vaaleanharmaa)","og_description":"modulaarinen myyntitoimisto | Mittatilausty\u00f6n\u00e4 tehdyt kannettavat hytit | Minitalot ja -m\u00f6kit | M\u00f6kkien vuokraus ja myynti | Kuljetus ja korjaukset |","og_url":"https:\/\/miil.dev.almic.ee\/fi\/toode\/containex-standard-double-vaaleanharmaa\/","og_site_name":"Miil O\u00dc","article_publisher":"https:\/\/www.facebook.com\/konteinerveod\/","article_modified_time":"2025-07-07T09:47:36+00:00","og_image":[{"width":1600,"height":1200,"url":"https:\/\/miil.dev.almic.ee\/wp-content\/uploads\/2025\/07\/Containex-Standard-Double-hele-1.jpeg","type":"image\/jpeg"}],"twitter_card":"summary_large_image","twitter_misc":{"Hinta":"13530,00&nbsp;&euro;","Saatavuus":"Varastossa"},"schema":{"@context":"https:\/\/schema.org","@graph":[{"@type":"WebPage","@id":"https:\/\/miil.dev.almic.ee\/fi\/toode\/containex-standard-double-vaaleanharmaa\/","url":"https:\/\/miil.dev.almic.ee\/fi\/toode\/containex-standard-double-vaaleanharmaa\/","name":"modulaarinen myyntitoimisto - Miil O\u00dc","isPartOf":{"@id":"https:\/\/miil.dev.almic.ee\/#website"},"primaryImageOfPage":{"@id":"https:\/\/miil.dev.almic.ee\/fi\/toode\/containex-standard-double-vaaleanharmaa\/#primaryimage"},"image":{"@id":"https:\/\/miil.dev.almic.ee\/fi\/toode\/containex-standard-double-vaaleanharmaa\/#primaryimage"},"thumbnailUrl":"https:\/\/miil.dev.almic.ee\/wp-content\/uploads\/2025\/07\/Containex-Standard-Double-hele-1.jpeg","datePublished":"2025-07-04T08:38:42+00:00","dateModified":"2025-07-07T09:47:36+00:00","description":"modulaarinen myyntitoimisto | Mittatilausty\u00f6n\u00e4 tehdyt kannettavat hytit | Minitalot ja -m\u00f6kit | M\u00f6kkien vuokraus ja myynti | Kuljetus ja korjaukset |","breadcrumb":{"@id":"https:\/\/miil.dev.almic.ee\/fi\/toode\/containex-standard-double-vaaleanharmaa\/#breadcrumb"},"inLanguage":"fi","potentialAction":[{"@type":"ReadAction","target":["https:\/\/miil.dev.almic.ee\/fi\/toode\/containex-standard-double-vaaleanharmaa\/"]}]},{"@type":"ImageObject","inLanguage":"fi","@id":"https:\/\/miil.dev.almic.ee\/fi\/toode\/containex-standard-double-vaaleanharmaa\/#primaryimage","url":"https:\/\/miil.dev.almic.ee\/wp-content\/uploads\/2025\/07\/Containex-Standard-Double-hele-1.jpeg","contentUrl":"https:\/\/miil.dev.almic.ee\/wp-content\/uploads\/2025\/07\/Containex-Standard-Double-hele-1.jpeg","width":1600,"height":1200},{"@type":"BreadcrumbList","@id":"https:\/\/miil.dev.almic.ee\/fi\/toode\/containex-standard-double-vaaleanharmaa\/#breadcrumb","itemListElement":[{"@type":"ListItem","position":1,"name":"Home","item":"https:\/\/miil.dev.almic.ee\/fi\/"},{"@type":"ListItem","position":2,"name":"Kauppa","item":"https:\/\/miil.dev.almic.ee\/fi\/kauppa\/"},{"@type":"ListItem","position":3,"name":"Containex Standard Double (vaaleanharmaa)"}]},{"@type":"WebSite","@id":"https:\/\/miil.dev.almic.ee\/#website","url":"https:\/\/miil.dev.almic.ee\/","name":"Miil O\u00dc","description":"Konteinerveod","publisher":{"@id":"https:\/\/miil.dev.almic.ee\/#organization"},"potentialAction":[{"@type":"SearchAction","target":{"@type":"EntryPoint","urlTemplate":"https:\/\/miil.dev.almic.ee\/?s={search_term_string}"},"query-input":{"@type":"PropertyValueSpecification","valueRequired":true,"valueName":"search_term_string"}}],"inLanguage":"fi"},{"@type":"Organization","@id":"https:\/\/miil.dev.almic.ee\/#organization","name":"Miil O\u00dc","url":"https:\/\/miil.dev.almic.ee\/","logo":{"@type":"ImageObject","inLanguage":"fi","@id":"https:\/\/miil.dev.almic.ee\/#\/schema\/logo\/image\/","url":"https:\/\/www.miil.ee\/wp-content\/uploads\/2022\/02\/Miil-logo.svg","contentUrl":"https:\/\/www.miil.ee\/wp-content\/uploads\/2022\/02\/Miil-logo.svg","width":"1024","height":"1024","caption":"Miil O\u00dc"},"image":{"@id":"https:\/\/miil.dev.almic.ee\/#\/schema\/logo\/image\/"},"sameAs":["https:\/\/www.facebook.com\/konteinerveod\/","https:\/\/www.instagram.com\/ou_miil\/"]}]},"product_price_amount":"13530.00","product_price_currency":"EUR","og_availability":"instock","product_availability":"instock","product_retailer_item_id":"182526565","product_condition":"new"},"_links":{"self":[{"href":"https:\/\/miil.dev.almic.ee\/fi\/wp-json\/wp\/v2\/product\/106021","targetHints":{"allow":["GET"]}}],"collection":[{"href":"https:\/\/miil.dev.almic.ee\/fi\/wp-json\/wp\/v2\/product"}],"about":[{"href":"https:\/\/miil.dev.almic.ee\/fi\/wp-json\/wp\/v2\/types\/product"}],"replies":[{"embeddable":true,"href":"https:\/\/miil.dev.almic.ee\/fi\/wp-json\/wp\/v2\/comments?post=106021"}],"wp:featuredmedia":[{"embeddable":true,"href":"https:\/\/miil.dev.almic.ee\/fi\/wp-json\/wp\/v2\/media\/106165"}],"wp:attachment":[{"href":"https:\/\/miil.dev.almic.ee\/fi\/wp-json\/wp\/v2\/media?parent=106021"}],"wp:term":[{"taxonomy":"product_cat","embeddable":true,"href":"https:\/\/miil.dev.almic.ee\/fi\/wp-json\/wp\/v2\/product_cat?post=106021"},{"taxonomy":"product_tag","embeddable":true,"href":"https:\/\/miil.dev.almic.ee\/fi\/wp-json\/wp\/v2\/product_tag?post=106021"}],"curies":[{"name":"wp","href":"https:\/\/api.w.org\/{rel}","templated":true}]}}