{"id":105722,"date":"2025-07-03T15:46:36","date_gmt":"2025-07-03T12:46:36","guid":{"rendered":"https:\/\/www.miil.ee\/?post_type=product&#038;p=105722"},"modified":"2025-07-03T15:56:33","modified_gmt":"2025-07-03T12:56:33","slug":"containex-toimisto-ja-tyomaakontti-152224672-vaurioitunut","status":"publish","type":"product","link":"https:\/\/miil.dev.almic.ee\/fi\/toode\/containex-toimisto-ja-tyomaakontti-152224672-vaurioitunut\/","title":{"rendered":"Containex toimisto- ja ty\u00f6maakontti 152224672 (vaurioitunut)"},"content":{"rendered":"<h1>Containex Basic<\/h1>\n<p>Containex toimisto- ja ty\u00f6maakontti 152224672 on perusmalli, 6 metri\u00e4 pitk\u00e4, 2,44 metri\u00e4 leve\u00e4 ja 2,6 metri\u00e4 korkea.<br \/>\nLattian kantavuus on 200kg\/m2, mutta sit\u00e4 voidaan lis\u00e4t\u00e4.<br \/>\nL\u00e4mmittimet ovat aina korkealaatuisia ja CE-merkitty.<br \/>\nKiinte\u00e4 runko varmistetaan pulttiliitoksella, mik\u00e4 antaa suuren edun hitsattuihin runkoon verrattuna.<br \/>\nKatto on valssattu ja tinattu tai maalattu pelti.<br \/>\nLattia on eristetty 60mm mineraalivillalla, katto on eristetty 100mm mineraalivillalla ja sein\u00e4t 45mm PU-vaahdolla (vastaa n. 60mm villaa).<br \/>\nContainex toimisto- ja ty\u00f6maakontti 152224672 on vaaleanharmaa RAL7035.<\/p>\n<p>Yksi avattava ikkuna (voidaan korvata tavallisella paneelilla).<br \/>\nYksi ovi (voimme korvata oven tavallisella paneelilla).<br \/>\nYksi valo.<br \/>\nVakiokorkeus.<br \/>\nKaksoispistoke.<br \/>\nS\u00e4hk\u00f6paneeli.<br \/>\nValokytkin.<\/p>\n<p><strong>Erittely<\/strong><br \/>\nUlkokorkeus 2591 mm<br \/>\nUlkoleveys 2435 mm<br \/>\nUlkopituus 6055 mm<\/p>\n<p>Sis\u00e4korkeus 2340 mm<br \/>\nSis\u00e4leveys 2240 mm<br \/>\nSis\u00e4pituus 5860 mm<\/p>\n<p>Rungon v\u00e4ri valkoinen RAL9002<br \/>\nPaneelin v\u00e4ri vaaleanharmaa RAL7035<\/p>\n<p><strong>Eristys<\/strong><br \/>\nSein\u00e4eriste PU-vaahto 45mm<br \/>\nKaton eristys mineraalivilla 100mm<br \/>\nLattiaeristys PU-levyt 60mm<\/p>\n<p><strong>S\u00e4hk\u00f6liit\u00e4nt\u00e4<\/strong><br \/>\n230V\/32A\/3napainen<\/p>\n<p><strong>Paneelit<\/strong><br \/>\n1 ikkunapaneeli,<br \/>\nIkkuna voidaan avata kokonaan tai avata tuuletusasentoon.<br \/>\nKorkeus maasta 870 mm<\/p>\n<p><strong>1 etuovi<\/strong><br \/>\navautuu ulosp\u00e4in.<br \/>\nOven leveys: 875 mm<br \/>\nOven aukon leveys: 811 mm<br \/>\nOven avautumiskorkeus: 2065 mm<\/p>\n<p><strong>1 S\u00e4hk\u00f6paneeli<\/strong><br \/>\n2 kpl pistokkeita<br \/>\n1kpl valokytkin<br \/>\nS\u00e4hk\u00f6paneeli<\/p>\n<p><strong>Lis\u00e4varusteet:<\/strong><br \/>\nIlmal\u00e4mp\u00f6pumppu 4,7kw &#8211; 990.- + alv<br \/>\nPuupinta &#8211; 2990.- + alv<br \/>\nLis\u00e4\u00e4 ikkuna &#8211; 590.- + alv<br \/>\nRullaovi &#8211; 1950.- + alv<\/p>\n<h2>Containex toimisto- ja ty\u00f6maakontti 152224672 &#8211; M\u00f6kki ja minitalo<\/h2>\n<p>Siirrett\u00e4v\u00e4 hytti ei ole en\u00e4\u00e4 vain tilap\u00e4inen rakennus ty\u00f6maalla, nykyaikaiset laadukkaat pulttiliit\u00e4nn\u00e4t sopivat mainiosti kes\u00e4m\u00f6kille tai liiketilaan.<br \/>\nValmis minitalo ei tarvitse perustusta tai rakentajaa &#8211; tilaa ja k\u00e4yt\u00e4!<br \/>\nAsennus kest\u00e4\u00e4 alle 30 minuuttia ja talo voidaan myyd\u00e4 valmiina ratkaisuna, mik\u00e4 tarkoittaa, ett\u00e4 se voidaan toimittaa samana p\u00e4iv\u00e4n\u00e4.<br \/>\nJos haluat valita ikkunan tai oven sijainnin, valmistus kest\u00e4\u00e4 enint\u00e4\u00e4n viikon.<br \/>\nLis\u00e4katon ja suurten ikkunoiden lis\u00e4\u00e4minen kest\u00e4\u00e4 noin nelj\u00e4 viikkoa.<\/p>\n<h2>Ostaa tai vuokrata m\u00f6kki?<\/h2>\n<p>Myynnin lis\u00e4ksi vuokraamme my\u00f6s siirrett\u00e4vi\u00e4 hyttej\u00e4.<br \/>\nT\u00e4m\u00e4 ratkaisu on ihanteellinen, jos siirrett\u00e4v\u00e4\u00e4 hytti\u00e4 tarvitaan lyhytaikaiseen rakentamiseen tai miksei sesonkim\u00f6kiksi, toimistoksi tai myyntipisteeksi.<br \/>\nSiirrett\u00e4v\u00e4n hytin vuokra on taattu ja l\u00f6yd\u00e4mme jokaiselle asiakkaalle sopivan ratkaisun.<br \/>\nVoit my\u00f6s vuokrata m\u00f6kin panoraamaikkunoilla ja puisella vuorauksella tai tavallisen kannettavan minitalon.<br \/>\nToimitamme siirrett\u00e4v\u00e4n ohjaamon ja asennamme sen asiakkaan toiveiden mukaan.<\/p>\n<p>Tarjoamme laajan valikoiman palveluita, esimerkiksi sesongin ulkopuolista varastointia eri kaupungeissa sek\u00e4 konttien viraalista vuokrausta ja myynti\u00e4. Osta nyt ja maksa my\u00f6hemmin -vaihtoehto saatavilla Inbank.ee:n kautta alennuskoodilla &#8221;Konteiner&#8221;.<\/p>\n<h2>Kerro meille ideasi!<\/h2>\n<p>Mik\u00e4\u00e4n projekti ei ole meille liian iso tai pieni, kysy rohkeasti, niin l\u00f6yd\u00e4mme yhdess\u00e4 parhaan ratkaisun. Tarvitsetpa yksi-, kaksi- tai monikerroksisen ratkaisun, olet tullut oikeaan paikkaan!<\/p>\n<p>Erilaisia \u200b\u200bikkunoita.<br \/>\nMonipuolinen valikoima ovia.<br \/>\nErilaiset valot.<br \/>\nEri korkeuksia.<br \/>\nPistorasiat tilauksesta.<br \/>\nS\u00e4hk\u00f6paneeli.<br \/>\nL\u00e4mmittimen runko ja 3D-malli<\/p>\n<p>K\u00e4yt\u00e4mme kuljetukseen <a href=\"https:\/\/www.miil.ee\/fi\/palvelut\/nosturi\/\">nosturia<\/a> tai <a href=\"https:\/\/www.miil.ee\/fi\/palvelut\/sideloader\/\">sideloader<\/a><br \/>\nmonimutkaisempi kuljetus on mahdollista <a href=\"https:\/\/www.miil.ee\/fi\/palvelut\/ram-kippauslaite\/\">RAM per\u00e4vaunulla<\/a>.<\/p>\n<p>Seuraa meit\u00e4 <a href=\"https:\/\/www.facebook.com\/konteinerveod\/\">Facebook<\/a> tai <a href=\"https:\/\/www.instagram.com\/ou_miil\/\">Instagram<\/a><\/p>\n","protected":false},"excerpt":{"rendered":"<p>Containex Basic Containex toimisto- ja ty\u00f6maakontti 152224672 on perusmalli, 6 metri\u00e4 pitk\u00e4, 2,44 metri\u00e4 leve\u00e4 ja 2,6 metri\u00e4 korkea. Lattian kantavuus on 200kg\/m2, mutta sit\u00e4 voidaan lis\u00e4t\u00e4. L\u00e4mmittimet ovat aina korkealaatuisia ja CE-merkitty. Kiinte\u00e4 runko varmistetaan pulttiliitoksella, mik\u00e4 antaa suuren edun hitsattuihin runkoon verrattuna. Katto on valssattu ja tinattu tai maalattu pelti. Lattia on eristetty&#8230;<\/p>\n","protected":false},"featured_media":105728,"comment_status":"closed","ping_status":"closed","template":"","meta":{"_acf_changed":false},"product_cat":[343],"product_tag":[],"class_list":{"0":"post-105722","1":"product","2":"type-product","3":"status-publish","4":"has-post-thumbnail","6":"product_cat-eristekontit","8":"first","9":"outofstock","10":"shipping-taxable","11":"purchasable","12":"product-type-simple"},"acf":[],"yoast_head":"<!-- This site is optimized with the Yoast SEO Premium plugin v23.9 (Yoast SEO v27.5) - https:\/\/yoast.com\/product\/yoast-seo-premium-wordpress\/ -->\n<title>Containex toimisto- ja ty\u00f6maakontti 152224672 (vaurioitunut) - Miil O\u00dc<\/title>\n<meta name=\"description\" content=\"Containex Basic | Minitalot ja -m\u00f6kit | M\u00f6kkien vuokraus ja myynti | Kuljetus ja korjaukset | S\u00e4hk\u00f6ty\u00f6t ja l\u00e4mmitys \u2b50\ufe0f\u2b50\ufe0f\u2b50\ufe0f\u2b50\ufe0f\u2b50\ufe0f\" \/>\n<meta name=\"robots\" content=\"index, follow, max-snippet:-1, max-image-preview:large, max-video-preview:-1\" \/>\n<link rel=\"canonical\" href=\"https:\/\/miil.dev.almic.ee\/fi\/toode\/containex-toimisto-ja-tyomaakontti-152224672-vaurioitunut\/\" \/>\n<meta property=\"og:locale\" content=\"fi_FI\" \/>\n<meta property=\"og:type\" content=\"article\" \/>\n<meta property=\"og:title\" content=\"Containex toimisto- ja ty\u00f6maakontti 152224672 (vaurioitunut)\" \/>\n<meta property=\"og:description\" content=\"Containex Basic | Minitalot ja -m\u00f6kit | M\u00f6kkien vuokraus ja myynti | Kuljetus ja korjaukset | S\u00e4hk\u00f6ty\u00f6t ja l\u00e4mmitys \u2b50\ufe0f\u2b50\ufe0f\u2b50\ufe0f\u2b50\ufe0f\u2b50\ufe0f\" \/>\n<meta property=\"og:url\" content=\"https:\/\/miil.dev.almic.ee\/fi\/toode\/containex-toimisto-ja-tyomaakontti-152224672-vaurioitunut\/\" \/>\n<meta property=\"og:site_name\" content=\"Miil O\u00dc\" \/>\n<meta property=\"article:publisher\" content=\"https:\/\/www.facebook.com\/konteinerveod\/\" \/>\n<meta property=\"article:modified_time\" content=\"2025-07-03T12:56:33+00:00\" \/>\n<meta property=\"og:image\" content=\"https:\/\/miil.dev.almic.ee\/wp-content\/uploads\/2025\/07\/Containex-Basic-kahjustatud-1-scaled.jpg\" \/>\n\t<meta property=\"og:image:width\" content=\"1900\" \/>\n\t<meta property=\"og:image:height\" content=\"1425\" \/>\n\t<meta property=\"og:image:type\" content=\"image\/jpeg\" \/>\n<meta name=\"twitter:card\" content=\"summary_large_image\" \/>\n<meta name=\"twitter:label1\" content=\"Hinta\" \/>\n\t<meta name=\"twitter:data1\" content=\"3990,00&nbsp;&euro;\" \/>\n\t<meta name=\"twitter:label2\" content=\"Saatavuus\" \/>\n\t<meta name=\"twitter:data2\" content=\"Loppu varastosta\" \/>\n<script type=\"application\/ld+json\" class=\"yoast-schema-graph\">{\"@context\":\"https:\\\/\\\/schema.org\",\"@graph\":[{\"@type\":\"WebPage\",\"@id\":\"https:\\\/\\\/miil.dev.almic.ee\\\/fi\\\/toode\\\/containex-toimisto-ja-tyomaakontti-152224672-vaurioitunut\\\/\",\"url\":\"https:\\\/\\\/miil.dev.almic.ee\\\/fi\\\/toode\\\/containex-toimisto-ja-tyomaakontti-152224672-vaurioitunut\\\/\",\"name\":\"Containex toimisto- ja ty\u00f6maakontti 152224672 (vaurioitunut) - Miil O\u00dc\",\"isPartOf\":{\"@id\":\"https:\\\/\\\/miil.dev.almic.ee\\\/#website\"},\"primaryImageOfPage\":{\"@id\":\"https:\\\/\\\/miil.dev.almic.ee\\\/fi\\\/toode\\\/containex-toimisto-ja-tyomaakontti-152224672-vaurioitunut\\\/#primaryimage\"},\"image\":{\"@id\":\"https:\\\/\\\/miil.dev.almic.ee\\\/fi\\\/toode\\\/containex-toimisto-ja-tyomaakontti-152224672-vaurioitunut\\\/#primaryimage\"},\"thumbnailUrl\":\"https:\\\/\\\/miil.dev.almic.ee\\\/wp-content\\\/uploads\\\/2025\\\/07\\\/Containex-Basic-kahjustatud-1-scaled.jpg\",\"datePublished\":\"2025-07-03T12:46:36+00:00\",\"dateModified\":\"2025-07-03T12:56:33+00:00\",\"description\":\"Containex Basic | Minitalot ja -m\u00f6kit | M\u00f6kkien vuokraus ja myynti | Kuljetus ja korjaukset | S\u00e4hk\u00f6ty\u00f6t ja l\u00e4mmitys \u2b50\ufe0f\u2b50\ufe0f\u2b50\ufe0f\u2b50\ufe0f\u2b50\ufe0f\",\"breadcrumb\":{\"@id\":\"https:\\\/\\\/miil.dev.almic.ee\\\/fi\\\/toode\\\/containex-toimisto-ja-tyomaakontti-152224672-vaurioitunut\\\/#breadcrumb\"},\"inLanguage\":\"fi\",\"potentialAction\":[{\"@type\":\"ReadAction\",\"target\":[\"https:\\\/\\\/miil.dev.almic.ee\\\/fi\\\/toode\\\/containex-toimisto-ja-tyomaakontti-152224672-vaurioitunut\\\/\"]}]},{\"@type\":\"ImageObject\",\"inLanguage\":\"fi\",\"@id\":\"https:\\\/\\\/miil.dev.almic.ee\\\/fi\\\/toode\\\/containex-toimisto-ja-tyomaakontti-152224672-vaurioitunut\\\/#primaryimage\",\"url\":\"https:\\\/\\\/miil.dev.almic.ee\\\/wp-content\\\/uploads\\\/2025\\\/07\\\/Containex-Basic-kahjustatud-1-scaled.jpg\",\"contentUrl\":\"https:\\\/\\\/miil.dev.almic.ee\\\/wp-content\\\/uploads\\\/2025\\\/07\\\/Containex-Basic-kahjustatud-1-scaled.jpg\",\"width\":1900,\"height\":1425},{\"@type\":\"BreadcrumbList\",\"@id\":\"https:\\\/\\\/miil.dev.almic.ee\\\/fi\\\/toode\\\/containex-toimisto-ja-tyomaakontti-152224672-vaurioitunut\\\/#breadcrumb\",\"itemListElement\":[{\"@type\":\"ListItem\",\"position\":1,\"name\":\"Home\",\"item\":\"https:\\\/\\\/miil.dev.almic.ee\\\/fi\\\/\"},{\"@type\":\"ListItem\",\"position\":2,\"name\":\"Kauppa\",\"item\":\"https:\\\/\\\/miil.dev.almic.ee\\\/fi\\\/kauppa\\\/\"},{\"@type\":\"ListItem\",\"position\":3,\"name\":\"Containex toimisto- ja ty\u00f6maakontti 152224672 (vaurioitunut)\"}]},{\"@type\":\"WebSite\",\"@id\":\"https:\\\/\\\/miil.dev.almic.ee\\\/#website\",\"url\":\"https:\\\/\\\/miil.dev.almic.ee\\\/\",\"name\":\"Miil O\u00dc\",\"description\":\"Konteinerveod\",\"publisher\":{\"@id\":\"https:\\\/\\\/miil.dev.almic.ee\\\/#organization\"},\"potentialAction\":[{\"@type\":\"SearchAction\",\"target\":{\"@type\":\"EntryPoint\",\"urlTemplate\":\"https:\\\/\\\/miil.dev.almic.ee\\\/?s={search_term_string}\"},\"query-input\":{\"@type\":\"PropertyValueSpecification\",\"valueRequired\":true,\"valueName\":\"search_term_string\"}}],\"inLanguage\":\"fi\"},{\"@type\":\"Organization\",\"@id\":\"https:\\\/\\\/miil.dev.almic.ee\\\/#organization\",\"name\":\"Miil O\u00dc\",\"url\":\"https:\\\/\\\/miil.dev.almic.ee\\\/\",\"logo\":{\"@type\":\"ImageObject\",\"inLanguage\":\"fi\",\"@id\":\"https:\\\/\\\/miil.dev.almic.ee\\\/#\\\/schema\\\/logo\\\/image\\\/\",\"url\":\"https:\\\/\\\/www.miil.ee\\\/wp-content\\\/uploads\\\/2022\\\/02\\\/Miil-logo.svg\",\"contentUrl\":\"https:\\\/\\\/www.miil.ee\\\/wp-content\\\/uploads\\\/2022\\\/02\\\/Miil-logo.svg\",\"width\":\"1024\",\"height\":\"1024\",\"caption\":\"Miil O\u00dc\"},\"image\":{\"@id\":\"https:\\\/\\\/miil.dev.almic.ee\\\/#\\\/schema\\\/logo\\\/image\\\/\"},\"sameAs\":[\"https:\\\/\\\/www.facebook.com\\\/konteinerveod\\\/\",\"https:\\\/\\\/www.instagram.com\\\/ou_miil\\\/\"]}]}<\/script>\n<meta property=\"product:price:amount\" content=\"3990.00\" \/>\n<meta property=\"product:price:currency\" content=\"EUR\" \/>\n<meta property=\"og:availability\" content=\"out of stock\" \/>\n<meta property=\"product:availability\" content=\"out of stock\" \/>\n<meta property=\"product:retailer_item_id\" content=\"152224672\" \/>\n<meta property=\"product:condition\" content=\"new\" \/>\n<!-- \/ Yoast SEO Premium plugin. -->","yoast_head_json":{"title":"Containex toimisto- ja ty\u00f6maakontti 152224672 (vaurioitunut) - Miil O\u00dc","description":"Containex Basic | Minitalot ja -m\u00f6kit | M\u00f6kkien vuokraus ja myynti | Kuljetus ja korjaukset | S\u00e4hk\u00f6ty\u00f6t ja l\u00e4mmitys \u2b50\ufe0f\u2b50\ufe0f\u2b50\ufe0f\u2b50\ufe0f\u2b50\ufe0f","robots":{"index":"index","follow":"follow","max-snippet":"max-snippet:-1","max-image-preview":"max-image-preview:large","max-video-preview":"max-video-preview:-1"},"canonical":"https:\/\/miil.dev.almic.ee\/fi\/toode\/containex-toimisto-ja-tyomaakontti-152224672-vaurioitunut\/","og_locale":"fi_FI","og_type":"article","og_title":"Containex toimisto- ja ty\u00f6maakontti 152224672 (vaurioitunut)","og_description":"Containex Basic | Minitalot ja -m\u00f6kit | M\u00f6kkien vuokraus ja myynti | Kuljetus ja korjaukset | S\u00e4hk\u00f6ty\u00f6t ja l\u00e4mmitys \u2b50\ufe0f\u2b50\ufe0f\u2b50\ufe0f\u2b50\ufe0f\u2b50\ufe0f","og_url":"https:\/\/miil.dev.almic.ee\/fi\/toode\/containex-toimisto-ja-tyomaakontti-152224672-vaurioitunut\/","og_site_name":"Miil O\u00dc","article_publisher":"https:\/\/www.facebook.com\/konteinerveod\/","article_modified_time":"2025-07-03T12:56:33+00:00","og_image":[{"width":1900,"height":1425,"url":"https:\/\/miil.dev.almic.ee\/wp-content\/uploads\/2025\/07\/Containex-Basic-kahjustatud-1-scaled.jpg","type":"image\/jpeg"}],"twitter_card":"summary_large_image","twitter_misc":{"Hinta":"3990,00&nbsp;&euro;","Saatavuus":"Loppu varastosta"},"schema":{"@context":"https:\/\/schema.org","@graph":[{"@type":"WebPage","@id":"https:\/\/miil.dev.almic.ee\/fi\/toode\/containex-toimisto-ja-tyomaakontti-152224672-vaurioitunut\/","url":"https:\/\/miil.dev.almic.ee\/fi\/toode\/containex-toimisto-ja-tyomaakontti-152224672-vaurioitunut\/","name":"Containex toimisto- ja ty\u00f6maakontti 152224672 (vaurioitunut) - Miil O\u00dc","isPartOf":{"@id":"https:\/\/miil.dev.almic.ee\/#website"},"primaryImageOfPage":{"@id":"https:\/\/miil.dev.almic.ee\/fi\/toode\/containex-toimisto-ja-tyomaakontti-152224672-vaurioitunut\/#primaryimage"},"image":{"@id":"https:\/\/miil.dev.almic.ee\/fi\/toode\/containex-toimisto-ja-tyomaakontti-152224672-vaurioitunut\/#primaryimage"},"thumbnailUrl":"https:\/\/miil.dev.almic.ee\/wp-content\/uploads\/2025\/07\/Containex-Basic-kahjustatud-1-scaled.jpg","datePublished":"2025-07-03T12:46:36+00:00","dateModified":"2025-07-03T12:56:33+00:00","description":"Containex Basic | Minitalot ja -m\u00f6kit | M\u00f6kkien vuokraus ja myynti | Kuljetus ja korjaukset | S\u00e4hk\u00f6ty\u00f6t ja l\u00e4mmitys \u2b50\ufe0f\u2b50\ufe0f\u2b50\ufe0f\u2b50\ufe0f\u2b50\ufe0f","breadcrumb":{"@id":"https:\/\/miil.dev.almic.ee\/fi\/toode\/containex-toimisto-ja-tyomaakontti-152224672-vaurioitunut\/#breadcrumb"},"inLanguage":"fi","potentialAction":[{"@type":"ReadAction","target":["https:\/\/miil.dev.almic.ee\/fi\/toode\/containex-toimisto-ja-tyomaakontti-152224672-vaurioitunut\/"]}]},{"@type":"ImageObject","inLanguage":"fi","@id":"https:\/\/miil.dev.almic.ee\/fi\/toode\/containex-toimisto-ja-tyomaakontti-152224672-vaurioitunut\/#primaryimage","url":"https:\/\/miil.dev.almic.ee\/wp-content\/uploads\/2025\/07\/Containex-Basic-kahjustatud-1-scaled.jpg","contentUrl":"https:\/\/miil.dev.almic.ee\/wp-content\/uploads\/2025\/07\/Containex-Basic-kahjustatud-1-scaled.jpg","width":1900,"height":1425},{"@type":"BreadcrumbList","@id":"https:\/\/miil.dev.almic.ee\/fi\/toode\/containex-toimisto-ja-tyomaakontti-152224672-vaurioitunut\/#breadcrumb","itemListElement":[{"@type":"ListItem","position":1,"name":"Home","item":"https:\/\/miil.dev.almic.ee\/fi\/"},{"@type":"ListItem","position":2,"name":"Kauppa","item":"https:\/\/miil.dev.almic.ee\/fi\/kauppa\/"},{"@type":"ListItem","position":3,"name":"Containex toimisto- ja ty\u00f6maakontti 152224672 (vaurioitunut)"}]},{"@type":"WebSite","@id":"https:\/\/miil.dev.almic.ee\/#website","url":"https:\/\/miil.dev.almic.ee\/","name":"Miil O\u00dc","description":"Konteinerveod","publisher":{"@id":"https:\/\/miil.dev.almic.ee\/#organization"},"potentialAction":[{"@type":"SearchAction","target":{"@type":"EntryPoint","urlTemplate":"https:\/\/miil.dev.almic.ee\/?s={search_term_string}"},"query-input":{"@type":"PropertyValueSpecification","valueRequired":true,"valueName":"search_term_string"}}],"inLanguage":"fi"},{"@type":"Organization","@id":"https:\/\/miil.dev.almic.ee\/#organization","name":"Miil O\u00dc","url":"https:\/\/miil.dev.almic.ee\/","logo":{"@type":"ImageObject","inLanguage":"fi","@id":"https:\/\/miil.dev.almic.ee\/#\/schema\/logo\/image\/","url":"https:\/\/www.miil.ee\/wp-content\/uploads\/2022\/02\/Miil-logo.svg","contentUrl":"https:\/\/www.miil.ee\/wp-content\/uploads\/2022\/02\/Miil-logo.svg","width":"1024","height":"1024","caption":"Miil O\u00dc"},"image":{"@id":"https:\/\/miil.dev.almic.ee\/#\/schema\/logo\/image\/"},"sameAs":["https:\/\/www.facebook.com\/konteinerveod\/","https:\/\/www.instagram.com\/ou_miil\/"]}]},"product_price_amount":"3990.00","product_price_currency":"EUR","og_availability":"out of stock","product_availability":"out of stock","product_retailer_item_id":"152224672","product_condition":"new"},"_links":{"self":[{"href":"https:\/\/miil.dev.almic.ee\/fi\/wp-json\/wp\/v2\/product\/105722","targetHints":{"allow":["GET"]}}],"collection":[{"href":"https:\/\/miil.dev.almic.ee\/fi\/wp-json\/wp\/v2\/product"}],"about":[{"href":"https:\/\/miil.dev.almic.ee\/fi\/wp-json\/wp\/v2\/types\/product"}],"replies":[{"embeddable":true,"href":"https:\/\/miil.dev.almic.ee\/fi\/wp-json\/wp\/v2\/comments?post=105722"}],"wp:featuredmedia":[{"embeddable":true,"href":"https:\/\/miil.dev.almic.ee\/fi\/wp-json\/wp\/v2\/media\/105728"}],"wp:attachment":[{"href":"https:\/\/miil.dev.almic.ee\/fi\/wp-json\/wp\/v2\/media?parent=105722"}],"wp:term":[{"taxonomy":"product_cat","embeddable":true,"href":"https:\/\/miil.dev.almic.ee\/fi\/wp-json\/wp\/v2\/product_cat?post=105722"},{"taxonomy":"product_tag","embeddable":true,"href":"https:\/\/miil.dev.almic.ee\/fi\/wp-json\/wp\/v2\/product_tag?post=105722"}],"curies":[{"name":"wp","href":"https:\/\/api.w.org\/{rel}","templated":true}]}}